{"id":7335,"date":"2025-05-15T15:43:45","date_gmt":"2025-05-15T13:43:45","guid":{"rendered":"https:\/\/mineraleslunallena.com\/?post_type=product&#038;p=7335"},"modified":"2025-12-30T15:17:13","modified_gmt":"2025-12-30T14:17:13","slug":"sorteo-amatista-drusa-7-77","status":"publish","type":"product","link":"https:\/\/mineraleslunallena.com\/ca\/producte\/sorteo-amatista-drusa-7-77\/","title":{"rendered":"SORTEO ESPECIAL AMATISTA DRUSA 7-77 N\u00fameros del 1 al 50"},"content":{"rendered":"<p data-start=\"101\" data-end=\"256\">\ud83c\udf89 <strong data-start=\"104\" data-end=\"158\">SORTEO ESPECIAL AMATISTA \u2013 100 N\u00daMEROS DISPONIBLES<\/strong> \ud83d\udc9c<br data-start=\"161\" data-end=\"164\" \/>\u00a1Participa\u00a0 por <strong>s\u00f3lo 7,77 \u20ac\u00a0 la participaci\u00f3n<\/strong> y entra en el sorteo de esta preciosa <strong>Amatista natural<\/strong>!<\/p>\n<p data-start=\"258\" data-end=\"331\">\ud83d\udcc5 <strong data-start=\"261\" data-end=\"331\">El sorteo se realizar\u00e1 en cuanto se hayan vendido los 100 n\u00fameros.<\/strong><\/p>\n<hr data-start=\"333\" data-end=\"336\" \/>\n<p data-start=\"338\" data-end=\"517\">\ud83d\udd2e <strong data-start=\"341\" data-end=\"363\">\u00bfQU\u00c9 PUEDES GANAR?<\/strong><br data-start=\"363\" data-end=\"366\" \/>Un impresionante ejemplar de <strong>Amatista<\/strong> de colecci\u00f3n (foto incluida), ideal para armonizar espacios, proteger tu energ\u00eda y conectar con tu intuici\u00f3n.<\/p>\n<hr data-start=\"519\" data-end=\"522\" \/>\n<p data-start=\"524\" data-end=\"857\">\ud83c\udf81 <strong data-start=\"527\" data-end=\"544\">\u00a1TODOS GANAN!<\/strong><br data-start=\"544\" data-end=\"547\" \/>Por cada n\u00famero adquirido, recibir\u00e1s <strong data-start=\"584\" data-end=\"617\">un regalo aleatorio asegurado<\/strong> con tu siguiente pedido, al realizar el sorteo, como muestra de nuestro agradecimiento.<br data-start=\"682\" data-end=\"685\" \/>Los posibles regalos son:<br data-start=\"710\" data-end=\"713\" \/>\u2728 1 rodado de selenita<br data-start=\"735\" data-end=\"738\" \/>\u2728 1 rodado de selenita naranja<br data-start=\"768\" data-end=\"771\" \/>\u2728 1 coraz\u00f3n de selenita<br data-start=\"794\" data-end=\"797\" \/>\u2728 1 torre baby de selenita<br data-start=\"823\" data-end=\"826\" \/>\u2728 1 coraz\u00f3n de selenita naranja<\/p>\n<hr data-start=\"859\" data-end=\"862\" \/>\n<p data-start=\"864\" data-end=\"888\">\ud83e\uddff <strong data-start=\"867\" data-end=\"886\">\u00bfC\u00f3mo funciona?<\/strong><\/p>\n<ul data-start=\"889\" data-end=\"1112\">\n<li data-start=\"889\" data-end=\"937\">\n<p data-start=\"891\" data-end=\"937\">Elige tu n\u00famero del 1 al 50 o del 51 al 100.<\/p>\n<\/li>\n<li data-start=\"938\" data-end=\"979\">\n<p data-start=\"940\" data-end=\"979\">Cada n\u00famero tiene un coste simb\u00f3lico.<\/p>\n<\/li>\n<li data-start=\"980\" data-end=\"1046\">\n<p data-start=\"982\" data-end=\"1046\">Cuando se vendan los 100, realizaremos el sorteo p\u00fablicamente.<\/p>\n<\/li>\n<li data-start=\"1047\" data-end=\"1112\">\n<p data-start=\"1049\" data-end=\"1112\">Te enviaremos tu regalo con el siguiente pedido que realices, desde que se celebre el sorteo.<\/p>\n<\/li>\n<\/ul>\n<hr data-start=\"1114\" data-end=\"1117\" \/>\n<p data-start=\"1119\" data-end=\"1244\">\ud83d\udc9c Lo hacemos con mucho cari\u00f1o y gratitud por tu apoyo a nuestro proyecto.<br data-start=\"1193\" data-end=\"1196\" \/>Gracias por ser parte de esta comunidad m\u00e1gica \u2728<\/p>","protected":false},"excerpt":{"rendered":"<p data-start=\"101\" data-end=\"256\">\ud83c\udf89 <strong data-start=\"104\" data-end=\"158\">SORTEO ESPECIAL AMATISTA \u2013 100 N\u00daMEROS DISPONIBLES<\/strong> \ud83d\udc9c<br data-start=\"161\" data-end=\"164\" \/>\u00a1Participa\u00a0 por <strong>s\u00f3lo 7,77 \u20ac\u00a0 la participaci\u00f3n<\/strong> y entra en el sorteo de esta preciosa <strong>Amatista natural<\/strong>!<\/p>\n<p data-start=\"258\" data-end=\"331\">\ud83d\udcc5 <strong data-start=\"261\" data-end=\"331\">El sorteo se realizar\u00e1 en cuanto se hayan vendido los 100 n\u00fameros.<\/strong><\/p>\n<hr data-start=\"333\" data-end=\"336\" \/>\n<p data-start=\"338\" data-end=\"517\">\ud83d\udd2e <strong data-start=\"341\" data-end=\"363\">\u00bfQU\u00c9 PUEDES GANAR?<\/strong><br data-start=\"363\" data-end=\"366\" \/>Un impresionante ejemplar de <strong>Amatista<\/strong> de colecci\u00f3n (foto incluida), ideal para armonizar espacios, proteger tu energ\u00eda y conectar con tu intuici\u00f3n.<\/p>\n<hr data-start=\"519\" data-end=\"522\" \/>\n<p data-start=\"524\" data-end=\"857\">\ud83c\udf81 <strong data-start=\"527\" data-end=\"544\">\u00a1TODOS GANAN!<\/strong><br data-start=\"544\" data-end=\"547\" \/>Por cada n\u00famero adquirido, recibir\u00e1s <strong data-start=\"584\" data-end=\"617\">un regalo aleatorio asegurado<\/strong> con tu siguiente pedido, al realizar el sorteo, como muestra de nuestro agradecimiento.<br data-start=\"682\" data-end=\"685\" \/>Los posibles regalos son:<br data-start=\"710\" data-end=\"713\" \/>\u2728 1 rodado de selenita<br data-start=\"735\" data-end=\"738\" \/>\u2728 1 rodado de selenita naranja<br data-start=\"768\" data-end=\"771\" \/>\u2728 1 coraz\u00f3n de selenita<br data-start=\"794\" data-end=\"797\" \/>\u2728 1 torre baby de selenita<br data-start=\"823\" data-end=\"826\" \/>\u2728 1 coraz\u00f3n de selenita naranja<\/p>\n<hr data-start=\"859\" data-end=\"862\" \/>\n<p data-start=\"864\" data-end=\"888\">\ud83e\uddff <strong data-start=\"867\" data-end=\"886\">\u00bfC\u00f3mo funciona?<\/strong><\/p>\n<ul data-start=\"889\" data-end=\"1112\">\n<li data-start=\"889\" data-end=\"937\">\n<p data-start=\"891\" data-end=\"937\">Elige tu n\u00famero del 1 al 50 o del 51 al 100.<\/p>\n<\/li>\n<li data-start=\"938\" data-end=\"979\">\n<p data-start=\"940\" data-end=\"979\">Cada n\u00famero tiene un coste simb\u00f3lico.<\/p>\n<\/li>\n<li data-start=\"980\" data-end=\"1046\">\n<p data-start=\"982\" data-end=\"1046\">Cuando se vendan los 100, realizaremos el sorteo p\u00fablicamente.<\/p>\n<\/li>\n<li data-start=\"1047\" data-end=\"1112\">\n<p data-start=\"1049\" data-end=\"1112\">Te enviaremos tu regalo con el siguiente pedido que realices, desde que se celebre el sorteo.<\/p>\n<\/li>\n<\/ul>\n<hr data-start=\"1114\" data-end=\"1117\" \/>\n<p data-start=\"1119\" data-end=\"1244\">\ud83d\udc9c Lo hacemos con mucho cari\u00f1o y gratitud por tu apoyo a nuestro proyecto.<br data-start=\"1193\" data-end=\"1196\" \/>Gracias por ser parte de esta comunidad m\u00e1gica \u2728<\/p>","protected":false},"featured_media":7505,"template":"","meta":[],"product_cat":[129,15],"product_tag":[],"class_list":{"0":"post-7335","1":"product","2":"type-product","3":"status-publish","4":"has-post-thumbnail","6":"product_cat-pedidos-directos","7":"product_cat-uncategorized","9":"first","10":"instock","11":"taxable","12":"shipping-taxable","13":"purchasable","14":"product-type-variable"},"yoast_head":"<!-- This site is optimized with the Yoast SEO plugin v27.3 - https:\/\/yoast.com\/product\/yoast-seo-wordpress\/ -->\n<title>SORTEO ESPECIAL AMATISTA DRUSA 7-77 N\u00fameros del 1 al 50 - MINERALES LUNA LLENA<\/title>\n<meta name=\"robots\" content=\"index, follow, max-snippet:-1, max-image-preview:large, max-video-preview:-1\" \/>\n<link rel=\"canonical\" href=\"https:\/\/mineraleslunallena.com\/ca\/producte\/sorteo-amatista-drusa-7-77\/\" \/>\n<meta property=\"og:locale\" content=\"ca_ES\" \/>\n<meta property=\"og:type\" content=\"article\" \/>\n<meta property=\"og:title\" content=\"SORTEO ESPECIAL AMATISTA DRUSA 7-77 N\u00fameros del 1 al 50 - MINERALES LUNA LLENA\" \/>\n<meta property=\"og:description\" content=\"\ud83c\udf89 SORTEO ESPECIAL AMATISTA \u2013 100 N\u00daMEROS DISPONIBLES \ud83d\udc9c\u00a1Participa\u00a0 por s\u00f3lo 7,77 \u20ac\u00a0 la participaci\u00f3n y entra en el sorteo de esta preciosa Amatista natural! \ud83d\udcc5 El sorteo se realizar\u00e1 en cuanto se hayan vendido los 100 n\u00fameros.    \ud83d\udd2e \u00bfQU\u00c9 PUEDES GANAR?Un impresionante ejemplar de Amatista de colecci\u00f3n (foto incluida), ideal para armonizar espacios, proteger tu energ\u00eda y conectar con tu intuici\u00f3n.    \ud83c\udf81 \u00a1TODOS GANAN!Por cada n\u00famero adquirido, recibir\u00e1s un regalo aleatorio asegurado con tu siguiente pedido, al realizar el sorteo, como muestra de nuestro agradecimiento.Los posibles regalos son:\u2728 1 rodado de selenita\u2728 1 rodado de selenita naranja\u2728 1 coraz\u00f3n de selenita\u2728 1 torre baby de selenita\u2728 1 coraz\u00f3n de selenita naranja    \ud83e\uddff \u00bfC\u00f3mo funciona?     Elige tu n\u00famero del 1 al 50 o del 51 al 100.    Cada n\u00famero tiene un coste simb\u00f3lico.    Cuando se vendan los 100, realizaremos el sorteo p\u00fablicamente.    Te enviaremos tu regalo con el siguiente pedido que realices, desde que se celebre el sorteo.     \ud83d\udc9c Lo hacemos con mucho cari\u00f1o y gratitud por tu apoyo a nuestro proyecto.Gracias por ser parte de esta comunidad m\u00e1gica \u2728\" \/>\n<meta property=\"og:url\" content=\"https:\/\/mineraleslunallena.com\/ca\/producte\/sorteo-amatista-drusa-7-77\/\" \/>\n<meta property=\"og:site_name\" content=\"MINERALES LUNA LLENA\" \/>\n<meta property=\"article:modified_time\" content=\"2025-12-30T14:17:13+00:00\" \/>\n<meta property=\"og:image\" content=\"https:\/\/mineraleslunallena.com\/wp-content\/uploads\/2025\/05\/Screenshot_2025-05-21-23-04-08-527_com.miui_.videoplayer-scaled.jpg\" \/>\n\t<meta property=\"og:image:width\" content=\"1152\" \/>\n\t<meta property=\"og:image:height\" content=\"2560\" \/>\n\t<meta property=\"og:image:type\" content=\"image\/jpeg\" \/>\n<meta name=\"twitter:card\" content=\"summary_large_image\" \/>\n<meta name=\"twitter:label1\" content=\"Temps estimat de lectura\" \/>\n\t<meta name=\"twitter:data1\" content=\"2 minuts\" \/>\n<script type=\"application\/ld+json\" class=\"yoast-schema-graph\">{\"@context\":\"https:\\\/\\\/schema.org\",\"@graph\":[{\"@type\":\"WebPage\",\"@id\":\"https:\\\/\\\/mineraleslunallena.com\\\/producto\\\/sorteo-amatista-drusa-7-77\\\/\",\"url\":\"https:\\\/\\\/mineraleslunallena.com\\\/producto\\\/sorteo-amatista-drusa-7-77\\\/\",\"name\":\"SORTEO ESPECIAL AMATISTA DRUSA 7-77 N\u00fameros del 1 al 50 - MINERALES LUNA LLENA\",\"isPartOf\":{\"@id\":\"https:\\\/\\\/mineraleslunallena.com\\\/#website\"},\"primaryImageOfPage\":{\"@id\":\"https:\\\/\\\/mineraleslunallena.com\\\/producto\\\/sorteo-amatista-drusa-7-77\\\/#primaryimage\"},\"image\":{\"@id\":\"https:\\\/\\\/mineraleslunallena.com\\\/producto\\\/sorteo-amatista-drusa-7-77\\\/#primaryimage\"},\"thumbnailUrl\":\"https:\\\/\\\/mineraleslunallena.com\\\/wp-content\\\/uploads\\\/2025\\\/05\\\/Screenshot_2025-05-21-23-04-08-527_com.miui_.videoplayer-scaled.jpg\",\"datePublished\":\"2025-05-15T13:43:45+00:00\",\"dateModified\":\"2025-12-30T14:17:13+00:00\",\"breadcrumb\":{\"@id\":\"https:\\\/\\\/mineraleslunallena.com\\\/producto\\\/sorteo-amatista-drusa-7-77\\\/#breadcrumb\"},\"inLanguage\":\"ca\",\"potentialAction\":[{\"@type\":\"ReadAction\",\"target\":[\"https:\\\/\\\/mineraleslunallena.com\\\/producto\\\/sorteo-amatista-drusa-7-77\\\/\"]}]},{\"@type\":\"ImageObject\",\"inLanguage\":\"ca\",\"@id\":\"https:\\\/\\\/mineraleslunallena.com\\\/producto\\\/sorteo-amatista-drusa-7-77\\\/#primaryimage\",\"url\":\"https:\\\/\\\/mineraleslunallena.com\\\/wp-content\\\/uploads\\\/2025\\\/05\\\/Screenshot_2025-05-21-23-04-08-527_com.miui_.videoplayer-scaled.jpg\",\"contentUrl\":\"https:\\\/\\\/mineraleslunallena.com\\\/wp-content\\\/uploads\\\/2025\\\/05\\\/Screenshot_2025-05-21-23-04-08-527_com.miui_.videoplayer-scaled.jpg\",\"width\":1152,\"height\":2560},{\"@type\":\"BreadcrumbList\",\"@id\":\"https:\\\/\\\/mineraleslunallena.com\\\/producto\\\/sorteo-amatista-drusa-7-77\\\/#breadcrumb\",\"itemListElement\":[{\"@type\":\"ListItem\",\"position\":1,\"name\":\"Portada\",\"item\":\"https:\\\/\\\/mineraleslunallena.com\\\/\"},{\"@type\":\"ListItem\",\"position\":2,\"name\":\"Shop\",\"item\":\"https:\\\/\\\/mineraleslunallena.com\\\/ca\\\/shop\\\/\"},{\"@type\":\"ListItem\",\"position\":3,\"name\":\"SORTEO ESPECIAL AMATISTA DRUSA 7-77 N\u00fameros del 1 al 50\"}]},{\"@type\":\"WebSite\",\"@id\":\"https:\\\/\\\/mineraleslunallena.com\\\/#website\",\"url\":\"https:\\\/\\\/mineraleslunallena.com\\\/\",\"name\":\"LUNA LLENA MINERALES\",\"description\":\"Es el momento de conectarte con tu propio poder y confiar en tus habilidades.\",\"publisher\":{\"@id\":\"https:\\\/\\\/mineraleslunallena.com\\\/#organization\"},\"potentialAction\":[{\"@type\":\"SearchAction\",\"target\":{\"@type\":\"EntryPoint\",\"urlTemplate\":\"https:\\\/\\\/mineraleslunallena.com\\\/?s={search_term_string}\"},\"query-input\":{\"@type\":\"PropertyValueSpecification\",\"valueRequired\":true,\"valueName\":\"search_term_string\"}}],\"inLanguage\":\"ca\"},{\"@type\":\"Organization\",\"@id\":\"https:\\\/\\\/mineraleslunallena.com\\\/#organization\",\"name\":\"LUNA LLENA MINERALES\",\"url\":\"https:\\\/\\\/mineraleslunallena.com\\\/\",\"logo\":{\"@type\":\"ImageObject\",\"inLanguage\":\"ca\",\"@id\":\"https:\\\/\\\/mineraleslunallena.com\\\/#\\\/schema\\\/logo\\\/image\\\/\",\"url\":\"https:\\\/\\\/mineraleslunallena.com\\\/wp-content\\\/uploads\\\/2023\\\/07\\\/LUNA-LLENA-LOGO-nuevo.png\",\"contentUrl\":\"https:\\\/\\\/mineraleslunallena.com\\\/wp-content\\\/uploads\\\/2023\\\/07\\\/LUNA-LLENA-LOGO-nuevo.png\",\"width\":229,\"height\":167,\"caption\":\"LUNA LLENA MINERALES\"},\"image\":{\"@id\":\"https:\\\/\\\/mineraleslunallena.com\\\/#\\\/schema\\\/logo\\\/image\\\/\"}}]}<\/script>\n<!-- \/ Yoast SEO plugin. -->","yoast_head_json":{"title":"SORTEO ESPECIAL AMATISTA DRUSA 7-77 N\u00fameros del 1 al 50 - MINERALES LUNA LLENA","robots":{"index":"index","follow":"follow","max-snippet":"max-snippet:-1","max-image-preview":"max-image-preview:large","max-video-preview":"max-video-preview:-1"},"canonical":"https:\/\/mineraleslunallena.com\/ca\/producte\/sorteo-amatista-drusa-7-77\/","og_locale":"ca_ES","og_type":"article","og_title":"SORTEO ESPECIAL AMATISTA DRUSA 7-77 N\u00fameros del 1 al 50 - MINERALES LUNA LLENA","og_description":"\ud83c\udf89 SORTEO ESPECIAL AMATISTA \u2013 100 N\u00daMEROS DISPONIBLES \ud83d\udc9c\u00a1Participa\u00a0 por s\u00f3lo 7,77 \u20ac\u00a0 la participaci\u00f3n y entra en el sorteo de esta preciosa Amatista natural! \ud83d\udcc5 El sorteo se realizar\u00e1 en cuanto se hayan vendido los 100 n\u00fameros.    \ud83d\udd2e \u00bfQU\u00c9 PUEDES GANAR?Un impresionante ejemplar de Amatista de colecci\u00f3n (foto incluida), ideal para armonizar espacios, proteger tu energ\u00eda y conectar con tu intuici\u00f3n.    \ud83c\udf81 \u00a1TODOS GANAN!Por cada n\u00famero adquirido, recibir\u00e1s un regalo aleatorio asegurado con tu siguiente pedido, al realizar el sorteo, como muestra de nuestro agradecimiento.Los posibles regalos son:\u2728 1 rodado de selenita\u2728 1 rodado de selenita naranja\u2728 1 coraz\u00f3n de selenita\u2728 1 torre baby de selenita\u2728 1 coraz\u00f3n de selenita naranja    \ud83e\uddff \u00bfC\u00f3mo funciona?     Elige tu n\u00famero del 1 al 50 o del 51 al 100.    Cada n\u00famero tiene un coste simb\u00f3lico.    Cuando se vendan los 100, realizaremos el sorteo p\u00fablicamente.    Te enviaremos tu regalo con el siguiente pedido que realices, desde que se celebre el sorteo.     \ud83d\udc9c Lo hacemos con mucho cari\u00f1o y gratitud por tu apoyo a nuestro proyecto.Gracias por ser parte de esta comunidad m\u00e1gica \u2728","og_url":"https:\/\/mineraleslunallena.com\/ca\/producte\/sorteo-amatista-drusa-7-77\/","og_site_name":"MINERALES LUNA LLENA","article_modified_time":"2025-12-30T14:17:13+00:00","og_image":[{"width":1152,"height":2560,"url":"https:\/\/mineraleslunallena.com\/wp-content\/uploads\/2025\/05\/Screenshot_2025-05-21-23-04-08-527_com.miui_.videoplayer-scaled.jpg","type":"image\/jpeg"}],"twitter_card":"summary_large_image","twitter_misc":{"Temps estimat de lectura":"2 minuts"},"schema":{"@context":"https:\/\/schema.org","@graph":[{"@type":"WebPage","@id":"https:\/\/mineraleslunallena.com\/producto\/sorteo-amatista-drusa-7-77\/","url":"https:\/\/mineraleslunallena.com\/producto\/sorteo-amatista-drusa-7-77\/","name":"SORTEO ESPECIAL AMATISTA DRUSA 7-77 N\u00fameros del 1 al 50 - MINERALES LUNA LLENA","isPartOf":{"@id":"https:\/\/mineraleslunallena.com\/#website"},"primaryImageOfPage":{"@id":"https:\/\/mineraleslunallena.com\/producto\/sorteo-amatista-drusa-7-77\/#primaryimage"},"image":{"@id":"https:\/\/mineraleslunallena.com\/producto\/sorteo-amatista-drusa-7-77\/#primaryimage"},"thumbnailUrl":"https:\/\/mineraleslunallena.com\/wp-content\/uploads\/2025\/05\/Screenshot_2025-05-21-23-04-08-527_com.miui_.videoplayer-scaled.jpg","datePublished":"2025-05-15T13:43:45+00:00","dateModified":"2025-12-30T14:17:13+00:00","breadcrumb":{"@id":"https:\/\/mineraleslunallena.com\/producto\/sorteo-amatista-drusa-7-77\/#breadcrumb"},"inLanguage":"ca","potentialAction":[{"@type":"ReadAction","target":["https:\/\/mineraleslunallena.com\/producto\/sorteo-amatista-drusa-7-77\/"]}]},{"@type":"ImageObject","inLanguage":"ca","@id":"https:\/\/mineraleslunallena.com\/producto\/sorteo-amatista-drusa-7-77\/#primaryimage","url":"https:\/\/mineraleslunallena.com\/wp-content\/uploads\/2025\/05\/Screenshot_2025-05-21-23-04-08-527_com.miui_.videoplayer-scaled.jpg","contentUrl":"https:\/\/mineraleslunallena.com\/wp-content\/uploads\/2025\/05\/Screenshot_2025-05-21-23-04-08-527_com.miui_.videoplayer-scaled.jpg","width":1152,"height":2560},{"@type":"BreadcrumbList","@id":"https:\/\/mineraleslunallena.com\/producto\/sorteo-amatista-drusa-7-77\/#breadcrumb","itemListElement":[{"@type":"ListItem","position":1,"name":"Portada","item":"https:\/\/mineraleslunallena.com\/"},{"@type":"ListItem","position":2,"name":"Shop","item":"https:\/\/mineraleslunallena.com\/ca\/shop\/"},{"@type":"ListItem","position":3,"name":"SORTEO ESPECIAL AMATISTA DRUSA 7-77 N\u00fameros del 1 al 50"}]},{"@type":"WebSite","@id":"https:\/\/mineraleslunallena.com\/#website","url":"https:\/\/mineraleslunallena.com\/","name":"LLUNA PLENA MINERALS","description":"\u00c9s el moment de connectar-te amb el teu poder i confiar en les teves habilitats.","publisher":{"@id":"https:\/\/mineraleslunallena.com\/#organization"},"potentialAction":[{"@type":"SearchAction","target":{"@type":"EntryPoint","urlTemplate":"https:\/\/mineraleslunallena.com\/?s={search_term_string}"},"query-input":{"@type":"PropertyValueSpecification","valueRequired":true,"valueName":"search_term_string"}}],"inLanguage":"ca"},{"@type":"Organization","@id":"https:\/\/mineraleslunallena.com\/#organization","name":"LLUNA PLENA MINERALS","url":"https:\/\/mineraleslunallena.com\/","logo":{"@type":"ImageObject","inLanguage":"ca","@id":"https:\/\/mineraleslunallena.com\/#\/schema\/logo\/image\/","url":"https:\/\/mineraleslunallena.com\/wp-content\/uploads\/2023\/07\/LUNA-LLENA-LOGO-nuevo.png","contentUrl":"https:\/\/mineraleslunallena.com\/wp-content\/uploads\/2023\/07\/LUNA-LLENA-LOGO-nuevo.png","width":229,"height":167,"caption":"LUNA LLENA MINERALES"},"image":{"@id":"https:\/\/mineraleslunallena.com\/#\/schema\/logo\/image\/"}}]}},"_links":{"self":[{"href":"https:\/\/mineraleslunallena.com\/ca\/wp-json\/wp\/v2\/product\/7335","targetHints":{"allow":["GET"]}}],"collection":[{"href":"https:\/\/mineraleslunallena.com\/ca\/wp-json\/wp\/v2\/product"}],"about":[{"href":"https:\/\/mineraleslunallena.com\/ca\/wp-json\/wp\/v2\/types\/product"}],"version-history":[{"count":6,"href":"https:\/\/mineraleslunallena.com\/ca\/wp-json\/wp\/v2\/product\/7335\/revisions"}],"predecessor-version":[{"id":7444,"href":"https:\/\/mineraleslunallena.com\/ca\/wp-json\/wp\/v2\/product\/7335\/revisions\/7444"}],"wp:featuredmedia":[{"embeddable":true,"href":"https:\/\/mineraleslunallena.com\/ca\/wp-json\/wp\/v2\/media\/7505"}],"wp:attachment":[{"href":"https:\/\/mineraleslunallena.com\/ca\/wp-json\/wp\/v2\/media?parent=7335"}],"wp:term":[{"taxonomy":"product_cat","embeddable":true,"href":"https:\/\/mineraleslunallena.com\/ca\/wp-json\/wp\/v2\/product_cat?post=7335"},{"taxonomy":"product_tag","embeddable":true,"href":"https:\/\/mineraleslunallena.com\/ca\/wp-json\/wp\/v2\/product_tag?post=7335"}],"curies":[{"name":"wp","href":"https:\/\/api.w.org\/{rel}","templated":true}]}}