{"id":7774,"date":"2025-06-04T19:42:22","date_gmt":"2025-06-04T17:42:22","guid":{"rendered":"https:\/\/mineraleslunallena.com\/?post_type=product&#038;p=7774"},"modified":"2025-06-04T19:42:22","modified_gmt":"2025-06-04T17:42:22","slug":"incienso-mineral-jade-buena-suerte-salud","status":"publish","type":"product","link":"https:\/\/mineraleslunallena.com\/ca\/producte\/incienso-mineral-jade-buena-suerte-salud\/","title":{"rendered":"Incienso Mineral Jade | Buena Suerte-Salud"},"content":{"rendered":"<p data-start=\"161\" data-end=\"566\">Este incienso combina el aroma fresco y suave de ingredientes naturales con la vibraci\u00f3n sanadora del <strong data-start=\"263\" data-end=\"277\">jade verde<\/strong>, un mineral ancestral asociado a la <strong data-start=\"314\" data-end=\"375\">abundancia, la armon\u00eda interior y el equilibrio emocional<\/strong>. Su energ\u00eda es ideal para quienes desean atraer prosperidad sin perder la paz interna. Quema este incienso para crear un ambiente de calma, conexi\u00f3n con la naturaleza y apertura del coraz\u00f3n.<\/p>\n<p data-start=\"568\" data-end=\"698\">Perfecto para rituales de abundancia, espacios de sanaci\u00f3n o simplemente para acompa\u00f1arte en momentos de introspecci\u00f3n y gratitud.<\/p>\n<p data-start=\"700\" data-end=\"917\"><strong data-start=\"700\" data-end=\"723\">Artesanal y natural<\/strong><br data-start=\"723\" data-end=\"726\" \/>Hecho a mano con resinas naturales, aceites esenciales y polvo de jade en su base. Cada varilla es elaborada de forma sostenible, sin t\u00f3xicos, respetando la tradici\u00f3n espiritual y el planeta.<\/p>\n<p data-start=\"919\" data-end=\"1064\">\ud83e\uddff <strong data-start=\"922\" data-end=\"1012\">Cada cajita incluye una peque\u00f1a mezcla de minerales reales relacionados con su energ\u00eda<\/strong>, para potenciar a\u00fan m\u00e1s la intenci\u00f3n de cada aroma.<\/p>","protected":false},"excerpt":{"rendered":"<p data-start=\"161\" data-end=\"566\">Este incienso combina el aroma fresco y suave de ingredientes naturales con la vibraci\u00f3n sanadora del <strong data-start=\"263\" data-end=\"277\">jade verde<\/strong>, un mineral ancestral asociado a la <strong data-start=\"314\" data-end=\"375\">abundancia, la armon\u00eda interior y el equilibrio emocional<\/strong>. Su energ\u00eda es ideal para quienes desean atraer prosperidad sin perder la paz interna. Quema este incienso para crear un ambiente de calma, conexi\u00f3n con la naturaleza y apertura del coraz\u00f3n.<\/p>\n<p data-start=\"568\" data-end=\"698\">Perfecto para rituales de abundancia, espacios de sanaci\u00f3n o simplemente para acompa\u00f1arte en momentos de introspecci\u00f3n y gratitud.<\/p>\n<p data-start=\"700\" data-end=\"917\"><strong data-start=\"700\" data-end=\"723\">Artesanal y natural<\/strong><br data-start=\"723\" data-end=\"726\" \/>Hecho a mano con resinas naturales, aceites esenciales y polvo de jade en su base. Cada varilla es elaborada de forma sostenible, sin t\u00f3xicos, respetando la tradici\u00f3n espiritual y el planeta.<\/p>\n<p data-start=\"919\" data-end=\"1064\">\ud83e\uddff <strong data-start=\"922\" data-end=\"1012\">Cada cajita incluye una peque\u00f1a mezcla de minerales reales relacionados con su energ\u00eda<\/strong>, para potenciar a\u00fan m\u00e1s la intenci\u00f3n de cada aroma.<\/p>","protected":false},"featured_media":7776,"template":"","meta":[],"product_cat":[100,98],"product_tag":[126,123,131,132],"class_list":{"0":"post-7774","1":"product","2":"type-product","3":"status-publish","4":"has-post-thumbnail","6":"product_cat-incienso-natural-en-varilla","7":"product_cat-incienso","8":"product_tag-accesorio-espiritual","9":"product_tag-equilibrio-energetico","10":"product_tag-incienso-mineral-jade","11":"product_tag-salud-energetica","13":"first","14":"instock","15":"sale","16":"taxable","17":"shipping-taxable","18":"purchasable","19":"product-type-simple"},"yoast_head":"<!-- This site is optimized with the Yoast SEO plugin v27.3 - https:\/\/yoast.com\/product\/yoast-seo-wordpress\/ -->\n<title>Incienso Mineral Jade | Buena Suerte-Salud - MINERALES LUNA LLENA Este incienso combina el aroma fresco y suave de ingredientes naturales con la vibraci\u00f3n sanadora del jade verde, un mineral ancestral asociado a la abundancia, la armon\u00eda interior y el equilibrio emocional. Su energ\u00eda es ideal para quienes desean atraer prosperidad sin perder la paz interna. Quema este incienso para crear un ambiente de calma, conexi\u00f3n con la naturaleza y apertura del coraz\u00f3n.Perfecto para rituales de abundancia, espacios de sanaci\u00f3n o simplemente para acompa\u00f1arte en momentos de introspecci\u00f3n y gratitud.Artesanal y naturalHecho a mano con resinas naturales, aceites esenciales y polvo de jade en su base. Cada varilla es elaborada de forma sostenible, sin t\u00f3xicos, respetando la tradici\u00f3n espiritual y el planeta.\ud83e\uddff Cada cajita incluye una peque\u00f1a mezcla de minerales reales relacionados con su energ\u00eda, para potenciar a\u00fan m\u00e1s la intenci\u00f3n de cada aroma.<\/title>\n<meta name=\"robots\" content=\"index, follow, max-snippet:-1, max-image-preview:large, max-video-preview:-1\" \/>\n<link rel=\"canonical\" href=\"https:\/\/mineraleslunallena.com\/ca\/producte\/incienso-mineral-jade-buena-suerte-salud\/\" \/>\n<meta property=\"og:locale\" content=\"ca_ES\" \/>\n<meta property=\"og:type\" content=\"article\" \/>\n<meta property=\"og:title\" content=\"Incienso Mineral Jade | Buena Suerte-Salud - MINERALES LUNA LLENA Este incienso combina el aroma fresco y suave de ingredientes naturales con la vibraci\u00f3n sanadora del jade verde, un mineral ancestral asociado a la abundancia, la armon\u00eda interior y el equilibrio emocional. Su energ\u00eda es ideal para quienes desean atraer prosperidad sin perder la paz interna. Quema este incienso para crear un ambiente de calma, conexi\u00f3n con la naturaleza y apertura del coraz\u00f3n.Perfecto para rituales de abundancia, espacios de sanaci\u00f3n o simplemente para acompa\u00f1arte en momentos de introspecci\u00f3n y gratitud.Artesanal y naturalHecho a mano con resinas naturales, aceites esenciales y polvo de jade en su base. Cada varilla es elaborada de forma sostenible, sin t\u00f3xicos, respetando la tradici\u00f3n espiritual y el planeta.\ud83e\uddff Cada cajita incluye una peque\u00f1a mezcla de minerales reales relacionados con su energ\u00eda, para potenciar a\u00fan m\u00e1s la intenci\u00f3n de cada aroma.\" \/>\n<meta property=\"og:description\" content=\"Este incienso combina el aroma fresco y suave de ingredientes naturales con la vibraci\u00f3n sanadora del jade verde, un mineral ancestral asociado a la abundancia, la armon\u00eda interior y el equilibrio emocional. Su energ\u00eda es ideal para quienes desean atraer prosperidad sin perder la paz interna. Quema este incienso para crear un ambiente de calma, conexi\u00f3n con la naturaleza y apertura del coraz\u00f3n. Perfecto para rituales de abundancia, espacios de sanaci\u00f3n o simplemente para acompa\u00f1arte en momentos de introspecci\u00f3n y gratitud. Artesanal y naturalHecho a mano con resinas naturales, aceites esenciales y polvo de jade en su base. Cada varilla es elaborada de forma sostenible, sin t\u00f3xicos, respetando la tradici\u00f3n espiritual y el planeta. \ud83e\uddff Cada cajita incluye una peque\u00f1a mezcla de minerales reales relacionados con su energ\u00eda, para potenciar a\u00fan m\u00e1s la intenci\u00f3n de cada aroma.\" \/>\n<meta property=\"og:url\" content=\"https:\/\/mineraleslunallena.com\/ca\/producte\/incienso-mineral-jade-buena-suerte-salud\/\" \/>\n<meta property=\"og:site_name\" content=\"MINERALES LUNA LLENA\" \/>\n<meta property=\"og:image\" content=\"https:\/\/mineraleslunallena.com\/wp-content\/uploads\/2025\/06\/IMG_20250604_184608-scaled.jpg\" \/>\n\t<meta property=\"og:image:width\" content=\"1153\" \/>\n\t<meta property=\"og:image:height\" content=\"2560\" \/>\n\t<meta property=\"og:image:type\" content=\"image\/jpeg\" \/>\n<meta name=\"twitter:card\" content=\"summary_large_image\" \/>\n<meta name=\"twitter:label1\" content=\"Temps estimat de lectura\" \/>\n\t<meta name=\"twitter:data1\" content=\"1 minut\" \/>\n<script type=\"application\/ld+json\" class=\"yoast-schema-graph\">{\"@context\":\"https:\\\/\\\/schema.org\",\"@graph\":[{\"@type\":\"WebPage\",\"@id\":\"https:\\\/\\\/mineraleslunallena.com\\\/producto\\\/incienso-mineral-jade-buena-suerte-salud\\\/\",\"url\":\"https:\\\/\\\/mineraleslunallena.com\\\/producto\\\/incienso-mineral-jade-buena-suerte-salud\\\/\",\"name\":\"Incienso Mineral Jade | Buena Suerte-Salud - MINERALES LUNA LLENA Este incienso combina el aroma fresco y suave de ingredientes naturales con la vibraci\u00f3n sanadora del jade verde, un mineral ancestral asociado a la abundancia, la armon\u00eda interior y el equilibrio emocional. Su energ\u00eda es ideal para quienes desean atraer prosperidad sin perder la paz interna. Quema este incienso para crear un ambiente de calma, conexi\u00f3n con la naturaleza y apertura del coraz\u00f3n.Perfecto para rituales de abundancia, espacios de sanaci\u00f3n o simplemente para acompa\u00f1arte en momentos de introspecci\u00f3n y gratitud.Artesanal y naturalHecho a mano con resinas naturales, aceites esenciales y polvo de jade en su base. Cada varilla es elaborada de forma sostenible, sin t\u00f3xicos, respetando la tradici\u00f3n espiritual y el planeta.\ud83e\uddff Cada cajita incluye una peque\u00f1a mezcla de minerales reales relacionados con su energ\u00eda, para potenciar a\u00fan m\u00e1s la intenci\u00f3n de cada aroma.\",\"isPartOf\":{\"@id\":\"https:\\\/\\\/mineraleslunallena.com\\\/#website\"},\"primaryImageOfPage\":{\"@id\":\"https:\\\/\\\/mineraleslunallena.com\\\/producto\\\/incienso-mineral-jade-buena-suerte-salud\\\/#primaryimage\"},\"image\":{\"@id\":\"https:\\\/\\\/mineraleslunallena.com\\\/producto\\\/incienso-mineral-jade-buena-suerte-salud\\\/#primaryimage\"},\"thumbnailUrl\":\"https:\\\/\\\/mineraleslunallena.com\\\/wp-content\\\/uploads\\\/2025\\\/06\\\/IMG_20250604_184608-scaled.jpg\",\"datePublished\":\"2025-06-04T17:42:22+00:00\",\"breadcrumb\":{\"@id\":\"https:\\\/\\\/mineraleslunallena.com\\\/producto\\\/incienso-mineral-jade-buena-suerte-salud\\\/#breadcrumb\"},\"inLanguage\":\"ca\",\"potentialAction\":[{\"@type\":\"ReadAction\",\"target\":[\"https:\\\/\\\/mineraleslunallena.com\\\/producto\\\/incienso-mineral-jade-buena-suerte-salud\\\/\"]}]},{\"@type\":\"ImageObject\",\"inLanguage\":\"ca\",\"@id\":\"https:\\\/\\\/mineraleslunallena.com\\\/producto\\\/incienso-mineral-jade-buena-suerte-salud\\\/#primaryimage\",\"url\":\"https:\\\/\\\/mineraleslunallena.com\\\/wp-content\\\/uploads\\\/2025\\\/06\\\/IMG_20250604_184608-scaled.jpg\",\"contentUrl\":\"https:\\\/\\\/mineraleslunallena.com\\\/wp-content\\\/uploads\\\/2025\\\/06\\\/IMG_20250604_184608-scaled.jpg\",\"width\":1153,\"height\":2560},{\"@type\":\"BreadcrumbList\",\"@id\":\"https:\\\/\\\/mineraleslunallena.com\\\/producto\\\/incienso-mineral-jade-buena-suerte-salud\\\/#breadcrumb\",\"itemListElement\":[{\"@type\":\"ListItem\",\"position\":1,\"name\":\"Portada\",\"item\":\"https:\\\/\\\/mineraleslunallena.com\\\/\"},{\"@type\":\"ListItem\",\"position\":2,\"name\":\"Shop\",\"item\":\"https:\\\/\\\/mineraleslunallena.com\\\/ca\\\/shop\\\/\"},{\"@type\":\"ListItem\",\"position\":3,\"name\":\"Incienso Mineral Jade | Buena Suerte-Salud\"}]},{\"@type\":\"WebSite\",\"@id\":\"https:\\\/\\\/mineraleslunallena.com\\\/#website\",\"url\":\"https:\\\/\\\/mineraleslunallena.com\\\/\",\"name\":\"LUNA LLENA MINERALES\",\"description\":\"Es el momento de conectarte con tu propio poder y confiar en tus habilidades.\",\"publisher\":{\"@id\":\"https:\\\/\\\/mineraleslunallena.com\\\/#organization\"},\"potentialAction\":[{\"@type\":\"SearchAction\",\"target\":{\"@type\":\"EntryPoint\",\"urlTemplate\":\"https:\\\/\\\/mineraleslunallena.com\\\/?s={search_term_string}\"},\"query-input\":{\"@type\":\"PropertyValueSpecification\",\"valueRequired\":true,\"valueName\":\"search_term_string\"}}],\"inLanguage\":\"ca\"},{\"@type\":\"Organization\",\"@id\":\"https:\\\/\\\/mineraleslunallena.com\\\/#organization\",\"name\":\"LUNA LLENA MINERALES\",\"url\":\"https:\\\/\\\/mineraleslunallena.com\\\/\",\"logo\":{\"@type\":\"ImageObject\",\"inLanguage\":\"ca\",\"@id\":\"https:\\\/\\\/mineraleslunallena.com\\\/#\\\/schema\\\/logo\\\/image\\\/\",\"url\":\"https:\\\/\\\/mineraleslunallena.com\\\/wp-content\\\/uploads\\\/2023\\\/07\\\/LUNA-LLENA-LOGO-nuevo.png\",\"contentUrl\":\"https:\\\/\\\/mineraleslunallena.com\\\/wp-content\\\/uploads\\\/2023\\\/07\\\/LUNA-LLENA-LOGO-nuevo.png\",\"width\":229,\"height\":167,\"caption\":\"LUNA LLENA MINERALES\"},\"image\":{\"@id\":\"https:\\\/\\\/mineraleslunallena.com\\\/#\\\/schema\\\/logo\\\/image\\\/\"}}]}<\/script>\n<!-- \/ Yoast SEO plugin. -->","yoast_head_json":{"title":"Incienso Mineral Jade | Buena Suerte-Salud - MINERALES LUNA LLENA Este incienso combina el aroma fresco y suave de ingredientes naturales con la vibraci\u00f3n sanadora del jade verde, un mineral ancestral asociado a la abundancia, la armon\u00eda interior y el equilibrio emocional. Su energ\u00eda es ideal para quienes desean atraer prosperidad sin perder la paz interna. Quema este incienso para crear un ambiente de calma, conexi\u00f3n con la naturaleza y apertura del coraz\u00f3n.Perfecto para rituales de abundancia, espacios de sanaci\u00f3n o simplemente para acompa\u00f1arte en momentos de introspecci\u00f3n y gratitud.Artesanal y naturalHecho a mano con resinas naturales, aceites esenciales y polvo de jade en su base. Cada varilla es elaborada de forma sostenible, sin t\u00f3xicos, respetando la tradici\u00f3n espiritual y el planeta.\ud83e\uddff Cada cajita incluye una peque\u00f1a mezcla de minerales reales relacionados con su energ\u00eda, para potenciar a\u00fan m\u00e1s la intenci\u00f3n de cada aroma.","robots":{"index":"index","follow":"follow","max-snippet":"max-snippet:-1","max-image-preview":"max-image-preview:large","max-video-preview":"max-video-preview:-1"},"canonical":"https:\/\/mineraleslunallena.com\/ca\/producte\/incienso-mineral-jade-buena-suerte-salud\/","og_locale":"ca_ES","og_type":"article","og_title":"Incienso Mineral Jade | Buena Suerte-Salud - MINERALES LUNA LLENA Este incienso combina el aroma fresco y suave de ingredientes naturales con la vibraci\u00f3n sanadora del jade verde, un mineral ancestral asociado a la abundancia, la armon\u00eda interior y el equilibrio emocional. Su energ\u00eda es ideal para quienes desean atraer prosperidad sin perder la paz interna. Quema este incienso para crear un ambiente de calma, conexi\u00f3n con la naturaleza y apertura del coraz\u00f3n.Perfecto para rituales de abundancia, espacios de sanaci\u00f3n o simplemente para acompa\u00f1arte en momentos de introspecci\u00f3n y gratitud.Artesanal y naturalHecho a mano con resinas naturales, aceites esenciales y polvo de jade en su base. Cada varilla es elaborada de forma sostenible, sin t\u00f3xicos, respetando la tradici\u00f3n espiritual y el planeta.\ud83e\uddff Cada cajita incluye una peque\u00f1a mezcla de minerales reales relacionados con su energ\u00eda, para potenciar a\u00fan m\u00e1s la intenci\u00f3n de cada aroma.","og_description":"Este incienso combina el aroma fresco y suave de ingredientes naturales con la vibraci\u00f3n sanadora del jade verde, un mineral ancestral asociado a la abundancia, la armon\u00eda interior y el equilibrio emocional. Su energ\u00eda es ideal para quienes desean atraer prosperidad sin perder la paz interna. Quema este incienso para crear un ambiente de calma, conexi\u00f3n con la naturaleza y apertura del coraz\u00f3n. Perfecto para rituales de abundancia, espacios de sanaci\u00f3n o simplemente para acompa\u00f1arte en momentos de introspecci\u00f3n y gratitud. Artesanal y naturalHecho a mano con resinas naturales, aceites esenciales y polvo de jade en su base. Cada varilla es elaborada de forma sostenible, sin t\u00f3xicos, respetando la tradici\u00f3n espiritual y el planeta. \ud83e\uddff Cada cajita incluye una peque\u00f1a mezcla de minerales reales relacionados con su energ\u00eda, para potenciar a\u00fan m\u00e1s la intenci\u00f3n de cada aroma.","og_url":"https:\/\/mineraleslunallena.com\/ca\/producte\/incienso-mineral-jade-buena-suerte-salud\/","og_site_name":"MINERALES LUNA LLENA","og_image":[{"width":1153,"height":2560,"url":"https:\/\/mineraleslunallena.com\/wp-content\/uploads\/2025\/06\/IMG_20250604_184608-scaled.jpg","type":"image\/jpeg"}],"twitter_card":"summary_large_image","twitter_misc":{"Temps estimat de lectura":"1 minut"},"schema":{"@context":"https:\/\/schema.org","@graph":[{"@type":"WebPage","@id":"https:\/\/mineraleslunallena.com\/producto\/incienso-mineral-jade-buena-suerte-salud\/","url":"https:\/\/mineraleslunallena.com\/producto\/incienso-mineral-jade-buena-suerte-salud\/","name":"Incienso Mineral Jade | Buena Suerte-Salud - MINERALES LUNA LLENA Este incienso combina el aroma fresco y suave de ingredientes naturales con la vibraci\u00f3n sanadora del jade verde, un mineral ancestral asociado a la abundancia, la armon\u00eda interior y el equilibrio emocional. Su energ\u00eda es ideal para quienes desean atraer prosperidad sin perder la paz interna. Quema este incienso para crear un ambiente de calma, conexi\u00f3n con la naturaleza y apertura del coraz\u00f3n.Perfecto para rituales de abundancia, espacios de sanaci\u00f3n o simplemente para acompa\u00f1arte en momentos de introspecci\u00f3n y gratitud.Artesanal y naturalHecho a mano con resinas naturales, aceites esenciales y polvo de jade en su base. Cada varilla es elaborada de forma sostenible, sin t\u00f3xicos, respetando la tradici\u00f3n espiritual y el planeta.\ud83e\uddff Cada cajita incluye una peque\u00f1a mezcla de minerales reales relacionados con su energ\u00eda, para potenciar a\u00fan m\u00e1s la intenci\u00f3n de cada aroma.","isPartOf":{"@id":"https:\/\/mineraleslunallena.com\/#website"},"primaryImageOfPage":{"@id":"https:\/\/mineraleslunallena.com\/producto\/incienso-mineral-jade-buena-suerte-salud\/#primaryimage"},"image":{"@id":"https:\/\/mineraleslunallena.com\/producto\/incienso-mineral-jade-buena-suerte-salud\/#primaryimage"},"thumbnailUrl":"https:\/\/mineraleslunallena.com\/wp-content\/uploads\/2025\/06\/IMG_20250604_184608-scaled.jpg","datePublished":"2025-06-04T17:42:22+00:00","breadcrumb":{"@id":"https:\/\/mineraleslunallena.com\/producto\/incienso-mineral-jade-buena-suerte-salud\/#breadcrumb"},"inLanguage":"ca","potentialAction":[{"@type":"ReadAction","target":["https:\/\/mineraleslunallena.com\/producto\/incienso-mineral-jade-buena-suerte-salud\/"]}]},{"@type":"ImageObject","inLanguage":"ca","@id":"https:\/\/mineraleslunallena.com\/producto\/incienso-mineral-jade-buena-suerte-salud\/#primaryimage","url":"https:\/\/mineraleslunallena.com\/wp-content\/uploads\/2025\/06\/IMG_20250604_184608-scaled.jpg","contentUrl":"https:\/\/mineraleslunallena.com\/wp-content\/uploads\/2025\/06\/IMG_20250604_184608-scaled.jpg","width":1153,"height":2560},{"@type":"BreadcrumbList","@id":"https:\/\/mineraleslunallena.com\/producto\/incienso-mineral-jade-buena-suerte-salud\/#breadcrumb","itemListElement":[{"@type":"ListItem","position":1,"name":"Portada","item":"https:\/\/mineraleslunallena.com\/"},{"@type":"ListItem","position":2,"name":"Shop","item":"https:\/\/mineraleslunallena.com\/ca\/shop\/"},{"@type":"ListItem","position":3,"name":"Incienso Mineral Jade | Buena Suerte-Salud"}]},{"@type":"WebSite","@id":"https:\/\/mineraleslunallena.com\/#website","url":"https:\/\/mineraleslunallena.com\/","name":"LLUNA PLENA MINERALS","description":"\u00c9s el moment de connectar-te amb el teu poder i confiar en les teves habilitats.","publisher":{"@id":"https:\/\/mineraleslunallena.com\/#organization"},"potentialAction":[{"@type":"SearchAction","target":{"@type":"EntryPoint","urlTemplate":"https:\/\/mineraleslunallena.com\/?s={search_term_string}"},"query-input":{"@type":"PropertyValueSpecification","valueRequired":true,"valueName":"search_term_string"}}],"inLanguage":"ca"},{"@type":"Organization","@id":"https:\/\/mineraleslunallena.com\/#organization","name":"LLUNA PLENA MINERALS","url":"https:\/\/mineraleslunallena.com\/","logo":{"@type":"ImageObject","inLanguage":"ca","@id":"https:\/\/mineraleslunallena.com\/#\/schema\/logo\/image\/","url":"https:\/\/mineraleslunallena.com\/wp-content\/uploads\/2023\/07\/LUNA-LLENA-LOGO-nuevo.png","contentUrl":"https:\/\/mineraleslunallena.com\/wp-content\/uploads\/2023\/07\/LUNA-LLENA-LOGO-nuevo.png","width":229,"height":167,"caption":"LUNA LLENA MINERALES"},"image":{"@id":"https:\/\/mineraleslunallena.com\/#\/schema\/logo\/image\/"}}]}},"jetpack_sharing_enabled":true,"_links":{"self":[{"href":"https:\/\/mineraleslunallena.com\/ca\/wp-json\/wp\/v2\/product\/7774","targetHints":{"allow":["GET"]}}],"collection":[{"href":"https:\/\/mineraleslunallena.com\/ca\/wp-json\/wp\/v2\/product"}],"about":[{"href":"https:\/\/mineraleslunallena.com\/ca\/wp-json\/wp\/v2\/types\/product"}],"version-history":[{"count":1,"href":"https:\/\/mineraleslunallena.com\/ca\/wp-json\/wp\/v2\/product\/7774\/revisions"}],"predecessor-version":[{"id":7777,"href":"https:\/\/mineraleslunallena.com\/ca\/wp-json\/wp\/v2\/product\/7774\/revisions\/7777"}],"wp:featuredmedia":[{"embeddable":true,"href":"https:\/\/mineraleslunallena.com\/ca\/wp-json\/wp\/v2\/media\/7776"}],"wp:attachment":[{"href":"https:\/\/mineraleslunallena.com\/ca\/wp-json\/wp\/v2\/media?parent=7774"}],"wp:term":[{"taxonomy":"product_cat","embeddable":true,"href":"https:\/\/mineraleslunallena.com\/ca\/wp-json\/wp\/v2\/product_cat?post=7774"},{"taxonomy":"product_tag","embeddable":true,"href":"https:\/\/mineraleslunallena.com\/ca\/wp-json\/wp\/v2\/product_tag?post=7774"}],"curies":[{"name":"wp","href":"https:\/\/api.w.org\/{rel}","templated":true}]}}