{"id":7782,"date":"2025-06-04T19:49:52","date_gmt":"2025-06-04T17:49:52","guid":{"rendered":"https:\/\/mineraleslunallena.com\/?post_type=product&#038;p=7782"},"modified":"2025-06-04T19:49:52","modified_gmt":"2025-06-04T17:49:52","slug":"incienso-mineral-onix-proteccion-fuerza-interior","status":"publish","type":"product","link":"https:\/\/mineraleslunallena.com\/ca\/producte\/incienso-mineral-onix-proteccion-fuerza-interior\/","title":{"rendered":"Incienso Mineral \u00d3nix | Protecci\u00f3n \u2013 Fuerza Interior"},"content":{"rendered":"<p data-start=\"130\" data-end=\"388\">El <strong data-start=\"133\" data-end=\"153\">incienso de \u00f3nix<\/strong> es ideal para quienes buscan <strong data-start=\"183\" data-end=\"245\">fortaleza emocional, protecci\u00f3n energ\u00e9tica y enraizamiento<\/strong>. El \u00f3nix negro act\u00faa como un escudo frente a las energ\u00edas densas, aportando estabilidad, seguridad y claridad en momentos de caos o confusi\u00f3n.<\/p>\n<p data-start=\"390\" data-end=\"620\">Encender este incienso ayuda a <strong data-start=\"421\" data-end=\"447\">fortalecer la voluntad<\/strong>, cortar lazos energ\u00e9ticos negativos y mantenerte centrado frente a desaf\u00edos emocionales o espirituales. Su aroma profundo y envolvente crea un espacio de poder y resguardo.<\/p>\n<p data-start=\"622\" data-end=\"833\"><strong data-start=\"622\" data-end=\"645\">Artesanal y natural<\/strong><br data-start=\"645\" data-end=\"648\" \/>Elaborado a mano con resinas naturales, aceites esenciales y polvo de \u00f3nix. Cada varilla es 100% natural, vegana y creada bajo pr\u00e1cticas sostenibles y respetuosas con el medio ambiente.<\/p>\n<p data-start=\"835\" data-end=\"976\">\ud83e\uddff <strong data-start=\"838\" data-end=\"908\">Cada caja incluye minerales aut\u00e9nticos relacionados con su energ\u00eda<\/strong>, que acompa\u00f1an y refuerzan la intenci\u00f3n espiritual de cada varilla.<\/p>","protected":false},"excerpt":{"rendered":"<p data-start=\"130\" data-end=\"388\">El <strong data-start=\"133\" data-end=\"153\">incienso de \u00f3nix<\/strong> es ideal para quienes buscan <strong data-start=\"183\" data-end=\"245\">fortaleza emocional, protecci\u00f3n energ\u00e9tica y enraizamiento<\/strong>. El \u00f3nix negro act\u00faa como un escudo frente a las energ\u00edas densas, aportando estabilidad, seguridad y claridad en momentos de caos o confusi\u00f3n.<\/p>\n<p data-start=\"390\" data-end=\"620\">Encender este incienso ayuda a <strong data-start=\"421\" data-end=\"447\">fortalecer la voluntad<\/strong>, cortar lazos energ\u00e9ticos negativos y mantenerte centrado frente a desaf\u00edos emocionales o espirituales. Su aroma profundo y envolvente crea un espacio de poder y resguardo.<\/p>\n<p data-start=\"622\" data-end=\"833\"><strong data-start=\"622\" data-end=\"645\">Artesanal y natural<\/strong><br data-start=\"645\" data-end=\"648\" \/>Elaborado a mano con resinas naturales, aceites esenciales y polvo de \u00f3nix. Cada varilla es 100% natural, vegana y creada bajo pr\u00e1cticas sostenibles y respetuosas con el medio ambiente.<\/p>\n<p data-start=\"835\" data-end=\"976\">\ud83e\uddff <strong data-start=\"838\" data-end=\"908\">Cada caja incluye minerales aut\u00e9nticos relacionados con su energ\u00eda<\/strong>, que acompa\u00f1an y refuerzan la intenci\u00f3n espiritual de cada varilla.<\/p>","protected":false},"featured_media":7784,"template":"","meta":[],"product_cat":[100,98],"product_tag":[134],"class_list":{"0":"post-7782","1":"product","2":"type-product","3":"status-publish","4":"has-post-thumbnail","6":"product_cat-incienso-natural-en-varilla","7":"product_cat-incienso","8":"product_tag-incienso-mineral-onix-proteccion-fuerza-interior","10":"first","11":"instock","12":"sale","13":"taxable","14":"shipping-taxable","15":"purchasable","16":"product-type-simple"},"yoast_head":"<!-- This site is optimized with the Yoast SEO plugin v27.3 - https:\/\/yoast.com\/product\/yoast-seo-wordpress\/ -->\n<title>Incienso Mineral \u00d3nix | Protecci\u00f3n \u2013 Fuerza Interior - MINERALES LUNA LLENA<\/title>\n<meta name=\"description\" content=\"El incienso de \u00f3nix es ideal para quienes buscan fortaleza emocional, protecci\u00f3n energ\u00e9tica y enraizamiento. El \u00f3nix negro act\u00faa como un escudo frente a las energ\u00edas densas, aportando estabilidad, seguridad y claridad en momentos de caos o confusi\u00f3n.Encender este incienso ayuda a fortalecer la voluntad, cortar lazos energ\u00e9ticos negativos y mantenerte centrado frente a desaf\u00edos emocionales o espirituales. Su aroma profundo y envolvente crea un espacio de poder y resguardo.Artesanal y naturalElaborado a mano con resinas naturales, aceites esenciales y polvo de \u00f3nix. Cada varilla es 100% natural, vegana y creada bajo pr\u00e1cticas sostenibles y respetuosas con el medio ambiente.\ud83e\uddff Cada caja incluye minerales aut\u00e9nticos relacionados con su energ\u00eda, que acompa\u00f1an y refuerzan la intenci\u00f3n espiritual de cada varilla.\" \/>\n<meta name=\"robots\" content=\"index, follow, max-snippet:-1, max-image-preview:large, max-video-preview:-1\" \/>\n<link rel=\"canonical\" href=\"https:\/\/mineraleslunallena.com\/ca\/producte\/incienso-mineral-onix-proteccion-fuerza-interior\/\" \/>\n<meta property=\"og:locale\" content=\"ca_ES\" \/>\n<meta property=\"og:type\" content=\"article\" \/>\n<meta property=\"og:title\" content=\"Incienso Mineral \u00d3nix | Protecci\u00f3n \u2013 Fuerza Interior - MINERALES LUNA LLENA\" \/>\n<meta property=\"og:description\" content=\"El incienso de \u00f3nix es ideal para quienes buscan fortaleza emocional, protecci\u00f3n energ\u00e9tica y enraizamiento. El \u00f3nix negro act\u00faa como un escudo frente a las energ\u00edas densas, aportando estabilidad, seguridad y claridad en momentos de caos o confusi\u00f3n.Encender este incienso ayuda a fortalecer la voluntad, cortar lazos energ\u00e9ticos negativos y mantenerte centrado frente a desaf\u00edos emocionales o espirituales. Su aroma profundo y envolvente crea un espacio de poder y resguardo.Artesanal y naturalElaborado a mano con resinas naturales, aceites esenciales y polvo de \u00f3nix. Cada varilla es 100% natural, vegana y creada bajo pr\u00e1cticas sostenibles y respetuosas con el medio ambiente.\ud83e\uddff Cada caja incluye minerales aut\u00e9nticos relacionados con su energ\u00eda, que acompa\u00f1an y refuerzan la intenci\u00f3n espiritual de cada varilla.\" \/>\n<meta property=\"og:url\" content=\"https:\/\/mineraleslunallena.com\/ca\/producte\/incienso-mineral-onix-proteccion-fuerza-interior\/\" \/>\n<meta property=\"og:site_name\" content=\"MINERALES LUNA LLENA\" \/>\n<meta property=\"og:image\" content=\"https:\/\/mineraleslunallena.com\/wp-content\/uploads\/2025\/06\/IMG_20250604_190600-scaled.jpg\" \/>\n\t<meta property=\"og:image:width\" content=\"1153\" \/>\n\t<meta property=\"og:image:height\" content=\"2560\" \/>\n\t<meta property=\"og:image:type\" content=\"image\/jpeg\" \/>\n<meta name=\"twitter:card\" content=\"summary_large_image\" \/>\n<meta name=\"twitter:label1\" content=\"Temps estimat de lectura\" \/>\n\t<meta name=\"twitter:data1\" content=\"1 minut\" \/>\n<script type=\"application\/ld+json\" class=\"yoast-schema-graph\">{\"@context\":\"https:\\\/\\\/schema.org\",\"@graph\":[{\"@type\":\"WebPage\",\"@id\":\"https:\\\/\\\/mineraleslunallena.com\\\/producto\\\/incienso-mineral-onix-proteccion-fuerza-interior\\\/\",\"url\":\"https:\\\/\\\/mineraleslunallena.com\\\/producto\\\/incienso-mineral-onix-proteccion-fuerza-interior\\\/\",\"name\":\"Incienso Mineral \u00d3nix | Protecci\u00f3n \u2013 Fuerza Interior - MINERALES LUNA LLENA\",\"isPartOf\":{\"@id\":\"https:\\\/\\\/mineraleslunallena.com\\\/#website\"},\"primaryImageOfPage\":{\"@id\":\"https:\\\/\\\/mineraleslunallena.com\\\/producto\\\/incienso-mineral-onix-proteccion-fuerza-interior\\\/#primaryimage\"},\"image\":{\"@id\":\"https:\\\/\\\/mineraleslunallena.com\\\/producto\\\/incienso-mineral-onix-proteccion-fuerza-interior\\\/#primaryimage\"},\"thumbnailUrl\":\"https:\\\/\\\/mineraleslunallena.com\\\/wp-content\\\/uploads\\\/2025\\\/06\\\/IMG_20250604_190600-scaled.jpg\",\"datePublished\":\"2025-06-04T17:49:52+00:00\",\"description\":\"El incienso de \u00f3nix es ideal para quienes buscan fortaleza emocional, protecci\u00f3n energ\u00e9tica y enraizamiento. El \u00f3nix negro act\u00faa como un escudo frente a las energ\u00edas densas, aportando estabilidad, seguridad y claridad en momentos de caos o confusi\u00f3n.Encender este incienso ayuda a fortalecer la voluntad, cortar lazos energ\u00e9ticos negativos y mantenerte centrado frente a desaf\u00edos emocionales o espirituales. Su aroma profundo y envolvente crea un espacio de poder y resguardo.Artesanal y naturalElaborado a mano con resinas naturales, aceites esenciales y polvo de \u00f3nix. Cada varilla es 100% natural, vegana y creada bajo pr\u00e1cticas sostenibles y respetuosas con el medio ambiente.\ud83e\uddff Cada caja incluye minerales aut\u00e9nticos relacionados con su energ\u00eda, que acompa\u00f1an y refuerzan la intenci\u00f3n espiritual de cada varilla.\",\"breadcrumb\":{\"@id\":\"https:\\\/\\\/mineraleslunallena.com\\\/producto\\\/incienso-mineral-onix-proteccion-fuerza-interior\\\/#breadcrumb\"},\"inLanguage\":\"ca\",\"potentialAction\":[{\"@type\":\"ReadAction\",\"target\":[\"https:\\\/\\\/mineraleslunallena.com\\\/producto\\\/incienso-mineral-onix-proteccion-fuerza-interior\\\/\"]}]},{\"@type\":\"ImageObject\",\"inLanguage\":\"ca\",\"@id\":\"https:\\\/\\\/mineraleslunallena.com\\\/producto\\\/incienso-mineral-onix-proteccion-fuerza-interior\\\/#primaryimage\",\"url\":\"https:\\\/\\\/mineraleslunallena.com\\\/wp-content\\\/uploads\\\/2025\\\/06\\\/IMG_20250604_190600-scaled.jpg\",\"contentUrl\":\"https:\\\/\\\/mineraleslunallena.com\\\/wp-content\\\/uploads\\\/2025\\\/06\\\/IMG_20250604_190600-scaled.jpg\",\"width\":1153,\"height\":2560},{\"@type\":\"BreadcrumbList\",\"@id\":\"https:\\\/\\\/mineraleslunallena.com\\\/producto\\\/incienso-mineral-onix-proteccion-fuerza-interior\\\/#breadcrumb\",\"itemListElement\":[{\"@type\":\"ListItem\",\"position\":1,\"name\":\"Portada\",\"item\":\"https:\\\/\\\/mineraleslunallena.com\\\/\"},{\"@type\":\"ListItem\",\"position\":2,\"name\":\"Shop\",\"item\":\"https:\\\/\\\/mineraleslunallena.com\\\/ca\\\/shop\\\/\"},{\"@type\":\"ListItem\",\"position\":3,\"name\":\"Incienso Mineral \u00d3nix | Protecci\u00f3n \u2013 Fuerza Interior\"}]},{\"@type\":\"WebSite\",\"@id\":\"https:\\\/\\\/mineraleslunallena.com\\\/#website\",\"url\":\"https:\\\/\\\/mineraleslunallena.com\\\/\",\"name\":\"LUNA LLENA MINERALES\",\"description\":\"Es el momento de conectarte con tu propio poder y confiar en tus habilidades.\",\"publisher\":{\"@id\":\"https:\\\/\\\/mineraleslunallena.com\\\/#organization\"},\"potentialAction\":[{\"@type\":\"SearchAction\",\"target\":{\"@type\":\"EntryPoint\",\"urlTemplate\":\"https:\\\/\\\/mineraleslunallena.com\\\/?s={search_term_string}\"},\"query-input\":{\"@type\":\"PropertyValueSpecification\",\"valueRequired\":true,\"valueName\":\"search_term_string\"}}],\"inLanguage\":\"ca\"},{\"@type\":\"Organization\",\"@id\":\"https:\\\/\\\/mineraleslunallena.com\\\/#organization\",\"name\":\"LUNA LLENA MINERALES\",\"url\":\"https:\\\/\\\/mineraleslunallena.com\\\/\",\"logo\":{\"@type\":\"ImageObject\",\"inLanguage\":\"ca\",\"@id\":\"https:\\\/\\\/mineraleslunallena.com\\\/#\\\/schema\\\/logo\\\/image\\\/\",\"url\":\"https:\\\/\\\/mineraleslunallena.com\\\/wp-content\\\/uploads\\\/2023\\\/07\\\/LUNA-LLENA-LOGO-nuevo.png\",\"contentUrl\":\"https:\\\/\\\/mineraleslunallena.com\\\/wp-content\\\/uploads\\\/2023\\\/07\\\/LUNA-LLENA-LOGO-nuevo.png\",\"width\":229,\"height\":167,\"caption\":\"LUNA LLENA MINERALES\"},\"image\":{\"@id\":\"https:\\\/\\\/mineraleslunallena.com\\\/#\\\/schema\\\/logo\\\/image\\\/\"}}]}<\/script>\n<!-- \/ Yoast SEO plugin. -->","yoast_head_json":{"title":"Incienso Mineral \u00d3nix | Protecci\u00f3n \u2013 Fuerza Interior - MINERALES LUNA LLENA","description":"El incienso de \u00f3nix es ideal para quienes buscan fortaleza emocional, protecci\u00f3n energ\u00e9tica y enraizamiento. El \u00f3nix negro act\u00faa como un escudo frente a las energ\u00edas densas, aportando estabilidad, seguridad y claridad en momentos de caos o confusi\u00f3n.Encender este incienso ayuda a fortalecer la voluntad, cortar lazos energ\u00e9ticos negativos y mantenerte centrado frente a desaf\u00edos emocionales o espirituales. Su aroma profundo y envolvente crea un espacio de poder y resguardo.Artesanal y naturalElaborado a mano con resinas naturales, aceites esenciales y polvo de \u00f3nix. Cada varilla es 100% natural, vegana y creada bajo pr\u00e1cticas sostenibles y respetuosas con el medio ambiente.\ud83e\uddff Cada caja incluye minerales aut\u00e9nticos relacionados con su energ\u00eda, que acompa\u00f1an y refuerzan la intenci\u00f3n espiritual de cada varilla.","robots":{"index":"index","follow":"follow","max-snippet":"max-snippet:-1","max-image-preview":"max-image-preview:large","max-video-preview":"max-video-preview:-1"},"canonical":"https:\/\/mineraleslunallena.com\/ca\/producte\/incienso-mineral-onix-proteccion-fuerza-interior\/","og_locale":"ca_ES","og_type":"article","og_title":"Incienso Mineral \u00d3nix | Protecci\u00f3n \u2013 Fuerza Interior - MINERALES LUNA LLENA","og_description":"El incienso de \u00f3nix es ideal para quienes buscan fortaleza emocional, protecci\u00f3n energ\u00e9tica y enraizamiento. El \u00f3nix negro act\u00faa como un escudo frente a las energ\u00edas densas, aportando estabilidad, seguridad y claridad en momentos de caos o confusi\u00f3n.Encender este incienso ayuda a fortalecer la voluntad, cortar lazos energ\u00e9ticos negativos y mantenerte centrado frente a desaf\u00edos emocionales o espirituales. Su aroma profundo y envolvente crea un espacio de poder y resguardo.Artesanal y naturalElaborado a mano con resinas naturales, aceites esenciales y polvo de \u00f3nix. Cada varilla es 100% natural, vegana y creada bajo pr\u00e1cticas sostenibles y respetuosas con el medio ambiente.\ud83e\uddff Cada caja incluye minerales aut\u00e9nticos relacionados con su energ\u00eda, que acompa\u00f1an y refuerzan la intenci\u00f3n espiritual de cada varilla.","og_url":"https:\/\/mineraleslunallena.com\/ca\/producte\/incienso-mineral-onix-proteccion-fuerza-interior\/","og_site_name":"MINERALES LUNA LLENA","og_image":[{"width":1153,"height":2560,"url":"https:\/\/mineraleslunallena.com\/wp-content\/uploads\/2025\/06\/IMG_20250604_190600-scaled.jpg","type":"image\/jpeg"}],"twitter_card":"summary_large_image","twitter_misc":{"Temps estimat de lectura":"1 minut"},"schema":{"@context":"https:\/\/schema.org","@graph":[{"@type":"WebPage","@id":"https:\/\/mineraleslunallena.com\/producto\/incienso-mineral-onix-proteccion-fuerza-interior\/","url":"https:\/\/mineraleslunallena.com\/producto\/incienso-mineral-onix-proteccion-fuerza-interior\/","name":"Incienso Mineral \u00d3nix | Protecci\u00f3n \u2013 Fuerza Interior - MINERALES LUNA LLENA","isPartOf":{"@id":"https:\/\/mineraleslunallena.com\/#website"},"primaryImageOfPage":{"@id":"https:\/\/mineraleslunallena.com\/producto\/incienso-mineral-onix-proteccion-fuerza-interior\/#primaryimage"},"image":{"@id":"https:\/\/mineraleslunallena.com\/producto\/incienso-mineral-onix-proteccion-fuerza-interior\/#primaryimage"},"thumbnailUrl":"https:\/\/mineraleslunallena.com\/wp-content\/uploads\/2025\/06\/IMG_20250604_190600-scaled.jpg","datePublished":"2025-06-04T17:49:52+00:00","description":"El incienso de \u00f3nix es ideal para quienes buscan fortaleza emocional, protecci\u00f3n energ\u00e9tica y enraizamiento. El \u00f3nix negro act\u00faa como un escudo frente a las energ\u00edas densas, aportando estabilidad, seguridad y claridad en momentos de caos o confusi\u00f3n.Encender este incienso ayuda a fortalecer la voluntad, cortar lazos energ\u00e9ticos negativos y mantenerte centrado frente a desaf\u00edos emocionales o espirituales. Su aroma profundo y envolvente crea un espacio de poder y resguardo.Artesanal y naturalElaborado a mano con resinas naturales, aceites esenciales y polvo de \u00f3nix. Cada varilla es 100% natural, vegana y creada bajo pr\u00e1cticas sostenibles y respetuosas con el medio ambiente.\ud83e\uddff Cada caja incluye minerales aut\u00e9nticos relacionados con su energ\u00eda, que acompa\u00f1an y refuerzan la intenci\u00f3n espiritual de cada varilla.","breadcrumb":{"@id":"https:\/\/mineraleslunallena.com\/producto\/incienso-mineral-onix-proteccion-fuerza-interior\/#breadcrumb"},"inLanguage":"ca","potentialAction":[{"@type":"ReadAction","target":["https:\/\/mineraleslunallena.com\/producto\/incienso-mineral-onix-proteccion-fuerza-interior\/"]}]},{"@type":"ImageObject","inLanguage":"ca","@id":"https:\/\/mineraleslunallena.com\/producto\/incienso-mineral-onix-proteccion-fuerza-interior\/#primaryimage","url":"https:\/\/mineraleslunallena.com\/wp-content\/uploads\/2025\/06\/IMG_20250604_190600-scaled.jpg","contentUrl":"https:\/\/mineraleslunallena.com\/wp-content\/uploads\/2025\/06\/IMG_20250604_190600-scaled.jpg","width":1153,"height":2560},{"@type":"BreadcrumbList","@id":"https:\/\/mineraleslunallena.com\/producto\/incienso-mineral-onix-proteccion-fuerza-interior\/#breadcrumb","itemListElement":[{"@type":"ListItem","position":1,"name":"Portada","item":"https:\/\/mineraleslunallena.com\/"},{"@type":"ListItem","position":2,"name":"Shop","item":"https:\/\/mineraleslunallena.com\/ca\/shop\/"},{"@type":"ListItem","position":3,"name":"Incienso Mineral \u00d3nix | Protecci\u00f3n \u2013 Fuerza Interior"}]},{"@type":"WebSite","@id":"https:\/\/mineraleslunallena.com\/#website","url":"https:\/\/mineraleslunallena.com\/","name":"LLUNA PLENA MINERALS","description":"\u00c9s el moment de connectar-te amb el teu poder i confiar en les teves habilitats.","publisher":{"@id":"https:\/\/mineraleslunallena.com\/#organization"},"potentialAction":[{"@type":"SearchAction","target":{"@type":"EntryPoint","urlTemplate":"https:\/\/mineraleslunallena.com\/?s={search_term_string}"},"query-input":{"@type":"PropertyValueSpecification","valueRequired":true,"valueName":"search_term_string"}}],"inLanguage":"ca"},{"@type":"Organization","@id":"https:\/\/mineraleslunallena.com\/#organization","name":"LLUNA PLENA MINERALS","url":"https:\/\/mineraleslunallena.com\/","logo":{"@type":"ImageObject","inLanguage":"ca","@id":"https:\/\/mineraleslunallena.com\/#\/schema\/logo\/image\/","url":"https:\/\/mineraleslunallena.com\/wp-content\/uploads\/2023\/07\/LUNA-LLENA-LOGO-nuevo.png","contentUrl":"https:\/\/mineraleslunallena.com\/wp-content\/uploads\/2023\/07\/LUNA-LLENA-LOGO-nuevo.png","width":229,"height":167,"caption":"LUNA LLENA MINERALES"},"image":{"@id":"https:\/\/mineraleslunallena.com\/#\/schema\/logo\/image\/"}}]}},"jetpack_sharing_enabled":true,"_links":{"self":[{"href":"https:\/\/mineraleslunallena.com\/ca\/wp-json\/wp\/v2\/product\/7782","targetHints":{"allow":["GET"]}}],"collection":[{"href":"https:\/\/mineraleslunallena.com\/ca\/wp-json\/wp\/v2\/product"}],"about":[{"href":"https:\/\/mineraleslunallena.com\/ca\/wp-json\/wp\/v2\/types\/product"}],"version-history":[{"count":2,"href":"https:\/\/mineraleslunallena.com\/ca\/wp-json\/wp\/v2\/product\/7782\/revisions"}],"predecessor-version":[{"id":7786,"href":"https:\/\/mineraleslunallena.com\/ca\/wp-json\/wp\/v2\/product\/7782\/revisions\/7786"}],"wp:featuredmedia":[{"embeddable":true,"href":"https:\/\/mineraleslunallena.com\/ca\/wp-json\/wp\/v2\/media\/7784"}],"wp:attachment":[{"href":"https:\/\/mineraleslunallena.com\/ca\/wp-json\/wp\/v2\/media?parent=7782"}],"wp:term":[{"taxonomy":"product_cat","embeddable":true,"href":"https:\/\/mineraleslunallena.com\/ca\/wp-json\/wp\/v2\/product_cat?post=7782"},{"taxonomy":"product_tag","embeddable":true,"href":"https:\/\/mineraleslunallena.com\/ca\/wp-json\/wp\/v2\/product_tag?post=7782"}],"curies":[{"name":"wp","href":"https:\/\/api.w.org\/{rel}","templated":true}]}}