{"id":7791,"date":"2025-06-04T19:57:14","date_gmt":"2025-06-04T17:57:14","guid":{"rendered":"https:\/\/mineraleslunallena.com\/?post_type=product&#038;p=7791"},"modified":"2025-06-04T19:57:14","modified_gmt":"2025-06-04T17:57:14","slug":"incienso-mineral-turquesa-expresion-emocional-comunicacion","status":"publish","type":"product","link":"https:\/\/mineraleslunallena.com\/ca\/producte\/incienso-mineral-turquesa-expresion-emocional-comunicacion\/","title":{"rendered":"Incienso Mineral Turquesa | Expresi\u00f3n Emocional \u2013 Comunicaci\u00f3n"},"content":{"rendered":"<p data-start=\"146\" data-end=\"473\">El <strong data-start=\"149\" data-end=\"173\">incienso de turquesa<\/strong> es un aliado poderoso para quienes buscan <strong data-start=\"216\" data-end=\"287\">protecci\u00f3n energ\u00e9tica y mejorar la comunicaci\u00f3n sincera y aut\u00e9ntica<\/strong>. La turquesa es un mineral sagrado que equilibra el cuerpo y el esp\u00edritu, facilitando la expresi\u00f3n clara de emociones y pensamientos, y fortaleciendo la conexi\u00f3n con la verdad interior.<\/p>\n<p data-start=\"475\" data-end=\"664\">Ideal para momentos de di\u00e1logo, mediaci\u00f3n o para limpiar el aura de energ\u00edas densas. Su aroma fresco y envolvente crea un espacio de seguridad y armon\u00eda, invitando a la calma y la apertura.<\/p>\n<p data-start=\"666\" data-end=\"896\"><strong data-start=\"666\" data-end=\"689\">Artesanal y natural<\/strong><br data-start=\"689\" data-end=\"692\" \/>Hecho a mano con ingredientes naturales, resinas puras, aceites esenciales y polvo de turquesa. Las varillas son sostenibles, veganas y elaboradas con respeto al medio ambiente y a la tradici\u00f3n ancestral.<\/p>\n<p data-start=\"898\" data-end=\"1030\">\ud83e\uddff <strong data-start=\"901\" data-end=\"967\">Cada caja incluye minerales reales relacionados con su energ\u00eda<\/strong>, potenciando el poder del incienso en tus rituales y espacios.<\/p>","protected":false},"excerpt":{"rendered":"<p data-start=\"146\" data-end=\"473\">El <strong data-start=\"149\" data-end=\"173\">incienso de turquesa<\/strong> es un aliado poderoso para quienes buscan <strong data-start=\"216\" data-end=\"287\">protecci\u00f3n energ\u00e9tica y mejorar la comunicaci\u00f3n sincera y aut\u00e9ntica<\/strong>. La turquesa es un mineral sagrado que equilibra el cuerpo y el esp\u00edritu, facilitando la expresi\u00f3n clara de emociones y pensamientos, y fortaleciendo la conexi\u00f3n con la verdad interior.<\/p>\n<p data-start=\"475\" data-end=\"664\">Ideal para momentos de di\u00e1logo, mediaci\u00f3n o para limpiar el aura de energ\u00edas densas. Su aroma fresco y envolvente crea un espacio de seguridad y armon\u00eda, invitando a la calma y la apertura.<\/p>\n<p data-start=\"666\" data-end=\"896\"><strong data-start=\"666\" data-end=\"689\">Artesanal y natural<\/strong><br data-start=\"689\" data-end=\"692\" \/>Hecho a mano con ingredientes naturales, resinas puras, aceites esenciales y polvo de turquesa. Las varillas son sostenibles, veganas y elaboradas con respeto al medio ambiente y a la tradici\u00f3n ancestral.<\/p>\n<p data-start=\"898\" data-end=\"1030\">\ud83e\uddff <strong data-start=\"901\" data-end=\"967\">Cada caja incluye minerales reales relacionados con su energ\u00eda<\/strong>, potenciando el poder del incienso en tus rituales y espacios.<\/p>","protected":false},"featured_media":7793,"template":"","meta":[],"product_cat":[100,98],"product_tag":[],"class_list":{"0":"post-7791","1":"product","2":"type-product","3":"status-publish","4":"has-post-thumbnail","6":"product_cat-incienso-natural-en-varilla","7":"product_cat-incienso","9":"first","10":"instock","11":"sale","12":"taxable","13":"shipping-taxable","14":"purchasable","15":"product-type-simple"},"yoast_head":"<!-- This site is optimized with the Yoast SEO plugin v27.3 - https:\/\/yoast.com\/product\/yoast-seo-wordpress\/ -->\n<title>Incienso Mineral Turquesa | Expresi\u00f3n Emocional \u2013 Comunicaci\u00f3n - MINERALES LUNA LLENA<\/title>\n<meta name=\"description\" content=\"\ud83d\udd37 Incienso Mineral Turquesa | Protecci\u00f3n \u2013 Comunicaci\u00f3nEl incienso de turquesa es un aliado poderoso para quienes buscan protecci\u00f3n energ\u00e9tica y mejorar la comunicaci\u00f3n sincera y aut\u00e9ntica. La turquesa es un mineral sagrado que equilibra el cuerpo y el esp\u00edritu, facilitando la expresi\u00f3n clara de emociones y pensamientos, y fortaleciendo la conexi\u00f3n con la verdad interior.Ideal para momentos de di\u00e1logo, mediaci\u00f3n o para limpiar el aura de energ\u00edas densas. Su aroma fresco y envolvente crea un espacio de seguridad y armon\u00eda, invitando a la calma y la apertura.Artesanal y naturalHecho a mano con ingredientes naturales, resinas puras, aceites esenciales y polvo de turquesa. Las varillas son sostenibles, veganas y elaboradas con respeto al medio ambiente y a la tradici\u00f3n ancestral.\ud83e\uddff Cada caja incluye minerales reales relacionados con su energ\u00eda, potenciando el poder del incienso en tus rituales y espacios.\" \/>\n<meta name=\"robots\" content=\"index, follow, max-snippet:-1, max-image-preview:large, max-video-preview:-1\" \/>\n<link rel=\"canonical\" href=\"https:\/\/mineraleslunallena.com\/ca\/producte\/incienso-mineral-turquesa-expresion-emocional-comunicacion\/\" \/>\n<meta property=\"og:locale\" content=\"ca_ES\" \/>\n<meta property=\"og:type\" content=\"article\" \/>\n<meta property=\"og:title\" content=\"Incienso Mineral Turquesa | Expresi\u00f3n Emocional \u2013 Comunicaci\u00f3n - MINERALES LUNA LLENA\" \/>\n<meta property=\"og:description\" content=\"\ud83d\udd37 Incienso Mineral Turquesa | Protecci\u00f3n \u2013 Comunicaci\u00f3nEl incienso de turquesa es un aliado poderoso para quienes buscan protecci\u00f3n energ\u00e9tica y mejorar la comunicaci\u00f3n sincera y aut\u00e9ntica. La turquesa es un mineral sagrado que equilibra el cuerpo y el esp\u00edritu, facilitando la expresi\u00f3n clara de emociones y pensamientos, y fortaleciendo la conexi\u00f3n con la verdad interior.Ideal para momentos de di\u00e1logo, mediaci\u00f3n o para limpiar el aura de energ\u00edas densas. Su aroma fresco y envolvente crea un espacio de seguridad y armon\u00eda, invitando a la calma y la apertura.Artesanal y naturalHecho a mano con ingredientes naturales, resinas puras, aceites esenciales y polvo de turquesa. Las varillas son sostenibles, veganas y elaboradas con respeto al medio ambiente y a la tradici\u00f3n ancestral.\ud83e\uddff Cada caja incluye minerales reales relacionados con su energ\u00eda, potenciando el poder del incienso en tus rituales y espacios.\" \/>\n<meta property=\"og:url\" content=\"https:\/\/mineraleslunallena.com\/ca\/producte\/incienso-mineral-turquesa-expresion-emocional-comunicacion\/\" \/>\n<meta property=\"og:site_name\" content=\"MINERALES LUNA LLENA\" \/>\n<meta property=\"og:image\" content=\"https:\/\/mineraleslunallena.com\/wp-content\/uploads\/2025\/06\/IMG_20250604_190034-scaled.jpg\" \/>\n\t<meta property=\"og:image:width\" content=\"1153\" \/>\n\t<meta property=\"og:image:height\" content=\"2560\" \/>\n\t<meta property=\"og:image:type\" content=\"image\/jpeg\" \/>\n<meta name=\"twitter:card\" content=\"summary_large_image\" \/>\n<meta name=\"twitter:label1\" content=\"Temps estimat de lectura\" \/>\n\t<meta name=\"twitter:data1\" content=\"1 minut\" \/>\n<script type=\"application\/ld+json\" class=\"yoast-schema-graph\">{\"@context\":\"https:\\\/\\\/schema.org\",\"@graph\":[{\"@type\":\"WebPage\",\"@id\":\"https:\\\/\\\/mineraleslunallena.com\\\/producto\\\/incienso-mineral-turquesa-expresion-emocional-comunicacion\\\/\",\"url\":\"https:\\\/\\\/mineraleslunallena.com\\\/producto\\\/incienso-mineral-turquesa-expresion-emocional-comunicacion\\\/\",\"name\":\"Incienso Mineral Turquesa | Expresi\u00f3n Emocional \u2013 Comunicaci\u00f3n - MINERALES LUNA LLENA\",\"isPartOf\":{\"@id\":\"https:\\\/\\\/mineraleslunallena.com\\\/#website\"},\"primaryImageOfPage\":{\"@id\":\"https:\\\/\\\/mineraleslunallena.com\\\/producto\\\/incienso-mineral-turquesa-expresion-emocional-comunicacion\\\/#primaryimage\"},\"image\":{\"@id\":\"https:\\\/\\\/mineraleslunallena.com\\\/producto\\\/incienso-mineral-turquesa-expresion-emocional-comunicacion\\\/#primaryimage\"},\"thumbnailUrl\":\"https:\\\/\\\/mineraleslunallena.com\\\/wp-content\\\/uploads\\\/2025\\\/06\\\/IMG_20250604_190034-scaled.jpg\",\"datePublished\":\"2025-06-04T17:57:14+00:00\",\"description\":\"\ud83d\udd37 Incienso Mineral Turquesa | Protecci\u00f3n \u2013 Comunicaci\u00f3nEl incienso de turquesa es un aliado poderoso para quienes buscan protecci\u00f3n energ\u00e9tica y mejorar la comunicaci\u00f3n sincera y aut\u00e9ntica. La turquesa es un mineral sagrado que equilibra el cuerpo y el esp\u00edritu, facilitando la expresi\u00f3n clara de emociones y pensamientos, y fortaleciendo la conexi\u00f3n con la verdad interior.Ideal para momentos de di\u00e1logo, mediaci\u00f3n o para limpiar el aura de energ\u00edas densas. Su aroma fresco y envolvente crea un espacio de seguridad y armon\u00eda, invitando a la calma y la apertura.Artesanal y naturalHecho a mano con ingredientes naturales, resinas puras, aceites esenciales y polvo de turquesa. Las varillas son sostenibles, veganas y elaboradas con respeto al medio ambiente y a la tradici\u00f3n ancestral.\ud83e\uddff Cada caja incluye minerales reales relacionados con su energ\u00eda, potenciando el poder del incienso en tus rituales y espacios.\",\"breadcrumb\":{\"@id\":\"https:\\\/\\\/mineraleslunallena.com\\\/producto\\\/incienso-mineral-turquesa-expresion-emocional-comunicacion\\\/#breadcrumb\"},\"inLanguage\":\"ca\",\"potentialAction\":[{\"@type\":\"ReadAction\",\"target\":[\"https:\\\/\\\/mineraleslunallena.com\\\/producto\\\/incienso-mineral-turquesa-expresion-emocional-comunicacion\\\/\"]}]},{\"@type\":\"ImageObject\",\"inLanguage\":\"ca\",\"@id\":\"https:\\\/\\\/mineraleslunallena.com\\\/producto\\\/incienso-mineral-turquesa-expresion-emocional-comunicacion\\\/#primaryimage\",\"url\":\"https:\\\/\\\/mineraleslunallena.com\\\/wp-content\\\/uploads\\\/2025\\\/06\\\/IMG_20250604_190034-scaled.jpg\",\"contentUrl\":\"https:\\\/\\\/mineraleslunallena.com\\\/wp-content\\\/uploads\\\/2025\\\/06\\\/IMG_20250604_190034-scaled.jpg\",\"width\":1153,\"height\":2560},{\"@type\":\"BreadcrumbList\",\"@id\":\"https:\\\/\\\/mineraleslunallena.com\\\/producto\\\/incienso-mineral-turquesa-expresion-emocional-comunicacion\\\/#breadcrumb\",\"itemListElement\":[{\"@type\":\"ListItem\",\"position\":1,\"name\":\"Portada\",\"item\":\"https:\\\/\\\/mineraleslunallena.com\\\/\"},{\"@type\":\"ListItem\",\"position\":2,\"name\":\"Shop\",\"item\":\"https:\\\/\\\/mineraleslunallena.com\\\/ca\\\/shop\\\/\"},{\"@type\":\"ListItem\",\"position\":3,\"name\":\"Incienso Mineral Turquesa | Expresi\u00f3n Emocional \u2013 Comunicaci\u00f3n\"}]},{\"@type\":\"WebSite\",\"@id\":\"https:\\\/\\\/mineraleslunallena.com\\\/#website\",\"url\":\"https:\\\/\\\/mineraleslunallena.com\\\/\",\"name\":\"LUNA LLENA MINERALES\",\"description\":\"Es el momento de conectarte con tu propio poder y confiar en tus habilidades.\",\"publisher\":{\"@id\":\"https:\\\/\\\/mineraleslunallena.com\\\/#organization\"},\"potentialAction\":[{\"@type\":\"SearchAction\",\"target\":{\"@type\":\"EntryPoint\",\"urlTemplate\":\"https:\\\/\\\/mineraleslunallena.com\\\/?s={search_term_string}\"},\"query-input\":{\"@type\":\"PropertyValueSpecification\",\"valueRequired\":true,\"valueName\":\"search_term_string\"}}],\"inLanguage\":\"ca\"},{\"@type\":\"Organization\",\"@id\":\"https:\\\/\\\/mineraleslunallena.com\\\/#organization\",\"name\":\"LUNA LLENA MINERALES\",\"url\":\"https:\\\/\\\/mineraleslunallena.com\\\/\",\"logo\":{\"@type\":\"ImageObject\",\"inLanguage\":\"ca\",\"@id\":\"https:\\\/\\\/mineraleslunallena.com\\\/#\\\/schema\\\/logo\\\/image\\\/\",\"url\":\"https:\\\/\\\/mineraleslunallena.com\\\/wp-content\\\/uploads\\\/2023\\\/07\\\/LUNA-LLENA-LOGO-nuevo.png\",\"contentUrl\":\"https:\\\/\\\/mineraleslunallena.com\\\/wp-content\\\/uploads\\\/2023\\\/07\\\/LUNA-LLENA-LOGO-nuevo.png\",\"width\":229,\"height\":167,\"caption\":\"LUNA LLENA MINERALES\"},\"image\":{\"@id\":\"https:\\\/\\\/mineraleslunallena.com\\\/#\\\/schema\\\/logo\\\/image\\\/\"}}]}<\/script>\n<!-- \/ Yoast SEO plugin. -->","yoast_head_json":{"title":"Incienso Mineral Turquesa | Expresi\u00f3n Emocional \u2013 Comunicaci\u00f3n - MINERALES LUNA LLENA","description":"\ud83d\udd37 Incienso Mineral Turquesa | Protecci\u00f3n \u2013 Comunicaci\u00f3nEl incienso de turquesa es un aliado poderoso para quienes buscan protecci\u00f3n energ\u00e9tica y mejorar la comunicaci\u00f3n sincera y aut\u00e9ntica. La turquesa es un mineral sagrado que equilibra el cuerpo y el esp\u00edritu, facilitando la expresi\u00f3n clara de emociones y pensamientos, y fortaleciendo la conexi\u00f3n con la verdad interior.Ideal para momentos de di\u00e1logo, mediaci\u00f3n o para limpiar el aura de energ\u00edas densas. Su aroma fresco y envolvente crea un espacio de seguridad y armon\u00eda, invitando a la calma y la apertura.Artesanal y naturalHecho a mano con ingredientes naturales, resinas puras, aceites esenciales y polvo de turquesa. Las varillas son sostenibles, veganas y elaboradas con respeto al medio ambiente y a la tradici\u00f3n ancestral.\ud83e\uddff Cada caja incluye minerales reales relacionados con su energ\u00eda, potenciando el poder del incienso en tus rituales y espacios.","robots":{"index":"index","follow":"follow","max-snippet":"max-snippet:-1","max-image-preview":"max-image-preview:large","max-video-preview":"max-video-preview:-1"},"canonical":"https:\/\/mineraleslunallena.com\/ca\/producte\/incienso-mineral-turquesa-expresion-emocional-comunicacion\/","og_locale":"ca_ES","og_type":"article","og_title":"Incienso Mineral Turquesa | Expresi\u00f3n Emocional \u2013 Comunicaci\u00f3n - MINERALES LUNA LLENA","og_description":"\ud83d\udd37 Incienso Mineral Turquesa | Protecci\u00f3n \u2013 Comunicaci\u00f3nEl incienso de turquesa es un aliado poderoso para quienes buscan protecci\u00f3n energ\u00e9tica y mejorar la comunicaci\u00f3n sincera y aut\u00e9ntica. La turquesa es un mineral sagrado que equilibra el cuerpo y el esp\u00edritu, facilitando la expresi\u00f3n clara de emociones y pensamientos, y fortaleciendo la conexi\u00f3n con la verdad interior.Ideal para momentos de di\u00e1logo, mediaci\u00f3n o para limpiar el aura de energ\u00edas densas. Su aroma fresco y envolvente crea un espacio de seguridad y armon\u00eda, invitando a la calma y la apertura.Artesanal y naturalHecho a mano con ingredientes naturales, resinas puras, aceites esenciales y polvo de turquesa. Las varillas son sostenibles, veganas y elaboradas con respeto al medio ambiente y a la tradici\u00f3n ancestral.\ud83e\uddff Cada caja incluye minerales reales relacionados con su energ\u00eda, potenciando el poder del incienso en tus rituales y espacios.","og_url":"https:\/\/mineraleslunallena.com\/ca\/producte\/incienso-mineral-turquesa-expresion-emocional-comunicacion\/","og_site_name":"MINERALES LUNA LLENA","og_image":[{"width":1153,"height":2560,"url":"https:\/\/mineraleslunallena.com\/wp-content\/uploads\/2025\/06\/IMG_20250604_190034-scaled.jpg","type":"image\/jpeg"}],"twitter_card":"summary_large_image","twitter_misc":{"Temps estimat de lectura":"1 minut"},"schema":{"@context":"https:\/\/schema.org","@graph":[{"@type":"WebPage","@id":"https:\/\/mineraleslunallena.com\/producto\/incienso-mineral-turquesa-expresion-emocional-comunicacion\/","url":"https:\/\/mineraleslunallena.com\/producto\/incienso-mineral-turquesa-expresion-emocional-comunicacion\/","name":"Incienso Mineral Turquesa | Expresi\u00f3n Emocional \u2013 Comunicaci\u00f3n - MINERALES LUNA LLENA","isPartOf":{"@id":"https:\/\/mineraleslunallena.com\/#website"},"primaryImageOfPage":{"@id":"https:\/\/mineraleslunallena.com\/producto\/incienso-mineral-turquesa-expresion-emocional-comunicacion\/#primaryimage"},"image":{"@id":"https:\/\/mineraleslunallena.com\/producto\/incienso-mineral-turquesa-expresion-emocional-comunicacion\/#primaryimage"},"thumbnailUrl":"https:\/\/mineraleslunallena.com\/wp-content\/uploads\/2025\/06\/IMG_20250604_190034-scaled.jpg","datePublished":"2025-06-04T17:57:14+00:00","description":"\ud83d\udd37 Incienso Mineral Turquesa | Protecci\u00f3n \u2013 Comunicaci\u00f3nEl incienso de turquesa es un aliado poderoso para quienes buscan protecci\u00f3n energ\u00e9tica y mejorar la comunicaci\u00f3n sincera y aut\u00e9ntica. La turquesa es un mineral sagrado que equilibra el cuerpo y el esp\u00edritu, facilitando la expresi\u00f3n clara de emociones y pensamientos, y fortaleciendo la conexi\u00f3n con la verdad interior.Ideal para momentos de di\u00e1logo, mediaci\u00f3n o para limpiar el aura de energ\u00edas densas. Su aroma fresco y envolvente crea un espacio de seguridad y armon\u00eda, invitando a la calma y la apertura.Artesanal y naturalHecho a mano con ingredientes naturales, resinas puras, aceites esenciales y polvo de turquesa. Las varillas son sostenibles, veganas y elaboradas con respeto al medio ambiente y a la tradici\u00f3n ancestral.\ud83e\uddff Cada caja incluye minerales reales relacionados con su energ\u00eda, potenciando el poder del incienso en tus rituales y espacios.","breadcrumb":{"@id":"https:\/\/mineraleslunallena.com\/producto\/incienso-mineral-turquesa-expresion-emocional-comunicacion\/#breadcrumb"},"inLanguage":"ca","potentialAction":[{"@type":"ReadAction","target":["https:\/\/mineraleslunallena.com\/producto\/incienso-mineral-turquesa-expresion-emocional-comunicacion\/"]}]},{"@type":"ImageObject","inLanguage":"ca","@id":"https:\/\/mineraleslunallena.com\/producto\/incienso-mineral-turquesa-expresion-emocional-comunicacion\/#primaryimage","url":"https:\/\/mineraleslunallena.com\/wp-content\/uploads\/2025\/06\/IMG_20250604_190034-scaled.jpg","contentUrl":"https:\/\/mineraleslunallena.com\/wp-content\/uploads\/2025\/06\/IMG_20250604_190034-scaled.jpg","width":1153,"height":2560},{"@type":"BreadcrumbList","@id":"https:\/\/mineraleslunallena.com\/producto\/incienso-mineral-turquesa-expresion-emocional-comunicacion\/#breadcrumb","itemListElement":[{"@type":"ListItem","position":1,"name":"Portada","item":"https:\/\/mineraleslunallena.com\/"},{"@type":"ListItem","position":2,"name":"Shop","item":"https:\/\/mineraleslunallena.com\/ca\/shop\/"},{"@type":"ListItem","position":3,"name":"Incienso Mineral Turquesa | Expresi\u00f3n Emocional \u2013 Comunicaci\u00f3n"}]},{"@type":"WebSite","@id":"https:\/\/mineraleslunallena.com\/#website","url":"https:\/\/mineraleslunallena.com\/","name":"LLUNA PLENA MINERALS","description":"\u00c9s el moment de connectar-te amb el teu poder i confiar en les teves habilitats.","publisher":{"@id":"https:\/\/mineraleslunallena.com\/#organization"},"potentialAction":[{"@type":"SearchAction","target":{"@type":"EntryPoint","urlTemplate":"https:\/\/mineraleslunallena.com\/?s={search_term_string}"},"query-input":{"@type":"PropertyValueSpecification","valueRequired":true,"valueName":"search_term_string"}}],"inLanguage":"ca"},{"@type":"Organization","@id":"https:\/\/mineraleslunallena.com\/#organization","name":"LLUNA PLENA MINERALS","url":"https:\/\/mineraleslunallena.com\/","logo":{"@type":"ImageObject","inLanguage":"ca","@id":"https:\/\/mineraleslunallena.com\/#\/schema\/logo\/image\/","url":"https:\/\/mineraleslunallena.com\/wp-content\/uploads\/2023\/07\/LUNA-LLENA-LOGO-nuevo.png","contentUrl":"https:\/\/mineraleslunallena.com\/wp-content\/uploads\/2023\/07\/LUNA-LLENA-LOGO-nuevo.png","width":229,"height":167,"caption":"LUNA LLENA MINERALES"},"image":{"@id":"https:\/\/mineraleslunallena.com\/#\/schema\/logo\/image\/"}}]}},"jetpack_sharing_enabled":true,"_links":{"self":[{"href":"https:\/\/mineraleslunallena.com\/ca\/wp-json\/wp\/v2\/product\/7791","targetHints":{"allow":["GET"]}}],"collection":[{"href":"https:\/\/mineraleslunallena.com\/ca\/wp-json\/wp\/v2\/product"}],"about":[{"href":"https:\/\/mineraleslunallena.com\/ca\/wp-json\/wp\/v2\/types\/product"}],"version-history":[{"count":1,"href":"https:\/\/mineraleslunallena.com\/ca\/wp-json\/wp\/v2\/product\/7791\/revisions"}],"predecessor-version":[{"id":7794,"href":"https:\/\/mineraleslunallena.com\/ca\/wp-json\/wp\/v2\/product\/7791\/revisions\/7794"}],"wp:featuredmedia":[{"embeddable":true,"href":"https:\/\/mineraleslunallena.com\/ca\/wp-json\/wp\/v2\/media\/7793"}],"wp:attachment":[{"href":"https:\/\/mineraleslunallena.com\/ca\/wp-json\/wp\/v2\/media?parent=7791"}],"wp:term":[{"taxonomy":"product_cat","embeddable":true,"href":"https:\/\/mineraleslunallena.com\/ca\/wp-json\/wp\/v2\/product_cat?post=7791"},{"taxonomy":"product_tag","embeddable":true,"href":"https:\/\/mineraleslunallena.com\/ca\/wp-json\/wp\/v2\/product_tag?post=7791"}],"curies":[{"name":"wp","href":"https:\/\/api.w.org\/{rel}","templated":true}]}}