{"id":7795,"date":"2025-06-04T19:59:15","date_gmt":"2025-06-04T17:59:15","guid":{"rendered":"https:\/\/mineraleslunallena.com\/?post_type=product&#038;p=7795"},"modified":"2025-06-04T19:59:15","modified_gmt":"2025-06-04T17:59:15","slug":"incienso-mineral-lava-fuerza-renovacion","status":"publish","type":"product","link":"https:\/\/mineraleslunallena.com\/ca\/producte\/incienso-mineral-lava-fuerza-renovacion\/","title":{"rendered":"Incienso Mineral Lava | Fuerza \u2013 Renovaci\u00f3n"},"content":{"rendered":"<p data-start=\"131\" data-end=\"415\">El <strong data-start=\"134\" data-end=\"154\">incienso de lava<\/strong> es perfecto para quienes buscan <strong data-start=\"187\" data-end=\"233\">fortaleza interior y renovaci\u00f3n energ\u00e9tica<\/strong>. La piedra volc\u00e1nica, cargada con la energ\u00eda primigenia de la tierra, ayuda a liberar bloqueos, estabilizar emociones y fomentar el coraje para enfrentar cambios y nuevos comienzos.<\/p>\n<p data-start=\"417\" data-end=\"566\">Este incienso crea un ambiente poderoso y protector, ideal para rituales de transformaci\u00f3n, limpieza profunda y conexi\u00f3n con la energ\u00eda de la tierra.<\/p>\n<p data-start=\"568\" data-end=\"791\"><strong data-start=\"568\" data-end=\"591\">Artesanal y natural<\/strong><br data-start=\"591\" data-end=\"594\" \/>Elaborado a mano con resinas naturales, aceites esenciales y polvo de piedra volc\u00e1nica. Cada varilla es vegana, sostenible y fabricada con respeto al medio ambiente y a las tradiciones ancestrales.<\/p>\n<p data-start=\"793\" data-end=\"930\">\ud83e\uddff <strong data-start=\"796\" data-end=\"862\">Cada caja incluye minerales reales relacionados con su energ\u00eda<\/strong>, para amplificar la intenci\u00f3n de fuerza y renovaci\u00f3n en tu espacio.<\/p>","protected":false},"excerpt":{"rendered":"<p data-start=\"131\" data-end=\"415\">El <strong data-start=\"134\" data-end=\"154\">incienso de lava<\/strong> es perfecto para quienes buscan <strong data-start=\"187\" data-end=\"233\">fortaleza interior y renovaci\u00f3n energ\u00e9tica<\/strong>. La piedra volc\u00e1nica, cargada con la energ\u00eda primigenia de la tierra, ayuda a liberar bloqueos, estabilizar emociones y fomentar el coraje para enfrentar cambios y nuevos comienzos.<\/p>\n<p data-start=\"417\" data-end=\"566\">Este incienso crea un ambiente poderoso y protector, ideal para rituales de transformaci\u00f3n, limpieza profunda y conexi\u00f3n con la energ\u00eda de la tierra.<\/p>\n<p data-start=\"568\" data-end=\"791\"><strong data-start=\"568\" data-end=\"591\">Artesanal y natural<\/strong><br data-start=\"591\" data-end=\"594\" \/>Elaborado a mano con resinas naturales, aceites esenciales y polvo de piedra volc\u00e1nica. Cada varilla es vegana, sostenible y fabricada con respeto al medio ambiente y a las tradiciones ancestrales.<\/p>\n<p data-start=\"793\" data-end=\"930\">\ud83e\uddff <strong data-start=\"796\" data-end=\"862\">Cada caja incluye minerales reales relacionados con su energ\u00eda<\/strong>, para amplificar la intenci\u00f3n de fuerza y renovaci\u00f3n en tu espacio.<\/p>","protected":false},"featured_media":7797,"template":"","meta":[],"product_cat":[100,98],"product_tag":[],"class_list":{"0":"post-7795","1":"product","2":"type-product","3":"status-publish","4":"has-post-thumbnail","6":"product_cat-incienso-natural-en-varilla","7":"product_cat-incienso","9":"first","10":"instock","11":"sale","12":"taxable","13":"shipping-taxable","14":"purchasable","15":"product-type-simple"},"yoast_head":"<!-- This site is optimized with the Yoast SEO plugin v27.3 - https:\/\/yoast.com\/product\/yoast-seo-wordpress\/ -->\n<title>Incienso Mineral Lava | Fuerza \u2013 Renovaci\u00f3n - MINERALES LUNA LLENA<\/title>\n<meta name=\"description\" content=\"El incienso de lava es perfecto para quienes buscan fortaleza interior y renovaci\u00f3n energ\u00e9tica. La piedra volc\u00e1nica, cargada con la energ\u00eda primigenia de la tierra, ayuda a liberar bloqueos, estabilizar emociones y fomentar el coraje para enfrentar cambios y nuevos comienzos.Este incienso crea un ambiente poderoso y protector, ideal para rituales de transformaci\u00f3n, limpieza profunda y conexi\u00f3n con la energ\u00eda de la tierra.Artesanal y naturalElaborado a mano con resinas naturales, aceites esenciales y polvo de piedra volc\u00e1nica. Cada varilla es vegana, sostenible y fabricada con respeto al medio ambiente y a las tradiciones ancestrales.\ud83e\uddff Cada caja incluye minerales reales relacionados con su energ\u00eda, para amplificar la intenci\u00f3n de fuerza y renovaci\u00f3n en tu espacio.\" \/>\n<meta name=\"robots\" content=\"index, follow, max-snippet:-1, max-image-preview:large, max-video-preview:-1\" \/>\n<link rel=\"canonical\" href=\"https:\/\/mineraleslunallena.com\/ca\/producte\/incienso-mineral-lava-fuerza-renovacion\/\" \/>\n<meta property=\"og:locale\" content=\"ca_ES\" \/>\n<meta property=\"og:type\" content=\"article\" \/>\n<meta property=\"og:title\" content=\"Incienso Mineral Lava | Fuerza \u2013 Renovaci\u00f3n - MINERALES LUNA LLENA\" \/>\n<meta property=\"og:description\" content=\"El incienso de lava es perfecto para quienes buscan fortaleza interior y renovaci\u00f3n energ\u00e9tica. La piedra volc\u00e1nica, cargada con la energ\u00eda primigenia de la tierra, ayuda a liberar bloqueos, estabilizar emociones y fomentar el coraje para enfrentar cambios y nuevos comienzos.Este incienso crea un ambiente poderoso y protector, ideal para rituales de transformaci\u00f3n, limpieza profunda y conexi\u00f3n con la energ\u00eda de la tierra.Artesanal y naturalElaborado a mano con resinas naturales, aceites esenciales y polvo de piedra volc\u00e1nica. Cada varilla es vegana, sostenible y fabricada con respeto al medio ambiente y a las tradiciones ancestrales.\ud83e\uddff Cada caja incluye minerales reales relacionados con su energ\u00eda, para amplificar la intenci\u00f3n de fuerza y renovaci\u00f3n en tu espacio.\" \/>\n<meta property=\"og:url\" content=\"https:\/\/mineraleslunallena.com\/ca\/producte\/incienso-mineral-lava-fuerza-renovacion\/\" \/>\n<meta property=\"og:site_name\" content=\"MINERALES LUNA LLENA\" \/>\n<meta property=\"og:image\" content=\"https:\/\/mineraleslunallena.com\/wp-content\/uploads\/2025\/06\/IMG_20250604_185845-scaled.jpg\" \/>\n\t<meta property=\"og:image:width\" content=\"1153\" \/>\n\t<meta property=\"og:image:height\" content=\"2560\" \/>\n\t<meta property=\"og:image:type\" content=\"image\/jpeg\" \/>\n<meta name=\"twitter:card\" content=\"summary_large_image\" \/>\n<meta name=\"twitter:label1\" content=\"Temps estimat de lectura\" \/>\n\t<meta name=\"twitter:data1\" content=\"1 minut\" \/>\n<script type=\"application\/ld+json\" class=\"yoast-schema-graph\">{\"@context\":\"https:\\\/\\\/schema.org\",\"@graph\":[{\"@type\":\"WebPage\",\"@id\":\"https:\\\/\\\/mineraleslunallena.com\\\/producto\\\/incienso-mineral-lava-fuerza-renovacion\\\/\",\"url\":\"https:\\\/\\\/mineraleslunallena.com\\\/producto\\\/incienso-mineral-lava-fuerza-renovacion\\\/\",\"name\":\"Incienso Mineral Lava | Fuerza \u2013 Renovaci\u00f3n - MINERALES LUNA LLENA\",\"isPartOf\":{\"@id\":\"https:\\\/\\\/mineraleslunallena.com\\\/#website\"},\"primaryImageOfPage\":{\"@id\":\"https:\\\/\\\/mineraleslunallena.com\\\/producto\\\/incienso-mineral-lava-fuerza-renovacion\\\/#primaryimage\"},\"image\":{\"@id\":\"https:\\\/\\\/mineraleslunallena.com\\\/producto\\\/incienso-mineral-lava-fuerza-renovacion\\\/#primaryimage\"},\"thumbnailUrl\":\"https:\\\/\\\/mineraleslunallena.com\\\/wp-content\\\/uploads\\\/2025\\\/06\\\/IMG_20250604_185845-scaled.jpg\",\"datePublished\":\"2025-06-04T17:59:15+00:00\",\"description\":\"El incienso de lava es perfecto para quienes buscan fortaleza interior y renovaci\u00f3n energ\u00e9tica. La piedra volc\u00e1nica, cargada con la energ\u00eda primigenia de la tierra, ayuda a liberar bloqueos, estabilizar emociones y fomentar el coraje para enfrentar cambios y nuevos comienzos.Este incienso crea un ambiente poderoso y protector, ideal para rituales de transformaci\u00f3n, limpieza profunda y conexi\u00f3n con la energ\u00eda de la tierra.Artesanal y naturalElaborado a mano con resinas naturales, aceites esenciales y polvo de piedra volc\u00e1nica. Cada varilla es vegana, sostenible y fabricada con respeto al medio ambiente y a las tradiciones ancestrales.\ud83e\uddff Cada caja incluye minerales reales relacionados con su energ\u00eda, para amplificar la intenci\u00f3n de fuerza y renovaci\u00f3n en tu espacio.\",\"breadcrumb\":{\"@id\":\"https:\\\/\\\/mineraleslunallena.com\\\/producto\\\/incienso-mineral-lava-fuerza-renovacion\\\/#breadcrumb\"},\"inLanguage\":\"ca\",\"potentialAction\":[{\"@type\":\"ReadAction\",\"target\":[\"https:\\\/\\\/mineraleslunallena.com\\\/producto\\\/incienso-mineral-lava-fuerza-renovacion\\\/\"]}]},{\"@type\":\"ImageObject\",\"inLanguage\":\"ca\",\"@id\":\"https:\\\/\\\/mineraleslunallena.com\\\/producto\\\/incienso-mineral-lava-fuerza-renovacion\\\/#primaryimage\",\"url\":\"https:\\\/\\\/mineraleslunallena.com\\\/wp-content\\\/uploads\\\/2025\\\/06\\\/IMG_20250604_185845-scaled.jpg\",\"contentUrl\":\"https:\\\/\\\/mineraleslunallena.com\\\/wp-content\\\/uploads\\\/2025\\\/06\\\/IMG_20250604_185845-scaled.jpg\",\"width\":1153,\"height\":2560},{\"@type\":\"BreadcrumbList\",\"@id\":\"https:\\\/\\\/mineraleslunallena.com\\\/producto\\\/incienso-mineral-lava-fuerza-renovacion\\\/#breadcrumb\",\"itemListElement\":[{\"@type\":\"ListItem\",\"position\":1,\"name\":\"Portada\",\"item\":\"https:\\\/\\\/mineraleslunallena.com\\\/\"},{\"@type\":\"ListItem\",\"position\":2,\"name\":\"Shop\",\"item\":\"https:\\\/\\\/mineraleslunallena.com\\\/ca\\\/shop\\\/\"},{\"@type\":\"ListItem\",\"position\":3,\"name\":\"Incienso Mineral Lava | Fuerza \u2013 Renovaci\u00f3n\"}]},{\"@type\":\"WebSite\",\"@id\":\"https:\\\/\\\/mineraleslunallena.com\\\/#website\",\"url\":\"https:\\\/\\\/mineraleslunallena.com\\\/\",\"name\":\"LUNA LLENA MINERALES\",\"description\":\"Es el momento de conectarte con tu propio poder y confiar en tus habilidades.\",\"publisher\":{\"@id\":\"https:\\\/\\\/mineraleslunallena.com\\\/#organization\"},\"potentialAction\":[{\"@type\":\"SearchAction\",\"target\":{\"@type\":\"EntryPoint\",\"urlTemplate\":\"https:\\\/\\\/mineraleslunallena.com\\\/?s={search_term_string}\"},\"query-input\":{\"@type\":\"PropertyValueSpecification\",\"valueRequired\":true,\"valueName\":\"search_term_string\"}}],\"inLanguage\":\"ca\"},{\"@type\":\"Organization\",\"@id\":\"https:\\\/\\\/mineraleslunallena.com\\\/#organization\",\"name\":\"LUNA LLENA MINERALES\",\"url\":\"https:\\\/\\\/mineraleslunallena.com\\\/\",\"logo\":{\"@type\":\"ImageObject\",\"inLanguage\":\"ca\",\"@id\":\"https:\\\/\\\/mineraleslunallena.com\\\/#\\\/schema\\\/logo\\\/image\\\/\",\"url\":\"https:\\\/\\\/mineraleslunallena.com\\\/wp-content\\\/uploads\\\/2023\\\/07\\\/LUNA-LLENA-LOGO-nuevo.png\",\"contentUrl\":\"https:\\\/\\\/mineraleslunallena.com\\\/wp-content\\\/uploads\\\/2023\\\/07\\\/LUNA-LLENA-LOGO-nuevo.png\",\"width\":229,\"height\":167,\"caption\":\"LUNA LLENA MINERALES\"},\"image\":{\"@id\":\"https:\\\/\\\/mineraleslunallena.com\\\/#\\\/schema\\\/logo\\\/image\\\/\"}}]}<\/script>\n<!-- \/ Yoast SEO plugin. -->","yoast_head_json":{"title":"Incienso Mineral Lava | Fuerza \u2013 Renovaci\u00f3n - MINERALES LUNA LLENA","description":"El incienso de lava es perfecto para quienes buscan fortaleza interior y renovaci\u00f3n energ\u00e9tica. La piedra volc\u00e1nica, cargada con la energ\u00eda primigenia de la tierra, ayuda a liberar bloqueos, estabilizar emociones y fomentar el coraje para enfrentar cambios y nuevos comienzos.Este incienso crea un ambiente poderoso y protector, ideal para rituales de transformaci\u00f3n, limpieza profunda y conexi\u00f3n con la energ\u00eda de la tierra.Artesanal y naturalElaborado a mano con resinas naturales, aceites esenciales y polvo de piedra volc\u00e1nica. Cada varilla es vegana, sostenible y fabricada con respeto al medio ambiente y a las tradiciones ancestrales.\ud83e\uddff Cada caja incluye minerales reales relacionados con su energ\u00eda, para amplificar la intenci\u00f3n de fuerza y renovaci\u00f3n en tu espacio.","robots":{"index":"index","follow":"follow","max-snippet":"max-snippet:-1","max-image-preview":"max-image-preview:large","max-video-preview":"max-video-preview:-1"},"canonical":"https:\/\/mineraleslunallena.com\/ca\/producte\/incienso-mineral-lava-fuerza-renovacion\/","og_locale":"ca_ES","og_type":"article","og_title":"Incienso Mineral Lava | Fuerza \u2013 Renovaci\u00f3n - MINERALES LUNA LLENA","og_description":"El incienso de lava es perfecto para quienes buscan fortaleza interior y renovaci\u00f3n energ\u00e9tica. La piedra volc\u00e1nica, cargada con la energ\u00eda primigenia de la tierra, ayuda a liberar bloqueos, estabilizar emociones y fomentar el coraje para enfrentar cambios y nuevos comienzos.Este incienso crea un ambiente poderoso y protector, ideal para rituales de transformaci\u00f3n, limpieza profunda y conexi\u00f3n con la energ\u00eda de la tierra.Artesanal y naturalElaborado a mano con resinas naturales, aceites esenciales y polvo de piedra volc\u00e1nica. Cada varilla es vegana, sostenible y fabricada con respeto al medio ambiente y a las tradiciones ancestrales.\ud83e\uddff Cada caja incluye minerales reales relacionados con su energ\u00eda, para amplificar la intenci\u00f3n de fuerza y renovaci\u00f3n en tu espacio.","og_url":"https:\/\/mineraleslunallena.com\/ca\/producte\/incienso-mineral-lava-fuerza-renovacion\/","og_site_name":"MINERALES LUNA LLENA","og_image":[{"width":1153,"height":2560,"url":"https:\/\/mineraleslunallena.com\/wp-content\/uploads\/2025\/06\/IMG_20250604_185845-scaled.jpg","type":"image\/jpeg"}],"twitter_card":"summary_large_image","twitter_misc":{"Temps estimat de lectura":"1 minut"},"schema":{"@context":"https:\/\/schema.org","@graph":[{"@type":"WebPage","@id":"https:\/\/mineraleslunallena.com\/producto\/incienso-mineral-lava-fuerza-renovacion\/","url":"https:\/\/mineraleslunallena.com\/producto\/incienso-mineral-lava-fuerza-renovacion\/","name":"Incienso Mineral Lava | Fuerza \u2013 Renovaci\u00f3n - MINERALES LUNA LLENA","isPartOf":{"@id":"https:\/\/mineraleslunallena.com\/#website"},"primaryImageOfPage":{"@id":"https:\/\/mineraleslunallena.com\/producto\/incienso-mineral-lava-fuerza-renovacion\/#primaryimage"},"image":{"@id":"https:\/\/mineraleslunallena.com\/producto\/incienso-mineral-lava-fuerza-renovacion\/#primaryimage"},"thumbnailUrl":"https:\/\/mineraleslunallena.com\/wp-content\/uploads\/2025\/06\/IMG_20250604_185845-scaled.jpg","datePublished":"2025-06-04T17:59:15+00:00","description":"El incienso de lava es perfecto para quienes buscan fortaleza interior y renovaci\u00f3n energ\u00e9tica. La piedra volc\u00e1nica, cargada con la energ\u00eda primigenia de la tierra, ayuda a liberar bloqueos, estabilizar emociones y fomentar el coraje para enfrentar cambios y nuevos comienzos.Este incienso crea un ambiente poderoso y protector, ideal para rituales de transformaci\u00f3n, limpieza profunda y conexi\u00f3n con la energ\u00eda de la tierra.Artesanal y naturalElaborado a mano con resinas naturales, aceites esenciales y polvo de piedra volc\u00e1nica. Cada varilla es vegana, sostenible y fabricada con respeto al medio ambiente y a las tradiciones ancestrales.\ud83e\uddff Cada caja incluye minerales reales relacionados con su energ\u00eda, para amplificar la intenci\u00f3n de fuerza y renovaci\u00f3n en tu espacio.","breadcrumb":{"@id":"https:\/\/mineraleslunallena.com\/producto\/incienso-mineral-lava-fuerza-renovacion\/#breadcrumb"},"inLanguage":"ca","potentialAction":[{"@type":"ReadAction","target":["https:\/\/mineraleslunallena.com\/producto\/incienso-mineral-lava-fuerza-renovacion\/"]}]},{"@type":"ImageObject","inLanguage":"ca","@id":"https:\/\/mineraleslunallena.com\/producto\/incienso-mineral-lava-fuerza-renovacion\/#primaryimage","url":"https:\/\/mineraleslunallena.com\/wp-content\/uploads\/2025\/06\/IMG_20250604_185845-scaled.jpg","contentUrl":"https:\/\/mineraleslunallena.com\/wp-content\/uploads\/2025\/06\/IMG_20250604_185845-scaled.jpg","width":1153,"height":2560},{"@type":"BreadcrumbList","@id":"https:\/\/mineraleslunallena.com\/producto\/incienso-mineral-lava-fuerza-renovacion\/#breadcrumb","itemListElement":[{"@type":"ListItem","position":1,"name":"Portada","item":"https:\/\/mineraleslunallena.com\/"},{"@type":"ListItem","position":2,"name":"Shop","item":"https:\/\/mineraleslunallena.com\/ca\/shop\/"},{"@type":"ListItem","position":3,"name":"Incienso Mineral Lava | Fuerza \u2013 Renovaci\u00f3n"}]},{"@type":"WebSite","@id":"https:\/\/mineraleslunallena.com\/#website","url":"https:\/\/mineraleslunallena.com\/","name":"LLUNA PLENA MINERALS","description":"\u00c9s el moment de connectar-te amb el teu poder i confiar en les teves habilitats.","publisher":{"@id":"https:\/\/mineraleslunallena.com\/#organization"},"potentialAction":[{"@type":"SearchAction","target":{"@type":"EntryPoint","urlTemplate":"https:\/\/mineraleslunallena.com\/?s={search_term_string}"},"query-input":{"@type":"PropertyValueSpecification","valueRequired":true,"valueName":"search_term_string"}}],"inLanguage":"ca"},{"@type":"Organization","@id":"https:\/\/mineraleslunallena.com\/#organization","name":"LLUNA PLENA MINERALS","url":"https:\/\/mineraleslunallena.com\/","logo":{"@type":"ImageObject","inLanguage":"ca","@id":"https:\/\/mineraleslunallena.com\/#\/schema\/logo\/image\/","url":"https:\/\/mineraleslunallena.com\/wp-content\/uploads\/2023\/07\/LUNA-LLENA-LOGO-nuevo.png","contentUrl":"https:\/\/mineraleslunallena.com\/wp-content\/uploads\/2023\/07\/LUNA-LLENA-LOGO-nuevo.png","width":229,"height":167,"caption":"LUNA LLENA MINERALES"},"image":{"@id":"https:\/\/mineraleslunallena.com\/#\/schema\/logo\/image\/"}}]}},"jetpack_sharing_enabled":true,"_links":{"self":[{"href":"https:\/\/mineraleslunallena.com\/ca\/wp-json\/wp\/v2\/product\/7795","targetHints":{"allow":["GET"]}}],"collection":[{"href":"https:\/\/mineraleslunallena.com\/ca\/wp-json\/wp\/v2\/product"}],"about":[{"href":"https:\/\/mineraleslunallena.com\/ca\/wp-json\/wp\/v2\/types\/product"}],"version-history":[{"count":2,"href":"https:\/\/mineraleslunallena.com\/ca\/wp-json\/wp\/v2\/product\/7795\/revisions"}],"predecessor-version":[{"id":7799,"href":"https:\/\/mineraleslunallena.com\/ca\/wp-json\/wp\/v2\/product\/7795\/revisions\/7799"}],"wp:featuredmedia":[{"embeddable":true,"href":"https:\/\/mineraleslunallena.com\/ca\/wp-json\/wp\/v2\/media\/7797"}],"wp:attachment":[{"href":"https:\/\/mineraleslunallena.com\/ca\/wp-json\/wp\/v2\/media?parent=7795"}],"wp:term":[{"taxonomy":"product_cat","embeddable":true,"href":"https:\/\/mineraleslunallena.com\/ca\/wp-json\/wp\/v2\/product_cat?post=7795"},{"taxonomy":"product_tag","embeddable":true,"href":"https:\/\/mineraleslunallena.com\/ca\/wp-json\/wp\/v2\/product_tag?post=7795"}],"curies":[{"name":"wp","href":"https:\/\/api.w.org\/{rel}","templated":true}]}}