{"id":7804,"date":"2025-06-04T20:03:52","date_gmt":"2025-06-04T18:03:52","guid":{"rendered":"https:\/\/mineraleslunallena.com\/?post_type=product&#038;p=7804"},"modified":"2025-06-04T20:03:52","modified_gmt":"2025-06-04T18:03:52","slug":"incienso-mineral-cuarzo-rosa-amor-armonia","status":"publish","type":"product","link":"https:\/\/mineraleslunallena.com\/ca\/producte\/incienso-mineral-cuarzo-rosa-amor-armonia\/","title":{"rendered":"Incienso Mineral Cuarzo Rosa | Amor \u2013 Armon\u00eda"},"content":{"rendered":"<p data-start=\"141\" data-end=\"433\">El <strong data-start=\"144\" data-end=\"171\">incienso de cuarzo rosa<\/strong> es el aliado perfecto para quienes buscan <strong data-start=\"214\" data-end=\"281\">fomentar el amor propio, la armon\u00eda emocional y la paz interior<\/strong>. Este mineral, conocido como la piedra del amor universal, abre el coraz\u00f3n para atraer energ\u00eda positiva, ternura y comprensi\u00f3n en todas las relaciones.<\/p>\n<p data-start=\"435\" data-end=\"575\">Ideal para crear ambientes c\u00e1lidos y acogedores, rituales de sanaci\u00f3n emocional o momentos de meditaci\u00f3n dedicados al perd\u00f3n y la compasi\u00f3n.<\/p>\n<p data-start=\"577\" data-end=\"801\"><strong data-start=\"577\" data-end=\"600\">Artesanal y natural<\/strong><br data-start=\"600\" data-end=\"603\" \/>Hecho a mano con resinas naturales, aceites esenciales y polvo de cuarzo rosa. Cada varilla es elaborada de forma sostenible, vegana y respetuosa con el medio ambiente y las tradiciones ancestrales.<\/p>\n<p data-start=\"803\" data-end=\"937\">\ud83e\uddff <strong data-start=\"806\" data-end=\"872\">Cada caja incluye minerales reales relacionados con su energ\u00eda<\/strong>, para potenciar la intenci\u00f3n amorosa y armonizadora de cada uso.<\/p>","protected":false},"excerpt":{"rendered":"<p data-start=\"141\" data-end=\"433\">El <strong data-start=\"144\" data-end=\"171\">incienso de cuarzo rosa<\/strong> es el aliado perfecto para quienes buscan <strong data-start=\"214\" data-end=\"281\">fomentar el amor propio, la armon\u00eda emocional y la paz interior<\/strong>. Este mineral, conocido como la piedra del amor universal, abre el coraz\u00f3n para atraer energ\u00eda positiva, ternura y comprensi\u00f3n en todas las relaciones.<\/p>\n<p data-start=\"435\" data-end=\"575\">Ideal para crear ambientes c\u00e1lidos y acogedores, rituales de sanaci\u00f3n emocional o momentos de meditaci\u00f3n dedicados al perd\u00f3n y la compasi\u00f3n.<\/p>\n<p data-start=\"577\" data-end=\"801\"><strong data-start=\"577\" data-end=\"600\">Artesanal y natural<\/strong><br data-start=\"600\" data-end=\"603\" \/>Hecho a mano con resinas naturales, aceites esenciales y polvo de cuarzo rosa. Cada varilla es elaborada de forma sostenible, vegana y respetuosa con el medio ambiente y las tradiciones ancestrales.<\/p>\n<p data-start=\"803\" data-end=\"937\">\ud83e\uddff <strong data-start=\"806\" data-end=\"872\">Cada caja incluye minerales reales relacionados con su energ\u00eda<\/strong>, para potenciar la intenci\u00f3n amorosa y armonizadora de cada uso.<\/p>","protected":false},"featured_media":7806,"template":"","meta":[],"product_cat":[100,98],"product_tag":[],"class_list":{"0":"post-7804","1":"product","2":"type-product","3":"status-publish","4":"has-post-thumbnail","6":"product_cat-incienso-natural-en-varilla","7":"product_cat-incienso","9":"first","10":"instock","11":"sale","12":"taxable","13":"shipping-taxable","14":"purchasable","15":"product-type-simple"},"yoast_head":"<!-- This site is optimized with the Yoast SEO plugin v27.3 - https:\/\/yoast.com\/product\/yoast-seo-wordpress\/ -->\n<title>Incienso Mineral Cuarzo Rosa | Amor \u2013 Armon\u00eda - MINERALES LUNA LLENA<\/title>\n<meta name=\"description\" content=\"El incienso de cuarzo rosa es el aliado perfecto para quienes buscan fomentar el amor propio, la armon\u00eda emocional y la paz interior. Este mineral, conocido como la piedra del amor universal, abre el coraz\u00f3n para atraer energ\u00eda positiva, ternura y comprensi\u00f3n en todas las relaciones.Ideal para crear ambientes c\u00e1lidos y acogedores, rituales de sanaci\u00f3n emocional o momentos de meditaci\u00f3n dedicados al perd\u00f3n y la compasi\u00f3n.Artesanal y naturalHecho a mano con resinas naturales, aceites esenciales y polvo de cuarzo rosa. Cada varilla es elaborada de forma sostenible, vegana y respetuosa con el medio ambiente y las tradiciones ancestrales.\ud83e\uddff Cada caja incluye minerales reales relacionados con su energ\u00eda, para potenciar la intenci\u00f3n amorosa y armonizadora de cada uso.\" \/>\n<meta name=\"robots\" content=\"index, follow, max-snippet:-1, max-image-preview:large, max-video-preview:-1\" \/>\n<link rel=\"canonical\" href=\"https:\/\/mineraleslunallena.com\/ca\/producte\/incienso-mineral-cuarzo-rosa-amor-armonia\/\" \/>\n<meta property=\"og:locale\" content=\"ca_ES\" \/>\n<meta property=\"og:type\" content=\"article\" \/>\n<meta property=\"og:title\" content=\"Incienso Mineral Cuarzo Rosa | Amor \u2013 Armon\u00eda - MINERALES LUNA LLENA\" \/>\n<meta property=\"og:description\" content=\"El incienso de cuarzo rosa es el aliado perfecto para quienes buscan fomentar el amor propio, la armon\u00eda emocional y la paz interior. Este mineral, conocido como la piedra del amor universal, abre el coraz\u00f3n para atraer energ\u00eda positiva, ternura y comprensi\u00f3n en todas las relaciones.Ideal para crear ambientes c\u00e1lidos y acogedores, rituales de sanaci\u00f3n emocional o momentos de meditaci\u00f3n dedicados al perd\u00f3n y la compasi\u00f3n.Artesanal y naturalHecho a mano con resinas naturales, aceites esenciales y polvo de cuarzo rosa. Cada varilla es elaborada de forma sostenible, vegana y respetuosa con el medio ambiente y las tradiciones ancestrales.\ud83e\uddff Cada caja incluye minerales reales relacionados con su energ\u00eda, para potenciar la intenci\u00f3n amorosa y armonizadora de cada uso.\" \/>\n<meta property=\"og:url\" content=\"https:\/\/mineraleslunallena.com\/ca\/producte\/incienso-mineral-cuarzo-rosa-amor-armonia\/\" \/>\n<meta property=\"og:site_name\" content=\"MINERALES LUNA LLENA\" \/>\n<meta property=\"og:image\" content=\"https:\/\/mineraleslunallena.com\/wp-content\/uploads\/2025\/06\/IMG_20250604_191630-scaled.jpg\" \/>\n\t<meta property=\"og:image:width\" content=\"1153\" \/>\n\t<meta property=\"og:image:height\" content=\"2560\" \/>\n\t<meta property=\"og:image:type\" content=\"image\/jpeg\" \/>\n<meta name=\"twitter:card\" content=\"summary_large_image\" \/>\n<meta name=\"twitter:label1\" content=\"Temps estimat de lectura\" \/>\n\t<meta name=\"twitter:data1\" content=\"1 minut\" \/>\n<script type=\"application\/ld+json\" class=\"yoast-schema-graph\">{\"@context\":\"https:\\\/\\\/schema.org\",\"@graph\":[{\"@type\":\"WebPage\",\"@id\":\"https:\\\/\\\/mineraleslunallena.com\\\/producto\\\/incienso-mineral-cuarzo-rosa-amor-armonia\\\/\",\"url\":\"https:\\\/\\\/mineraleslunallena.com\\\/producto\\\/incienso-mineral-cuarzo-rosa-amor-armonia\\\/\",\"name\":\"Incienso Mineral Cuarzo Rosa | Amor \u2013 Armon\u00eda - MINERALES LUNA LLENA\",\"isPartOf\":{\"@id\":\"https:\\\/\\\/mineraleslunallena.com\\\/#website\"},\"primaryImageOfPage\":{\"@id\":\"https:\\\/\\\/mineraleslunallena.com\\\/producto\\\/incienso-mineral-cuarzo-rosa-amor-armonia\\\/#primaryimage\"},\"image\":{\"@id\":\"https:\\\/\\\/mineraleslunallena.com\\\/producto\\\/incienso-mineral-cuarzo-rosa-amor-armonia\\\/#primaryimage\"},\"thumbnailUrl\":\"https:\\\/\\\/mineraleslunallena.com\\\/wp-content\\\/uploads\\\/2025\\\/06\\\/IMG_20250604_191630-scaled.jpg\",\"datePublished\":\"2025-06-04T18:03:52+00:00\",\"description\":\"El incienso de cuarzo rosa es el aliado perfecto para quienes buscan fomentar el amor propio, la armon\u00eda emocional y la paz interior. Este mineral, conocido como la piedra del amor universal, abre el coraz\u00f3n para atraer energ\u00eda positiva, ternura y comprensi\u00f3n en todas las relaciones.Ideal para crear ambientes c\u00e1lidos y acogedores, rituales de sanaci\u00f3n emocional o momentos de meditaci\u00f3n dedicados al perd\u00f3n y la compasi\u00f3n.Artesanal y naturalHecho a mano con resinas naturales, aceites esenciales y polvo de cuarzo rosa. Cada varilla es elaborada de forma sostenible, vegana y respetuosa con el medio ambiente y las tradiciones ancestrales.\ud83e\uddff Cada caja incluye minerales reales relacionados con su energ\u00eda, para potenciar la intenci\u00f3n amorosa y armonizadora de cada uso.\",\"breadcrumb\":{\"@id\":\"https:\\\/\\\/mineraleslunallena.com\\\/producto\\\/incienso-mineral-cuarzo-rosa-amor-armonia\\\/#breadcrumb\"},\"inLanguage\":\"ca\",\"potentialAction\":[{\"@type\":\"ReadAction\",\"target\":[\"https:\\\/\\\/mineraleslunallena.com\\\/producto\\\/incienso-mineral-cuarzo-rosa-amor-armonia\\\/\"]}]},{\"@type\":\"ImageObject\",\"inLanguage\":\"ca\",\"@id\":\"https:\\\/\\\/mineraleslunallena.com\\\/producto\\\/incienso-mineral-cuarzo-rosa-amor-armonia\\\/#primaryimage\",\"url\":\"https:\\\/\\\/mineraleslunallena.com\\\/wp-content\\\/uploads\\\/2025\\\/06\\\/IMG_20250604_191630-scaled.jpg\",\"contentUrl\":\"https:\\\/\\\/mineraleslunallena.com\\\/wp-content\\\/uploads\\\/2025\\\/06\\\/IMG_20250604_191630-scaled.jpg\",\"width\":1153,\"height\":2560},{\"@type\":\"BreadcrumbList\",\"@id\":\"https:\\\/\\\/mineraleslunallena.com\\\/producto\\\/incienso-mineral-cuarzo-rosa-amor-armonia\\\/#breadcrumb\",\"itemListElement\":[{\"@type\":\"ListItem\",\"position\":1,\"name\":\"Portada\",\"item\":\"https:\\\/\\\/mineraleslunallena.com\\\/\"},{\"@type\":\"ListItem\",\"position\":2,\"name\":\"Shop\",\"item\":\"https:\\\/\\\/mineraleslunallena.com\\\/ca\\\/shop\\\/\"},{\"@type\":\"ListItem\",\"position\":3,\"name\":\"Incienso Mineral Cuarzo Rosa | Amor \u2013 Armon\u00eda\"}]},{\"@type\":\"WebSite\",\"@id\":\"https:\\\/\\\/mineraleslunallena.com\\\/#website\",\"url\":\"https:\\\/\\\/mineraleslunallena.com\\\/\",\"name\":\"LUNA LLENA MINERALES\",\"description\":\"Es el momento de conectarte con tu propio poder y confiar en tus habilidades.\",\"publisher\":{\"@id\":\"https:\\\/\\\/mineraleslunallena.com\\\/#organization\"},\"potentialAction\":[{\"@type\":\"SearchAction\",\"target\":{\"@type\":\"EntryPoint\",\"urlTemplate\":\"https:\\\/\\\/mineraleslunallena.com\\\/?s={search_term_string}\"},\"query-input\":{\"@type\":\"PropertyValueSpecification\",\"valueRequired\":true,\"valueName\":\"search_term_string\"}}],\"inLanguage\":\"ca\"},{\"@type\":\"Organization\",\"@id\":\"https:\\\/\\\/mineraleslunallena.com\\\/#organization\",\"name\":\"LUNA LLENA MINERALES\",\"url\":\"https:\\\/\\\/mineraleslunallena.com\\\/\",\"logo\":{\"@type\":\"ImageObject\",\"inLanguage\":\"ca\",\"@id\":\"https:\\\/\\\/mineraleslunallena.com\\\/#\\\/schema\\\/logo\\\/image\\\/\",\"url\":\"https:\\\/\\\/mineraleslunallena.com\\\/wp-content\\\/uploads\\\/2023\\\/07\\\/LUNA-LLENA-LOGO-nuevo.png\",\"contentUrl\":\"https:\\\/\\\/mineraleslunallena.com\\\/wp-content\\\/uploads\\\/2023\\\/07\\\/LUNA-LLENA-LOGO-nuevo.png\",\"width\":229,\"height\":167,\"caption\":\"LUNA LLENA MINERALES\"},\"image\":{\"@id\":\"https:\\\/\\\/mineraleslunallena.com\\\/#\\\/schema\\\/logo\\\/image\\\/\"}}]}<\/script>\n<!-- \/ Yoast SEO plugin. -->","yoast_head_json":{"title":"Incienso Mineral Cuarzo Rosa | Amor \u2013 Armon\u00eda - MINERALES LUNA LLENA","description":"El incienso de cuarzo rosa es el aliado perfecto para quienes buscan fomentar el amor propio, la armon\u00eda emocional y la paz interior. Este mineral, conocido como la piedra del amor universal, abre el coraz\u00f3n para atraer energ\u00eda positiva, ternura y comprensi\u00f3n en todas las relaciones.Ideal para crear ambientes c\u00e1lidos y acogedores, rituales de sanaci\u00f3n emocional o momentos de meditaci\u00f3n dedicados al perd\u00f3n y la compasi\u00f3n.Artesanal y naturalHecho a mano con resinas naturales, aceites esenciales y polvo de cuarzo rosa. Cada varilla es elaborada de forma sostenible, vegana y respetuosa con el medio ambiente y las tradiciones ancestrales.\ud83e\uddff Cada caja incluye minerales reales relacionados con su energ\u00eda, para potenciar la intenci\u00f3n amorosa y armonizadora de cada uso.","robots":{"index":"index","follow":"follow","max-snippet":"max-snippet:-1","max-image-preview":"max-image-preview:large","max-video-preview":"max-video-preview:-1"},"canonical":"https:\/\/mineraleslunallena.com\/ca\/producte\/incienso-mineral-cuarzo-rosa-amor-armonia\/","og_locale":"ca_ES","og_type":"article","og_title":"Incienso Mineral Cuarzo Rosa | Amor \u2013 Armon\u00eda - MINERALES LUNA LLENA","og_description":"El incienso de cuarzo rosa es el aliado perfecto para quienes buscan fomentar el amor propio, la armon\u00eda emocional y la paz interior. Este mineral, conocido como la piedra del amor universal, abre el coraz\u00f3n para atraer energ\u00eda positiva, ternura y comprensi\u00f3n en todas las relaciones.Ideal para crear ambientes c\u00e1lidos y acogedores, rituales de sanaci\u00f3n emocional o momentos de meditaci\u00f3n dedicados al perd\u00f3n y la compasi\u00f3n.Artesanal y naturalHecho a mano con resinas naturales, aceites esenciales y polvo de cuarzo rosa. Cada varilla es elaborada de forma sostenible, vegana y respetuosa con el medio ambiente y las tradiciones ancestrales.\ud83e\uddff Cada caja incluye minerales reales relacionados con su energ\u00eda, para potenciar la intenci\u00f3n amorosa y armonizadora de cada uso.","og_url":"https:\/\/mineraleslunallena.com\/ca\/producte\/incienso-mineral-cuarzo-rosa-amor-armonia\/","og_site_name":"MINERALES LUNA LLENA","og_image":[{"width":1153,"height":2560,"url":"https:\/\/mineraleslunallena.com\/wp-content\/uploads\/2025\/06\/IMG_20250604_191630-scaled.jpg","type":"image\/jpeg"}],"twitter_card":"summary_large_image","twitter_misc":{"Temps estimat de lectura":"1 minut"},"schema":{"@context":"https:\/\/schema.org","@graph":[{"@type":"WebPage","@id":"https:\/\/mineraleslunallena.com\/producto\/incienso-mineral-cuarzo-rosa-amor-armonia\/","url":"https:\/\/mineraleslunallena.com\/producto\/incienso-mineral-cuarzo-rosa-amor-armonia\/","name":"Incienso Mineral Cuarzo Rosa | Amor \u2013 Armon\u00eda - MINERALES LUNA LLENA","isPartOf":{"@id":"https:\/\/mineraleslunallena.com\/#website"},"primaryImageOfPage":{"@id":"https:\/\/mineraleslunallena.com\/producto\/incienso-mineral-cuarzo-rosa-amor-armonia\/#primaryimage"},"image":{"@id":"https:\/\/mineraleslunallena.com\/producto\/incienso-mineral-cuarzo-rosa-amor-armonia\/#primaryimage"},"thumbnailUrl":"https:\/\/mineraleslunallena.com\/wp-content\/uploads\/2025\/06\/IMG_20250604_191630-scaled.jpg","datePublished":"2025-06-04T18:03:52+00:00","description":"El incienso de cuarzo rosa es el aliado perfecto para quienes buscan fomentar el amor propio, la armon\u00eda emocional y la paz interior. Este mineral, conocido como la piedra del amor universal, abre el coraz\u00f3n para atraer energ\u00eda positiva, ternura y comprensi\u00f3n en todas las relaciones.Ideal para crear ambientes c\u00e1lidos y acogedores, rituales de sanaci\u00f3n emocional o momentos de meditaci\u00f3n dedicados al perd\u00f3n y la compasi\u00f3n.Artesanal y naturalHecho a mano con resinas naturales, aceites esenciales y polvo de cuarzo rosa. Cada varilla es elaborada de forma sostenible, vegana y respetuosa con el medio ambiente y las tradiciones ancestrales.\ud83e\uddff Cada caja incluye minerales reales relacionados con su energ\u00eda, para potenciar la intenci\u00f3n amorosa y armonizadora de cada uso.","breadcrumb":{"@id":"https:\/\/mineraleslunallena.com\/producto\/incienso-mineral-cuarzo-rosa-amor-armonia\/#breadcrumb"},"inLanguage":"ca","potentialAction":[{"@type":"ReadAction","target":["https:\/\/mineraleslunallena.com\/producto\/incienso-mineral-cuarzo-rosa-amor-armonia\/"]}]},{"@type":"ImageObject","inLanguage":"ca","@id":"https:\/\/mineraleslunallena.com\/producto\/incienso-mineral-cuarzo-rosa-amor-armonia\/#primaryimage","url":"https:\/\/mineraleslunallena.com\/wp-content\/uploads\/2025\/06\/IMG_20250604_191630-scaled.jpg","contentUrl":"https:\/\/mineraleslunallena.com\/wp-content\/uploads\/2025\/06\/IMG_20250604_191630-scaled.jpg","width":1153,"height":2560},{"@type":"BreadcrumbList","@id":"https:\/\/mineraleslunallena.com\/producto\/incienso-mineral-cuarzo-rosa-amor-armonia\/#breadcrumb","itemListElement":[{"@type":"ListItem","position":1,"name":"Portada","item":"https:\/\/mineraleslunallena.com\/"},{"@type":"ListItem","position":2,"name":"Shop","item":"https:\/\/mineraleslunallena.com\/ca\/shop\/"},{"@type":"ListItem","position":3,"name":"Incienso Mineral Cuarzo Rosa | Amor \u2013 Armon\u00eda"}]},{"@type":"WebSite","@id":"https:\/\/mineraleslunallena.com\/#website","url":"https:\/\/mineraleslunallena.com\/","name":"LLUNA PLENA MINERALS","description":"\u00c9s el moment de connectar-te amb el teu poder i confiar en les teves habilitats.","publisher":{"@id":"https:\/\/mineraleslunallena.com\/#organization"},"potentialAction":[{"@type":"SearchAction","target":{"@type":"EntryPoint","urlTemplate":"https:\/\/mineraleslunallena.com\/?s={search_term_string}"},"query-input":{"@type":"PropertyValueSpecification","valueRequired":true,"valueName":"search_term_string"}}],"inLanguage":"ca"},{"@type":"Organization","@id":"https:\/\/mineraleslunallena.com\/#organization","name":"LLUNA PLENA MINERALS","url":"https:\/\/mineraleslunallena.com\/","logo":{"@type":"ImageObject","inLanguage":"ca","@id":"https:\/\/mineraleslunallena.com\/#\/schema\/logo\/image\/","url":"https:\/\/mineraleslunallena.com\/wp-content\/uploads\/2023\/07\/LUNA-LLENA-LOGO-nuevo.png","contentUrl":"https:\/\/mineraleslunallena.com\/wp-content\/uploads\/2023\/07\/LUNA-LLENA-LOGO-nuevo.png","width":229,"height":167,"caption":"LUNA LLENA MINERALES"},"image":{"@id":"https:\/\/mineraleslunallena.com\/#\/schema\/logo\/image\/"}}]}},"jetpack_sharing_enabled":true,"_links":{"self":[{"href":"https:\/\/mineraleslunallena.com\/ca\/wp-json\/wp\/v2\/product\/7804","targetHints":{"allow":["GET"]}}],"collection":[{"href":"https:\/\/mineraleslunallena.com\/ca\/wp-json\/wp\/v2\/product"}],"about":[{"href":"https:\/\/mineraleslunallena.com\/ca\/wp-json\/wp\/v2\/types\/product"}],"version-history":[{"count":1,"href":"https:\/\/mineraleslunallena.com\/ca\/wp-json\/wp\/v2\/product\/7804\/revisions"}],"predecessor-version":[{"id":7807,"href":"https:\/\/mineraleslunallena.com\/ca\/wp-json\/wp\/v2\/product\/7804\/revisions\/7807"}],"wp:featuredmedia":[{"embeddable":true,"href":"https:\/\/mineraleslunallena.com\/ca\/wp-json\/wp\/v2\/media\/7806"}],"wp:attachment":[{"href":"https:\/\/mineraleslunallena.com\/ca\/wp-json\/wp\/v2\/media?parent=7804"}],"wp:term":[{"taxonomy":"product_cat","embeddable":true,"href":"https:\/\/mineraleslunallena.com\/ca\/wp-json\/wp\/v2\/product_cat?post=7804"},{"taxonomy":"product_tag","embeddable":true,"href":"https:\/\/mineraleslunallena.com\/ca\/wp-json\/wp\/v2\/product_tag?post=7804"}],"curies":[{"name":"wp","href":"https:\/\/api.w.org\/{rel}","templated":true}]}}