{"id":7908,"date":"2025-06-06T23:43:23","date_gmt":"2025-06-06T21:43:23","guid":{"rendered":"https:\/\/mineraleslunallena.com\/?post_type=product&#038;p=7908"},"modified":"2025-06-06T23:43:23","modified_gmt":"2025-06-06T21:43:23","slug":"ritual-magico-en-directo","status":"publish","type":"product","link":"https:\/\/mineraleslunallena.com\/ca\/producte\/ritual-magico-en-directo\/","title":{"rendered":"Ritual M\u00e1gico en Directo"},"content":{"rendered":"<h3 data-start=\"163\" data-end=\"217\">\ud83c\udf19\u2728 Participa en el Ritual M\u00e1gico en Directo \u2728\ud83c\udf19<\/h3>\n<p data-start=\"218\" data-end=\"566\"><strong data-start=\"218\" data-end=\"298\">Aporta tu energ\u00eda y forma parte de nuestros Rituales<\/strong><\/p>\n<p data-start=\"218\" data-end=\"566\">Con solo <strong data-start=\"310\" data-end=\"320\">7,77\u202f\u20ac<\/strong> podr\u00e1s incluir tu nombre o intenci\u00f3n en el altar, donde trabajamos con minerales, velas y conexi\u00f3n espiritual.<\/p>\n<p data-start=\"218\" data-end=\"566\">\ud83c\udf1f Energ\u00eda colectiva, protecci\u00f3n, limpieza o intenci\u00f3n personal.<br data-start=\"498\" data-end=\"501\" \/>\ud83d\udc8c Ritual en vivo, sentido y hecho con todo el amor del universo.<\/p>","protected":false},"excerpt":{"rendered":"<p>\ud83c\udf19\u2728 Participa en el Ritual M\u00e1gico en Directo \u2728\ud83c\udf19 Aporta tu energ\u00eda y forma parte de nuestros Rituales Con solo 7,77\u202f\u20ac podr\u00e1s incluir tu nombre o intenci\u00f3n en el altar,<\/p>","protected":false},"featured_media":0,"template":"","meta":[],"product_cat":[129],"product_tag":[],"class_list":{"0":"post-7908","1":"product","2":"type-product","3":"status-publish","5":"product_cat-pedidos-directos","7":"first","8":"instock","9":"virtual","10":"taxable","11":"purchasable","12":"product-type-simple"},"yoast_head":"<!-- This site is optimized with the Yoast SEO plugin v27.3 - https:\/\/yoast.com\/product\/yoast-seo-wordpress\/ -->\n<title>Ritual M\u00e1gico en Directo - MINERALES LUNA LLENA<\/title>\n<meta name=\"robots\" content=\"index, follow, max-snippet:-1, max-image-preview:large, max-video-preview:-1\" \/>\n<link rel=\"canonical\" href=\"https:\/\/mineraleslunallena.com\/ca\/producte\/ritual-magico-en-directo\/\" \/>\n<meta property=\"og:locale\" content=\"ca_ES\" \/>\n<meta property=\"og:type\" content=\"article\" \/>\n<meta property=\"og:title\" content=\"Ritual M\u00e1gico en Directo - MINERALES LUNA LLENA\" \/>\n<meta property=\"og:description\" content=\"\ud83c\udf19\u2728 Participa en el Ritual M\u00e1gico en Directo \u2728\ud83c\udf19 Aporta tu energ\u00eda y forma parte de nuestros Rituales Con solo 7,77\u202f\u20ac podr\u00e1s incluir tu nombre o intenci\u00f3n en el altar,\" \/>\n<meta property=\"og:url\" content=\"https:\/\/mineraleslunallena.com\/ca\/producte\/ritual-magico-en-directo\/\" \/>\n<meta property=\"og:site_name\" content=\"MINERALES LUNA LLENA\" \/>\n<meta name=\"twitter:card\" content=\"summary_large_image\" \/>\n<meta name=\"twitter:label1\" content=\"Temps estimat de lectura\" \/>\n\t<meta name=\"twitter:data1\" content=\"1 minut\" \/>\n<script type=\"application\/ld+json\" class=\"yoast-schema-graph\">{\"@context\":\"https:\\\/\\\/schema.org\",\"@graph\":[{\"@type\":\"WebPage\",\"@id\":\"https:\\\/\\\/mineraleslunallena.com\\\/producto\\\/ritual-magico-en-directo\\\/\",\"url\":\"https:\\\/\\\/mineraleslunallena.com\\\/producto\\\/ritual-magico-en-directo\\\/\",\"name\":\"Ritual M\u00e1gico en Directo - MINERALES LUNA LLENA\",\"isPartOf\":{\"@id\":\"https:\\\/\\\/mineraleslunallena.com\\\/#website\"},\"datePublished\":\"2025-06-06T21:43:23+00:00\",\"breadcrumb\":{\"@id\":\"https:\\\/\\\/mineraleslunallena.com\\\/producto\\\/ritual-magico-en-directo\\\/#breadcrumb\"},\"inLanguage\":\"ca\",\"potentialAction\":[{\"@type\":\"ReadAction\",\"target\":[\"https:\\\/\\\/mineraleslunallena.com\\\/producto\\\/ritual-magico-en-directo\\\/\"]}]},{\"@type\":\"BreadcrumbList\",\"@id\":\"https:\\\/\\\/mineraleslunallena.com\\\/producto\\\/ritual-magico-en-directo\\\/#breadcrumb\",\"itemListElement\":[{\"@type\":\"ListItem\",\"position\":1,\"name\":\"Portada\",\"item\":\"https:\\\/\\\/mineraleslunallena.com\\\/\"},{\"@type\":\"ListItem\",\"position\":2,\"name\":\"Shop\",\"item\":\"https:\\\/\\\/mineraleslunallena.com\\\/ca\\\/shop\\\/\"},{\"@type\":\"ListItem\",\"position\":3,\"name\":\"Ritual M\u00e1gico en Directo\"}]},{\"@type\":\"WebSite\",\"@id\":\"https:\\\/\\\/mineraleslunallena.com\\\/#website\",\"url\":\"https:\\\/\\\/mineraleslunallena.com\\\/\",\"name\":\"LUNA LLENA MINERALES\",\"description\":\"Es el momento de conectarte con tu propio poder y confiar en tus habilidades.\",\"publisher\":{\"@id\":\"https:\\\/\\\/mineraleslunallena.com\\\/#organization\"},\"potentialAction\":[{\"@type\":\"SearchAction\",\"target\":{\"@type\":\"EntryPoint\",\"urlTemplate\":\"https:\\\/\\\/mineraleslunallena.com\\\/?s={search_term_string}\"},\"query-input\":{\"@type\":\"PropertyValueSpecification\",\"valueRequired\":true,\"valueName\":\"search_term_string\"}}],\"inLanguage\":\"ca\"},{\"@type\":\"Organization\",\"@id\":\"https:\\\/\\\/mineraleslunallena.com\\\/#organization\",\"name\":\"LUNA LLENA MINERALES\",\"url\":\"https:\\\/\\\/mineraleslunallena.com\\\/\",\"logo\":{\"@type\":\"ImageObject\",\"inLanguage\":\"ca\",\"@id\":\"https:\\\/\\\/mineraleslunallena.com\\\/#\\\/schema\\\/logo\\\/image\\\/\",\"url\":\"https:\\\/\\\/mineraleslunallena.com\\\/wp-content\\\/uploads\\\/2023\\\/07\\\/LUNA-LLENA-LOGO-nuevo.png\",\"contentUrl\":\"https:\\\/\\\/mineraleslunallena.com\\\/wp-content\\\/uploads\\\/2023\\\/07\\\/LUNA-LLENA-LOGO-nuevo.png\",\"width\":229,\"height\":167,\"caption\":\"LUNA LLENA MINERALES\"},\"image\":{\"@id\":\"https:\\\/\\\/mineraleslunallena.com\\\/#\\\/schema\\\/logo\\\/image\\\/\"}}]}<\/script>\n<!-- \/ Yoast SEO plugin. -->","yoast_head_json":{"title":"Ritual M\u00e1gico en Directo - MINERALES LUNA LLENA","robots":{"index":"index","follow":"follow","max-snippet":"max-snippet:-1","max-image-preview":"max-image-preview:large","max-video-preview":"max-video-preview:-1"},"canonical":"https:\/\/mineraleslunallena.com\/ca\/producte\/ritual-magico-en-directo\/","og_locale":"ca_ES","og_type":"article","og_title":"Ritual M\u00e1gico en Directo - MINERALES LUNA LLENA","og_description":"\ud83c\udf19\u2728 Participa en el Ritual M\u00e1gico en Directo \u2728\ud83c\udf19 Aporta tu energ\u00eda y forma parte de nuestros Rituales Con solo 7,77\u202f\u20ac podr\u00e1s incluir tu nombre o intenci\u00f3n en el altar,","og_url":"https:\/\/mineraleslunallena.com\/ca\/producte\/ritual-magico-en-directo\/","og_site_name":"MINERALES LUNA LLENA","twitter_card":"summary_large_image","twitter_misc":{"Temps estimat de lectura":"1 minut"},"schema":{"@context":"https:\/\/schema.org","@graph":[{"@type":"WebPage","@id":"https:\/\/mineraleslunallena.com\/producto\/ritual-magico-en-directo\/","url":"https:\/\/mineraleslunallena.com\/producto\/ritual-magico-en-directo\/","name":"Ritual M\u00e1gico en Directo - MINERALES LUNA LLENA","isPartOf":{"@id":"https:\/\/mineraleslunallena.com\/#website"},"datePublished":"2025-06-06T21:43:23+00:00","breadcrumb":{"@id":"https:\/\/mineraleslunallena.com\/producto\/ritual-magico-en-directo\/#breadcrumb"},"inLanguage":"ca","potentialAction":[{"@type":"ReadAction","target":["https:\/\/mineraleslunallena.com\/producto\/ritual-magico-en-directo\/"]}]},{"@type":"BreadcrumbList","@id":"https:\/\/mineraleslunallena.com\/producto\/ritual-magico-en-directo\/#breadcrumb","itemListElement":[{"@type":"ListItem","position":1,"name":"Portada","item":"https:\/\/mineraleslunallena.com\/"},{"@type":"ListItem","position":2,"name":"Shop","item":"https:\/\/mineraleslunallena.com\/ca\/shop\/"},{"@type":"ListItem","position":3,"name":"Ritual M\u00e1gico en Directo"}]},{"@type":"WebSite","@id":"https:\/\/mineraleslunallena.com\/#website","url":"https:\/\/mineraleslunallena.com\/","name":"LLUNA PLENA MINERALS","description":"\u00c9s el moment de connectar-te amb el teu poder i confiar en les teves habilitats.","publisher":{"@id":"https:\/\/mineraleslunallena.com\/#organization"},"potentialAction":[{"@type":"SearchAction","target":{"@type":"EntryPoint","urlTemplate":"https:\/\/mineraleslunallena.com\/?s={search_term_string}"},"query-input":{"@type":"PropertyValueSpecification","valueRequired":true,"valueName":"search_term_string"}}],"inLanguage":"ca"},{"@type":"Organization","@id":"https:\/\/mineraleslunallena.com\/#organization","name":"LLUNA PLENA MINERALS","url":"https:\/\/mineraleslunallena.com\/","logo":{"@type":"ImageObject","inLanguage":"ca","@id":"https:\/\/mineraleslunallena.com\/#\/schema\/logo\/image\/","url":"https:\/\/mineraleslunallena.com\/wp-content\/uploads\/2023\/07\/LUNA-LLENA-LOGO-nuevo.png","contentUrl":"https:\/\/mineraleslunallena.com\/wp-content\/uploads\/2023\/07\/LUNA-LLENA-LOGO-nuevo.png","width":229,"height":167,"caption":"LUNA LLENA MINERALES"},"image":{"@id":"https:\/\/mineraleslunallena.com\/#\/schema\/logo\/image\/"}}]}},"jetpack_sharing_enabled":true,"_links":{"self":[{"href":"https:\/\/mineraleslunallena.com\/ca\/wp-json\/wp\/v2\/product\/7908","targetHints":{"allow":["GET"]}}],"collection":[{"href":"https:\/\/mineraleslunallena.com\/ca\/wp-json\/wp\/v2\/product"}],"about":[{"href":"https:\/\/mineraleslunallena.com\/ca\/wp-json\/wp\/v2\/types\/product"}],"version-history":[{"count":1,"href":"https:\/\/mineraleslunallena.com\/ca\/wp-json\/wp\/v2\/product\/7908\/revisions"}],"predecessor-version":[{"id":7910,"href":"https:\/\/mineraleslunallena.com\/ca\/wp-json\/wp\/v2\/product\/7908\/revisions\/7910"}],"wp:attachment":[{"href":"https:\/\/mineraleslunallena.com\/ca\/wp-json\/wp\/v2\/media?parent=7908"}],"wp:term":[{"taxonomy":"product_cat","embeddable":true,"href":"https:\/\/mineraleslunallena.com\/ca\/wp-json\/wp\/v2\/product_cat?post=7908"},{"taxonomy":"product_tag","embeddable":true,"href":"https:\/\/mineraleslunallena.com\/ca\/wp-json\/wp\/v2\/product_tag?post=7908"}],"curies":[{"name":"wp","href":"https:\/\/api.w.org\/{rel}","templated":true}]}}