{"id":8117,"date":"2025-06-26T21:59:09","date_gmt":"2025-06-26T19:59:09","guid":{"rendered":"https:\/\/mineraleslunallena.com\/?post_type=product&#038;p=8117"},"modified":"2025-06-26T21:59:09","modified_gmt":"2025-06-26T19:59:09","slug":"pack-empoderamiento-y-fuego-interior","status":"publish","type":"product","link":"https:\/\/mineraleslunallena.com\/ca\/producte\/pack-empoderamiento-y-fuego-interior\/","title":{"rendered":"Pack Empoderamiento y Fuego Interior"},"content":{"rendered":"<div dir=\"auto\">Os presentamos nuestro Pack Empoderamiento y Fuego Interior, pensado para mujeres valientes y conscientes que quieren reconectar con su fuerza y energ\u00eda.<\/div>\n<div dir=\"auto\">\n<p><b>Incluye 3 minerales + 1 incienso + 1 palo santo:<\/b><b><br \/>\n<\/b><b>Cornalina<\/b><span style=\"font-weight: 400\"> \u2013 Vitalidad, motivaci\u00f3n, sensualidad y acci\u00f3n. Despierta la pasi\u00f3n por la vida.<\/span><span style=\"font-weight: 400\"><br \/>\n<\/span><b>Jaspe rojo<\/b><span style=\"font-weight: 400\"> \u2013 Coraje, estabilidad y conexi\u00f3n con tu fuerza m\u00e1s profunda.<\/span><span style=\"font-weight: 400\"><br \/>\n<\/span> <b>Piedra del Sol<\/b><span style=\"font-weight: 400\"> \u2013 Confianza, autoestima y magnetismo personal. Conecta con tu luz y atrae lo que mereces.<\/span><span style=\"font-weight: 400\"><br \/>\n<\/span><b>Incienso energ\u00e9tico con lava volc\u00e1nica<\/b><span style=\"font-weight: 400\"> \u2013 Purifica, protege y activa tu energ\u00eda. La piedra de lava potencia el fuego interno y transforma el ambiente con fuerza y arraigo <\/span><b>Palo santo natural<\/b><span style=\"font-weight: 400\"> \u2013 Limpieza energ\u00e9tica, conexi\u00f3n y equilibrio sutil.<\/span><\/p>\n<p><span style=\"font-weight: 400\">\ud83e\uddd8\u200d\u2640\ufe0f <\/span><b>\u00bfQu\u00e9 te aporta este pack?<\/b><b><br \/>\n<\/b><span style=\"font-weight: 400\"> \u2714 Empoderamiento femenino desde la acci\u00f3n consciente<\/span><span style=\"font-weight: 400\"><br \/>\n<\/span><span style=\"font-weight: 400\"> \u2714 Seguridad interna para sostener tus decisiones<\/span><span style=\"font-weight: 400\"><br \/>\n<\/span><span style=\"font-weight: 400\"> \u2714 Claridad mental con equilibrio emocional<\/span><span style=\"font-weight: 400\"><br \/>\n<\/span><span style=\"font-weight: 400\"> \u2714 Fuerza vital para iniciar o sostener procesos personales<\/span><span style=\"font-weight: 400\"><br \/>\n<\/span><span style=\"font-weight: 400\"> \u2714 Un ritual \u00edntimo y poderoso para reconectar contigo<\/span><\/div>","protected":false},"excerpt":{"rendered":"<div dir=\"auto\">Os presentamos nuestro Pack Empoderamiento y Fuego Interior, pensado para mujeres valientes y conscientes que quieren reconectar con su fuerza y energ\u00eda.<\/div>\n<div dir=\"auto\">\n<p><b>Incluye 3 minerales + 1 incienso + 1 palo santo:<\/b><b><br \/>\n<\/b><b>Cornalina<\/b><span style=\"font-weight: 400\"> \u2013 Vitalidad, motivaci\u00f3n, sensualidad y acci\u00f3n. Despierta la pasi\u00f3n por la vida.<\/span><span style=\"font-weight: 400\"><br \/>\n<\/span><b>Jaspe rojo<\/b><span style=\"font-weight: 400\"> \u2013 Coraje, estabilidad y conexi\u00f3n con tu fuerza m\u00e1s profunda.<\/span><span style=\"font-weight: 400\"><br \/>\n<\/span> <b>Piedra del Sol<\/b><span style=\"font-weight: 400\"> \u2013 Confianza, autoestima y magnetismo personal. Conecta con tu luz y atrae lo que mereces.<\/span><span style=\"font-weight: 400\"><br \/>\n<\/span><b>Incienso energ\u00e9tico con lava volc\u00e1nica<\/b><span style=\"font-weight: 400\"> \u2013 Purifica, protege y activa tu energ\u00eda. La piedra de lava potencia el fuego interno y transforma el ambiente con fuerza y arraigo <\/span><b>Palo santo natural<\/b><span style=\"font-weight: 400\"> \u2013 Limpieza energ\u00e9tica, conexi\u00f3n y equilibrio sutil.<\/span><\/p>\n<p><span style=\"font-weight: 400\">\ud83e\uddd8\u200d\u2640\ufe0f <\/span><b>\u00bfQu\u00e9 te aporta este pack?<\/b><b><br \/>\n<\/b><span style=\"font-weight: 400\"> \u2714 Empoderamiento femenino desde la acci\u00f3n consciente<\/span><span style=\"font-weight: 400\"><br \/>\n<\/span><span style=\"font-weight: 400\"> \u2714 Seguridad interna para sostener tus decisiones<\/span><span style=\"font-weight: 400\"><br \/>\n<\/span><span style=\"font-weight: 400\"> \u2714 Claridad mental con equilibrio emocional<\/span><span style=\"font-weight: 400\"><br \/>\n<\/span><span style=\"font-weight: 400\"> \u2714 Fuerza vital para iniciar o sostener procesos personales<\/span><span style=\"font-weight: 400\"><br \/>\n<\/span><span style=\"font-weight: 400\"> \u2714 Un ritual \u00edntimo y poderoso para reconectar contigo<\/span><\/div>","protected":false},"featured_media":8118,"template":"","meta":[],"product_cat":[69,137],"product_tag":[],"class_list":{"0":"post-8117","1":"product","2":"type-product","3":"status-publish","4":"has-post-thumbnail","6":"product_cat-minerales","7":"product_cat-packs-magicos","9":"first","10":"instock","11":"sale","12":"taxable","13":"shipping-taxable","14":"purchasable","15":"product-type-simple"},"yoast_head":"<!-- This site is optimized with the Yoast SEO plugin v27.3 - https:\/\/yoast.com\/product\/yoast-seo-wordpress\/ -->\n<title>Pack Empoderamiento y Fuego Interior - MINERALES LUNA LLENA<\/title>\n<meta name=\"robots\" content=\"index, follow, max-snippet:-1, max-image-preview:large, max-video-preview:-1\" \/>\n<link rel=\"canonical\" href=\"https:\/\/mineraleslunallena.com\/ca\/producte\/pack-empoderamiento-y-fuego-interior\/\" \/>\n<meta property=\"og:locale\" content=\"ca_ES\" \/>\n<meta property=\"og:type\" content=\"article\" \/>\n<meta property=\"og:title\" content=\"Pack Empoderamiento y Fuego Interior - MINERALES LUNA LLENA\" \/>\n<meta property=\"og:description\" content=\"Os presentamos nuestro Pack Empoderamiento y Fuego Interior, pensado para mujeres valientes y conscientes que quieren reconectar con su fuerza y energ\u00eda.   Incluye 3 minerales + 1 incienso + 1 palo santo: Cornalina \u2013 Vitalidad, motivaci\u00f3n, sensualidad y acci\u00f3n. Despierta la pasi\u00f3n por la vida. Jaspe rojo \u2013 Coraje, estabilidad y conexi\u00f3n con tu fuerza m\u00e1s profunda.  Piedra del Sol \u2013 Confianza, autoestima y magnetismo personal. Conecta con tu luz y atrae lo que mereces. Incienso energ\u00e9tico con lava volc\u00e1nica \u2013 Purifica, protege y activa tu energ\u00eda. La piedra de lava potencia el fuego interno y transforma el ambiente con fuerza y arraigo Palo santo natural \u2013 Limpieza energ\u00e9tica, conexi\u00f3n y equilibrio sutil.  \ud83e\uddd8\u200d\u2640\ufe0f \u00bfQu\u00e9 te aporta este pack?  \u2714 Empoderamiento femenino desde la acci\u00f3n consciente  \u2714 Seguridad interna para sostener tus decisiones  \u2714 Claridad mental con equilibrio emocional  \u2714 Fuerza vital para iniciar o sostener procesos personales  \u2714 Un ritual \u00edntimo y poderoso para reconectar contigo\" \/>\n<meta property=\"og:url\" content=\"https:\/\/mineraleslunallena.com\/ca\/producte\/pack-empoderamiento-y-fuego-interior\/\" \/>\n<meta property=\"og:site_name\" content=\"MINERALES LUNA LLENA\" \/>\n<meta property=\"og:image\" content=\"https:\/\/mineraleslunallena.com\/wp-content\/uploads\/2025\/06\/IMG_20250626_202448-scaled.jpg\" \/>\n\t<meta property=\"og:image:width\" content=\"1153\" \/>\n\t<meta property=\"og:image:height\" content=\"2560\" \/>\n\t<meta property=\"og:image:type\" content=\"image\/jpeg\" \/>\n<meta name=\"twitter:card\" content=\"summary_large_image\" \/>\n<meta name=\"twitter:label1\" content=\"Temps estimat de lectura\" \/>\n\t<meta name=\"twitter:data1\" content=\"1 minut\" \/>\n<script type=\"application\/ld+json\" class=\"yoast-schema-graph\">{\"@context\":\"https:\\\/\\\/schema.org\",\"@graph\":[{\"@type\":\"WebPage\",\"@id\":\"https:\\\/\\\/mineraleslunallena.com\\\/producto\\\/pack-empoderamiento-y-fuego-interior\\\/\",\"url\":\"https:\\\/\\\/mineraleslunallena.com\\\/producto\\\/pack-empoderamiento-y-fuego-interior\\\/\",\"name\":\"Pack Empoderamiento y Fuego Interior - MINERALES LUNA LLENA\",\"isPartOf\":{\"@id\":\"https:\\\/\\\/mineraleslunallena.com\\\/#website\"},\"primaryImageOfPage\":{\"@id\":\"https:\\\/\\\/mineraleslunallena.com\\\/producto\\\/pack-empoderamiento-y-fuego-interior\\\/#primaryimage\"},\"image\":{\"@id\":\"https:\\\/\\\/mineraleslunallena.com\\\/producto\\\/pack-empoderamiento-y-fuego-interior\\\/#primaryimage\"},\"thumbnailUrl\":\"https:\\\/\\\/mineraleslunallena.com\\\/wp-content\\\/uploads\\\/2025\\\/06\\\/IMG_20250626_202448-scaled.jpg\",\"datePublished\":\"2025-06-26T19:59:09+00:00\",\"breadcrumb\":{\"@id\":\"https:\\\/\\\/mineraleslunallena.com\\\/producto\\\/pack-empoderamiento-y-fuego-interior\\\/#breadcrumb\"},\"inLanguage\":\"ca\",\"potentialAction\":[{\"@type\":\"ReadAction\",\"target\":[\"https:\\\/\\\/mineraleslunallena.com\\\/producto\\\/pack-empoderamiento-y-fuego-interior\\\/\"]}]},{\"@type\":\"ImageObject\",\"inLanguage\":\"ca\",\"@id\":\"https:\\\/\\\/mineraleslunallena.com\\\/producto\\\/pack-empoderamiento-y-fuego-interior\\\/#primaryimage\",\"url\":\"https:\\\/\\\/mineraleslunallena.com\\\/wp-content\\\/uploads\\\/2025\\\/06\\\/IMG_20250626_202448-scaled.jpg\",\"contentUrl\":\"https:\\\/\\\/mineraleslunallena.com\\\/wp-content\\\/uploads\\\/2025\\\/06\\\/IMG_20250626_202448-scaled.jpg\",\"width\":1153,\"height\":2560},{\"@type\":\"BreadcrumbList\",\"@id\":\"https:\\\/\\\/mineraleslunallena.com\\\/producto\\\/pack-empoderamiento-y-fuego-interior\\\/#breadcrumb\",\"itemListElement\":[{\"@type\":\"ListItem\",\"position\":1,\"name\":\"Portada\",\"item\":\"https:\\\/\\\/mineraleslunallena.com\\\/\"},{\"@type\":\"ListItem\",\"position\":2,\"name\":\"Shop\",\"item\":\"https:\\\/\\\/mineraleslunallena.com\\\/ca\\\/shop\\\/\"},{\"@type\":\"ListItem\",\"position\":3,\"name\":\"Pack Empoderamiento y Fuego Interior\"}]},{\"@type\":\"WebSite\",\"@id\":\"https:\\\/\\\/mineraleslunallena.com\\\/#website\",\"url\":\"https:\\\/\\\/mineraleslunallena.com\\\/\",\"name\":\"LUNA LLENA MINERALES\",\"description\":\"Es el momento de conectarte con tu propio poder y confiar en tus habilidades.\",\"publisher\":{\"@id\":\"https:\\\/\\\/mineraleslunallena.com\\\/#organization\"},\"potentialAction\":[{\"@type\":\"SearchAction\",\"target\":{\"@type\":\"EntryPoint\",\"urlTemplate\":\"https:\\\/\\\/mineraleslunallena.com\\\/?s={search_term_string}\"},\"query-input\":{\"@type\":\"PropertyValueSpecification\",\"valueRequired\":true,\"valueName\":\"search_term_string\"}}],\"inLanguage\":\"ca\"},{\"@type\":\"Organization\",\"@id\":\"https:\\\/\\\/mineraleslunallena.com\\\/#organization\",\"name\":\"LUNA LLENA MINERALES\",\"url\":\"https:\\\/\\\/mineraleslunallena.com\\\/\",\"logo\":{\"@type\":\"ImageObject\",\"inLanguage\":\"ca\",\"@id\":\"https:\\\/\\\/mineraleslunallena.com\\\/#\\\/schema\\\/logo\\\/image\\\/\",\"url\":\"https:\\\/\\\/mineraleslunallena.com\\\/wp-content\\\/uploads\\\/2023\\\/07\\\/LUNA-LLENA-LOGO-nuevo.png\",\"contentUrl\":\"https:\\\/\\\/mineraleslunallena.com\\\/wp-content\\\/uploads\\\/2023\\\/07\\\/LUNA-LLENA-LOGO-nuevo.png\",\"width\":229,\"height\":167,\"caption\":\"LUNA LLENA MINERALES\"},\"image\":{\"@id\":\"https:\\\/\\\/mineraleslunallena.com\\\/#\\\/schema\\\/logo\\\/image\\\/\"}}]}<\/script>\n<!-- \/ Yoast SEO plugin. -->","yoast_head_json":{"title":"Pack Empoderamiento y Fuego Interior - MINERALES LUNA LLENA","robots":{"index":"index","follow":"follow","max-snippet":"max-snippet:-1","max-image-preview":"max-image-preview:large","max-video-preview":"max-video-preview:-1"},"canonical":"https:\/\/mineraleslunallena.com\/ca\/producte\/pack-empoderamiento-y-fuego-interior\/","og_locale":"ca_ES","og_type":"article","og_title":"Pack Empoderamiento y Fuego Interior - MINERALES LUNA LLENA","og_description":"Os presentamos nuestro Pack Empoderamiento y Fuego Interior, pensado para mujeres valientes y conscientes que quieren reconectar con su fuerza y energ\u00eda.   Incluye 3 minerales + 1 incienso + 1 palo santo: Cornalina \u2013 Vitalidad, motivaci\u00f3n, sensualidad y acci\u00f3n. Despierta la pasi\u00f3n por la vida. Jaspe rojo \u2013 Coraje, estabilidad y conexi\u00f3n con tu fuerza m\u00e1s profunda.  Piedra del Sol \u2013 Confianza, autoestima y magnetismo personal. Conecta con tu luz y atrae lo que mereces. Incienso energ\u00e9tico con lava volc\u00e1nica \u2013 Purifica, protege y activa tu energ\u00eda. La piedra de lava potencia el fuego interno y transforma el ambiente con fuerza y arraigo Palo santo natural \u2013 Limpieza energ\u00e9tica, conexi\u00f3n y equilibrio sutil.  \ud83e\uddd8\u200d\u2640\ufe0f \u00bfQu\u00e9 te aporta este pack?  \u2714 Empoderamiento femenino desde la acci\u00f3n consciente  \u2714 Seguridad interna para sostener tus decisiones  \u2714 Claridad mental con equilibrio emocional  \u2714 Fuerza vital para iniciar o sostener procesos personales  \u2714 Un ritual \u00edntimo y poderoso para reconectar contigo","og_url":"https:\/\/mineraleslunallena.com\/ca\/producte\/pack-empoderamiento-y-fuego-interior\/","og_site_name":"MINERALES LUNA LLENA","og_image":[{"width":1153,"height":2560,"url":"https:\/\/mineraleslunallena.com\/wp-content\/uploads\/2025\/06\/IMG_20250626_202448-scaled.jpg","type":"image\/jpeg"}],"twitter_card":"summary_large_image","twitter_misc":{"Temps estimat de lectura":"1 minut"},"schema":{"@context":"https:\/\/schema.org","@graph":[{"@type":"WebPage","@id":"https:\/\/mineraleslunallena.com\/producto\/pack-empoderamiento-y-fuego-interior\/","url":"https:\/\/mineraleslunallena.com\/producto\/pack-empoderamiento-y-fuego-interior\/","name":"Pack Empoderamiento y Fuego Interior - MINERALES LUNA LLENA","isPartOf":{"@id":"https:\/\/mineraleslunallena.com\/#website"},"primaryImageOfPage":{"@id":"https:\/\/mineraleslunallena.com\/producto\/pack-empoderamiento-y-fuego-interior\/#primaryimage"},"image":{"@id":"https:\/\/mineraleslunallena.com\/producto\/pack-empoderamiento-y-fuego-interior\/#primaryimage"},"thumbnailUrl":"https:\/\/mineraleslunallena.com\/wp-content\/uploads\/2025\/06\/IMG_20250626_202448-scaled.jpg","datePublished":"2025-06-26T19:59:09+00:00","breadcrumb":{"@id":"https:\/\/mineraleslunallena.com\/producto\/pack-empoderamiento-y-fuego-interior\/#breadcrumb"},"inLanguage":"ca","potentialAction":[{"@type":"ReadAction","target":["https:\/\/mineraleslunallena.com\/producto\/pack-empoderamiento-y-fuego-interior\/"]}]},{"@type":"ImageObject","inLanguage":"ca","@id":"https:\/\/mineraleslunallena.com\/producto\/pack-empoderamiento-y-fuego-interior\/#primaryimage","url":"https:\/\/mineraleslunallena.com\/wp-content\/uploads\/2025\/06\/IMG_20250626_202448-scaled.jpg","contentUrl":"https:\/\/mineraleslunallena.com\/wp-content\/uploads\/2025\/06\/IMG_20250626_202448-scaled.jpg","width":1153,"height":2560},{"@type":"BreadcrumbList","@id":"https:\/\/mineraleslunallena.com\/producto\/pack-empoderamiento-y-fuego-interior\/#breadcrumb","itemListElement":[{"@type":"ListItem","position":1,"name":"Portada","item":"https:\/\/mineraleslunallena.com\/"},{"@type":"ListItem","position":2,"name":"Shop","item":"https:\/\/mineraleslunallena.com\/ca\/shop\/"},{"@type":"ListItem","position":3,"name":"Pack Empoderamiento y Fuego Interior"}]},{"@type":"WebSite","@id":"https:\/\/mineraleslunallena.com\/#website","url":"https:\/\/mineraleslunallena.com\/","name":"LLUNA PLENA MINERALS","description":"\u00c9s el moment de connectar-te amb el teu poder i confiar en les teves habilitats.","publisher":{"@id":"https:\/\/mineraleslunallena.com\/#organization"},"potentialAction":[{"@type":"SearchAction","target":{"@type":"EntryPoint","urlTemplate":"https:\/\/mineraleslunallena.com\/?s={search_term_string}"},"query-input":{"@type":"PropertyValueSpecification","valueRequired":true,"valueName":"search_term_string"}}],"inLanguage":"ca"},{"@type":"Organization","@id":"https:\/\/mineraleslunallena.com\/#organization","name":"LLUNA PLENA MINERALS","url":"https:\/\/mineraleslunallena.com\/","logo":{"@type":"ImageObject","inLanguage":"ca","@id":"https:\/\/mineraleslunallena.com\/#\/schema\/logo\/image\/","url":"https:\/\/mineraleslunallena.com\/wp-content\/uploads\/2023\/07\/LUNA-LLENA-LOGO-nuevo.png","contentUrl":"https:\/\/mineraleslunallena.com\/wp-content\/uploads\/2023\/07\/LUNA-LLENA-LOGO-nuevo.png","width":229,"height":167,"caption":"LUNA LLENA MINERALES"},"image":{"@id":"https:\/\/mineraleslunallena.com\/#\/schema\/logo\/image\/"}}]}},"jetpack_sharing_enabled":true,"_links":{"self":[{"href":"https:\/\/mineraleslunallena.com\/ca\/wp-json\/wp\/v2\/product\/8117","targetHints":{"allow":["GET"]}}],"collection":[{"href":"https:\/\/mineraleslunallena.com\/ca\/wp-json\/wp\/v2\/product"}],"about":[{"href":"https:\/\/mineraleslunallena.com\/ca\/wp-json\/wp\/v2\/types\/product"}],"version-history":[{"count":1,"href":"https:\/\/mineraleslunallena.com\/ca\/wp-json\/wp\/v2\/product\/8117\/revisions"}],"predecessor-version":[{"id":8119,"href":"https:\/\/mineraleslunallena.com\/ca\/wp-json\/wp\/v2\/product\/8117\/revisions\/8119"}],"wp:featuredmedia":[{"embeddable":true,"href":"https:\/\/mineraleslunallena.com\/ca\/wp-json\/wp\/v2\/media\/8118"}],"wp:attachment":[{"href":"https:\/\/mineraleslunallena.com\/ca\/wp-json\/wp\/v2\/media?parent=8117"}],"wp:term":[{"taxonomy":"product_cat","embeddable":true,"href":"https:\/\/mineraleslunallena.com\/ca\/wp-json\/wp\/v2\/product_cat?post=8117"},{"taxonomy":"product_tag","embeddable":true,"href":"https:\/\/mineraleslunallena.com\/ca\/wp-json\/wp\/v2\/product_tag?post=8117"}],"curies":[{"name":"wp","href":"https:\/\/api.w.org\/{rel}","templated":true}]}}