{"id":8162,"date":"2025-07-04T10:44:20","date_gmt":"2025-07-04T08:44:20","guid":{"rendered":"https:\/\/mineraleslunallena.com\/?post_type=product&#038;p=8162"},"modified":"2025-07-08T22:01:29","modified_gmt":"2025-07-08T20:01:29","slug":"ojo-de-halcon-masivo-vision-proteccion-psiquica","status":"publish","type":"product","link":"https:\/\/mineraleslunallena.com\/ca\/producte\/ojo-de-halcon-masivo-vision-proteccion-psiquica\/","title":{"rendered":"Ojo de Halc\u00f3n Masivo | Visi\u00f3n \u2013 Protecci\u00f3n Ps\u00edquica"},"content":{"rendered":"<p data-start=\"391\" data-end=\"710\">Activa tu visi\u00f3n interior con la mirada del Ojo de Halc\u00f3n. Te ayuda a ver con claridad lo que otros no perciben, desarrollando la intuici\u00f3n, la percepci\u00f3n energ\u00e9tica y la estrategia mental.<\/p>\n<p data-start=\"391\" data-end=\"710\">Se asocia con el chakra del tercer ojo y es ideal para canalizar, tomar decisiones o cortar confusi\u00f3n mental.<\/p>\n<p data-start=\"712\" data-end=\"931\">Es un gran protector a nivel ps\u00edquico, especialmente \u00fatil para personas sensibles o que trabajan con energ\u00eda. Col\u00f3calo en tu espacio o ll\u00e9valo contigo para mantener la mente enfocada y limpia de interferencias externas.<\/p>\n<p data-start=\"933\" data-end=\"1036\"><strong data-start=\"933\" data-end=\"946\">Quantitat:<\/strong> 1 Unidad. El precio es por una unidad.<br data-start=\"985\" data-end=\"988\" \/><strong data-start=\"988\" data-end=\"999\">Grand\u00e0ria:<\/strong> L.<br data-start=\"1007\" data-end=\"1010\" \/><strong data-start=\"1010\" data-end=\"1020\">Forma:<\/strong> Mineral Masivo.<\/p>","protected":false},"excerpt":{"rendered":"<p data-start=\"391\" data-end=\"710\">Activa tu visi\u00f3n interior con la mirada del Ojo de Halc\u00f3n. Te ayuda a ver con claridad lo que otros no perciben, desarrollando la intuici\u00f3n, la percepci\u00f3n energ\u00e9tica y la estrategia mental.<\/p>\n<p data-start=\"391\" data-end=\"710\">Se asocia con el chakra del tercer ojo y es ideal para canalizar, tomar decisiones o cortar confusi\u00f3n mental.<\/p>\n<p data-start=\"712\" data-end=\"931\">Es un gran protector a nivel ps\u00edquico, especialmente \u00fatil para personas sensibles o que trabajan con energ\u00eda. Col\u00f3calo en tu espacio o ll\u00e9valo contigo para mantener la mente enfocada y limpia de interferencias externas.<\/p>\n<p data-start=\"933\" data-end=\"1036\"><strong data-start=\"933\" data-end=\"946\">Quantitat:<\/strong> 1 Unidad. El precio es por una unidad.<br data-start=\"985\" data-end=\"988\" \/><strong data-start=\"988\" data-end=\"999\">Grand\u00e0ria:<\/strong> L.<br data-start=\"1007\" data-end=\"1010\" \/><strong data-start=\"1010\" data-end=\"1020\">Forma:<\/strong> Mineral Masivo.<\/p>","protected":false},"featured_media":8280,"template":"","meta":[],"product_cat":[72,69],"product_tag":[],"class_list":{"0":"post-8162","1":"product","2":"type-product","3":"status-publish","4":"has-post-thumbnail","6":"product_cat-masivos","7":"product_cat-minerales","9":"first","10":"instock","11":"sale","12":"taxable","13":"shipping-taxable","14":"purchasable","15":"product-type-simple"},"yoast_head":"<!-- This site is optimized with the Yoast SEO plugin v27.3 - https:\/\/yoast.com\/product\/yoast-seo-wordpress\/ -->\n<title>Ojo de Halc\u00f3n Masivo | Visi\u00f3n \u2013 Protecci\u00f3n Ps\u00edquica - MINERALES LUNA LLENA<\/title>\n<meta name=\"robots\" content=\"index, follow, max-snippet:-1, max-image-preview:large, max-video-preview:-1\" \/>\n<link rel=\"canonical\" href=\"https:\/\/mineraleslunallena.com\/ca\/producte\/ojo-de-halcon-masivo-vision-proteccion-psiquica\/\" \/>\n<meta property=\"og:locale\" content=\"ca_ES\" \/>\n<meta property=\"og:type\" content=\"article\" \/>\n<meta property=\"og:title\" content=\"Ojo de Halc\u00f3n Masivo | Visi\u00f3n \u2013 Protecci\u00f3n Ps\u00edquica - MINERALES LUNA LLENA\" \/>\n<meta property=\"og:description\" content=\"Activa tu visi\u00f3n interior con la mirada del Ojo de Halc\u00f3n. Te ayuda a ver con claridad lo que otros no perciben, desarrollando la intuici\u00f3n, la percepci\u00f3n energ\u00e9tica y la estrategia mental. Se asocia con el chakra del tercer ojo y es ideal para canalizar, tomar decisiones o cortar confusi\u00f3n mental. Es un gran protector a nivel ps\u00edquico, especialmente \u00fatil para personas sensibles o que trabajan con energ\u00eda. Col\u00f3calo en tu espacio o ll\u00e9valo contigo para mantener la mente enfocada y limpia de interferencias externas. Cantidad: 1 Unidad. El precio es por una unidad.Tama\u00f1o: L.Forma: Mineral Masivo.\" \/>\n<meta property=\"og:url\" content=\"https:\/\/mineraleslunallena.com\/ca\/producte\/ojo-de-halcon-masivo-vision-proteccion-psiquica\/\" \/>\n<meta property=\"og:site_name\" content=\"MINERALES LUNA LLENA\" \/>\n<meta property=\"article:modified_time\" content=\"2025-07-08T20:01:29+00:00\" \/>\n<meta property=\"og:image\" content=\"https:\/\/mineraleslunallena.com\/wp-content\/uploads\/2025\/07\/ojohalconporta-scaled.jpg\" \/>\n\t<meta property=\"og:image:width\" content=\"1153\" \/>\n\t<meta property=\"og:image:height\" content=\"2560\" \/>\n\t<meta property=\"og:image:type\" content=\"image\/jpeg\" \/>\n<meta name=\"twitter:card\" content=\"summary_large_image\" \/>\n<meta name=\"twitter:label1\" content=\"Temps estimat de lectura\" \/>\n\t<meta name=\"twitter:data1\" content=\"1 minut\" \/>\n<script type=\"application\/ld+json\" class=\"yoast-schema-graph\">{\"@context\":\"https:\\\/\\\/schema.org\",\"@graph\":[{\"@type\":\"WebPage\",\"@id\":\"https:\\\/\\\/mineraleslunallena.com\\\/producto\\\/ojo-de-halcon-masivo-vision-proteccion-psiquica\\\/\",\"url\":\"https:\\\/\\\/mineraleslunallena.com\\\/producto\\\/ojo-de-halcon-masivo-vision-proteccion-psiquica\\\/\",\"name\":\"Ojo de Halc\u00f3n Masivo | Visi\u00f3n \u2013 Protecci\u00f3n Ps\u00edquica - MINERALES LUNA LLENA\",\"isPartOf\":{\"@id\":\"https:\\\/\\\/mineraleslunallena.com\\\/#website\"},\"primaryImageOfPage\":{\"@id\":\"https:\\\/\\\/mineraleslunallena.com\\\/producto\\\/ojo-de-halcon-masivo-vision-proteccion-psiquica\\\/#primaryimage\"},\"image\":{\"@id\":\"https:\\\/\\\/mineraleslunallena.com\\\/producto\\\/ojo-de-halcon-masivo-vision-proteccion-psiquica\\\/#primaryimage\"},\"thumbnailUrl\":\"https:\\\/\\\/mineraleslunallena.com\\\/wp-content\\\/uploads\\\/2025\\\/07\\\/ojohalconporta-scaled.jpg\",\"datePublished\":\"2025-07-04T08:44:20+00:00\",\"dateModified\":\"2025-07-08T20:01:29+00:00\",\"breadcrumb\":{\"@id\":\"https:\\\/\\\/mineraleslunallena.com\\\/producto\\\/ojo-de-halcon-masivo-vision-proteccion-psiquica\\\/#breadcrumb\"},\"inLanguage\":\"ca\",\"potentialAction\":[{\"@type\":\"ReadAction\",\"target\":[\"https:\\\/\\\/mineraleslunallena.com\\\/producto\\\/ojo-de-halcon-masivo-vision-proteccion-psiquica\\\/\"]}]},{\"@type\":\"ImageObject\",\"inLanguage\":\"ca\",\"@id\":\"https:\\\/\\\/mineraleslunallena.com\\\/producto\\\/ojo-de-halcon-masivo-vision-proteccion-psiquica\\\/#primaryimage\",\"url\":\"https:\\\/\\\/mineraleslunallena.com\\\/wp-content\\\/uploads\\\/2025\\\/07\\\/ojohalconporta-scaled.jpg\",\"contentUrl\":\"https:\\\/\\\/mineraleslunallena.com\\\/wp-content\\\/uploads\\\/2025\\\/07\\\/ojohalconporta-scaled.jpg\",\"width\":1153,\"height\":2560},{\"@type\":\"BreadcrumbList\",\"@id\":\"https:\\\/\\\/mineraleslunallena.com\\\/producto\\\/ojo-de-halcon-masivo-vision-proteccion-psiquica\\\/#breadcrumb\",\"itemListElement\":[{\"@type\":\"ListItem\",\"position\":1,\"name\":\"Portada\",\"item\":\"https:\\\/\\\/mineraleslunallena.com\\\/\"},{\"@type\":\"ListItem\",\"position\":2,\"name\":\"Shop\",\"item\":\"https:\\\/\\\/mineraleslunallena.com\\\/ca\\\/shop\\\/\"},{\"@type\":\"ListItem\",\"position\":3,\"name\":\"Ojo de Halc\u00f3n Masivo | Visi\u00f3n \u2013 Protecci\u00f3n Ps\u00edquica\"}]},{\"@type\":\"WebSite\",\"@id\":\"https:\\\/\\\/mineraleslunallena.com\\\/#website\",\"url\":\"https:\\\/\\\/mineraleslunallena.com\\\/\",\"name\":\"LUNA LLENA MINERALES\",\"description\":\"Es el momento de conectarte con tu propio poder y confiar en tus habilidades.\",\"publisher\":{\"@id\":\"https:\\\/\\\/mineraleslunallena.com\\\/#organization\"},\"potentialAction\":[{\"@type\":\"SearchAction\",\"target\":{\"@type\":\"EntryPoint\",\"urlTemplate\":\"https:\\\/\\\/mineraleslunallena.com\\\/?s={search_term_string}\"},\"query-input\":{\"@type\":\"PropertyValueSpecification\",\"valueRequired\":true,\"valueName\":\"search_term_string\"}}],\"inLanguage\":\"ca\"},{\"@type\":\"Organization\",\"@id\":\"https:\\\/\\\/mineraleslunallena.com\\\/#organization\",\"name\":\"LUNA LLENA MINERALES\",\"url\":\"https:\\\/\\\/mineraleslunallena.com\\\/\",\"logo\":{\"@type\":\"ImageObject\",\"inLanguage\":\"ca\",\"@id\":\"https:\\\/\\\/mineraleslunallena.com\\\/#\\\/schema\\\/logo\\\/image\\\/\",\"url\":\"https:\\\/\\\/mineraleslunallena.com\\\/wp-content\\\/uploads\\\/2023\\\/07\\\/LUNA-LLENA-LOGO-nuevo.png\",\"contentUrl\":\"https:\\\/\\\/mineraleslunallena.com\\\/wp-content\\\/uploads\\\/2023\\\/07\\\/LUNA-LLENA-LOGO-nuevo.png\",\"width\":229,\"height\":167,\"caption\":\"LUNA LLENA MINERALES\"},\"image\":{\"@id\":\"https:\\\/\\\/mineraleslunallena.com\\\/#\\\/schema\\\/logo\\\/image\\\/\"}}]}<\/script>\n<!-- \/ Yoast SEO plugin. -->","yoast_head_json":{"title":"Ojo de Halc\u00f3n Masivo | Visi\u00f3n \u2013 Protecci\u00f3n Ps\u00edquica - MINERALES LUNA LLENA","robots":{"index":"index","follow":"follow","max-snippet":"max-snippet:-1","max-image-preview":"max-image-preview:large","max-video-preview":"max-video-preview:-1"},"canonical":"https:\/\/mineraleslunallena.com\/ca\/producte\/ojo-de-halcon-masivo-vision-proteccion-psiquica\/","og_locale":"ca_ES","og_type":"article","og_title":"Ojo de Halc\u00f3n Masivo | Visi\u00f3n \u2013 Protecci\u00f3n Ps\u00edquica - MINERALES LUNA LLENA","og_description":"Activa tu visi\u00f3n interior con la mirada del Ojo de Halc\u00f3n. Te ayuda a ver con claridad lo que otros no perciben, desarrollando la intuici\u00f3n, la percepci\u00f3n energ\u00e9tica y la estrategia mental. Se asocia con el chakra del tercer ojo y es ideal para canalizar, tomar decisiones o cortar confusi\u00f3n mental. Es un gran protector a nivel ps\u00edquico, especialmente \u00fatil para personas sensibles o que trabajan con energ\u00eda. Col\u00f3calo en tu espacio o ll\u00e9valo contigo para mantener la mente enfocada y limpia de interferencias externas. Cantidad: 1 Unidad. El precio es por una unidad.Tama\u00f1o: L.Forma: Mineral Masivo.","og_url":"https:\/\/mineraleslunallena.com\/ca\/producte\/ojo-de-halcon-masivo-vision-proteccion-psiquica\/","og_site_name":"MINERALES LUNA LLENA","article_modified_time":"2025-07-08T20:01:29+00:00","og_image":[{"width":1153,"height":2560,"url":"https:\/\/mineraleslunallena.com\/wp-content\/uploads\/2025\/07\/ojohalconporta-scaled.jpg","type":"image\/jpeg"}],"twitter_card":"summary_large_image","twitter_misc":{"Temps estimat de lectura":"1 minut"},"schema":{"@context":"https:\/\/schema.org","@graph":[{"@type":"WebPage","@id":"https:\/\/mineraleslunallena.com\/producto\/ojo-de-halcon-masivo-vision-proteccion-psiquica\/","url":"https:\/\/mineraleslunallena.com\/producto\/ojo-de-halcon-masivo-vision-proteccion-psiquica\/","name":"Ojo de Halc\u00f3n Masivo | Visi\u00f3n \u2013 Protecci\u00f3n Ps\u00edquica - MINERALES LUNA LLENA","isPartOf":{"@id":"https:\/\/mineraleslunallena.com\/#website"},"primaryImageOfPage":{"@id":"https:\/\/mineraleslunallena.com\/producto\/ojo-de-halcon-masivo-vision-proteccion-psiquica\/#primaryimage"},"image":{"@id":"https:\/\/mineraleslunallena.com\/producto\/ojo-de-halcon-masivo-vision-proteccion-psiquica\/#primaryimage"},"thumbnailUrl":"https:\/\/mineraleslunallena.com\/wp-content\/uploads\/2025\/07\/ojohalconporta-scaled.jpg","datePublished":"2025-07-04T08:44:20+00:00","dateModified":"2025-07-08T20:01:29+00:00","breadcrumb":{"@id":"https:\/\/mineraleslunallena.com\/producto\/ojo-de-halcon-masivo-vision-proteccion-psiquica\/#breadcrumb"},"inLanguage":"ca","potentialAction":[{"@type":"ReadAction","target":["https:\/\/mineraleslunallena.com\/producto\/ojo-de-halcon-masivo-vision-proteccion-psiquica\/"]}]},{"@type":"ImageObject","inLanguage":"ca","@id":"https:\/\/mineraleslunallena.com\/producto\/ojo-de-halcon-masivo-vision-proteccion-psiquica\/#primaryimage","url":"https:\/\/mineraleslunallena.com\/wp-content\/uploads\/2025\/07\/ojohalconporta-scaled.jpg","contentUrl":"https:\/\/mineraleslunallena.com\/wp-content\/uploads\/2025\/07\/ojohalconporta-scaled.jpg","width":1153,"height":2560},{"@type":"BreadcrumbList","@id":"https:\/\/mineraleslunallena.com\/producto\/ojo-de-halcon-masivo-vision-proteccion-psiquica\/#breadcrumb","itemListElement":[{"@type":"ListItem","position":1,"name":"Portada","item":"https:\/\/mineraleslunallena.com\/"},{"@type":"ListItem","position":2,"name":"Shop","item":"https:\/\/mineraleslunallena.com\/ca\/shop\/"},{"@type":"ListItem","position":3,"name":"Ojo de Halc\u00f3n Masivo | Visi\u00f3n \u2013 Protecci\u00f3n Ps\u00edquica"}]},{"@type":"WebSite","@id":"https:\/\/mineraleslunallena.com\/#website","url":"https:\/\/mineraleslunallena.com\/","name":"LLUNA PLENA MINERALS","description":"\u00c9s el moment de connectar-te amb el teu poder i confiar en les teves habilitats.","publisher":{"@id":"https:\/\/mineraleslunallena.com\/#organization"},"potentialAction":[{"@type":"SearchAction","target":{"@type":"EntryPoint","urlTemplate":"https:\/\/mineraleslunallena.com\/?s={search_term_string}"},"query-input":{"@type":"PropertyValueSpecification","valueRequired":true,"valueName":"search_term_string"}}],"inLanguage":"ca"},{"@type":"Organization","@id":"https:\/\/mineraleslunallena.com\/#organization","name":"LLUNA PLENA MINERALS","url":"https:\/\/mineraleslunallena.com\/","logo":{"@type":"ImageObject","inLanguage":"ca","@id":"https:\/\/mineraleslunallena.com\/#\/schema\/logo\/image\/","url":"https:\/\/mineraleslunallena.com\/wp-content\/uploads\/2023\/07\/LUNA-LLENA-LOGO-nuevo.png","contentUrl":"https:\/\/mineraleslunallena.com\/wp-content\/uploads\/2023\/07\/LUNA-LLENA-LOGO-nuevo.png","width":229,"height":167,"caption":"LUNA LLENA MINERALES"},"image":{"@id":"https:\/\/mineraleslunallena.com\/#\/schema\/logo\/image\/"}}]}},"_links":{"self":[{"href":"https:\/\/mineraleslunallena.com\/ca\/wp-json\/wp\/v2\/product\/8162","targetHints":{"allow":["GET"]}}],"collection":[{"href":"https:\/\/mineraleslunallena.com\/ca\/wp-json\/wp\/v2\/product"}],"about":[{"href":"https:\/\/mineraleslunallena.com\/ca\/wp-json\/wp\/v2\/types\/product"}],"version-history":[{"count":1,"href":"https:\/\/mineraleslunallena.com\/ca\/wp-json\/wp\/v2\/product\/8162\/revisions"}],"predecessor-version":[{"id":8163,"href":"https:\/\/mineraleslunallena.com\/ca\/wp-json\/wp\/v2\/product\/8162\/revisions\/8163"}],"wp:featuredmedia":[{"embeddable":true,"href":"https:\/\/mineraleslunallena.com\/ca\/wp-json\/wp\/v2\/media\/8280"}],"wp:attachment":[{"href":"https:\/\/mineraleslunallena.com\/ca\/wp-json\/wp\/v2\/media?parent=8162"}],"wp:term":[{"taxonomy":"product_cat","embeddable":true,"href":"https:\/\/mineraleslunallena.com\/ca\/wp-json\/wp\/v2\/product_cat?post=8162"},{"taxonomy":"product_tag","embeddable":true,"href":"https:\/\/mineraleslunallena.com\/ca\/wp-json\/wp\/v2\/product_tag?post=8162"}],"curies":[{"name":"wp","href":"https:\/\/api.w.org\/{rel}","templated":true}]}}