{"id":8175,"date":"2025-07-04T11:13:16","date_gmt":"2025-07-04T09:13:16","guid":{"rendered":"https:\/\/mineraleslunallena.com\/?post_type=product&#038;p=8175"},"modified":"2025-07-31T16:36:49","modified_gmt":"2025-07-31T14:36:49","slug":"cuarzo-chamanico-rodado-vision-interior-sanacion-profunda","status":"publish","type":"product","link":"https:\/\/mineraleslunallena.com\/ca\/producte\/cuarzo-chamanico-rodado-vision-interior-sanacion-profunda\/","title":{"rendered":"Cuarzo Cham\u00e1nico Rodado | Visi\u00f3n Interior \u2013 Sanaci\u00f3n Profunda"},"content":{"rendered":"<p data-start=\"286\" data-end=\"557\">El Cuarzo Cham\u00e1nico es una poderosa herramienta espiritual que combina la pureza del Cuarzo con inclusiones naturales de minerales, lo que le confiere una energ\u00eda \u00fanica. Es ideal para la introspecci\u00f3n, la conexi\u00f3n con gu\u00edas espirituales y la exploraci\u00f3n de vidas pasadas.<\/p>\n<p data-start=\"559\" data-end=\"842\">Usado en meditaci\u00f3n, facilita el acceso a planos superiores y favorece la sanaci\u00f3n emocional profunda.<\/p>\n<p data-start=\"559\" data-end=\"842\">Este cristal ayuda a liberar bloqueos energ\u00e9ticos, limpiar el Aura y potenciar la Visi\u00f3n iIntuitiva. Muy valorado en pr\u00e1cticas cham\u00e1nicas, rituales de sanaci\u00f3n y trabajos de sombra.<\/p>\n<p data-start=\"844\" data-end=\"978\">Act\u00faa sobre el Tercer Ojo y el Chakra Corona, armonizando la energ\u00eda espiritual y fortaleciendo la conexi\u00f3n con la sabidur\u00eda interior.<\/p>\n<p data-start=\"980\" data-end=\"1112\"><strong data-start=\"980\" data-end=\"993\">Quantitat:<\/strong> 1 Unidad. El precio es por una unidad.<br data-start=\"1032\" data-end=\"1035\" \/><strong data-start=\"1035\" data-end=\"1046\">Grand\u00e0ria:<\/strong> Entre 1.5 cm y 3 cm aproximadamente.<br data-start=\"1083\" data-end=\"1086\" \/><strong data-start=\"1086\" data-end=\"1096\">Forma:<\/strong> Mineral Rodado.<\/p>","protected":false},"excerpt":{"rendered":"<p data-start=\"286\" data-end=\"557\">El Cuarzo Cham\u00e1nico es una poderosa herramienta espiritual que combina la pureza del Cuarzo con inclusiones naturales de minerales, lo que le confiere una energ\u00eda \u00fanica. Es ideal para la introspecci\u00f3n, la conexi\u00f3n con gu\u00edas espirituales y la exploraci\u00f3n de vidas pasadas.<\/p>\n<p data-start=\"559\" data-end=\"842\">Usado en meditaci\u00f3n, facilita el acceso a planos superiores y favorece la sanaci\u00f3n emocional profunda.<\/p>\n<p data-start=\"559\" data-end=\"842\">Este cristal ayuda a liberar bloqueos energ\u00e9ticos, limpiar el Aura y potenciar la Visi\u00f3n iIntuitiva. Muy valorado en pr\u00e1cticas cham\u00e1nicas, rituales de sanaci\u00f3n y trabajos de sombra.<\/p>\n<p data-start=\"844\" data-end=\"978\">Act\u00faa sobre el Tercer Ojo y el Chakra Corona, armonizando la energ\u00eda espiritual y fortaleciendo la conexi\u00f3n con la sabidur\u00eda interior.<\/p>\n<p data-start=\"980\" data-end=\"1112\"><strong data-start=\"980\" data-end=\"993\">Quantitat:<\/strong> 1 Unidad. El precio es por una unidad.<br data-start=\"1032\" data-end=\"1035\" \/><strong data-start=\"1035\" data-end=\"1046\">Grand\u00e0ria:<\/strong> Entre 1.5 cm y 3 cm aproximadamente.<br data-start=\"1083\" data-end=\"1086\" \/><strong data-start=\"1086\" data-end=\"1096\">Forma:<\/strong> Mineral Rodado.<\/p>","protected":false},"featured_media":8294,"template":"","meta":[],"product_cat":[69,71],"product_tag":[],"class_list":{"0":"post-8175","1":"product","2":"type-product","3":"status-publish","4":"has-post-thumbnail","6":"product_cat-minerales","7":"product_cat-rodados","9":"first","10":"instock","11":"sale","12":"taxable","13":"shipping-taxable","14":"purchasable","15":"product-type-simple"},"yoast_head":"<!-- This site is optimized with the Yoast SEO plugin v27.3 - https:\/\/yoast.com\/product\/yoast-seo-wordpress\/ -->\n<title>Cuarzo Cham\u00e1nico Rodado | Visi\u00f3n Interior \u2013 Sanaci\u00f3n Profunda - MINERALES LUNA LLENA<\/title>\n<meta name=\"robots\" content=\"index, follow, max-snippet:-1, max-image-preview:large, max-video-preview:-1\" \/>\n<link rel=\"canonical\" href=\"https:\/\/mineraleslunallena.com\/ca\/producte\/cuarzo-chamanico-rodado-vision-interior-sanacion-profunda\/\" \/>\n<meta property=\"og:locale\" content=\"ca_ES\" \/>\n<meta property=\"og:type\" content=\"article\" \/>\n<meta property=\"og:title\" content=\"Cuarzo Cham\u00e1nico Rodado | Visi\u00f3n Interior \u2013 Sanaci\u00f3n Profunda - MINERALES LUNA LLENA\" \/>\n<meta property=\"og:description\" content=\"El Cuarzo Cham\u00e1nico es una poderosa herramienta espiritual que combina la pureza del Cuarzo con inclusiones naturales de minerales, lo que le confiere una energ\u00eda \u00fanica. Es ideal para la introspecci\u00f3n, la conexi\u00f3n con gu\u00edas espirituales y la exploraci\u00f3n de vidas pasadas. Usado en meditaci\u00f3n, facilita el acceso a planos superiores y favorece la sanaci\u00f3n emocional profunda. Este cristal ayuda a liberar bloqueos energ\u00e9ticos, limpiar el Aura y potenciar la Visi\u00f3n iIntuitiva. Muy valorado en pr\u00e1cticas cham\u00e1nicas, rituales de sanaci\u00f3n y trabajos de sombra. Act\u00faa sobre el Tercer Ojo y el Chakra Corona, armonizando la energ\u00eda espiritual y fortaleciendo la conexi\u00f3n con la sabidur\u00eda interior. Cantidad: 1 Unidad. El precio es por una unidad.Tama\u00f1o: Entre 1.5 cm y 3 cm aproximadamente.Forma: Mineral Rodado.\" \/>\n<meta property=\"og:url\" content=\"https:\/\/mineraleslunallena.com\/ca\/producte\/cuarzo-chamanico-rodado-vision-interior-sanacion-profunda\/\" \/>\n<meta property=\"og:site_name\" content=\"MINERALES LUNA LLENA\" \/>\n<meta property=\"article:modified_time\" content=\"2025-07-31T14:36:49+00:00\" \/>\n<meta property=\"og:image\" content=\"https:\/\/mineraleslunallena.com\/wp-content\/uploads\/2025\/07\/CUAROCHAMANICORODADO-scaled.jpg\" \/>\n\t<meta property=\"og:image:width\" content=\"1153\" \/>\n\t<meta property=\"og:image:height\" content=\"2560\" \/>\n\t<meta property=\"og:image:type\" content=\"image\/jpeg\" \/>\n<meta name=\"twitter:card\" content=\"summary_large_image\" \/>\n<meta name=\"twitter:label1\" content=\"Temps estimat de lectura\" \/>\n\t<meta name=\"twitter:data1\" content=\"1 minut\" \/>\n<script type=\"application\/ld+json\" class=\"yoast-schema-graph\">{\"@context\":\"https:\\\/\\\/schema.org\",\"@graph\":[{\"@type\":\"WebPage\",\"@id\":\"https:\\\/\\\/mineraleslunallena.com\\\/producto\\\/cuarzo-chamanico-rodado-vision-interior-sanacion-profunda\\\/\",\"url\":\"https:\\\/\\\/mineraleslunallena.com\\\/producto\\\/cuarzo-chamanico-rodado-vision-interior-sanacion-profunda\\\/\",\"name\":\"Cuarzo Cham\u00e1nico Rodado | Visi\u00f3n Interior \u2013 Sanaci\u00f3n Profunda - MINERALES LUNA LLENA\",\"isPartOf\":{\"@id\":\"https:\\\/\\\/mineraleslunallena.com\\\/#website\"},\"primaryImageOfPage\":{\"@id\":\"https:\\\/\\\/mineraleslunallena.com\\\/producto\\\/cuarzo-chamanico-rodado-vision-interior-sanacion-profunda\\\/#primaryimage\"},\"image\":{\"@id\":\"https:\\\/\\\/mineraleslunallena.com\\\/producto\\\/cuarzo-chamanico-rodado-vision-interior-sanacion-profunda\\\/#primaryimage\"},\"thumbnailUrl\":\"https:\\\/\\\/mineraleslunallena.com\\\/wp-content\\\/uploads\\\/2025\\\/07\\\/CUAROCHAMANICORODADO-scaled.jpg\",\"datePublished\":\"2025-07-04T09:13:16+00:00\",\"dateModified\":\"2025-07-31T14:36:49+00:00\",\"breadcrumb\":{\"@id\":\"https:\\\/\\\/mineraleslunallena.com\\\/producto\\\/cuarzo-chamanico-rodado-vision-interior-sanacion-profunda\\\/#breadcrumb\"},\"inLanguage\":\"ca\",\"potentialAction\":[{\"@type\":\"ReadAction\",\"target\":[\"https:\\\/\\\/mineraleslunallena.com\\\/producto\\\/cuarzo-chamanico-rodado-vision-interior-sanacion-profunda\\\/\"]}]},{\"@type\":\"ImageObject\",\"inLanguage\":\"ca\",\"@id\":\"https:\\\/\\\/mineraleslunallena.com\\\/producto\\\/cuarzo-chamanico-rodado-vision-interior-sanacion-profunda\\\/#primaryimage\",\"url\":\"https:\\\/\\\/mineraleslunallena.com\\\/wp-content\\\/uploads\\\/2025\\\/07\\\/CUAROCHAMANICORODADO-scaled.jpg\",\"contentUrl\":\"https:\\\/\\\/mineraleslunallena.com\\\/wp-content\\\/uploads\\\/2025\\\/07\\\/CUAROCHAMANICORODADO-scaled.jpg\",\"width\":1153,\"height\":2560},{\"@type\":\"BreadcrumbList\",\"@id\":\"https:\\\/\\\/mineraleslunallena.com\\\/producto\\\/cuarzo-chamanico-rodado-vision-interior-sanacion-profunda\\\/#breadcrumb\",\"itemListElement\":[{\"@type\":\"ListItem\",\"position\":1,\"name\":\"Portada\",\"item\":\"https:\\\/\\\/mineraleslunallena.com\\\/\"},{\"@type\":\"ListItem\",\"position\":2,\"name\":\"Shop\",\"item\":\"https:\\\/\\\/mineraleslunallena.com\\\/ca\\\/shop\\\/\"},{\"@type\":\"ListItem\",\"position\":3,\"name\":\"Cuarzo Cham\u00e1nico Rodado | Visi\u00f3n Interior \u2013 Sanaci\u00f3n Profunda\"}]},{\"@type\":\"WebSite\",\"@id\":\"https:\\\/\\\/mineraleslunallena.com\\\/#website\",\"url\":\"https:\\\/\\\/mineraleslunallena.com\\\/\",\"name\":\"LUNA LLENA MINERALES\",\"description\":\"Es el momento de conectarte con tu propio poder y confiar en tus habilidades.\",\"publisher\":{\"@id\":\"https:\\\/\\\/mineraleslunallena.com\\\/#organization\"},\"potentialAction\":[{\"@type\":\"SearchAction\",\"target\":{\"@type\":\"EntryPoint\",\"urlTemplate\":\"https:\\\/\\\/mineraleslunallena.com\\\/?s={search_term_string}\"},\"query-input\":{\"@type\":\"PropertyValueSpecification\",\"valueRequired\":true,\"valueName\":\"search_term_string\"}}],\"inLanguage\":\"ca\"},{\"@type\":\"Organization\",\"@id\":\"https:\\\/\\\/mineraleslunallena.com\\\/#organization\",\"name\":\"LUNA LLENA MINERALES\",\"url\":\"https:\\\/\\\/mineraleslunallena.com\\\/\",\"logo\":{\"@type\":\"ImageObject\",\"inLanguage\":\"ca\",\"@id\":\"https:\\\/\\\/mineraleslunallena.com\\\/#\\\/schema\\\/logo\\\/image\\\/\",\"url\":\"https:\\\/\\\/mineraleslunallena.com\\\/wp-content\\\/uploads\\\/2023\\\/07\\\/LUNA-LLENA-LOGO-nuevo.png\",\"contentUrl\":\"https:\\\/\\\/mineraleslunallena.com\\\/wp-content\\\/uploads\\\/2023\\\/07\\\/LUNA-LLENA-LOGO-nuevo.png\",\"width\":229,\"height\":167,\"caption\":\"LUNA LLENA MINERALES\"},\"image\":{\"@id\":\"https:\\\/\\\/mineraleslunallena.com\\\/#\\\/schema\\\/logo\\\/image\\\/\"}}]}<\/script>\n<!-- \/ Yoast SEO plugin. -->","yoast_head_json":{"title":"Cuarzo Cham\u00e1nico Rodado | Visi\u00f3n Interior \u2013 Sanaci\u00f3n Profunda - MINERALES LUNA LLENA","robots":{"index":"index","follow":"follow","max-snippet":"max-snippet:-1","max-image-preview":"max-image-preview:large","max-video-preview":"max-video-preview:-1"},"canonical":"https:\/\/mineraleslunallena.com\/ca\/producte\/cuarzo-chamanico-rodado-vision-interior-sanacion-profunda\/","og_locale":"ca_ES","og_type":"article","og_title":"Cuarzo Cham\u00e1nico Rodado | Visi\u00f3n Interior \u2013 Sanaci\u00f3n Profunda - MINERALES LUNA LLENA","og_description":"El Cuarzo Cham\u00e1nico es una poderosa herramienta espiritual que combina la pureza del Cuarzo con inclusiones naturales de minerales, lo que le confiere una energ\u00eda \u00fanica. Es ideal para la introspecci\u00f3n, la conexi\u00f3n con gu\u00edas espirituales y la exploraci\u00f3n de vidas pasadas. Usado en meditaci\u00f3n, facilita el acceso a planos superiores y favorece la sanaci\u00f3n emocional profunda. Este cristal ayuda a liberar bloqueos energ\u00e9ticos, limpiar el Aura y potenciar la Visi\u00f3n iIntuitiva. Muy valorado en pr\u00e1cticas cham\u00e1nicas, rituales de sanaci\u00f3n y trabajos de sombra. Act\u00faa sobre el Tercer Ojo y el Chakra Corona, armonizando la energ\u00eda espiritual y fortaleciendo la conexi\u00f3n con la sabidur\u00eda interior. Cantidad: 1 Unidad. El precio es por una unidad.Tama\u00f1o: Entre 1.5 cm y 3 cm aproximadamente.Forma: Mineral Rodado.","og_url":"https:\/\/mineraleslunallena.com\/ca\/producte\/cuarzo-chamanico-rodado-vision-interior-sanacion-profunda\/","og_site_name":"MINERALES LUNA LLENA","article_modified_time":"2025-07-31T14:36:49+00:00","og_image":[{"width":1153,"height":2560,"url":"https:\/\/mineraleslunallena.com\/wp-content\/uploads\/2025\/07\/CUAROCHAMANICORODADO-scaled.jpg","type":"image\/jpeg"}],"twitter_card":"summary_large_image","twitter_misc":{"Temps estimat de lectura":"1 minut"},"schema":{"@context":"https:\/\/schema.org","@graph":[{"@type":"WebPage","@id":"https:\/\/mineraleslunallena.com\/producto\/cuarzo-chamanico-rodado-vision-interior-sanacion-profunda\/","url":"https:\/\/mineraleslunallena.com\/producto\/cuarzo-chamanico-rodado-vision-interior-sanacion-profunda\/","name":"Cuarzo Cham\u00e1nico Rodado | Visi\u00f3n Interior \u2013 Sanaci\u00f3n Profunda - MINERALES LUNA LLENA","isPartOf":{"@id":"https:\/\/mineraleslunallena.com\/#website"},"primaryImageOfPage":{"@id":"https:\/\/mineraleslunallena.com\/producto\/cuarzo-chamanico-rodado-vision-interior-sanacion-profunda\/#primaryimage"},"image":{"@id":"https:\/\/mineraleslunallena.com\/producto\/cuarzo-chamanico-rodado-vision-interior-sanacion-profunda\/#primaryimage"},"thumbnailUrl":"https:\/\/mineraleslunallena.com\/wp-content\/uploads\/2025\/07\/CUAROCHAMANICORODADO-scaled.jpg","datePublished":"2025-07-04T09:13:16+00:00","dateModified":"2025-07-31T14:36:49+00:00","breadcrumb":{"@id":"https:\/\/mineraleslunallena.com\/producto\/cuarzo-chamanico-rodado-vision-interior-sanacion-profunda\/#breadcrumb"},"inLanguage":"ca","potentialAction":[{"@type":"ReadAction","target":["https:\/\/mineraleslunallena.com\/producto\/cuarzo-chamanico-rodado-vision-interior-sanacion-profunda\/"]}]},{"@type":"ImageObject","inLanguage":"ca","@id":"https:\/\/mineraleslunallena.com\/producto\/cuarzo-chamanico-rodado-vision-interior-sanacion-profunda\/#primaryimage","url":"https:\/\/mineraleslunallena.com\/wp-content\/uploads\/2025\/07\/CUAROCHAMANICORODADO-scaled.jpg","contentUrl":"https:\/\/mineraleslunallena.com\/wp-content\/uploads\/2025\/07\/CUAROCHAMANICORODADO-scaled.jpg","width":1153,"height":2560},{"@type":"BreadcrumbList","@id":"https:\/\/mineraleslunallena.com\/producto\/cuarzo-chamanico-rodado-vision-interior-sanacion-profunda\/#breadcrumb","itemListElement":[{"@type":"ListItem","position":1,"name":"Portada","item":"https:\/\/mineraleslunallena.com\/"},{"@type":"ListItem","position":2,"name":"Shop","item":"https:\/\/mineraleslunallena.com\/ca\/shop\/"},{"@type":"ListItem","position":3,"name":"Cuarzo Cham\u00e1nico Rodado | Visi\u00f3n Interior \u2013 Sanaci\u00f3n Profunda"}]},{"@type":"WebSite","@id":"https:\/\/mineraleslunallena.com\/#website","url":"https:\/\/mineraleslunallena.com\/","name":"LLUNA PLENA MINERALS","description":"\u00c9s el moment de connectar-te amb el teu poder i confiar en les teves habilitats.","publisher":{"@id":"https:\/\/mineraleslunallena.com\/#organization"},"potentialAction":[{"@type":"SearchAction","target":{"@type":"EntryPoint","urlTemplate":"https:\/\/mineraleslunallena.com\/?s={search_term_string}"},"query-input":{"@type":"PropertyValueSpecification","valueRequired":true,"valueName":"search_term_string"}}],"inLanguage":"ca"},{"@type":"Organization","@id":"https:\/\/mineraleslunallena.com\/#organization","name":"LLUNA PLENA MINERALS","url":"https:\/\/mineraleslunallena.com\/","logo":{"@type":"ImageObject","inLanguage":"ca","@id":"https:\/\/mineraleslunallena.com\/#\/schema\/logo\/image\/","url":"https:\/\/mineraleslunallena.com\/wp-content\/uploads\/2023\/07\/LUNA-LLENA-LOGO-nuevo.png","contentUrl":"https:\/\/mineraleslunallena.com\/wp-content\/uploads\/2023\/07\/LUNA-LLENA-LOGO-nuevo.png","width":229,"height":167,"caption":"LUNA LLENA MINERALES"},"image":{"@id":"https:\/\/mineraleslunallena.com\/#\/schema\/logo\/image\/"}}]}},"_links":{"self":[{"href":"https:\/\/mineraleslunallena.com\/ca\/wp-json\/wp\/v2\/product\/8175","targetHints":{"allow":["GET"]}}],"collection":[{"href":"https:\/\/mineraleslunallena.com\/ca\/wp-json\/wp\/v2\/product"}],"about":[{"href":"https:\/\/mineraleslunallena.com\/ca\/wp-json\/wp\/v2\/types\/product"}],"version-history":[{"count":2,"href":"https:\/\/mineraleslunallena.com\/ca\/wp-json\/wp\/v2\/product\/8175\/revisions"}],"predecessor-version":[{"id":8307,"href":"https:\/\/mineraleslunallena.com\/ca\/wp-json\/wp\/v2\/product\/8175\/revisions\/8307"}],"wp:featuredmedia":[{"embeddable":true,"href":"https:\/\/mineraleslunallena.com\/ca\/wp-json\/wp\/v2\/media\/8294"}],"wp:attachment":[{"href":"https:\/\/mineraleslunallena.com\/ca\/wp-json\/wp\/v2\/media?parent=8175"}],"wp:term":[{"taxonomy":"product_cat","embeddable":true,"href":"https:\/\/mineraleslunallena.com\/ca\/wp-json\/wp\/v2\/product_cat?post=8175"},{"taxonomy":"product_tag","embeddable":true,"href":"https:\/\/mineraleslunallena.com\/ca\/wp-json\/wp\/v2\/product_tag?post=8175"}],"curies":[{"name":"wp","href":"https:\/\/api.w.org\/{rel}","templated":true}]}}