{"id":8177,"date":"2025-07-04T11:24:33","date_gmt":"2025-07-04T09:24:33","guid":{"rendered":"https:\/\/mineraleslunallena.com\/?post_type=product&#038;p=8177"},"modified":"2025-11-02T19:23:59","modified_gmt":"2025-11-02T18:23:59","slug":"incienso-de-salvia-organica-limpieza-proteccion-renovacion","status":"publish","type":"product","link":"https:\/\/mineraleslunallena.com\/ca\/producte\/incienso-de-salvia-organica-limpieza-proteccion-renovacion\/","title":{"rendered":"Incienso de Salvia Org\u00e1nica | Limpieza \u2013 Protecci\u00f3n \u2013 Renovaci\u00f3n"},"content":{"rendered":"<p data-start=\"299\" data-end=\"583\">\u00a1Descubre el Incienso de Salvia Org\u00e1nica y transforma tu espacio en un Templo de Luz! Esta planta sagrada es conocida por su potente capacidad de <strong data-start=\"445\" data-end=\"468\">Limpieza Energ\u00e9tica<\/strong>, ayudando a <strong data-start=\"481\" data-end=\"509\">eliminar Energ\u00edas Densas<\/strong>, cortar la <strong data-start=\"521\" data-end=\"536\">Negatividad<\/strong> y crear un campo de <strong data-start=\"557\" data-end=\"582\">Protecci\u00f3n Espiritual<\/strong>.<\/p>\n<p data-start=\"585\" data-end=\"871\">Su aroma Herbal y Ancestral envuelve el ambiente en una atm\u00f3sfera de <strong data-start=\"654\" data-end=\"666\">Claridad<\/strong>, <strong data-start=\"668\" data-end=\"690\">Pureza Vibracional<\/strong> y <strong data-start=\"693\" data-end=\"716\">Renovaci\u00f3n Interior<\/strong>. Ideal para encender antes de una <strong data-start=\"751\" data-end=\"765\">Meditaci\u00f3n<\/strong>, durante un <strong data-start=\"778\" data-end=\"800\">Ritual de Limpieza<\/strong>, o simplemente cuando sientas la necesidad de <strong data-start=\"847\" data-end=\"870\">Resetear tu Energ\u00eda<\/strong>.<\/p>\n<p data-start=\"873\" data-end=\"1090\">La Salvia ha sido utilizada desde tiempos antiguos por culturas ind\u00edgenas para <strong data-start=\"952\" data-end=\"994\">Purificar Personas, Objetos y Espacios<\/strong>, permitiendo el <strong data-start=\"1011\" data-end=\"1046\">Flujo Libre de Energ\u00eda Positiva<\/strong> y fortaleciendo la <strong data-start=\"1066\" data-end=\"1089\">Conexi\u00f3n Espiritual<\/strong>.<\/p>\n<hr data-start=\"1092\" data-end=\"1095\" \/>\n<p data-start=\"1097\" data-end=\"1433\">\u2728 <strong data-start=\"1099\" data-end=\"1120\">Origen y calidad:<\/strong><br data-start=\"1120\" data-end=\"1123\" \/>Hecho a mano en la India con materiales 100% Naturales y Org\u00e1nicos.<br data-start=\"1190\" data-end=\"1193\" \/>La l\u00ednea <strong data-start=\"1202\" data-end=\"1220\">Ullas Org\u00e1nico<\/strong> es una gama Premium, elaborada con <strong data-start=\"1256\" data-end=\"1276\">Resinas Sagradas<\/strong>, <strong data-start=\"1278\" data-end=\"1301\">Hierbas Medicinales<\/strong> y <strong data-start=\"1304\" data-end=\"1336\">Aceites Esenciales Naturales<\/strong>, siguiendo pr\u00e1cticas ancestrales de defumaci\u00f3n como las usadas por civilizaciones Mayas e Incas.<\/p>\n<p data-start=\"1435\" data-end=\"1533\"><strong data-start=\"1435\" data-end=\"1448\">Quantitat:<\/strong> 1 Unidad. El precio es por unidad.<br data-start=\"1483\" data-end=\"1486\" \/><strong data-start=\"1486\" data-end=\"1510\">Duraci\u00f3n aproximada:<\/strong> 6 minutos por varilla.<\/p>","protected":false},"excerpt":{"rendered":"<p data-start=\"299\" data-end=\"583\">\u00a1Descubre el Incienso de Salvia Org\u00e1nica y transforma tu espacio en un Templo de Luz! Esta planta sagrada es conocida por su potente capacidad de <strong data-start=\"445\" data-end=\"468\">Limpieza Energ\u00e9tica<\/strong>, ayudando a <strong data-start=\"481\" data-end=\"509\">eliminar Energ\u00edas Densas<\/strong>, cortar la <strong data-start=\"521\" data-end=\"536\">Negatividad<\/strong> y crear un campo de <strong data-start=\"557\" data-end=\"582\">Protecci\u00f3n Espiritual<\/strong>.<\/p>\n<p data-start=\"585\" data-end=\"871\">Su aroma Herbal y Ancestral envuelve el ambiente en una atm\u00f3sfera de <strong data-start=\"654\" data-end=\"666\">Claridad<\/strong>, <strong data-start=\"668\" data-end=\"690\">Pureza Vibracional<\/strong> y <strong data-start=\"693\" data-end=\"716\">Renovaci\u00f3n Interior<\/strong>. Ideal para encender antes de una <strong data-start=\"751\" data-end=\"765\">Meditaci\u00f3n<\/strong>, durante un <strong data-start=\"778\" data-end=\"800\">Ritual de Limpieza<\/strong>, o simplemente cuando sientas la necesidad de <strong data-start=\"847\" data-end=\"870\">Resetear tu Energ\u00eda<\/strong>.<\/p>\n<p data-start=\"873\" data-end=\"1090\">La Salvia ha sido utilizada desde tiempos antiguos por culturas ind\u00edgenas para <strong data-start=\"952\" data-end=\"994\">Purificar Personas, Objetos y Espacios<\/strong>, permitiendo el <strong data-start=\"1011\" data-end=\"1046\">Flujo Libre de Energ\u00eda Positiva<\/strong> y fortaleciendo la <strong data-start=\"1066\" data-end=\"1089\">Conexi\u00f3n Espiritual<\/strong>.<\/p>\n<hr data-start=\"1092\" data-end=\"1095\" \/>\n<p data-start=\"1097\" data-end=\"1433\">\u2728 <strong data-start=\"1099\" data-end=\"1120\">Origen y calidad:<\/strong><br data-start=\"1120\" data-end=\"1123\" \/>Hecho a mano en la India con materiales 100% Naturales y Org\u00e1nicos.<br data-start=\"1190\" data-end=\"1193\" \/>La l\u00ednea <strong data-start=\"1202\" data-end=\"1220\">Ullas Org\u00e1nico<\/strong> es una gama Premium, elaborada con <strong data-start=\"1256\" data-end=\"1276\">Resinas Sagradas<\/strong>, <strong data-start=\"1278\" data-end=\"1301\">Hierbas Medicinales<\/strong> y <strong data-start=\"1304\" data-end=\"1336\">Aceites Esenciales Naturales<\/strong>, siguiendo pr\u00e1cticas ancestrales de defumaci\u00f3n como las usadas por civilizaciones Mayas e Incas.<\/p>\n<p data-start=\"1435\" data-end=\"1533\"><strong data-start=\"1435\" data-end=\"1448\">Quantitat:<\/strong> 1 Unidad. El precio es por unidad.<br data-start=\"1483\" data-end=\"1486\" \/><strong data-start=\"1486\" data-end=\"1510\">Duraci\u00f3n aproximada:<\/strong> 6 minutos por varilla.<\/p>","protected":false},"featured_media":8281,"template":"","meta":[],"product_cat":[100,98],"product_tag":[],"class_list":{"0":"post-8177","1":"product","2":"type-product","3":"status-publish","4":"has-post-thumbnail","6":"product_cat-incienso-natural-en-varilla","7":"product_cat-incienso","9":"first","10":"instock","11":"sale","12":"taxable","13":"shipping-taxable","14":"purchasable","15":"product-type-simple"},"yoast_head":"<!-- This site is optimized with the Yoast SEO plugin v27.3 - https:\/\/yoast.com\/product\/yoast-seo-wordpress\/ -->\n<title>Incienso de Salvia Org\u00e1nica | Limpieza \u2013 Protecci\u00f3n \u2013 Renovaci\u00f3n - MINERALES LUNA LLENA<\/title>\n<meta name=\"robots\" content=\"index, follow, max-snippet:-1, max-image-preview:large, max-video-preview:-1\" \/>\n<link rel=\"canonical\" href=\"https:\/\/mineraleslunallena.com\/ca\/producte\/incienso-de-salvia-organica-limpieza-proteccion-renovacion\/\" \/>\n<meta property=\"og:locale\" content=\"ca_ES\" \/>\n<meta property=\"og:type\" content=\"article\" \/>\n<meta property=\"og:title\" content=\"Incienso de Salvia Org\u00e1nica | Limpieza \u2013 Protecci\u00f3n \u2013 Renovaci\u00f3n - MINERALES LUNA LLENA\" \/>\n<meta property=\"og:description\" content=\"\u00a1Descubre el Incienso de Salvia Org\u00e1nica y transforma tu espacio en un Templo de Luz! Esta planta sagrada es conocida por su potente capacidad de Limpieza Energ\u00e9tica, ayudando a eliminar Energ\u00edas Densas, cortar la Negatividad y crear un campo de Protecci\u00f3n Espiritual. Su aroma Herbal y Ancestral envuelve el ambiente en una atm\u00f3sfera de Claridad, Pureza Vibracional y Renovaci\u00f3n Interior. Ideal para encender antes de una Meditaci\u00f3n, durante un Ritual de Limpieza, o simplemente cuando sientas la necesidad de Resetear tu Energ\u00eda. La Salvia ha sido utilizada desde tiempos antiguos por culturas ind\u00edgenas para Purificar Personas, Objetos y Espacios, permitiendo el Flujo Libre de Energ\u00eda Positiva y fortaleciendo la Conexi\u00f3n Espiritual.    \u2728 Origen y calidad:Hecho a mano en la India con materiales 100% Naturales y Org\u00e1nicos.La l\u00ednea Ullas Org\u00e1nico es una gama Premium, elaborada con Resinas Sagradas, Hierbas Medicinales y Aceites Esenciales Naturales, siguiendo pr\u00e1cticas ancestrales de defumaci\u00f3n como las usadas por civilizaciones Mayas e Incas. Cantidad: 1 Unidad. El precio es por unidad.Duraci\u00f3n aproximada: 6 minutos por varilla.\" \/>\n<meta property=\"og:url\" content=\"https:\/\/mineraleslunallena.com\/ca\/producte\/incienso-de-salvia-organica-limpieza-proteccion-renovacion\/\" \/>\n<meta property=\"og:site_name\" content=\"MINERALES LUNA LLENA\" \/>\n<meta property=\"article:modified_time\" content=\"2025-11-02T18:23:59+00:00\" \/>\n<meta property=\"og:image\" content=\"https:\/\/mineraleslunallena.com\/wp-content\/uploads\/2025\/07\/inciensoorgqanicosalvia-scaled.jpg\" \/>\n\t<meta property=\"og:image:width\" content=\"1153\" \/>\n\t<meta property=\"og:image:height\" content=\"2560\" \/>\n\t<meta property=\"og:image:type\" content=\"image\/jpeg\" \/>\n<meta name=\"twitter:card\" content=\"summary_large_image\" \/>\n<meta name=\"twitter:label1\" content=\"Temps estimat de lectura\" \/>\n\t<meta name=\"twitter:data1\" content=\"1 minut\" \/>\n<script type=\"application\/ld+json\" class=\"yoast-schema-graph\">{\"@context\":\"https:\\\/\\\/schema.org\",\"@graph\":[{\"@type\":\"WebPage\",\"@id\":\"https:\\\/\\\/mineraleslunallena.com\\\/producto\\\/incienso-de-salvia-organica-limpieza-proteccion-renovacion\\\/\",\"url\":\"https:\\\/\\\/mineraleslunallena.com\\\/producto\\\/incienso-de-salvia-organica-limpieza-proteccion-renovacion\\\/\",\"name\":\"Incienso de Salvia Org\u00e1nica | Limpieza \u2013 Protecci\u00f3n \u2013 Renovaci\u00f3n - MINERALES LUNA LLENA\",\"isPartOf\":{\"@id\":\"https:\\\/\\\/mineraleslunallena.com\\\/#website\"},\"primaryImageOfPage\":{\"@id\":\"https:\\\/\\\/mineraleslunallena.com\\\/producto\\\/incienso-de-salvia-organica-limpieza-proteccion-renovacion\\\/#primaryimage\"},\"image\":{\"@id\":\"https:\\\/\\\/mineraleslunallena.com\\\/producto\\\/incienso-de-salvia-organica-limpieza-proteccion-renovacion\\\/#primaryimage\"},\"thumbnailUrl\":\"https:\\\/\\\/mineraleslunallena.com\\\/wp-content\\\/uploads\\\/2025\\\/07\\\/inciensoorgqanicosalvia-scaled.jpg\",\"datePublished\":\"2025-07-04T09:24:33+00:00\",\"dateModified\":\"2025-11-02T18:23:59+00:00\",\"breadcrumb\":{\"@id\":\"https:\\\/\\\/mineraleslunallena.com\\\/producto\\\/incienso-de-salvia-organica-limpieza-proteccion-renovacion\\\/#breadcrumb\"},\"inLanguage\":\"ca\",\"potentialAction\":[{\"@type\":\"ReadAction\",\"target\":[\"https:\\\/\\\/mineraleslunallena.com\\\/producto\\\/incienso-de-salvia-organica-limpieza-proteccion-renovacion\\\/\"]}]},{\"@type\":\"ImageObject\",\"inLanguage\":\"ca\",\"@id\":\"https:\\\/\\\/mineraleslunallena.com\\\/producto\\\/incienso-de-salvia-organica-limpieza-proteccion-renovacion\\\/#primaryimage\",\"url\":\"https:\\\/\\\/mineraleslunallena.com\\\/wp-content\\\/uploads\\\/2025\\\/07\\\/inciensoorgqanicosalvia-scaled.jpg\",\"contentUrl\":\"https:\\\/\\\/mineraleslunallena.com\\\/wp-content\\\/uploads\\\/2025\\\/07\\\/inciensoorgqanicosalvia-scaled.jpg\",\"width\":1153,\"height\":2560},{\"@type\":\"BreadcrumbList\",\"@id\":\"https:\\\/\\\/mineraleslunallena.com\\\/producto\\\/incienso-de-salvia-organica-limpieza-proteccion-renovacion\\\/#breadcrumb\",\"itemListElement\":[{\"@type\":\"ListItem\",\"position\":1,\"name\":\"Portada\",\"item\":\"https:\\\/\\\/mineraleslunallena.com\\\/\"},{\"@type\":\"ListItem\",\"position\":2,\"name\":\"Shop\",\"item\":\"https:\\\/\\\/mineraleslunallena.com\\\/ca\\\/shop\\\/\"},{\"@type\":\"ListItem\",\"position\":3,\"name\":\"Incienso de Salvia Org\u00e1nica | Limpieza \u2013 Protecci\u00f3n \u2013 Renovaci\u00f3n\"}]},{\"@type\":\"WebSite\",\"@id\":\"https:\\\/\\\/mineraleslunallena.com\\\/#website\",\"url\":\"https:\\\/\\\/mineraleslunallena.com\\\/\",\"name\":\"LUNA LLENA MINERALES\",\"description\":\"Es el momento de conectarte con tu propio poder y confiar en tus habilidades.\",\"publisher\":{\"@id\":\"https:\\\/\\\/mineraleslunallena.com\\\/#organization\"},\"potentialAction\":[{\"@type\":\"SearchAction\",\"target\":{\"@type\":\"EntryPoint\",\"urlTemplate\":\"https:\\\/\\\/mineraleslunallena.com\\\/?s={search_term_string}\"},\"query-input\":{\"@type\":\"PropertyValueSpecification\",\"valueRequired\":true,\"valueName\":\"search_term_string\"}}],\"inLanguage\":\"ca\"},{\"@type\":\"Organization\",\"@id\":\"https:\\\/\\\/mineraleslunallena.com\\\/#organization\",\"name\":\"LUNA LLENA MINERALES\",\"url\":\"https:\\\/\\\/mineraleslunallena.com\\\/\",\"logo\":{\"@type\":\"ImageObject\",\"inLanguage\":\"ca\",\"@id\":\"https:\\\/\\\/mineraleslunallena.com\\\/#\\\/schema\\\/logo\\\/image\\\/\",\"url\":\"https:\\\/\\\/mineraleslunallena.com\\\/wp-content\\\/uploads\\\/2023\\\/07\\\/LUNA-LLENA-LOGO-nuevo.png\",\"contentUrl\":\"https:\\\/\\\/mineraleslunallena.com\\\/wp-content\\\/uploads\\\/2023\\\/07\\\/LUNA-LLENA-LOGO-nuevo.png\",\"width\":229,\"height\":167,\"caption\":\"LUNA LLENA MINERALES\"},\"image\":{\"@id\":\"https:\\\/\\\/mineraleslunallena.com\\\/#\\\/schema\\\/logo\\\/image\\\/\"}}]}<\/script>\n<!-- \/ Yoast SEO plugin. -->","yoast_head_json":{"title":"Incienso de Salvia Org\u00e1nica | Limpieza \u2013 Protecci\u00f3n \u2013 Renovaci\u00f3n - MINERALES LUNA LLENA","robots":{"index":"index","follow":"follow","max-snippet":"max-snippet:-1","max-image-preview":"max-image-preview:large","max-video-preview":"max-video-preview:-1"},"canonical":"https:\/\/mineraleslunallena.com\/ca\/producte\/incienso-de-salvia-organica-limpieza-proteccion-renovacion\/","og_locale":"ca_ES","og_type":"article","og_title":"Incienso de Salvia Org\u00e1nica | Limpieza \u2013 Protecci\u00f3n \u2013 Renovaci\u00f3n - MINERALES LUNA LLENA","og_description":"\u00a1Descubre el Incienso de Salvia Org\u00e1nica y transforma tu espacio en un Templo de Luz! Esta planta sagrada es conocida por su potente capacidad de Limpieza Energ\u00e9tica, ayudando a eliminar Energ\u00edas Densas, cortar la Negatividad y crear un campo de Protecci\u00f3n Espiritual. Su aroma Herbal y Ancestral envuelve el ambiente en una atm\u00f3sfera de Claridad, Pureza Vibracional y Renovaci\u00f3n Interior. Ideal para encender antes de una Meditaci\u00f3n, durante un Ritual de Limpieza, o simplemente cuando sientas la necesidad de Resetear tu Energ\u00eda. La Salvia ha sido utilizada desde tiempos antiguos por culturas ind\u00edgenas para Purificar Personas, Objetos y Espacios, permitiendo el Flujo Libre de Energ\u00eda Positiva y fortaleciendo la Conexi\u00f3n Espiritual.    \u2728 Origen y calidad:Hecho a mano en la India con materiales 100% Naturales y Org\u00e1nicos.La l\u00ednea Ullas Org\u00e1nico es una gama Premium, elaborada con Resinas Sagradas, Hierbas Medicinales y Aceites Esenciales Naturales, siguiendo pr\u00e1cticas ancestrales de defumaci\u00f3n como las usadas por civilizaciones Mayas e Incas. Cantidad: 1 Unidad. El precio es por unidad.Duraci\u00f3n aproximada: 6 minutos por varilla.","og_url":"https:\/\/mineraleslunallena.com\/ca\/producte\/incienso-de-salvia-organica-limpieza-proteccion-renovacion\/","og_site_name":"MINERALES LUNA LLENA","article_modified_time":"2025-11-02T18:23:59+00:00","og_image":[{"width":1153,"height":2560,"url":"https:\/\/mineraleslunallena.com\/wp-content\/uploads\/2025\/07\/inciensoorgqanicosalvia-scaled.jpg","type":"image\/jpeg"}],"twitter_card":"summary_large_image","twitter_misc":{"Temps estimat de lectura":"1 minut"},"schema":{"@context":"https:\/\/schema.org","@graph":[{"@type":"WebPage","@id":"https:\/\/mineraleslunallena.com\/producto\/incienso-de-salvia-organica-limpieza-proteccion-renovacion\/","url":"https:\/\/mineraleslunallena.com\/producto\/incienso-de-salvia-organica-limpieza-proteccion-renovacion\/","name":"Incienso de Salvia Org\u00e1nica | Limpieza \u2013 Protecci\u00f3n \u2013 Renovaci\u00f3n - MINERALES LUNA LLENA","isPartOf":{"@id":"https:\/\/mineraleslunallena.com\/#website"},"primaryImageOfPage":{"@id":"https:\/\/mineraleslunallena.com\/producto\/incienso-de-salvia-organica-limpieza-proteccion-renovacion\/#primaryimage"},"image":{"@id":"https:\/\/mineraleslunallena.com\/producto\/incienso-de-salvia-organica-limpieza-proteccion-renovacion\/#primaryimage"},"thumbnailUrl":"https:\/\/mineraleslunallena.com\/wp-content\/uploads\/2025\/07\/inciensoorgqanicosalvia-scaled.jpg","datePublished":"2025-07-04T09:24:33+00:00","dateModified":"2025-11-02T18:23:59+00:00","breadcrumb":{"@id":"https:\/\/mineraleslunallena.com\/producto\/incienso-de-salvia-organica-limpieza-proteccion-renovacion\/#breadcrumb"},"inLanguage":"ca","potentialAction":[{"@type":"ReadAction","target":["https:\/\/mineraleslunallena.com\/producto\/incienso-de-salvia-organica-limpieza-proteccion-renovacion\/"]}]},{"@type":"ImageObject","inLanguage":"ca","@id":"https:\/\/mineraleslunallena.com\/producto\/incienso-de-salvia-organica-limpieza-proteccion-renovacion\/#primaryimage","url":"https:\/\/mineraleslunallena.com\/wp-content\/uploads\/2025\/07\/inciensoorgqanicosalvia-scaled.jpg","contentUrl":"https:\/\/mineraleslunallena.com\/wp-content\/uploads\/2025\/07\/inciensoorgqanicosalvia-scaled.jpg","width":1153,"height":2560},{"@type":"BreadcrumbList","@id":"https:\/\/mineraleslunallena.com\/producto\/incienso-de-salvia-organica-limpieza-proteccion-renovacion\/#breadcrumb","itemListElement":[{"@type":"ListItem","position":1,"name":"Portada","item":"https:\/\/mineraleslunallena.com\/"},{"@type":"ListItem","position":2,"name":"Shop","item":"https:\/\/mineraleslunallena.com\/ca\/shop\/"},{"@type":"ListItem","position":3,"name":"Incienso de Salvia Org\u00e1nica | Limpieza \u2013 Protecci\u00f3n \u2013 Renovaci\u00f3n"}]},{"@type":"WebSite","@id":"https:\/\/mineraleslunallena.com\/#website","url":"https:\/\/mineraleslunallena.com\/","name":"LLUNA PLENA MINERALS","description":"\u00c9s el moment de connectar-te amb el teu poder i confiar en les teves habilitats.","publisher":{"@id":"https:\/\/mineraleslunallena.com\/#organization"},"potentialAction":[{"@type":"SearchAction","target":{"@type":"EntryPoint","urlTemplate":"https:\/\/mineraleslunallena.com\/?s={search_term_string}"},"query-input":{"@type":"PropertyValueSpecification","valueRequired":true,"valueName":"search_term_string"}}],"inLanguage":"ca"},{"@type":"Organization","@id":"https:\/\/mineraleslunallena.com\/#organization","name":"LLUNA PLENA MINERALS","url":"https:\/\/mineraleslunallena.com\/","logo":{"@type":"ImageObject","inLanguage":"ca","@id":"https:\/\/mineraleslunallena.com\/#\/schema\/logo\/image\/","url":"https:\/\/mineraleslunallena.com\/wp-content\/uploads\/2023\/07\/LUNA-LLENA-LOGO-nuevo.png","contentUrl":"https:\/\/mineraleslunallena.com\/wp-content\/uploads\/2023\/07\/LUNA-LLENA-LOGO-nuevo.png","width":229,"height":167,"caption":"LUNA LLENA MINERALES"},"image":{"@id":"https:\/\/mineraleslunallena.com\/#\/schema\/logo\/image\/"}}]}},"_links":{"self":[{"href":"https:\/\/mineraleslunallena.com\/ca\/wp-json\/wp\/v2\/product\/8177","targetHints":{"allow":["GET"]}}],"collection":[{"href":"https:\/\/mineraleslunallena.com\/ca\/wp-json\/wp\/v2\/product"}],"about":[{"href":"https:\/\/mineraleslunallena.com\/ca\/wp-json\/wp\/v2\/types\/product"}],"version-history":[{"count":1,"href":"https:\/\/mineraleslunallena.com\/ca\/wp-json\/wp\/v2\/product\/8177\/revisions"}],"predecessor-version":[{"id":8178,"href":"https:\/\/mineraleslunallena.com\/ca\/wp-json\/wp\/v2\/product\/8177\/revisions\/8178"}],"wp:featuredmedia":[{"embeddable":true,"href":"https:\/\/mineraleslunallena.com\/ca\/wp-json\/wp\/v2\/media\/8281"}],"wp:attachment":[{"href":"https:\/\/mineraleslunallena.com\/ca\/wp-json\/wp\/v2\/media?parent=8177"}],"wp:term":[{"taxonomy":"product_cat","embeddable":true,"href":"https:\/\/mineraleslunallena.com\/ca\/wp-json\/wp\/v2\/product_cat?post=8177"},{"taxonomy":"product_tag","embeddable":true,"href":"https:\/\/mineraleslunallena.com\/ca\/wp-json\/wp\/v2\/product_tag?post=8177"}],"curies":[{"name":"wp","href":"https:\/\/api.w.org\/{rel}","templated":true}]}}