{"id":8179,"date":"2025-07-04T11:28:28","date_gmt":"2025-07-04T09:28:28","guid":{"rendered":"https:\/\/mineraleslunallena.com\/?post_type=product&#038;p=8179"},"modified":"2026-04-16T23:18:57","modified_gmt":"2026-04-16T21:18:57","slug":"incienso-de-naranja-organica-alegria-energia-renovacion","status":"publish","type":"product","link":"https:\/\/mineraleslunallena.com\/ca\/producte\/incienso-de-naranja-organica-alegria-energia-renovacion\/","title":{"rendered":"Incienso de Naranja Org\u00e1nica | Alegr\u00eda \u2013 Energ\u00eda \u2013 Renovaci\u00f3n"},"content":{"rendered":"<p data-start=\"310\" data-end=\"610\">Disfruta del aroma fresco y vibrante del Incienso de Naranja Org\u00e1nica, una fuente natural de <strong data-start=\"403\" data-end=\"414\">Alegr\u00eda<\/strong>, <strong data-start=\"416\" data-end=\"436\">Energ\u00eda Positiva<\/strong> y <strong data-start=\"439\" data-end=\"463\">Renovaci\u00f3n Emocional<\/strong>. Este incienso artesanal limpia y eleva el ambiente, promoviendo una sensaci\u00f3n de bienestar y optimismo que renueva el esp\u00edritu y abre el coraz\u00f3n.<\/p>\n<p data-start=\"612\" data-end=\"871\">Perfecto para usar durante la <strong data-start=\"642\" data-end=\"656\">Meditaci\u00f3n<\/strong>, momentos de <strong data-start=\"670\" data-end=\"684\">Relajaci\u00f3n<\/strong> o simplemente para llenar tu hogar con una atm\u00f3sfera luminosa y refrescante. El aroma c\u00edtrico y dulce de la naranja activa la creatividad, reduce el estr\u00e9s y favorece la claridad mental.<\/p>\n<p data-start=\"878\" data-end=\"1129\"><strong data-start=\"880\" data-end=\"901\">Origen y calidad:<\/strong><br data-start=\"901\" data-end=\"904\" \/>Hecho a mano en la India con ingredientes 100% Naturales y Org\u00e1nicos.<br data-start=\"973\" data-end=\"976\" \/>La l\u00ednea <strong data-start=\"985\" data-end=\"1003\">Ullas Org\u00e1nico<\/strong> combina resinas, hierbas y aceites esenciales puros para ofrecer un producto Premium que respeta las tradiciones ancestrales.<\/p>\n<p data-start=\"1131\" data-end=\"1229\"><strong data-start=\"1131\" data-end=\"1144\">Quantitat:<\/strong> 1 Unidad. El precio es por unidad.<br data-start=\"1179\" data-end=\"1182\" \/><strong data-start=\"1182\" data-end=\"1206\">Duraci\u00f3n aproximada:<\/strong> 6 minutos por varilla.<\/p>","protected":false},"excerpt":{"rendered":"<p data-start=\"310\" data-end=\"610\">Disfruta del aroma fresco y vibrante del Incienso de Naranja Org\u00e1nica, una fuente natural de <strong data-start=\"403\" data-end=\"414\">Alegr\u00eda<\/strong>, <strong data-start=\"416\" data-end=\"436\">Energ\u00eda Positiva<\/strong> y <strong data-start=\"439\" data-end=\"463\">Renovaci\u00f3n Emocional<\/strong>. Este incienso artesanal limpia y eleva el ambiente, promoviendo una sensaci\u00f3n de bienestar y optimismo que renueva el esp\u00edritu y abre el coraz\u00f3n.<\/p>\n<p data-start=\"612\" data-end=\"871\">Perfecto para usar durante la <strong data-start=\"642\" data-end=\"656\">Meditaci\u00f3n<\/strong>, momentos de <strong data-start=\"670\" data-end=\"684\">Relajaci\u00f3n<\/strong> o simplemente para llenar tu hogar con una atm\u00f3sfera luminosa y refrescante. El aroma c\u00edtrico y dulce de la naranja activa la creatividad, reduce el estr\u00e9s y favorece la claridad mental.<\/p>\n<p data-start=\"878\" data-end=\"1129\"><strong data-start=\"880\" data-end=\"901\">Origen y calidad:<\/strong><br data-start=\"901\" data-end=\"904\" \/>Hecho a mano en la India con ingredientes 100% Naturales y Org\u00e1nicos.<br data-start=\"973\" data-end=\"976\" \/>La l\u00ednea <strong data-start=\"985\" data-end=\"1003\">Ullas Org\u00e1nico<\/strong> combina resinas, hierbas y aceites esenciales puros para ofrecer un producto Premium que respeta las tradiciones ancestrales.<\/p>\n<p data-start=\"1131\" data-end=\"1229\"><strong data-start=\"1131\" data-end=\"1144\">Quantitat:<\/strong> 1 Unidad. El precio es por unidad.<br data-start=\"1179\" data-end=\"1182\" \/><strong data-start=\"1182\" data-end=\"1206\">Duraci\u00f3n aproximada:<\/strong> 6 minutos por varilla.<\/p>","protected":false},"featured_media":8305,"template":"","meta":[],"product_cat":[100,98],"product_tag":[],"class_list":{"0":"post-8179","1":"product","2":"type-product","3":"status-publish","4":"has-post-thumbnail","6":"product_cat-incienso-natural-en-varilla","7":"product_cat-incienso","9":"first","10":"instock","11":"sale","12":"taxable","13":"shipping-taxable","14":"purchasable","15":"product-type-simple"},"yoast_head":"<!-- This site is optimized with the Yoast SEO plugin v27.3 - https:\/\/yoast.com\/product\/yoast-seo-wordpress\/ -->\n<title>Incienso de Naranja Org\u00e1nica | Alegr\u00eda \u2013 Energ\u00eda \u2013 Renovaci\u00f3n - MINERALES LUNA LLENA<\/title>\n<meta name=\"robots\" content=\"index, follow, max-snippet:-1, max-image-preview:large, max-video-preview:-1\" \/>\n<link rel=\"canonical\" href=\"https:\/\/mineraleslunallena.com\/ca\/producte\/incienso-de-naranja-organica-alegria-energia-renovacion\/\" \/>\n<meta property=\"og:locale\" content=\"ca_ES\" \/>\n<meta property=\"og:type\" content=\"article\" \/>\n<meta property=\"og:title\" content=\"Incienso de Naranja Org\u00e1nica | Alegr\u00eda \u2013 Energ\u00eda \u2013 Renovaci\u00f3n - MINERALES LUNA LLENA\" \/>\n<meta property=\"og:description\" content=\"Disfruta del aroma fresco y vibrante del Incienso de Naranja Org\u00e1nica, una fuente natural de Alegr\u00eda, Energ\u00eda Positiva y Renovaci\u00f3n Emocional. Este incienso artesanal limpia y eleva el ambiente, promoviendo una sensaci\u00f3n de bienestar y optimismo que renueva el esp\u00edritu y abre el coraz\u00f3n. Perfecto para usar durante la Meditaci\u00f3n, momentos de Relajaci\u00f3n o simplemente para llenar tu hogar con una atm\u00f3sfera luminosa y refrescante. El aroma c\u00edtrico y dulce de la naranja activa la creatividad, reduce el estr\u00e9s y favorece la claridad mental. Origen y calidad:Hecho a mano en la India con ingredientes 100% Naturales y Org\u00e1nicos.La l\u00ednea Ullas Org\u00e1nico combina resinas, hierbas y aceites esenciales puros para ofrecer un producto Premium que respeta las tradiciones ancestrales. Cantidad: 1 Unidad. El precio es por unidad.Duraci\u00f3n aproximada: 6 minutos por varilla.\" \/>\n<meta property=\"og:url\" content=\"https:\/\/mineraleslunallena.com\/ca\/producte\/incienso-de-naranja-organica-alegria-energia-renovacion\/\" \/>\n<meta property=\"og:site_name\" content=\"MINERALES LUNA LLENA\" \/>\n<meta property=\"article:modified_time\" content=\"2026-04-16T21:18:57+00:00\" \/>\n<meta property=\"og:image\" content=\"https:\/\/mineraleslunallena.com\/wp-content\/uploads\/2025\/07\/INCIENSOORGANICONARANJA-1-scaled.jpg\" \/>\n\t<meta property=\"og:image:width\" content=\"1153\" \/>\n\t<meta property=\"og:image:height\" content=\"2560\" \/>\n\t<meta property=\"og:image:type\" content=\"image\/jpeg\" \/>\n<meta name=\"twitter:card\" content=\"summary_large_image\" \/>\n<meta name=\"twitter:label1\" content=\"Temps estimat de lectura\" \/>\n\t<meta name=\"twitter:data1\" content=\"1 minut\" \/>\n<script type=\"application\/ld+json\" class=\"yoast-schema-graph\">{\"@context\":\"https:\\\/\\\/schema.org\",\"@graph\":[{\"@type\":\"WebPage\",\"@id\":\"https:\\\/\\\/mineraleslunallena.com\\\/producto\\\/incienso-de-naranja-organica-alegria-energia-renovacion\\\/\",\"url\":\"https:\\\/\\\/mineraleslunallena.com\\\/producto\\\/incienso-de-naranja-organica-alegria-energia-renovacion\\\/\",\"name\":\"Incienso de Naranja Org\u00e1nica | Alegr\u00eda \u2013 Energ\u00eda \u2013 Renovaci\u00f3n - MINERALES LUNA LLENA\",\"isPartOf\":{\"@id\":\"https:\\\/\\\/mineraleslunallena.com\\\/#website\"},\"primaryImageOfPage\":{\"@id\":\"https:\\\/\\\/mineraleslunallena.com\\\/producto\\\/incienso-de-naranja-organica-alegria-energia-renovacion\\\/#primaryimage\"},\"image\":{\"@id\":\"https:\\\/\\\/mineraleslunallena.com\\\/producto\\\/incienso-de-naranja-organica-alegria-energia-renovacion\\\/#primaryimage\"},\"thumbnailUrl\":\"https:\\\/\\\/mineraleslunallena.com\\\/wp-content\\\/uploads\\\/2025\\\/07\\\/INCIENSOORGANICONARANJA-1-scaled.jpg\",\"datePublished\":\"2025-07-04T09:28:28+00:00\",\"dateModified\":\"2026-04-16T21:18:57+00:00\",\"breadcrumb\":{\"@id\":\"https:\\\/\\\/mineraleslunallena.com\\\/producto\\\/incienso-de-naranja-organica-alegria-energia-renovacion\\\/#breadcrumb\"},\"inLanguage\":\"ca\",\"potentialAction\":[{\"@type\":\"ReadAction\",\"target\":[\"https:\\\/\\\/mineraleslunallena.com\\\/producto\\\/incienso-de-naranja-organica-alegria-energia-renovacion\\\/\"]}]},{\"@type\":\"ImageObject\",\"inLanguage\":\"ca\",\"@id\":\"https:\\\/\\\/mineraleslunallena.com\\\/producto\\\/incienso-de-naranja-organica-alegria-energia-renovacion\\\/#primaryimage\",\"url\":\"https:\\\/\\\/mineraleslunallena.com\\\/wp-content\\\/uploads\\\/2025\\\/07\\\/INCIENSOORGANICONARANJA-1-scaled.jpg\",\"contentUrl\":\"https:\\\/\\\/mineraleslunallena.com\\\/wp-content\\\/uploads\\\/2025\\\/07\\\/INCIENSOORGANICONARANJA-1-scaled.jpg\",\"width\":1153,\"height\":2560},{\"@type\":\"BreadcrumbList\",\"@id\":\"https:\\\/\\\/mineraleslunallena.com\\\/producto\\\/incienso-de-naranja-organica-alegria-energia-renovacion\\\/#breadcrumb\",\"itemListElement\":[{\"@type\":\"ListItem\",\"position\":1,\"name\":\"Portada\",\"item\":\"https:\\\/\\\/mineraleslunallena.com\\\/\"},{\"@type\":\"ListItem\",\"position\":2,\"name\":\"Shop\",\"item\":\"https:\\\/\\\/mineraleslunallena.com\\\/ca\\\/shop\\\/\"},{\"@type\":\"ListItem\",\"position\":3,\"name\":\"Incienso de Naranja Org\u00e1nica | Alegr\u00eda \u2013 Energ\u00eda \u2013 Renovaci\u00f3n\"}]},{\"@type\":\"WebSite\",\"@id\":\"https:\\\/\\\/mineraleslunallena.com\\\/#website\",\"url\":\"https:\\\/\\\/mineraleslunallena.com\\\/\",\"name\":\"LUNA LLENA MINERALES\",\"description\":\"Es el momento de conectarte con tu propio poder y confiar en tus habilidades.\",\"publisher\":{\"@id\":\"https:\\\/\\\/mineraleslunallena.com\\\/#organization\"},\"potentialAction\":[{\"@type\":\"SearchAction\",\"target\":{\"@type\":\"EntryPoint\",\"urlTemplate\":\"https:\\\/\\\/mineraleslunallena.com\\\/?s={search_term_string}\"},\"query-input\":{\"@type\":\"PropertyValueSpecification\",\"valueRequired\":true,\"valueName\":\"search_term_string\"}}],\"inLanguage\":\"ca\"},{\"@type\":\"Organization\",\"@id\":\"https:\\\/\\\/mineraleslunallena.com\\\/#organization\",\"name\":\"LUNA LLENA MINERALES\",\"url\":\"https:\\\/\\\/mineraleslunallena.com\\\/\",\"logo\":{\"@type\":\"ImageObject\",\"inLanguage\":\"ca\",\"@id\":\"https:\\\/\\\/mineraleslunallena.com\\\/#\\\/schema\\\/logo\\\/image\\\/\",\"url\":\"https:\\\/\\\/mineraleslunallena.com\\\/wp-content\\\/uploads\\\/2023\\\/07\\\/LUNA-LLENA-LOGO-nuevo.png\",\"contentUrl\":\"https:\\\/\\\/mineraleslunallena.com\\\/wp-content\\\/uploads\\\/2023\\\/07\\\/LUNA-LLENA-LOGO-nuevo.png\",\"width\":229,\"height\":167,\"caption\":\"LUNA LLENA MINERALES\"},\"image\":{\"@id\":\"https:\\\/\\\/mineraleslunallena.com\\\/#\\\/schema\\\/logo\\\/image\\\/\"}}]}<\/script>\n<!-- \/ Yoast SEO plugin. -->","yoast_head_json":{"title":"Incienso de Naranja Org\u00e1nica | Alegr\u00eda \u2013 Energ\u00eda \u2013 Renovaci\u00f3n - MINERALES LUNA LLENA","robots":{"index":"index","follow":"follow","max-snippet":"max-snippet:-1","max-image-preview":"max-image-preview:large","max-video-preview":"max-video-preview:-1"},"canonical":"https:\/\/mineraleslunallena.com\/ca\/producte\/incienso-de-naranja-organica-alegria-energia-renovacion\/","og_locale":"ca_ES","og_type":"article","og_title":"Incienso de Naranja Org\u00e1nica | Alegr\u00eda \u2013 Energ\u00eda \u2013 Renovaci\u00f3n - MINERALES LUNA LLENA","og_description":"Disfruta del aroma fresco y vibrante del Incienso de Naranja Org\u00e1nica, una fuente natural de Alegr\u00eda, Energ\u00eda Positiva y Renovaci\u00f3n Emocional. Este incienso artesanal limpia y eleva el ambiente, promoviendo una sensaci\u00f3n de bienestar y optimismo que renueva el esp\u00edritu y abre el coraz\u00f3n. Perfecto para usar durante la Meditaci\u00f3n, momentos de Relajaci\u00f3n o simplemente para llenar tu hogar con una atm\u00f3sfera luminosa y refrescante. El aroma c\u00edtrico y dulce de la naranja activa la creatividad, reduce el estr\u00e9s y favorece la claridad mental. Origen y calidad:Hecho a mano en la India con ingredientes 100% Naturales y Org\u00e1nicos.La l\u00ednea Ullas Org\u00e1nico combina resinas, hierbas y aceites esenciales puros para ofrecer un producto Premium que respeta las tradiciones ancestrales. Cantidad: 1 Unidad. El precio es por unidad.Duraci\u00f3n aproximada: 6 minutos por varilla.","og_url":"https:\/\/mineraleslunallena.com\/ca\/producte\/incienso-de-naranja-organica-alegria-energia-renovacion\/","og_site_name":"MINERALES LUNA LLENA","article_modified_time":"2026-04-16T21:18:57+00:00","og_image":[{"width":1153,"height":2560,"url":"https:\/\/mineraleslunallena.com\/wp-content\/uploads\/2025\/07\/INCIENSOORGANICONARANJA-1-scaled.jpg","type":"image\/jpeg"}],"twitter_card":"summary_large_image","twitter_misc":{"Temps estimat de lectura":"1 minut"},"schema":{"@context":"https:\/\/schema.org","@graph":[{"@type":"WebPage","@id":"https:\/\/mineraleslunallena.com\/producto\/incienso-de-naranja-organica-alegria-energia-renovacion\/","url":"https:\/\/mineraleslunallena.com\/producto\/incienso-de-naranja-organica-alegria-energia-renovacion\/","name":"Incienso de Naranja Org\u00e1nica | Alegr\u00eda \u2013 Energ\u00eda \u2013 Renovaci\u00f3n - MINERALES LUNA LLENA","isPartOf":{"@id":"https:\/\/mineraleslunallena.com\/#website"},"primaryImageOfPage":{"@id":"https:\/\/mineraleslunallena.com\/producto\/incienso-de-naranja-organica-alegria-energia-renovacion\/#primaryimage"},"image":{"@id":"https:\/\/mineraleslunallena.com\/producto\/incienso-de-naranja-organica-alegria-energia-renovacion\/#primaryimage"},"thumbnailUrl":"https:\/\/mineraleslunallena.com\/wp-content\/uploads\/2025\/07\/INCIENSOORGANICONARANJA-1-scaled.jpg","datePublished":"2025-07-04T09:28:28+00:00","dateModified":"2026-04-16T21:18:57+00:00","breadcrumb":{"@id":"https:\/\/mineraleslunallena.com\/producto\/incienso-de-naranja-organica-alegria-energia-renovacion\/#breadcrumb"},"inLanguage":"ca","potentialAction":[{"@type":"ReadAction","target":["https:\/\/mineraleslunallena.com\/producto\/incienso-de-naranja-organica-alegria-energia-renovacion\/"]}]},{"@type":"ImageObject","inLanguage":"ca","@id":"https:\/\/mineraleslunallena.com\/producto\/incienso-de-naranja-organica-alegria-energia-renovacion\/#primaryimage","url":"https:\/\/mineraleslunallena.com\/wp-content\/uploads\/2025\/07\/INCIENSOORGANICONARANJA-1-scaled.jpg","contentUrl":"https:\/\/mineraleslunallena.com\/wp-content\/uploads\/2025\/07\/INCIENSOORGANICONARANJA-1-scaled.jpg","width":1153,"height":2560},{"@type":"BreadcrumbList","@id":"https:\/\/mineraleslunallena.com\/producto\/incienso-de-naranja-organica-alegria-energia-renovacion\/#breadcrumb","itemListElement":[{"@type":"ListItem","position":1,"name":"Portada","item":"https:\/\/mineraleslunallena.com\/"},{"@type":"ListItem","position":2,"name":"Shop","item":"https:\/\/mineraleslunallena.com\/ca\/shop\/"},{"@type":"ListItem","position":3,"name":"Incienso de Naranja Org\u00e1nica | Alegr\u00eda \u2013 Energ\u00eda \u2013 Renovaci\u00f3n"}]},{"@type":"WebSite","@id":"https:\/\/mineraleslunallena.com\/#website","url":"https:\/\/mineraleslunallena.com\/","name":"LLUNA PLENA MINERALS","description":"\u00c9s el moment de connectar-te amb el teu poder i confiar en les teves habilitats.","publisher":{"@id":"https:\/\/mineraleslunallena.com\/#organization"},"potentialAction":[{"@type":"SearchAction","target":{"@type":"EntryPoint","urlTemplate":"https:\/\/mineraleslunallena.com\/?s={search_term_string}"},"query-input":{"@type":"PropertyValueSpecification","valueRequired":true,"valueName":"search_term_string"}}],"inLanguage":"ca"},{"@type":"Organization","@id":"https:\/\/mineraleslunallena.com\/#organization","name":"LLUNA PLENA MINERALS","url":"https:\/\/mineraleslunallena.com\/","logo":{"@type":"ImageObject","inLanguage":"ca","@id":"https:\/\/mineraleslunallena.com\/#\/schema\/logo\/image\/","url":"https:\/\/mineraleslunallena.com\/wp-content\/uploads\/2023\/07\/LUNA-LLENA-LOGO-nuevo.png","contentUrl":"https:\/\/mineraleslunallena.com\/wp-content\/uploads\/2023\/07\/LUNA-LLENA-LOGO-nuevo.png","width":229,"height":167,"caption":"LUNA LLENA MINERALES"},"image":{"@id":"https:\/\/mineraleslunallena.com\/#\/schema\/logo\/image\/"}}]}},"_links":{"self":[{"href":"https:\/\/mineraleslunallena.com\/ca\/wp-json\/wp\/v2\/product\/8179","targetHints":{"allow":["GET"]}}],"collection":[{"href":"https:\/\/mineraleslunallena.com\/ca\/wp-json\/wp\/v2\/product"}],"about":[{"href":"https:\/\/mineraleslunallena.com\/ca\/wp-json\/wp\/v2\/types\/product"}],"version-history":[{"count":2,"href":"https:\/\/mineraleslunallena.com\/ca\/wp-json\/wp\/v2\/product\/8179\/revisions"}],"predecessor-version":[{"id":8306,"href":"https:\/\/mineraleslunallena.com\/ca\/wp-json\/wp\/v2\/product\/8179\/revisions\/8306"}],"wp:featuredmedia":[{"embeddable":true,"href":"https:\/\/mineraleslunallena.com\/ca\/wp-json\/wp\/v2\/media\/8305"}],"wp:attachment":[{"href":"https:\/\/mineraleslunallena.com\/ca\/wp-json\/wp\/v2\/media?parent=8179"}],"wp:term":[{"taxonomy":"product_cat","embeddable":true,"href":"https:\/\/mineraleslunallena.com\/ca\/wp-json\/wp\/v2\/product_cat?post=8179"},{"taxonomy":"product_tag","embeddable":true,"href":"https:\/\/mineraleslunallena.com\/ca\/wp-json\/wp\/v2\/product_tag?post=8179"}],"curies":[{"name":"wp","href":"https:\/\/api.w.org\/{rel}","templated":true}]}}