{"id":8181,"date":"2025-07-04T11:31:38","date_gmt":"2025-07-04T09:31:38","guid":{"rendered":"https:\/\/mineraleslunallena.com\/?post_type=product&#038;p=8181"},"modified":"2025-07-08T21:55:32","modified_gmt":"2025-07-08T19:55:32","slug":"incienso-de-rosa-organica-amor-armonia-paz-interior","status":"publish","type":"product","link":"https:\/\/mineraleslunallena.com\/ca\/producte\/incienso-de-rosa-organica-amor-armonia-paz-interior\/","title":{"rendered":"Incienso de Rosa Org\u00e1nica | Amor \u2013 Armon\u00eda \u2013 Paz Interior"},"content":{"rendered":"<p data-start=\"231\" data-end=\"514\">Sum\u00e9rgete en la dulzura y el poder del Incienso de Rosa Org\u00e1nica, dise\u00f1ado para abrir el coraz\u00f3n y atraer vibraciones de <strong data-start=\"352\" data-end=\"360\">Amor<\/strong>, <strong data-start=\"362\" data-end=\"373\">Armon\u00eda<\/strong> y <strong data-start=\"376\" data-end=\"392\">Paz Interior<\/strong>. Su aroma suave y floral crea un ambiente acogedor que fomenta la conexi\u00f3n emocional, el perd\u00f3n y la sanaci\u00f3n espiritual.<\/p>\n<p data-start=\"516\" data-end=\"751\">Ideal para usar en momentos de <strong data-start=\"547\" data-end=\"561\">Meditaci\u00f3n<\/strong>, rituales de amor propio, o para llenar tu hogar con una energ\u00eda de calma y ternura. El incienso de rosa es perfecto para equilibrar el <strong data-start=\"698\" data-end=\"716\">Chakra Coraz\u00f3n<\/strong> y facilitar la apertura emocional.<\/p>\n<p data-start=\"758\" data-end=\"986\"><strong data-start=\"760\" data-end=\"781\">Origen y calidad:<\/strong><br data-start=\"781\" data-end=\"784\" \/>Hecho a mano en la India con ingredientes 100% Naturales y Org\u00e1nicos.<br data-start=\"853\" data-end=\"856\" \/>La l\u00ednea <strong data-start=\"865\" data-end=\"883\">Ullas Org\u00e1nico<\/strong> combina resinas, hierbas y aceites esenciales puros, respetando tradiciones ancestrales de defumaci\u00f3n.<\/p>\n<p data-start=\"988\" data-end=\"1086\"><strong data-start=\"988\" data-end=\"1001\">Quantitat:<\/strong> 1 Unidad. El precio es por unidad.<br data-start=\"1036\" data-end=\"1039\" \/><strong data-start=\"1039\" data-end=\"1063\">Duraci\u00f3n aproximada:<\/strong> 6 minutos por varilla.<\/p>","protected":false},"excerpt":{"rendered":"<p data-start=\"231\" data-end=\"514\">Sum\u00e9rgete en la dulzura y el poder del Incienso de Rosa Org\u00e1nica, dise\u00f1ado para abrir el coraz\u00f3n y atraer vibraciones de <strong data-start=\"352\" data-end=\"360\">Amor<\/strong>, <strong data-start=\"362\" data-end=\"373\">Armon\u00eda<\/strong> y <strong data-start=\"376\" data-end=\"392\">Paz Interior<\/strong>. Su aroma suave y floral crea un ambiente acogedor que fomenta la conexi\u00f3n emocional, el perd\u00f3n y la sanaci\u00f3n espiritual.<\/p>\n<p data-start=\"516\" data-end=\"751\">Ideal para usar en momentos de <strong data-start=\"547\" data-end=\"561\">Meditaci\u00f3n<\/strong>, rituales de amor propio, o para llenar tu hogar con una energ\u00eda de calma y ternura. El incienso de rosa es perfecto para equilibrar el <strong data-start=\"698\" data-end=\"716\">Chakra Coraz\u00f3n<\/strong> y facilitar la apertura emocional.<\/p>\n<p data-start=\"758\" data-end=\"986\"><strong data-start=\"760\" data-end=\"781\">Origen y calidad:<\/strong><br data-start=\"781\" data-end=\"784\" \/>Hecho a mano en la India con ingredientes 100% Naturales y Org\u00e1nicos.<br data-start=\"853\" data-end=\"856\" \/>La l\u00ednea <strong data-start=\"865\" data-end=\"883\">Ullas Org\u00e1nico<\/strong> combina resinas, hierbas y aceites esenciales puros, respetando tradiciones ancestrales de defumaci\u00f3n.<\/p>\n<p data-start=\"988\" data-end=\"1086\"><strong data-start=\"988\" data-end=\"1001\">Quantitat:<\/strong> 1 Unidad. El precio es por unidad.<br data-start=\"1036\" data-end=\"1039\" \/><strong data-start=\"1039\" data-end=\"1063\">Duraci\u00f3n aproximada:<\/strong> 6 minutos por varilla.<\/p>","protected":false},"featured_media":8285,"template":"","meta":[],"product_cat":[100,98],"product_tag":[],"class_list":{"0":"post-8181","1":"product","2":"type-product","3":"status-publish","4":"has-post-thumbnail","6":"product_cat-incienso-natural-en-varilla","7":"product_cat-incienso","9":"first","10":"instock","11":"sale","12":"taxable","13":"shipping-taxable","14":"purchasable","15":"product-type-simple"},"yoast_head":"<!-- This site is optimized with the Yoast SEO plugin v27.3 - https:\/\/yoast.com\/product\/yoast-seo-wordpress\/ -->\n<title>Incienso de Rosa Org\u00e1nica | Amor \u2013 Armon\u00eda \u2013 Paz Interior - MINERALES LUNA LLENA<\/title>\n<meta name=\"robots\" content=\"index, follow, max-snippet:-1, max-image-preview:large, max-video-preview:-1\" \/>\n<link rel=\"canonical\" href=\"https:\/\/mineraleslunallena.com\/ca\/producte\/incienso-de-rosa-organica-amor-armonia-paz-interior\/\" \/>\n<meta property=\"og:locale\" content=\"ca_ES\" \/>\n<meta property=\"og:type\" content=\"article\" \/>\n<meta property=\"og:title\" content=\"Incienso de Rosa Org\u00e1nica | Amor \u2013 Armon\u00eda \u2013 Paz Interior - MINERALES LUNA LLENA\" \/>\n<meta property=\"og:description\" content=\"Sum\u00e9rgete en la dulzura y el poder del Incienso de Rosa Org\u00e1nica, dise\u00f1ado para abrir el coraz\u00f3n y atraer vibraciones de Amor, Armon\u00eda y Paz Interior. Su aroma suave y floral crea un ambiente acogedor que fomenta la conexi\u00f3n emocional, el perd\u00f3n y la sanaci\u00f3n espiritual. Ideal para usar en momentos de Meditaci\u00f3n, rituales de amor propio, o para llenar tu hogar con una energ\u00eda de calma y ternura. El incienso de rosa es perfecto para equilibrar el Chakra Coraz\u00f3n y facilitar la apertura emocional. Origen y calidad:Hecho a mano en la India con ingredientes 100% Naturales y Org\u00e1nicos.La l\u00ednea Ullas Org\u00e1nico combina resinas, hierbas y aceites esenciales puros, respetando tradiciones ancestrales de defumaci\u00f3n. Cantidad: 1 Unidad. El precio es por unidad.Duraci\u00f3n aproximada: 6 minutos por varilla.\" \/>\n<meta property=\"og:url\" content=\"https:\/\/mineraleslunallena.com\/ca\/producte\/incienso-de-rosa-organica-amor-armonia-paz-interior\/\" \/>\n<meta property=\"og:site_name\" content=\"MINERALES LUNA LLENA\" \/>\n<meta property=\"article:modified_time\" content=\"2025-07-08T19:55:32+00:00\" \/>\n<meta property=\"og:image\" content=\"https:\/\/mineraleslunallena.com\/wp-content\/uploads\/2025\/07\/IMG_20250708_184720-scaled.jpg\" \/>\n\t<meta property=\"og:image:width\" content=\"1153\" \/>\n\t<meta property=\"og:image:height\" content=\"2560\" \/>\n\t<meta property=\"og:image:type\" content=\"image\/jpeg\" \/>\n<meta name=\"twitter:card\" content=\"summary_large_image\" \/>\n<meta name=\"twitter:label1\" content=\"Temps estimat de lectura\" \/>\n\t<meta name=\"twitter:data1\" content=\"1 minut\" \/>\n<script type=\"application\/ld+json\" class=\"yoast-schema-graph\">{\"@context\":\"https:\\\/\\\/schema.org\",\"@graph\":[{\"@type\":\"WebPage\",\"@id\":\"https:\\\/\\\/mineraleslunallena.com\\\/producto\\\/incienso-de-rosa-organica-amor-armonia-paz-interior\\\/\",\"url\":\"https:\\\/\\\/mineraleslunallena.com\\\/producto\\\/incienso-de-rosa-organica-amor-armonia-paz-interior\\\/\",\"name\":\"Incienso de Rosa Org\u00e1nica | Amor \u2013 Armon\u00eda \u2013 Paz Interior - MINERALES LUNA LLENA\",\"isPartOf\":{\"@id\":\"https:\\\/\\\/mineraleslunallena.com\\\/#website\"},\"primaryImageOfPage\":{\"@id\":\"https:\\\/\\\/mineraleslunallena.com\\\/producto\\\/incienso-de-rosa-organica-amor-armonia-paz-interior\\\/#primaryimage\"},\"image\":{\"@id\":\"https:\\\/\\\/mineraleslunallena.com\\\/producto\\\/incienso-de-rosa-organica-amor-armonia-paz-interior\\\/#primaryimage\"},\"thumbnailUrl\":\"https:\\\/\\\/mineraleslunallena.com\\\/wp-content\\\/uploads\\\/2025\\\/07\\\/IMG_20250708_184720-scaled.jpg\",\"datePublished\":\"2025-07-04T09:31:38+00:00\",\"dateModified\":\"2025-07-08T19:55:32+00:00\",\"breadcrumb\":{\"@id\":\"https:\\\/\\\/mineraleslunallena.com\\\/producto\\\/incienso-de-rosa-organica-amor-armonia-paz-interior\\\/#breadcrumb\"},\"inLanguage\":\"ca\",\"potentialAction\":[{\"@type\":\"ReadAction\",\"target\":[\"https:\\\/\\\/mineraleslunallena.com\\\/producto\\\/incienso-de-rosa-organica-amor-armonia-paz-interior\\\/\"]}]},{\"@type\":\"ImageObject\",\"inLanguage\":\"ca\",\"@id\":\"https:\\\/\\\/mineraleslunallena.com\\\/producto\\\/incienso-de-rosa-organica-amor-armonia-paz-interior\\\/#primaryimage\",\"url\":\"https:\\\/\\\/mineraleslunallena.com\\\/wp-content\\\/uploads\\\/2025\\\/07\\\/IMG_20250708_184720-scaled.jpg\",\"contentUrl\":\"https:\\\/\\\/mineraleslunallena.com\\\/wp-content\\\/uploads\\\/2025\\\/07\\\/IMG_20250708_184720-scaled.jpg\",\"width\":1153,\"height\":2560},{\"@type\":\"BreadcrumbList\",\"@id\":\"https:\\\/\\\/mineraleslunallena.com\\\/producto\\\/incienso-de-rosa-organica-amor-armonia-paz-interior\\\/#breadcrumb\",\"itemListElement\":[{\"@type\":\"ListItem\",\"position\":1,\"name\":\"Portada\",\"item\":\"https:\\\/\\\/mineraleslunallena.com\\\/\"},{\"@type\":\"ListItem\",\"position\":2,\"name\":\"Shop\",\"item\":\"https:\\\/\\\/mineraleslunallena.com\\\/ca\\\/shop\\\/\"},{\"@type\":\"ListItem\",\"position\":3,\"name\":\"Incienso de Rosa Org\u00e1nica | Amor \u2013 Armon\u00eda \u2013 Paz Interior\"}]},{\"@type\":\"WebSite\",\"@id\":\"https:\\\/\\\/mineraleslunallena.com\\\/#website\",\"url\":\"https:\\\/\\\/mineraleslunallena.com\\\/\",\"name\":\"LUNA LLENA MINERALES\",\"description\":\"Es el momento de conectarte con tu propio poder y confiar en tus habilidades.\",\"publisher\":{\"@id\":\"https:\\\/\\\/mineraleslunallena.com\\\/#organization\"},\"potentialAction\":[{\"@type\":\"SearchAction\",\"target\":{\"@type\":\"EntryPoint\",\"urlTemplate\":\"https:\\\/\\\/mineraleslunallena.com\\\/?s={search_term_string}\"},\"query-input\":{\"@type\":\"PropertyValueSpecification\",\"valueRequired\":true,\"valueName\":\"search_term_string\"}}],\"inLanguage\":\"ca\"},{\"@type\":\"Organization\",\"@id\":\"https:\\\/\\\/mineraleslunallena.com\\\/#organization\",\"name\":\"LUNA LLENA MINERALES\",\"url\":\"https:\\\/\\\/mineraleslunallena.com\\\/\",\"logo\":{\"@type\":\"ImageObject\",\"inLanguage\":\"ca\",\"@id\":\"https:\\\/\\\/mineraleslunallena.com\\\/#\\\/schema\\\/logo\\\/image\\\/\",\"url\":\"https:\\\/\\\/mineraleslunallena.com\\\/wp-content\\\/uploads\\\/2023\\\/07\\\/LUNA-LLENA-LOGO-nuevo.png\",\"contentUrl\":\"https:\\\/\\\/mineraleslunallena.com\\\/wp-content\\\/uploads\\\/2023\\\/07\\\/LUNA-LLENA-LOGO-nuevo.png\",\"width\":229,\"height\":167,\"caption\":\"LUNA LLENA MINERALES\"},\"image\":{\"@id\":\"https:\\\/\\\/mineraleslunallena.com\\\/#\\\/schema\\\/logo\\\/image\\\/\"}}]}<\/script>\n<!-- \/ Yoast SEO plugin. -->","yoast_head_json":{"title":"Incienso de Rosa Org\u00e1nica | Amor \u2013 Armon\u00eda \u2013 Paz Interior - MINERALES LUNA LLENA","robots":{"index":"index","follow":"follow","max-snippet":"max-snippet:-1","max-image-preview":"max-image-preview:large","max-video-preview":"max-video-preview:-1"},"canonical":"https:\/\/mineraleslunallena.com\/ca\/producte\/incienso-de-rosa-organica-amor-armonia-paz-interior\/","og_locale":"ca_ES","og_type":"article","og_title":"Incienso de Rosa Org\u00e1nica | Amor \u2013 Armon\u00eda \u2013 Paz Interior - MINERALES LUNA LLENA","og_description":"Sum\u00e9rgete en la dulzura y el poder del Incienso de Rosa Org\u00e1nica, dise\u00f1ado para abrir el coraz\u00f3n y atraer vibraciones de Amor, Armon\u00eda y Paz Interior. Su aroma suave y floral crea un ambiente acogedor que fomenta la conexi\u00f3n emocional, el perd\u00f3n y la sanaci\u00f3n espiritual. Ideal para usar en momentos de Meditaci\u00f3n, rituales de amor propio, o para llenar tu hogar con una energ\u00eda de calma y ternura. El incienso de rosa es perfecto para equilibrar el Chakra Coraz\u00f3n y facilitar la apertura emocional. Origen y calidad:Hecho a mano en la India con ingredientes 100% Naturales y Org\u00e1nicos.La l\u00ednea Ullas Org\u00e1nico combina resinas, hierbas y aceites esenciales puros, respetando tradiciones ancestrales de defumaci\u00f3n. Cantidad: 1 Unidad. El precio es por unidad.Duraci\u00f3n aproximada: 6 minutos por varilla.","og_url":"https:\/\/mineraleslunallena.com\/ca\/producte\/incienso-de-rosa-organica-amor-armonia-paz-interior\/","og_site_name":"MINERALES LUNA LLENA","article_modified_time":"2025-07-08T19:55:32+00:00","og_image":[{"width":1153,"height":2560,"url":"https:\/\/mineraleslunallena.com\/wp-content\/uploads\/2025\/07\/IMG_20250708_184720-scaled.jpg","type":"image\/jpeg"}],"twitter_card":"summary_large_image","twitter_misc":{"Temps estimat de lectura":"1 minut"},"schema":{"@context":"https:\/\/schema.org","@graph":[{"@type":"WebPage","@id":"https:\/\/mineraleslunallena.com\/producto\/incienso-de-rosa-organica-amor-armonia-paz-interior\/","url":"https:\/\/mineraleslunallena.com\/producto\/incienso-de-rosa-organica-amor-armonia-paz-interior\/","name":"Incienso de Rosa Org\u00e1nica | Amor \u2013 Armon\u00eda \u2013 Paz Interior - MINERALES LUNA LLENA","isPartOf":{"@id":"https:\/\/mineraleslunallena.com\/#website"},"primaryImageOfPage":{"@id":"https:\/\/mineraleslunallena.com\/producto\/incienso-de-rosa-organica-amor-armonia-paz-interior\/#primaryimage"},"image":{"@id":"https:\/\/mineraleslunallena.com\/producto\/incienso-de-rosa-organica-amor-armonia-paz-interior\/#primaryimage"},"thumbnailUrl":"https:\/\/mineraleslunallena.com\/wp-content\/uploads\/2025\/07\/IMG_20250708_184720-scaled.jpg","datePublished":"2025-07-04T09:31:38+00:00","dateModified":"2025-07-08T19:55:32+00:00","breadcrumb":{"@id":"https:\/\/mineraleslunallena.com\/producto\/incienso-de-rosa-organica-amor-armonia-paz-interior\/#breadcrumb"},"inLanguage":"ca","potentialAction":[{"@type":"ReadAction","target":["https:\/\/mineraleslunallena.com\/producto\/incienso-de-rosa-organica-amor-armonia-paz-interior\/"]}]},{"@type":"ImageObject","inLanguage":"ca","@id":"https:\/\/mineraleslunallena.com\/producto\/incienso-de-rosa-organica-amor-armonia-paz-interior\/#primaryimage","url":"https:\/\/mineraleslunallena.com\/wp-content\/uploads\/2025\/07\/IMG_20250708_184720-scaled.jpg","contentUrl":"https:\/\/mineraleslunallena.com\/wp-content\/uploads\/2025\/07\/IMG_20250708_184720-scaled.jpg","width":1153,"height":2560},{"@type":"BreadcrumbList","@id":"https:\/\/mineraleslunallena.com\/producto\/incienso-de-rosa-organica-amor-armonia-paz-interior\/#breadcrumb","itemListElement":[{"@type":"ListItem","position":1,"name":"Portada","item":"https:\/\/mineraleslunallena.com\/"},{"@type":"ListItem","position":2,"name":"Shop","item":"https:\/\/mineraleslunallena.com\/ca\/shop\/"},{"@type":"ListItem","position":3,"name":"Incienso de Rosa Org\u00e1nica | Amor \u2013 Armon\u00eda \u2013 Paz Interior"}]},{"@type":"WebSite","@id":"https:\/\/mineraleslunallena.com\/#website","url":"https:\/\/mineraleslunallena.com\/","name":"LLUNA PLENA MINERALS","description":"\u00c9s el moment de connectar-te amb el teu poder i confiar en les teves habilitats.","publisher":{"@id":"https:\/\/mineraleslunallena.com\/#organization"},"potentialAction":[{"@type":"SearchAction","target":{"@type":"EntryPoint","urlTemplate":"https:\/\/mineraleslunallena.com\/?s={search_term_string}"},"query-input":{"@type":"PropertyValueSpecification","valueRequired":true,"valueName":"search_term_string"}}],"inLanguage":"ca"},{"@type":"Organization","@id":"https:\/\/mineraleslunallena.com\/#organization","name":"LLUNA PLENA MINERALS","url":"https:\/\/mineraleslunallena.com\/","logo":{"@type":"ImageObject","inLanguage":"ca","@id":"https:\/\/mineraleslunallena.com\/#\/schema\/logo\/image\/","url":"https:\/\/mineraleslunallena.com\/wp-content\/uploads\/2023\/07\/LUNA-LLENA-LOGO-nuevo.png","contentUrl":"https:\/\/mineraleslunallena.com\/wp-content\/uploads\/2023\/07\/LUNA-LLENA-LOGO-nuevo.png","width":229,"height":167,"caption":"LUNA LLENA MINERALES"},"image":{"@id":"https:\/\/mineraleslunallena.com\/#\/schema\/logo\/image\/"}}]}},"_links":{"self":[{"href":"https:\/\/mineraleslunallena.com\/ca\/wp-json\/wp\/v2\/product\/8181","targetHints":{"allow":["GET"]}}],"collection":[{"href":"https:\/\/mineraleslunallena.com\/ca\/wp-json\/wp\/v2\/product"}],"about":[{"href":"https:\/\/mineraleslunallena.com\/ca\/wp-json\/wp\/v2\/types\/product"}],"version-history":[{"count":2,"href":"https:\/\/mineraleslunallena.com\/ca\/wp-json\/wp\/v2\/product\/8181\/revisions"}],"predecessor-version":[{"id":8304,"href":"https:\/\/mineraleslunallena.com\/ca\/wp-json\/wp\/v2\/product\/8181\/revisions\/8304"}],"wp:featuredmedia":[{"embeddable":true,"href":"https:\/\/mineraleslunallena.com\/ca\/wp-json\/wp\/v2\/media\/8285"}],"wp:attachment":[{"href":"https:\/\/mineraleslunallena.com\/ca\/wp-json\/wp\/v2\/media?parent=8181"}],"wp:term":[{"taxonomy":"product_cat","embeddable":true,"href":"https:\/\/mineraleslunallena.com\/ca\/wp-json\/wp\/v2\/product_cat?post=8181"},{"taxonomy":"product_tag","embeddable":true,"href":"https:\/\/mineraleslunallena.com\/ca\/wp-json\/wp\/v2\/product_tag?post=8181"}],"curies":[{"name":"wp","href":"https:\/\/api.w.org\/{rel}","templated":true}]}}