{"id":8189,"date":"2025-07-04T11:47:36","date_gmt":"2025-07-04T09:47:36","guid":{"rendered":"https:\/\/mineraleslunallena.com\/?post_type=product&#038;p=8189"},"modified":"2025-07-08T21:51:17","modified_gmt":"2025-07-08T19:51:17","slug":"incienso-de-ylang-ylang-organico-seduccion-armonia-relajacion","status":"publish","type":"product","link":"https:\/\/mineraleslunallena.com\/ca\/producte\/incienso-de-ylang-ylang-organico-seduccion-armonia-relajacion\/","title":{"rendered":"Incienso de Ylang Ylang Org\u00e1nico | Seducci\u00f3n \u2013 Armon\u00eda \u2013 Relajaci\u00f3n"},"content":{"rendered":"<p data-start=\"316\" data-end=\"621\">D\u00e9jate envolver por la esencia dulce y ex\u00f3tica del Incienso de Ylang Ylang Org\u00e1nico, conocido por sus poderosas propiedades de <strong data-start=\"443\" data-end=\"456\">Seducci\u00f3n<\/strong>, <strong data-start=\"458\" data-end=\"469\">Armon\u00eda<\/strong> y <strong data-start=\"472\" data-end=\"495\">Relajaci\u00f3n Profunda<\/strong>. Su aroma Floral y Envolvente crea un ambiente \u00cdntimo y M\u00e1gico, ideal para despertar la <strong data-start=\"584\" data-end=\"599\">Sensualidad<\/strong> y el <strong data-start=\"605\" data-end=\"620\">Amor Propio<\/strong>.<\/p>\n<p data-start=\"623\" data-end=\"795\">Perfecto para usar durante <strong data-start=\"650\" data-end=\"682\">Rituales de Conexi\u00f3n Amorosa<\/strong>, <strong data-start=\"684\" data-end=\"698\">Meditaci\u00f3n<\/strong> o simplemente para llenar tu espacio con vibraciones de <strong data-start=\"755\" data-end=\"768\">Atracci\u00f3n<\/strong> y <strong data-start=\"771\" data-end=\"794\">Bienestar Emocional<\/strong>.<\/p>\n<p data-start=\"802\" data-end=\"1046\"><strong data-start=\"804\" data-end=\"825\">Origen y Calidad:<\/strong><br data-start=\"825\" data-end=\"828\" \/>Hecho a mano en la India con ingredientes 100% Naturales y Org\u00e1nicos.<br data-start=\"897\" data-end=\"900\" \/>La l\u00ednea <strong data-start=\"909\" data-end=\"927\">Ullas Org\u00e1nico<\/strong> combina <strong data-start=\"936\" data-end=\"947\">Resinas<\/strong>, <strong data-start=\"949\" data-end=\"960\">Hierbas<\/strong> y <strong data-start=\"963\" data-end=\"985\">Aceites Esenciales<\/strong> puros, respetando las tradiciones ancestrales de defumaci\u00f3n.<\/p>\n<p data-start=\"1048\" data-end=\"1157\"><strong data-start=\"1048\" data-end=\"1061\">Quantitat:<\/strong> 1 Caja con 9 Varillas. Peso total: 25 gramos.<br data-start=\"1107\" data-end=\"1110\" \/><strong data-start=\"1110\" data-end=\"1134\">Duraci\u00f3n Aproximada: 1 hora <\/strong>por varilla.<\/p>\n<p data-start=\"577\" data-end=\"733\">","protected":false},"excerpt":{"rendered":"<p data-start=\"316\" data-end=\"621\">D\u00e9jate envolver por la esencia dulce y ex\u00f3tica del Incienso de Ylang Ylang Org\u00e1nico, conocido por sus poderosas propiedades de <strong data-start=\"443\" data-end=\"456\">Seducci\u00f3n<\/strong>, <strong data-start=\"458\" data-end=\"469\">Armon\u00eda<\/strong> y <strong data-start=\"472\" data-end=\"495\">Relajaci\u00f3n Profunda<\/strong>. Su aroma Floral y Envolvente crea un ambiente \u00cdntimo y M\u00e1gico, ideal para despertar la <strong data-start=\"584\" data-end=\"599\">Sensualidad<\/strong> y el <strong data-start=\"605\" data-end=\"620\">Amor Propio<\/strong>.<\/p>\n<p data-start=\"623\" data-end=\"795\">Perfecto para usar durante <strong data-start=\"650\" data-end=\"682\">Rituales de Conexi\u00f3n Amorosa<\/strong>, <strong data-start=\"684\" data-end=\"698\">Meditaci\u00f3n<\/strong> o simplemente para llenar tu espacio con vibraciones de <strong data-start=\"755\" data-end=\"768\">Atracci\u00f3n<\/strong> y <strong data-start=\"771\" data-end=\"794\">Bienestar Emocional<\/strong>.<\/p>\n<p data-start=\"802\" data-end=\"1046\"><strong data-start=\"804\" data-end=\"825\">Origen y Calidad:<\/strong><br data-start=\"825\" data-end=\"828\" \/>Hecho a mano en la India con ingredientes 100% Naturales y Org\u00e1nicos.<br data-start=\"897\" data-end=\"900\" \/>La l\u00ednea <strong data-start=\"909\" data-end=\"927\">Ullas Org\u00e1nico<\/strong> combina <strong data-start=\"936\" data-end=\"947\">Resinas<\/strong>, <strong data-start=\"949\" data-end=\"960\">Hierbas<\/strong> y <strong data-start=\"963\" data-end=\"985\">Aceites Esenciales<\/strong> puros, respetando las tradiciones ancestrales de defumaci\u00f3n.<\/p>\n<p data-start=\"1048\" data-end=\"1157\"><strong data-start=\"1048\" data-end=\"1061\">Quantitat:<\/strong> 1 Caja con 9 Varillas. Peso total: 25 gramos.<br data-start=\"1107\" data-end=\"1110\" \/><strong data-start=\"1110\" data-end=\"1134\">Duraci\u00f3n Aproximada: 1 hora <\/strong>por varilla.<\/p>","protected":false},"featured_media":8278,"template":"","meta":[],"product_cat":[100,98],"product_tag":[],"class_list":{"0":"post-8189","1":"product","2":"type-product","3":"status-publish","4":"has-post-thumbnail","6":"product_cat-incienso-natural-en-varilla","7":"product_cat-incienso","9":"first","10":"instock","11":"sale","12":"taxable","13":"shipping-taxable","14":"purchasable","15":"product-type-simple"},"yoast_head":"<!-- This site is optimized with the Yoast SEO plugin v27.3 - https:\/\/yoast.com\/product\/yoast-seo-wordpress\/ -->\n<title>Incienso de Ylang Ylang Org\u00e1nico | Seducci\u00f3n \u2013 Armon\u00eda \u2013 Relajaci\u00f3n - MINERALES LUNA LLENA<\/title>\n<meta name=\"robots\" content=\"index, follow, max-snippet:-1, max-image-preview:large, max-video-preview:-1\" \/>\n<link rel=\"canonical\" href=\"https:\/\/mineraleslunallena.com\/ca\/producte\/incienso-de-ylang-ylang-organico-seduccion-armonia-relajacion\/\" \/>\n<meta property=\"og:locale\" content=\"ca_ES\" \/>\n<meta property=\"og:type\" content=\"article\" \/>\n<meta property=\"og:title\" content=\"Incienso de Ylang Ylang Org\u00e1nico | Seducci\u00f3n \u2013 Armon\u00eda \u2013 Relajaci\u00f3n - MINERALES LUNA LLENA\" \/>\n<meta property=\"og:description\" content=\"D\u00e9jate envolver por la esencia dulce y ex\u00f3tica del Incienso de Ylang Ylang Org\u00e1nico, conocido por sus poderosas propiedades de Seducci\u00f3n, Armon\u00eda y Relajaci\u00f3n Profunda. Su aroma Floral y Envolvente crea un ambiente \u00cdntimo y M\u00e1gico, ideal para despertar la Sensualidad y el Amor Propio. Perfecto para usar durante Rituales de Conexi\u00f3n Amorosa, Meditaci\u00f3n o simplemente para llenar tu espacio con vibraciones de Atracci\u00f3n y Bienestar Emocional. Origen y Calidad:Hecho a mano en la India con ingredientes 100% Naturales y Org\u00e1nicos.La l\u00ednea Ullas Org\u00e1nico combina Resinas, Hierbas y Aceites Esenciales puros, respetando las tradiciones ancestrales de defumaci\u00f3n. Cantidad: 1 Caja con 9 Varillas. Peso total: 25 gramos.Duraci\u00f3n Aproximada: 1 hora por varilla.\" \/>\n<meta property=\"og:url\" content=\"https:\/\/mineraleslunallena.com\/ca\/producte\/incienso-de-ylang-ylang-organico-seduccion-armonia-relajacion\/\" \/>\n<meta property=\"og:site_name\" content=\"MINERALES LUNA LLENA\" \/>\n<meta property=\"article:modified_time\" content=\"2025-07-08T19:51:17+00:00\" \/>\n<meta property=\"og:image\" content=\"https:\/\/mineraleslunallena.com\/wp-content\/uploads\/2025\/07\/inciensoorganicoyan-scaled.jpg\" \/>\n\t<meta property=\"og:image:width\" content=\"1153\" \/>\n\t<meta property=\"og:image:height\" content=\"2560\" \/>\n\t<meta property=\"og:image:type\" content=\"image\/jpeg\" \/>\n<meta name=\"twitter:card\" content=\"summary_large_image\" \/>\n<meta name=\"twitter:label1\" content=\"Temps estimat de lectura\" \/>\n\t<meta name=\"twitter:data1\" content=\"1 minut\" \/>\n<script type=\"application\/ld+json\" class=\"yoast-schema-graph\">{\"@context\":\"https:\\\/\\\/schema.org\",\"@graph\":[{\"@type\":\"WebPage\",\"@id\":\"https:\\\/\\\/mineraleslunallena.com\\\/producto\\\/incienso-de-ylang-ylang-organico-seduccion-armonia-relajacion\\\/\",\"url\":\"https:\\\/\\\/mineraleslunallena.com\\\/producto\\\/incienso-de-ylang-ylang-organico-seduccion-armonia-relajacion\\\/\",\"name\":\"Incienso de Ylang Ylang Org\u00e1nico | Seducci\u00f3n \u2013 Armon\u00eda \u2013 Relajaci\u00f3n - MINERALES LUNA LLENA\",\"isPartOf\":{\"@id\":\"https:\\\/\\\/mineraleslunallena.com\\\/#website\"},\"primaryImageOfPage\":{\"@id\":\"https:\\\/\\\/mineraleslunallena.com\\\/producto\\\/incienso-de-ylang-ylang-organico-seduccion-armonia-relajacion\\\/#primaryimage\"},\"image\":{\"@id\":\"https:\\\/\\\/mineraleslunallena.com\\\/producto\\\/incienso-de-ylang-ylang-organico-seduccion-armonia-relajacion\\\/#primaryimage\"},\"thumbnailUrl\":\"https:\\\/\\\/mineraleslunallena.com\\\/wp-content\\\/uploads\\\/2025\\\/07\\\/inciensoorganicoyan-scaled.jpg\",\"datePublished\":\"2025-07-04T09:47:36+00:00\",\"dateModified\":\"2025-07-08T19:51:17+00:00\",\"breadcrumb\":{\"@id\":\"https:\\\/\\\/mineraleslunallena.com\\\/producto\\\/incienso-de-ylang-ylang-organico-seduccion-armonia-relajacion\\\/#breadcrumb\"},\"inLanguage\":\"ca\",\"potentialAction\":[{\"@type\":\"ReadAction\",\"target\":[\"https:\\\/\\\/mineraleslunallena.com\\\/producto\\\/incienso-de-ylang-ylang-organico-seduccion-armonia-relajacion\\\/\"]}]},{\"@type\":\"ImageObject\",\"inLanguage\":\"ca\",\"@id\":\"https:\\\/\\\/mineraleslunallena.com\\\/producto\\\/incienso-de-ylang-ylang-organico-seduccion-armonia-relajacion\\\/#primaryimage\",\"url\":\"https:\\\/\\\/mineraleslunallena.com\\\/wp-content\\\/uploads\\\/2025\\\/07\\\/inciensoorganicoyan-scaled.jpg\",\"contentUrl\":\"https:\\\/\\\/mineraleslunallena.com\\\/wp-content\\\/uploads\\\/2025\\\/07\\\/inciensoorganicoyan-scaled.jpg\",\"width\":1153,\"height\":2560},{\"@type\":\"BreadcrumbList\",\"@id\":\"https:\\\/\\\/mineraleslunallena.com\\\/producto\\\/incienso-de-ylang-ylang-organico-seduccion-armonia-relajacion\\\/#breadcrumb\",\"itemListElement\":[{\"@type\":\"ListItem\",\"position\":1,\"name\":\"Portada\",\"item\":\"https:\\\/\\\/mineraleslunallena.com\\\/\"},{\"@type\":\"ListItem\",\"position\":2,\"name\":\"Shop\",\"item\":\"https:\\\/\\\/mineraleslunallena.com\\\/ca\\\/shop\\\/\"},{\"@type\":\"ListItem\",\"position\":3,\"name\":\"Incienso de Ylang Ylang Org\u00e1nico | Seducci\u00f3n \u2013 Armon\u00eda \u2013 Relajaci\u00f3n\"}]},{\"@type\":\"WebSite\",\"@id\":\"https:\\\/\\\/mineraleslunallena.com\\\/#website\",\"url\":\"https:\\\/\\\/mineraleslunallena.com\\\/\",\"name\":\"LUNA LLENA MINERALES\",\"description\":\"Es el momento de conectarte con tu propio poder y confiar en tus habilidades.\",\"publisher\":{\"@id\":\"https:\\\/\\\/mineraleslunallena.com\\\/#organization\"},\"potentialAction\":[{\"@type\":\"SearchAction\",\"target\":{\"@type\":\"EntryPoint\",\"urlTemplate\":\"https:\\\/\\\/mineraleslunallena.com\\\/?s={search_term_string}\"},\"query-input\":{\"@type\":\"PropertyValueSpecification\",\"valueRequired\":true,\"valueName\":\"search_term_string\"}}],\"inLanguage\":\"ca\"},{\"@type\":\"Organization\",\"@id\":\"https:\\\/\\\/mineraleslunallena.com\\\/#organization\",\"name\":\"LUNA LLENA MINERALES\",\"url\":\"https:\\\/\\\/mineraleslunallena.com\\\/\",\"logo\":{\"@type\":\"ImageObject\",\"inLanguage\":\"ca\",\"@id\":\"https:\\\/\\\/mineraleslunallena.com\\\/#\\\/schema\\\/logo\\\/image\\\/\",\"url\":\"https:\\\/\\\/mineraleslunallena.com\\\/wp-content\\\/uploads\\\/2023\\\/07\\\/LUNA-LLENA-LOGO-nuevo.png\",\"contentUrl\":\"https:\\\/\\\/mineraleslunallena.com\\\/wp-content\\\/uploads\\\/2023\\\/07\\\/LUNA-LLENA-LOGO-nuevo.png\",\"width\":229,\"height\":167,\"caption\":\"LUNA LLENA MINERALES\"},\"image\":{\"@id\":\"https:\\\/\\\/mineraleslunallena.com\\\/#\\\/schema\\\/logo\\\/image\\\/\"}}]}<\/script>\n<!-- \/ Yoast SEO plugin. -->","yoast_head_json":{"title":"Incienso de Ylang Ylang Org\u00e1nico | Seducci\u00f3n \u2013 Armon\u00eda \u2013 Relajaci\u00f3n - MINERALES LUNA LLENA","robots":{"index":"index","follow":"follow","max-snippet":"max-snippet:-1","max-image-preview":"max-image-preview:large","max-video-preview":"max-video-preview:-1"},"canonical":"https:\/\/mineraleslunallena.com\/ca\/producte\/incienso-de-ylang-ylang-organico-seduccion-armonia-relajacion\/","og_locale":"ca_ES","og_type":"article","og_title":"Incienso de Ylang Ylang Org\u00e1nico | Seducci\u00f3n \u2013 Armon\u00eda \u2013 Relajaci\u00f3n - MINERALES LUNA LLENA","og_description":"D\u00e9jate envolver por la esencia dulce y ex\u00f3tica del Incienso de Ylang Ylang Org\u00e1nico, conocido por sus poderosas propiedades de Seducci\u00f3n, Armon\u00eda y Relajaci\u00f3n Profunda. Su aroma Floral y Envolvente crea un ambiente \u00cdntimo y M\u00e1gico, ideal para despertar la Sensualidad y el Amor Propio. Perfecto para usar durante Rituales de Conexi\u00f3n Amorosa, Meditaci\u00f3n o simplemente para llenar tu espacio con vibraciones de Atracci\u00f3n y Bienestar Emocional. Origen y Calidad:Hecho a mano en la India con ingredientes 100% Naturales y Org\u00e1nicos.La l\u00ednea Ullas Org\u00e1nico combina Resinas, Hierbas y Aceites Esenciales puros, respetando las tradiciones ancestrales de defumaci\u00f3n. Cantidad: 1 Caja con 9 Varillas. Peso total: 25 gramos.Duraci\u00f3n Aproximada: 1 hora por varilla.","og_url":"https:\/\/mineraleslunallena.com\/ca\/producte\/incienso-de-ylang-ylang-organico-seduccion-armonia-relajacion\/","og_site_name":"MINERALES LUNA LLENA","article_modified_time":"2025-07-08T19:51:17+00:00","og_image":[{"width":1153,"height":2560,"url":"https:\/\/mineraleslunallena.com\/wp-content\/uploads\/2025\/07\/inciensoorganicoyan-scaled.jpg","type":"image\/jpeg"}],"twitter_card":"summary_large_image","twitter_misc":{"Temps estimat de lectura":"1 minut"},"schema":{"@context":"https:\/\/schema.org","@graph":[{"@type":"WebPage","@id":"https:\/\/mineraleslunallena.com\/producto\/incienso-de-ylang-ylang-organico-seduccion-armonia-relajacion\/","url":"https:\/\/mineraleslunallena.com\/producto\/incienso-de-ylang-ylang-organico-seduccion-armonia-relajacion\/","name":"Incienso de Ylang Ylang Org\u00e1nico | Seducci\u00f3n \u2013 Armon\u00eda \u2013 Relajaci\u00f3n - MINERALES LUNA LLENA","isPartOf":{"@id":"https:\/\/mineraleslunallena.com\/#website"},"primaryImageOfPage":{"@id":"https:\/\/mineraleslunallena.com\/producto\/incienso-de-ylang-ylang-organico-seduccion-armonia-relajacion\/#primaryimage"},"image":{"@id":"https:\/\/mineraleslunallena.com\/producto\/incienso-de-ylang-ylang-organico-seduccion-armonia-relajacion\/#primaryimage"},"thumbnailUrl":"https:\/\/mineraleslunallena.com\/wp-content\/uploads\/2025\/07\/inciensoorganicoyan-scaled.jpg","datePublished":"2025-07-04T09:47:36+00:00","dateModified":"2025-07-08T19:51:17+00:00","breadcrumb":{"@id":"https:\/\/mineraleslunallena.com\/producto\/incienso-de-ylang-ylang-organico-seduccion-armonia-relajacion\/#breadcrumb"},"inLanguage":"ca","potentialAction":[{"@type":"ReadAction","target":["https:\/\/mineraleslunallena.com\/producto\/incienso-de-ylang-ylang-organico-seduccion-armonia-relajacion\/"]}]},{"@type":"ImageObject","inLanguage":"ca","@id":"https:\/\/mineraleslunallena.com\/producto\/incienso-de-ylang-ylang-organico-seduccion-armonia-relajacion\/#primaryimage","url":"https:\/\/mineraleslunallena.com\/wp-content\/uploads\/2025\/07\/inciensoorganicoyan-scaled.jpg","contentUrl":"https:\/\/mineraleslunallena.com\/wp-content\/uploads\/2025\/07\/inciensoorganicoyan-scaled.jpg","width":1153,"height":2560},{"@type":"BreadcrumbList","@id":"https:\/\/mineraleslunallena.com\/producto\/incienso-de-ylang-ylang-organico-seduccion-armonia-relajacion\/#breadcrumb","itemListElement":[{"@type":"ListItem","position":1,"name":"Portada","item":"https:\/\/mineraleslunallena.com\/"},{"@type":"ListItem","position":2,"name":"Shop","item":"https:\/\/mineraleslunallena.com\/ca\/shop\/"},{"@type":"ListItem","position":3,"name":"Incienso de Ylang Ylang Org\u00e1nico | Seducci\u00f3n \u2013 Armon\u00eda \u2013 Relajaci\u00f3n"}]},{"@type":"WebSite","@id":"https:\/\/mineraleslunallena.com\/#website","url":"https:\/\/mineraleslunallena.com\/","name":"LLUNA PLENA MINERALS","description":"\u00c9s el moment de connectar-te amb el teu poder i confiar en les teves habilitats.","publisher":{"@id":"https:\/\/mineraleslunallena.com\/#organization"},"potentialAction":[{"@type":"SearchAction","target":{"@type":"EntryPoint","urlTemplate":"https:\/\/mineraleslunallena.com\/?s={search_term_string}"},"query-input":{"@type":"PropertyValueSpecification","valueRequired":true,"valueName":"search_term_string"}}],"inLanguage":"ca"},{"@type":"Organization","@id":"https:\/\/mineraleslunallena.com\/#organization","name":"LLUNA PLENA MINERALS","url":"https:\/\/mineraleslunallena.com\/","logo":{"@type":"ImageObject","inLanguage":"ca","@id":"https:\/\/mineraleslunallena.com\/#\/schema\/logo\/image\/","url":"https:\/\/mineraleslunallena.com\/wp-content\/uploads\/2023\/07\/LUNA-LLENA-LOGO-nuevo.png","contentUrl":"https:\/\/mineraleslunallena.com\/wp-content\/uploads\/2023\/07\/LUNA-LLENA-LOGO-nuevo.png","width":229,"height":167,"caption":"LUNA LLENA MINERALES"},"image":{"@id":"https:\/\/mineraleslunallena.com\/#\/schema\/logo\/image\/"}}]}},"_links":{"self":[{"href":"https:\/\/mineraleslunallena.com\/ca\/wp-json\/wp\/v2\/product\/8189","targetHints":{"allow":["GET"]}}],"collection":[{"href":"https:\/\/mineraleslunallena.com\/ca\/wp-json\/wp\/v2\/product"}],"about":[{"href":"https:\/\/mineraleslunallena.com\/ca\/wp-json\/wp\/v2\/types\/product"}],"version-history":[{"count":1,"href":"https:\/\/mineraleslunallena.com\/ca\/wp-json\/wp\/v2\/product\/8189\/revisions"}],"predecessor-version":[{"id":8190,"href":"https:\/\/mineraleslunallena.com\/ca\/wp-json\/wp\/v2\/product\/8189\/revisions\/8190"}],"wp:featuredmedia":[{"embeddable":true,"href":"https:\/\/mineraleslunallena.com\/ca\/wp-json\/wp\/v2\/media\/8278"}],"wp:attachment":[{"href":"https:\/\/mineraleslunallena.com\/ca\/wp-json\/wp\/v2\/media?parent=8189"}],"wp:term":[{"taxonomy":"product_cat","embeddable":true,"href":"https:\/\/mineraleslunallena.com\/ca\/wp-json\/wp\/v2\/product_cat?post=8189"},{"taxonomy":"product_tag","embeddable":true,"href":"https:\/\/mineraleslunallena.com\/ca\/wp-json\/wp\/v2\/product_tag?post=8189"}],"curies":[{"name":"wp","href":"https:\/\/api.w.org\/{rel}","templated":true}]}}