{"id":8191,"date":"2025-07-04T11:50:14","date_gmt":"2025-07-04T09:50:14","guid":{"rendered":"https:\/\/mineraleslunallena.com\/?post_type=product&#038;p=8191"},"modified":"2025-07-08T21:50:03","modified_gmt":"2025-07-08T19:50:03","slug":"incienso-de-agua-florida-organico-purificacion-proteccion-renovacion","status":"publish","type":"product","link":"https:\/\/mineraleslunallena.com\/ca\/producte\/incienso-de-agua-florida-organico-purificacion-proteccion-renovacion\/","title":{"rendered":"Incienso de Agua Florida Org\u00e1nico | Purificaci\u00f3n \u2013 Protecci\u00f3n \u2013 Renovaci\u00f3n"},"content":{"rendered":"<p data-start=\"321\" data-end=\"631\">Siente la frescura y poder del Incienso de Agua Florida Org\u00e1nico, reconocido por su capacidad de <strong data-start=\"418\" data-end=\"445\">Purificaci\u00f3n Energ\u00e9tica<\/strong>, <strong data-start=\"447\" data-end=\"472\">Protecci\u00f3n Espiritual<\/strong> y <strong data-start=\"475\" data-end=\"498\">Renovaci\u00f3n del Aura<\/strong>. Su aroma Floral y Fresco crea un ambiente limpio y vibrante, ideal para limpiar energ\u00edas negativas y abrir caminos de buena suerte.<\/p>\n<p data-start=\"633\" data-end=\"781\">Perfecto para usar en <strong data-start=\"655\" data-end=\"679\">Rituales de Limpieza<\/strong>, <strong data-start=\"681\" data-end=\"695\">Meditaci\u00f3n<\/strong> o simplemente para llenar tu hogar con una vibraci\u00f3n de <strong data-start=\"752\" data-end=\"766\">Equilibrio<\/strong> y <strong data-start=\"769\" data-end=\"780\">Armon\u00eda<\/strong>.<\/p>\n<p data-start=\"788\" data-end=\"1032\">Hecho a mano en la India con ingredientes 100% Naturales y Org\u00e1nicos.<br data-start=\"883\" data-end=\"886\" \/>La l\u00ednea <strong data-start=\"895\" data-end=\"913\">Ullas Org\u00e1nico<\/strong> combina <strong data-start=\"922\" data-end=\"933\">Resinas<\/strong>, <strong data-start=\"935\" data-end=\"946\">Hierbas<\/strong> y <strong data-start=\"949\" data-end=\"971\">Aceites Esenciales<\/strong> puros, respetando las tradiciones ancestrales de defumaci\u00f3n.<\/p>\n<p data-start=\"1034\" data-end=\"1143\"><strong data-start=\"1034\" data-end=\"1047\">Quantitat:<\/strong> 1 Caja con 9 Varillas. Peso total: 25 gramos.<br data-start=\"1093\" data-end=\"1096\" \/><strong data-start=\"1096\" data-end=\"1120\">Duraci\u00f3n Aproximada:<\/strong> 1 hora por varilla.<\/p>","protected":false},"excerpt":{"rendered":"<p data-start=\"321\" data-end=\"631\">Siente la frescura y poder del Incienso de Agua Florida Org\u00e1nico, reconocido por su capacidad de <strong data-start=\"418\" data-end=\"445\">Purificaci\u00f3n Energ\u00e9tica<\/strong>, <strong data-start=\"447\" data-end=\"472\">Protecci\u00f3n Espiritual<\/strong> y <strong data-start=\"475\" data-end=\"498\">Renovaci\u00f3n del Aura<\/strong>. Su aroma Floral y Fresco crea un ambiente limpio y vibrante, ideal para limpiar energ\u00edas negativas y abrir caminos de buena suerte.<\/p>\n<p data-start=\"633\" data-end=\"781\">Perfecto para usar en <strong data-start=\"655\" data-end=\"679\">Rituales de Limpieza<\/strong>, <strong data-start=\"681\" data-end=\"695\">Meditaci\u00f3n<\/strong> o simplemente para llenar tu hogar con una vibraci\u00f3n de <strong data-start=\"752\" data-end=\"766\">Equilibrio<\/strong> y <strong data-start=\"769\" data-end=\"780\">Armon\u00eda<\/strong>.<\/p>\n<p data-start=\"788\" data-end=\"1032\">Hecho a mano en la India con ingredientes 100% Naturales y Org\u00e1nicos.<br data-start=\"883\" data-end=\"886\" \/>La l\u00ednea <strong data-start=\"895\" data-end=\"913\">Ullas Org\u00e1nico<\/strong> combina <strong data-start=\"922\" data-end=\"933\">Resinas<\/strong>, <strong data-start=\"935\" data-end=\"946\">Hierbas<\/strong> y <strong data-start=\"949\" data-end=\"971\">Aceites Esenciales<\/strong> puros, respetando las tradiciones ancestrales de defumaci\u00f3n.<\/p>\n<p data-start=\"1034\" data-end=\"1143\"><strong data-start=\"1034\" data-end=\"1047\">Quantitat:<\/strong> 1 Caja con 9 Varillas. Peso total: 25 gramos.<br data-start=\"1093\" data-end=\"1096\" \/><strong data-start=\"1096\" data-end=\"1120\">Duraci\u00f3n Aproximada:<\/strong> 1 hora por varilla<\/p>","protected":false},"featured_media":8296,"template":"","meta":[],"product_cat":[100,98],"product_tag":[],"class_list":{"0":"post-8191","1":"product","2":"type-product","3":"status-publish","4":"has-post-thumbnail","6":"product_cat-incienso-natural-en-varilla","7":"product_cat-incienso","9":"first","10":"instock","11":"sale","12":"taxable","13":"shipping-taxable","14":"purchasable","15":"product-type-simple"},"yoast_head":"<!-- This site is optimized with the Yoast SEO plugin v27.3 - https:\/\/yoast.com\/product\/yoast-seo-wordpress\/ -->\n<title>Incienso de Agua Florida Org\u00e1nico | Purificaci\u00f3n \u2013 Protecci\u00f3n \u2013 Renovaci\u00f3n - MINERALES LUNA LLENA<\/title>\n<meta name=\"robots\" content=\"index, follow, max-snippet:-1, max-image-preview:large, max-video-preview:-1\" \/>\n<link rel=\"canonical\" href=\"https:\/\/mineraleslunallena.com\/ca\/producte\/incienso-de-agua-florida-organico-purificacion-proteccion-renovacion\/\" \/>\n<meta property=\"og:locale\" content=\"ca_ES\" \/>\n<meta property=\"og:type\" content=\"article\" \/>\n<meta property=\"og:title\" content=\"Incienso de Agua Florida Org\u00e1nico | Purificaci\u00f3n \u2013 Protecci\u00f3n \u2013 Renovaci\u00f3n - MINERALES LUNA LLENA\" \/>\n<meta property=\"og:description\" content=\"Siente la frescura y poder del Incienso de Agua Florida Org\u00e1nico, reconocido por su capacidad de Purificaci\u00f3n Energ\u00e9tica, Protecci\u00f3n Espiritual y Renovaci\u00f3n del Aura. Su aroma Floral y Fresco crea un ambiente limpio y vibrante, ideal para limpiar energ\u00edas negativas y abrir caminos de buena suerte. Perfecto para usar en Rituales de Limpieza, Meditaci\u00f3n o simplemente para llenar tu hogar con una vibraci\u00f3n de Equilibrio y Armon\u00eda. Hecho a mano en la India con ingredientes 100% Naturales y Org\u00e1nicos.La l\u00ednea Ullas Org\u00e1nico combina Resinas, Hierbas y Aceites Esenciales puros, respetando las tradiciones ancestrales de defumaci\u00f3n. Cantidad: 1 Caja con 9 Varillas. Peso total: 25 gramos.Duraci\u00f3n Aproximada: 1 hora por varilla\" \/>\n<meta property=\"og:url\" content=\"https:\/\/mineraleslunallena.com\/ca\/producte\/incienso-de-agua-florida-organico-purificacion-proteccion-renovacion\/\" \/>\n<meta property=\"og:site_name\" content=\"MINERALES LUNA LLENA\" \/>\n<meta property=\"article:modified_time\" content=\"2025-07-08T19:50:03+00:00\" \/>\n<meta property=\"og:image\" content=\"https:\/\/mineraleslunallena.com\/wp-content\/uploads\/2025\/07\/INCIENSOAGUAFLORID-scaled.jpg\" \/>\n\t<meta property=\"og:image:width\" content=\"1153\" \/>\n\t<meta property=\"og:image:height\" content=\"2560\" \/>\n\t<meta property=\"og:image:type\" content=\"image\/jpeg\" \/>\n<meta name=\"twitter:card\" content=\"summary_large_image\" \/>\n<meta name=\"twitter:label1\" content=\"Temps estimat de lectura\" \/>\n\t<meta name=\"twitter:data1\" content=\"1 minut\" \/>\n<script type=\"application\/ld+json\" class=\"yoast-schema-graph\">{\"@context\":\"https:\\\/\\\/schema.org\",\"@graph\":[{\"@type\":\"WebPage\",\"@id\":\"https:\\\/\\\/mineraleslunallena.com\\\/producto\\\/incienso-de-agua-florida-organico-purificacion-proteccion-renovacion\\\/\",\"url\":\"https:\\\/\\\/mineraleslunallena.com\\\/producto\\\/incienso-de-agua-florida-organico-purificacion-proteccion-renovacion\\\/\",\"name\":\"Incienso de Agua Florida Org\u00e1nico | Purificaci\u00f3n \u2013 Protecci\u00f3n \u2013 Renovaci\u00f3n - MINERALES LUNA LLENA\",\"isPartOf\":{\"@id\":\"https:\\\/\\\/mineraleslunallena.com\\\/#website\"},\"primaryImageOfPage\":{\"@id\":\"https:\\\/\\\/mineraleslunallena.com\\\/producto\\\/incienso-de-agua-florida-organico-purificacion-proteccion-renovacion\\\/#primaryimage\"},\"image\":{\"@id\":\"https:\\\/\\\/mineraleslunallena.com\\\/producto\\\/incienso-de-agua-florida-organico-purificacion-proteccion-renovacion\\\/#primaryimage\"},\"thumbnailUrl\":\"https:\\\/\\\/mineraleslunallena.com\\\/wp-content\\\/uploads\\\/2025\\\/07\\\/INCIENSOAGUAFLORID-scaled.jpg\",\"datePublished\":\"2025-07-04T09:50:14+00:00\",\"dateModified\":\"2025-07-08T19:50:03+00:00\",\"breadcrumb\":{\"@id\":\"https:\\\/\\\/mineraleslunallena.com\\\/producto\\\/incienso-de-agua-florida-organico-purificacion-proteccion-renovacion\\\/#breadcrumb\"},\"inLanguage\":\"ca\",\"potentialAction\":[{\"@type\":\"ReadAction\",\"target\":[\"https:\\\/\\\/mineraleslunallena.com\\\/producto\\\/incienso-de-agua-florida-organico-purificacion-proteccion-renovacion\\\/\"]}]},{\"@type\":\"ImageObject\",\"inLanguage\":\"ca\",\"@id\":\"https:\\\/\\\/mineraleslunallena.com\\\/producto\\\/incienso-de-agua-florida-organico-purificacion-proteccion-renovacion\\\/#primaryimage\",\"url\":\"https:\\\/\\\/mineraleslunallena.com\\\/wp-content\\\/uploads\\\/2025\\\/07\\\/INCIENSOAGUAFLORID-scaled.jpg\",\"contentUrl\":\"https:\\\/\\\/mineraleslunallena.com\\\/wp-content\\\/uploads\\\/2025\\\/07\\\/INCIENSOAGUAFLORID-scaled.jpg\",\"width\":1153,\"height\":2560},{\"@type\":\"BreadcrumbList\",\"@id\":\"https:\\\/\\\/mineraleslunallena.com\\\/producto\\\/incienso-de-agua-florida-organico-purificacion-proteccion-renovacion\\\/#breadcrumb\",\"itemListElement\":[{\"@type\":\"ListItem\",\"position\":1,\"name\":\"Portada\",\"item\":\"https:\\\/\\\/mineraleslunallena.com\\\/\"},{\"@type\":\"ListItem\",\"position\":2,\"name\":\"Shop\",\"item\":\"https:\\\/\\\/mineraleslunallena.com\\\/ca\\\/shop\\\/\"},{\"@type\":\"ListItem\",\"position\":3,\"name\":\"Incienso de Agua Florida Org\u00e1nico | Purificaci\u00f3n \u2013 Protecci\u00f3n \u2013 Renovaci\u00f3n\"}]},{\"@type\":\"WebSite\",\"@id\":\"https:\\\/\\\/mineraleslunallena.com\\\/#website\",\"url\":\"https:\\\/\\\/mineraleslunallena.com\\\/\",\"name\":\"LUNA LLENA MINERALES\",\"description\":\"Es el momento de conectarte con tu propio poder y confiar en tus habilidades.\",\"publisher\":{\"@id\":\"https:\\\/\\\/mineraleslunallena.com\\\/#organization\"},\"potentialAction\":[{\"@type\":\"SearchAction\",\"target\":{\"@type\":\"EntryPoint\",\"urlTemplate\":\"https:\\\/\\\/mineraleslunallena.com\\\/?s={search_term_string}\"},\"query-input\":{\"@type\":\"PropertyValueSpecification\",\"valueRequired\":true,\"valueName\":\"search_term_string\"}}],\"inLanguage\":\"ca\"},{\"@type\":\"Organization\",\"@id\":\"https:\\\/\\\/mineraleslunallena.com\\\/#organization\",\"name\":\"LUNA LLENA MINERALES\",\"url\":\"https:\\\/\\\/mineraleslunallena.com\\\/\",\"logo\":{\"@type\":\"ImageObject\",\"inLanguage\":\"ca\",\"@id\":\"https:\\\/\\\/mineraleslunallena.com\\\/#\\\/schema\\\/logo\\\/image\\\/\",\"url\":\"https:\\\/\\\/mineraleslunallena.com\\\/wp-content\\\/uploads\\\/2023\\\/07\\\/LUNA-LLENA-LOGO-nuevo.png\",\"contentUrl\":\"https:\\\/\\\/mineraleslunallena.com\\\/wp-content\\\/uploads\\\/2023\\\/07\\\/LUNA-LLENA-LOGO-nuevo.png\",\"width\":229,\"height\":167,\"caption\":\"LUNA LLENA MINERALES\"},\"image\":{\"@id\":\"https:\\\/\\\/mineraleslunallena.com\\\/#\\\/schema\\\/logo\\\/image\\\/\"}}]}<\/script>\n<!-- \/ Yoast SEO plugin. -->","yoast_head_json":{"title":"Incienso de Agua Florida Org\u00e1nico | Purificaci\u00f3n \u2013 Protecci\u00f3n \u2013 Renovaci\u00f3n - MINERALES LUNA LLENA","robots":{"index":"index","follow":"follow","max-snippet":"max-snippet:-1","max-image-preview":"max-image-preview:large","max-video-preview":"max-video-preview:-1"},"canonical":"https:\/\/mineraleslunallena.com\/ca\/producte\/incienso-de-agua-florida-organico-purificacion-proteccion-renovacion\/","og_locale":"ca_ES","og_type":"article","og_title":"Incienso de Agua Florida Org\u00e1nico | Purificaci\u00f3n \u2013 Protecci\u00f3n \u2013 Renovaci\u00f3n - MINERALES LUNA LLENA","og_description":"Siente la frescura y poder del Incienso de Agua Florida Org\u00e1nico, reconocido por su capacidad de Purificaci\u00f3n Energ\u00e9tica, Protecci\u00f3n Espiritual y Renovaci\u00f3n del Aura. Su aroma Floral y Fresco crea un ambiente limpio y vibrante, ideal para limpiar energ\u00edas negativas y abrir caminos de buena suerte. Perfecto para usar en Rituales de Limpieza, Meditaci\u00f3n o simplemente para llenar tu hogar con una vibraci\u00f3n de Equilibrio y Armon\u00eda. Hecho a mano en la India con ingredientes 100% Naturales y Org\u00e1nicos.La l\u00ednea Ullas Org\u00e1nico combina Resinas, Hierbas y Aceites Esenciales puros, respetando las tradiciones ancestrales de defumaci\u00f3n. Cantidad: 1 Caja con 9 Varillas. Peso total: 25 gramos.Duraci\u00f3n Aproximada: 1 hora por varilla","og_url":"https:\/\/mineraleslunallena.com\/ca\/producte\/incienso-de-agua-florida-organico-purificacion-proteccion-renovacion\/","og_site_name":"MINERALES LUNA LLENA","article_modified_time":"2025-07-08T19:50:03+00:00","og_image":[{"width":1153,"height":2560,"url":"https:\/\/mineraleslunallena.com\/wp-content\/uploads\/2025\/07\/INCIENSOAGUAFLORID-scaled.jpg","type":"image\/jpeg"}],"twitter_card":"summary_large_image","twitter_misc":{"Temps estimat de lectura":"1 minut"},"schema":{"@context":"https:\/\/schema.org","@graph":[{"@type":"WebPage","@id":"https:\/\/mineraleslunallena.com\/producto\/incienso-de-agua-florida-organico-purificacion-proteccion-renovacion\/","url":"https:\/\/mineraleslunallena.com\/producto\/incienso-de-agua-florida-organico-purificacion-proteccion-renovacion\/","name":"Incienso de Agua Florida Org\u00e1nico | Purificaci\u00f3n \u2013 Protecci\u00f3n \u2013 Renovaci\u00f3n - MINERALES LUNA LLENA","isPartOf":{"@id":"https:\/\/mineraleslunallena.com\/#website"},"primaryImageOfPage":{"@id":"https:\/\/mineraleslunallena.com\/producto\/incienso-de-agua-florida-organico-purificacion-proteccion-renovacion\/#primaryimage"},"image":{"@id":"https:\/\/mineraleslunallena.com\/producto\/incienso-de-agua-florida-organico-purificacion-proteccion-renovacion\/#primaryimage"},"thumbnailUrl":"https:\/\/mineraleslunallena.com\/wp-content\/uploads\/2025\/07\/INCIENSOAGUAFLORID-scaled.jpg","datePublished":"2025-07-04T09:50:14+00:00","dateModified":"2025-07-08T19:50:03+00:00","breadcrumb":{"@id":"https:\/\/mineraleslunallena.com\/producto\/incienso-de-agua-florida-organico-purificacion-proteccion-renovacion\/#breadcrumb"},"inLanguage":"ca","potentialAction":[{"@type":"ReadAction","target":["https:\/\/mineraleslunallena.com\/producto\/incienso-de-agua-florida-organico-purificacion-proteccion-renovacion\/"]}]},{"@type":"ImageObject","inLanguage":"ca","@id":"https:\/\/mineraleslunallena.com\/producto\/incienso-de-agua-florida-organico-purificacion-proteccion-renovacion\/#primaryimage","url":"https:\/\/mineraleslunallena.com\/wp-content\/uploads\/2025\/07\/INCIENSOAGUAFLORID-scaled.jpg","contentUrl":"https:\/\/mineraleslunallena.com\/wp-content\/uploads\/2025\/07\/INCIENSOAGUAFLORID-scaled.jpg","width":1153,"height":2560},{"@type":"BreadcrumbList","@id":"https:\/\/mineraleslunallena.com\/producto\/incienso-de-agua-florida-organico-purificacion-proteccion-renovacion\/#breadcrumb","itemListElement":[{"@type":"ListItem","position":1,"name":"Portada","item":"https:\/\/mineraleslunallena.com\/"},{"@type":"ListItem","position":2,"name":"Shop","item":"https:\/\/mineraleslunallena.com\/ca\/shop\/"},{"@type":"ListItem","position":3,"name":"Incienso de Agua Florida Org\u00e1nico | Purificaci\u00f3n \u2013 Protecci\u00f3n \u2013 Renovaci\u00f3n"}]},{"@type":"WebSite","@id":"https:\/\/mineraleslunallena.com\/#website","url":"https:\/\/mineraleslunallena.com\/","name":"LLUNA PLENA MINERALS","description":"\u00c9s el moment de connectar-te amb el teu poder i confiar en les teves habilitats.","publisher":{"@id":"https:\/\/mineraleslunallena.com\/#organization"},"potentialAction":[{"@type":"SearchAction","target":{"@type":"EntryPoint","urlTemplate":"https:\/\/mineraleslunallena.com\/?s={search_term_string}"},"query-input":{"@type":"PropertyValueSpecification","valueRequired":true,"valueName":"search_term_string"}}],"inLanguage":"ca"},{"@type":"Organization","@id":"https:\/\/mineraleslunallena.com\/#organization","name":"LLUNA PLENA MINERALS","url":"https:\/\/mineraleslunallena.com\/","logo":{"@type":"ImageObject","inLanguage":"ca","@id":"https:\/\/mineraleslunallena.com\/#\/schema\/logo\/image\/","url":"https:\/\/mineraleslunallena.com\/wp-content\/uploads\/2023\/07\/LUNA-LLENA-LOGO-nuevo.png","contentUrl":"https:\/\/mineraleslunallena.com\/wp-content\/uploads\/2023\/07\/LUNA-LLENA-LOGO-nuevo.png","width":229,"height":167,"caption":"LUNA LLENA MINERALES"},"image":{"@id":"https:\/\/mineraleslunallena.com\/#\/schema\/logo\/image\/"}}]}},"_links":{"self":[{"href":"https:\/\/mineraleslunallena.com\/ca\/wp-json\/wp\/v2\/product\/8191","targetHints":{"allow":["GET"]}}],"collection":[{"href":"https:\/\/mineraleslunallena.com\/ca\/wp-json\/wp\/v2\/product"}],"about":[{"href":"https:\/\/mineraleslunallena.com\/ca\/wp-json\/wp\/v2\/types\/product"}],"version-history":[{"count":2,"href":"https:\/\/mineraleslunallena.com\/ca\/wp-json\/wp\/v2\/product\/8191\/revisions"}],"predecessor-version":[{"id":8300,"href":"https:\/\/mineraleslunallena.com\/ca\/wp-json\/wp\/v2\/product\/8191\/revisions\/8300"}],"wp:featuredmedia":[{"embeddable":true,"href":"https:\/\/mineraleslunallena.com\/ca\/wp-json\/wp\/v2\/media\/8296"}],"wp:attachment":[{"href":"https:\/\/mineraleslunallena.com\/ca\/wp-json\/wp\/v2\/media?parent=8191"}],"wp:term":[{"taxonomy":"product_cat","embeddable":true,"href":"https:\/\/mineraleslunallena.com\/ca\/wp-json\/wp\/v2\/product_cat?post=8191"},{"taxonomy":"product_tag","embeddable":true,"href":"https:\/\/mineraleslunallena.com\/ca\/wp-json\/wp\/v2\/product_tag?post=8191"}],"curies":[{"name":"wp","href":"https:\/\/api.w.org\/{rel}","templated":true}]}}