{"id":8193,"date":"2025-07-04T12:03:41","date_gmt":"2025-07-04T10:03:41","guid":{"rendered":"https:\/\/mineraleslunallena.com\/?post_type=product&#038;p=8193"},"modified":"2025-08-23T20:16:00","modified_gmt":"2025-08-23T18:16:00","slug":"incienso-tribal-soul-tarot-reading-con-portaincienso-de-ceramica-intuicion-conexion-espiritual","status":"publish","type":"product","link":"https:\/\/mineraleslunallena.com\/ca\/producte\/incienso-tribal-soul-tarot-reading-con-portaincienso-de-ceramica-intuicion-conexion-espiritual\/","title":{"rendered":"Incienso Tribal Soul Tarot Reading | Con Portaincienso de Cer\u00e1mica \u2013 Intuici\u00f3n \u2013 Conexi\u00f3n Espiritual"},"content":{"rendered":"<p data-start=\"614\" data-end=\"864\">Ad\u00e9ntrate en la energ\u00eda ancestral del <strong data-start=\"652\" data-end=\"690\">Incienso Tribal Soul Tarot Reading<\/strong>, una mezcla especial dise\u00f1ada para potenciar la <strong data-start=\"739\" data-end=\"752\">Intuici\u00f3n<\/strong>, la <strong data-start=\"757\" data-end=\"780\">Conexi\u00f3n Espiritual<\/strong> y la apertura del <strong data-start=\"799\" data-end=\"813\">Tercer Ojo<\/strong> durante <strong>tus Lecturas de Tarot<\/strong> y Rituales Sagrados.<\/p>\n<p data-start=\"866\" data-end=\"1068\">Su aroma profundo y envolvente crea el ambiente perfecto para que te sumerjas en la sabidur\u00eda interior y el misterio de las cartas, facilitando la claridad mental y la canalizaci\u00f3n de mensajes del alma.<\/p>\n<p data-start=\"1070\" data-end=\"1244\">Adem\u00e1s, este pack incluye un <strong data-start=\"1099\" data-end=\"1138\">Portaincienso de Cer\u00e1mica artesanal<\/strong>, ideal para sostener tu varilla mientras disfrutas de una experiencia ritual completa, segura y elegante.<\/p>\n<p data-start=\"995\" data-end=\"1192\">Hecho a mano en la <strong data-start=\"1040\" data-end=\"1049\">India<\/strong> con ingredientes naturales de alta calidad, inspirado en tradiciones ancestrales y dise\u00f1ado para acompa\u00f1ar tus pr\u00e1cticas espirituales diarias.<\/p>\n<p data-start=\"1194\" data-end=\"1348\"><strong data-start=\"1194\" data-end=\"1207\">Quantitat:<\/strong> 1 caja precintada con varillas de incienso artesanal + 1 Portaincienso de Cer\u00e1mica.<br data-start=\"1267\" data-end=\"1270\" \/><strong data-start=\"1270\" data-end=\"1294\">Duraci\u00f3n Aproximada:<\/strong> tradicional de varillas est\u00e1ndar.<\/p>","protected":false},"excerpt":{"rendered":"<p data-start=\"614\" data-end=\"864\">Ad\u00e9ntrate en la energ\u00eda ancestral del <strong data-start=\"652\" data-end=\"690\">Incienso Tribal Soul Tarot Reading<\/strong>, una mezcla especial dise\u00f1ada para potenciar la <strong data-start=\"739\" data-end=\"752\">Intuici\u00f3n<\/strong>, la <strong data-start=\"757\" data-end=\"780\">Conexi\u00f3n Espiritual<\/strong> y la apertura del <strong data-start=\"799\" data-end=\"813\">Tercer Ojo<\/strong> durante <strong>tus Lecturas de Tarot<\/strong> y Rituales Sagrados.<\/p>\n<p data-start=\"866\" data-end=\"1068\">Su aroma profundo y envolvente crea el ambiente perfecto para que te sumerjas en la sabidur\u00eda interior y el misterio de las cartas, facilitando la claridad mental y la canalizaci\u00f3n de mensajes del alma.<\/p>\n<p data-start=\"1070\" data-end=\"1244\">Adem\u00e1s, este pack incluye un <strong data-start=\"1099\" data-end=\"1138\">Portaincienso de Cer\u00e1mica artesanal<\/strong>, ideal para sostener tu varilla mientras disfrutas de una experiencia ritual completa, segura y elegante.<\/p>\n<p data-start=\"995\" data-end=\"1192\">Hecho a mano en la <strong data-start=\"1040\" data-end=\"1049\">India<\/strong> con ingredientes naturales de alta calidad, inspirado en tradiciones ancestrales y dise\u00f1ado para acompa\u00f1ar tus pr\u00e1cticas espirituales diarias.<\/p>\n<p data-start=\"1194\" data-end=\"1348\"><strong data-start=\"1194\" data-end=\"1207\">Quantitat:<\/strong> 1 caja precintada con varillas de incienso artesanal + 1 Portaincienso de Cer\u00e1mica.<br data-start=\"1267\" data-end=\"1270\" \/><strong data-start=\"1270\" data-end=\"1294\">Duraci\u00f3n Aproximada:<\/strong> tradicional de varillas est\u00e1ndar.<\/p>","protected":false},"featured_media":8291,"template":"","meta":[],"product_cat":[100,98],"product_tag":[],"class_list":{"0":"post-8193","1":"product","2":"type-product","3":"status-publish","4":"has-post-thumbnail","6":"product_cat-incienso-natural-en-varilla","7":"product_cat-incienso","9":"first","10":"instock","11":"sale","12":"taxable","13":"shipping-taxable","14":"purchasable","15":"product-type-simple"},"yoast_head":"<!-- This site is optimized with the Yoast SEO plugin v27.3 - https:\/\/yoast.com\/product\/yoast-seo-wordpress\/ -->\n<title>Incienso Tribal Soul Tarot Reading | Con Portaincienso de Cer\u00e1mica \u2013 Intuici\u00f3n \u2013 Conexi\u00f3n Espiritual - MINERALES LUNA LLENA<\/title>\n<meta name=\"robots\" content=\"index, follow, max-snippet:-1, max-image-preview:large, max-video-preview:-1\" \/>\n<link rel=\"canonical\" href=\"https:\/\/mineraleslunallena.com\/ca\/producte\/incienso-tribal-soul-tarot-reading-con-portaincienso-de-ceramica-intuicion-conexion-espiritual\/\" \/>\n<meta property=\"og:locale\" content=\"ca_ES\" \/>\n<meta property=\"og:type\" content=\"article\" \/>\n<meta property=\"og:title\" content=\"Incienso Tribal Soul Tarot Reading | Con Portaincienso de Cer\u00e1mica \u2013 Intuici\u00f3n \u2013 Conexi\u00f3n Espiritual - MINERALES LUNA LLENA\" \/>\n<meta property=\"og:description\" content=\"Ad\u00e9ntrate en la energ\u00eda ancestral del Incienso Tribal Soul Tarot Reading, una mezcla especial dise\u00f1ada para potenciar la Intuici\u00f3n, la Conexi\u00f3n Espiritual y la apertura del Tercer Ojo durante tus Lecturas de Tarot y Rituales Sagrados. Su aroma profundo y envolvente crea el ambiente perfecto para que te sumerjas en la sabidur\u00eda interior y el misterio de las cartas, facilitando la claridad mental y la canalizaci\u00f3n de mensajes del alma. Adem\u00e1s, este pack incluye un Portaincienso de Cer\u00e1mica artesanal, ideal para sostener tu varilla mientras disfrutas de una experiencia ritual completa, segura y elegante. Hecho a mano en la India con ingredientes naturales de alta calidad, inspirado en tradiciones ancestrales y dise\u00f1ado para acompa\u00f1ar tus pr\u00e1cticas espirituales diarias. Cantidad: 1 caja precintada con varillas de incienso artesanal + 1 Portaincienso de Cer\u00e1mica.Duraci\u00f3n Aproximada: tradicional de varillas est\u00e1ndar.\" \/>\n<meta property=\"og:url\" content=\"https:\/\/mineraleslunallena.com\/ca\/producte\/incienso-tribal-soul-tarot-reading-con-portaincienso-de-ceramica-intuicion-conexion-espiritual\/\" \/>\n<meta property=\"og:site_name\" content=\"MINERALES LUNA LLENA\" \/>\n<meta property=\"article:modified_time\" content=\"2025-08-23T18:16:00+00:00\" \/>\n<meta property=\"og:image\" content=\"https:\/\/mineraleslunallena.com\/wp-content\/uploads\/2025\/07\/INCIENSOTAROT-scaled.jpg\" \/>\n\t<meta property=\"og:image:width\" content=\"1153\" \/>\n\t<meta property=\"og:image:height\" content=\"2560\" \/>\n\t<meta property=\"og:image:type\" content=\"image\/jpeg\" \/>\n<meta name=\"twitter:card\" content=\"summary_large_image\" \/>\n<meta name=\"twitter:label1\" content=\"Temps estimat de lectura\" \/>\n\t<meta name=\"twitter:data1\" content=\"1 minut\" \/>\n<script type=\"application\/ld+json\" class=\"yoast-schema-graph\">{\"@context\":\"https:\\\/\\\/schema.org\",\"@graph\":[{\"@type\":\"WebPage\",\"@id\":\"https:\\\/\\\/mineraleslunallena.com\\\/producto\\\/incienso-tribal-soul-tarot-reading-con-portaincienso-de-ceramica-intuicion-conexion-espiritual\\\/\",\"url\":\"https:\\\/\\\/mineraleslunallena.com\\\/producto\\\/incienso-tribal-soul-tarot-reading-con-portaincienso-de-ceramica-intuicion-conexion-espiritual\\\/\",\"name\":\"Incienso Tribal Soul Tarot Reading | Con Portaincienso de Cer\u00e1mica \u2013 Intuici\u00f3n \u2013 Conexi\u00f3n Espiritual - MINERALES LUNA LLENA\",\"isPartOf\":{\"@id\":\"https:\\\/\\\/mineraleslunallena.com\\\/#website\"},\"primaryImageOfPage\":{\"@id\":\"https:\\\/\\\/mineraleslunallena.com\\\/producto\\\/incienso-tribal-soul-tarot-reading-con-portaincienso-de-ceramica-intuicion-conexion-espiritual\\\/#primaryimage\"},\"image\":{\"@id\":\"https:\\\/\\\/mineraleslunallena.com\\\/producto\\\/incienso-tribal-soul-tarot-reading-con-portaincienso-de-ceramica-intuicion-conexion-espiritual\\\/#primaryimage\"},\"thumbnailUrl\":\"https:\\\/\\\/mineraleslunallena.com\\\/wp-content\\\/uploads\\\/2025\\\/07\\\/INCIENSOTAROT-scaled.jpg\",\"datePublished\":\"2025-07-04T10:03:41+00:00\",\"dateModified\":\"2025-08-23T18:16:00+00:00\",\"breadcrumb\":{\"@id\":\"https:\\\/\\\/mineraleslunallena.com\\\/producto\\\/incienso-tribal-soul-tarot-reading-con-portaincienso-de-ceramica-intuicion-conexion-espiritual\\\/#breadcrumb\"},\"inLanguage\":\"ca\",\"potentialAction\":[{\"@type\":\"ReadAction\",\"target\":[\"https:\\\/\\\/mineraleslunallena.com\\\/producto\\\/incienso-tribal-soul-tarot-reading-con-portaincienso-de-ceramica-intuicion-conexion-espiritual\\\/\"]}]},{\"@type\":\"ImageObject\",\"inLanguage\":\"ca\",\"@id\":\"https:\\\/\\\/mineraleslunallena.com\\\/producto\\\/incienso-tribal-soul-tarot-reading-con-portaincienso-de-ceramica-intuicion-conexion-espiritual\\\/#primaryimage\",\"url\":\"https:\\\/\\\/mineraleslunallena.com\\\/wp-content\\\/uploads\\\/2025\\\/07\\\/INCIENSOTAROT-scaled.jpg\",\"contentUrl\":\"https:\\\/\\\/mineraleslunallena.com\\\/wp-content\\\/uploads\\\/2025\\\/07\\\/INCIENSOTAROT-scaled.jpg\",\"width\":1153,\"height\":2560},{\"@type\":\"BreadcrumbList\",\"@id\":\"https:\\\/\\\/mineraleslunallena.com\\\/producto\\\/incienso-tribal-soul-tarot-reading-con-portaincienso-de-ceramica-intuicion-conexion-espiritual\\\/#breadcrumb\",\"itemListElement\":[{\"@type\":\"ListItem\",\"position\":1,\"name\":\"Portada\",\"item\":\"https:\\\/\\\/mineraleslunallena.com\\\/\"},{\"@type\":\"ListItem\",\"position\":2,\"name\":\"Shop\",\"item\":\"https:\\\/\\\/mineraleslunallena.com\\\/ca\\\/shop\\\/\"},{\"@type\":\"ListItem\",\"position\":3,\"name\":\"Incienso Tribal Soul Tarot Reading | Con Portaincienso de Cer\u00e1mica \u2013 Intuici\u00f3n \u2013 Conexi\u00f3n Espiritual\"}]},{\"@type\":\"WebSite\",\"@id\":\"https:\\\/\\\/mineraleslunallena.com\\\/#website\",\"url\":\"https:\\\/\\\/mineraleslunallena.com\\\/\",\"name\":\"LUNA LLENA MINERALES\",\"description\":\"Es el momento de conectarte con tu propio poder y confiar en tus habilidades.\",\"publisher\":{\"@id\":\"https:\\\/\\\/mineraleslunallena.com\\\/#organization\"},\"potentialAction\":[{\"@type\":\"SearchAction\",\"target\":{\"@type\":\"EntryPoint\",\"urlTemplate\":\"https:\\\/\\\/mineraleslunallena.com\\\/?s={search_term_string}\"},\"query-input\":{\"@type\":\"PropertyValueSpecification\",\"valueRequired\":true,\"valueName\":\"search_term_string\"}}],\"inLanguage\":\"ca\"},{\"@type\":\"Organization\",\"@id\":\"https:\\\/\\\/mineraleslunallena.com\\\/#organization\",\"name\":\"LUNA LLENA MINERALES\",\"url\":\"https:\\\/\\\/mineraleslunallena.com\\\/\",\"logo\":{\"@type\":\"ImageObject\",\"inLanguage\":\"ca\",\"@id\":\"https:\\\/\\\/mineraleslunallena.com\\\/#\\\/schema\\\/logo\\\/image\\\/\",\"url\":\"https:\\\/\\\/mineraleslunallena.com\\\/wp-content\\\/uploads\\\/2023\\\/07\\\/LUNA-LLENA-LOGO-nuevo.png\",\"contentUrl\":\"https:\\\/\\\/mineraleslunallena.com\\\/wp-content\\\/uploads\\\/2023\\\/07\\\/LUNA-LLENA-LOGO-nuevo.png\",\"width\":229,\"height\":167,\"caption\":\"LUNA LLENA MINERALES\"},\"image\":{\"@id\":\"https:\\\/\\\/mineraleslunallena.com\\\/#\\\/schema\\\/logo\\\/image\\\/\"}}]}<\/script>\n<!-- \/ Yoast SEO plugin. -->","yoast_head_json":{"title":"Incienso Tribal Soul Tarot Reading | Con Portaincienso de Cer\u00e1mica \u2013 Intuici\u00f3n \u2013 Conexi\u00f3n Espiritual - MINERALES LUNA LLENA","robots":{"index":"index","follow":"follow","max-snippet":"max-snippet:-1","max-image-preview":"max-image-preview:large","max-video-preview":"max-video-preview:-1"},"canonical":"https:\/\/mineraleslunallena.com\/ca\/producte\/incienso-tribal-soul-tarot-reading-con-portaincienso-de-ceramica-intuicion-conexion-espiritual\/","og_locale":"ca_ES","og_type":"article","og_title":"Incienso Tribal Soul Tarot Reading | Con Portaincienso de Cer\u00e1mica \u2013 Intuici\u00f3n \u2013 Conexi\u00f3n Espiritual - MINERALES LUNA LLENA","og_description":"Ad\u00e9ntrate en la energ\u00eda ancestral del Incienso Tribal Soul Tarot Reading, una mezcla especial dise\u00f1ada para potenciar la Intuici\u00f3n, la Conexi\u00f3n Espiritual y la apertura del Tercer Ojo durante tus Lecturas de Tarot y Rituales Sagrados. Su aroma profundo y envolvente crea el ambiente perfecto para que te sumerjas en la sabidur\u00eda interior y el misterio de las cartas, facilitando la claridad mental y la canalizaci\u00f3n de mensajes del alma. Adem\u00e1s, este pack incluye un Portaincienso de Cer\u00e1mica artesanal, ideal para sostener tu varilla mientras disfrutas de una experiencia ritual completa, segura y elegante. Hecho a mano en la India con ingredientes naturales de alta calidad, inspirado en tradiciones ancestrales y dise\u00f1ado para acompa\u00f1ar tus pr\u00e1cticas espirituales diarias. Cantidad: 1 caja precintada con varillas de incienso artesanal + 1 Portaincienso de Cer\u00e1mica.Duraci\u00f3n Aproximada: tradicional de varillas est\u00e1ndar.","og_url":"https:\/\/mineraleslunallena.com\/ca\/producte\/incienso-tribal-soul-tarot-reading-con-portaincienso-de-ceramica-intuicion-conexion-espiritual\/","og_site_name":"MINERALES LUNA LLENA","article_modified_time":"2025-08-23T18:16:00+00:00","og_image":[{"width":1153,"height":2560,"url":"https:\/\/mineraleslunallena.com\/wp-content\/uploads\/2025\/07\/INCIENSOTAROT-scaled.jpg","type":"image\/jpeg"}],"twitter_card":"summary_large_image","twitter_misc":{"Temps estimat de lectura":"1 minut"},"schema":{"@context":"https:\/\/schema.org","@graph":[{"@type":"WebPage","@id":"https:\/\/mineraleslunallena.com\/producto\/incienso-tribal-soul-tarot-reading-con-portaincienso-de-ceramica-intuicion-conexion-espiritual\/","url":"https:\/\/mineraleslunallena.com\/producto\/incienso-tribal-soul-tarot-reading-con-portaincienso-de-ceramica-intuicion-conexion-espiritual\/","name":"Incienso Tribal Soul Tarot Reading | Con Portaincienso de Cer\u00e1mica \u2013 Intuici\u00f3n \u2013 Conexi\u00f3n Espiritual - MINERALES LUNA LLENA","isPartOf":{"@id":"https:\/\/mineraleslunallena.com\/#website"},"primaryImageOfPage":{"@id":"https:\/\/mineraleslunallena.com\/producto\/incienso-tribal-soul-tarot-reading-con-portaincienso-de-ceramica-intuicion-conexion-espiritual\/#primaryimage"},"image":{"@id":"https:\/\/mineraleslunallena.com\/producto\/incienso-tribal-soul-tarot-reading-con-portaincienso-de-ceramica-intuicion-conexion-espiritual\/#primaryimage"},"thumbnailUrl":"https:\/\/mineraleslunallena.com\/wp-content\/uploads\/2025\/07\/INCIENSOTAROT-scaled.jpg","datePublished":"2025-07-04T10:03:41+00:00","dateModified":"2025-08-23T18:16:00+00:00","breadcrumb":{"@id":"https:\/\/mineraleslunallena.com\/producto\/incienso-tribal-soul-tarot-reading-con-portaincienso-de-ceramica-intuicion-conexion-espiritual\/#breadcrumb"},"inLanguage":"ca","potentialAction":[{"@type":"ReadAction","target":["https:\/\/mineraleslunallena.com\/producto\/incienso-tribal-soul-tarot-reading-con-portaincienso-de-ceramica-intuicion-conexion-espiritual\/"]}]},{"@type":"ImageObject","inLanguage":"ca","@id":"https:\/\/mineraleslunallena.com\/producto\/incienso-tribal-soul-tarot-reading-con-portaincienso-de-ceramica-intuicion-conexion-espiritual\/#primaryimage","url":"https:\/\/mineraleslunallena.com\/wp-content\/uploads\/2025\/07\/INCIENSOTAROT-scaled.jpg","contentUrl":"https:\/\/mineraleslunallena.com\/wp-content\/uploads\/2025\/07\/INCIENSOTAROT-scaled.jpg","width":1153,"height":2560},{"@type":"BreadcrumbList","@id":"https:\/\/mineraleslunallena.com\/producto\/incienso-tribal-soul-tarot-reading-con-portaincienso-de-ceramica-intuicion-conexion-espiritual\/#breadcrumb","itemListElement":[{"@type":"ListItem","position":1,"name":"Portada","item":"https:\/\/mineraleslunallena.com\/"},{"@type":"ListItem","position":2,"name":"Shop","item":"https:\/\/mineraleslunallena.com\/ca\/shop\/"},{"@type":"ListItem","position":3,"name":"Incienso Tribal Soul Tarot Reading | Con Portaincienso de Cer\u00e1mica \u2013 Intuici\u00f3n \u2013 Conexi\u00f3n Espiritual"}]},{"@type":"WebSite","@id":"https:\/\/mineraleslunallena.com\/#website","url":"https:\/\/mineraleslunallena.com\/","name":"LLUNA PLENA MINERALS","description":"\u00c9s el moment de connectar-te amb el teu poder i confiar en les teves habilitats.","publisher":{"@id":"https:\/\/mineraleslunallena.com\/#organization"},"potentialAction":[{"@type":"SearchAction","target":{"@type":"EntryPoint","urlTemplate":"https:\/\/mineraleslunallena.com\/?s={search_term_string}"},"query-input":{"@type":"PropertyValueSpecification","valueRequired":true,"valueName":"search_term_string"}}],"inLanguage":"ca"},{"@type":"Organization","@id":"https:\/\/mineraleslunallena.com\/#organization","name":"LLUNA PLENA MINERALS","url":"https:\/\/mineraleslunallena.com\/","logo":{"@type":"ImageObject","inLanguage":"ca","@id":"https:\/\/mineraleslunallena.com\/#\/schema\/logo\/image\/","url":"https:\/\/mineraleslunallena.com\/wp-content\/uploads\/2023\/07\/LUNA-LLENA-LOGO-nuevo.png","contentUrl":"https:\/\/mineraleslunallena.com\/wp-content\/uploads\/2023\/07\/LUNA-LLENA-LOGO-nuevo.png","width":229,"height":167,"caption":"LUNA LLENA MINERALES"},"image":{"@id":"https:\/\/mineraleslunallena.com\/#\/schema\/logo\/image\/"}}]}},"_links":{"self":[{"href":"https:\/\/mineraleslunallena.com\/ca\/wp-json\/wp\/v2\/product\/8193","targetHints":{"allow":["GET"]}}],"collection":[{"href":"https:\/\/mineraleslunallena.com\/ca\/wp-json\/wp\/v2\/product"}],"about":[{"href":"https:\/\/mineraleslunallena.com\/ca\/wp-json\/wp\/v2\/types\/product"}],"version-history":[{"count":1,"href":"https:\/\/mineraleslunallena.com\/ca\/wp-json\/wp\/v2\/product\/8193\/revisions"}],"predecessor-version":[{"id":8194,"href":"https:\/\/mineraleslunallena.com\/ca\/wp-json\/wp\/v2\/product\/8193\/revisions\/8194"}],"wp:featuredmedia":[{"embeddable":true,"href":"https:\/\/mineraleslunallena.com\/ca\/wp-json\/wp\/v2\/media\/8291"}],"wp:attachment":[{"href":"https:\/\/mineraleslunallena.com\/ca\/wp-json\/wp\/v2\/media?parent=8193"}],"wp:term":[{"taxonomy":"product_cat","embeddable":true,"href":"https:\/\/mineraleslunallena.com\/ca\/wp-json\/wp\/v2\/product_cat?post=8193"},{"taxonomy":"product_tag","embeddable":true,"href":"https:\/\/mineraleslunallena.com\/ca\/wp-json\/wp\/v2\/product_tag?post=8193"}],"curies":[{"name":"wp","href":"https:\/\/api.w.org\/{rel}","templated":true}]}}