{"id":8244,"date":"2025-07-08T19:03:35","date_gmt":"2025-07-08T17:03:35","guid":{"rendered":"https:\/\/mineraleslunallena.com\/?post_type=product&#038;p=8244"},"modified":"2025-07-08T21:41:10","modified_gmt":"2025-07-08T19:41:10","slug":"incienso-organico-de-ruda-proteccion-y-limpieza-energetica-natural","status":"publish","type":"product","link":"https:\/\/mineraleslunallena.com\/ca\/producte\/incienso-organico-de-ruda-proteccion-y-limpieza-energetica-natural\/","title":{"rendered":"Incienso Org\u00e1nico de Ruda \u2013 Protecci\u00f3n y Limpieza Energ\u00e9tica Natural"},"content":{"rendered":"<p data-start=\"243\" data-end=\"886\">Descubre el poder del Incienso de Ruda Org\u00e1nico, una herramienta ancestral utilizada para limpiar energ\u00edas negativas, proteger espacios y atraer la buena suerte. Su aroma herbal e intenso es ideal para rituales de purificaci\u00f3n, momentos de meditaci\u00f3n o simplemente para renovar el ambiente de tu hogar.<\/p>\n<p data-start=\"243\" data-end=\"886\">La ruda ha sido valorada por generaciones como una planta protectora, capaz de cortar energ\u00edas densas y crear un escudo espiritual.<\/p>\n<p data-start=\"243\" data-end=\"886\">Enci\u00e9ndelo cuando sientas el ambiente cargado o necesites armonizar cuerpo y mente. \u00a1Deja que la fuerza de la ruda org\u00e1nica te acompa\u00f1e y proteja en tu d\u00eda a d\u00eda!<\/p>\n<p data-start=\"888\" data-end=\"1062\">Activa los sentidos y revitaliza el cuerpo. Limpia y purifica ambientes y personas cargadas de energ\u00edas negativas. Crea un ambiente de armon\u00eda, paz, serenidad y protecci\u00f3n.<\/p>\n<p data-start=\"1069\" data-end=\"1192\"><strong data-start=\"1069\" data-end=\"1082\">Quantitat:<\/strong> 1 Unidad. El precio es por una unidad.<br data-start=\"1121\" data-end=\"1124\" \/><strong data-start=\"1124\" data-end=\"1137\">Duraci\u00f3n:<\/strong> 60 minutos aproximadamente.<br data-start=\"1165\" data-end=\"1168\" \/><strong data-start=\"1168\" data-end=\"1181\">Quantitat:<\/strong> 25 gramos.<\/p>","protected":false},"excerpt":{"rendered":"<p data-start=\"243\" data-end=\"886\">Descubre el poder del Incienso de Ruda Org\u00e1nico, una herramienta ancestral utilizada para limpiar energ\u00edas negativas, proteger espacios y atraer la buena suerte. Su aroma herbal e intenso es ideal para rituales de purificaci\u00f3n, momentos de meditaci\u00f3n o simplemente para renovar el ambiente de tu hogar.<\/p>\n<p data-start=\"243\" data-end=\"886\">La ruda ha sido valorada por generaciones como una planta protectora, capaz de cortar energ\u00edas densas y crear un escudo espiritual.<\/p>\n<p data-start=\"243\" data-end=\"886\">Enci\u00e9ndelo cuando sientas el ambiente cargado o necesites armonizar cuerpo y mente. \u00a1Deja que la fuerza de la ruda org\u00e1nica te acompa\u00f1e y proteja en tu d\u00eda a d\u00eda!<\/p>\n<p data-start=\"888\" data-end=\"1062\">Activa los sentidos y revitaliza el cuerpo. Limpia y purifica ambientes y personas cargadas de energ\u00edas negativas. Crea un ambiente de armon\u00eda, paz, serenidad y protecci\u00f3n.<\/p>\n<p data-start=\"1069\" data-end=\"1192\"><strong data-start=\"1069\" data-end=\"1082\">Quantitat:<\/strong> 1 Unidad. El precio es por una unidad.<br data-start=\"1121\" data-end=\"1124\" \/><strong data-start=\"1124\" data-end=\"1137\">Duraci\u00f3n:<\/strong> 60 minutos aproximadamente.<br data-start=\"1165\" data-end=\"1168\" \/><strong data-start=\"1168\" data-end=\"1181\">Quantitat:<\/strong> 25 gramos.<\/p>","protected":false},"featured_media":8271,"template":"","meta":[],"product_cat":[100,98],"product_tag":[],"class_list":{"0":"post-8244","1":"product","2":"type-product","3":"status-publish","4":"has-post-thumbnail","6":"product_cat-incienso-natural-en-varilla","7":"product_cat-incienso","9":"first","10":"instock","11":"sale","12":"taxable","13":"shipping-taxable","14":"purchasable","15":"product-type-simple"},"yoast_head":"<!-- This site is optimized with the Yoast SEO plugin v27.3 - https:\/\/yoast.com\/product\/yoast-seo-wordpress\/ -->\n<title>Incienso Org\u00e1nico de Ruda \u2013 Protecci\u00f3n y Limpieza Energ\u00e9tica Natural - MINERALES LUNA LLENA<\/title>\n<meta name=\"robots\" content=\"index, follow, max-snippet:-1, max-image-preview:large, max-video-preview:-1\" \/>\n<link rel=\"canonical\" href=\"https:\/\/mineraleslunallena.com\/ca\/producte\/incienso-organico-de-ruda-proteccion-y-limpieza-energetica-natural\/\" \/>\n<meta property=\"og:locale\" content=\"ca_ES\" \/>\n<meta property=\"og:type\" content=\"article\" \/>\n<meta property=\"og:title\" content=\"Incienso Org\u00e1nico de Ruda \u2013 Protecci\u00f3n y Limpieza Energ\u00e9tica Natural - MINERALES LUNA LLENA\" \/>\n<meta property=\"og:description\" content=\"Descubre el poder del Incienso de Ruda Org\u00e1nico, una herramienta ancestral utilizada para limpiar energ\u00edas negativas, proteger espacios y atraer la buena suerte. Su aroma herbal e intenso es ideal para rituales de purificaci\u00f3n, momentos de meditaci\u00f3n o simplemente para renovar el ambiente de tu hogar. La ruda ha sido valorada por generaciones como una planta protectora, capaz de cortar energ\u00edas densas y crear un escudo espiritual. Enci\u00e9ndelo cuando sientas el ambiente cargado o necesites armonizar cuerpo y mente. \u00a1Deja que la fuerza de la ruda org\u00e1nica te acompa\u00f1e y proteja en tu d\u00eda a d\u00eda! Activa los sentidos y revitaliza el cuerpo. Limpia y purifica ambientes y personas cargadas de energ\u00edas negativas. Crea un ambiente de armon\u00eda, paz, serenidad y protecci\u00f3n. Cantidad: 1 Unidad. El precio es por una unidad.Duraci\u00f3n: 60 minutos aproximadamente.Cantidad: 25 gramos.\" \/>\n<meta property=\"og:url\" content=\"https:\/\/mineraleslunallena.com\/ca\/producte\/incienso-organico-de-ruda-proteccion-y-limpieza-energetica-natural\/\" \/>\n<meta property=\"og:site_name\" content=\"MINERALES LUNA LLENA\" \/>\n<meta property=\"article:modified_time\" content=\"2025-07-08T19:41:10+00:00\" \/>\n<meta property=\"og:image\" content=\"https:\/\/mineraleslunallena.com\/wp-content\/uploads\/2025\/07\/INCIENSOORGANICORUDA-scaled.jpg\" \/>\n\t<meta property=\"og:image:width\" content=\"1153\" \/>\n\t<meta property=\"og:image:height\" content=\"2560\" \/>\n\t<meta property=\"og:image:type\" content=\"image\/jpeg\" \/>\n<meta name=\"twitter:card\" content=\"summary_large_image\" \/>\n<meta name=\"twitter:label1\" content=\"Temps estimat de lectura\" \/>\n\t<meta name=\"twitter:data1\" content=\"1 minut\" \/>\n<script type=\"application\/ld+json\" class=\"yoast-schema-graph\">{\"@context\":\"https:\\\/\\\/schema.org\",\"@graph\":[{\"@type\":\"WebPage\",\"@id\":\"https:\\\/\\\/mineraleslunallena.com\\\/producto\\\/incienso-organico-de-ruda-proteccion-y-limpieza-energetica-natural\\\/\",\"url\":\"https:\\\/\\\/mineraleslunallena.com\\\/producto\\\/incienso-organico-de-ruda-proteccion-y-limpieza-energetica-natural\\\/\",\"name\":\"Incienso Org\u00e1nico de Ruda \u2013 Protecci\u00f3n y Limpieza Energ\u00e9tica Natural - MINERALES LUNA LLENA\",\"isPartOf\":{\"@id\":\"https:\\\/\\\/mineraleslunallena.com\\\/#website\"},\"primaryImageOfPage\":{\"@id\":\"https:\\\/\\\/mineraleslunallena.com\\\/producto\\\/incienso-organico-de-ruda-proteccion-y-limpieza-energetica-natural\\\/#primaryimage\"},\"image\":{\"@id\":\"https:\\\/\\\/mineraleslunallena.com\\\/producto\\\/incienso-organico-de-ruda-proteccion-y-limpieza-energetica-natural\\\/#primaryimage\"},\"thumbnailUrl\":\"https:\\\/\\\/mineraleslunallena.com\\\/wp-content\\\/uploads\\\/2025\\\/07\\\/INCIENSOORGANICORUDA-scaled.jpg\",\"datePublished\":\"2025-07-08T17:03:35+00:00\",\"dateModified\":\"2025-07-08T19:41:10+00:00\",\"breadcrumb\":{\"@id\":\"https:\\\/\\\/mineraleslunallena.com\\\/producto\\\/incienso-organico-de-ruda-proteccion-y-limpieza-energetica-natural\\\/#breadcrumb\"},\"inLanguage\":\"ca\",\"potentialAction\":[{\"@type\":\"ReadAction\",\"target\":[\"https:\\\/\\\/mineraleslunallena.com\\\/producto\\\/incienso-organico-de-ruda-proteccion-y-limpieza-energetica-natural\\\/\"]}]},{\"@type\":\"ImageObject\",\"inLanguage\":\"ca\",\"@id\":\"https:\\\/\\\/mineraleslunallena.com\\\/producto\\\/incienso-organico-de-ruda-proteccion-y-limpieza-energetica-natural\\\/#primaryimage\",\"url\":\"https:\\\/\\\/mineraleslunallena.com\\\/wp-content\\\/uploads\\\/2025\\\/07\\\/INCIENSOORGANICORUDA-scaled.jpg\",\"contentUrl\":\"https:\\\/\\\/mineraleslunallena.com\\\/wp-content\\\/uploads\\\/2025\\\/07\\\/INCIENSOORGANICORUDA-scaled.jpg\",\"width\":1153,\"height\":2560},{\"@type\":\"BreadcrumbList\",\"@id\":\"https:\\\/\\\/mineraleslunallena.com\\\/producto\\\/incienso-organico-de-ruda-proteccion-y-limpieza-energetica-natural\\\/#breadcrumb\",\"itemListElement\":[{\"@type\":\"ListItem\",\"position\":1,\"name\":\"Portada\",\"item\":\"https:\\\/\\\/mineraleslunallena.com\\\/\"},{\"@type\":\"ListItem\",\"position\":2,\"name\":\"Shop\",\"item\":\"https:\\\/\\\/mineraleslunallena.com\\\/ca\\\/shop\\\/\"},{\"@type\":\"ListItem\",\"position\":3,\"name\":\"Incienso Org\u00e1nico de Ruda \u2013 Protecci\u00f3n y Limpieza Energ\u00e9tica Natural\"}]},{\"@type\":\"WebSite\",\"@id\":\"https:\\\/\\\/mineraleslunallena.com\\\/#website\",\"url\":\"https:\\\/\\\/mineraleslunallena.com\\\/\",\"name\":\"LUNA LLENA MINERALES\",\"description\":\"Es el momento de conectarte con tu propio poder y confiar en tus habilidades.\",\"publisher\":{\"@id\":\"https:\\\/\\\/mineraleslunallena.com\\\/#organization\"},\"potentialAction\":[{\"@type\":\"SearchAction\",\"target\":{\"@type\":\"EntryPoint\",\"urlTemplate\":\"https:\\\/\\\/mineraleslunallena.com\\\/?s={search_term_string}\"},\"query-input\":{\"@type\":\"PropertyValueSpecification\",\"valueRequired\":true,\"valueName\":\"search_term_string\"}}],\"inLanguage\":\"ca\"},{\"@type\":\"Organization\",\"@id\":\"https:\\\/\\\/mineraleslunallena.com\\\/#organization\",\"name\":\"LUNA LLENA MINERALES\",\"url\":\"https:\\\/\\\/mineraleslunallena.com\\\/\",\"logo\":{\"@type\":\"ImageObject\",\"inLanguage\":\"ca\",\"@id\":\"https:\\\/\\\/mineraleslunallena.com\\\/#\\\/schema\\\/logo\\\/image\\\/\",\"url\":\"https:\\\/\\\/mineraleslunallena.com\\\/wp-content\\\/uploads\\\/2023\\\/07\\\/LUNA-LLENA-LOGO-nuevo.png\",\"contentUrl\":\"https:\\\/\\\/mineraleslunallena.com\\\/wp-content\\\/uploads\\\/2023\\\/07\\\/LUNA-LLENA-LOGO-nuevo.png\",\"width\":229,\"height\":167,\"caption\":\"LUNA LLENA MINERALES\"},\"image\":{\"@id\":\"https:\\\/\\\/mineraleslunallena.com\\\/#\\\/schema\\\/logo\\\/image\\\/\"}}]}<\/script>\n<!-- \/ Yoast SEO plugin. -->","yoast_head_json":{"title":"Incienso Org\u00e1nico de Ruda \u2013 Protecci\u00f3n y Limpieza Energ\u00e9tica Natural - MINERALES LUNA LLENA","robots":{"index":"index","follow":"follow","max-snippet":"max-snippet:-1","max-image-preview":"max-image-preview:large","max-video-preview":"max-video-preview:-1"},"canonical":"https:\/\/mineraleslunallena.com\/ca\/producte\/incienso-organico-de-ruda-proteccion-y-limpieza-energetica-natural\/","og_locale":"ca_ES","og_type":"article","og_title":"Incienso Org\u00e1nico de Ruda \u2013 Protecci\u00f3n y Limpieza Energ\u00e9tica Natural - MINERALES LUNA LLENA","og_description":"Descubre el poder del Incienso de Ruda Org\u00e1nico, una herramienta ancestral utilizada para limpiar energ\u00edas negativas, proteger espacios y atraer la buena suerte. Su aroma herbal e intenso es ideal para rituales de purificaci\u00f3n, momentos de meditaci\u00f3n o simplemente para renovar el ambiente de tu hogar. La ruda ha sido valorada por generaciones como una planta protectora, capaz de cortar energ\u00edas densas y crear un escudo espiritual. Enci\u00e9ndelo cuando sientas el ambiente cargado o necesites armonizar cuerpo y mente. \u00a1Deja que la fuerza de la ruda org\u00e1nica te acompa\u00f1e y proteja en tu d\u00eda a d\u00eda! Activa los sentidos y revitaliza el cuerpo. Limpia y purifica ambientes y personas cargadas de energ\u00edas negativas. Crea un ambiente de armon\u00eda, paz, serenidad y protecci\u00f3n. Cantidad: 1 Unidad. El precio es por una unidad.Duraci\u00f3n: 60 minutos aproximadamente.Cantidad: 25 gramos.","og_url":"https:\/\/mineraleslunallena.com\/ca\/producte\/incienso-organico-de-ruda-proteccion-y-limpieza-energetica-natural\/","og_site_name":"MINERALES LUNA LLENA","article_modified_time":"2025-07-08T19:41:10+00:00","og_image":[{"width":1153,"height":2560,"url":"https:\/\/mineraleslunallena.com\/wp-content\/uploads\/2025\/07\/INCIENSOORGANICORUDA-scaled.jpg","type":"image\/jpeg"}],"twitter_card":"summary_large_image","twitter_misc":{"Temps estimat de lectura":"1 minut"},"schema":{"@context":"https:\/\/schema.org","@graph":[{"@type":"WebPage","@id":"https:\/\/mineraleslunallena.com\/producto\/incienso-organico-de-ruda-proteccion-y-limpieza-energetica-natural\/","url":"https:\/\/mineraleslunallena.com\/producto\/incienso-organico-de-ruda-proteccion-y-limpieza-energetica-natural\/","name":"Incienso Org\u00e1nico de Ruda \u2013 Protecci\u00f3n y Limpieza Energ\u00e9tica Natural - MINERALES LUNA LLENA","isPartOf":{"@id":"https:\/\/mineraleslunallena.com\/#website"},"primaryImageOfPage":{"@id":"https:\/\/mineraleslunallena.com\/producto\/incienso-organico-de-ruda-proteccion-y-limpieza-energetica-natural\/#primaryimage"},"image":{"@id":"https:\/\/mineraleslunallena.com\/producto\/incienso-organico-de-ruda-proteccion-y-limpieza-energetica-natural\/#primaryimage"},"thumbnailUrl":"https:\/\/mineraleslunallena.com\/wp-content\/uploads\/2025\/07\/INCIENSOORGANICORUDA-scaled.jpg","datePublished":"2025-07-08T17:03:35+00:00","dateModified":"2025-07-08T19:41:10+00:00","breadcrumb":{"@id":"https:\/\/mineraleslunallena.com\/producto\/incienso-organico-de-ruda-proteccion-y-limpieza-energetica-natural\/#breadcrumb"},"inLanguage":"ca","potentialAction":[{"@type":"ReadAction","target":["https:\/\/mineraleslunallena.com\/producto\/incienso-organico-de-ruda-proteccion-y-limpieza-energetica-natural\/"]}]},{"@type":"ImageObject","inLanguage":"ca","@id":"https:\/\/mineraleslunallena.com\/producto\/incienso-organico-de-ruda-proteccion-y-limpieza-energetica-natural\/#primaryimage","url":"https:\/\/mineraleslunallena.com\/wp-content\/uploads\/2025\/07\/INCIENSOORGANICORUDA-scaled.jpg","contentUrl":"https:\/\/mineraleslunallena.com\/wp-content\/uploads\/2025\/07\/INCIENSOORGANICORUDA-scaled.jpg","width":1153,"height":2560},{"@type":"BreadcrumbList","@id":"https:\/\/mineraleslunallena.com\/producto\/incienso-organico-de-ruda-proteccion-y-limpieza-energetica-natural\/#breadcrumb","itemListElement":[{"@type":"ListItem","position":1,"name":"Portada","item":"https:\/\/mineraleslunallena.com\/"},{"@type":"ListItem","position":2,"name":"Shop","item":"https:\/\/mineraleslunallena.com\/ca\/shop\/"},{"@type":"ListItem","position":3,"name":"Incienso Org\u00e1nico de Ruda \u2013 Protecci\u00f3n y Limpieza Energ\u00e9tica Natural"}]},{"@type":"WebSite","@id":"https:\/\/mineraleslunallena.com\/#website","url":"https:\/\/mineraleslunallena.com\/","name":"LLUNA PLENA MINERALS","description":"\u00c9s el moment de connectar-te amb el teu poder i confiar en les teves habilitats.","publisher":{"@id":"https:\/\/mineraleslunallena.com\/#organization"},"potentialAction":[{"@type":"SearchAction","target":{"@type":"EntryPoint","urlTemplate":"https:\/\/mineraleslunallena.com\/?s={search_term_string}"},"query-input":{"@type":"PropertyValueSpecification","valueRequired":true,"valueName":"search_term_string"}}],"inLanguage":"ca"},{"@type":"Organization","@id":"https:\/\/mineraleslunallena.com\/#organization","name":"LLUNA PLENA MINERALS","url":"https:\/\/mineraleslunallena.com\/","logo":{"@type":"ImageObject","inLanguage":"ca","@id":"https:\/\/mineraleslunallena.com\/#\/schema\/logo\/image\/","url":"https:\/\/mineraleslunallena.com\/wp-content\/uploads\/2023\/07\/LUNA-LLENA-LOGO-nuevo.png","contentUrl":"https:\/\/mineraleslunallena.com\/wp-content\/uploads\/2023\/07\/LUNA-LLENA-LOGO-nuevo.png","width":229,"height":167,"caption":"LUNA LLENA MINERALES"},"image":{"@id":"https:\/\/mineraleslunallena.com\/#\/schema\/logo\/image\/"}}]}},"_links":{"self":[{"href":"https:\/\/mineraleslunallena.com\/ca\/wp-json\/wp\/v2\/product\/8244","targetHints":{"allow":["GET"]}}],"collection":[{"href":"https:\/\/mineraleslunallena.com\/ca\/wp-json\/wp\/v2\/product"}],"about":[{"href":"https:\/\/mineraleslunallena.com\/ca\/wp-json\/wp\/v2\/types\/product"}],"version-history":[{"count":2,"href":"https:\/\/mineraleslunallena.com\/ca\/wp-json\/wp\/v2\/product\/8244\/revisions"}],"predecessor-version":[{"id":8272,"href":"https:\/\/mineraleslunallena.com\/ca\/wp-json\/wp\/v2\/product\/8244\/revisions\/8272"}],"wp:featuredmedia":[{"embeddable":true,"href":"https:\/\/mineraleslunallena.com\/ca\/wp-json\/wp\/v2\/media\/8271"}],"wp:attachment":[{"href":"https:\/\/mineraleslunallena.com\/ca\/wp-json\/wp\/v2\/media?parent=8244"}],"wp:term":[{"taxonomy":"product_cat","embeddable":true,"href":"https:\/\/mineraleslunallena.com\/ca\/wp-json\/wp\/v2\/product_cat?post=8244"},{"taxonomy":"product_tag","embeddable":true,"href":"https:\/\/mineraleslunallena.com\/ca\/wp-json\/wp\/v2\/product_tag?post=8244"}],"curies":[{"name":"wp","href":"https:\/\/api.w.org\/{rel}","templated":true}]}}