{"id":8246,"date":"2025-07-08T19:11:40","date_gmt":"2025-07-08T17:11:40","guid":{"rendered":"https:\/\/mineraleslunallena.com\/?post_type=product&#038;p=8246"},"modified":"2025-07-08T21:39:35","modified_gmt":"2025-07-08T19:39:35","slug":"incienso-7-chakras-equilibrio-armonia-energia-vital","status":"publish","type":"product","link":"https:\/\/mineraleslunallena.com\/ca\/producte\/incienso-7-chakras-equilibrio-armonia-energia-vital\/","title":{"rendered":"Incienso 7 Chakras | Equilibrio \u2013 Armon\u00eda \u2013 Energ\u00eda Vital"},"content":{"rendered":"<p data-start=\"247\" data-end=\"572\">El Incienso 7 Chakras de Hari Darshan ha sido cuidadosamente elaborado para ayudarte a alinear y armonizar tus centros energ\u00e9ticos. Su aroma suave y espiritual combina esencias naturales que estimulan cada uno de los siete chakras, aportando claridad, calma y bienestar integral.<\/p>\n<p data-start=\"574\" data-end=\"831\">Ideal para tus rituales de meditaci\u00f3n, yoga o limpieza energ\u00e9tica, este incienso favorece la conexi\u00f3n interior, la serenidad mental y el equilibrio emocional. Deja que su fragancia te envuelva y acompa\u00f1e tu camino hacia una energ\u00eda m\u00e1s elevada y consciente.<\/p>\n<p data-start=\"833\" data-end=\"982\"><strong data-start=\"833\" data-end=\"982\">Activa y armoniza los centros energ\u00e9ticos del cuerpo. Limpia el aura y los espacios cargados. Eleva la vibraci\u00f3n y mejora la conexi\u00f3n espiritual.<\/strong><\/p>\n<p data-start=\"833\" data-end=\"982\"><strong data-start=\"989\" data-end=\"1002\">Quantitat:<\/strong> 1 unidad.<br data-start=\"1012\" data-end=\"1015\" \/><strong data-start=\"1015\" data-end=\"1028\">Duraci\u00f3n:<\/strong> Aproximadamente 45 minutos por varilla.<br data-start=\"1068\" data-end=\"1071\" \/><strong data-start=\"1071\" data-end=\"1089\">Cantidad neta:<\/strong> 15 gramos aprox.<br data-start=\"1106\" data-end=\"1109\" \/><strong data-start=\"1109\" data-end=\"1126\">Presentaci\u00f3n:<\/strong> Varillas artesanales.<br data-start=\"1148\" data-end=\"1151\" \/><strong data-start=\"1151\" data-end=\"1162\">Origen:<\/strong> India.<\/p>","protected":false},"excerpt":{"rendered":"<p data-start=\"247\" data-end=\"572\">El Incienso 7 Chakras de Hari Darshan ha sido cuidadosamente elaborado para ayudarte a alinear y armonizar tus centros energ\u00e9ticos. Su aroma suave y espiritual combina esencias naturales que estimulan cada uno de los siete chakras, aportando claridad, calma y bienestar integral.<\/p>\n<p data-start=\"574\" data-end=\"831\">Ideal para tus rituales de meditaci\u00f3n, yoga o limpieza energ\u00e9tica, este incienso favorece la conexi\u00f3n interior, la serenidad mental y el equilibrio emocional. Deja que su fragancia te envuelva y acompa\u00f1e tu camino hacia una energ\u00eda m\u00e1s elevada y consciente.<\/p>\n<p data-start=\"833\" data-end=\"982\"><strong data-start=\"833\" data-end=\"982\">Activa y armoniza los centros energ\u00e9ticos del cuerpo. Limpia el aura y los espacios cargados. Eleva la vibraci\u00f3n y mejora la conexi\u00f3n espiritual.<\/strong><\/p>\n<p data-start=\"833\" data-end=\"982\"><strong data-start=\"989\" data-end=\"1002\">Quantitat:<\/strong> 1 unidad.<br data-start=\"1012\" data-end=\"1015\" \/><strong data-start=\"1015\" data-end=\"1028\">Duraci\u00f3n:<\/strong> Aproximadamente 45 minutos por varilla.<br data-start=\"1068\" data-end=\"1071\" \/><strong data-start=\"1071\" data-end=\"1089\">Cantidad neta:<\/strong> 15 gramos aprox.<br data-start=\"1106\" data-end=\"1109\" \/><strong data-start=\"1109\" data-end=\"1126\">Presentaci\u00f3n:<\/strong> Varillas artesanales.<br data-start=\"1148\" data-end=\"1151\" \/><strong data-start=\"1151\" data-end=\"1162\">Origen:<\/strong> India.<\/p>","protected":false},"featured_media":8269,"template":"","meta":[],"product_cat":[100,98],"product_tag":[],"class_list":{"0":"post-8246","1":"product","2":"type-product","3":"status-publish","4":"has-post-thumbnail","6":"product_cat-incienso-natural-en-varilla","7":"product_cat-incienso","9":"first","10":"instock","11":"sale","12":"taxable","13":"shipping-taxable","14":"purchasable","15":"product-type-simple"},"yoast_head":"<!-- This site is optimized with the Yoast SEO plugin v27.3 - https:\/\/yoast.com\/product\/yoast-seo-wordpress\/ -->\n<title>Incienso 7 Chakras | Equilibrio \u2013 Armon\u00eda \u2013 Energ\u00eda Vital - MINERALES LUNA LLENA<\/title>\n<meta name=\"robots\" content=\"index, follow, max-snippet:-1, max-image-preview:large, max-video-preview:-1\" \/>\n<link rel=\"canonical\" href=\"https:\/\/mineraleslunallena.com\/ca\/producte\/incienso-7-chakras-equilibrio-armonia-energia-vital\/\" \/>\n<meta property=\"og:locale\" content=\"ca_ES\" \/>\n<meta property=\"og:type\" content=\"article\" \/>\n<meta property=\"og:title\" content=\"Incienso 7 Chakras | Equilibrio \u2013 Armon\u00eda \u2013 Energ\u00eda Vital - MINERALES LUNA LLENA\" \/>\n<meta property=\"og:description\" content=\"El Incienso 7 Chakras de Hari Darshan ha sido cuidadosamente elaborado para ayudarte a alinear y armonizar tus centros energ\u00e9ticos. Su aroma suave y espiritual combina esencias naturales que estimulan cada uno de los siete chakras, aportando claridad, calma y bienestar integral. Ideal para tus rituales de meditaci\u00f3n, yoga o limpieza energ\u00e9tica, este incienso favorece la conexi\u00f3n interior, la serenidad mental y el equilibrio emocional. Deja que su fragancia te envuelva y acompa\u00f1e tu camino hacia una energ\u00eda m\u00e1s elevada y consciente. Activa y armoniza los centros energ\u00e9ticos del cuerpo. Limpia el aura y los espacios cargados. Eleva la vibraci\u00f3n y mejora la conexi\u00f3n espiritual. Cantidad: 1 unidad.Duraci\u00f3n: Aproximadamente 45 minutos por varilla.Cantidad neta: 15 gramos aprox.Presentaci\u00f3n: Varillas artesanales.Origen: India.\" \/>\n<meta property=\"og:url\" content=\"https:\/\/mineraleslunallena.com\/ca\/producte\/incienso-7-chakras-equilibrio-armonia-energia-vital\/\" \/>\n<meta property=\"og:site_name\" content=\"MINERALES LUNA LLENA\" \/>\n<meta property=\"article:modified_time\" content=\"2025-07-08T19:39:35+00:00\" \/>\n<meta property=\"og:image\" content=\"https:\/\/mineraleslunallena.com\/wp-content\/uploads\/2025\/07\/INCIENSO7CHAKRAS-scaled.jpg\" \/>\n\t<meta property=\"og:image:width\" content=\"1153\" \/>\n\t<meta property=\"og:image:height\" content=\"2560\" \/>\n\t<meta property=\"og:image:type\" content=\"image\/jpeg\" \/>\n<meta name=\"twitter:card\" content=\"summary_large_image\" \/>\n<meta name=\"twitter:label1\" content=\"Temps estimat de lectura\" \/>\n\t<meta name=\"twitter:data1\" content=\"1 minut\" \/>\n<script type=\"application\/ld+json\" class=\"yoast-schema-graph\">{\"@context\":\"https:\\\/\\\/schema.org\",\"@graph\":[{\"@type\":\"WebPage\",\"@id\":\"https:\\\/\\\/mineraleslunallena.com\\\/producto\\\/incienso-7-chakras-equilibrio-armonia-energia-vital\\\/\",\"url\":\"https:\\\/\\\/mineraleslunallena.com\\\/producto\\\/incienso-7-chakras-equilibrio-armonia-energia-vital\\\/\",\"name\":\"Incienso 7 Chakras | Equilibrio \u2013 Armon\u00eda \u2013 Energ\u00eda Vital - MINERALES LUNA LLENA\",\"isPartOf\":{\"@id\":\"https:\\\/\\\/mineraleslunallena.com\\\/#website\"},\"primaryImageOfPage\":{\"@id\":\"https:\\\/\\\/mineraleslunallena.com\\\/producto\\\/incienso-7-chakras-equilibrio-armonia-energia-vital\\\/#primaryimage\"},\"image\":{\"@id\":\"https:\\\/\\\/mineraleslunallena.com\\\/producto\\\/incienso-7-chakras-equilibrio-armonia-energia-vital\\\/#primaryimage\"},\"thumbnailUrl\":\"https:\\\/\\\/mineraleslunallena.com\\\/wp-content\\\/uploads\\\/2025\\\/07\\\/INCIENSO7CHAKRAS-scaled.jpg\",\"datePublished\":\"2025-07-08T17:11:40+00:00\",\"dateModified\":\"2025-07-08T19:39:35+00:00\",\"breadcrumb\":{\"@id\":\"https:\\\/\\\/mineraleslunallena.com\\\/producto\\\/incienso-7-chakras-equilibrio-armonia-energia-vital\\\/#breadcrumb\"},\"inLanguage\":\"ca\",\"potentialAction\":[{\"@type\":\"ReadAction\",\"target\":[\"https:\\\/\\\/mineraleslunallena.com\\\/producto\\\/incienso-7-chakras-equilibrio-armonia-energia-vital\\\/\"]}]},{\"@type\":\"ImageObject\",\"inLanguage\":\"ca\",\"@id\":\"https:\\\/\\\/mineraleslunallena.com\\\/producto\\\/incienso-7-chakras-equilibrio-armonia-energia-vital\\\/#primaryimage\",\"url\":\"https:\\\/\\\/mineraleslunallena.com\\\/wp-content\\\/uploads\\\/2025\\\/07\\\/INCIENSO7CHAKRAS-scaled.jpg\",\"contentUrl\":\"https:\\\/\\\/mineraleslunallena.com\\\/wp-content\\\/uploads\\\/2025\\\/07\\\/INCIENSO7CHAKRAS-scaled.jpg\",\"width\":1153,\"height\":2560},{\"@type\":\"BreadcrumbList\",\"@id\":\"https:\\\/\\\/mineraleslunallena.com\\\/producto\\\/incienso-7-chakras-equilibrio-armonia-energia-vital\\\/#breadcrumb\",\"itemListElement\":[{\"@type\":\"ListItem\",\"position\":1,\"name\":\"Portada\",\"item\":\"https:\\\/\\\/mineraleslunallena.com\\\/\"},{\"@type\":\"ListItem\",\"position\":2,\"name\":\"Shop\",\"item\":\"https:\\\/\\\/mineraleslunallena.com\\\/ca\\\/shop\\\/\"},{\"@type\":\"ListItem\",\"position\":3,\"name\":\"Incienso 7 Chakras | Equilibrio \u2013 Armon\u00eda \u2013 Energ\u00eda Vital\"}]},{\"@type\":\"WebSite\",\"@id\":\"https:\\\/\\\/mineraleslunallena.com\\\/#website\",\"url\":\"https:\\\/\\\/mineraleslunallena.com\\\/\",\"name\":\"LUNA LLENA MINERALES\",\"description\":\"Es el momento de conectarte con tu propio poder y confiar en tus habilidades.\",\"publisher\":{\"@id\":\"https:\\\/\\\/mineraleslunallena.com\\\/#organization\"},\"potentialAction\":[{\"@type\":\"SearchAction\",\"target\":{\"@type\":\"EntryPoint\",\"urlTemplate\":\"https:\\\/\\\/mineraleslunallena.com\\\/?s={search_term_string}\"},\"query-input\":{\"@type\":\"PropertyValueSpecification\",\"valueRequired\":true,\"valueName\":\"search_term_string\"}}],\"inLanguage\":\"ca\"},{\"@type\":\"Organization\",\"@id\":\"https:\\\/\\\/mineraleslunallena.com\\\/#organization\",\"name\":\"LUNA LLENA MINERALES\",\"url\":\"https:\\\/\\\/mineraleslunallena.com\\\/\",\"logo\":{\"@type\":\"ImageObject\",\"inLanguage\":\"ca\",\"@id\":\"https:\\\/\\\/mineraleslunallena.com\\\/#\\\/schema\\\/logo\\\/image\\\/\",\"url\":\"https:\\\/\\\/mineraleslunallena.com\\\/wp-content\\\/uploads\\\/2023\\\/07\\\/LUNA-LLENA-LOGO-nuevo.png\",\"contentUrl\":\"https:\\\/\\\/mineraleslunallena.com\\\/wp-content\\\/uploads\\\/2023\\\/07\\\/LUNA-LLENA-LOGO-nuevo.png\",\"width\":229,\"height\":167,\"caption\":\"LUNA LLENA MINERALES\"},\"image\":{\"@id\":\"https:\\\/\\\/mineraleslunallena.com\\\/#\\\/schema\\\/logo\\\/image\\\/\"}}]}<\/script>\n<!-- \/ Yoast SEO plugin. -->","yoast_head_json":{"title":"Incienso 7 Chakras | Equilibrio \u2013 Armon\u00eda \u2013 Energ\u00eda Vital - MINERALES LUNA LLENA","robots":{"index":"index","follow":"follow","max-snippet":"max-snippet:-1","max-image-preview":"max-image-preview:large","max-video-preview":"max-video-preview:-1"},"canonical":"https:\/\/mineraleslunallena.com\/ca\/producte\/incienso-7-chakras-equilibrio-armonia-energia-vital\/","og_locale":"ca_ES","og_type":"article","og_title":"Incienso 7 Chakras | Equilibrio \u2013 Armon\u00eda \u2013 Energ\u00eda Vital - MINERALES LUNA LLENA","og_description":"El Incienso 7 Chakras de Hari Darshan ha sido cuidadosamente elaborado para ayudarte a alinear y armonizar tus centros energ\u00e9ticos. Su aroma suave y espiritual combina esencias naturales que estimulan cada uno de los siete chakras, aportando claridad, calma y bienestar integral. Ideal para tus rituales de meditaci\u00f3n, yoga o limpieza energ\u00e9tica, este incienso favorece la conexi\u00f3n interior, la serenidad mental y el equilibrio emocional. Deja que su fragancia te envuelva y acompa\u00f1e tu camino hacia una energ\u00eda m\u00e1s elevada y consciente. Activa y armoniza los centros energ\u00e9ticos del cuerpo. Limpia el aura y los espacios cargados. Eleva la vibraci\u00f3n y mejora la conexi\u00f3n espiritual. Cantidad: 1 unidad.Duraci\u00f3n: Aproximadamente 45 minutos por varilla.Cantidad neta: 15 gramos aprox.Presentaci\u00f3n: Varillas artesanales.Origen: India.","og_url":"https:\/\/mineraleslunallena.com\/ca\/producte\/incienso-7-chakras-equilibrio-armonia-energia-vital\/","og_site_name":"MINERALES LUNA LLENA","article_modified_time":"2025-07-08T19:39:35+00:00","og_image":[{"width":1153,"height":2560,"url":"https:\/\/mineraleslunallena.com\/wp-content\/uploads\/2025\/07\/INCIENSO7CHAKRAS-scaled.jpg","type":"image\/jpeg"}],"twitter_card":"summary_large_image","twitter_misc":{"Temps estimat de lectura":"1 minut"},"schema":{"@context":"https:\/\/schema.org","@graph":[{"@type":"WebPage","@id":"https:\/\/mineraleslunallena.com\/producto\/incienso-7-chakras-equilibrio-armonia-energia-vital\/","url":"https:\/\/mineraleslunallena.com\/producto\/incienso-7-chakras-equilibrio-armonia-energia-vital\/","name":"Incienso 7 Chakras | Equilibrio \u2013 Armon\u00eda \u2013 Energ\u00eda Vital - MINERALES LUNA LLENA","isPartOf":{"@id":"https:\/\/mineraleslunallena.com\/#website"},"primaryImageOfPage":{"@id":"https:\/\/mineraleslunallena.com\/producto\/incienso-7-chakras-equilibrio-armonia-energia-vital\/#primaryimage"},"image":{"@id":"https:\/\/mineraleslunallena.com\/producto\/incienso-7-chakras-equilibrio-armonia-energia-vital\/#primaryimage"},"thumbnailUrl":"https:\/\/mineraleslunallena.com\/wp-content\/uploads\/2025\/07\/INCIENSO7CHAKRAS-scaled.jpg","datePublished":"2025-07-08T17:11:40+00:00","dateModified":"2025-07-08T19:39:35+00:00","breadcrumb":{"@id":"https:\/\/mineraleslunallena.com\/producto\/incienso-7-chakras-equilibrio-armonia-energia-vital\/#breadcrumb"},"inLanguage":"ca","potentialAction":[{"@type":"ReadAction","target":["https:\/\/mineraleslunallena.com\/producto\/incienso-7-chakras-equilibrio-armonia-energia-vital\/"]}]},{"@type":"ImageObject","inLanguage":"ca","@id":"https:\/\/mineraleslunallena.com\/producto\/incienso-7-chakras-equilibrio-armonia-energia-vital\/#primaryimage","url":"https:\/\/mineraleslunallena.com\/wp-content\/uploads\/2025\/07\/INCIENSO7CHAKRAS-scaled.jpg","contentUrl":"https:\/\/mineraleslunallena.com\/wp-content\/uploads\/2025\/07\/INCIENSO7CHAKRAS-scaled.jpg","width":1153,"height":2560},{"@type":"BreadcrumbList","@id":"https:\/\/mineraleslunallena.com\/producto\/incienso-7-chakras-equilibrio-armonia-energia-vital\/#breadcrumb","itemListElement":[{"@type":"ListItem","position":1,"name":"Portada","item":"https:\/\/mineraleslunallena.com\/"},{"@type":"ListItem","position":2,"name":"Shop","item":"https:\/\/mineraleslunallena.com\/ca\/shop\/"},{"@type":"ListItem","position":3,"name":"Incienso 7 Chakras | Equilibrio \u2013 Armon\u00eda \u2013 Energ\u00eda Vital"}]},{"@type":"WebSite","@id":"https:\/\/mineraleslunallena.com\/#website","url":"https:\/\/mineraleslunallena.com\/","name":"LLUNA PLENA MINERALS","description":"\u00c9s el moment de connectar-te amb el teu poder i confiar en les teves habilitats.","publisher":{"@id":"https:\/\/mineraleslunallena.com\/#organization"},"potentialAction":[{"@type":"SearchAction","target":{"@type":"EntryPoint","urlTemplate":"https:\/\/mineraleslunallena.com\/?s={search_term_string}"},"query-input":{"@type":"PropertyValueSpecification","valueRequired":true,"valueName":"search_term_string"}}],"inLanguage":"ca"},{"@type":"Organization","@id":"https:\/\/mineraleslunallena.com\/#organization","name":"LLUNA PLENA MINERALS","url":"https:\/\/mineraleslunallena.com\/","logo":{"@type":"ImageObject","inLanguage":"ca","@id":"https:\/\/mineraleslunallena.com\/#\/schema\/logo\/image\/","url":"https:\/\/mineraleslunallena.com\/wp-content\/uploads\/2023\/07\/LUNA-LLENA-LOGO-nuevo.png","contentUrl":"https:\/\/mineraleslunallena.com\/wp-content\/uploads\/2023\/07\/LUNA-LLENA-LOGO-nuevo.png","width":229,"height":167,"caption":"LUNA LLENA MINERALES"},"image":{"@id":"https:\/\/mineraleslunallena.com\/#\/schema\/logo\/image\/"}}]}},"_links":{"self":[{"href":"https:\/\/mineraleslunallena.com\/ca\/wp-json\/wp\/v2\/product\/8246","targetHints":{"allow":["GET"]}}],"collection":[{"href":"https:\/\/mineraleslunallena.com\/ca\/wp-json\/wp\/v2\/product"}],"about":[{"href":"https:\/\/mineraleslunallena.com\/ca\/wp-json\/wp\/v2\/types\/product"}],"version-history":[{"count":2,"href":"https:\/\/mineraleslunallena.com\/ca\/wp-json\/wp\/v2\/product\/8246\/revisions"}],"predecessor-version":[{"id":8270,"href":"https:\/\/mineraleslunallena.com\/ca\/wp-json\/wp\/v2\/product\/8246\/revisions\/8270"}],"wp:featuredmedia":[{"embeddable":true,"href":"https:\/\/mineraleslunallena.com\/ca\/wp-json\/wp\/v2\/media\/8269"}],"wp:attachment":[{"href":"https:\/\/mineraleslunallena.com\/ca\/wp-json\/wp\/v2\/media?parent=8246"}],"wp:term":[{"taxonomy":"product_cat","embeddable":true,"href":"https:\/\/mineraleslunallena.com\/ca\/wp-json\/wp\/v2\/product_cat?post=8246"},{"taxonomy":"product_tag","embeddable":true,"href":"https:\/\/mineraleslunallena.com\/ca\/wp-json\/wp\/v2\/product_tag?post=8246"}],"curies":[{"name":"wp","href":"https:\/\/api.w.org\/{rel}","templated":true}]}}