{"id":8635,"date":"2025-08-11T20:33:59","date_gmt":"2025-08-11T18:33:59","guid":{"rendered":"https:\/\/mineraleslunallena.com\/?post_type=product&#038;p=8635"},"modified":"2025-08-19T14:57:49","modified_gmt":"2025-08-19T12:57:49","slug":"seta-de-kambaba-calma-profunda-armoniza-y-enraiza","status":"publish","type":"product","link":"https:\/\/mineraleslunallena.com\/ca\/producte\/seta-de-kambaba-calma-profunda-armoniza-y-enraiza\/","title":{"rendered":"Seta de Kambaba | Calma profunda \u2013 Armoniza y enra\u00edza"},"content":{"rendered":"<p data-start=\"192\" data-end=\"513\">Sum\u00e9rgete en la serenidad ancestral con la Seta de Kambaba. Esta piedra, formada a partir de f\u00f3siles de algas de m\u00e1s de 3.000 millones de a\u00f1os, es conocida por su energ\u00eda calmante y profundamente enraizadora. Sus tonos verdes y negros conectan con la naturaleza, ayudando a reducir el estr\u00e9s y equilibrar las emociones.<\/p>\n<p data-start=\"515\" data-end=\"788\">La Seta de Kambaba es ideal para masajes energ\u00e9ticos y faciales, ayudando a relajar la musculatura, mejorar la circulaci\u00f3n y liberar tensiones acumuladas. Su forma ergon\u00f3mica permite un contacto suave y constante con la piel, potenciando el flujo de energ\u00eda en el cuerpo.<\/p>\n<p data-start=\"790\" data-end=\"1059\">Util\u00edzala en sesiones de meditaci\u00f3n para alcanzar un estado de calma profunda, o col\u00f3cala en tu hogar para atraer paz y estabilidad. Su energ\u00eda estabilizadora es perfecta para momentos de cambios importantes, ayudando a mantener la mente clara y el coraz\u00f3n tranquilo.<\/p>\n<p data-start=\"1061\" data-end=\"1196\">Ideal para terapeutas, amantes de la meditaci\u00f3n o cualquier persona que busque una herramienta natural para armonizar cuerpo y mente.<\/p>\n<p data-start=\"1198\" data-end=\"1315\">Quantitat: 1 Unitat. El preu \u00e9s per una unitat.<br data-start=\"1246\" data-end=\"1249\" \/>Tama\u00f1o: 9-10 cm aprox.<br data-start=\"1270\" data-end=\"1273\" \/>Forma: Seta de masaje en piedra natural.<\/p>","protected":false},"excerpt":{"rendered":"<p data-start=\"192\" data-end=\"513\">Sum\u00e9rgete en la serenidad ancestral con la Seta de Kambaba. Esta piedra, formada a partir de f\u00f3siles de algas de m\u00e1s de 3.000 millones de a\u00f1os, es conocida por su energ\u00eda calmante y profundamente enraizadora. Sus tonos verdes y negros conectan con la naturaleza, ayudando a reducir el estr\u00e9s y equilibrar las emociones.<\/p>\n<p data-start=\"515\" data-end=\"788\">La Seta de Kambaba es ideal para masajes energ\u00e9ticos y faciales, ayudando a relajar la musculatura, mejorar la circulaci\u00f3n y liberar tensiones acumuladas. Su forma ergon\u00f3mica permite un contacto suave y constante con la piel, potenciando el flujo de energ\u00eda en el cuerpo.<\/p>\n<p data-start=\"790\" data-end=\"1059\">Util\u00edzala en sesiones de meditaci\u00f3n para alcanzar un estado de calma profunda, o col\u00f3cala en tu hogar para atraer paz y estabilidad. Su energ\u00eda estabilizadora es perfecta para momentos de cambios importantes, ayudando a mantener la mente clara y el coraz\u00f3n tranquilo.<\/p>\n<p data-start=\"1061\" data-end=\"1196\">Ideal para terapeutas, amantes de la meditaci\u00f3n o cualquier persona que busque una herramienta natural para armonizar cuerpo y mente.<\/p>\n<p data-start=\"1198\" data-end=\"1315\">Quantitat: 1 Unitat. El preu \u00e9s per una unitat.<br data-start=\"1246\" data-end=\"1249\" \/>Tama\u00f1o: 9-10 cm aprox.<br data-start=\"1270\" data-end=\"1273\" \/>Forma: Seta de masaje en piedra natural.<\/p>","protected":false},"featured_media":8732,"template":"","meta":[],"product_cat":[73,69,106],"product_tag":[],"class_list":{"0":"post-8635","1":"product","2":"type-product","3":"status-publish","4":"has-post-thumbnail","6":"product_cat-esferas","7":"product_cat-minerales","8":"product_cat-piezas-unicas","10":"first","11":"instock","12":"sale","13":"taxable","14":"shipping-taxable","15":"purchasable","16":"product-type-simple"},"yoast_head":"<!-- This site is optimized with the Yoast SEO plugin v27.3 - https:\/\/yoast.com\/product\/yoast-seo-wordpress\/ -->\n<title>Seta de Kambaba | Calma profunda \u2013 Armoniza y enra\u00edza - MINERALES LUNA LLENA<\/title>\n<meta name=\"robots\" content=\"index, follow, max-snippet:-1, max-image-preview:large, max-video-preview:-1\" \/>\n<link rel=\"canonical\" href=\"https:\/\/mineraleslunallena.com\/ca\/producte\/seta-de-kambaba-calma-profunda-armoniza-y-enraiza\/\" \/>\n<meta property=\"og:locale\" content=\"ca_ES\" \/>\n<meta property=\"og:type\" content=\"article\" \/>\n<meta property=\"og:title\" content=\"Seta de Kambaba | Calma profunda \u2013 Armoniza y enra\u00edza - MINERALES LUNA LLENA\" \/>\n<meta property=\"og:description\" content=\"Sum\u00e9rgete en la serenidad ancestral con la Seta de Kambaba. Esta piedra, formada a partir de f\u00f3siles de algas de m\u00e1s de 3.000 millones de a\u00f1os, es conocida por su energ\u00eda calmante y profundamente enraizadora. Sus tonos verdes y negros conectan con la naturaleza, ayudando a reducir el estr\u00e9s y equilibrar las emociones. La Seta de Kambaba es ideal para masajes energ\u00e9ticos y faciales, ayudando a relajar la musculatura, mejorar la circulaci\u00f3n y liberar tensiones acumuladas. Su forma ergon\u00f3mica permite un contacto suave y constante con la piel, potenciando el flujo de energ\u00eda en el cuerpo. Util\u00edzala en sesiones de meditaci\u00f3n para alcanzar un estado de calma profunda, o col\u00f3cala en tu hogar para atraer paz y estabilidad. Su energ\u00eda estabilizadora es perfecta para momentos de cambios importantes, ayudando a mantener la mente clara y el coraz\u00f3n tranquilo. Ideal para terapeutas, amantes de la meditaci\u00f3n o cualquier persona que busque una herramienta natural para armonizar cuerpo y mente. Cantidad: 1 Unidad. El precio es por una unidad.Tama\u00f1o: 9-10 cm aprox.Forma: Seta de masaje en piedra natural.\" \/>\n<meta property=\"og:url\" content=\"https:\/\/mineraleslunallena.com\/ca\/producte\/seta-de-kambaba-calma-profunda-armoniza-y-enraiza\/\" \/>\n<meta property=\"og:site_name\" content=\"MINERALES LUNA LLENA\" \/>\n<meta property=\"article:modified_time\" content=\"2025-08-19T12:57:49+00:00\" \/>\n<meta property=\"og:image\" content=\"https:\/\/mineraleslunallena.com\/wp-content\/uploads\/2025\/08\/SETA-KAMBABA-scaled.jpg\" \/>\n\t<meta property=\"og:image:width\" content=\"1153\" \/>\n\t<meta property=\"og:image:height\" content=\"2560\" \/>\n\t<meta property=\"og:image:type\" content=\"image\/jpeg\" \/>\n<meta name=\"twitter:card\" content=\"summary_large_image\" \/>\n<meta name=\"twitter:label1\" content=\"Temps estimat de lectura\" \/>\n\t<meta name=\"twitter:data1\" content=\"2 minuts\" \/>\n<script type=\"application\/ld+json\" class=\"yoast-schema-graph\">{\"@context\":\"https:\\\/\\\/schema.org\",\"@graph\":[{\"@type\":\"WebPage\",\"@id\":\"https:\\\/\\\/mineraleslunallena.com\\\/producto\\\/seta-de-kambaba-calma-profunda-armoniza-y-enraiza\\\/\",\"url\":\"https:\\\/\\\/mineraleslunallena.com\\\/producto\\\/seta-de-kambaba-calma-profunda-armoniza-y-enraiza\\\/\",\"name\":\"Seta de Kambaba | Calma profunda \u2013 Armoniza y enra\u00edza - MINERALES LUNA LLENA\",\"isPartOf\":{\"@id\":\"https:\\\/\\\/mineraleslunallena.com\\\/#website\"},\"primaryImageOfPage\":{\"@id\":\"https:\\\/\\\/mineraleslunallena.com\\\/producto\\\/seta-de-kambaba-calma-profunda-armoniza-y-enraiza\\\/#primaryimage\"},\"image\":{\"@id\":\"https:\\\/\\\/mineraleslunallena.com\\\/producto\\\/seta-de-kambaba-calma-profunda-armoniza-y-enraiza\\\/#primaryimage\"},\"thumbnailUrl\":\"https:\\\/\\\/mineraleslunallena.com\\\/wp-content\\\/uploads\\\/2025\\\/08\\\/SETA-KAMBABA-scaled.jpg\",\"datePublished\":\"2025-08-11T18:33:59+00:00\",\"dateModified\":\"2025-08-19T12:57:49+00:00\",\"breadcrumb\":{\"@id\":\"https:\\\/\\\/mineraleslunallena.com\\\/producto\\\/seta-de-kambaba-calma-profunda-armoniza-y-enraiza\\\/#breadcrumb\"},\"inLanguage\":\"ca\",\"potentialAction\":[{\"@type\":\"ReadAction\",\"target\":[\"https:\\\/\\\/mineraleslunallena.com\\\/producto\\\/seta-de-kambaba-calma-profunda-armoniza-y-enraiza\\\/\"]}]},{\"@type\":\"ImageObject\",\"inLanguage\":\"ca\",\"@id\":\"https:\\\/\\\/mineraleslunallena.com\\\/producto\\\/seta-de-kambaba-calma-profunda-armoniza-y-enraiza\\\/#primaryimage\",\"url\":\"https:\\\/\\\/mineraleslunallena.com\\\/wp-content\\\/uploads\\\/2025\\\/08\\\/SETA-KAMBABA-scaled.jpg\",\"contentUrl\":\"https:\\\/\\\/mineraleslunallena.com\\\/wp-content\\\/uploads\\\/2025\\\/08\\\/SETA-KAMBABA-scaled.jpg\",\"width\":1153,\"height\":2560},{\"@type\":\"BreadcrumbList\",\"@id\":\"https:\\\/\\\/mineraleslunallena.com\\\/producto\\\/seta-de-kambaba-calma-profunda-armoniza-y-enraiza\\\/#breadcrumb\",\"itemListElement\":[{\"@type\":\"ListItem\",\"position\":1,\"name\":\"Portada\",\"item\":\"https:\\\/\\\/mineraleslunallena.com\\\/\"},{\"@type\":\"ListItem\",\"position\":2,\"name\":\"Shop\",\"item\":\"https:\\\/\\\/mineraleslunallena.com\\\/ca\\\/shop\\\/\"},{\"@type\":\"ListItem\",\"position\":3,\"name\":\"Seta de Kambaba | Calma profunda \u2013 Armoniza y enra\u00edza\"}]},{\"@type\":\"WebSite\",\"@id\":\"https:\\\/\\\/mineraleslunallena.com\\\/#website\",\"url\":\"https:\\\/\\\/mineraleslunallena.com\\\/\",\"name\":\"LUNA LLENA MINERALES\",\"description\":\"Es el momento de conectarte con tu propio poder y confiar en tus habilidades.\",\"publisher\":{\"@id\":\"https:\\\/\\\/mineraleslunallena.com\\\/#organization\"},\"potentialAction\":[{\"@type\":\"SearchAction\",\"target\":{\"@type\":\"EntryPoint\",\"urlTemplate\":\"https:\\\/\\\/mineraleslunallena.com\\\/?s={search_term_string}\"},\"query-input\":{\"@type\":\"PropertyValueSpecification\",\"valueRequired\":true,\"valueName\":\"search_term_string\"}}],\"inLanguage\":\"ca\"},{\"@type\":\"Organization\",\"@id\":\"https:\\\/\\\/mineraleslunallena.com\\\/#organization\",\"name\":\"LUNA LLENA MINERALES\",\"url\":\"https:\\\/\\\/mineraleslunallena.com\\\/\",\"logo\":{\"@type\":\"ImageObject\",\"inLanguage\":\"ca\",\"@id\":\"https:\\\/\\\/mineraleslunallena.com\\\/#\\\/schema\\\/logo\\\/image\\\/\",\"url\":\"https:\\\/\\\/mineraleslunallena.com\\\/wp-content\\\/uploads\\\/2023\\\/07\\\/LUNA-LLENA-LOGO-nuevo.png\",\"contentUrl\":\"https:\\\/\\\/mineraleslunallena.com\\\/wp-content\\\/uploads\\\/2023\\\/07\\\/LUNA-LLENA-LOGO-nuevo.png\",\"width\":229,\"height\":167,\"caption\":\"LUNA LLENA MINERALES\"},\"image\":{\"@id\":\"https:\\\/\\\/mineraleslunallena.com\\\/#\\\/schema\\\/logo\\\/image\\\/\"}}]}<\/script>\n<!-- \/ Yoast SEO plugin. -->","yoast_head_json":{"title":"Seta de Kambaba | Calma profunda \u2013 Armoniza y enra\u00edza - MINERALES LUNA LLENA","robots":{"index":"index","follow":"follow","max-snippet":"max-snippet:-1","max-image-preview":"max-image-preview:large","max-video-preview":"max-video-preview:-1"},"canonical":"https:\/\/mineraleslunallena.com\/ca\/producte\/seta-de-kambaba-calma-profunda-armoniza-y-enraiza\/","og_locale":"ca_ES","og_type":"article","og_title":"Seta de Kambaba | Calma profunda \u2013 Armoniza y enra\u00edza - MINERALES LUNA LLENA","og_description":"Sum\u00e9rgete en la serenidad ancestral con la Seta de Kambaba. Esta piedra, formada a partir de f\u00f3siles de algas de m\u00e1s de 3.000 millones de a\u00f1os, es conocida por su energ\u00eda calmante y profundamente enraizadora. Sus tonos verdes y negros conectan con la naturaleza, ayudando a reducir el estr\u00e9s y equilibrar las emociones. La Seta de Kambaba es ideal para masajes energ\u00e9ticos y faciales, ayudando a relajar la musculatura, mejorar la circulaci\u00f3n y liberar tensiones acumuladas. Su forma ergon\u00f3mica permite un contacto suave y constante con la piel, potenciando el flujo de energ\u00eda en el cuerpo. Util\u00edzala en sesiones de meditaci\u00f3n para alcanzar un estado de calma profunda, o col\u00f3cala en tu hogar para atraer paz y estabilidad. Su energ\u00eda estabilizadora es perfecta para momentos de cambios importantes, ayudando a mantener la mente clara y el coraz\u00f3n tranquilo. Ideal para terapeutas, amantes de la meditaci\u00f3n o cualquier persona que busque una herramienta natural para armonizar cuerpo y mente. Cantidad: 1 Unidad. El precio es por una unidad.Tama\u00f1o: 9-10 cm aprox.Forma: Seta de masaje en piedra natural.","og_url":"https:\/\/mineraleslunallena.com\/ca\/producte\/seta-de-kambaba-calma-profunda-armoniza-y-enraiza\/","og_site_name":"MINERALES LUNA LLENA","article_modified_time":"2025-08-19T12:57:49+00:00","og_image":[{"width":1153,"height":2560,"url":"https:\/\/mineraleslunallena.com\/wp-content\/uploads\/2025\/08\/SETA-KAMBABA-scaled.jpg","type":"image\/jpeg"}],"twitter_card":"summary_large_image","twitter_misc":{"Temps estimat de lectura":"2 minuts"},"schema":{"@context":"https:\/\/schema.org","@graph":[{"@type":"WebPage","@id":"https:\/\/mineraleslunallena.com\/producto\/seta-de-kambaba-calma-profunda-armoniza-y-enraiza\/","url":"https:\/\/mineraleslunallena.com\/producto\/seta-de-kambaba-calma-profunda-armoniza-y-enraiza\/","name":"Seta de Kambaba | Calma profunda \u2013 Armoniza y enra\u00edza - MINERALES LUNA LLENA","isPartOf":{"@id":"https:\/\/mineraleslunallena.com\/#website"},"primaryImageOfPage":{"@id":"https:\/\/mineraleslunallena.com\/producto\/seta-de-kambaba-calma-profunda-armoniza-y-enraiza\/#primaryimage"},"image":{"@id":"https:\/\/mineraleslunallena.com\/producto\/seta-de-kambaba-calma-profunda-armoniza-y-enraiza\/#primaryimage"},"thumbnailUrl":"https:\/\/mineraleslunallena.com\/wp-content\/uploads\/2025\/08\/SETA-KAMBABA-scaled.jpg","datePublished":"2025-08-11T18:33:59+00:00","dateModified":"2025-08-19T12:57:49+00:00","breadcrumb":{"@id":"https:\/\/mineraleslunallena.com\/producto\/seta-de-kambaba-calma-profunda-armoniza-y-enraiza\/#breadcrumb"},"inLanguage":"ca","potentialAction":[{"@type":"ReadAction","target":["https:\/\/mineraleslunallena.com\/producto\/seta-de-kambaba-calma-profunda-armoniza-y-enraiza\/"]}]},{"@type":"ImageObject","inLanguage":"ca","@id":"https:\/\/mineraleslunallena.com\/producto\/seta-de-kambaba-calma-profunda-armoniza-y-enraiza\/#primaryimage","url":"https:\/\/mineraleslunallena.com\/wp-content\/uploads\/2025\/08\/SETA-KAMBABA-scaled.jpg","contentUrl":"https:\/\/mineraleslunallena.com\/wp-content\/uploads\/2025\/08\/SETA-KAMBABA-scaled.jpg","width":1153,"height":2560},{"@type":"BreadcrumbList","@id":"https:\/\/mineraleslunallena.com\/producto\/seta-de-kambaba-calma-profunda-armoniza-y-enraiza\/#breadcrumb","itemListElement":[{"@type":"ListItem","position":1,"name":"Portada","item":"https:\/\/mineraleslunallena.com\/"},{"@type":"ListItem","position":2,"name":"Shop","item":"https:\/\/mineraleslunallena.com\/ca\/shop\/"},{"@type":"ListItem","position":3,"name":"Seta de Kambaba | Calma profunda \u2013 Armoniza y enra\u00edza"}]},{"@type":"WebSite","@id":"https:\/\/mineraleslunallena.com\/#website","url":"https:\/\/mineraleslunallena.com\/","name":"LLUNA PLENA MINERALS","description":"\u00c9s el moment de connectar-te amb el teu poder i confiar en les teves habilitats.","publisher":{"@id":"https:\/\/mineraleslunallena.com\/#organization"},"potentialAction":[{"@type":"SearchAction","target":{"@type":"EntryPoint","urlTemplate":"https:\/\/mineraleslunallena.com\/?s={search_term_string}"},"query-input":{"@type":"PropertyValueSpecification","valueRequired":true,"valueName":"search_term_string"}}],"inLanguage":"ca"},{"@type":"Organization","@id":"https:\/\/mineraleslunallena.com\/#organization","name":"LLUNA PLENA MINERALS","url":"https:\/\/mineraleslunallena.com\/","logo":{"@type":"ImageObject","inLanguage":"ca","@id":"https:\/\/mineraleslunallena.com\/#\/schema\/logo\/image\/","url":"https:\/\/mineraleslunallena.com\/wp-content\/uploads\/2023\/07\/LUNA-LLENA-LOGO-nuevo.png","contentUrl":"https:\/\/mineraleslunallena.com\/wp-content\/uploads\/2023\/07\/LUNA-LLENA-LOGO-nuevo.png","width":229,"height":167,"caption":"LUNA LLENA MINERALES"},"image":{"@id":"https:\/\/mineraleslunallena.com\/#\/schema\/logo\/image\/"}}]}},"_links":{"self":[{"href":"https:\/\/mineraleslunallena.com\/ca\/wp-json\/wp\/v2\/product\/8635","targetHints":{"allow":["GET"]}}],"collection":[{"href":"https:\/\/mineraleslunallena.com\/ca\/wp-json\/wp\/v2\/product"}],"about":[{"href":"https:\/\/mineraleslunallena.com\/ca\/wp-json\/wp\/v2\/types\/product"}],"version-history":[{"count":1,"href":"https:\/\/mineraleslunallena.com\/ca\/wp-json\/wp\/v2\/product\/8635\/revisions"}],"predecessor-version":[{"id":8636,"href":"https:\/\/mineraleslunallena.com\/ca\/wp-json\/wp\/v2\/product\/8635\/revisions\/8636"}],"wp:featuredmedia":[{"embeddable":true,"href":"https:\/\/mineraleslunallena.com\/ca\/wp-json\/wp\/v2\/media\/8732"}],"wp:attachment":[{"href":"https:\/\/mineraleslunallena.com\/ca\/wp-json\/wp\/v2\/media?parent=8635"}],"wp:term":[{"taxonomy":"product_cat","embeddable":true,"href":"https:\/\/mineraleslunallena.com\/ca\/wp-json\/wp\/v2\/product_cat?post=8635"},{"taxonomy":"product_tag","embeddable":true,"href":"https:\/\/mineraleslunallena.com\/ca\/wp-json\/wp\/v2\/product_tag?post=8635"}],"curies":[{"name":"wp","href":"https:\/\/api.w.org\/{rel}","templated":true}]}}