{"id":8724,"date":"2025-08-19T14:44:46","date_gmt":"2025-08-19T12:44:46","guid":{"rendered":"https:\/\/mineraleslunallena.com\/?post_type=product&#038;p=8724"},"modified":"2025-08-19T14:44:46","modified_gmt":"2025-08-19T12:44:46","slug":"cuarzo-con-turmalina-en-peana-purificacion-proteccion","status":"publish","type":"product","link":"https:\/\/mineraleslunallena.com\/ca\/producte\/cuarzo-con-turmalina-en-peana-purificacion-proteccion\/","title":{"rendered":"Cuarzo con Turmalina en Peana | Purificaci\u00f3n \u2013 Protecci\u00f3n"},"content":{"rendered":"<p data-start=\"242\" data-end=\"441\">Este imponente ejemplar de Cuarzo con inclusiones de Turmalina, montado en peana, es una pieza excepcional que combina la pureza del cuarzo con la poderosa energ\u00eda protectora de la turmalina negra.<\/p>\n<p data-start=\"443\" data-end=\"783\">El Cuarzo act\u00faa como un amplificador energ\u00e9tico, potenciando las vibraciones positivas y elevando la claridad mental, mientras que la Turmalina Negra protege y transmuta la energ\u00eda negativa en fortaleza interior. Juntas, estas dos fuerzas naturales generan un campo arm\u00f3nico que favorece el equilibrio emocional y la serenidad espiritual.<\/p>\n<p data-start=\"785\" data-end=\"969\">En el plano espiritual, esta combinaci\u00f3n es ideal para liberar bloqueos, proteger el aura y reforzar la conexi\u00f3n con la energ\u00eda de la tierra, creando un entorno de calma y seguridad.<\/p>\n<p data-start=\"971\" data-end=\"1183\">En cromoterapia, la transparencia del cuarzo y el negro profundo de la turmalina representan la uni\u00f3n entre la luz y la protecci\u00f3n, aportando equilibrio tanto en espacios de meditaci\u00f3n como en \u00e1reas de trabajo.<\/p>\n<p data-start=\"1185\" data-end=\"1306\">Una pieza \u00fanica, capaz de transformar cualquier ambiente en un espacio de claridad, protecci\u00f3n y renovaci\u00f3n energ\u00e9tica.<\/p>\n<p data-start=\"1308\" data-end=\"1450\"><strong data-start=\"1308\" data-end=\"1321\">Quantitat:<\/strong> 1 Unidad. El precio es por una unidad.<br data-start=\"1360\" data-end=\"1363\" \/><strong data-start=\"1363\" data-end=\"1374\">Grand\u00e0ria:<\/strong> 12 &#8211; 14 cm aprox.<br data-start=\"1398\" data-end=\"1401\" \/><strong data-start=\"1420\" data-end=\"1430\">Forma:<\/strong> Mineral en Peana.<\/p>","protected":false},"excerpt":{"rendered":"<p data-start=\"242\" data-end=\"441\">Este imponente ejemplar de Cuarzo con inclusiones de Turmalina, montado en peana, es una pieza excepcional que combina la pureza del cuarzo con la poderosa energ\u00eda protectora de la turmalina negra.<\/p>\n<p data-start=\"443\" data-end=\"783\">El Cuarzo act\u00faa como un amplificador energ\u00e9tico, potenciando las vibraciones positivas y elevando la claridad mental, mientras que la Turmalina Negra protege y transmuta la energ\u00eda negativa en fortaleza interior. Juntas, estas dos fuerzas naturales generan un campo arm\u00f3nico que favorece el equilibrio emocional y la serenidad espiritual.<\/p>\n<p data-start=\"785\" data-end=\"969\">En el plano espiritual, esta combinaci\u00f3n es ideal para liberar bloqueos, proteger el aura y reforzar la conexi\u00f3n con la energ\u00eda de la tierra, creando un entorno de calma y seguridad.<\/p>\n<p data-start=\"971\" data-end=\"1183\">En cromoterapia, la transparencia del cuarzo y el negro profundo de la turmalina representan la uni\u00f3n entre la luz y la protecci\u00f3n, aportando equilibrio tanto en espacios de meditaci\u00f3n como en \u00e1reas de trabajo.<\/p>\n<p data-start=\"1185\" data-end=\"1306\">Una pieza \u00fanica, capaz de transformar cualquier ambiente en un espacio de claridad, protecci\u00f3n y renovaci\u00f3n energ\u00e9tica.<\/p>\n<p data-start=\"1308\" data-end=\"1450\"><strong data-start=\"1308\" data-end=\"1321\">Quantitat:<\/strong> 1 Unidad. El precio es por una unidad.<br data-start=\"1360\" data-end=\"1363\" \/><strong data-start=\"1363\" data-end=\"1374\">Grand\u00e0ria:<\/strong> 12 &#8211; 14 cm aprox.<br data-start=\"1398\" data-end=\"1401\" \/><strong data-start=\"1420\" data-end=\"1430\">Forma:<\/strong> Mineral en Peana.<\/p>","protected":false},"featured_media":8725,"template":"","meta":[],"product_cat":[73,69,106],"product_tag":[],"class_list":{"0":"post-8724","1":"product","2":"type-product","3":"status-publish","4":"has-post-thumbnail","6":"product_cat-esferas","7":"product_cat-minerales","8":"product_cat-piezas-unicas","10":"first","11":"instock","12":"sale","13":"taxable","14":"shipping-taxable","15":"purchasable","16":"product-type-simple"},"yoast_head":"<!-- This site is optimized with the Yoast SEO plugin v27.3 - https:\/\/yoast.com\/product\/yoast-seo-wordpress\/ -->\n<title>Cuarzo con Turmalina en Peana | Purificaci\u00f3n \u2013 Protecci\u00f3n - MINERALES LUNA LLENA<\/title>\n<meta name=\"robots\" content=\"index, follow, max-snippet:-1, max-image-preview:large, max-video-preview:-1\" \/>\n<link rel=\"canonical\" href=\"https:\/\/mineraleslunallena.com\/ca\/producte\/cuarzo-con-turmalina-en-peana-purificacion-proteccion\/\" \/>\n<meta property=\"og:locale\" content=\"ca_ES\" \/>\n<meta property=\"og:type\" content=\"article\" \/>\n<meta property=\"og:title\" content=\"Cuarzo con Turmalina en Peana | Purificaci\u00f3n \u2013 Protecci\u00f3n - MINERALES LUNA LLENA\" \/>\n<meta property=\"og:description\" content=\"Este imponente ejemplar de Cuarzo con inclusiones de Turmalina, montado en peana, es una pieza excepcional que combina la pureza del cuarzo con la poderosa energ\u00eda protectora de la turmalina negra. El Cuarzo act\u00faa como un amplificador energ\u00e9tico, potenciando las vibraciones positivas y elevando la claridad mental, mientras que la Turmalina Negra protege y transmuta la energ\u00eda negativa en fortaleza interior. Juntas, estas dos fuerzas naturales generan un campo arm\u00f3nico que favorece el equilibrio emocional y la serenidad espiritual. En el plano espiritual, esta combinaci\u00f3n es ideal para liberar bloqueos, proteger el aura y reforzar la conexi\u00f3n con la energ\u00eda de la tierra, creando un entorno de calma y seguridad. En cromoterapia, la transparencia del cuarzo y el negro profundo de la turmalina representan la uni\u00f3n entre la luz y la protecci\u00f3n, aportando equilibrio tanto en espacios de meditaci\u00f3n como en \u00e1reas de trabajo. Una pieza \u00fanica, capaz de transformar cualquier ambiente en un espacio de claridad, protecci\u00f3n y renovaci\u00f3n energ\u00e9tica. Cantidad: 1 Unidad. El precio es por una unidad.Tama\u00f1o: 12 - 14 cm aprox.Forma: Mineral en Peana.\" \/>\n<meta property=\"og:url\" content=\"https:\/\/mineraleslunallena.com\/ca\/producte\/cuarzo-con-turmalina-en-peana-purificacion-proteccion\/\" \/>\n<meta property=\"og:site_name\" content=\"MINERALES LUNA LLENA\" \/>\n<meta property=\"og:image\" content=\"https:\/\/mineraleslunallena.com\/wp-content\/uploads\/2025\/08\/base-cuarzo-con-turmalina-scaled.jpg\" \/>\n\t<meta property=\"og:image:width\" content=\"1153\" \/>\n\t<meta property=\"og:image:height\" content=\"2560\" \/>\n\t<meta property=\"og:image:type\" content=\"image\/jpeg\" \/>\n<meta name=\"twitter:card\" content=\"summary_large_image\" \/>\n<meta name=\"twitter:label1\" content=\"Temps estimat de lectura\" \/>\n\t<meta name=\"twitter:data1\" content=\"2 minuts\" \/>\n<script type=\"application\/ld+json\" class=\"yoast-schema-graph\">{\"@context\":\"https:\\\/\\\/schema.org\",\"@graph\":[{\"@type\":\"WebPage\",\"@id\":\"https:\\\/\\\/mineraleslunallena.com\\\/producto\\\/cuarzo-con-turmalina-en-peana-purificacion-proteccion\\\/\",\"url\":\"https:\\\/\\\/mineraleslunallena.com\\\/producto\\\/cuarzo-con-turmalina-en-peana-purificacion-proteccion\\\/\",\"name\":\"Cuarzo con Turmalina en Peana | Purificaci\u00f3n \u2013 Protecci\u00f3n - MINERALES LUNA LLENA\",\"isPartOf\":{\"@id\":\"https:\\\/\\\/mineraleslunallena.com\\\/#website\"},\"primaryImageOfPage\":{\"@id\":\"https:\\\/\\\/mineraleslunallena.com\\\/producto\\\/cuarzo-con-turmalina-en-peana-purificacion-proteccion\\\/#primaryimage\"},\"image\":{\"@id\":\"https:\\\/\\\/mineraleslunallena.com\\\/producto\\\/cuarzo-con-turmalina-en-peana-purificacion-proteccion\\\/#primaryimage\"},\"thumbnailUrl\":\"https:\\\/\\\/mineraleslunallena.com\\\/wp-content\\\/uploads\\\/2025\\\/08\\\/base-cuarzo-con-turmalina-scaled.jpg\",\"datePublished\":\"2025-08-19T12:44:46+00:00\",\"breadcrumb\":{\"@id\":\"https:\\\/\\\/mineraleslunallena.com\\\/producto\\\/cuarzo-con-turmalina-en-peana-purificacion-proteccion\\\/#breadcrumb\"},\"inLanguage\":\"ca\",\"potentialAction\":[{\"@type\":\"ReadAction\",\"target\":[\"https:\\\/\\\/mineraleslunallena.com\\\/producto\\\/cuarzo-con-turmalina-en-peana-purificacion-proteccion\\\/\"]}]},{\"@type\":\"ImageObject\",\"inLanguage\":\"ca\",\"@id\":\"https:\\\/\\\/mineraleslunallena.com\\\/producto\\\/cuarzo-con-turmalina-en-peana-purificacion-proteccion\\\/#primaryimage\",\"url\":\"https:\\\/\\\/mineraleslunallena.com\\\/wp-content\\\/uploads\\\/2025\\\/08\\\/base-cuarzo-con-turmalina-scaled.jpg\",\"contentUrl\":\"https:\\\/\\\/mineraleslunallena.com\\\/wp-content\\\/uploads\\\/2025\\\/08\\\/base-cuarzo-con-turmalina-scaled.jpg\",\"width\":1153,\"height\":2560},{\"@type\":\"BreadcrumbList\",\"@id\":\"https:\\\/\\\/mineraleslunallena.com\\\/producto\\\/cuarzo-con-turmalina-en-peana-purificacion-proteccion\\\/#breadcrumb\",\"itemListElement\":[{\"@type\":\"ListItem\",\"position\":1,\"name\":\"Portada\",\"item\":\"https:\\\/\\\/mineraleslunallena.com\\\/\"},{\"@type\":\"ListItem\",\"position\":2,\"name\":\"Shop\",\"item\":\"https:\\\/\\\/mineraleslunallena.com\\\/ca\\\/shop\\\/\"},{\"@type\":\"ListItem\",\"position\":3,\"name\":\"Cuarzo con Turmalina en Peana | Purificaci\u00f3n \u2013 Protecci\u00f3n\"}]},{\"@type\":\"WebSite\",\"@id\":\"https:\\\/\\\/mineraleslunallena.com\\\/#website\",\"url\":\"https:\\\/\\\/mineraleslunallena.com\\\/\",\"name\":\"LUNA LLENA MINERALES\",\"description\":\"Es el momento de conectarte con tu propio poder y confiar en tus habilidades.\",\"publisher\":{\"@id\":\"https:\\\/\\\/mineraleslunallena.com\\\/#organization\"},\"potentialAction\":[{\"@type\":\"SearchAction\",\"target\":{\"@type\":\"EntryPoint\",\"urlTemplate\":\"https:\\\/\\\/mineraleslunallena.com\\\/?s={search_term_string}\"},\"query-input\":{\"@type\":\"PropertyValueSpecification\",\"valueRequired\":true,\"valueName\":\"search_term_string\"}}],\"inLanguage\":\"ca\"},{\"@type\":\"Organization\",\"@id\":\"https:\\\/\\\/mineraleslunallena.com\\\/#organization\",\"name\":\"LUNA LLENA MINERALES\",\"url\":\"https:\\\/\\\/mineraleslunallena.com\\\/\",\"logo\":{\"@type\":\"ImageObject\",\"inLanguage\":\"ca\",\"@id\":\"https:\\\/\\\/mineraleslunallena.com\\\/#\\\/schema\\\/logo\\\/image\\\/\",\"url\":\"https:\\\/\\\/mineraleslunallena.com\\\/wp-content\\\/uploads\\\/2023\\\/07\\\/LUNA-LLENA-LOGO-nuevo.png\",\"contentUrl\":\"https:\\\/\\\/mineraleslunallena.com\\\/wp-content\\\/uploads\\\/2023\\\/07\\\/LUNA-LLENA-LOGO-nuevo.png\",\"width\":229,\"height\":167,\"caption\":\"LUNA LLENA MINERALES\"},\"image\":{\"@id\":\"https:\\\/\\\/mineraleslunallena.com\\\/#\\\/schema\\\/logo\\\/image\\\/\"}}]}<\/script>\n<!-- \/ Yoast SEO plugin. -->","yoast_head_json":{"title":"Cuarzo con Turmalina en Peana | Purificaci\u00f3n \u2013 Protecci\u00f3n - MINERALES LUNA LLENA","robots":{"index":"index","follow":"follow","max-snippet":"max-snippet:-1","max-image-preview":"max-image-preview:large","max-video-preview":"max-video-preview:-1"},"canonical":"https:\/\/mineraleslunallena.com\/ca\/producte\/cuarzo-con-turmalina-en-peana-purificacion-proteccion\/","og_locale":"ca_ES","og_type":"article","og_title":"Cuarzo con Turmalina en Peana | Purificaci\u00f3n \u2013 Protecci\u00f3n - MINERALES LUNA LLENA","og_description":"Este imponente ejemplar de Cuarzo con inclusiones de Turmalina, montado en peana, es una pieza excepcional que combina la pureza del cuarzo con la poderosa energ\u00eda protectora de la turmalina negra. El Cuarzo act\u00faa como un amplificador energ\u00e9tico, potenciando las vibraciones positivas y elevando la claridad mental, mientras que la Turmalina Negra protege y transmuta la energ\u00eda negativa en fortaleza interior. Juntas, estas dos fuerzas naturales generan un campo arm\u00f3nico que favorece el equilibrio emocional y la serenidad espiritual. En el plano espiritual, esta combinaci\u00f3n es ideal para liberar bloqueos, proteger el aura y reforzar la conexi\u00f3n con la energ\u00eda de la tierra, creando un entorno de calma y seguridad. En cromoterapia, la transparencia del cuarzo y el negro profundo de la turmalina representan la uni\u00f3n entre la luz y la protecci\u00f3n, aportando equilibrio tanto en espacios de meditaci\u00f3n como en \u00e1reas de trabajo. Una pieza \u00fanica, capaz de transformar cualquier ambiente en un espacio de claridad, protecci\u00f3n y renovaci\u00f3n energ\u00e9tica. Cantidad: 1 Unidad. El precio es por una unidad.Tama\u00f1o: 12 - 14 cm aprox.Forma: Mineral en Peana.","og_url":"https:\/\/mineraleslunallena.com\/ca\/producte\/cuarzo-con-turmalina-en-peana-purificacion-proteccion\/","og_site_name":"MINERALES LUNA LLENA","og_image":[{"width":1153,"height":2560,"url":"https:\/\/mineraleslunallena.com\/wp-content\/uploads\/2025\/08\/base-cuarzo-con-turmalina-scaled.jpg","type":"image\/jpeg"}],"twitter_card":"summary_large_image","twitter_misc":{"Temps estimat de lectura":"2 minuts"},"schema":{"@context":"https:\/\/schema.org","@graph":[{"@type":"WebPage","@id":"https:\/\/mineraleslunallena.com\/producto\/cuarzo-con-turmalina-en-peana-purificacion-proteccion\/","url":"https:\/\/mineraleslunallena.com\/producto\/cuarzo-con-turmalina-en-peana-purificacion-proteccion\/","name":"Cuarzo con Turmalina en Peana | Purificaci\u00f3n \u2013 Protecci\u00f3n - MINERALES LUNA LLENA","isPartOf":{"@id":"https:\/\/mineraleslunallena.com\/#website"},"primaryImageOfPage":{"@id":"https:\/\/mineraleslunallena.com\/producto\/cuarzo-con-turmalina-en-peana-purificacion-proteccion\/#primaryimage"},"image":{"@id":"https:\/\/mineraleslunallena.com\/producto\/cuarzo-con-turmalina-en-peana-purificacion-proteccion\/#primaryimage"},"thumbnailUrl":"https:\/\/mineraleslunallena.com\/wp-content\/uploads\/2025\/08\/base-cuarzo-con-turmalina-scaled.jpg","datePublished":"2025-08-19T12:44:46+00:00","breadcrumb":{"@id":"https:\/\/mineraleslunallena.com\/producto\/cuarzo-con-turmalina-en-peana-purificacion-proteccion\/#breadcrumb"},"inLanguage":"ca","potentialAction":[{"@type":"ReadAction","target":["https:\/\/mineraleslunallena.com\/producto\/cuarzo-con-turmalina-en-peana-purificacion-proteccion\/"]}]},{"@type":"ImageObject","inLanguage":"ca","@id":"https:\/\/mineraleslunallena.com\/producto\/cuarzo-con-turmalina-en-peana-purificacion-proteccion\/#primaryimage","url":"https:\/\/mineraleslunallena.com\/wp-content\/uploads\/2025\/08\/base-cuarzo-con-turmalina-scaled.jpg","contentUrl":"https:\/\/mineraleslunallena.com\/wp-content\/uploads\/2025\/08\/base-cuarzo-con-turmalina-scaled.jpg","width":1153,"height":2560},{"@type":"BreadcrumbList","@id":"https:\/\/mineraleslunallena.com\/producto\/cuarzo-con-turmalina-en-peana-purificacion-proteccion\/#breadcrumb","itemListElement":[{"@type":"ListItem","position":1,"name":"Portada","item":"https:\/\/mineraleslunallena.com\/"},{"@type":"ListItem","position":2,"name":"Shop","item":"https:\/\/mineraleslunallena.com\/ca\/shop\/"},{"@type":"ListItem","position":3,"name":"Cuarzo con Turmalina en Peana | Purificaci\u00f3n \u2013 Protecci\u00f3n"}]},{"@type":"WebSite","@id":"https:\/\/mineraleslunallena.com\/#website","url":"https:\/\/mineraleslunallena.com\/","name":"LLUNA PLENA MINERALS","description":"\u00c9s el moment de connectar-te amb el teu poder i confiar en les teves habilitats.","publisher":{"@id":"https:\/\/mineraleslunallena.com\/#organization"},"potentialAction":[{"@type":"SearchAction","target":{"@type":"EntryPoint","urlTemplate":"https:\/\/mineraleslunallena.com\/?s={search_term_string}"},"query-input":{"@type":"PropertyValueSpecification","valueRequired":true,"valueName":"search_term_string"}}],"inLanguage":"ca"},{"@type":"Organization","@id":"https:\/\/mineraleslunallena.com\/#organization","name":"LLUNA PLENA MINERALS","url":"https:\/\/mineraleslunallena.com\/","logo":{"@type":"ImageObject","inLanguage":"ca","@id":"https:\/\/mineraleslunallena.com\/#\/schema\/logo\/image\/","url":"https:\/\/mineraleslunallena.com\/wp-content\/uploads\/2023\/07\/LUNA-LLENA-LOGO-nuevo.png","contentUrl":"https:\/\/mineraleslunallena.com\/wp-content\/uploads\/2023\/07\/LUNA-LLENA-LOGO-nuevo.png","width":229,"height":167,"caption":"LUNA LLENA MINERALES"},"image":{"@id":"https:\/\/mineraleslunallena.com\/#\/schema\/logo\/image\/"}}]}},"_links":{"self":[{"href":"https:\/\/mineraleslunallena.com\/ca\/wp-json\/wp\/v2\/product\/8724","targetHints":{"allow":["GET"]}}],"collection":[{"href":"https:\/\/mineraleslunallena.com\/ca\/wp-json\/wp\/v2\/product"}],"about":[{"href":"https:\/\/mineraleslunallena.com\/ca\/wp-json\/wp\/v2\/types\/product"}],"version-history":[{"count":1,"href":"https:\/\/mineraleslunallena.com\/ca\/wp-json\/wp\/v2\/product\/8724\/revisions"}],"predecessor-version":[{"id":8726,"href":"https:\/\/mineraleslunallena.com\/ca\/wp-json\/wp\/v2\/product\/8724\/revisions\/8726"}],"wp:featuredmedia":[{"embeddable":true,"href":"https:\/\/mineraleslunallena.com\/ca\/wp-json\/wp\/v2\/media\/8725"}],"wp:attachment":[{"href":"https:\/\/mineraleslunallena.com\/ca\/wp-json\/wp\/v2\/media?parent=8724"}],"wp:term":[{"taxonomy":"product_cat","embeddable":true,"href":"https:\/\/mineraleslunallena.com\/ca\/wp-json\/wp\/v2\/product_cat?post=8724"},{"taxonomy":"product_tag","embeddable":true,"href":"https:\/\/mineraleslunallena.com\/ca\/wp-json\/wp\/v2\/product_tag?post=8724"}],"curies":[{"name":"wp","href":"https:\/\/api.w.org\/{rel}","templated":true}]}}