{"id":8733,"date":"2025-08-19T15:10:31","date_gmt":"2025-08-19T13:10:31","guid":{"rendered":"https:\/\/mineraleslunallena.com\/?post_type=product&#038;p=8733"},"modified":"2025-08-19T15:10:31","modified_gmt":"2025-08-19T13:10:31","slug":"geoda-de-agata-en-peana-con-cuarzo-y-calcita-calidad-extra-equilibrio-energia-armonia","status":"publish","type":"product","link":"https:\/\/mineraleslunallena.com\/ca\/producte\/geoda-de-agata-en-peana-con-cuarzo-y-calcita-calidad-extra-equilibrio-energia-armonia\/","title":{"rendered":"Geoda de \u00c1gata en Peana con Cuarzo y Calcita Calidad Extra | Equilibrio \u2013 Energ\u00eda \u2013 Armon\u00eda"},"content":{"rendered":"<p data-start=\"313\" data-end=\"492\">Este impresionante ejemplar de <strong data-start=\"344\" data-end=\"422\">Geoda de \u00c1gata en peana con formaciones de Cuarzo y Calcita, calidad extra<\/strong>, combina belleza natural y gran poder energ\u00e9tico en una sola pieza.<\/p>\n<p data-start=\"494\" data-end=\"809\">El \u00c1gata, s\u00edmbolo de estabilidad y equilibrio, aporta serenidad y fortaleza interior. El Cuarzo amplifica la energ\u00eda positiva, elevando la claridad mental y potenciando el bienestar. La Calcita, con su vibraci\u00f3n suave y luminosa, favorece la sanaci\u00f3n emocional, la apertura del coraz\u00f3n y la armon\u00eda en el entorno.<\/p>\n<p data-start=\"811\" data-end=\"1003\">En conjunto, esta pieza genera un campo energ\u00e9tico protector y revitalizante, ideal para potenciar la meditaci\u00f3n, elevar la vibraci\u00f3n de un espacio o aportar equilibrio a cualquier ambiente.<\/p>\n<p data-start=\"1005\" data-end=\"1213\">En cromoterapia, los tonos del \u00c1gata junto a la pureza cristalina del Cuarzo y la luminosidad de la Calcita evocan calma, renovaci\u00f3n y armon\u00eda, haciendo de esta geoda un centro de energ\u00eda y belleza natural.<\/p>\n<p data-start=\"1215\" data-end=\"1405\">Una pieza \u00fanica de <strong data-start=\"1234\" data-end=\"1263\">colecci\u00f3n y calidad extra<\/strong>, perfecta tanto para quienes trabajan con la energ\u00eda de los minerales como para quienes buscan un elemento decorativo exclusivo y poderoso.<\/p>\n<p data-start=\"1369\" data-end=\"1458\">\n<p data-start=\"1369\" data-end=\"1458\"><strong data-start=\"1460\" data-end=\"1473\">Quantitat:<\/strong> 1 Unidad. El precio es por una unidad.<br data-start=\"1512\" data-end=\"1515\" \/><strong data-start=\"1515\" data-end=\"1526\">Grand\u00e0ria:<\/strong>\u00a0 Entre 14 &#8211; 15 cm. aprox.<br data-start=\"1550\" data-end=\"1553\" \/><strong data-start=\"1442\" data-end=\"1452\">Forma:<\/strong> Geoda en Peana, Calidad Extra.<\/p>","protected":false},"excerpt":{"rendered":"<p data-start=\"313\" data-end=\"492\">Este impresionante ejemplar de <strong data-start=\"344\" data-end=\"422\">Geoda de \u00c1gata en peana con formaciones de Cuarzo y Calcita, calidad extra<\/strong>, combina belleza natural y gran poder energ\u00e9tico en una sola pieza.<\/p>\n<p data-start=\"494\" data-end=\"809\">El \u00c1gata, s\u00edmbolo de estabilidad y equilibrio, aporta serenidad y fortaleza interior. El Cuarzo amplifica la energ\u00eda positiva, elevando la claridad mental y potenciando el bienestar. La Calcita, con su vibraci\u00f3n suave y luminosa, favorece la sanaci\u00f3n emocional, la apertura del coraz\u00f3n y la armon\u00eda en el entorno.<\/p>\n<p data-start=\"811\" data-end=\"1003\">En conjunto, esta pieza genera un campo energ\u00e9tico protector y revitalizante, ideal para potenciar la meditaci\u00f3n, elevar la vibraci\u00f3n de un espacio o aportar equilibrio a cualquier ambiente.<\/p>\n<p data-start=\"1005\" data-end=\"1213\">En cromoterapia, los tonos del \u00c1gata junto a la pureza cristalina del Cuarzo y la luminosidad de la Calcita evocan calma, renovaci\u00f3n y armon\u00eda, haciendo de esta geoda un centro de energ\u00eda y belleza natural.<\/p>\n<p data-start=\"1215\" data-end=\"1405\">Una pieza \u00fanica de <strong data-start=\"1234\" data-end=\"1263\">colecci\u00f3n y calidad extra<\/strong>, perfecta tanto para quienes trabajan con la energ\u00eda de los minerales como para quienes buscan un elemento decorativo exclusivo y poderoso.<\/p>\n<p data-start=\"1369\" data-end=\"1458\">\n<p data-start=\"1369\" data-end=\"1458\"><strong data-start=\"1460\" data-end=\"1473\">Quantitat:<\/strong> 1 Unidad. El precio es por una unidad.<br data-start=\"1512\" data-end=\"1515\" \/><strong data-start=\"1515\" data-end=\"1526\">Grand\u00e0ria:<\/strong>\u00a0 Entre 14 &#8211; 15 cm. aprox.<br data-start=\"1550\" data-end=\"1553\" \/><strong data-start=\"1442\" data-end=\"1452\">Forma:<\/strong> Geoda en Peana, Calidad Extra.<\/p>","protected":false},"featured_media":8734,"template":"","meta":[],"product_cat":[107,69,106],"product_tag":[],"class_list":{"0":"post-8733","1":"product","2":"type-product","3":"status-publish","4":"has-post-thumbnail","6":"product_cat-drusas-y-geodas","7":"product_cat-minerales","8":"product_cat-piezas-unicas","10":"first","11":"instock","12":"sale","13":"taxable","14":"shipping-taxable","15":"purchasable","16":"product-type-simple"},"yoast_head":"<!-- This site is optimized with the Yoast SEO plugin v27.3 - https:\/\/yoast.com\/product\/yoast-seo-wordpress\/ -->\n<title>Geoda de \u00c1gata en Peana con Cuarzo y Calcita Calidad Extra | Equilibrio \u2013 Energ\u00eda \u2013 Armon\u00eda - MINERALES LUNA LLENA<\/title>\n<meta name=\"robots\" content=\"index, follow, max-snippet:-1, max-image-preview:large, max-video-preview:-1\" \/>\n<link rel=\"canonical\" href=\"https:\/\/mineraleslunallena.com\/ca\/producte\/geoda-de-agata-en-peana-con-cuarzo-y-calcita-calidad-extra-equilibrio-energia-armonia\/\" \/>\n<meta property=\"og:locale\" content=\"ca_ES\" \/>\n<meta property=\"og:type\" content=\"article\" \/>\n<meta property=\"og:title\" content=\"Geoda de \u00c1gata en Peana con Cuarzo y Calcita Calidad Extra | Equilibrio \u2013 Energ\u00eda \u2013 Armon\u00eda - MINERALES LUNA LLENA\" \/>\n<meta property=\"og:description\" content=\"Este impresionante ejemplar de Geoda de \u00c1gata en peana con formaciones de Cuarzo y Calcita, calidad extra, combina belleza natural y gran poder energ\u00e9tico en una sola pieza. El \u00c1gata, s\u00edmbolo de estabilidad y equilibrio, aporta serenidad y fortaleza interior. El Cuarzo amplifica la energ\u00eda positiva, elevando la claridad mental y potenciando el bienestar. La Calcita, con su vibraci\u00f3n suave y luminosa, favorece la sanaci\u00f3n emocional, la apertura del coraz\u00f3n y la armon\u00eda en el entorno. En conjunto, esta pieza genera un campo energ\u00e9tico protector y revitalizante, ideal para potenciar la meditaci\u00f3n, elevar la vibraci\u00f3n de un espacio o aportar equilibrio a cualquier ambiente. En cromoterapia, los tonos del \u00c1gata junto a la pureza cristalina del Cuarzo y la luminosidad de la Calcita evocan calma, renovaci\u00f3n y armon\u00eda, haciendo de esta geoda un centro de energ\u00eda y belleza natural. Una pieza \u00fanica de colecci\u00f3n y calidad extra, perfecta tanto para quienes trabajan con la energ\u00eda de los minerales como para quienes buscan un elemento decorativo exclusivo y poderoso.  Cantidad: 1 Unidad. El precio es por una unidad.Tama\u00f1o:\u00a0 Entre 14 - 15 cm. aprox.Forma: Geoda en Peana, Calidad Extra.\" \/>\n<meta property=\"og:url\" content=\"https:\/\/mineraleslunallena.com\/ca\/producte\/geoda-de-agata-en-peana-con-cuarzo-y-calcita-calidad-extra-equilibrio-energia-armonia\/\" \/>\n<meta property=\"og:site_name\" content=\"MINERALES LUNA LLENA\" \/>\n<meta property=\"og:image\" content=\"https:\/\/mineraleslunallena.com\/wp-content\/uploads\/2025\/08\/drusa-peanaagara-cuarzo-scaled.jpg\" \/>\n\t<meta property=\"og:image:width\" content=\"1153\" \/>\n\t<meta property=\"og:image:height\" content=\"2560\" \/>\n\t<meta property=\"og:image:type\" content=\"image\/jpeg\" \/>\n<meta name=\"twitter:card\" content=\"summary_large_image\" \/>\n<meta name=\"twitter:label1\" content=\"Temps estimat de lectura\" \/>\n\t<meta name=\"twitter:data1\" content=\"2 minuts\" \/>\n<script type=\"application\/ld+json\" class=\"yoast-schema-graph\">{\"@context\":\"https:\\\/\\\/schema.org\",\"@graph\":[{\"@type\":\"WebPage\",\"@id\":\"https:\\\/\\\/mineraleslunallena.com\\\/producto\\\/geoda-de-agata-en-peana-con-cuarzo-y-calcita-calidad-extra-equilibrio-energia-armonia\\\/\",\"url\":\"https:\\\/\\\/mineraleslunallena.com\\\/producto\\\/geoda-de-agata-en-peana-con-cuarzo-y-calcita-calidad-extra-equilibrio-energia-armonia\\\/\",\"name\":\"Geoda de \u00c1gata en Peana con Cuarzo y Calcita Calidad Extra | Equilibrio \u2013 Energ\u00eda \u2013 Armon\u00eda - MINERALES LUNA LLENA\",\"isPartOf\":{\"@id\":\"https:\\\/\\\/mineraleslunallena.com\\\/#website\"},\"primaryImageOfPage\":{\"@id\":\"https:\\\/\\\/mineraleslunallena.com\\\/producto\\\/geoda-de-agata-en-peana-con-cuarzo-y-calcita-calidad-extra-equilibrio-energia-armonia\\\/#primaryimage\"},\"image\":{\"@id\":\"https:\\\/\\\/mineraleslunallena.com\\\/producto\\\/geoda-de-agata-en-peana-con-cuarzo-y-calcita-calidad-extra-equilibrio-energia-armonia\\\/#primaryimage\"},\"thumbnailUrl\":\"https:\\\/\\\/mineraleslunallena.com\\\/wp-content\\\/uploads\\\/2025\\\/08\\\/drusa-peanaagara-cuarzo-scaled.jpg\",\"datePublished\":\"2025-08-19T13:10:31+00:00\",\"breadcrumb\":{\"@id\":\"https:\\\/\\\/mineraleslunallena.com\\\/producto\\\/geoda-de-agata-en-peana-con-cuarzo-y-calcita-calidad-extra-equilibrio-energia-armonia\\\/#breadcrumb\"},\"inLanguage\":\"ca\",\"potentialAction\":[{\"@type\":\"ReadAction\",\"target\":[\"https:\\\/\\\/mineraleslunallena.com\\\/producto\\\/geoda-de-agata-en-peana-con-cuarzo-y-calcita-calidad-extra-equilibrio-energia-armonia\\\/\"]}]},{\"@type\":\"ImageObject\",\"inLanguage\":\"ca\",\"@id\":\"https:\\\/\\\/mineraleslunallena.com\\\/producto\\\/geoda-de-agata-en-peana-con-cuarzo-y-calcita-calidad-extra-equilibrio-energia-armonia\\\/#primaryimage\",\"url\":\"https:\\\/\\\/mineraleslunallena.com\\\/wp-content\\\/uploads\\\/2025\\\/08\\\/drusa-peanaagara-cuarzo-scaled.jpg\",\"contentUrl\":\"https:\\\/\\\/mineraleslunallena.com\\\/wp-content\\\/uploads\\\/2025\\\/08\\\/drusa-peanaagara-cuarzo-scaled.jpg\",\"width\":1153,\"height\":2560},{\"@type\":\"BreadcrumbList\",\"@id\":\"https:\\\/\\\/mineraleslunallena.com\\\/producto\\\/geoda-de-agata-en-peana-con-cuarzo-y-calcita-calidad-extra-equilibrio-energia-armonia\\\/#breadcrumb\",\"itemListElement\":[{\"@type\":\"ListItem\",\"position\":1,\"name\":\"Portada\",\"item\":\"https:\\\/\\\/mineraleslunallena.com\\\/\"},{\"@type\":\"ListItem\",\"position\":2,\"name\":\"Shop\",\"item\":\"https:\\\/\\\/mineraleslunallena.com\\\/ca\\\/shop\\\/\"},{\"@type\":\"ListItem\",\"position\":3,\"name\":\"Geoda de \u00c1gata en Peana con Cuarzo y Calcita Calidad Extra | Equilibrio \u2013 Energ\u00eda \u2013 Armon\u00eda\"}]},{\"@type\":\"WebSite\",\"@id\":\"https:\\\/\\\/mineraleslunallena.com\\\/#website\",\"url\":\"https:\\\/\\\/mineraleslunallena.com\\\/\",\"name\":\"LUNA LLENA MINERALES\",\"description\":\"Es el momento de conectarte con tu propio poder y confiar en tus habilidades.\",\"publisher\":{\"@id\":\"https:\\\/\\\/mineraleslunallena.com\\\/#organization\"},\"potentialAction\":[{\"@type\":\"SearchAction\",\"target\":{\"@type\":\"EntryPoint\",\"urlTemplate\":\"https:\\\/\\\/mineraleslunallena.com\\\/?s={search_term_string}\"},\"query-input\":{\"@type\":\"PropertyValueSpecification\",\"valueRequired\":true,\"valueName\":\"search_term_string\"}}],\"inLanguage\":\"ca\"},{\"@type\":\"Organization\",\"@id\":\"https:\\\/\\\/mineraleslunallena.com\\\/#organization\",\"name\":\"LUNA LLENA MINERALES\",\"url\":\"https:\\\/\\\/mineraleslunallena.com\\\/\",\"logo\":{\"@type\":\"ImageObject\",\"inLanguage\":\"ca\",\"@id\":\"https:\\\/\\\/mineraleslunallena.com\\\/#\\\/schema\\\/logo\\\/image\\\/\",\"url\":\"https:\\\/\\\/mineraleslunallena.com\\\/wp-content\\\/uploads\\\/2023\\\/07\\\/LUNA-LLENA-LOGO-nuevo.png\",\"contentUrl\":\"https:\\\/\\\/mineraleslunallena.com\\\/wp-content\\\/uploads\\\/2023\\\/07\\\/LUNA-LLENA-LOGO-nuevo.png\",\"width\":229,\"height\":167,\"caption\":\"LUNA LLENA MINERALES\"},\"image\":{\"@id\":\"https:\\\/\\\/mineraleslunallena.com\\\/#\\\/schema\\\/logo\\\/image\\\/\"}}]}<\/script>\n<!-- \/ Yoast SEO plugin. -->","yoast_head_json":{"title":"Geoda de \u00c1gata en Peana con Cuarzo y Calcita Calidad Extra | Equilibrio \u2013 Energ\u00eda \u2013 Armon\u00eda - MINERALES LUNA LLENA","robots":{"index":"index","follow":"follow","max-snippet":"max-snippet:-1","max-image-preview":"max-image-preview:large","max-video-preview":"max-video-preview:-1"},"canonical":"https:\/\/mineraleslunallena.com\/ca\/producte\/geoda-de-agata-en-peana-con-cuarzo-y-calcita-calidad-extra-equilibrio-energia-armonia\/","og_locale":"ca_ES","og_type":"article","og_title":"Geoda de \u00c1gata en Peana con Cuarzo y Calcita Calidad Extra | Equilibrio \u2013 Energ\u00eda \u2013 Armon\u00eda - MINERALES LUNA LLENA","og_description":"Este impresionante ejemplar de Geoda de \u00c1gata en peana con formaciones de Cuarzo y Calcita, calidad extra, combina belleza natural y gran poder energ\u00e9tico en una sola pieza. El \u00c1gata, s\u00edmbolo de estabilidad y equilibrio, aporta serenidad y fortaleza interior. El Cuarzo amplifica la energ\u00eda positiva, elevando la claridad mental y potenciando el bienestar. La Calcita, con su vibraci\u00f3n suave y luminosa, favorece la sanaci\u00f3n emocional, la apertura del coraz\u00f3n y la armon\u00eda en el entorno. En conjunto, esta pieza genera un campo energ\u00e9tico protector y revitalizante, ideal para potenciar la meditaci\u00f3n, elevar la vibraci\u00f3n de un espacio o aportar equilibrio a cualquier ambiente. En cromoterapia, los tonos del \u00c1gata junto a la pureza cristalina del Cuarzo y la luminosidad de la Calcita evocan calma, renovaci\u00f3n y armon\u00eda, haciendo de esta geoda un centro de energ\u00eda y belleza natural. Una pieza \u00fanica de colecci\u00f3n y calidad extra, perfecta tanto para quienes trabajan con la energ\u00eda de los minerales como para quienes buscan un elemento decorativo exclusivo y poderoso.  Cantidad: 1 Unidad. El precio es por una unidad.Tama\u00f1o:\u00a0 Entre 14 - 15 cm. aprox.Forma: Geoda en Peana, Calidad Extra.","og_url":"https:\/\/mineraleslunallena.com\/ca\/producte\/geoda-de-agata-en-peana-con-cuarzo-y-calcita-calidad-extra-equilibrio-energia-armonia\/","og_site_name":"MINERALES LUNA LLENA","og_image":[{"width":1153,"height":2560,"url":"https:\/\/mineraleslunallena.com\/wp-content\/uploads\/2025\/08\/drusa-peanaagara-cuarzo-scaled.jpg","type":"image\/jpeg"}],"twitter_card":"summary_large_image","twitter_misc":{"Temps estimat de lectura":"2 minuts"},"schema":{"@context":"https:\/\/schema.org","@graph":[{"@type":"WebPage","@id":"https:\/\/mineraleslunallena.com\/producto\/geoda-de-agata-en-peana-con-cuarzo-y-calcita-calidad-extra-equilibrio-energia-armonia\/","url":"https:\/\/mineraleslunallena.com\/producto\/geoda-de-agata-en-peana-con-cuarzo-y-calcita-calidad-extra-equilibrio-energia-armonia\/","name":"Geoda de \u00c1gata en Peana con Cuarzo y Calcita Calidad Extra | Equilibrio \u2013 Energ\u00eda \u2013 Armon\u00eda - MINERALES LUNA LLENA","isPartOf":{"@id":"https:\/\/mineraleslunallena.com\/#website"},"primaryImageOfPage":{"@id":"https:\/\/mineraleslunallena.com\/producto\/geoda-de-agata-en-peana-con-cuarzo-y-calcita-calidad-extra-equilibrio-energia-armonia\/#primaryimage"},"image":{"@id":"https:\/\/mineraleslunallena.com\/producto\/geoda-de-agata-en-peana-con-cuarzo-y-calcita-calidad-extra-equilibrio-energia-armonia\/#primaryimage"},"thumbnailUrl":"https:\/\/mineraleslunallena.com\/wp-content\/uploads\/2025\/08\/drusa-peanaagara-cuarzo-scaled.jpg","datePublished":"2025-08-19T13:10:31+00:00","breadcrumb":{"@id":"https:\/\/mineraleslunallena.com\/producto\/geoda-de-agata-en-peana-con-cuarzo-y-calcita-calidad-extra-equilibrio-energia-armonia\/#breadcrumb"},"inLanguage":"ca","potentialAction":[{"@type":"ReadAction","target":["https:\/\/mineraleslunallena.com\/producto\/geoda-de-agata-en-peana-con-cuarzo-y-calcita-calidad-extra-equilibrio-energia-armonia\/"]}]},{"@type":"ImageObject","inLanguage":"ca","@id":"https:\/\/mineraleslunallena.com\/producto\/geoda-de-agata-en-peana-con-cuarzo-y-calcita-calidad-extra-equilibrio-energia-armonia\/#primaryimage","url":"https:\/\/mineraleslunallena.com\/wp-content\/uploads\/2025\/08\/drusa-peanaagara-cuarzo-scaled.jpg","contentUrl":"https:\/\/mineraleslunallena.com\/wp-content\/uploads\/2025\/08\/drusa-peanaagara-cuarzo-scaled.jpg","width":1153,"height":2560},{"@type":"BreadcrumbList","@id":"https:\/\/mineraleslunallena.com\/producto\/geoda-de-agata-en-peana-con-cuarzo-y-calcita-calidad-extra-equilibrio-energia-armonia\/#breadcrumb","itemListElement":[{"@type":"ListItem","position":1,"name":"Portada","item":"https:\/\/mineraleslunallena.com\/"},{"@type":"ListItem","position":2,"name":"Shop","item":"https:\/\/mineraleslunallena.com\/ca\/shop\/"},{"@type":"ListItem","position":3,"name":"Geoda de \u00c1gata en Peana con Cuarzo y Calcita Calidad Extra | Equilibrio \u2013 Energ\u00eda \u2013 Armon\u00eda"}]},{"@type":"WebSite","@id":"https:\/\/mineraleslunallena.com\/#website","url":"https:\/\/mineraleslunallena.com\/","name":"LLUNA PLENA MINERALS","description":"\u00c9s el moment de connectar-te amb el teu poder i confiar en les teves habilitats.","publisher":{"@id":"https:\/\/mineraleslunallena.com\/#organization"},"potentialAction":[{"@type":"SearchAction","target":{"@type":"EntryPoint","urlTemplate":"https:\/\/mineraleslunallena.com\/?s={search_term_string}"},"query-input":{"@type":"PropertyValueSpecification","valueRequired":true,"valueName":"search_term_string"}}],"inLanguage":"ca"},{"@type":"Organization","@id":"https:\/\/mineraleslunallena.com\/#organization","name":"LLUNA PLENA MINERALS","url":"https:\/\/mineraleslunallena.com\/","logo":{"@type":"ImageObject","inLanguage":"ca","@id":"https:\/\/mineraleslunallena.com\/#\/schema\/logo\/image\/","url":"https:\/\/mineraleslunallena.com\/wp-content\/uploads\/2023\/07\/LUNA-LLENA-LOGO-nuevo.png","contentUrl":"https:\/\/mineraleslunallena.com\/wp-content\/uploads\/2023\/07\/LUNA-LLENA-LOGO-nuevo.png","width":229,"height":167,"caption":"LUNA LLENA MINERALES"},"image":{"@id":"https:\/\/mineraleslunallena.com\/#\/schema\/logo\/image\/"}}]}},"_links":{"self":[{"href":"https:\/\/mineraleslunallena.com\/ca\/wp-json\/wp\/v2\/product\/8733","targetHints":{"allow":["GET"]}}],"collection":[{"href":"https:\/\/mineraleslunallena.com\/ca\/wp-json\/wp\/v2\/product"}],"about":[{"href":"https:\/\/mineraleslunallena.com\/ca\/wp-json\/wp\/v2\/types\/product"}],"version-history":[{"count":1,"href":"https:\/\/mineraleslunallena.com\/ca\/wp-json\/wp\/v2\/product\/8733\/revisions"}],"predecessor-version":[{"id":8735,"href":"https:\/\/mineraleslunallena.com\/ca\/wp-json\/wp\/v2\/product\/8733\/revisions\/8735"}],"wp:featuredmedia":[{"embeddable":true,"href":"https:\/\/mineraleslunallena.com\/ca\/wp-json\/wp\/v2\/media\/8734"}],"wp:attachment":[{"href":"https:\/\/mineraleslunallena.com\/ca\/wp-json\/wp\/v2\/media?parent=8733"}],"wp:term":[{"taxonomy":"product_cat","embeddable":true,"href":"https:\/\/mineraleslunallena.com\/ca\/wp-json\/wp\/v2\/product_cat?post=8733"},{"taxonomy":"product_tag","embeddable":true,"href":"https:\/\/mineraleslunallena.com\/ca\/wp-json\/wp\/v2\/product_tag?post=8733"}],"curies":[{"name":"wp","href":"https:\/\/api.w.org\/{rel}","templated":true}]}}