{"id":8736,"date":"2025-08-19T15:16:36","date_gmt":"2025-08-19T13:16:36","guid":{"rendered":"https:\/\/mineraleslunallena.com\/?post_type=product&#038;p=8736"},"modified":"2025-08-19T15:16:36","modified_gmt":"2025-08-19T13:16:36","slug":"geoda-de-agata-y-cuarzo-calidad-extra-equilibrio-energia-claridad","status":"publish","type":"product","link":"https:\/\/mineraleslunallena.com\/ca\/producte\/geoda-de-agata-y-cuarzo-calidad-extra-equilibrio-energia-claridad\/","title":{"rendered":"Geoda de \u00c1gata y Cuarzo Calidad Extra | Equilibrio \u2013 Energ\u00eda \u2013 Claridad"},"content":{"rendered":"<p data-start=\"228\" data-end=\"363\">Esta impresionante <strong data-start=\"247\" data-end=\"306\">geoda de \u00c1gata con formaciones de Cuarzo, calidad extra<\/strong>, destaca por su belleza natural y su poderosa energ\u00eda.<\/p>\n<p data-start=\"365\" data-end=\"582\">El \u00c1gata aporta estabilidad emocional, equilibrio y serenidad, ayudando a fortalecer la seguridad interior. El Cuarzo amplifica las vibraciones positivas, potencia la claridad mental y favorece el bienestar general.<\/p>\n<p data-start=\"584\" data-end=\"756\">En el plano espiritual, esta combinaci\u00f3n crea un campo energ\u00e9tico protector y revitalizante, ideal para meditaci\u00f3n, trabajo energ\u00e9tico o para armonizar cualquier espacio.<\/p>\n<p data-start=\"758\" data-end=\"963\">En cromoterapia, la uni\u00f3n de los tonos naturales del \u00c1gata con la pureza cristalina del Cuarzo simboliza calma, renovaci\u00f3n y claridad, convirtiendo esta geoda en un verdadero centro de energ\u00eda y belleza.<\/p>\n<p data-start=\"965\" data-end=\"1132\">Una pieza \u00fanica de <strong data-start=\"984\" data-end=\"1013\">colecci\u00f3n y calidad extra<\/strong>, perfecta tanto para quienes trabajan con energ\u00eda mineral como para quienes buscan un elemento decorativo exclusivo.<\/p>\n<p data-start=\"1134\" data-end=\"1280\"><strong data-start=\"1134\" data-end=\"1147\">Quantitat:<\/strong> 1 Unidad. El precio es por una unidad.<br data-start=\"1186\" data-end=\"1189\" \/><strong data-start=\"1189\" data-end=\"1200\">Grand\u00e0ria:<\/strong> 14 cm aprox.<br data-start=\"1224\" data-end=\"1227\" \/><strong data-start=\"1246\" data-end=\"1256\">Forma:<\/strong> Geoda, Calidad Extra.<\/p>\n<p data-start=\"1369\" data-end=\"1458\">\n<p data-start=\"1369\" data-end=\"1458\">","protected":false},"excerpt":{"rendered":"<p data-start=\"228\" data-end=\"363\">Esta impresionante <strong data-start=\"247\" data-end=\"306\">geoda de \u00c1gata con formaciones de Cuarzo, calidad extra<\/strong>, destaca por su belleza natural y su poderosa energ\u00eda.<\/p>\n<p data-start=\"365\" data-end=\"582\">El \u00c1gata aporta estabilidad emocional, equilibrio y serenidad, ayudando a fortalecer la seguridad interior. El Cuarzo amplifica las vibraciones positivas, potencia la claridad mental y favorece el bienestar general.<\/p>\n<p data-start=\"584\" data-end=\"756\">En el plano espiritual, esta combinaci\u00f3n crea un campo energ\u00e9tico protector y revitalizante, ideal para meditaci\u00f3n, trabajo energ\u00e9tico o para armonizar cualquier espacio.<\/p>\n<p data-start=\"758\" data-end=\"963\">En cromoterapia, la uni\u00f3n de los tonos naturales del \u00c1gata con la pureza cristalina del Cuarzo simboliza calma, renovaci\u00f3n y claridad, convirtiendo esta geoda en un verdadero centro de energ\u00eda y belleza.<\/p>\n<p data-start=\"965\" data-end=\"1132\">Una pieza \u00fanica de <strong data-start=\"984\" data-end=\"1013\">colecci\u00f3n y calidad extra<\/strong>, perfecta tanto para quienes trabajan con energ\u00eda mineral como para quienes buscan un elemento decorativo exclusivo.<\/p>\n<p data-start=\"1134\" data-end=\"1280\"><strong data-start=\"1134\" data-end=\"1147\">Quantitat:<\/strong> 1 Unidad. El precio es por una unidad.<br data-start=\"1186\" data-end=\"1189\" \/><strong data-start=\"1189\" data-end=\"1200\">Grand\u00e0ria:<\/strong> 14 cm aprox.<br data-start=\"1224\" data-end=\"1227\" \/><strong data-start=\"1246\" data-end=\"1256\">Forma:<\/strong> Geoda, Calidad Extra.<\/p>\n<p data-start=\"1369\" data-end=\"1458\">","protected":false},"featured_media":8737,"template":"","meta":[],"product_cat":[107,69,106],"product_tag":[],"class_list":{"0":"post-8736","1":"product","2":"type-product","3":"status-publish","4":"has-post-thumbnail","6":"product_cat-drusas-y-geodas","7":"product_cat-minerales","8":"product_cat-piezas-unicas","10":"first","11":"instock","12":"sale","13":"taxable","14":"shipping-taxable","15":"purchasable","16":"product-type-simple"},"yoast_head":"<!-- This site is optimized with the Yoast SEO plugin v27.3 - https:\/\/yoast.com\/product\/yoast-seo-wordpress\/ -->\n<title>Geoda de \u00c1gata y Cuarzo Calidad Extra | Equilibrio \u2013 Energ\u00eda \u2013 Claridad - MINERALES LUNA LLENA<\/title>\n<meta name=\"robots\" content=\"index, follow, max-snippet:-1, max-image-preview:large, max-video-preview:-1\" \/>\n<link rel=\"canonical\" href=\"https:\/\/mineraleslunallena.com\/ca\/producte\/geoda-de-agata-y-cuarzo-calidad-extra-equilibrio-energia-claridad\/\" \/>\n<meta property=\"og:locale\" content=\"ca_ES\" \/>\n<meta property=\"og:type\" content=\"article\" \/>\n<meta property=\"og:title\" content=\"Geoda de \u00c1gata y Cuarzo Calidad Extra | Equilibrio \u2013 Energ\u00eda \u2013 Claridad - MINERALES LUNA LLENA\" \/>\n<meta property=\"og:description\" content=\"Esta impresionante geoda de \u00c1gata con formaciones de Cuarzo, calidad extra, destaca por su belleza natural y su poderosa energ\u00eda. El \u00c1gata aporta estabilidad emocional, equilibrio y serenidad, ayudando a fortalecer la seguridad interior. El Cuarzo amplifica las vibraciones positivas, potencia la claridad mental y favorece el bienestar general. En el plano espiritual, esta combinaci\u00f3n crea un campo energ\u00e9tico protector y revitalizante, ideal para meditaci\u00f3n, trabajo energ\u00e9tico o para armonizar cualquier espacio. En cromoterapia, la uni\u00f3n de los tonos naturales del \u00c1gata con la pureza cristalina del Cuarzo simboliza calma, renovaci\u00f3n y claridad, convirtiendo esta geoda en un verdadero centro de energ\u00eda y belleza. Una pieza \u00fanica de colecci\u00f3n y calidad extra, perfecta tanto para quienes trabajan con energ\u00eda mineral como para quienes buscan un elemento decorativo exclusivo. Cantidad: 1 Unidad. El precio es por una unidad.Tama\u00f1o: 14 cm aprox.Forma: Geoda, Calidad Extra.\" \/>\n<meta property=\"og:url\" content=\"https:\/\/mineraleslunallena.com\/ca\/producte\/geoda-de-agata-y-cuarzo-calidad-extra-equilibrio-energia-claridad\/\" \/>\n<meta property=\"og:site_name\" content=\"MINERALES LUNA LLENA\" \/>\n<meta property=\"og:image\" content=\"https:\/\/mineraleslunallena.com\/wp-content\/uploads\/2025\/08\/geoda-cuarrzo-agata-scaled.jpg\" \/>\n\t<meta property=\"og:image:width\" content=\"1153\" \/>\n\t<meta property=\"og:image:height\" content=\"2560\" \/>\n\t<meta property=\"og:image:type\" content=\"image\/jpeg\" \/>\n<meta name=\"twitter:card\" content=\"summary_large_image\" \/>\n<meta name=\"twitter:label1\" content=\"Temps estimat de lectura\" \/>\n\t<meta name=\"twitter:data1\" content=\"1 minut\" \/>\n<script type=\"application\/ld+json\" class=\"yoast-schema-graph\">{\"@context\":\"https:\\\/\\\/schema.org\",\"@graph\":[{\"@type\":\"WebPage\",\"@id\":\"https:\\\/\\\/mineraleslunallena.com\\\/producto\\\/geoda-de-agata-y-cuarzo-calidad-extra-equilibrio-energia-claridad\\\/\",\"url\":\"https:\\\/\\\/mineraleslunallena.com\\\/producto\\\/geoda-de-agata-y-cuarzo-calidad-extra-equilibrio-energia-claridad\\\/\",\"name\":\"Geoda de \u00c1gata y Cuarzo Calidad Extra | Equilibrio \u2013 Energ\u00eda \u2013 Claridad - MINERALES LUNA LLENA\",\"isPartOf\":{\"@id\":\"https:\\\/\\\/mineraleslunallena.com\\\/#website\"},\"primaryImageOfPage\":{\"@id\":\"https:\\\/\\\/mineraleslunallena.com\\\/producto\\\/geoda-de-agata-y-cuarzo-calidad-extra-equilibrio-energia-claridad\\\/#primaryimage\"},\"image\":{\"@id\":\"https:\\\/\\\/mineraleslunallena.com\\\/producto\\\/geoda-de-agata-y-cuarzo-calidad-extra-equilibrio-energia-claridad\\\/#primaryimage\"},\"thumbnailUrl\":\"https:\\\/\\\/mineraleslunallena.com\\\/wp-content\\\/uploads\\\/2025\\\/08\\\/geoda-cuarrzo-agata-scaled.jpg\",\"datePublished\":\"2025-08-19T13:16:36+00:00\",\"breadcrumb\":{\"@id\":\"https:\\\/\\\/mineraleslunallena.com\\\/producto\\\/geoda-de-agata-y-cuarzo-calidad-extra-equilibrio-energia-claridad\\\/#breadcrumb\"},\"inLanguage\":\"ca\",\"potentialAction\":[{\"@type\":\"ReadAction\",\"target\":[\"https:\\\/\\\/mineraleslunallena.com\\\/producto\\\/geoda-de-agata-y-cuarzo-calidad-extra-equilibrio-energia-claridad\\\/\"]}]},{\"@type\":\"ImageObject\",\"inLanguage\":\"ca\",\"@id\":\"https:\\\/\\\/mineraleslunallena.com\\\/producto\\\/geoda-de-agata-y-cuarzo-calidad-extra-equilibrio-energia-claridad\\\/#primaryimage\",\"url\":\"https:\\\/\\\/mineraleslunallena.com\\\/wp-content\\\/uploads\\\/2025\\\/08\\\/geoda-cuarrzo-agata-scaled.jpg\",\"contentUrl\":\"https:\\\/\\\/mineraleslunallena.com\\\/wp-content\\\/uploads\\\/2025\\\/08\\\/geoda-cuarrzo-agata-scaled.jpg\",\"width\":1153,\"height\":2560},{\"@type\":\"BreadcrumbList\",\"@id\":\"https:\\\/\\\/mineraleslunallena.com\\\/producto\\\/geoda-de-agata-y-cuarzo-calidad-extra-equilibrio-energia-claridad\\\/#breadcrumb\",\"itemListElement\":[{\"@type\":\"ListItem\",\"position\":1,\"name\":\"Portada\",\"item\":\"https:\\\/\\\/mineraleslunallena.com\\\/\"},{\"@type\":\"ListItem\",\"position\":2,\"name\":\"Shop\",\"item\":\"https:\\\/\\\/mineraleslunallena.com\\\/ca\\\/shop\\\/\"},{\"@type\":\"ListItem\",\"position\":3,\"name\":\"Geoda de \u00c1gata y Cuarzo Calidad Extra | Equilibrio \u2013 Energ\u00eda \u2013 Claridad\"}]},{\"@type\":\"WebSite\",\"@id\":\"https:\\\/\\\/mineraleslunallena.com\\\/#website\",\"url\":\"https:\\\/\\\/mineraleslunallena.com\\\/\",\"name\":\"LUNA LLENA MINERALES\",\"description\":\"Es el momento de conectarte con tu propio poder y confiar en tus habilidades.\",\"publisher\":{\"@id\":\"https:\\\/\\\/mineraleslunallena.com\\\/#organization\"},\"potentialAction\":[{\"@type\":\"SearchAction\",\"target\":{\"@type\":\"EntryPoint\",\"urlTemplate\":\"https:\\\/\\\/mineraleslunallena.com\\\/?s={search_term_string}\"},\"query-input\":{\"@type\":\"PropertyValueSpecification\",\"valueRequired\":true,\"valueName\":\"search_term_string\"}}],\"inLanguage\":\"ca\"},{\"@type\":\"Organization\",\"@id\":\"https:\\\/\\\/mineraleslunallena.com\\\/#organization\",\"name\":\"LUNA LLENA MINERALES\",\"url\":\"https:\\\/\\\/mineraleslunallena.com\\\/\",\"logo\":{\"@type\":\"ImageObject\",\"inLanguage\":\"ca\",\"@id\":\"https:\\\/\\\/mineraleslunallena.com\\\/#\\\/schema\\\/logo\\\/image\\\/\",\"url\":\"https:\\\/\\\/mineraleslunallena.com\\\/wp-content\\\/uploads\\\/2023\\\/07\\\/LUNA-LLENA-LOGO-nuevo.png\",\"contentUrl\":\"https:\\\/\\\/mineraleslunallena.com\\\/wp-content\\\/uploads\\\/2023\\\/07\\\/LUNA-LLENA-LOGO-nuevo.png\",\"width\":229,\"height\":167,\"caption\":\"LUNA LLENA MINERALES\"},\"image\":{\"@id\":\"https:\\\/\\\/mineraleslunallena.com\\\/#\\\/schema\\\/logo\\\/image\\\/\"}}]}<\/script>\n<!-- \/ Yoast SEO plugin. -->","yoast_head_json":{"title":"Geoda de \u00c1gata y Cuarzo Calidad Extra | Equilibrio \u2013 Energ\u00eda \u2013 Claridad - MINERALES LUNA LLENA","robots":{"index":"index","follow":"follow","max-snippet":"max-snippet:-1","max-image-preview":"max-image-preview:large","max-video-preview":"max-video-preview:-1"},"canonical":"https:\/\/mineraleslunallena.com\/ca\/producte\/geoda-de-agata-y-cuarzo-calidad-extra-equilibrio-energia-claridad\/","og_locale":"ca_ES","og_type":"article","og_title":"Geoda de \u00c1gata y Cuarzo Calidad Extra | Equilibrio \u2013 Energ\u00eda \u2013 Claridad - MINERALES LUNA LLENA","og_description":"Esta impresionante geoda de \u00c1gata con formaciones de Cuarzo, calidad extra, destaca por su belleza natural y su poderosa energ\u00eda. El \u00c1gata aporta estabilidad emocional, equilibrio y serenidad, ayudando a fortalecer la seguridad interior. El Cuarzo amplifica las vibraciones positivas, potencia la claridad mental y favorece el bienestar general. En el plano espiritual, esta combinaci\u00f3n crea un campo energ\u00e9tico protector y revitalizante, ideal para meditaci\u00f3n, trabajo energ\u00e9tico o para armonizar cualquier espacio. En cromoterapia, la uni\u00f3n de los tonos naturales del \u00c1gata con la pureza cristalina del Cuarzo simboliza calma, renovaci\u00f3n y claridad, convirtiendo esta geoda en un verdadero centro de energ\u00eda y belleza. Una pieza \u00fanica de colecci\u00f3n y calidad extra, perfecta tanto para quienes trabajan con energ\u00eda mineral como para quienes buscan un elemento decorativo exclusivo. Cantidad: 1 Unidad. El precio es por una unidad.Tama\u00f1o: 14 cm aprox.Forma: Geoda, Calidad Extra.","og_url":"https:\/\/mineraleslunallena.com\/ca\/producte\/geoda-de-agata-y-cuarzo-calidad-extra-equilibrio-energia-claridad\/","og_site_name":"MINERALES LUNA LLENA","og_image":[{"width":1153,"height":2560,"url":"https:\/\/mineraleslunallena.com\/wp-content\/uploads\/2025\/08\/geoda-cuarrzo-agata-scaled.jpg","type":"image\/jpeg"}],"twitter_card":"summary_large_image","twitter_misc":{"Temps estimat de lectura":"1 minut"},"schema":{"@context":"https:\/\/schema.org","@graph":[{"@type":"WebPage","@id":"https:\/\/mineraleslunallena.com\/producto\/geoda-de-agata-y-cuarzo-calidad-extra-equilibrio-energia-claridad\/","url":"https:\/\/mineraleslunallena.com\/producto\/geoda-de-agata-y-cuarzo-calidad-extra-equilibrio-energia-claridad\/","name":"Geoda de \u00c1gata y Cuarzo Calidad Extra | Equilibrio \u2013 Energ\u00eda \u2013 Claridad - MINERALES LUNA LLENA","isPartOf":{"@id":"https:\/\/mineraleslunallena.com\/#website"},"primaryImageOfPage":{"@id":"https:\/\/mineraleslunallena.com\/producto\/geoda-de-agata-y-cuarzo-calidad-extra-equilibrio-energia-claridad\/#primaryimage"},"image":{"@id":"https:\/\/mineraleslunallena.com\/producto\/geoda-de-agata-y-cuarzo-calidad-extra-equilibrio-energia-claridad\/#primaryimage"},"thumbnailUrl":"https:\/\/mineraleslunallena.com\/wp-content\/uploads\/2025\/08\/geoda-cuarrzo-agata-scaled.jpg","datePublished":"2025-08-19T13:16:36+00:00","breadcrumb":{"@id":"https:\/\/mineraleslunallena.com\/producto\/geoda-de-agata-y-cuarzo-calidad-extra-equilibrio-energia-claridad\/#breadcrumb"},"inLanguage":"ca","potentialAction":[{"@type":"ReadAction","target":["https:\/\/mineraleslunallena.com\/producto\/geoda-de-agata-y-cuarzo-calidad-extra-equilibrio-energia-claridad\/"]}]},{"@type":"ImageObject","inLanguage":"ca","@id":"https:\/\/mineraleslunallena.com\/producto\/geoda-de-agata-y-cuarzo-calidad-extra-equilibrio-energia-claridad\/#primaryimage","url":"https:\/\/mineraleslunallena.com\/wp-content\/uploads\/2025\/08\/geoda-cuarrzo-agata-scaled.jpg","contentUrl":"https:\/\/mineraleslunallena.com\/wp-content\/uploads\/2025\/08\/geoda-cuarrzo-agata-scaled.jpg","width":1153,"height":2560},{"@type":"BreadcrumbList","@id":"https:\/\/mineraleslunallena.com\/producto\/geoda-de-agata-y-cuarzo-calidad-extra-equilibrio-energia-claridad\/#breadcrumb","itemListElement":[{"@type":"ListItem","position":1,"name":"Portada","item":"https:\/\/mineraleslunallena.com\/"},{"@type":"ListItem","position":2,"name":"Shop","item":"https:\/\/mineraleslunallena.com\/ca\/shop\/"},{"@type":"ListItem","position":3,"name":"Geoda de \u00c1gata y Cuarzo Calidad Extra | Equilibrio \u2013 Energ\u00eda \u2013 Claridad"}]},{"@type":"WebSite","@id":"https:\/\/mineraleslunallena.com\/#website","url":"https:\/\/mineraleslunallena.com\/","name":"LLUNA PLENA MINERALS","description":"\u00c9s el moment de connectar-te amb el teu poder i confiar en les teves habilitats.","publisher":{"@id":"https:\/\/mineraleslunallena.com\/#organization"},"potentialAction":[{"@type":"SearchAction","target":{"@type":"EntryPoint","urlTemplate":"https:\/\/mineraleslunallena.com\/?s={search_term_string}"},"query-input":{"@type":"PropertyValueSpecification","valueRequired":true,"valueName":"search_term_string"}}],"inLanguage":"ca"},{"@type":"Organization","@id":"https:\/\/mineraleslunallena.com\/#organization","name":"LLUNA PLENA MINERALS","url":"https:\/\/mineraleslunallena.com\/","logo":{"@type":"ImageObject","inLanguage":"ca","@id":"https:\/\/mineraleslunallena.com\/#\/schema\/logo\/image\/","url":"https:\/\/mineraleslunallena.com\/wp-content\/uploads\/2023\/07\/LUNA-LLENA-LOGO-nuevo.png","contentUrl":"https:\/\/mineraleslunallena.com\/wp-content\/uploads\/2023\/07\/LUNA-LLENA-LOGO-nuevo.png","width":229,"height":167,"caption":"LUNA LLENA MINERALES"},"image":{"@id":"https:\/\/mineraleslunallena.com\/#\/schema\/logo\/image\/"}}]}},"_links":{"self":[{"href":"https:\/\/mineraleslunallena.com\/ca\/wp-json\/wp\/v2\/product\/8736","targetHints":{"allow":["GET"]}}],"collection":[{"href":"https:\/\/mineraleslunallena.com\/ca\/wp-json\/wp\/v2\/product"}],"about":[{"href":"https:\/\/mineraleslunallena.com\/ca\/wp-json\/wp\/v2\/types\/product"}],"version-history":[{"count":1,"href":"https:\/\/mineraleslunallena.com\/ca\/wp-json\/wp\/v2\/product\/8736\/revisions"}],"predecessor-version":[{"id":8738,"href":"https:\/\/mineraleslunallena.com\/ca\/wp-json\/wp\/v2\/product\/8736\/revisions\/8738"}],"wp:featuredmedia":[{"embeddable":true,"href":"https:\/\/mineraleslunallena.com\/ca\/wp-json\/wp\/v2\/media\/8737"}],"wp:attachment":[{"href":"https:\/\/mineraleslunallena.com\/ca\/wp-json\/wp\/v2\/media?parent=8736"}],"wp:term":[{"taxonomy":"product_cat","embeddable":true,"href":"https:\/\/mineraleslunallena.com\/ca\/wp-json\/wp\/v2\/product_cat?post=8736"},{"taxonomy":"product_tag","embeddable":true,"href":"https:\/\/mineraleslunallena.com\/ca\/wp-json\/wp\/v2\/product_tag?post=8736"}],"curies":[{"name":"wp","href":"https:\/\/api.w.org\/{rel}","templated":true}]}}