{"id":8739,"date":"2025-08-19T15:29:29","date_gmt":"2025-08-19T13:29:29","guid":{"rendered":"https:\/\/mineraleslunallena.com\/?post_type=product&#038;p=8739"},"modified":"2025-08-19T15:29:29","modified_gmt":"2025-08-19T13:29:29","slug":"drusa-de-cuarzo-cristal-en-peana-calidad-extra-purificacion-energia-claridad","status":"publish","type":"product","link":"https:\/\/mineraleslunallena.com\/ca\/producte\/drusa-de-cuarzo-cristal-en-peana-calidad-extra-purificacion-energia-claridad\/","title":{"rendered":"Drusa de Quars Vidre a Peana Qualitat Extra | Purificaci\u00f3 \u2013 Energia \u2013 Claredat"},"content":{"rendered":"<p data-start=\"229\" data-end=\"418\">Esta espectacular <strong data-start=\"247\" data-end=\"298\">drusa de Cuarzo Cristal en peana, calidad extra<\/strong>, destaca por la pureza y luminosidad de sus cristales, que irradian energ\u00eda positiva y claridad en cualquier espacio.<\/p>\n<p data-start=\"420\" data-end=\"669\">El Cuarzo Cristal es un potente amplificador energ\u00e9tico, capaz de elevar la vibraci\u00f3n del entorno, potenciar la meditaci\u00f3n y favorecer la concentraci\u00f3n. Su energ\u00eda limpia y pura ayuda a transmutar bloqueos y a revitalizar la mente y las emociones.<\/p>\n<p data-start=\"671\" data-end=\"856\">En el plano espiritual, esta drusa funciona como un <strong data-start=\"723\" data-end=\"744\">centro de energ\u00eda<\/strong>, ideal para meditaci\u00f3n, rituales, espacios de trabajo o cualquier lugar donde se busque equilibrio y armon\u00eda.<\/p>\n<p data-start=\"858\" data-end=\"1030\">En cromoterapia, la transparencia y el brillo del Cuarzo simbolizan claridad, pureza y renovaci\u00f3n, haciendo de esta pieza un elemento decorativo y energ\u00e9tico excepcional.<\/p>\n<p data-start=\"1032\" data-end=\"1153\">Una pieza \u00fanica de <strong data-start=\"1051\" data-end=\"1080\">colecci\u00f3n y calidad extra<\/strong>, montada en peana para exhibirla con elegancia y potenciar su energ\u00eda.<\/p>\n<p data-start=\"1155\" data-end=\"1310\"><strong data-start=\"1155\" data-end=\"1168\">Quantitat:<\/strong> 1 Unidad. El precio es por una unidad.<br data-start=\"1207\" data-end=\"1210\" \/><strong data-start=\"1210\" data-end=\"1221\">Grand\u00e0ria:<\/strong> 14 cm aprox.<br data-start=\"1245\" data-end=\"1248\" \/><strong data-start=\"1248\" data-end=\"1257\">Peso:<\/strong> Entre 350 gr &#8211; 400 gr.<br data-start=\"1264\" data-end=\"1267\" \/><strong data-start=\"1267\" data-end=\"1277\">Forma:<\/strong> Drusa en Peana, Calidad Extra.<\/p>","protected":false},"excerpt":{"rendered":"<p data-start=\"229\" data-end=\"418\">Esta espectacular <strong data-start=\"247\" data-end=\"298\">drusa de Cuarzo Cristal en peana, calidad extra<\/strong>, destaca por la pureza y luminosidad de sus cristales, que irradian energ\u00eda positiva y claridad en cualquier espacio.<\/p>\n<p data-start=\"420\" data-end=\"669\">El Cuarzo Cristal es un potente amplificador energ\u00e9tico, capaz de elevar la vibraci\u00f3n del entorno, potenciar la meditaci\u00f3n y favorecer la concentraci\u00f3n. Su energ\u00eda limpia y pura ayuda a transmutar bloqueos y a revitalizar la mente y las emociones.<\/p>\n<p data-start=\"671\" data-end=\"856\">En el plano espiritual, esta drusa funciona como un <strong data-start=\"723\" data-end=\"744\">centro de energ\u00eda<\/strong>, ideal para meditaci\u00f3n, rituales, espacios de trabajo o cualquier lugar donde se busque equilibrio y armon\u00eda.<\/p>\n<p data-start=\"858\" data-end=\"1030\">En cromoterapia, la transparencia y el brillo del Cuarzo simbolizan claridad, pureza y renovaci\u00f3n, haciendo de esta pieza un elemento decorativo y energ\u00e9tico excepcional.<\/p>\n<p data-start=\"1032\" data-end=\"1153\">Una pieza \u00fanica de <strong data-start=\"1051\" data-end=\"1080\">colecci\u00f3n y calidad extra<\/strong>, montada en peana para exhibirla con elegancia y potenciar su energ\u00eda.<\/p>\n<p data-start=\"1155\" data-end=\"1310\"><strong data-start=\"1155\" data-end=\"1168\">Quantitat:<\/strong> 1 Unidad. El precio es por una unidad.<br data-start=\"1207\" data-end=\"1210\" \/><strong data-start=\"1210\" data-end=\"1221\">Grand\u00e0ria:<\/strong> 14 cm aprox.<br data-start=\"1245\" data-end=\"1248\" \/><strong data-start=\"1248\" data-end=\"1257\">Peso:<\/strong> Entre 350 gr &#8211; 400 gr.<br data-start=\"1264\" data-end=\"1267\" \/><strong data-start=\"1267\" data-end=\"1277\">Forma:<\/strong> Drusa en Peana, Calidad Extra.<\/p>","protected":false},"featured_media":8740,"template":"","meta":[],"product_cat":[107,69,106],"product_tag":[],"class_list":{"0":"post-8739","1":"product","2":"type-product","3":"status-publish","4":"has-post-thumbnail","6":"product_cat-drusas-y-geodas","7":"product_cat-minerales","8":"product_cat-piezas-unicas","10":"first","11":"instock","12":"sale","13":"taxable","14":"shipping-taxable","15":"purchasable","16":"product-type-simple"},"yoast_head":"<!-- This site is optimized with the Yoast SEO plugin v27.3 - https:\/\/yoast.com\/product\/yoast-seo-wordpress\/ -->\n<title>Drusa de Cuarzo Cristal en Peana Calidad Extra | Purificaci\u00f3n \u2013 Energ\u00eda \u2013 Claridad - MINERALES LUNA LLENA<\/title>\n<meta name=\"robots\" content=\"index, follow, max-snippet:-1, max-image-preview:large, max-video-preview:-1\" \/>\n<link rel=\"canonical\" href=\"https:\/\/mineraleslunallena.com\/ca\/producte\/drusa-de-cuarzo-cristal-en-peana-calidad-extra-purificacion-energia-claridad\/\" \/>\n<meta property=\"og:locale\" content=\"ca_ES\" \/>\n<meta property=\"og:type\" content=\"article\" \/>\n<meta property=\"og:title\" content=\"Drusa de Cuarzo Cristal en Peana Calidad Extra | Purificaci\u00f3n \u2013 Energ\u00eda \u2013 Claridad - MINERALES LUNA LLENA\" \/>\n<meta property=\"og:description\" content=\"Esta espectacular drusa de Cuarzo Cristal en peana, calidad extra, destaca por la pureza y luminosidad de sus cristales, que irradian energ\u00eda positiva y claridad en cualquier espacio. El Cuarzo Cristal es un potente amplificador energ\u00e9tico, capaz de elevar la vibraci\u00f3n del entorno, potenciar la meditaci\u00f3n y favorecer la concentraci\u00f3n. Su energ\u00eda limpia y pura ayuda a transmutar bloqueos y a revitalizar la mente y las emociones. En el plano espiritual, esta drusa funciona como un centro de energ\u00eda, ideal para meditaci\u00f3n, rituales, espacios de trabajo o cualquier lugar donde se busque equilibrio y armon\u00eda. En cromoterapia, la transparencia y el brillo del Cuarzo simbolizan claridad, pureza y renovaci\u00f3n, haciendo de esta pieza un elemento decorativo y energ\u00e9tico excepcional. Una pieza \u00fanica de colecci\u00f3n y calidad extra, montada en peana para exhibirla con elegancia y potenciar su energ\u00eda. Cantidad: 1 Unidad. El precio es por una unidad.Tama\u00f1o: 14 cm aprox.Peso: Entre 350 gr - 400 gr.Forma: Drusa en Peana, Calidad Extra.\" \/>\n<meta property=\"og:url\" content=\"https:\/\/mineraleslunallena.com\/ca\/producte\/drusa-de-cuarzo-cristal-en-peana-calidad-extra-purificacion-energia-claridad\/\" \/>\n<meta property=\"og:site_name\" content=\"MINERALES LUNA LLENA\" \/>\n<meta property=\"og:image\" content=\"https:\/\/mineraleslunallena.com\/wp-content\/uploads\/2025\/08\/drusacuarzocrital2-scaled.jpg\" \/>\n\t<meta property=\"og:image:width\" content=\"1153\" \/>\n\t<meta property=\"og:image:height\" content=\"2560\" \/>\n\t<meta property=\"og:image:type\" content=\"image\/jpeg\" \/>\n<meta name=\"twitter:card\" content=\"summary_large_image\" \/>\n<meta name=\"twitter:label1\" content=\"Temps estimat de lectura\" \/>\n\t<meta name=\"twitter:data1\" content=\"1 minut\" \/>\n<script type=\"application\/ld+json\" class=\"yoast-schema-graph\">{\"@context\":\"https:\\\/\\\/schema.org\",\"@graph\":[{\"@type\":\"WebPage\",\"@id\":\"https:\\\/\\\/mineraleslunallena.com\\\/producto\\\/drusa-de-cuarzo-cristal-en-peana-calidad-extra-purificacion-energia-claridad\\\/\",\"url\":\"https:\\\/\\\/mineraleslunallena.com\\\/producto\\\/drusa-de-cuarzo-cristal-en-peana-calidad-extra-purificacion-energia-claridad\\\/\",\"name\":\"Drusa de Cuarzo Cristal en Peana Calidad Extra | Purificaci\u00f3n \u2013 Energ\u00eda \u2013 Claridad - MINERALES LUNA LLENA\",\"isPartOf\":{\"@id\":\"https:\\\/\\\/mineraleslunallena.com\\\/#website\"},\"primaryImageOfPage\":{\"@id\":\"https:\\\/\\\/mineraleslunallena.com\\\/producto\\\/drusa-de-cuarzo-cristal-en-peana-calidad-extra-purificacion-energia-claridad\\\/#primaryimage\"},\"image\":{\"@id\":\"https:\\\/\\\/mineraleslunallena.com\\\/producto\\\/drusa-de-cuarzo-cristal-en-peana-calidad-extra-purificacion-energia-claridad\\\/#primaryimage\"},\"thumbnailUrl\":\"https:\\\/\\\/mineraleslunallena.com\\\/wp-content\\\/uploads\\\/2025\\\/08\\\/drusacuarzocrital2-scaled.jpg\",\"datePublished\":\"2025-08-19T13:29:29+00:00\",\"breadcrumb\":{\"@id\":\"https:\\\/\\\/mineraleslunallena.com\\\/producto\\\/drusa-de-cuarzo-cristal-en-peana-calidad-extra-purificacion-energia-claridad\\\/#breadcrumb\"},\"inLanguage\":\"ca\",\"potentialAction\":[{\"@type\":\"ReadAction\",\"target\":[\"https:\\\/\\\/mineraleslunallena.com\\\/producto\\\/drusa-de-cuarzo-cristal-en-peana-calidad-extra-purificacion-energia-claridad\\\/\"]}]},{\"@type\":\"ImageObject\",\"inLanguage\":\"ca\",\"@id\":\"https:\\\/\\\/mineraleslunallena.com\\\/producto\\\/drusa-de-cuarzo-cristal-en-peana-calidad-extra-purificacion-energia-claridad\\\/#primaryimage\",\"url\":\"https:\\\/\\\/mineraleslunallena.com\\\/wp-content\\\/uploads\\\/2025\\\/08\\\/drusacuarzocrital2-scaled.jpg\",\"contentUrl\":\"https:\\\/\\\/mineraleslunallena.com\\\/wp-content\\\/uploads\\\/2025\\\/08\\\/drusacuarzocrital2-scaled.jpg\",\"width\":1153,\"height\":2560},{\"@type\":\"BreadcrumbList\",\"@id\":\"https:\\\/\\\/mineraleslunallena.com\\\/producto\\\/drusa-de-cuarzo-cristal-en-peana-calidad-extra-purificacion-energia-claridad\\\/#breadcrumb\",\"itemListElement\":[{\"@type\":\"ListItem\",\"position\":1,\"name\":\"Portada\",\"item\":\"https:\\\/\\\/mineraleslunallena.com\\\/\"},{\"@type\":\"ListItem\",\"position\":2,\"name\":\"Shop\",\"item\":\"https:\\\/\\\/mineraleslunallena.com\\\/ca\\\/shop\\\/\"},{\"@type\":\"ListItem\",\"position\":3,\"name\":\"Drusa de Cuarzo Cristal en Peana Calidad Extra | Purificaci\u00f3n \u2013 Energ\u00eda \u2013 Claridad\"}]},{\"@type\":\"WebSite\",\"@id\":\"https:\\\/\\\/mineraleslunallena.com\\\/#website\",\"url\":\"https:\\\/\\\/mineraleslunallena.com\\\/\",\"name\":\"LUNA LLENA MINERALES\",\"description\":\"Es el momento de conectarte con tu propio poder y confiar en tus habilidades.\",\"publisher\":{\"@id\":\"https:\\\/\\\/mineraleslunallena.com\\\/#organization\"},\"potentialAction\":[{\"@type\":\"SearchAction\",\"target\":{\"@type\":\"EntryPoint\",\"urlTemplate\":\"https:\\\/\\\/mineraleslunallena.com\\\/?s={search_term_string}\"},\"query-input\":{\"@type\":\"PropertyValueSpecification\",\"valueRequired\":true,\"valueName\":\"search_term_string\"}}],\"inLanguage\":\"ca\"},{\"@type\":\"Organization\",\"@id\":\"https:\\\/\\\/mineraleslunallena.com\\\/#organization\",\"name\":\"LUNA LLENA MINERALES\",\"url\":\"https:\\\/\\\/mineraleslunallena.com\\\/\",\"logo\":{\"@type\":\"ImageObject\",\"inLanguage\":\"ca\",\"@id\":\"https:\\\/\\\/mineraleslunallena.com\\\/#\\\/schema\\\/logo\\\/image\\\/\",\"url\":\"https:\\\/\\\/mineraleslunallena.com\\\/wp-content\\\/uploads\\\/2023\\\/07\\\/LUNA-LLENA-LOGO-nuevo.png\",\"contentUrl\":\"https:\\\/\\\/mineraleslunallena.com\\\/wp-content\\\/uploads\\\/2023\\\/07\\\/LUNA-LLENA-LOGO-nuevo.png\",\"width\":229,\"height\":167,\"caption\":\"LUNA LLENA MINERALES\"},\"image\":{\"@id\":\"https:\\\/\\\/mineraleslunallena.com\\\/#\\\/schema\\\/logo\\\/image\\\/\"}}]}<\/script>\n<!-- \/ Yoast SEO plugin. -->","yoast_head_json":{"title":"Drusa de Cuarzo Cristal en Peana Calidad Extra | Purificaci\u00f3n \u2013 Energ\u00eda \u2013 Claridad - MINERALES LUNA LLENA","robots":{"index":"index","follow":"follow","max-snippet":"max-snippet:-1","max-image-preview":"max-image-preview:large","max-video-preview":"max-video-preview:-1"},"canonical":"https:\/\/mineraleslunallena.com\/ca\/producte\/drusa-de-cuarzo-cristal-en-peana-calidad-extra-purificacion-energia-claridad\/","og_locale":"ca_ES","og_type":"article","og_title":"Drusa de Cuarzo Cristal en Peana Calidad Extra | Purificaci\u00f3n \u2013 Energ\u00eda \u2013 Claridad - MINERALES LUNA LLENA","og_description":"Esta espectacular drusa de Cuarzo Cristal en peana, calidad extra, destaca por la pureza y luminosidad de sus cristales, que irradian energ\u00eda positiva y claridad en cualquier espacio. El Cuarzo Cristal es un potente amplificador energ\u00e9tico, capaz de elevar la vibraci\u00f3n del entorno, potenciar la meditaci\u00f3n y favorecer la concentraci\u00f3n. Su energ\u00eda limpia y pura ayuda a transmutar bloqueos y a revitalizar la mente y las emociones. En el plano espiritual, esta drusa funciona como un centro de energ\u00eda, ideal para meditaci\u00f3n, rituales, espacios de trabajo o cualquier lugar donde se busque equilibrio y armon\u00eda. En cromoterapia, la transparencia y el brillo del Cuarzo simbolizan claridad, pureza y renovaci\u00f3n, haciendo de esta pieza un elemento decorativo y energ\u00e9tico excepcional. Una pieza \u00fanica de colecci\u00f3n y calidad extra, montada en peana para exhibirla con elegancia y potenciar su energ\u00eda. Cantidad: 1 Unidad. El precio es por una unidad.Tama\u00f1o: 14 cm aprox.Peso: Entre 350 gr - 400 gr.Forma: Drusa en Peana, Calidad Extra.","og_url":"https:\/\/mineraleslunallena.com\/ca\/producte\/drusa-de-cuarzo-cristal-en-peana-calidad-extra-purificacion-energia-claridad\/","og_site_name":"MINERALES LUNA LLENA","og_image":[{"width":1153,"height":2560,"url":"https:\/\/mineraleslunallena.com\/wp-content\/uploads\/2025\/08\/drusacuarzocrital2-scaled.jpg","type":"image\/jpeg"}],"twitter_card":"summary_large_image","twitter_misc":{"Temps estimat de lectura":"1 minut"},"schema":{"@context":"https:\/\/schema.org","@graph":[{"@type":"WebPage","@id":"https:\/\/mineraleslunallena.com\/producto\/drusa-de-cuarzo-cristal-en-peana-calidad-extra-purificacion-energia-claridad\/","url":"https:\/\/mineraleslunallena.com\/producto\/drusa-de-cuarzo-cristal-en-peana-calidad-extra-purificacion-energia-claridad\/","name":"Drusa de Cuarzo Cristal en Peana Calidad Extra | Purificaci\u00f3n \u2013 Energ\u00eda \u2013 Claridad - MINERALES LUNA LLENA","isPartOf":{"@id":"https:\/\/mineraleslunallena.com\/#website"},"primaryImageOfPage":{"@id":"https:\/\/mineraleslunallena.com\/producto\/drusa-de-cuarzo-cristal-en-peana-calidad-extra-purificacion-energia-claridad\/#primaryimage"},"image":{"@id":"https:\/\/mineraleslunallena.com\/producto\/drusa-de-cuarzo-cristal-en-peana-calidad-extra-purificacion-energia-claridad\/#primaryimage"},"thumbnailUrl":"https:\/\/mineraleslunallena.com\/wp-content\/uploads\/2025\/08\/drusacuarzocrital2-scaled.jpg","datePublished":"2025-08-19T13:29:29+00:00","breadcrumb":{"@id":"https:\/\/mineraleslunallena.com\/producto\/drusa-de-cuarzo-cristal-en-peana-calidad-extra-purificacion-energia-claridad\/#breadcrumb"},"inLanguage":"ca","potentialAction":[{"@type":"ReadAction","target":["https:\/\/mineraleslunallena.com\/producto\/drusa-de-cuarzo-cristal-en-peana-calidad-extra-purificacion-energia-claridad\/"]}]},{"@type":"ImageObject","inLanguage":"ca","@id":"https:\/\/mineraleslunallena.com\/producto\/drusa-de-cuarzo-cristal-en-peana-calidad-extra-purificacion-energia-claridad\/#primaryimage","url":"https:\/\/mineraleslunallena.com\/wp-content\/uploads\/2025\/08\/drusacuarzocrital2-scaled.jpg","contentUrl":"https:\/\/mineraleslunallena.com\/wp-content\/uploads\/2025\/08\/drusacuarzocrital2-scaled.jpg","width":1153,"height":2560},{"@type":"BreadcrumbList","@id":"https:\/\/mineraleslunallena.com\/producto\/drusa-de-cuarzo-cristal-en-peana-calidad-extra-purificacion-energia-claridad\/#breadcrumb","itemListElement":[{"@type":"ListItem","position":1,"name":"Portada","item":"https:\/\/mineraleslunallena.com\/"},{"@type":"ListItem","position":2,"name":"Shop","item":"https:\/\/mineraleslunallena.com\/ca\/shop\/"},{"@type":"ListItem","position":3,"name":"Drusa de Cuarzo Cristal en Peana Calidad Extra | Purificaci\u00f3n \u2013 Energ\u00eda \u2013 Claridad"}]},{"@type":"WebSite","@id":"https:\/\/mineraleslunallena.com\/#website","url":"https:\/\/mineraleslunallena.com\/","name":"LLUNA PLENA MINERALS","description":"\u00c9s el moment de connectar-te amb el teu poder i confiar en les teves habilitats.","publisher":{"@id":"https:\/\/mineraleslunallena.com\/#organization"},"potentialAction":[{"@type":"SearchAction","target":{"@type":"EntryPoint","urlTemplate":"https:\/\/mineraleslunallena.com\/?s={search_term_string}"},"query-input":{"@type":"PropertyValueSpecification","valueRequired":true,"valueName":"search_term_string"}}],"inLanguage":"ca"},{"@type":"Organization","@id":"https:\/\/mineraleslunallena.com\/#organization","name":"LLUNA PLENA MINERALS","url":"https:\/\/mineraleslunallena.com\/","logo":{"@type":"ImageObject","inLanguage":"ca","@id":"https:\/\/mineraleslunallena.com\/#\/schema\/logo\/image\/","url":"https:\/\/mineraleslunallena.com\/wp-content\/uploads\/2023\/07\/LUNA-LLENA-LOGO-nuevo.png","contentUrl":"https:\/\/mineraleslunallena.com\/wp-content\/uploads\/2023\/07\/LUNA-LLENA-LOGO-nuevo.png","width":229,"height":167,"caption":"LUNA LLENA MINERALES"},"image":{"@id":"https:\/\/mineraleslunallena.com\/#\/schema\/logo\/image\/"}}]}},"_links":{"self":[{"href":"https:\/\/mineraleslunallena.com\/ca\/wp-json\/wp\/v2\/product\/8739","targetHints":{"allow":["GET"]}}],"collection":[{"href":"https:\/\/mineraleslunallena.com\/ca\/wp-json\/wp\/v2\/product"}],"about":[{"href":"https:\/\/mineraleslunallena.com\/ca\/wp-json\/wp\/v2\/types\/product"}],"version-history":[{"count":1,"href":"https:\/\/mineraleslunallena.com\/ca\/wp-json\/wp\/v2\/product\/8739\/revisions"}],"predecessor-version":[{"id":8742,"href":"https:\/\/mineraleslunallena.com\/ca\/wp-json\/wp\/v2\/product\/8739\/revisions\/8742"}],"wp:featuredmedia":[{"embeddable":true,"href":"https:\/\/mineraleslunallena.com\/ca\/wp-json\/wp\/v2\/media\/8740"}],"wp:attachment":[{"href":"https:\/\/mineraleslunallena.com\/ca\/wp-json\/wp\/v2\/media?parent=8739"}],"wp:term":[{"taxonomy":"product_cat","embeddable":true,"href":"https:\/\/mineraleslunallena.com\/ca\/wp-json\/wp\/v2\/product_cat?post=8739"},{"taxonomy":"product_tag","embeddable":true,"href":"https:\/\/mineraleslunallena.com\/ca\/wp-json\/wp\/v2\/product_tag?post=8739"}],"curies":[{"name":"wp","href":"https:\/\/api.w.org\/{rel}","templated":true}]}}