{"id":8743,"date":"2025-08-19T16:16:00","date_gmt":"2025-08-19T14:16:00","guid":{"rendered":"https:\/\/mineraleslunallena.com\/?post_type=product&#038;p=8743"},"modified":"2025-08-19T16:17:04","modified_gmt":"2025-08-19T14:17:04","slug":"ritual-artesanal-personalizado-gaia-magia-natural-y-energia-sanadora","status":"publish","type":"product","link":"https:\/\/mineraleslunallena.com\/ca\/producte\/ritual-artesanal-personalizado-gaia-magia-natural-y-energia-sanadora\/","title":{"rendered":"Ritual Artesanal Personalitzat Gaia | M\u00e0gia Natural i Energia Sanadora"},"content":{"rendered":"<p data-start=\"261\" data-end=\"431\">Cada <strong data-start=\"266\" data-end=\"285\">Espelma Deessa Gaia<\/strong> est\u00e0 feta a m\u00e0 \u00e9s part d&#039;un Ritual per Atreure Protecci\u00f3, Purificaci\u00f3, Intu\u00efci\u00f3, Manifestaci\u00f3 i Equilibri Emocional.<\/p>\n<p data-start=\"433\" data-end=\"487\">Pots triar <strong data-start=\"447\" data-end=\"484\">com voleu viure l&#039;experi\u00e8ncia<\/strong>:<\/p>\n<p data-start=\"490\" data-end=\"580\"><strong data-start=\"95\" data-end=\"114\">Fes-ho tu mateixa:<\/strong> Elaboro la teva espelma artesanal amb tota la cura i energia necess\u00e0ria, personalitzant-la segons la teva intenci\u00f3, t&#039;ho envio perqu\u00e8 facis el teu propi ritual a casa. Ritual complet per fer a casa: Transforma el teu espai a un altar. T&#039;enviem tot el necessari perqu\u00e8 facis el teu ritual de manera \u00edntima i personal.<\/p>\n<p data-start=\"490\" data-end=\"580\">Viu l&#039;experi\u00e8ncia m\u00e0gica des del teu espai.<\/p>\n<p data-start=\"583\" data-end=\"717\"><strong data-start=\"583\" data-end=\"611\">Ritual al meu espai:<\/strong> Ritual realitzat per mi: Elaboro la teva espelma artesanal amb tota la cura i l&#039;energia necess\u00e0ria, personalitzant-la segons la teva intenci\u00f3 i realitzant el ritual complet al meu espai, perqu\u00e8 rebis el seu efecte ja carregat i potent, creant un ritual \u00fanic i exclusiu per a tu.<\/p>\n<p data-start=\"719\" data-end=\"849\">Cada espelma \u00e9s <strong data-start=\"732\" data-end=\"764\">\u00fanica i feta artesanalment<\/strong>, pensada per potenciar les teves intencions i generar un ambient denergia positiva.<\/p>\n<p data-start=\"851\" data-end=\"1030\"><strong data-start=\"851\" data-end=\"864\">Quantitat:<\/strong> 1 Unitat. El preu \u00e9s per la vela i el ritual segons l&#039;opci\u00f3 escollida.<br data-start=\"936\" data-end=\"939\" \/><strong data-start=\"939\" data-end=\"965\">Temps de preparaci\u00f3:<\/strong> Feta per enc\u00e0rrec.<br data-start=\"984\" data-end=\"987\" \/><strong data-start=\"987\" data-end=\"997\">Forma:<\/strong> Espelma artesanal, personalitzada.<\/p>","protected":false},"excerpt":{"rendered":"<p data-start=\"261\" data-end=\"431\">Cada <strong data-start=\"266\" data-end=\"285\">Espelma Deessa Gaia<\/strong> est\u00e0 feta a m\u00e0 \u00e9s part d&#039;un Ritual per Atreure Protecci\u00f3, Purificaci\u00f3, Intu\u00efci\u00f3, Manifestaci\u00f3 i Equilibri Emocional.<\/p>\n<p data-start=\"433\" data-end=\"487\">Pots triar <strong data-start=\"447\" data-end=\"484\">com voleu viure l&#039;experi\u00e8ncia<\/strong>:<\/p>\n<p data-start=\"490\" data-end=\"580\"><strong data-start=\"95\" data-end=\"114\">Fes-ho tu mateixa:<\/strong> Elaboro la teva espelma artesanal amb tota la cura i energia necess\u00e0ria, personalitzant-la segons la teva intenci\u00f3, t&#039;ho envio perqu\u00e8 facis el teu propi ritual a casa. Ritual complet per fer a casa: Transforma el teu espai a un altar. T&#039;enviem tot el necessari perqu\u00e8 facis el teu ritual de manera \u00edntima i personal.<\/p>\n<p data-start=\"490\" data-end=\"580\">Viu l&#039;experi\u00e8ncia m\u00e0gica des del teu espai.<\/p>\n<p data-start=\"583\" data-end=\"717\"><strong data-start=\"583\" data-end=\"611\">Ritual al meu espai:<\/strong> Ritual realitzat per mi: Elaboro la teva espelma artesanal amb tota la cura i l&#039;energia necess\u00e0ria, personalitzant-la segons la teva intenci\u00f3 i realitzant el ritual complet al meu espai, perqu\u00e8 rebis el seu efecte ja carregat i potent, creant un ritual \u00fanic i exclusiu per a tu.<\/p>\n<p data-start=\"719\" data-end=\"849\">Cada espelma \u00e9s <strong data-start=\"732\" data-end=\"764\">\u00fanica i feta artesanalment<\/strong>, pensada per potenciar les teves intencions i generar un ambient denergia positiva.<\/p>\n<p data-start=\"851\" data-end=\"1030\"><strong data-start=\"851\" data-end=\"864\">Quantitat:<\/strong> 1 Unitat. El preu \u00e9s per la vela i el ritual segons l&#039;opci\u00f3 escollida.<br data-start=\"936\" data-end=\"939\" \/><strong data-start=\"939\" data-end=\"965\">Temps de preparaci\u00f3:<\/strong> Feta per enc\u00e0rrec.<br data-start=\"984\" data-end=\"987\" \/><strong data-start=\"987\" data-end=\"997\">Forma:<\/strong> Espelma artesanal, personalitzada.<\/p>","protected":false},"featured_media":8744,"template":"","meta":[],"product_cat":[98,113],"product_tag":[],"class_list":{"0":"post-8743","1":"product","2":"type-product","3":"status-publish","4":"has-post-thumbnail","6":"product_cat-incienso","7":"product_cat-rituales-velas-y-velones","9":"first","10":"instock","11":"taxable","12":"shipping-taxable","13":"purchasable","14":"product-type-variable"},"yoast_head":"<!-- This site is optimized with the Yoast SEO plugin v27.3 - https:\/\/yoast.com\/product\/yoast-seo-wordpress\/ -->\n<title>Ritual Artesanal Personalizado Gaia | Magia Natural y Energ\u00eda Sanadora - MINERALES LUNA LLENA<\/title>\n<meta name=\"robots\" content=\"index, follow, max-snippet:-1, max-image-preview:large, max-video-preview:-1\" \/>\n<link rel=\"canonical\" href=\"https:\/\/mineraleslunallena.com\/ca\/producte\/ritual-artesanal-personalizado-gaia-magia-natural-y-energia-sanadora\/\" \/>\n<meta property=\"og:locale\" content=\"ca_ES\" \/>\n<meta property=\"og:type\" content=\"article\" \/>\n<meta property=\"og:title\" content=\"Ritual Artesanal Personalizado Gaia | Magia Natural y Energ\u00eda Sanadora - MINERALES LUNA LLENA\" \/>\n<meta property=\"og:description\" content=\"Cada Vela Diosa Gaia est\u00e1 hecha a mano\u00a0 es parte de un Ritual para Atraer Protecci\u00f3n, Purificaci\u00f3n, Intuici\u00f3n, Manifestaci\u00f3n y Equilibrio Emocional. Puedes elegir c\u00f3mo quieres vivir la experiencia: Hazlo t\u00fa misma: Elaboro tu vela artesanal con todo el cuidado y energ\u00eda necesaria, personaliz\u00e1ndola seg\u00fan tu intenci\u00f3n, te la env\u00edo para que realices tu propio ritual en casa. Ritual completo para hacer en casa: Transforma tu espacio en un altar. Te enviamos todo lo necesario para que realices tu ritual de forma \u00edntima y personal. Vive la experiencia m\u00e1gica desde tu propio espacio. Ritual en mi espacio: Ritual realizado por m\u00ed: Elaboro tu vela artesanal con todo el cuidado y la energ\u00eda necesaria, personaliz\u00e1ndola seg\u00fan tu intenci\u00f3n y realizando el ritual completo en mi espacio, para que recibas su efecto ya cargado y potente, creando un ritual \u00fanico y exclusivo para ti. Cada vela es \u00fanica y hecha artesanalmente, pensada para potenciar tus intenciones y generar un ambiente de energ\u00eda positiva. Cantidad: 1 Unidad. El precio es por la vela y el ritual seg\u00fan la opci\u00f3n elegida.Tiempo de preparaci\u00f3n: Hecha por encargo.Forma: Vela artesanal, personalizada.\" \/>\n<meta property=\"og:url\" content=\"https:\/\/mineraleslunallena.com\/ca\/producte\/ritual-artesanal-personalizado-gaia-magia-natural-y-energia-sanadora\/\" \/>\n<meta property=\"og:site_name\" content=\"MINERALES LUNA LLENA\" \/>\n<meta property=\"article:modified_time\" content=\"2025-08-19T14:17:04+00:00\" \/>\n<meta property=\"og:image\" content=\"https:\/\/mineraleslunallena.com\/wp-content\/uploads\/2025\/08\/IMG_20250808_120618-scaled.jpg\" \/>\n\t<meta property=\"og:image:width\" content=\"1153\" \/>\n\t<meta property=\"og:image:height\" content=\"2560\" \/>\n\t<meta property=\"og:image:type\" content=\"image\/jpeg\" \/>\n<meta name=\"twitter:card\" content=\"summary_large_image\" \/>\n<meta name=\"twitter:label1\" content=\"Temps estimat de lectura\" \/>\n\t<meta name=\"twitter:data1\" content=\"2 minuts\" \/>\n<script type=\"application\/ld+json\" class=\"yoast-schema-graph\">{\"@context\":\"https:\\\/\\\/schema.org\",\"@graph\":[{\"@type\":\"WebPage\",\"@id\":\"https:\\\/\\\/mineraleslunallena.com\\\/producto\\\/ritual-artesanal-personalizado-gaia-magia-natural-y-energia-sanadora\\\/\",\"url\":\"https:\\\/\\\/mineraleslunallena.com\\\/producto\\\/ritual-artesanal-personalizado-gaia-magia-natural-y-energia-sanadora\\\/\",\"name\":\"Ritual Artesanal Personalizado Gaia | Magia Natural y Energ\u00eda Sanadora - MINERALES LUNA LLENA\",\"isPartOf\":{\"@id\":\"https:\\\/\\\/mineraleslunallena.com\\\/#website\"},\"primaryImageOfPage\":{\"@id\":\"https:\\\/\\\/mineraleslunallena.com\\\/producto\\\/ritual-artesanal-personalizado-gaia-magia-natural-y-energia-sanadora\\\/#primaryimage\"},\"image\":{\"@id\":\"https:\\\/\\\/mineraleslunallena.com\\\/producto\\\/ritual-artesanal-personalizado-gaia-magia-natural-y-energia-sanadora\\\/#primaryimage\"},\"thumbnailUrl\":\"https:\\\/\\\/mineraleslunallena.com\\\/wp-content\\\/uploads\\\/2025\\\/08\\\/IMG_20250808_120618-scaled.jpg\",\"datePublished\":\"2025-08-19T14:16:00+00:00\",\"dateModified\":\"2025-08-19T14:17:04+00:00\",\"breadcrumb\":{\"@id\":\"https:\\\/\\\/mineraleslunallena.com\\\/producto\\\/ritual-artesanal-personalizado-gaia-magia-natural-y-energia-sanadora\\\/#breadcrumb\"},\"inLanguage\":\"ca\",\"potentialAction\":[{\"@type\":\"ReadAction\",\"target\":[\"https:\\\/\\\/mineraleslunallena.com\\\/producto\\\/ritual-artesanal-personalizado-gaia-magia-natural-y-energia-sanadora\\\/\"]}]},{\"@type\":\"ImageObject\",\"inLanguage\":\"ca\",\"@id\":\"https:\\\/\\\/mineraleslunallena.com\\\/producto\\\/ritual-artesanal-personalizado-gaia-magia-natural-y-energia-sanadora\\\/#primaryimage\",\"url\":\"https:\\\/\\\/mineraleslunallena.com\\\/wp-content\\\/uploads\\\/2025\\\/08\\\/IMG_20250808_120618-scaled.jpg\",\"contentUrl\":\"https:\\\/\\\/mineraleslunallena.com\\\/wp-content\\\/uploads\\\/2025\\\/08\\\/IMG_20250808_120618-scaled.jpg\",\"width\":1153,\"height\":2560},{\"@type\":\"BreadcrumbList\",\"@id\":\"https:\\\/\\\/mineraleslunallena.com\\\/producto\\\/ritual-artesanal-personalizado-gaia-magia-natural-y-energia-sanadora\\\/#breadcrumb\",\"itemListElement\":[{\"@type\":\"ListItem\",\"position\":1,\"name\":\"Portada\",\"item\":\"https:\\\/\\\/mineraleslunallena.com\\\/\"},{\"@type\":\"ListItem\",\"position\":2,\"name\":\"Shop\",\"item\":\"https:\\\/\\\/mineraleslunallena.com\\\/ca\\\/shop\\\/\"},{\"@type\":\"ListItem\",\"position\":3,\"name\":\"Ritual Artesanal Personalizado Gaia | Magia Natural y Energ\u00eda Sanadora\"}]},{\"@type\":\"WebSite\",\"@id\":\"https:\\\/\\\/mineraleslunallena.com\\\/#website\",\"url\":\"https:\\\/\\\/mineraleslunallena.com\\\/\",\"name\":\"LUNA LLENA MINERALES\",\"description\":\"Es el momento de conectarte con tu propio poder y confiar en tus habilidades.\",\"publisher\":{\"@id\":\"https:\\\/\\\/mineraleslunallena.com\\\/#organization\"},\"potentialAction\":[{\"@type\":\"SearchAction\",\"target\":{\"@type\":\"EntryPoint\",\"urlTemplate\":\"https:\\\/\\\/mineraleslunallena.com\\\/?s={search_term_string}\"},\"query-input\":{\"@type\":\"PropertyValueSpecification\",\"valueRequired\":true,\"valueName\":\"search_term_string\"}}],\"inLanguage\":\"ca\"},{\"@type\":\"Organization\",\"@id\":\"https:\\\/\\\/mineraleslunallena.com\\\/#organization\",\"name\":\"LUNA LLENA MINERALES\",\"url\":\"https:\\\/\\\/mineraleslunallena.com\\\/\",\"logo\":{\"@type\":\"ImageObject\",\"inLanguage\":\"ca\",\"@id\":\"https:\\\/\\\/mineraleslunallena.com\\\/#\\\/schema\\\/logo\\\/image\\\/\",\"url\":\"https:\\\/\\\/mineraleslunallena.com\\\/wp-content\\\/uploads\\\/2023\\\/07\\\/LUNA-LLENA-LOGO-nuevo.png\",\"contentUrl\":\"https:\\\/\\\/mineraleslunallena.com\\\/wp-content\\\/uploads\\\/2023\\\/07\\\/LUNA-LLENA-LOGO-nuevo.png\",\"width\":229,\"height\":167,\"caption\":\"LUNA LLENA MINERALES\"},\"image\":{\"@id\":\"https:\\\/\\\/mineraleslunallena.com\\\/#\\\/schema\\\/logo\\\/image\\\/\"}}]}<\/script>\n<!-- \/ Yoast SEO plugin. -->","yoast_head_json":{"title":"Ritual Artesanal Personalizado Gaia | Magia Natural y Energ\u00eda Sanadora - MINERALES LUNA LLENA","robots":{"index":"index","follow":"follow","max-snippet":"max-snippet:-1","max-image-preview":"max-image-preview:large","max-video-preview":"max-video-preview:-1"},"canonical":"https:\/\/mineraleslunallena.com\/ca\/producte\/ritual-artesanal-personalizado-gaia-magia-natural-y-energia-sanadora\/","og_locale":"ca_ES","og_type":"article","og_title":"Ritual Artesanal Personalizado Gaia | Magia Natural y Energ\u00eda Sanadora - MINERALES LUNA LLENA","og_description":"Cada Vela Diosa Gaia est\u00e1 hecha a mano\u00a0 es parte de un Ritual para Atraer Protecci\u00f3n, Purificaci\u00f3n, Intuici\u00f3n, Manifestaci\u00f3n y Equilibrio Emocional. Puedes elegir c\u00f3mo quieres vivir la experiencia: Hazlo t\u00fa misma: Elaboro tu vela artesanal con todo el cuidado y energ\u00eda necesaria, personaliz\u00e1ndola seg\u00fan tu intenci\u00f3n, te la env\u00edo para que realices tu propio ritual en casa. Ritual completo para hacer en casa: Transforma tu espacio en un altar. Te enviamos todo lo necesario para que realices tu ritual de forma \u00edntima y personal. Vive la experiencia m\u00e1gica desde tu propio espacio. Ritual en mi espacio: Ritual realizado por m\u00ed: Elaboro tu vela artesanal con todo el cuidado y la energ\u00eda necesaria, personaliz\u00e1ndola seg\u00fan tu intenci\u00f3n y realizando el ritual completo en mi espacio, para que recibas su efecto ya cargado y potente, creando un ritual \u00fanico y exclusivo para ti. Cada vela es \u00fanica y hecha artesanalmente, pensada para potenciar tus intenciones y generar un ambiente de energ\u00eda positiva. Cantidad: 1 Unidad. El precio es por la vela y el ritual seg\u00fan la opci\u00f3n elegida.Tiempo de preparaci\u00f3n: Hecha por encargo.Forma: Vela artesanal, personalizada.","og_url":"https:\/\/mineraleslunallena.com\/ca\/producte\/ritual-artesanal-personalizado-gaia-magia-natural-y-energia-sanadora\/","og_site_name":"MINERALES LUNA LLENA","article_modified_time":"2025-08-19T14:17:04+00:00","og_image":[{"width":1153,"height":2560,"url":"https:\/\/mineraleslunallena.com\/wp-content\/uploads\/2025\/08\/IMG_20250808_120618-scaled.jpg","type":"image\/jpeg"}],"twitter_card":"summary_large_image","twitter_misc":{"Temps estimat de lectura":"2 minuts"},"schema":{"@context":"https:\/\/schema.org","@graph":[{"@type":"WebPage","@id":"https:\/\/mineraleslunallena.com\/producto\/ritual-artesanal-personalizado-gaia-magia-natural-y-energia-sanadora\/","url":"https:\/\/mineraleslunallena.com\/producto\/ritual-artesanal-personalizado-gaia-magia-natural-y-energia-sanadora\/","name":"Ritual Artesanal Personalizado Gaia | Magia Natural y Energ\u00eda Sanadora - MINERALES LUNA LLENA","isPartOf":{"@id":"https:\/\/mineraleslunallena.com\/#website"},"primaryImageOfPage":{"@id":"https:\/\/mineraleslunallena.com\/producto\/ritual-artesanal-personalizado-gaia-magia-natural-y-energia-sanadora\/#primaryimage"},"image":{"@id":"https:\/\/mineraleslunallena.com\/producto\/ritual-artesanal-personalizado-gaia-magia-natural-y-energia-sanadora\/#primaryimage"},"thumbnailUrl":"https:\/\/mineraleslunallena.com\/wp-content\/uploads\/2025\/08\/IMG_20250808_120618-scaled.jpg","datePublished":"2025-08-19T14:16:00+00:00","dateModified":"2025-08-19T14:17:04+00:00","breadcrumb":{"@id":"https:\/\/mineraleslunallena.com\/producto\/ritual-artesanal-personalizado-gaia-magia-natural-y-energia-sanadora\/#breadcrumb"},"inLanguage":"ca","potentialAction":[{"@type":"ReadAction","target":["https:\/\/mineraleslunallena.com\/producto\/ritual-artesanal-personalizado-gaia-magia-natural-y-energia-sanadora\/"]}]},{"@type":"ImageObject","inLanguage":"ca","@id":"https:\/\/mineraleslunallena.com\/producto\/ritual-artesanal-personalizado-gaia-magia-natural-y-energia-sanadora\/#primaryimage","url":"https:\/\/mineraleslunallena.com\/wp-content\/uploads\/2025\/08\/IMG_20250808_120618-scaled.jpg","contentUrl":"https:\/\/mineraleslunallena.com\/wp-content\/uploads\/2025\/08\/IMG_20250808_120618-scaled.jpg","width":1153,"height":2560},{"@type":"BreadcrumbList","@id":"https:\/\/mineraleslunallena.com\/producto\/ritual-artesanal-personalizado-gaia-magia-natural-y-energia-sanadora\/#breadcrumb","itemListElement":[{"@type":"ListItem","position":1,"name":"Portada","item":"https:\/\/mineraleslunallena.com\/"},{"@type":"ListItem","position":2,"name":"Shop","item":"https:\/\/mineraleslunallena.com\/ca\/shop\/"},{"@type":"ListItem","position":3,"name":"Ritual Artesanal Personalizado Gaia | Magia Natural y Energ\u00eda Sanadora"}]},{"@type":"WebSite","@id":"https:\/\/mineraleslunallena.com\/#website","url":"https:\/\/mineraleslunallena.com\/","name":"LLUNA PLENA MINERALS","description":"\u00c9s el moment de connectar-te amb el teu poder i confiar en les teves habilitats.","publisher":{"@id":"https:\/\/mineraleslunallena.com\/#organization"},"potentialAction":[{"@type":"SearchAction","target":{"@type":"EntryPoint","urlTemplate":"https:\/\/mineraleslunallena.com\/?s={search_term_string}"},"query-input":{"@type":"PropertyValueSpecification","valueRequired":true,"valueName":"search_term_string"}}],"inLanguage":"ca"},{"@type":"Organization","@id":"https:\/\/mineraleslunallena.com\/#organization","name":"LLUNA PLENA MINERALS","url":"https:\/\/mineraleslunallena.com\/","logo":{"@type":"ImageObject","inLanguage":"ca","@id":"https:\/\/mineraleslunallena.com\/#\/schema\/logo\/image\/","url":"https:\/\/mineraleslunallena.com\/wp-content\/uploads\/2023\/07\/LUNA-LLENA-LOGO-nuevo.png","contentUrl":"https:\/\/mineraleslunallena.com\/wp-content\/uploads\/2023\/07\/LUNA-LLENA-LOGO-nuevo.png","width":229,"height":167,"caption":"LUNA LLENA MINERALES"},"image":{"@id":"https:\/\/mineraleslunallena.com\/#\/schema\/logo\/image\/"}}]}},"_links":{"self":[{"href":"https:\/\/mineraleslunallena.com\/ca\/wp-json\/wp\/v2\/product\/8743","targetHints":{"allow":["GET"]}}],"collection":[{"href":"https:\/\/mineraleslunallena.com\/ca\/wp-json\/wp\/v2\/product"}],"about":[{"href":"https:\/\/mineraleslunallena.com\/ca\/wp-json\/wp\/v2\/types\/product"}],"version-history":[{"count":2,"href":"https:\/\/mineraleslunallena.com\/ca\/wp-json\/wp\/v2\/product\/8743\/revisions"}],"predecessor-version":[{"id":8749,"href":"https:\/\/mineraleslunallena.com\/ca\/wp-json\/wp\/v2\/product\/8743\/revisions\/8749"}],"wp:featuredmedia":[{"embeddable":true,"href":"https:\/\/mineraleslunallena.com\/ca\/wp-json\/wp\/v2\/media\/8744"}],"wp:attachment":[{"href":"https:\/\/mineraleslunallena.com\/ca\/wp-json\/wp\/v2\/media?parent=8743"}],"wp:term":[{"taxonomy":"product_cat","embeddable":true,"href":"https:\/\/mineraleslunallena.com\/ca\/wp-json\/wp\/v2\/product_cat?post=8743"},{"taxonomy":"product_tag","embeddable":true,"href":"https:\/\/mineraleslunallena.com\/ca\/wp-json\/wp\/v2\/product_tag?post=8743"}],"curies":[{"name":"wp","href":"https:\/\/api.w.org\/{rel}","templated":true}]}}