{"id":8750,"date":"2025-08-19T16:29:33","date_gmt":"2025-08-19T14:29:33","guid":{"rendered":"https:\/\/mineraleslunallena.com\/?post_type=product&#038;p=8750"},"modified":"2025-08-19T16:29:33","modified_gmt":"2025-08-19T14:29:33","slug":"drusa-de-cuarzo-cristal-en-peana-calidad-extra-purificacion-energia-claridad-2","status":"publish","type":"product","link":"https:\/\/mineraleslunallena.com\/ca\/producte\/drusa-de-cuarzo-cristal-en-peana-calidad-extra-purificacion-energia-claridad-2\/","title":{"rendered":"Drusa de Quars Vidre a Peana Qualitat Extra | Purificaci\u00f3 \u2013 Energia \u2013 Claredat"},"content":{"rendered":"<p data-start=\"214\" data-end=\"508\">Esta <strong data-start=\"219\" data-end=\"254\">drusa de Amatista calidad extra<\/strong> montada en peana es una pieza espectacular, perfecta para decorar y al mismo tiempo potenciar tu energ\u00eda. Su color morado intenso simboliza <strong data-start=\"395\" data-end=\"448\">claridad mental, protecci\u00f3n y conexi\u00f3n espiritual<\/strong>, ayudando a equilibrar emociones y fomentar la intuici\u00f3n.<\/p>\n<p data-start=\"510\" data-end=\"684\">En el plano energ\u00e9tico, act\u00faa como un <strong data-start=\"548\" data-end=\"584\">amplificador de energ\u00eda positiva<\/strong>, absorbiendo vibraciones densas del entorno y creando un ambiente armonioso en cualquier espacio.<\/p>\n<p data-start=\"686\" data-end=\"869\">Ideal para meditaci\u00f3n, rituales, o como pieza central en tu hogar u oficina. Su presencia aporta <strong data-start=\"783\" data-end=\"817\">belleza, calma y concentraci\u00f3n<\/strong>, convirti\u00e9ndola en un verdadero ancla energ\u00e9tica.<\/p>\n<p data-start=\"871\" data-end=\"998\">\n<p data-start=\"871\" data-end=\"998\"><strong data-start=\"871\" data-end=\"884\">Quantitat:<\/strong> 1 Unidad. El precio es por una unidad.<br data-start=\"894\" data-end=\"897\" \/><strong data-start=\"897\" data-end=\"908\">Grand\u00e0ria:<\/strong> 11 cm aprox.\u00a0<br data-start=\"940\" data-end=\"943\" \/><strong data-start=\"943\" data-end=\"952\">Peso:<\/strong> Entre 285 &#8211; 325.<br data-start=\"967\" data-end=\"970\" \/><strong data-start=\"970\" data-end=\"980\">Forma:<\/strong> Drusa en peana.<\/p>","protected":false},"excerpt":{"rendered":"<p data-start=\"214\" data-end=\"508\">Esta <strong data-start=\"219\" data-end=\"254\">drusa de Amatista calidad extra<\/strong> montada en peana es una pieza espectacular, perfecta para decorar y al mismo tiempo potenciar tu energ\u00eda. Su color morado intenso simboliza <strong data-start=\"395\" data-end=\"448\">claridad mental, protecci\u00f3n y conexi\u00f3n espiritual<\/strong>, ayudando a equilibrar emociones y fomentar la intuici\u00f3n.<\/p>\n<p data-start=\"510\" data-end=\"684\">En el plano energ\u00e9tico, act\u00faa como un <strong data-start=\"548\" data-end=\"584\">amplificador de energ\u00eda positiva<\/strong>, absorbiendo vibraciones densas del entorno y creando un ambiente armonioso en cualquier espacio.<\/p>\n<p data-start=\"686\" data-end=\"869\">Ideal para meditaci\u00f3n, rituales, o como pieza central en tu hogar u oficina. Su presencia aporta <strong data-start=\"783\" data-end=\"817\">belleza, calma y concentraci\u00f3n<\/strong>, convirti\u00e9ndola en un verdadero ancla energ\u00e9tica.<\/p>\n<p data-start=\"871\" data-end=\"998\">\n<p data-start=\"871\" data-end=\"998\"><strong data-start=\"871\" data-end=\"884\">Quantitat:<\/strong> 1 Unidad. El precio es por una unidad.<br data-start=\"894\" data-end=\"897\" \/><strong data-start=\"897\" data-end=\"908\">Grand\u00e0ria:<\/strong> 11 cm aprox.\u00a0<br data-start=\"940\" data-end=\"943\" \/><strong data-start=\"943\" data-end=\"952\">Peso:<\/strong> Entre 285 &#8211; 325.<br data-start=\"967\" data-end=\"970\" \/><strong data-start=\"970\" data-end=\"980\">Forma:<\/strong> Drusa en peana.<\/p>","protected":false},"featured_media":8751,"template":"","meta":[],"product_cat":[107,69,106],"product_tag":[],"class_list":{"0":"post-8750","1":"product","2":"type-product","3":"status-publish","4":"has-post-thumbnail","6":"product_cat-drusas-y-geodas","7":"product_cat-minerales","8":"product_cat-piezas-unicas","10":"first","11":"instock","12":"sale","13":"taxable","14":"shipping-taxable","15":"purchasable","16":"product-type-simple"},"yoast_head":"<!-- This site is optimized with the Yoast SEO plugin v27.3 - https:\/\/yoast.com\/product\/yoast-seo-wordpress\/ -->\n<title>Drusa de Cuarzo Cristal en Peana Calidad Extra | Purificaci\u00f3n \u2013 Energ\u00eda \u2013 Claridad - MINERALES LUNA LLENA<\/title>\n<meta name=\"robots\" content=\"index, follow, max-snippet:-1, max-image-preview:large, max-video-preview:-1\" \/>\n<link rel=\"canonical\" href=\"https:\/\/mineraleslunallena.com\/ca\/producte\/drusa-de-cuarzo-cristal-en-peana-calidad-extra-purificacion-energia-claridad-2\/\" \/>\n<meta property=\"og:locale\" content=\"ca_ES\" \/>\n<meta property=\"og:type\" content=\"article\" \/>\n<meta property=\"og:title\" content=\"Drusa de Cuarzo Cristal en Peana Calidad Extra | Purificaci\u00f3n \u2013 Energ\u00eda \u2013 Claridad - MINERALES LUNA LLENA\" \/>\n<meta property=\"og:description\" content=\"Esta drusa de Amatista calidad extra montada en peana es una pieza espectacular, perfecta para decorar y al mismo tiempo potenciar tu energ\u00eda. Su color morado intenso simboliza claridad mental, protecci\u00f3n y conexi\u00f3n espiritual, ayudando a equilibrar emociones y fomentar la intuici\u00f3n. En el plano energ\u00e9tico, act\u00faa como un amplificador de energ\u00eda positiva, absorbiendo vibraciones densas del entorno y creando un ambiente armonioso en cualquier espacio. Ideal para meditaci\u00f3n, rituales, o como pieza central en tu hogar u oficina. Su presencia aporta belleza, calma y concentraci\u00f3n, convirti\u00e9ndola en un verdadero ancla energ\u00e9tica.  Cantidad: 1 Unidad. El precio es por una unidad.Tama\u00f1o: 11 cm aprox.\u00a0Peso: Entre 285 - 325.Forma: Drusa en peana.\" \/>\n<meta property=\"og:url\" content=\"https:\/\/mineraleslunallena.com\/ca\/producte\/drusa-de-cuarzo-cristal-en-peana-calidad-extra-purificacion-energia-claridad-2\/\" \/>\n<meta property=\"og:site_name\" content=\"MINERALES LUNA LLENA\" \/>\n<meta property=\"og:image\" content=\"https:\/\/mineraleslunallena.com\/wp-content\/uploads\/2025\/08\/peanaamatifente-scaled.jpg\" \/>\n\t<meta property=\"og:image:width\" content=\"1153\" \/>\n\t<meta property=\"og:image:height\" content=\"2560\" \/>\n\t<meta property=\"og:image:type\" content=\"image\/jpeg\" \/>\n<meta name=\"twitter:card\" content=\"summary_large_image\" \/>\n<meta name=\"twitter:label1\" content=\"Temps estimat de lectura\" \/>\n\t<meta name=\"twitter:data1\" content=\"1 minut\" \/>\n<script type=\"application\/ld+json\" class=\"yoast-schema-graph\">{\"@context\":\"https:\\\/\\\/schema.org\",\"@graph\":[{\"@type\":\"WebPage\",\"@id\":\"https:\\\/\\\/mineraleslunallena.com\\\/producto\\\/drusa-de-cuarzo-cristal-en-peana-calidad-extra-purificacion-energia-claridad-2\\\/\",\"url\":\"https:\\\/\\\/mineraleslunallena.com\\\/producto\\\/drusa-de-cuarzo-cristal-en-peana-calidad-extra-purificacion-energia-claridad-2\\\/\",\"name\":\"Drusa de Cuarzo Cristal en Peana Calidad Extra | Purificaci\u00f3n \u2013 Energ\u00eda \u2013 Claridad - MINERALES LUNA LLENA\",\"isPartOf\":{\"@id\":\"https:\\\/\\\/mineraleslunallena.com\\\/#website\"},\"primaryImageOfPage\":{\"@id\":\"https:\\\/\\\/mineraleslunallena.com\\\/producto\\\/drusa-de-cuarzo-cristal-en-peana-calidad-extra-purificacion-energia-claridad-2\\\/#primaryimage\"},\"image\":{\"@id\":\"https:\\\/\\\/mineraleslunallena.com\\\/producto\\\/drusa-de-cuarzo-cristal-en-peana-calidad-extra-purificacion-energia-claridad-2\\\/#primaryimage\"},\"thumbnailUrl\":\"https:\\\/\\\/mineraleslunallena.com\\\/wp-content\\\/uploads\\\/2025\\\/08\\\/peanaamatifente-scaled.jpg\",\"datePublished\":\"2025-08-19T14:29:33+00:00\",\"breadcrumb\":{\"@id\":\"https:\\\/\\\/mineraleslunallena.com\\\/producto\\\/drusa-de-cuarzo-cristal-en-peana-calidad-extra-purificacion-energia-claridad-2\\\/#breadcrumb\"},\"inLanguage\":\"ca\",\"potentialAction\":[{\"@type\":\"ReadAction\",\"target\":[\"https:\\\/\\\/mineraleslunallena.com\\\/producto\\\/drusa-de-cuarzo-cristal-en-peana-calidad-extra-purificacion-energia-claridad-2\\\/\"]}]},{\"@type\":\"ImageObject\",\"inLanguage\":\"ca\",\"@id\":\"https:\\\/\\\/mineraleslunallena.com\\\/producto\\\/drusa-de-cuarzo-cristal-en-peana-calidad-extra-purificacion-energia-claridad-2\\\/#primaryimage\",\"url\":\"https:\\\/\\\/mineraleslunallena.com\\\/wp-content\\\/uploads\\\/2025\\\/08\\\/peanaamatifente-scaled.jpg\",\"contentUrl\":\"https:\\\/\\\/mineraleslunallena.com\\\/wp-content\\\/uploads\\\/2025\\\/08\\\/peanaamatifente-scaled.jpg\",\"width\":1153,\"height\":2560},{\"@type\":\"BreadcrumbList\",\"@id\":\"https:\\\/\\\/mineraleslunallena.com\\\/producto\\\/drusa-de-cuarzo-cristal-en-peana-calidad-extra-purificacion-energia-claridad-2\\\/#breadcrumb\",\"itemListElement\":[{\"@type\":\"ListItem\",\"position\":1,\"name\":\"Portada\",\"item\":\"https:\\\/\\\/mineraleslunallena.com\\\/\"},{\"@type\":\"ListItem\",\"position\":2,\"name\":\"Shop\",\"item\":\"https:\\\/\\\/mineraleslunallena.com\\\/ca\\\/shop\\\/\"},{\"@type\":\"ListItem\",\"position\":3,\"name\":\"Drusa de Cuarzo Cristal en Peana Calidad Extra | Purificaci\u00f3n \u2013 Energ\u00eda \u2013 Claridad\"}]},{\"@type\":\"WebSite\",\"@id\":\"https:\\\/\\\/mineraleslunallena.com\\\/#website\",\"url\":\"https:\\\/\\\/mineraleslunallena.com\\\/\",\"name\":\"LUNA LLENA MINERALES\",\"description\":\"Es el momento de conectarte con tu propio poder y confiar en tus habilidades.\",\"publisher\":{\"@id\":\"https:\\\/\\\/mineraleslunallena.com\\\/#organization\"},\"potentialAction\":[{\"@type\":\"SearchAction\",\"target\":{\"@type\":\"EntryPoint\",\"urlTemplate\":\"https:\\\/\\\/mineraleslunallena.com\\\/?s={search_term_string}\"},\"query-input\":{\"@type\":\"PropertyValueSpecification\",\"valueRequired\":true,\"valueName\":\"search_term_string\"}}],\"inLanguage\":\"ca\"},{\"@type\":\"Organization\",\"@id\":\"https:\\\/\\\/mineraleslunallena.com\\\/#organization\",\"name\":\"LUNA LLENA MINERALES\",\"url\":\"https:\\\/\\\/mineraleslunallena.com\\\/\",\"logo\":{\"@type\":\"ImageObject\",\"inLanguage\":\"ca\",\"@id\":\"https:\\\/\\\/mineraleslunallena.com\\\/#\\\/schema\\\/logo\\\/image\\\/\",\"url\":\"https:\\\/\\\/mineraleslunallena.com\\\/wp-content\\\/uploads\\\/2023\\\/07\\\/LUNA-LLENA-LOGO-nuevo.png\",\"contentUrl\":\"https:\\\/\\\/mineraleslunallena.com\\\/wp-content\\\/uploads\\\/2023\\\/07\\\/LUNA-LLENA-LOGO-nuevo.png\",\"width\":229,\"height\":167,\"caption\":\"LUNA LLENA MINERALES\"},\"image\":{\"@id\":\"https:\\\/\\\/mineraleslunallena.com\\\/#\\\/schema\\\/logo\\\/image\\\/\"}}]}<\/script>\n<!-- \/ Yoast SEO plugin. -->","yoast_head_json":{"title":"Drusa de Cuarzo Cristal en Peana Calidad Extra | Purificaci\u00f3n \u2013 Energ\u00eda \u2013 Claridad - MINERALES LUNA LLENA","robots":{"index":"index","follow":"follow","max-snippet":"max-snippet:-1","max-image-preview":"max-image-preview:large","max-video-preview":"max-video-preview:-1"},"canonical":"https:\/\/mineraleslunallena.com\/ca\/producte\/drusa-de-cuarzo-cristal-en-peana-calidad-extra-purificacion-energia-claridad-2\/","og_locale":"ca_ES","og_type":"article","og_title":"Drusa de Cuarzo Cristal en Peana Calidad Extra | Purificaci\u00f3n \u2013 Energ\u00eda \u2013 Claridad - MINERALES LUNA LLENA","og_description":"Esta drusa de Amatista calidad extra montada en peana es una pieza espectacular, perfecta para decorar y al mismo tiempo potenciar tu energ\u00eda. Su color morado intenso simboliza claridad mental, protecci\u00f3n y conexi\u00f3n espiritual, ayudando a equilibrar emociones y fomentar la intuici\u00f3n. En el plano energ\u00e9tico, act\u00faa como un amplificador de energ\u00eda positiva, absorbiendo vibraciones densas del entorno y creando un ambiente armonioso en cualquier espacio. Ideal para meditaci\u00f3n, rituales, o como pieza central en tu hogar u oficina. Su presencia aporta belleza, calma y concentraci\u00f3n, convirti\u00e9ndola en un verdadero ancla energ\u00e9tica.  Cantidad: 1 Unidad. El precio es por una unidad.Tama\u00f1o: 11 cm aprox.\u00a0Peso: Entre 285 - 325.Forma: Drusa en peana.","og_url":"https:\/\/mineraleslunallena.com\/ca\/producte\/drusa-de-cuarzo-cristal-en-peana-calidad-extra-purificacion-energia-claridad-2\/","og_site_name":"MINERALES LUNA LLENA","og_image":[{"width":1153,"height":2560,"url":"https:\/\/mineraleslunallena.com\/wp-content\/uploads\/2025\/08\/peanaamatifente-scaled.jpg","type":"image\/jpeg"}],"twitter_card":"summary_large_image","twitter_misc":{"Temps estimat de lectura":"1 minut"},"schema":{"@context":"https:\/\/schema.org","@graph":[{"@type":"WebPage","@id":"https:\/\/mineraleslunallena.com\/producto\/drusa-de-cuarzo-cristal-en-peana-calidad-extra-purificacion-energia-claridad-2\/","url":"https:\/\/mineraleslunallena.com\/producto\/drusa-de-cuarzo-cristal-en-peana-calidad-extra-purificacion-energia-claridad-2\/","name":"Drusa de Cuarzo Cristal en Peana Calidad Extra | Purificaci\u00f3n \u2013 Energ\u00eda \u2013 Claridad - MINERALES LUNA LLENA","isPartOf":{"@id":"https:\/\/mineraleslunallena.com\/#website"},"primaryImageOfPage":{"@id":"https:\/\/mineraleslunallena.com\/producto\/drusa-de-cuarzo-cristal-en-peana-calidad-extra-purificacion-energia-claridad-2\/#primaryimage"},"image":{"@id":"https:\/\/mineraleslunallena.com\/producto\/drusa-de-cuarzo-cristal-en-peana-calidad-extra-purificacion-energia-claridad-2\/#primaryimage"},"thumbnailUrl":"https:\/\/mineraleslunallena.com\/wp-content\/uploads\/2025\/08\/peanaamatifente-scaled.jpg","datePublished":"2025-08-19T14:29:33+00:00","breadcrumb":{"@id":"https:\/\/mineraleslunallena.com\/producto\/drusa-de-cuarzo-cristal-en-peana-calidad-extra-purificacion-energia-claridad-2\/#breadcrumb"},"inLanguage":"ca","potentialAction":[{"@type":"ReadAction","target":["https:\/\/mineraleslunallena.com\/producto\/drusa-de-cuarzo-cristal-en-peana-calidad-extra-purificacion-energia-claridad-2\/"]}]},{"@type":"ImageObject","inLanguage":"ca","@id":"https:\/\/mineraleslunallena.com\/producto\/drusa-de-cuarzo-cristal-en-peana-calidad-extra-purificacion-energia-claridad-2\/#primaryimage","url":"https:\/\/mineraleslunallena.com\/wp-content\/uploads\/2025\/08\/peanaamatifente-scaled.jpg","contentUrl":"https:\/\/mineraleslunallena.com\/wp-content\/uploads\/2025\/08\/peanaamatifente-scaled.jpg","width":1153,"height":2560},{"@type":"BreadcrumbList","@id":"https:\/\/mineraleslunallena.com\/producto\/drusa-de-cuarzo-cristal-en-peana-calidad-extra-purificacion-energia-claridad-2\/#breadcrumb","itemListElement":[{"@type":"ListItem","position":1,"name":"Portada","item":"https:\/\/mineraleslunallena.com\/"},{"@type":"ListItem","position":2,"name":"Shop","item":"https:\/\/mineraleslunallena.com\/ca\/shop\/"},{"@type":"ListItem","position":3,"name":"Drusa de Cuarzo Cristal en Peana Calidad Extra | Purificaci\u00f3n \u2013 Energ\u00eda \u2013 Claridad"}]},{"@type":"WebSite","@id":"https:\/\/mineraleslunallena.com\/#website","url":"https:\/\/mineraleslunallena.com\/","name":"LLUNA PLENA MINERALS","description":"\u00c9s el moment de connectar-te amb el teu poder i confiar en les teves habilitats.","publisher":{"@id":"https:\/\/mineraleslunallena.com\/#organization"},"potentialAction":[{"@type":"SearchAction","target":{"@type":"EntryPoint","urlTemplate":"https:\/\/mineraleslunallena.com\/?s={search_term_string}"},"query-input":{"@type":"PropertyValueSpecification","valueRequired":true,"valueName":"search_term_string"}}],"inLanguage":"ca"},{"@type":"Organization","@id":"https:\/\/mineraleslunallena.com\/#organization","name":"LLUNA PLENA MINERALS","url":"https:\/\/mineraleslunallena.com\/","logo":{"@type":"ImageObject","inLanguage":"ca","@id":"https:\/\/mineraleslunallena.com\/#\/schema\/logo\/image\/","url":"https:\/\/mineraleslunallena.com\/wp-content\/uploads\/2023\/07\/LUNA-LLENA-LOGO-nuevo.png","contentUrl":"https:\/\/mineraleslunallena.com\/wp-content\/uploads\/2023\/07\/LUNA-LLENA-LOGO-nuevo.png","width":229,"height":167,"caption":"LUNA LLENA MINERALES"},"image":{"@id":"https:\/\/mineraleslunallena.com\/#\/schema\/logo\/image\/"}}]}},"_links":{"self":[{"href":"https:\/\/mineraleslunallena.com\/ca\/wp-json\/wp\/v2\/product\/8750","targetHints":{"allow":["GET"]}}],"collection":[{"href":"https:\/\/mineraleslunallena.com\/ca\/wp-json\/wp\/v2\/product"}],"about":[{"href":"https:\/\/mineraleslunallena.com\/ca\/wp-json\/wp\/v2\/types\/product"}],"version-history":[{"count":1,"href":"https:\/\/mineraleslunallena.com\/ca\/wp-json\/wp\/v2\/product\/8750\/revisions"}],"predecessor-version":[{"id":8754,"href":"https:\/\/mineraleslunallena.com\/ca\/wp-json\/wp\/v2\/product\/8750\/revisions\/8754"}],"wp:featuredmedia":[{"embeddable":true,"href":"https:\/\/mineraleslunallena.com\/ca\/wp-json\/wp\/v2\/media\/8751"}],"wp:attachment":[{"href":"https:\/\/mineraleslunallena.com\/ca\/wp-json\/wp\/v2\/media?parent=8750"}],"wp:term":[{"taxonomy":"product_cat","embeddable":true,"href":"https:\/\/mineraleslunallena.com\/ca\/wp-json\/wp\/v2\/product_cat?post=8750"},{"taxonomy":"product_tag","embeddable":true,"href":"https:\/\/mineraleslunallena.com\/ca\/wp-json\/wp\/v2\/product_tag?post=8750"}],"curies":[{"name":"wp","href":"https:\/\/api.w.org\/{rel}","templated":true}]}}