{"id":8759,"date":"2025-08-19T16:52:32","date_gmt":"2025-08-19T14:52:32","guid":{"rendered":"https:\/\/mineraleslunallena.com\/?post_type=product&#038;p=8759"},"modified":"2025-08-19T16:52:32","modified_gmt":"2025-08-19T14:52:32","slug":"obsidiana-plateada-forma-libre-proteccion-claridad-transmutacion","status":"publish","type":"product","link":"https:\/\/mineraleslunallena.com\/ca\/producte\/obsidiana-plateada-forma-libre-proteccion-claridad-transmutacion\/","title":{"rendered":"Obsidiana Plateada Forma Libre | Protecci\u00f3n \u2013 Claridad \u2013 Transmutaci\u00f3n"},"content":{"rendered":"<p data-start=\"241\" data-end=\"513\">Esta <strong data-start=\"246\" data-end=\"283\">Obsidiana Plateada <\/strong>\u00a0es una pieza \u00fanica que combina la elegancia de su brillo met\u00e1lico con la fuerza energ\u00e9tica de la obsidiana. Su superficie refleja destellos plateados que simbolizan <strong data-start=\"449\" data-end=\"510\">claridad, protecci\u00f3n y transformaci\u00f3n de energ\u00eda negativa<\/strong>.<\/p>\n<p data-start=\"515\" data-end=\"791\">En el plano energ\u00e9tico, act\u00faa como un <strong data-start=\"553\" data-end=\"617\">escudo que absorbe vibraciones densas y estabiliza emociones<\/strong>, fomentando la introspecci\u00f3n y el equilibrio interior.<\/p>\n<p data-start=\"515\" data-end=\"791\">Ideal para meditaci\u00f3n, rituales o como elemento decorativo que aporte <strong data-start=\"743\" data-end=\"767\">protecci\u00f3n y enfoque<\/strong> en cualquier espacio.<\/p>\n<p data-start=\"793\" data-end=\"922\"><strong data-start=\"793\" data-end=\"806\">Quantitat:<\/strong> 1 Unidad.<br data-start=\"816\" data-end=\"819\" \/><strong data-start=\"819\" data-end=\"830\">Grand\u00e0ria:<\/strong> 19 cm\u00a0 aprox.<br data-start=\"861\" data-end=\"864\" \/><strong data-start=\"864\" data-end=\"873\">Peso:<\/strong> Entre 150 gr y 250 g aprox.<br data-start=\"886\" data-end=\"889\" \/><strong data-start=\"889\" data-end=\"899\">Forma:<\/strong> Mineral forma libre.<\/p>","protected":false},"excerpt":{"rendered":"<p data-start=\"241\" data-end=\"513\">Esta <strong data-start=\"246\" data-end=\"283\">Obsidiana Plateada <\/strong>\u00a0es una pieza \u00fanica que combina la elegancia de su brillo met\u00e1lico con la fuerza energ\u00e9tica de la obsidiana. Su superficie refleja destellos plateados que simbolizan <strong data-start=\"449\" data-end=\"510\">claridad, protecci\u00f3n y transformaci\u00f3n de energ\u00eda negativa<\/strong>.<\/p>\n<p data-start=\"515\" data-end=\"791\">En el plano energ\u00e9tico, act\u00faa como un <strong data-start=\"553\" data-end=\"617\">escudo que absorbe vibraciones densas y estabiliza emociones<\/strong>, fomentando la introspecci\u00f3n y el equilibrio interior.<\/p>\n<p data-start=\"515\" data-end=\"791\">Ideal para meditaci\u00f3n, rituales o como elemento decorativo que aporte <strong data-start=\"743\" data-end=\"767\">protecci\u00f3n y enfoque<\/strong> en cualquier espacio.<\/p>\n<p data-start=\"793\" data-end=\"922\"><strong data-start=\"793\" data-end=\"806\">Quantitat:<\/strong> 1 Unidad.<br data-start=\"816\" data-end=\"819\" \/><strong data-start=\"819\" data-end=\"830\">Grand\u00e0ria:<\/strong> 19 cm\u00a0 aprox.<br data-start=\"861\" data-end=\"864\" \/><strong data-start=\"864\" data-end=\"873\">Peso:<\/strong> Entre 150 gr y 250 g aprox.<br data-start=\"886\" data-end=\"889\" \/><strong data-start=\"889\" data-end=\"899\">Forma:<\/strong> Mineral forma libre.<\/p>","protected":false},"featured_media":8760,"template":"","meta":[],"product_cat":[73,69,106],"product_tag":[],"class_list":{"0":"post-8759","1":"product","2":"type-product","3":"status-publish","4":"has-post-thumbnail","6":"product_cat-esferas","7":"product_cat-minerales","8":"product_cat-piezas-unicas","10":"first","11":"instock","12":"sale","13":"taxable","14":"shipping-taxable","15":"purchasable","16":"product-type-simple"},"yoast_head":"<!-- This site is optimized with the Yoast SEO plugin v27.3 - https:\/\/yoast.com\/product\/yoast-seo-wordpress\/ -->\n<title>Obsidiana Plateada Forma Libre | Protecci\u00f3n \u2013 Claridad \u2013 Transmutaci\u00f3n - MINERALES LUNA LLENA<\/title>\n<meta name=\"robots\" content=\"index, follow, max-snippet:-1, max-image-preview:large, max-video-preview:-1\" \/>\n<link rel=\"canonical\" href=\"https:\/\/mineraleslunallena.com\/ca\/producte\/obsidiana-plateada-forma-libre-proteccion-claridad-transmutacion\/\" \/>\n<meta property=\"og:locale\" content=\"ca_ES\" \/>\n<meta property=\"og:type\" content=\"article\" \/>\n<meta property=\"og:title\" content=\"Obsidiana Plateada Forma Libre | Protecci\u00f3n \u2013 Claridad \u2013 Transmutaci\u00f3n - MINERALES LUNA LLENA\" \/>\n<meta property=\"og:description\" content=\"Esta Obsidiana Plateada \u00a0es una pieza \u00fanica que combina la elegancia de su brillo met\u00e1lico con la fuerza energ\u00e9tica de la obsidiana. Su superficie refleja destellos plateados que simbolizan claridad, protecci\u00f3n y transformaci\u00f3n de energ\u00eda negativa. En el plano energ\u00e9tico, act\u00faa como un escudo que absorbe vibraciones densas y estabiliza emociones, fomentando la introspecci\u00f3n y el equilibrio interior. Ideal para meditaci\u00f3n, rituales o como elemento decorativo que aporte protecci\u00f3n y enfoque en cualquier espacio. Cantidad: 1 Unidad.Tama\u00f1o: 19 cm\u00a0 aprox.Peso: Entre 150 gr y 250 g aprox.Forma: Mineral forma libre.\" \/>\n<meta property=\"og:url\" content=\"https:\/\/mineraleslunallena.com\/ca\/producte\/obsidiana-plateada-forma-libre-proteccion-claridad-transmutacion\/\" \/>\n<meta property=\"og:site_name\" content=\"MINERALES LUNA LLENA\" \/>\n<meta property=\"og:image\" content=\"https:\/\/mineraleslunallena.com\/wp-content\/uploads\/2025\/08\/obsidiplat-scaled.jpg\" \/>\n\t<meta property=\"og:image:width\" content=\"1153\" \/>\n\t<meta property=\"og:image:height\" content=\"2560\" \/>\n\t<meta property=\"og:image:type\" content=\"image\/jpeg\" \/>\n<meta name=\"twitter:card\" content=\"summary_large_image\" \/>\n<meta name=\"twitter:label1\" content=\"Temps estimat de lectura\" \/>\n\t<meta name=\"twitter:data1\" content=\"1 minut\" \/>\n<script type=\"application\/ld+json\" class=\"yoast-schema-graph\">{\"@context\":\"https:\\\/\\\/schema.org\",\"@graph\":[{\"@type\":\"WebPage\",\"@id\":\"https:\\\/\\\/mineraleslunallena.com\\\/producto\\\/obsidiana-plateada-forma-libre-proteccion-claridad-transmutacion\\\/\",\"url\":\"https:\\\/\\\/mineraleslunallena.com\\\/producto\\\/obsidiana-plateada-forma-libre-proteccion-claridad-transmutacion\\\/\",\"name\":\"Obsidiana Plateada Forma Libre | Protecci\u00f3n \u2013 Claridad \u2013 Transmutaci\u00f3n - MINERALES LUNA LLENA\",\"isPartOf\":{\"@id\":\"https:\\\/\\\/mineraleslunallena.com\\\/#website\"},\"primaryImageOfPage\":{\"@id\":\"https:\\\/\\\/mineraleslunallena.com\\\/producto\\\/obsidiana-plateada-forma-libre-proteccion-claridad-transmutacion\\\/#primaryimage\"},\"image\":{\"@id\":\"https:\\\/\\\/mineraleslunallena.com\\\/producto\\\/obsidiana-plateada-forma-libre-proteccion-claridad-transmutacion\\\/#primaryimage\"},\"thumbnailUrl\":\"https:\\\/\\\/mineraleslunallena.com\\\/wp-content\\\/uploads\\\/2025\\\/08\\\/obsidiplat-scaled.jpg\",\"datePublished\":\"2025-08-19T14:52:32+00:00\",\"breadcrumb\":{\"@id\":\"https:\\\/\\\/mineraleslunallena.com\\\/producto\\\/obsidiana-plateada-forma-libre-proteccion-claridad-transmutacion\\\/#breadcrumb\"},\"inLanguage\":\"ca\",\"potentialAction\":[{\"@type\":\"ReadAction\",\"target\":[\"https:\\\/\\\/mineraleslunallena.com\\\/producto\\\/obsidiana-plateada-forma-libre-proteccion-claridad-transmutacion\\\/\"]}]},{\"@type\":\"ImageObject\",\"inLanguage\":\"ca\",\"@id\":\"https:\\\/\\\/mineraleslunallena.com\\\/producto\\\/obsidiana-plateada-forma-libre-proteccion-claridad-transmutacion\\\/#primaryimage\",\"url\":\"https:\\\/\\\/mineraleslunallena.com\\\/wp-content\\\/uploads\\\/2025\\\/08\\\/obsidiplat-scaled.jpg\",\"contentUrl\":\"https:\\\/\\\/mineraleslunallena.com\\\/wp-content\\\/uploads\\\/2025\\\/08\\\/obsidiplat-scaled.jpg\",\"width\":1153,\"height\":2560},{\"@type\":\"BreadcrumbList\",\"@id\":\"https:\\\/\\\/mineraleslunallena.com\\\/producto\\\/obsidiana-plateada-forma-libre-proteccion-claridad-transmutacion\\\/#breadcrumb\",\"itemListElement\":[{\"@type\":\"ListItem\",\"position\":1,\"name\":\"Portada\",\"item\":\"https:\\\/\\\/mineraleslunallena.com\\\/\"},{\"@type\":\"ListItem\",\"position\":2,\"name\":\"Shop\",\"item\":\"https:\\\/\\\/mineraleslunallena.com\\\/ca\\\/shop\\\/\"},{\"@type\":\"ListItem\",\"position\":3,\"name\":\"Obsidiana Plateada Forma Libre | Protecci\u00f3n \u2013 Claridad \u2013 Transmutaci\u00f3n\"}]},{\"@type\":\"WebSite\",\"@id\":\"https:\\\/\\\/mineraleslunallena.com\\\/#website\",\"url\":\"https:\\\/\\\/mineraleslunallena.com\\\/\",\"name\":\"LUNA LLENA MINERALES\",\"description\":\"Es el momento de conectarte con tu propio poder y confiar en tus habilidades.\",\"publisher\":{\"@id\":\"https:\\\/\\\/mineraleslunallena.com\\\/#organization\"},\"potentialAction\":[{\"@type\":\"SearchAction\",\"target\":{\"@type\":\"EntryPoint\",\"urlTemplate\":\"https:\\\/\\\/mineraleslunallena.com\\\/?s={search_term_string}\"},\"query-input\":{\"@type\":\"PropertyValueSpecification\",\"valueRequired\":true,\"valueName\":\"search_term_string\"}}],\"inLanguage\":\"ca\"},{\"@type\":\"Organization\",\"@id\":\"https:\\\/\\\/mineraleslunallena.com\\\/#organization\",\"name\":\"LUNA LLENA MINERALES\",\"url\":\"https:\\\/\\\/mineraleslunallena.com\\\/\",\"logo\":{\"@type\":\"ImageObject\",\"inLanguage\":\"ca\",\"@id\":\"https:\\\/\\\/mineraleslunallena.com\\\/#\\\/schema\\\/logo\\\/image\\\/\",\"url\":\"https:\\\/\\\/mineraleslunallena.com\\\/wp-content\\\/uploads\\\/2023\\\/07\\\/LUNA-LLENA-LOGO-nuevo.png\",\"contentUrl\":\"https:\\\/\\\/mineraleslunallena.com\\\/wp-content\\\/uploads\\\/2023\\\/07\\\/LUNA-LLENA-LOGO-nuevo.png\",\"width\":229,\"height\":167,\"caption\":\"LUNA LLENA MINERALES\"},\"image\":{\"@id\":\"https:\\\/\\\/mineraleslunallena.com\\\/#\\\/schema\\\/logo\\\/image\\\/\"}}]}<\/script>\n<!-- \/ Yoast SEO plugin. -->","yoast_head_json":{"title":"Obsidiana Plateada Forma Libre | Protecci\u00f3n \u2013 Claridad \u2013 Transmutaci\u00f3n - MINERALES LUNA LLENA","robots":{"index":"index","follow":"follow","max-snippet":"max-snippet:-1","max-image-preview":"max-image-preview:large","max-video-preview":"max-video-preview:-1"},"canonical":"https:\/\/mineraleslunallena.com\/ca\/producte\/obsidiana-plateada-forma-libre-proteccion-claridad-transmutacion\/","og_locale":"ca_ES","og_type":"article","og_title":"Obsidiana Plateada Forma Libre | Protecci\u00f3n \u2013 Claridad \u2013 Transmutaci\u00f3n - MINERALES LUNA LLENA","og_description":"Esta Obsidiana Plateada \u00a0es una pieza \u00fanica que combina la elegancia de su brillo met\u00e1lico con la fuerza energ\u00e9tica de la obsidiana. Su superficie refleja destellos plateados que simbolizan claridad, protecci\u00f3n y transformaci\u00f3n de energ\u00eda negativa. En el plano energ\u00e9tico, act\u00faa como un escudo que absorbe vibraciones densas y estabiliza emociones, fomentando la introspecci\u00f3n y el equilibrio interior. Ideal para meditaci\u00f3n, rituales o como elemento decorativo que aporte protecci\u00f3n y enfoque en cualquier espacio. Cantidad: 1 Unidad.Tama\u00f1o: 19 cm\u00a0 aprox.Peso: Entre 150 gr y 250 g aprox.Forma: Mineral forma libre.","og_url":"https:\/\/mineraleslunallena.com\/ca\/producte\/obsidiana-plateada-forma-libre-proteccion-claridad-transmutacion\/","og_site_name":"MINERALES LUNA LLENA","og_image":[{"width":1153,"height":2560,"url":"https:\/\/mineraleslunallena.com\/wp-content\/uploads\/2025\/08\/obsidiplat-scaled.jpg","type":"image\/jpeg"}],"twitter_card":"summary_large_image","twitter_misc":{"Temps estimat de lectura":"1 minut"},"schema":{"@context":"https:\/\/schema.org","@graph":[{"@type":"WebPage","@id":"https:\/\/mineraleslunallena.com\/producto\/obsidiana-plateada-forma-libre-proteccion-claridad-transmutacion\/","url":"https:\/\/mineraleslunallena.com\/producto\/obsidiana-plateada-forma-libre-proteccion-claridad-transmutacion\/","name":"Obsidiana Plateada Forma Libre | Protecci\u00f3n \u2013 Claridad \u2013 Transmutaci\u00f3n - MINERALES LUNA LLENA","isPartOf":{"@id":"https:\/\/mineraleslunallena.com\/#website"},"primaryImageOfPage":{"@id":"https:\/\/mineraleslunallena.com\/producto\/obsidiana-plateada-forma-libre-proteccion-claridad-transmutacion\/#primaryimage"},"image":{"@id":"https:\/\/mineraleslunallena.com\/producto\/obsidiana-plateada-forma-libre-proteccion-claridad-transmutacion\/#primaryimage"},"thumbnailUrl":"https:\/\/mineraleslunallena.com\/wp-content\/uploads\/2025\/08\/obsidiplat-scaled.jpg","datePublished":"2025-08-19T14:52:32+00:00","breadcrumb":{"@id":"https:\/\/mineraleslunallena.com\/producto\/obsidiana-plateada-forma-libre-proteccion-claridad-transmutacion\/#breadcrumb"},"inLanguage":"ca","potentialAction":[{"@type":"ReadAction","target":["https:\/\/mineraleslunallena.com\/producto\/obsidiana-plateada-forma-libre-proteccion-claridad-transmutacion\/"]}]},{"@type":"ImageObject","inLanguage":"ca","@id":"https:\/\/mineraleslunallena.com\/producto\/obsidiana-plateada-forma-libre-proteccion-claridad-transmutacion\/#primaryimage","url":"https:\/\/mineraleslunallena.com\/wp-content\/uploads\/2025\/08\/obsidiplat-scaled.jpg","contentUrl":"https:\/\/mineraleslunallena.com\/wp-content\/uploads\/2025\/08\/obsidiplat-scaled.jpg","width":1153,"height":2560},{"@type":"BreadcrumbList","@id":"https:\/\/mineraleslunallena.com\/producto\/obsidiana-plateada-forma-libre-proteccion-claridad-transmutacion\/#breadcrumb","itemListElement":[{"@type":"ListItem","position":1,"name":"Portada","item":"https:\/\/mineraleslunallena.com\/"},{"@type":"ListItem","position":2,"name":"Shop","item":"https:\/\/mineraleslunallena.com\/ca\/shop\/"},{"@type":"ListItem","position":3,"name":"Obsidiana Plateada Forma Libre | Protecci\u00f3n \u2013 Claridad \u2013 Transmutaci\u00f3n"}]},{"@type":"WebSite","@id":"https:\/\/mineraleslunallena.com\/#website","url":"https:\/\/mineraleslunallena.com\/","name":"LLUNA PLENA MINERALS","description":"\u00c9s el moment de connectar-te amb el teu poder i confiar en les teves habilitats.","publisher":{"@id":"https:\/\/mineraleslunallena.com\/#organization"},"potentialAction":[{"@type":"SearchAction","target":{"@type":"EntryPoint","urlTemplate":"https:\/\/mineraleslunallena.com\/?s={search_term_string}"},"query-input":{"@type":"PropertyValueSpecification","valueRequired":true,"valueName":"search_term_string"}}],"inLanguage":"ca"},{"@type":"Organization","@id":"https:\/\/mineraleslunallena.com\/#organization","name":"LLUNA PLENA MINERALS","url":"https:\/\/mineraleslunallena.com\/","logo":{"@type":"ImageObject","inLanguage":"ca","@id":"https:\/\/mineraleslunallena.com\/#\/schema\/logo\/image\/","url":"https:\/\/mineraleslunallena.com\/wp-content\/uploads\/2023\/07\/LUNA-LLENA-LOGO-nuevo.png","contentUrl":"https:\/\/mineraleslunallena.com\/wp-content\/uploads\/2023\/07\/LUNA-LLENA-LOGO-nuevo.png","width":229,"height":167,"caption":"LUNA LLENA MINERALES"},"image":{"@id":"https:\/\/mineraleslunallena.com\/#\/schema\/logo\/image\/"}}]}},"_links":{"self":[{"href":"https:\/\/mineraleslunallena.com\/ca\/wp-json\/wp\/v2\/product\/8759","targetHints":{"allow":["GET"]}}],"collection":[{"href":"https:\/\/mineraleslunallena.com\/ca\/wp-json\/wp\/v2\/product"}],"about":[{"href":"https:\/\/mineraleslunallena.com\/ca\/wp-json\/wp\/v2\/types\/product"}],"version-history":[{"count":1,"href":"https:\/\/mineraleslunallena.com\/ca\/wp-json\/wp\/v2\/product\/8759\/revisions"}],"predecessor-version":[{"id":8761,"href":"https:\/\/mineraleslunallena.com\/ca\/wp-json\/wp\/v2\/product\/8759\/revisions\/8761"}],"wp:featuredmedia":[{"embeddable":true,"href":"https:\/\/mineraleslunallena.com\/ca\/wp-json\/wp\/v2\/media\/8760"}],"wp:attachment":[{"href":"https:\/\/mineraleslunallena.com\/ca\/wp-json\/wp\/v2\/media?parent=8759"}],"wp:term":[{"taxonomy":"product_cat","embeddable":true,"href":"https:\/\/mineraleslunallena.com\/ca\/wp-json\/wp\/v2\/product_cat?post=8759"},{"taxonomy":"product_tag","embeddable":true,"href":"https:\/\/mineraleslunallena.com\/ca\/wp-json\/wp\/v2\/product_tag?post=8759"}],"curies":[{"name":"wp","href":"https:\/\/api.w.org\/{rel}","templated":true}]}}