{"id":9164,"date":"2025-10-24T12:08:46","date_gmt":"2025-10-24T10:08:46","guid":{"rendered":"https:\/\/mineraleslunallena.com\/?post_type=product&#038;p=9164"},"modified":"2025-10-24T14:42:32","modified_gmt":"2025-10-24T12:42:32","slug":"colgante-plata-marcasita-salir-del-bucle-energia-vital","status":"publish","type":"product","link":"https:\/\/mineraleslunallena.com\/ca\/producte\/colgante-plata-marcasita-salir-del-bucle-energia-vital\/","title":{"rendered":"Colgante Plata Marcasita | Salir del Bucle \u2013 Energ\u00eda Vital"},"content":{"rendered":"<p data-start=\"292\" data-end=\"458\">\n<p data-start=\"460\" data-end=\"791\">La M<strong data-start=\"463\" data-end=\"476\">arcasita<\/strong> es una piedra muy valorada por su capacidad de <strong data-start=\"524\" data-end=\"589\">estimular la vitalidad, la concentraci\u00f3n y la fuerza interior<\/strong>. Se asocia con la <strong data-start=\"608\" data-end=\"633\">protecci\u00f3n energ\u00e9tica<\/strong>, ayudando a mantener la mente clara y a disipar pensamientos negativos o repetitivos.<\/p>\n<p data-start=\"460\" data-end=\"791\">Es ideal para quienes buscan recuperar su motivaci\u00f3n y brillo personal.<\/p>\n<p data-start=\"793\" data-end=\"1054\">La <strong data-start=\"796\" data-end=\"816\">plata de ley 925<\/strong>, metal vinculado a la energ\u00eda lunar, <strong data-start=\"854\" data-end=\"905\">potencia la intuici\u00f3n y el equilibrio emocional<\/strong>, aportando calma, claridad y conexi\u00f3n espiritual.<br data-start=\"955\" data-end=\"958\" \/>Juntas, plata y marcasita crean una poderosa combinaci\u00f3n de <strong data-start=\"1018\" data-end=\"1053\">energ\u00eda, elegancia y protecci\u00f3n<\/strong>.<\/p>\n<p data-start=\"1056\" data-end=\"1162\">Un colgante perfecto para quienes desean sentirse m\u00e1s fuertes, centrados y con una energ\u00eda vital renovada.<\/p>\n<p data-start=\"1169\" data-end=\"1360\">\n<p data-start=\"1169\" data-end=\"1360\"><strong data-start=\"1169\" data-end=\"1182\">Material:<\/strong> Plata de Ley 925.<br data-start=\"1200\" data-end=\"1203\" \/><strong data-start=\"1203\" data-end=\"1216\">Quantitat:<\/strong> 1 unidad. El precio es por una unidad.<br data-start=\"1255\" data-end=\"1258\" \/><strong data-start=\"1258\" data-end=\"1269\">Grand\u00e0ria:<\/strong> 4 cm aproximadamente.<br data-start=\"1306\" data-end=\"1309\" \/><strong data-start=\"1309\" data-end=\"1319\">Forma:<\/strong> Colgante.<\/p>","protected":false},"excerpt":{"rendered":"<p data-start=\"460\" data-end=\"791\">La M<strong data-start=\"463\" data-end=\"476\">arcasita<\/strong> es una piedra muy valorada por su capacidad de <strong data-start=\"524\" data-end=\"589\">estimular la vitalidad, la concentraci\u00f3n y la fuerza interior<\/strong>. Se asocia con la <strong data-start=\"608\" data-end=\"633\">protecci\u00f3n energ\u00e9tica<\/strong>, ayudando a mantener la mente clara y a disipar pensamientos negativos o repetitivos.<\/p>\n<p data-start=\"460\" data-end=\"791\">Es ideal para quienes buscan recuperar su motivaci\u00f3n y brillo personal.<\/p>\n<p data-start=\"793\" data-end=\"1054\">La <strong data-start=\"796\" data-end=\"816\">plata de ley 925<\/strong>, metal vinculado a la energ\u00eda lunar, <strong data-start=\"854\" data-end=\"905\">potencia la intuici\u00f3n y el equilibrio emocional<\/strong>, aportando calma, claridad y conexi\u00f3n espiritual.<br data-start=\"955\" data-end=\"958\" \/>Juntas, plata y marcasita crean una poderosa combinaci\u00f3n de <strong data-start=\"1018\" data-end=\"1053\">energ\u00eda, elegancia y protecci\u00f3n<\/strong>.<\/p>\n<p data-start=\"1056\" data-end=\"1162\">Un colgante perfecto para quienes desean sentirse m\u00e1s fuertes, centrados y con una energ\u00eda vital renovada.<\/p>\n<p data-start=\"1169\" data-end=\"1360\">\n<p data-start=\"1169\" data-end=\"1360\"><strong data-start=\"1169\" data-end=\"1182\">Material:<\/strong> Plata de Ley 925.<br data-start=\"1200\" data-end=\"1203\" \/><strong data-start=\"1203\" data-end=\"1216\">Quantitat:<\/strong> 1 unidad. El precio es por una unidad.<br data-start=\"1255\" data-end=\"1258\" \/><strong data-start=\"1258\" data-end=\"1269\">Grand\u00e0ria:<\/strong> 4 cm aproximadamente.<br data-start=\"1306\" data-end=\"1309\" \/><strong data-start=\"1309\" data-end=\"1319\">Forma:<\/strong> Colgante.<\/p>","protected":false},"featured_media":9165,"template":"","meta":[],"product_cat":[105,70],"product_tag":[],"class_list":{"0":"post-9164","1":"product","2":"type-product","3":"status-publish","4":"has-post-thumbnail","6":"product_cat-colgantes","7":"product_cat-joyas-y-accesorios","9":"first","10":"instock","11":"sale","12":"taxable","13":"shipping-taxable","14":"purchasable","15":"product-type-simple"},"yoast_head":"<!-- This site is optimized with the Yoast SEO plugin v27.3 - https:\/\/yoast.com\/product\/yoast-seo-wordpress\/ -->\n<title>Colgante Plata Marcasita | Salir del Bucle \u2013 Energ\u00eda Vital - MINERALES LUNA LLENA<\/title>\n<meta name=\"robots\" content=\"index, follow, max-snippet:-1, max-image-preview:large, max-video-preview:-1\" \/>\n<link rel=\"canonical\" href=\"https:\/\/mineraleslunallena.com\/ca\/producte\/colgante-plata-marcasita-salir-del-bucle-energia-vital\/\" \/>\n<meta property=\"og:locale\" content=\"ca_ES\" \/>\n<meta property=\"og:type\" content=\"article\" \/>\n<meta property=\"og:title\" content=\"Colgante Plata Marcasita | Salir del Bucle \u2013 Energ\u00eda Vital - MINERALES LUNA LLENA\" \/>\n<meta property=\"og:description\" content=\"La Marcasita es una piedra muy valorada por su capacidad de estimular la vitalidad, la concentraci\u00f3n y la fuerza interior. Se asocia con la protecci\u00f3n energ\u00e9tica, ayudando a mantener la mente clara y a disipar pensamientos negativos o repetitivos. Es ideal para quienes buscan recuperar su motivaci\u00f3n y brillo personal. La plata de ley 925, metal vinculado a la energ\u00eda lunar, potencia la intuici\u00f3n y el equilibrio emocional, aportando calma, claridad y conexi\u00f3n espiritual.Juntas, plata y marcasita crean una poderosa combinaci\u00f3n de energ\u00eda, elegancia y protecci\u00f3n. Un colgante perfecto para quienes desean sentirse m\u00e1s fuertes, centrados y con una energ\u00eda vital renovada.  Material: Plata de Ley 925.Cantidad: 1 unidad. El precio es por una unidad.Tama\u00f1o: 4 cm aproximadamente.Forma: Colgante.\" \/>\n<meta property=\"og:url\" content=\"https:\/\/mineraleslunallena.com\/ca\/producte\/colgante-plata-marcasita-salir-del-bucle-energia-vital\/\" \/>\n<meta property=\"og:site_name\" content=\"MINERALES LUNA LLENA\" \/>\n<meta property=\"article:modified_time\" content=\"2025-10-24T12:42:32+00:00\" \/>\n<meta property=\"og:image\" content=\"https:\/\/mineraleslunallena.com\/wp-content\/uploads\/2025\/10\/IMG_20251024_112141-scaled.jpg\" \/>\n\t<meta property=\"og:image:width\" content=\"1153\" \/>\n\t<meta property=\"og:image:height\" content=\"2560\" \/>\n\t<meta property=\"og:image:type\" content=\"image\/jpeg\" \/>\n<meta name=\"twitter:card\" content=\"summary_large_image\" \/>\n<meta name=\"twitter:label1\" content=\"Temps estimat de lectura\" \/>\n\t<meta name=\"twitter:data1\" content=\"1 minut\" \/>\n<script type=\"application\/ld+json\" class=\"yoast-schema-graph\">{\"@context\":\"https:\\\/\\\/schema.org\",\"@graph\":[{\"@type\":\"WebPage\",\"@id\":\"https:\\\/\\\/mineraleslunallena.com\\\/producto\\\/colgante-plata-marcasita-salir-del-bucle-energia-vital\\\/\",\"url\":\"https:\\\/\\\/mineraleslunallena.com\\\/producto\\\/colgante-plata-marcasita-salir-del-bucle-energia-vital\\\/\",\"name\":\"Colgante Plata Marcasita | Salir del Bucle \u2013 Energ\u00eda Vital - MINERALES LUNA LLENA\",\"isPartOf\":{\"@id\":\"https:\\\/\\\/mineraleslunallena.com\\\/#website\"},\"primaryImageOfPage\":{\"@id\":\"https:\\\/\\\/mineraleslunallena.com\\\/producto\\\/colgante-plata-marcasita-salir-del-bucle-energia-vital\\\/#primaryimage\"},\"image\":{\"@id\":\"https:\\\/\\\/mineraleslunallena.com\\\/producto\\\/colgante-plata-marcasita-salir-del-bucle-energia-vital\\\/#primaryimage\"},\"thumbnailUrl\":\"https:\\\/\\\/mineraleslunallena.com\\\/wp-content\\\/uploads\\\/2025\\\/10\\\/IMG_20251024_112141-scaled.jpg\",\"datePublished\":\"2025-10-24T10:08:46+00:00\",\"dateModified\":\"2025-10-24T12:42:32+00:00\",\"breadcrumb\":{\"@id\":\"https:\\\/\\\/mineraleslunallena.com\\\/producto\\\/colgante-plata-marcasita-salir-del-bucle-energia-vital\\\/#breadcrumb\"},\"inLanguage\":\"ca\",\"potentialAction\":[{\"@type\":\"ReadAction\",\"target\":[\"https:\\\/\\\/mineraleslunallena.com\\\/producto\\\/colgante-plata-marcasita-salir-del-bucle-energia-vital\\\/\"]}]},{\"@type\":\"ImageObject\",\"inLanguage\":\"ca\",\"@id\":\"https:\\\/\\\/mineraleslunallena.com\\\/producto\\\/colgante-plata-marcasita-salir-del-bucle-energia-vital\\\/#primaryimage\",\"url\":\"https:\\\/\\\/mineraleslunallena.com\\\/wp-content\\\/uploads\\\/2025\\\/10\\\/IMG_20251024_112141-scaled.jpg\",\"contentUrl\":\"https:\\\/\\\/mineraleslunallena.com\\\/wp-content\\\/uploads\\\/2025\\\/10\\\/IMG_20251024_112141-scaled.jpg\",\"width\":1153,\"height\":2560},{\"@type\":\"BreadcrumbList\",\"@id\":\"https:\\\/\\\/mineraleslunallena.com\\\/producto\\\/colgante-plata-marcasita-salir-del-bucle-energia-vital\\\/#breadcrumb\",\"itemListElement\":[{\"@type\":\"ListItem\",\"position\":1,\"name\":\"Portada\",\"item\":\"https:\\\/\\\/mineraleslunallena.com\\\/\"},{\"@type\":\"ListItem\",\"position\":2,\"name\":\"Shop\",\"item\":\"https:\\\/\\\/mineraleslunallena.com\\\/ca\\\/shop\\\/\"},{\"@type\":\"ListItem\",\"position\":3,\"name\":\"Colgante Plata Marcasita | Salir del Bucle \u2013 Energ\u00eda Vital\"}]},{\"@type\":\"WebSite\",\"@id\":\"https:\\\/\\\/mineraleslunallena.com\\\/#website\",\"url\":\"https:\\\/\\\/mineraleslunallena.com\\\/\",\"name\":\"LUNA LLENA MINERALES\",\"description\":\"Es el momento de conectarte con tu propio poder y confiar en tus habilidades.\",\"publisher\":{\"@id\":\"https:\\\/\\\/mineraleslunallena.com\\\/#organization\"},\"potentialAction\":[{\"@type\":\"SearchAction\",\"target\":{\"@type\":\"EntryPoint\",\"urlTemplate\":\"https:\\\/\\\/mineraleslunallena.com\\\/?s={search_term_string}\"},\"query-input\":{\"@type\":\"PropertyValueSpecification\",\"valueRequired\":true,\"valueName\":\"search_term_string\"}}],\"inLanguage\":\"ca\"},{\"@type\":\"Organization\",\"@id\":\"https:\\\/\\\/mineraleslunallena.com\\\/#organization\",\"name\":\"LUNA LLENA MINERALES\",\"url\":\"https:\\\/\\\/mineraleslunallena.com\\\/\",\"logo\":{\"@type\":\"ImageObject\",\"inLanguage\":\"ca\",\"@id\":\"https:\\\/\\\/mineraleslunallena.com\\\/#\\\/schema\\\/logo\\\/image\\\/\",\"url\":\"https:\\\/\\\/mineraleslunallena.com\\\/wp-content\\\/uploads\\\/2023\\\/07\\\/LUNA-LLENA-LOGO-nuevo.png\",\"contentUrl\":\"https:\\\/\\\/mineraleslunallena.com\\\/wp-content\\\/uploads\\\/2023\\\/07\\\/LUNA-LLENA-LOGO-nuevo.png\",\"width\":229,\"height\":167,\"caption\":\"LUNA LLENA MINERALES\"},\"image\":{\"@id\":\"https:\\\/\\\/mineraleslunallena.com\\\/#\\\/schema\\\/logo\\\/image\\\/\"}}]}<\/script>\n<!-- \/ Yoast SEO plugin. -->","yoast_head_json":{"title":"Colgante Plata Marcasita | Salir del Bucle \u2013 Energ\u00eda Vital - MINERALES LUNA LLENA","robots":{"index":"index","follow":"follow","max-snippet":"max-snippet:-1","max-image-preview":"max-image-preview:large","max-video-preview":"max-video-preview:-1"},"canonical":"https:\/\/mineraleslunallena.com\/ca\/producte\/colgante-plata-marcasita-salir-del-bucle-energia-vital\/","og_locale":"ca_ES","og_type":"article","og_title":"Colgante Plata Marcasita | Salir del Bucle \u2013 Energ\u00eda Vital - MINERALES LUNA LLENA","og_description":"La Marcasita es una piedra muy valorada por su capacidad de estimular la vitalidad, la concentraci\u00f3n y la fuerza interior. Se asocia con la protecci\u00f3n energ\u00e9tica, ayudando a mantener la mente clara y a disipar pensamientos negativos o repetitivos. Es ideal para quienes buscan recuperar su motivaci\u00f3n y brillo personal. La plata de ley 925, metal vinculado a la energ\u00eda lunar, potencia la intuici\u00f3n y el equilibrio emocional, aportando calma, claridad y conexi\u00f3n espiritual.Juntas, plata y marcasita crean una poderosa combinaci\u00f3n de energ\u00eda, elegancia y protecci\u00f3n. Un colgante perfecto para quienes desean sentirse m\u00e1s fuertes, centrados y con una energ\u00eda vital renovada.  Material: Plata de Ley 925.Cantidad: 1 unidad. El precio es por una unidad.Tama\u00f1o: 4 cm aproximadamente.Forma: Colgante.","og_url":"https:\/\/mineraleslunallena.com\/ca\/producte\/colgante-plata-marcasita-salir-del-bucle-energia-vital\/","og_site_name":"MINERALES LUNA LLENA","article_modified_time":"2025-10-24T12:42:32+00:00","og_image":[{"width":1153,"height":2560,"url":"https:\/\/mineraleslunallena.com\/wp-content\/uploads\/2025\/10\/IMG_20251024_112141-scaled.jpg","type":"image\/jpeg"}],"twitter_card":"summary_large_image","twitter_misc":{"Temps estimat de lectura":"1 minut"},"schema":{"@context":"https:\/\/schema.org","@graph":[{"@type":"WebPage","@id":"https:\/\/mineraleslunallena.com\/producto\/colgante-plata-marcasita-salir-del-bucle-energia-vital\/","url":"https:\/\/mineraleslunallena.com\/producto\/colgante-plata-marcasita-salir-del-bucle-energia-vital\/","name":"Colgante Plata Marcasita | Salir del Bucle \u2013 Energ\u00eda Vital - MINERALES LUNA LLENA","isPartOf":{"@id":"https:\/\/mineraleslunallena.com\/#website"},"primaryImageOfPage":{"@id":"https:\/\/mineraleslunallena.com\/producto\/colgante-plata-marcasita-salir-del-bucle-energia-vital\/#primaryimage"},"image":{"@id":"https:\/\/mineraleslunallena.com\/producto\/colgante-plata-marcasita-salir-del-bucle-energia-vital\/#primaryimage"},"thumbnailUrl":"https:\/\/mineraleslunallena.com\/wp-content\/uploads\/2025\/10\/IMG_20251024_112141-scaled.jpg","datePublished":"2025-10-24T10:08:46+00:00","dateModified":"2025-10-24T12:42:32+00:00","breadcrumb":{"@id":"https:\/\/mineraleslunallena.com\/producto\/colgante-plata-marcasita-salir-del-bucle-energia-vital\/#breadcrumb"},"inLanguage":"ca","potentialAction":[{"@type":"ReadAction","target":["https:\/\/mineraleslunallena.com\/producto\/colgante-plata-marcasita-salir-del-bucle-energia-vital\/"]}]},{"@type":"ImageObject","inLanguage":"ca","@id":"https:\/\/mineraleslunallena.com\/producto\/colgante-plata-marcasita-salir-del-bucle-energia-vital\/#primaryimage","url":"https:\/\/mineraleslunallena.com\/wp-content\/uploads\/2025\/10\/IMG_20251024_112141-scaled.jpg","contentUrl":"https:\/\/mineraleslunallena.com\/wp-content\/uploads\/2025\/10\/IMG_20251024_112141-scaled.jpg","width":1153,"height":2560},{"@type":"BreadcrumbList","@id":"https:\/\/mineraleslunallena.com\/producto\/colgante-plata-marcasita-salir-del-bucle-energia-vital\/#breadcrumb","itemListElement":[{"@type":"ListItem","position":1,"name":"Portada","item":"https:\/\/mineraleslunallena.com\/"},{"@type":"ListItem","position":2,"name":"Shop","item":"https:\/\/mineraleslunallena.com\/ca\/shop\/"},{"@type":"ListItem","position":3,"name":"Colgante Plata Marcasita | Salir del Bucle \u2013 Energ\u00eda Vital"}]},{"@type":"WebSite","@id":"https:\/\/mineraleslunallena.com\/#website","url":"https:\/\/mineraleslunallena.com\/","name":"LLUNA PLENA MINERALS","description":"\u00c9s el moment de connectar-te amb el teu poder i confiar en les teves habilitats.","publisher":{"@id":"https:\/\/mineraleslunallena.com\/#organization"},"potentialAction":[{"@type":"SearchAction","target":{"@type":"EntryPoint","urlTemplate":"https:\/\/mineraleslunallena.com\/?s={search_term_string}"},"query-input":{"@type":"PropertyValueSpecification","valueRequired":true,"valueName":"search_term_string"}}],"inLanguage":"ca"},{"@type":"Organization","@id":"https:\/\/mineraleslunallena.com\/#organization","name":"LLUNA PLENA MINERALS","url":"https:\/\/mineraleslunallena.com\/","logo":{"@type":"ImageObject","inLanguage":"ca","@id":"https:\/\/mineraleslunallena.com\/#\/schema\/logo\/image\/","url":"https:\/\/mineraleslunallena.com\/wp-content\/uploads\/2023\/07\/LUNA-LLENA-LOGO-nuevo.png","contentUrl":"https:\/\/mineraleslunallena.com\/wp-content\/uploads\/2023\/07\/LUNA-LLENA-LOGO-nuevo.png","width":229,"height":167,"caption":"LUNA LLENA MINERALES"},"image":{"@id":"https:\/\/mineraleslunallena.com\/#\/schema\/logo\/image\/"}}]}},"jetpack_sharing_enabled":true,"_links":{"self":[{"href":"https:\/\/mineraleslunallena.com\/ca\/wp-json\/wp\/v2\/product\/9164","targetHints":{"allow":["GET"]}}],"collection":[{"href":"https:\/\/mineraleslunallena.com\/ca\/wp-json\/wp\/v2\/product"}],"about":[{"href":"https:\/\/mineraleslunallena.com\/ca\/wp-json\/wp\/v2\/types\/product"}],"version-history":[{"count":1,"href":"https:\/\/mineraleslunallena.com\/ca\/wp-json\/wp\/v2\/product\/9164\/revisions"}],"predecessor-version":[{"id":9166,"href":"https:\/\/mineraleslunallena.com\/ca\/wp-json\/wp\/v2\/product\/9164\/revisions\/9166"}],"wp:featuredmedia":[{"embeddable":true,"href":"https:\/\/mineraleslunallena.com\/ca\/wp-json\/wp\/v2\/media\/9165"}],"wp:attachment":[{"href":"https:\/\/mineraleslunallena.com\/ca\/wp-json\/wp\/v2\/media?parent=9164"}],"wp:term":[{"taxonomy":"product_cat","embeddable":true,"href":"https:\/\/mineraleslunallena.com\/ca\/wp-json\/wp\/v2\/product_cat?post=9164"},{"taxonomy":"product_tag","embeddable":true,"href":"https:\/\/mineraleslunallena.com\/ca\/wp-json\/wp\/v2\/product_tag?post=9164"}],"curies":[{"name":"wp","href":"https:\/\/api.w.org\/{rel}","templated":true}]}}