{"id":9167,"date":"2025-10-29T10:08:47","date_gmt":"2025-10-29T09:08:47","guid":{"rendered":"https:\/\/mineraleslunallena.com\/?post_type=product&#038;p=9167"},"modified":"2025-12-22T13:04:40","modified_gmt":"2025-12-22T12:04:40","slug":"colgante-plata-cuarzo-chamanico-sabiduria-conexion-espiritual-2","status":"publish","type":"product","link":"https:\/\/mineraleslunallena.com\/ca\/producte\/colgante-plata-cuarzo-chamanico-sabiduria-conexion-espiritual-2\/","title":{"rendered":"Colgante Plata Cuarzo Cham\u00e1nico | Sabidur\u00eda \u2013 Conexi\u00f3n Espiritual"},"content":{"rendered":"<p data-start=\"280\" data-end=\"458\">Este fascinante colgante en <strong data-start=\"308\" data-end=\"349\">plata de ley 925 con Cuarzo Cham\u00e1nico<\/strong> es una aut\u00e9ntica joya energ\u00e9tica que conecta con planos profundos de sabidur\u00eda interior y gu\u00eda espiritual.<\/p>\n<p data-start=\"460\" data-end=\"852\">El <strong data-start=\"463\" data-end=\"483\">Cuarzo Cham\u00e1nico<\/strong>, tambi\u00e9n conocido como <em data-start=\"507\" data-end=\"551\">Cuarzo de los Maestros o Cuarzo Visionario<\/em>, contiene inclusiones naturales que parecen peque\u00f1os paisajes o mundos internos, simbolizando la <strong data-start=\"649\" data-end=\"688\">conexi\u00f3n entre el cielo y la tierra<\/strong>.<br data-start=\"689\" data-end=\"692\" \/>Es una piedra que potencia la <strong data-start=\"722\" data-end=\"771\">meditaci\u00f3n, la intuici\u00f3n y la visi\u00f3n interior<\/strong>, ayud\u00e1ndote a comprender los mensajes del alma y liberar bloqueos energ\u00e9ticos.<\/p>\n<p data-start=\"854\" data-end=\"1141\">La <strong data-start=\"857\" data-end=\"877\">plata de ley 925<\/strong>, metal asociado a la luna, amplifica las energ\u00edas del cuarzo, proporcionando <strong data-start=\"955\" data-end=\"1003\">protecci\u00f3n, serenidad y equilibrio emocional<\/strong>.<br data-start=\"1004\" data-end=\"1007\" \/>Juntos crean un canal de energ\u00eda ideal para <strong data-start=\"1051\" data-end=\"1140\">sanadores, canalizadores o personas que buscan claridad espiritual y armon\u00eda interior<\/strong>.<\/p>\n<p data-start=\"1143\" data-end=\"1286\">Un colgante \u00fanico, lleno de magia y profundidad, que te acompa\u00f1ar\u00e1 en tu camino de crecimiento personal y conexi\u00f3n con tu sabidur\u00eda interior.<\/p>\n<p data-start=\"1293\" data-end=\"1486\"><strong data-start=\"1293\" data-end=\"1306\">Material:<\/strong> Plata de Ley 925.<br data-start=\"1324\" data-end=\"1327\" \/><strong data-start=\"1327\" data-end=\"1340\">Quantitat:<\/strong> 1 unidad. El precio es por una unidad.<br data-start=\"1379\" data-end=\"1382\" \/><strong data-start=\"1382\" data-end=\"1393\">Grand\u00e0ria:<\/strong> 3 cm aproximadamente.<br data-start=\"1430\" data-end=\"1433\" \/><strong data-start=\"1433\" data-end=\"1443\">Forma:<\/strong> Colgante .<\/p>","protected":false},"excerpt":{"rendered":"<p data-start=\"280\" data-end=\"458\">Este fascinante colgante en <strong data-start=\"308\" data-end=\"349\">plata de ley 925 con Cuarzo Cham\u00e1nico<\/strong> es una aut\u00e9ntica joya energ\u00e9tica que conecta con planos profundos de sabidur\u00eda interior y gu\u00eda espiritual.<\/p>\n<p data-start=\"460\" data-end=\"852\">El <strong data-start=\"463\" data-end=\"483\">Cuarzo Cham\u00e1nico<\/strong>, tambi\u00e9n conocido como <em data-start=\"507\" data-end=\"551\">Cuarzo de los Maestros o Cuarzo Visionario<\/em>, contiene inclusiones naturales que parecen peque\u00f1os paisajes o mundos internos, simbolizando la <strong data-start=\"649\" data-end=\"688\">conexi\u00f3n entre el cielo y la tierra<\/strong>.<br data-start=\"689\" data-end=\"692\" \/>Es una piedra que potencia la <strong data-start=\"722\" data-end=\"771\">meditaci\u00f3n, la intuici\u00f3n y la visi\u00f3n interior<\/strong>, ayud\u00e1ndote a comprender los mensajes del alma y liberar bloqueos energ\u00e9ticos.<\/p>\n<p data-start=\"854\" data-end=\"1141\">La <strong data-start=\"857\" data-end=\"877\">plata de ley 925<\/strong>, metal asociado a la luna, amplifica las energ\u00edas del cuarzo, proporcionando <strong data-start=\"955\" data-end=\"1003\">protecci\u00f3n, serenidad y equilibrio emocional<\/strong>.<br data-start=\"1004\" data-end=\"1007\" \/>Juntos crean un canal de energ\u00eda ideal para <strong data-start=\"1051\" data-end=\"1140\">sanadores, canalizadores o personas que buscan claridad espiritual y armon\u00eda interior<\/strong>.<\/p>\n<p data-start=\"1143\" data-end=\"1286\">Un colgante \u00fanico, lleno de magia y profundidad, que te acompa\u00f1ar\u00e1 en tu camino de crecimiento personal y conexi\u00f3n con tu sabidur\u00eda interior.<\/p>\n<p data-start=\"1293\" data-end=\"1486\"><strong data-start=\"1293\" data-end=\"1306\">Material:<\/strong> Plata de Ley 925.<br data-start=\"1324\" data-end=\"1327\" \/><strong data-start=\"1327\" data-end=\"1340\">Quantitat:<\/strong> 1 unidad. El precio es por una unidad.<br data-start=\"1379\" data-end=\"1382\" \/><strong data-start=\"1382\" data-end=\"1393\">Grand\u00e0ria:<\/strong> 3 cm aproximadamente.<br data-start=\"1430\" data-end=\"1433\" \/><strong data-start=\"1433\" data-end=\"1443\">Forma:<\/strong> Colgante .<\/p>","protected":false},"featured_media":9188,"template":"","meta":[],"product_cat":[105,70],"product_tag":[],"class_list":{"0":"post-9167","1":"product","2":"type-product","3":"status-publish","4":"has-post-thumbnail","6":"product_cat-colgantes","7":"product_cat-joyas-y-accesorios","9":"first","10":"instock","11":"sale","12":"taxable","13":"shipping-taxable","14":"purchasable","15":"product-type-simple"},"yoast_head":"<!-- This site is optimized with the Yoast SEO plugin v27.3 - https:\/\/yoast.com\/product\/yoast-seo-wordpress\/ -->\n<title>Colgante Plata Cuarzo Cham\u00e1nico | Sabidur\u00eda \u2013 Conexi\u00f3n Espiritual - MINERALES LUNA LLENA<\/title>\n<meta name=\"robots\" content=\"index, follow, max-snippet:-1, max-image-preview:large, max-video-preview:-1\" \/>\n<link rel=\"canonical\" href=\"https:\/\/mineraleslunallena.com\/ca\/producte\/colgante-plata-cuarzo-chamanico-sabiduria-conexion-espiritual-2\/\" \/>\n<meta property=\"og:locale\" content=\"ca_ES\" \/>\n<meta property=\"og:type\" content=\"article\" \/>\n<meta property=\"og:title\" content=\"Colgante Plata Cuarzo Cham\u00e1nico | Sabidur\u00eda \u2013 Conexi\u00f3n Espiritual - MINERALES LUNA LLENA\" \/>\n<meta property=\"og:description\" content=\"Este fascinante colgante en plata de ley 925 con Cuarzo Cham\u00e1nico es una aut\u00e9ntica joya energ\u00e9tica que conecta con planos profundos de sabidur\u00eda interior y gu\u00eda espiritual. El Cuarzo Cham\u00e1nico, tambi\u00e9n conocido como Cuarzo de los Maestros o Cuarzo Visionario, contiene inclusiones naturales que parecen peque\u00f1os paisajes o mundos internos, simbolizando la conexi\u00f3n entre el cielo y la tierra.Es una piedra que potencia la meditaci\u00f3n, la intuici\u00f3n y la visi\u00f3n interior, ayud\u00e1ndote a comprender los mensajes del alma y liberar bloqueos energ\u00e9ticos. La plata de ley 925, metal asociado a la luna, amplifica las energ\u00edas del cuarzo, proporcionando protecci\u00f3n, serenidad y equilibrio emocional.Juntos crean un canal de energ\u00eda ideal para sanadores, canalizadores o personas que buscan claridad espiritual y armon\u00eda interior. Un colgante \u00fanico, lleno de magia y profundidad, que te acompa\u00f1ar\u00e1 en tu camino de crecimiento personal y conexi\u00f3n con tu sabidur\u00eda interior. Material: Plata de Ley 925.Cantidad: 1 unidad. El precio es por una unidad.Tama\u00f1o: 3 cm aproximadamente.Forma: Colgante .\" \/>\n<meta property=\"og:url\" content=\"https:\/\/mineraleslunallena.com\/ca\/producte\/colgante-plata-cuarzo-chamanico-sabiduria-conexion-espiritual-2\/\" \/>\n<meta property=\"og:site_name\" content=\"MINERALES LUNA LLENA\" \/>\n<meta property=\"article:modified_time\" content=\"2025-12-22T12:04:40+00:00\" \/>\n<meta property=\"og:image\" content=\"https:\/\/mineraleslunallena.com\/wp-content\/uploads\/2025\/10\/IMG_20251024_133027-scaled.jpg\" \/>\n\t<meta property=\"og:image:width\" content=\"1153\" \/>\n\t<meta property=\"og:image:height\" content=\"2560\" \/>\n\t<meta property=\"og:image:type\" content=\"image\/jpeg\" \/>\n<meta name=\"twitter:card\" content=\"summary_large_image\" \/>\n<meta name=\"twitter:label1\" content=\"Temps estimat de lectura\" \/>\n\t<meta name=\"twitter:data1\" content=\"1 minut\" \/>\n<script type=\"application\/ld+json\" class=\"yoast-schema-graph\">{\"@context\":\"https:\\\/\\\/schema.org\",\"@graph\":[{\"@type\":\"WebPage\",\"@id\":\"https:\\\/\\\/mineraleslunallena.com\\\/producto\\\/colgante-plata-cuarzo-chamanico-sabiduria-conexion-espiritual-2\\\/\",\"url\":\"https:\\\/\\\/mineraleslunallena.com\\\/producto\\\/colgante-plata-cuarzo-chamanico-sabiduria-conexion-espiritual-2\\\/\",\"name\":\"Colgante Plata Cuarzo Cham\u00e1nico | Sabidur\u00eda \u2013 Conexi\u00f3n Espiritual - MINERALES LUNA LLENA\",\"isPartOf\":{\"@id\":\"https:\\\/\\\/mineraleslunallena.com\\\/#website\"},\"primaryImageOfPage\":{\"@id\":\"https:\\\/\\\/mineraleslunallena.com\\\/producto\\\/colgante-plata-cuarzo-chamanico-sabiduria-conexion-espiritual-2\\\/#primaryimage\"},\"image\":{\"@id\":\"https:\\\/\\\/mineraleslunallena.com\\\/producto\\\/colgante-plata-cuarzo-chamanico-sabiduria-conexion-espiritual-2\\\/#primaryimage\"},\"thumbnailUrl\":\"https:\\\/\\\/mineraleslunallena.com\\\/wp-content\\\/uploads\\\/2025\\\/10\\\/IMG_20251024_133027-scaled.jpg\",\"datePublished\":\"2025-10-29T09:08:47+00:00\",\"dateModified\":\"2025-12-22T12:04:40+00:00\",\"breadcrumb\":{\"@id\":\"https:\\\/\\\/mineraleslunallena.com\\\/producto\\\/colgante-plata-cuarzo-chamanico-sabiduria-conexion-espiritual-2\\\/#breadcrumb\"},\"inLanguage\":\"ca\",\"potentialAction\":[{\"@type\":\"ReadAction\",\"target\":[\"https:\\\/\\\/mineraleslunallena.com\\\/producto\\\/colgante-plata-cuarzo-chamanico-sabiduria-conexion-espiritual-2\\\/\"]}]},{\"@type\":\"ImageObject\",\"inLanguage\":\"ca\",\"@id\":\"https:\\\/\\\/mineraleslunallena.com\\\/producto\\\/colgante-plata-cuarzo-chamanico-sabiduria-conexion-espiritual-2\\\/#primaryimage\",\"url\":\"https:\\\/\\\/mineraleslunallena.com\\\/wp-content\\\/uploads\\\/2025\\\/10\\\/IMG_20251024_133027-scaled.jpg\",\"contentUrl\":\"https:\\\/\\\/mineraleslunallena.com\\\/wp-content\\\/uploads\\\/2025\\\/10\\\/IMG_20251024_133027-scaled.jpg\",\"width\":1153,\"height\":2560},{\"@type\":\"BreadcrumbList\",\"@id\":\"https:\\\/\\\/mineraleslunallena.com\\\/producto\\\/colgante-plata-cuarzo-chamanico-sabiduria-conexion-espiritual-2\\\/#breadcrumb\",\"itemListElement\":[{\"@type\":\"ListItem\",\"position\":1,\"name\":\"Portada\",\"item\":\"https:\\\/\\\/mineraleslunallena.com\\\/\"},{\"@type\":\"ListItem\",\"position\":2,\"name\":\"Shop\",\"item\":\"https:\\\/\\\/mineraleslunallena.com\\\/ca\\\/shop\\\/\"},{\"@type\":\"ListItem\",\"position\":3,\"name\":\"Colgante Plata Cuarzo Cham\u00e1nico | Sabidur\u00eda \u2013 Conexi\u00f3n Espiritual\"}]},{\"@type\":\"WebSite\",\"@id\":\"https:\\\/\\\/mineraleslunallena.com\\\/#website\",\"url\":\"https:\\\/\\\/mineraleslunallena.com\\\/\",\"name\":\"LUNA LLENA MINERALES\",\"description\":\"Es el momento de conectarte con tu propio poder y confiar en tus habilidades.\",\"publisher\":{\"@id\":\"https:\\\/\\\/mineraleslunallena.com\\\/#organization\"},\"potentialAction\":[{\"@type\":\"SearchAction\",\"target\":{\"@type\":\"EntryPoint\",\"urlTemplate\":\"https:\\\/\\\/mineraleslunallena.com\\\/?s={search_term_string}\"},\"query-input\":{\"@type\":\"PropertyValueSpecification\",\"valueRequired\":true,\"valueName\":\"search_term_string\"}}],\"inLanguage\":\"ca\"},{\"@type\":\"Organization\",\"@id\":\"https:\\\/\\\/mineraleslunallena.com\\\/#organization\",\"name\":\"LUNA LLENA MINERALES\",\"url\":\"https:\\\/\\\/mineraleslunallena.com\\\/\",\"logo\":{\"@type\":\"ImageObject\",\"inLanguage\":\"ca\",\"@id\":\"https:\\\/\\\/mineraleslunallena.com\\\/#\\\/schema\\\/logo\\\/image\\\/\",\"url\":\"https:\\\/\\\/mineraleslunallena.com\\\/wp-content\\\/uploads\\\/2023\\\/07\\\/LUNA-LLENA-LOGO-nuevo.png\",\"contentUrl\":\"https:\\\/\\\/mineraleslunallena.com\\\/wp-content\\\/uploads\\\/2023\\\/07\\\/LUNA-LLENA-LOGO-nuevo.png\",\"width\":229,\"height\":167,\"caption\":\"LUNA LLENA MINERALES\"},\"image\":{\"@id\":\"https:\\\/\\\/mineraleslunallena.com\\\/#\\\/schema\\\/logo\\\/image\\\/\"}}]}<\/script>\n<!-- \/ Yoast SEO plugin. -->","yoast_head_json":{"title":"Colgante Plata Cuarzo Cham\u00e1nico | Sabidur\u00eda \u2013 Conexi\u00f3n Espiritual - MINERALES LUNA LLENA","robots":{"index":"index","follow":"follow","max-snippet":"max-snippet:-1","max-image-preview":"max-image-preview:large","max-video-preview":"max-video-preview:-1"},"canonical":"https:\/\/mineraleslunallena.com\/ca\/producte\/colgante-plata-cuarzo-chamanico-sabiduria-conexion-espiritual-2\/","og_locale":"ca_ES","og_type":"article","og_title":"Colgante Plata Cuarzo Cham\u00e1nico | Sabidur\u00eda \u2013 Conexi\u00f3n Espiritual - MINERALES LUNA LLENA","og_description":"Este fascinante colgante en plata de ley 925 con Cuarzo Cham\u00e1nico es una aut\u00e9ntica joya energ\u00e9tica que conecta con planos profundos de sabidur\u00eda interior y gu\u00eda espiritual. El Cuarzo Cham\u00e1nico, tambi\u00e9n conocido como Cuarzo de los Maestros o Cuarzo Visionario, contiene inclusiones naturales que parecen peque\u00f1os paisajes o mundos internos, simbolizando la conexi\u00f3n entre el cielo y la tierra.Es una piedra que potencia la meditaci\u00f3n, la intuici\u00f3n y la visi\u00f3n interior, ayud\u00e1ndote a comprender los mensajes del alma y liberar bloqueos energ\u00e9ticos. La plata de ley 925, metal asociado a la luna, amplifica las energ\u00edas del cuarzo, proporcionando protecci\u00f3n, serenidad y equilibrio emocional.Juntos crean un canal de energ\u00eda ideal para sanadores, canalizadores o personas que buscan claridad espiritual y armon\u00eda interior. Un colgante \u00fanico, lleno de magia y profundidad, que te acompa\u00f1ar\u00e1 en tu camino de crecimiento personal y conexi\u00f3n con tu sabidur\u00eda interior. Material: Plata de Ley 925.Cantidad: 1 unidad. El precio es por una unidad.Tama\u00f1o: 3 cm aproximadamente.Forma: Colgante .","og_url":"https:\/\/mineraleslunallena.com\/ca\/producte\/colgante-plata-cuarzo-chamanico-sabiduria-conexion-espiritual-2\/","og_site_name":"MINERALES LUNA LLENA","article_modified_time":"2025-12-22T12:04:40+00:00","og_image":[{"width":1153,"height":2560,"url":"https:\/\/mineraleslunallena.com\/wp-content\/uploads\/2025\/10\/IMG_20251024_133027-scaled.jpg","type":"image\/jpeg"}],"twitter_card":"summary_large_image","twitter_misc":{"Temps estimat de lectura":"1 minut"},"schema":{"@context":"https:\/\/schema.org","@graph":[{"@type":"WebPage","@id":"https:\/\/mineraleslunallena.com\/producto\/colgante-plata-cuarzo-chamanico-sabiduria-conexion-espiritual-2\/","url":"https:\/\/mineraleslunallena.com\/producto\/colgante-plata-cuarzo-chamanico-sabiduria-conexion-espiritual-2\/","name":"Colgante Plata Cuarzo Cham\u00e1nico | Sabidur\u00eda \u2013 Conexi\u00f3n Espiritual - MINERALES LUNA LLENA","isPartOf":{"@id":"https:\/\/mineraleslunallena.com\/#website"},"primaryImageOfPage":{"@id":"https:\/\/mineraleslunallena.com\/producto\/colgante-plata-cuarzo-chamanico-sabiduria-conexion-espiritual-2\/#primaryimage"},"image":{"@id":"https:\/\/mineraleslunallena.com\/producto\/colgante-plata-cuarzo-chamanico-sabiduria-conexion-espiritual-2\/#primaryimage"},"thumbnailUrl":"https:\/\/mineraleslunallena.com\/wp-content\/uploads\/2025\/10\/IMG_20251024_133027-scaled.jpg","datePublished":"2025-10-29T09:08:47+00:00","dateModified":"2025-12-22T12:04:40+00:00","breadcrumb":{"@id":"https:\/\/mineraleslunallena.com\/producto\/colgante-plata-cuarzo-chamanico-sabiduria-conexion-espiritual-2\/#breadcrumb"},"inLanguage":"ca","potentialAction":[{"@type":"ReadAction","target":["https:\/\/mineraleslunallena.com\/producto\/colgante-plata-cuarzo-chamanico-sabiduria-conexion-espiritual-2\/"]}]},{"@type":"ImageObject","inLanguage":"ca","@id":"https:\/\/mineraleslunallena.com\/producto\/colgante-plata-cuarzo-chamanico-sabiduria-conexion-espiritual-2\/#primaryimage","url":"https:\/\/mineraleslunallena.com\/wp-content\/uploads\/2025\/10\/IMG_20251024_133027-scaled.jpg","contentUrl":"https:\/\/mineraleslunallena.com\/wp-content\/uploads\/2025\/10\/IMG_20251024_133027-scaled.jpg","width":1153,"height":2560},{"@type":"BreadcrumbList","@id":"https:\/\/mineraleslunallena.com\/producto\/colgante-plata-cuarzo-chamanico-sabiduria-conexion-espiritual-2\/#breadcrumb","itemListElement":[{"@type":"ListItem","position":1,"name":"Portada","item":"https:\/\/mineraleslunallena.com\/"},{"@type":"ListItem","position":2,"name":"Shop","item":"https:\/\/mineraleslunallena.com\/ca\/shop\/"},{"@type":"ListItem","position":3,"name":"Colgante Plata Cuarzo Cham\u00e1nico | Sabidur\u00eda \u2013 Conexi\u00f3n Espiritual"}]},{"@type":"WebSite","@id":"https:\/\/mineraleslunallena.com\/#website","url":"https:\/\/mineraleslunallena.com\/","name":"LLUNA PLENA MINERALS","description":"\u00c9s el moment de connectar-te amb el teu poder i confiar en les teves habilitats.","publisher":{"@id":"https:\/\/mineraleslunallena.com\/#organization"},"potentialAction":[{"@type":"SearchAction","target":{"@type":"EntryPoint","urlTemplate":"https:\/\/mineraleslunallena.com\/?s={search_term_string}"},"query-input":{"@type":"PropertyValueSpecification","valueRequired":true,"valueName":"search_term_string"}}],"inLanguage":"ca"},{"@type":"Organization","@id":"https:\/\/mineraleslunallena.com\/#organization","name":"LLUNA PLENA MINERALS","url":"https:\/\/mineraleslunallena.com\/","logo":{"@type":"ImageObject","inLanguage":"ca","@id":"https:\/\/mineraleslunallena.com\/#\/schema\/logo\/image\/","url":"https:\/\/mineraleslunallena.com\/wp-content\/uploads\/2023\/07\/LUNA-LLENA-LOGO-nuevo.png","contentUrl":"https:\/\/mineraleslunallena.com\/wp-content\/uploads\/2023\/07\/LUNA-LLENA-LOGO-nuevo.png","width":229,"height":167,"caption":"LUNA LLENA MINERALES"},"image":{"@id":"https:\/\/mineraleslunallena.com\/#\/schema\/logo\/image\/"}}]}},"jetpack_sharing_enabled":true,"_links":{"self":[{"href":"https:\/\/mineraleslunallena.com\/ca\/wp-json\/wp\/v2\/product\/9167","targetHints":{"allow":["GET"]}}],"collection":[{"href":"https:\/\/mineraleslunallena.com\/ca\/wp-json\/wp\/v2\/product"}],"about":[{"href":"https:\/\/mineraleslunallena.com\/ca\/wp-json\/wp\/v2\/types\/product"}],"version-history":[{"count":3,"href":"https:\/\/mineraleslunallena.com\/ca\/wp-json\/wp\/v2\/product\/9167\/revisions"}],"predecessor-version":[{"id":9396,"href":"https:\/\/mineraleslunallena.com\/ca\/wp-json\/wp\/v2\/product\/9167\/revisions\/9396"}],"wp:featuredmedia":[{"embeddable":true,"href":"https:\/\/mineraleslunallena.com\/ca\/wp-json\/wp\/v2\/media\/9188"}],"wp:attachment":[{"href":"https:\/\/mineraleslunallena.com\/ca\/wp-json\/wp\/v2\/media?parent=9167"}],"wp:term":[{"taxonomy":"product_cat","embeddable":true,"href":"https:\/\/mineraleslunallena.com\/ca\/wp-json\/wp\/v2\/product_cat?post=9167"},{"taxonomy":"product_tag","embeddable":true,"href":"https:\/\/mineraleslunallena.com\/ca\/wp-json\/wp\/v2\/product_tag?post=9167"}],"curies":[{"name":"wp","href":"https:\/\/api.w.org\/{rel}","templated":true}]}}