{"id":9169,"date":"2025-10-24T12:28:08","date_gmt":"2025-10-24T10:28:08","guid":{"rendered":"https:\/\/mineraleslunallena.com\/?post_type=product&#038;p=9169"},"modified":"2026-04-20T14:16:19","modified_gmt":"2026-04-20T12:16:19","slug":"colgante-plata-amatista-calma-proteccion-espiritual","status":"publish","type":"product","link":"https:\/\/mineraleslunallena.com\/ca\/producte\/colgante-plata-amatista-calma-proteccion-espiritual\/","title":{"rendered":"Colgante Plata Amatista | Calma \u2013 Protecci\u00f3n Espiritual"},"content":{"rendered":"<p data-start=\"273\" data-end=\"399\">Este hermoso colgante en <strong data-start=\"298\" data-end=\"339\">plata de ley 925 con Amatista natural<\/strong> combina elegancia y energ\u00eda espiritual en una sola pieza.<\/p>\n<p data-start=\"401\" data-end=\"752\">La A<strong data-start=\"404\" data-end=\"416\">matista<\/strong> es una piedra profundamente espiritual, conocida por su capacidad para <strong data-start=\"488\" data-end=\"534\">transmutar la energ\u00eda negativa en positiva<\/strong>, aportando serenidad, equilibrio y claridad mental.<br data-start=\"586\" data-end=\"589\" \/>Favorece el descanso, la concentraci\u00f3n y la conexi\u00f3n con la intuici\u00f3n, siendo ideal para quienes buscan <strong data-start=\"693\" data-end=\"733\">paz interior y protecci\u00f3n energ\u00e9tica<\/strong> en su d\u00eda a d\u00eda.<\/p>\n<p data-start=\"754\" data-end=\"1015\">La <strong data-start=\"757\" data-end=\"777\">plata de ley 925<\/strong>, asociada con la luna, amplifica las propiedades de la amatista, envolvi\u00e9ndote en una vibraci\u00f3n calmante y purificadora.<br data-start=\"898\" data-end=\"901\" \/>Juntas, plata y amatista crean un escudo de luz que ayuda a mantener la mente tranquila y el coraz\u00f3n en armon\u00eda.<\/p>\n<p data-start=\"1017\" data-end=\"1131\">Un colgante perfecto para momentos de estr\u00e9s, meditaci\u00f3n o cuando necesites conectar con tu energ\u00eda m\u00e1s elevada.<\/p>\n<p data-start=\"1138\" data-end=\"1331\">Material: Plata de Ley 925.<\/p>\n<p data-start=\"1138\" data-end=\"1331\">Cantidad: 1 unidad. El precio es por una unidad.<\/p>\n<p data-start=\"1138\" data-end=\"1331\">Tama\u00f1o: Entre 1,5 cm y 2 cm aproximadamente.<\/p>\n<p data-start=\"1138\" data-end=\"1331\">Forma: Colgante (modelos variados seg\u00fan stock).<\/p>","protected":false},"excerpt":{"rendered":"<p data-start=\"273\" data-end=\"399\">Este hermoso colgante en <strong data-start=\"298\" data-end=\"339\">plata de ley 925 con Amatista natural<\/strong> combina elegancia y energ\u00eda espiritual en una sola pieza.<\/p>\n<p data-start=\"401\" data-end=\"752\">La A<strong data-start=\"404\" data-end=\"416\">matista<\/strong> es una piedra profundamente espiritual, conocida por su capacidad para <strong data-start=\"488\" data-end=\"534\">transmutar la energ\u00eda negativa en positiva<\/strong>, aportando serenidad, equilibrio y claridad mental.<br data-start=\"586\" data-end=\"589\" \/>Favorece el descanso, la concentraci\u00f3n y la conexi\u00f3n con la intuici\u00f3n, siendo ideal para quienes buscan <strong data-start=\"693\" data-end=\"733\">paz interior y protecci\u00f3n energ\u00e9tica<\/strong> en su d\u00eda a d\u00eda.<\/p>\n<p data-start=\"754\" data-end=\"1015\">La <strong data-start=\"757\" data-end=\"777\">plata de ley 925<\/strong>, asociada con la luna, amplifica las propiedades de la amatista, envolvi\u00e9ndote en una vibraci\u00f3n calmante y purificadora.<br data-start=\"898\" data-end=\"901\" \/>Juntas, plata y amatista crean un escudo de luz que ayuda a mantener la mente tranquila y el coraz\u00f3n en armon\u00eda.<\/p>\n<p data-start=\"1017\" data-end=\"1131\">Un colgante perfecto para momentos de estr\u00e9s, meditaci\u00f3n o cuando necesites conectar con tu energ\u00eda m\u00e1s elevada.<\/p>\n<p data-start=\"1138\" data-end=\"1331\">\n<p data-start=\"1138\" data-end=\"1331\">Material: Plata de Ley 925.<\/p>\n<p data-start=\"1138\" data-end=\"1331\">Cantidad: 1 unidad. El precio es por una unidad.<\/p>\n<p data-start=\"1138\" data-end=\"1331\">Tama\u00f1o: Entre 1,5 cm y 2 cm aproximadamente.<\/p>\n<p data-start=\"1138\" data-end=\"1331\">Forma: Colgante (modelos variados seg\u00fan stock).<\/p>","protected":false},"featured_media":9171,"template":"","meta":[],"product_cat":[105,70],"product_tag":[],"class_list":{"0":"post-9169","1":"product","2":"type-product","3":"status-publish","4":"has-post-thumbnail","6":"product_cat-colgantes","7":"product_cat-joyas-y-accesorios","9":"first","10":"outofstock","11":"sale","12":"taxable","13":"shipping-taxable","14":"purchasable","15":"product-type-simple"},"yoast_head":"<!-- This site is optimized with the Yoast SEO plugin v27.3 - https:\/\/yoast.com\/product\/yoast-seo-wordpress\/ -->\n<title>Colgante Plata Amatista | Calma \u2013 Protecci\u00f3n Espiritual - MINERALES LUNA LLENA<\/title>\n<meta name=\"robots\" content=\"index, follow, max-snippet:-1, max-image-preview:large, max-video-preview:-1\" \/>\n<link rel=\"canonical\" href=\"https:\/\/mineraleslunallena.com\/ca\/producte\/colgante-plata-amatista-calma-proteccion-espiritual\/\" \/>\n<meta property=\"og:locale\" content=\"ca_ES\" \/>\n<meta property=\"og:type\" content=\"article\" \/>\n<meta property=\"og:title\" content=\"Colgante Plata Amatista | Calma \u2013 Protecci\u00f3n Espiritual - MINERALES LUNA LLENA\" \/>\n<meta property=\"og:description\" content=\"Este hermoso colgante en plata de ley 925 con Amatista natural combina elegancia y energ\u00eda espiritual en una sola pieza. La Amatista es una piedra profundamente espiritual, conocida por su capacidad para transmutar la energ\u00eda negativa en positiva, aportando serenidad, equilibrio y claridad mental.Favorece el descanso, la concentraci\u00f3n y la conexi\u00f3n con la intuici\u00f3n, siendo ideal para quienes buscan paz interior y protecci\u00f3n energ\u00e9tica en su d\u00eda a d\u00eda. La plata de ley 925, asociada con la luna, amplifica las propiedades de la amatista, envolvi\u00e9ndote en una vibraci\u00f3n calmante y purificadora.Juntas, plata y amatista crean un escudo de luz que ayuda a mantener la mente tranquila y el coraz\u00f3n en armon\u00eda. Un colgante perfecto para momentos de estr\u00e9s, meditaci\u00f3n o cuando necesites conectar con tu energ\u00eda m\u00e1s elevada.  Material: Plata de Ley 925. Cantidad: 1 unidad. El precio es por una unidad. Tama\u00f1o: Entre 1,5 cm y 2 cm aproximadamente. Forma: Colgante (modelos variados seg\u00fan stock).\" \/>\n<meta property=\"og:url\" content=\"https:\/\/mineraleslunallena.com\/ca\/producte\/colgante-plata-amatista-calma-proteccion-espiritual\/\" \/>\n<meta property=\"og:site_name\" content=\"MINERALES LUNA LLENA\" \/>\n<meta property=\"article:modified_time\" content=\"2026-04-20T12:16:19+00:00\" \/>\n<meta property=\"og:image\" content=\"https:\/\/mineraleslunallena.com\/wp-content\/uploads\/2025\/10\/IMG_20251024_112454-scaled.jpg\" \/>\n\t<meta property=\"og:image:width\" content=\"1153\" \/>\n\t<meta property=\"og:image:height\" content=\"2560\" \/>\n\t<meta property=\"og:image:type\" content=\"image\/jpeg\" \/>\n<meta name=\"twitter:card\" content=\"summary_large_image\" \/>\n<meta name=\"twitter:label1\" content=\"Temps estimat de lectura\" \/>\n\t<meta name=\"twitter:data1\" content=\"1 minut\" \/>\n<script type=\"application\/ld+json\" class=\"yoast-schema-graph\">{\"@context\":\"https:\\\/\\\/schema.org\",\"@graph\":[{\"@type\":\"WebPage\",\"@id\":\"https:\\\/\\\/mineraleslunallena.com\\\/producto\\\/colgante-plata-amatista-calma-proteccion-espiritual\\\/\",\"url\":\"https:\\\/\\\/mineraleslunallena.com\\\/producto\\\/colgante-plata-amatista-calma-proteccion-espiritual\\\/\",\"name\":\"Colgante Plata Amatista | Calma \u2013 Protecci\u00f3n Espiritual - MINERALES LUNA LLENA\",\"isPartOf\":{\"@id\":\"https:\\\/\\\/mineraleslunallena.com\\\/#website\"},\"primaryImageOfPage\":{\"@id\":\"https:\\\/\\\/mineraleslunallena.com\\\/producto\\\/colgante-plata-amatista-calma-proteccion-espiritual\\\/#primaryimage\"},\"image\":{\"@id\":\"https:\\\/\\\/mineraleslunallena.com\\\/producto\\\/colgante-plata-amatista-calma-proteccion-espiritual\\\/#primaryimage\"},\"thumbnailUrl\":\"https:\\\/\\\/mineraleslunallena.com\\\/wp-content\\\/uploads\\\/2025\\\/10\\\/IMG_20251024_112454-scaled.jpg\",\"datePublished\":\"2025-10-24T10:28:08+00:00\",\"dateModified\":\"2026-04-20T12:16:19+00:00\",\"breadcrumb\":{\"@id\":\"https:\\\/\\\/mineraleslunallena.com\\\/producto\\\/colgante-plata-amatista-calma-proteccion-espiritual\\\/#breadcrumb\"},\"inLanguage\":\"ca\",\"potentialAction\":[{\"@type\":\"ReadAction\",\"target\":[\"https:\\\/\\\/mineraleslunallena.com\\\/producto\\\/colgante-plata-amatista-calma-proteccion-espiritual\\\/\"]}]},{\"@type\":\"ImageObject\",\"inLanguage\":\"ca\",\"@id\":\"https:\\\/\\\/mineraleslunallena.com\\\/producto\\\/colgante-plata-amatista-calma-proteccion-espiritual\\\/#primaryimage\",\"url\":\"https:\\\/\\\/mineraleslunallena.com\\\/wp-content\\\/uploads\\\/2025\\\/10\\\/IMG_20251024_112454-scaled.jpg\",\"contentUrl\":\"https:\\\/\\\/mineraleslunallena.com\\\/wp-content\\\/uploads\\\/2025\\\/10\\\/IMG_20251024_112454-scaled.jpg\",\"width\":1153,\"height\":2560},{\"@type\":\"BreadcrumbList\",\"@id\":\"https:\\\/\\\/mineraleslunallena.com\\\/producto\\\/colgante-plata-amatista-calma-proteccion-espiritual\\\/#breadcrumb\",\"itemListElement\":[{\"@type\":\"ListItem\",\"position\":1,\"name\":\"Portada\",\"item\":\"https:\\\/\\\/mineraleslunallena.com\\\/\"},{\"@type\":\"ListItem\",\"position\":2,\"name\":\"Shop\",\"item\":\"https:\\\/\\\/mineraleslunallena.com\\\/ca\\\/shop\\\/\"},{\"@type\":\"ListItem\",\"position\":3,\"name\":\"Colgante Plata Amatista | Calma \u2013 Protecci\u00f3n Espiritual\"}]},{\"@type\":\"WebSite\",\"@id\":\"https:\\\/\\\/mineraleslunallena.com\\\/#website\",\"url\":\"https:\\\/\\\/mineraleslunallena.com\\\/\",\"name\":\"LUNA LLENA MINERALES\",\"description\":\"Es el momento de conectarte con tu propio poder y confiar en tus habilidades.\",\"publisher\":{\"@id\":\"https:\\\/\\\/mineraleslunallena.com\\\/#organization\"},\"potentialAction\":[{\"@type\":\"SearchAction\",\"target\":{\"@type\":\"EntryPoint\",\"urlTemplate\":\"https:\\\/\\\/mineraleslunallena.com\\\/?s={search_term_string}\"},\"query-input\":{\"@type\":\"PropertyValueSpecification\",\"valueRequired\":true,\"valueName\":\"search_term_string\"}}],\"inLanguage\":\"ca\"},{\"@type\":\"Organization\",\"@id\":\"https:\\\/\\\/mineraleslunallena.com\\\/#organization\",\"name\":\"LUNA LLENA MINERALES\",\"url\":\"https:\\\/\\\/mineraleslunallena.com\\\/\",\"logo\":{\"@type\":\"ImageObject\",\"inLanguage\":\"ca\",\"@id\":\"https:\\\/\\\/mineraleslunallena.com\\\/#\\\/schema\\\/logo\\\/image\\\/\",\"url\":\"https:\\\/\\\/mineraleslunallena.com\\\/wp-content\\\/uploads\\\/2023\\\/07\\\/LUNA-LLENA-LOGO-nuevo.png\",\"contentUrl\":\"https:\\\/\\\/mineraleslunallena.com\\\/wp-content\\\/uploads\\\/2023\\\/07\\\/LUNA-LLENA-LOGO-nuevo.png\",\"width\":229,\"height\":167,\"caption\":\"LUNA LLENA MINERALES\"},\"image\":{\"@id\":\"https:\\\/\\\/mineraleslunallena.com\\\/#\\\/schema\\\/logo\\\/image\\\/\"}}]}<\/script>\n<!-- \/ Yoast SEO plugin. -->","yoast_head_json":{"title":"Colgante Plata Amatista | Calma \u2013 Protecci\u00f3n Espiritual - MINERALES LUNA LLENA","robots":{"index":"index","follow":"follow","max-snippet":"max-snippet:-1","max-image-preview":"max-image-preview:large","max-video-preview":"max-video-preview:-1"},"canonical":"https:\/\/mineraleslunallena.com\/ca\/producte\/colgante-plata-amatista-calma-proteccion-espiritual\/","og_locale":"ca_ES","og_type":"article","og_title":"Colgante Plata Amatista | Calma \u2013 Protecci\u00f3n Espiritual - MINERALES LUNA LLENA","og_description":"Este hermoso colgante en plata de ley 925 con Amatista natural combina elegancia y energ\u00eda espiritual en una sola pieza. La Amatista es una piedra profundamente espiritual, conocida por su capacidad para transmutar la energ\u00eda negativa en positiva, aportando serenidad, equilibrio y claridad mental.Favorece el descanso, la concentraci\u00f3n y la conexi\u00f3n con la intuici\u00f3n, siendo ideal para quienes buscan paz interior y protecci\u00f3n energ\u00e9tica en su d\u00eda a d\u00eda. La plata de ley 925, asociada con la luna, amplifica las propiedades de la amatista, envolvi\u00e9ndote en una vibraci\u00f3n calmante y purificadora.Juntas, plata y amatista crean un escudo de luz que ayuda a mantener la mente tranquila y el coraz\u00f3n en armon\u00eda. Un colgante perfecto para momentos de estr\u00e9s, meditaci\u00f3n o cuando necesites conectar con tu energ\u00eda m\u00e1s elevada.  Material: Plata de Ley 925. Cantidad: 1 unidad. El precio es por una unidad. Tama\u00f1o: Entre 1,5 cm y 2 cm aproximadamente. Forma: Colgante (modelos variados seg\u00fan stock).","og_url":"https:\/\/mineraleslunallena.com\/ca\/producte\/colgante-plata-amatista-calma-proteccion-espiritual\/","og_site_name":"MINERALES LUNA LLENA","article_modified_time":"2026-04-20T12:16:19+00:00","og_image":[{"width":1153,"height":2560,"url":"https:\/\/mineraleslunallena.com\/wp-content\/uploads\/2025\/10\/IMG_20251024_112454-scaled.jpg","type":"image\/jpeg"}],"twitter_card":"summary_large_image","twitter_misc":{"Temps estimat de lectura":"1 minut"},"schema":{"@context":"https:\/\/schema.org","@graph":[{"@type":"WebPage","@id":"https:\/\/mineraleslunallena.com\/producto\/colgante-plata-amatista-calma-proteccion-espiritual\/","url":"https:\/\/mineraleslunallena.com\/producto\/colgante-plata-amatista-calma-proteccion-espiritual\/","name":"Colgante Plata Amatista | Calma \u2013 Protecci\u00f3n Espiritual - MINERALES LUNA LLENA","isPartOf":{"@id":"https:\/\/mineraleslunallena.com\/#website"},"primaryImageOfPage":{"@id":"https:\/\/mineraleslunallena.com\/producto\/colgante-plata-amatista-calma-proteccion-espiritual\/#primaryimage"},"image":{"@id":"https:\/\/mineraleslunallena.com\/producto\/colgante-plata-amatista-calma-proteccion-espiritual\/#primaryimage"},"thumbnailUrl":"https:\/\/mineraleslunallena.com\/wp-content\/uploads\/2025\/10\/IMG_20251024_112454-scaled.jpg","datePublished":"2025-10-24T10:28:08+00:00","dateModified":"2026-04-20T12:16:19+00:00","breadcrumb":{"@id":"https:\/\/mineraleslunallena.com\/producto\/colgante-plata-amatista-calma-proteccion-espiritual\/#breadcrumb"},"inLanguage":"ca","potentialAction":[{"@type":"ReadAction","target":["https:\/\/mineraleslunallena.com\/producto\/colgante-plata-amatista-calma-proteccion-espiritual\/"]}]},{"@type":"ImageObject","inLanguage":"ca","@id":"https:\/\/mineraleslunallena.com\/producto\/colgante-plata-amatista-calma-proteccion-espiritual\/#primaryimage","url":"https:\/\/mineraleslunallena.com\/wp-content\/uploads\/2025\/10\/IMG_20251024_112454-scaled.jpg","contentUrl":"https:\/\/mineraleslunallena.com\/wp-content\/uploads\/2025\/10\/IMG_20251024_112454-scaled.jpg","width":1153,"height":2560},{"@type":"BreadcrumbList","@id":"https:\/\/mineraleslunallena.com\/producto\/colgante-plata-amatista-calma-proteccion-espiritual\/#breadcrumb","itemListElement":[{"@type":"ListItem","position":1,"name":"Portada","item":"https:\/\/mineraleslunallena.com\/"},{"@type":"ListItem","position":2,"name":"Shop","item":"https:\/\/mineraleslunallena.com\/ca\/shop\/"},{"@type":"ListItem","position":3,"name":"Colgante Plata Amatista | Calma \u2013 Protecci\u00f3n Espiritual"}]},{"@type":"WebSite","@id":"https:\/\/mineraleslunallena.com\/#website","url":"https:\/\/mineraleslunallena.com\/","name":"LLUNA PLENA MINERALS","description":"\u00c9s el moment de connectar-te amb el teu poder i confiar en les teves habilitats.","publisher":{"@id":"https:\/\/mineraleslunallena.com\/#organization"},"potentialAction":[{"@type":"SearchAction","target":{"@type":"EntryPoint","urlTemplate":"https:\/\/mineraleslunallena.com\/?s={search_term_string}"},"query-input":{"@type":"PropertyValueSpecification","valueRequired":true,"valueName":"search_term_string"}}],"inLanguage":"ca"},{"@type":"Organization","@id":"https:\/\/mineraleslunallena.com\/#organization","name":"LLUNA PLENA MINERALS","url":"https:\/\/mineraleslunallena.com\/","logo":{"@type":"ImageObject","inLanguage":"ca","@id":"https:\/\/mineraleslunallena.com\/#\/schema\/logo\/image\/","url":"https:\/\/mineraleslunallena.com\/wp-content\/uploads\/2023\/07\/LUNA-LLENA-LOGO-nuevo.png","contentUrl":"https:\/\/mineraleslunallena.com\/wp-content\/uploads\/2023\/07\/LUNA-LLENA-LOGO-nuevo.png","width":229,"height":167,"caption":"LUNA LLENA MINERALES"},"image":{"@id":"https:\/\/mineraleslunallena.com\/#\/schema\/logo\/image\/"}}]}},"jetpack_sharing_enabled":true,"_links":{"self":[{"href":"https:\/\/mineraleslunallena.com\/ca\/wp-json\/wp\/v2\/product\/9169","targetHints":{"allow":["GET"]}}],"collection":[{"href":"https:\/\/mineraleslunallena.com\/ca\/wp-json\/wp\/v2\/product"}],"about":[{"href":"https:\/\/mineraleslunallena.com\/ca\/wp-json\/wp\/v2\/types\/product"}],"version-history":[{"count":1,"href":"https:\/\/mineraleslunallena.com\/ca\/wp-json\/wp\/v2\/product\/9169\/revisions"}],"predecessor-version":[{"id":9172,"href":"https:\/\/mineraleslunallena.com\/ca\/wp-json\/wp\/v2\/product\/9169\/revisions\/9172"}],"wp:featuredmedia":[{"embeddable":true,"href":"https:\/\/mineraleslunallena.com\/ca\/wp-json\/wp\/v2\/media\/9171"}],"wp:attachment":[{"href":"https:\/\/mineraleslunallena.com\/ca\/wp-json\/wp\/v2\/media?parent=9169"}],"wp:term":[{"taxonomy":"product_cat","embeddable":true,"href":"https:\/\/mineraleslunallena.com\/ca\/wp-json\/wp\/v2\/product_cat?post=9169"},{"taxonomy":"product_tag","embeddable":true,"href":"https:\/\/mineraleslunallena.com\/ca\/wp-json\/wp\/v2\/product_tag?post=9169"}],"curies":[{"name":"wp","href":"https:\/\/api.w.org\/{rel}","templated":true}]}}