{"id":9173,"date":"2025-10-24T12:37:05","date_gmt":"2025-10-24T10:37:05","guid":{"rendered":"https:\/\/mineraleslunallena.com\/?post_type=product&#038;p=9173"},"modified":"2025-10-24T14:41:59","modified_gmt":"2025-10-24T12:41:59","slug":"colgante-turmalina-negra-proteccion-energia-positiva","status":"publish","type":"product","link":"https:\/\/mineraleslunallena.com\/ca\/producte\/colgante-turmalina-negra-proteccion-energia-positiva\/","title":{"rendered":"Colgante Turmalina Negra | Protecci\u00f3n \u2013 Energ\u00eda Positiva"},"content":{"rendered":"<p data-start=\"275\" data-end=\"985\">Colgante en plata de ley 925\u00a0 <strong>Turmalina negra<\/strong> es una pieza ideal para quienes buscan <strong data-start=\"368\" data-end=\"406\">protecci\u00f3n y equilibrio energ\u00e9tico<\/strong> en su vida diaria.<\/p>\n<p data-start=\"275\" data-end=\"985\">La Turmalina negra es un mineral conocido por <strong data-start=\"472\" data-end=\"517\">absorber y neutralizar energ\u00edas negativas<\/strong>, ayudando a mantener la calma, la concentraci\u00f3n y la seguridad personal.<\/p>\n<p data-start=\"275\" data-end=\"985\">Es perfecta para quienes quieren crear un <strong data-start=\"633\" data-end=\"710\">escudo de protecci\u00f3n ante el estr\u00e9s, la tensi\u00f3n o la sobrecarga emocional<\/strong>. La piedra potencia la sensaci\u00f3n de estabilidad y armon\u00eda, favoreciendo la conexi\u00f3n con tu fuerza interior y la claridad mental. Este colgante combina la energ\u00eda de la turmalina con la elegancia de la plata de ley 925, que sostiene la piedra y aporta durabilidad y estilo.<\/p>\n<p data-start=\"987\" data-end=\"1158\">Material: Plata de Ley 925.<\/p>\n<p data-start=\"987\" data-end=\"1158\">Cantidad: 1 unidad. El precio es por una unidad.<\/p>\n<p data-start=\"987\" data-end=\"1158\">Tama\u00f1o: Entre 1,5 cm aproximadamente.<\/p>\n<p data-start=\"987\" data-end=\"1158\">Forma: Colgante.<\/p>","protected":false},"excerpt":{"rendered":"<p data-start=\"275\" data-end=\"985\">Colgante en plata de ley 925\u00a0 <strong>Turmalina negra<\/strong> es una pieza ideal para quienes buscan <strong data-start=\"368\" data-end=\"406\">protecci\u00f3n y equilibrio energ\u00e9tico<\/strong> en su vida diaria.<\/p>\n<p data-start=\"275\" data-end=\"985\">La Turmalina negra es un mineral conocido por <strong data-start=\"472\" data-end=\"517\">absorber y neutralizar energ\u00edas negativas<\/strong>, ayudando a mantener la calma, la concentraci\u00f3n y la seguridad personal.<\/p>\n<p data-start=\"275\" data-end=\"985\">Es perfecta para quienes quieren crear un <strong data-start=\"633\" data-end=\"710\">escudo de protecci\u00f3n ante el estr\u00e9s, la tensi\u00f3n o la sobrecarga emocional<\/strong>. La piedra potencia la sensaci\u00f3n de estabilidad y armon\u00eda, favoreciendo la conexi\u00f3n con tu fuerza interior y la claridad mental. Este colgante combina la energ\u00eda de la turmalina con la elegancia de la plata de ley 925, que sostiene la piedra y aporta durabilidad y estilo.<\/p>\n<p data-start=\"987\" data-end=\"1158\">Material: Plata de Ley 925.<\/p>\n<p data-start=\"987\" data-end=\"1158\">Cantidad: 1 unidad. El precio es por una unidad.<\/p>\n<p data-start=\"987\" data-end=\"1158\">Tama\u00f1o: Entre 1,5 cm aproximadamente.<\/p>\n<p data-start=\"987\" data-end=\"1158\">Forma: Colgante.<\/p>","protected":false},"featured_media":9174,"template":"","meta":[],"product_cat":[105,70],"product_tag":[],"class_list":{"0":"post-9173","1":"product","2":"type-product","3":"status-publish","4":"has-post-thumbnail","6":"product_cat-colgantes","7":"product_cat-joyas-y-accesorios","9":"first","10":"instock","11":"sale","12":"taxable","13":"shipping-taxable","14":"purchasable","15":"product-type-simple"},"yoast_head":"<!-- This site is optimized with the Yoast SEO plugin v27.3 - https:\/\/yoast.com\/product\/yoast-seo-wordpress\/ -->\n<title>Colgante Turmalina Negra | Protecci\u00f3n \u2013 Energ\u00eda Positiva - MINERALES LUNA LLENA<\/title>\n<meta name=\"robots\" content=\"index, follow, max-snippet:-1, max-image-preview:large, max-video-preview:-1\" \/>\n<link rel=\"canonical\" href=\"https:\/\/mineraleslunallena.com\/ca\/producte\/colgante-turmalina-negra-proteccion-energia-positiva\/\" \/>\n<meta property=\"og:locale\" content=\"ca_ES\" \/>\n<meta property=\"og:type\" content=\"article\" \/>\n<meta property=\"og:title\" content=\"Colgante Turmalina Negra | Protecci\u00f3n \u2013 Energ\u00eda Positiva - MINERALES LUNA LLENA\" \/>\n<meta property=\"og:description\" content=\"Colgante en plata de ley 925\u00a0 Turmalina negra es una pieza ideal para quienes buscan protecci\u00f3n y equilibrio energ\u00e9tico en su vida diaria. La Turmalina negra es un mineral conocido por absorber y neutralizar energ\u00edas negativas, ayudando a mantener la calma, la concentraci\u00f3n y la seguridad personal. Es perfecta para quienes quieren crear un escudo de protecci\u00f3n ante el estr\u00e9s, la tensi\u00f3n o la sobrecarga emocional. La piedra potencia la sensaci\u00f3n de estabilidad y armon\u00eda, favoreciendo la conexi\u00f3n con tu fuerza interior y la claridad mental. Este colgante combina la energ\u00eda de la turmalina con la elegancia de la plata de ley 925, que sostiene la piedra y aporta durabilidad y estilo. Material: Plata de Ley 925. Cantidad: 1 unidad. El precio es por una unidad. Tama\u00f1o: Entre 1,5 cm aproximadamente. Forma: Colgante.\" \/>\n<meta property=\"og:url\" content=\"https:\/\/mineraleslunallena.com\/ca\/producte\/colgante-turmalina-negra-proteccion-energia-positiva\/\" \/>\n<meta property=\"og:site_name\" content=\"MINERALES LUNA LLENA\" \/>\n<meta property=\"article:modified_time\" content=\"2025-10-24T12:41:59+00:00\" \/>\n<meta property=\"og:image\" content=\"https:\/\/mineraleslunallena.com\/wp-content\/uploads\/2025\/10\/IMG_20251024_112538-scaled.jpg\" \/>\n\t<meta property=\"og:image:width\" content=\"1153\" \/>\n\t<meta property=\"og:image:height\" content=\"2560\" \/>\n\t<meta property=\"og:image:type\" content=\"image\/jpeg\" \/>\n<meta name=\"twitter:card\" content=\"summary_large_image\" \/>\n<meta name=\"twitter:label1\" content=\"Temps estimat de lectura\" \/>\n\t<meta name=\"twitter:data1\" content=\"1 minut\" \/>\n<script type=\"application\/ld+json\" class=\"yoast-schema-graph\">{\"@context\":\"https:\\\/\\\/schema.org\",\"@graph\":[{\"@type\":\"WebPage\",\"@id\":\"https:\\\/\\\/mineraleslunallena.com\\\/producto\\\/colgante-turmalina-negra-proteccion-energia-positiva\\\/\",\"url\":\"https:\\\/\\\/mineraleslunallena.com\\\/producto\\\/colgante-turmalina-negra-proteccion-energia-positiva\\\/\",\"name\":\"Colgante Turmalina Negra | Protecci\u00f3n \u2013 Energ\u00eda Positiva - MINERALES LUNA LLENA\",\"isPartOf\":{\"@id\":\"https:\\\/\\\/mineraleslunallena.com\\\/#website\"},\"primaryImageOfPage\":{\"@id\":\"https:\\\/\\\/mineraleslunallena.com\\\/producto\\\/colgante-turmalina-negra-proteccion-energia-positiva\\\/#primaryimage\"},\"image\":{\"@id\":\"https:\\\/\\\/mineraleslunallena.com\\\/producto\\\/colgante-turmalina-negra-proteccion-energia-positiva\\\/#primaryimage\"},\"thumbnailUrl\":\"https:\\\/\\\/mineraleslunallena.com\\\/wp-content\\\/uploads\\\/2025\\\/10\\\/IMG_20251024_112538-scaled.jpg\",\"datePublished\":\"2025-10-24T10:37:05+00:00\",\"dateModified\":\"2025-10-24T12:41:59+00:00\",\"breadcrumb\":{\"@id\":\"https:\\\/\\\/mineraleslunallena.com\\\/producto\\\/colgante-turmalina-negra-proteccion-energia-positiva\\\/#breadcrumb\"},\"inLanguage\":\"ca\",\"potentialAction\":[{\"@type\":\"ReadAction\",\"target\":[\"https:\\\/\\\/mineraleslunallena.com\\\/producto\\\/colgante-turmalina-negra-proteccion-energia-positiva\\\/\"]}]},{\"@type\":\"ImageObject\",\"inLanguage\":\"ca\",\"@id\":\"https:\\\/\\\/mineraleslunallena.com\\\/producto\\\/colgante-turmalina-negra-proteccion-energia-positiva\\\/#primaryimage\",\"url\":\"https:\\\/\\\/mineraleslunallena.com\\\/wp-content\\\/uploads\\\/2025\\\/10\\\/IMG_20251024_112538-scaled.jpg\",\"contentUrl\":\"https:\\\/\\\/mineraleslunallena.com\\\/wp-content\\\/uploads\\\/2025\\\/10\\\/IMG_20251024_112538-scaled.jpg\",\"width\":1153,\"height\":2560},{\"@type\":\"BreadcrumbList\",\"@id\":\"https:\\\/\\\/mineraleslunallena.com\\\/producto\\\/colgante-turmalina-negra-proteccion-energia-positiva\\\/#breadcrumb\",\"itemListElement\":[{\"@type\":\"ListItem\",\"position\":1,\"name\":\"Portada\",\"item\":\"https:\\\/\\\/mineraleslunallena.com\\\/\"},{\"@type\":\"ListItem\",\"position\":2,\"name\":\"Shop\",\"item\":\"https:\\\/\\\/mineraleslunallena.com\\\/ca\\\/shop\\\/\"},{\"@type\":\"ListItem\",\"position\":3,\"name\":\"Colgante Turmalina Negra | Protecci\u00f3n \u2013 Energ\u00eda Positiva\"}]},{\"@type\":\"WebSite\",\"@id\":\"https:\\\/\\\/mineraleslunallena.com\\\/#website\",\"url\":\"https:\\\/\\\/mineraleslunallena.com\\\/\",\"name\":\"LUNA LLENA MINERALES\",\"description\":\"Es el momento de conectarte con tu propio poder y confiar en tus habilidades.\",\"publisher\":{\"@id\":\"https:\\\/\\\/mineraleslunallena.com\\\/#organization\"},\"potentialAction\":[{\"@type\":\"SearchAction\",\"target\":{\"@type\":\"EntryPoint\",\"urlTemplate\":\"https:\\\/\\\/mineraleslunallena.com\\\/?s={search_term_string}\"},\"query-input\":{\"@type\":\"PropertyValueSpecification\",\"valueRequired\":true,\"valueName\":\"search_term_string\"}}],\"inLanguage\":\"ca\"},{\"@type\":\"Organization\",\"@id\":\"https:\\\/\\\/mineraleslunallena.com\\\/#organization\",\"name\":\"LUNA LLENA MINERALES\",\"url\":\"https:\\\/\\\/mineraleslunallena.com\\\/\",\"logo\":{\"@type\":\"ImageObject\",\"inLanguage\":\"ca\",\"@id\":\"https:\\\/\\\/mineraleslunallena.com\\\/#\\\/schema\\\/logo\\\/image\\\/\",\"url\":\"https:\\\/\\\/mineraleslunallena.com\\\/wp-content\\\/uploads\\\/2023\\\/07\\\/LUNA-LLENA-LOGO-nuevo.png\",\"contentUrl\":\"https:\\\/\\\/mineraleslunallena.com\\\/wp-content\\\/uploads\\\/2023\\\/07\\\/LUNA-LLENA-LOGO-nuevo.png\",\"width\":229,\"height\":167,\"caption\":\"LUNA LLENA MINERALES\"},\"image\":{\"@id\":\"https:\\\/\\\/mineraleslunallena.com\\\/#\\\/schema\\\/logo\\\/image\\\/\"}}]}<\/script>\n<!-- \/ Yoast SEO plugin. -->","yoast_head_json":{"title":"Colgante Turmalina Negra | Protecci\u00f3n \u2013 Energ\u00eda Positiva - MINERALES LUNA LLENA","robots":{"index":"index","follow":"follow","max-snippet":"max-snippet:-1","max-image-preview":"max-image-preview:large","max-video-preview":"max-video-preview:-1"},"canonical":"https:\/\/mineraleslunallena.com\/ca\/producte\/colgante-turmalina-negra-proteccion-energia-positiva\/","og_locale":"ca_ES","og_type":"article","og_title":"Colgante Turmalina Negra | Protecci\u00f3n \u2013 Energ\u00eda Positiva - MINERALES LUNA LLENA","og_description":"Colgante en plata de ley 925\u00a0 Turmalina negra es una pieza ideal para quienes buscan protecci\u00f3n y equilibrio energ\u00e9tico en su vida diaria. La Turmalina negra es un mineral conocido por absorber y neutralizar energ\u00edas negativas, ayudando a mantener la calma, la concentraci\u00f3n y la seguridad personal. Es perfecta para quienes quieren crear un escudo de protecci\u00f3n ante el estr\u00e9s, la tensi\u00f3n o la sobrecarga emocional. La piedra potencia la sensaci\u00f3n de estabilidad y armon\u00eda, favoreciendo la conexi\u00f3n con tu fuerza interior y la claridad mental. Este colgante combina la energ\u00eda de la turmalina con la elegancia de la plata de ley 925, que sostiene la piedra y aporta durabilidad y estilo. Material: Plata de Ley 925. Cantidad: 1 unidad. El precio es por una unidad. Tama\u00f1o: Entre 1,5 cm aproximadamente. Forma: Colgante.","og_url":"https:\/\/mineraleslunallena.com\/ca\/producte\/colgante-turmalina-negra-proteccion-energia-positiva\/","og_site_name":"MINERALES LUNA LLENA","article_modified_time":"2025-10-24T12:41:59+00:00","og_image":[{"width":1153,"height":2560,"url":"https:\/\/mineraleslunallena.com\/wp-content\/uploads\/2025\/10\/IMG_20251024_112538-scaled.jpg","type":"image\/jpeg"}],"twitter_card":"summary_large_image","twitter_misc":{"Temps estimat de lectura":"1 minut"},"schema":{"@context":"https:\/\/schema.org","@graph":[{"@type":"WebPage","@id":"https:\/\/mineraleslunallena.com\/producto\/colgante-turmalina-negra-proteccion-energia-positiva\/","url":"https:\/\/mineraleslunallena.com\/producto\/colgante-turmalina-negra-proteccion-energia-positiva\/","name":"Colgante Turmalina Negra | Protecci\u00f3n \u2013 Energ\u00eda Positiva - MINERALES LUNA LLENA","isPartOf":{"@id":"https:\/\/mineraleslunallena.com\/#website"},"primaryImageOfPage":{"@id":"https:\/\/mineraleslunallena.com\/producto\/colgante-turmalina-negra-proteccion-energia-positiva\/#primaryimage"},"image":{"@id":"https:\/\/mineraleslunallena.com\/producto\/colgante-turmalina-negra-proteccion-energia-positiva\/#primaryimage"},"thumbnailUrl":"https:\/\/mineraleslunallena.com\/wp-content\/uploads\/2025\/10\/IMG_20251024_112538-scaled.jpg","datePublished":"2025-10-24T10:37:05+00:00","dateModified":"2025-10-24T12:41:59+00:00","breadcrumb":{"@id":"https:\/\/mineraleslunallena.com\/producto\/colgante-turmalina-negra-proteccion-energia-positiva\/#breadcrumb"},"inLanguage":"ca","potentialAction":[{"@type":"ReadAction","target":["https:\/\/mineraleslunallena.com\/producto\/colgante-turmalina-negra-proteccion-energia-positiva\/"]}]},{"@type":"ImageObject","inLanguage":"ca","@id":"https:\/\/mineraleslunallena.com\/producto\/colgante-turmalina-negra-proteccion-energia-positiva\/#primaryimage","url":"https:\/\/mineraleslunallena.com\/wp-content\/uploads\/2025\/10\/IMG_20251024_112538-scaled.jpg","contentUrl":"https:\/\/mineraleslunallena.com\/wp-content\/uploads\/2025\/10\/IMG_20251024_112538-scaled.jpg","width":1153,"height":2560},{"@type":"BreadcrumbList","@id":"https:\/\/mineraleslunallena.com\/producto\/colgante-turmalina-negra-proteccion-energia-positiva\/#breadcrumb","itemListElement":[{"@type":"ListItem","position":1,"name":"Portada","item":"https:\/\/mineraleslunallena.com\/"},{"@type":"ListItem","position":2,"name":"Shop","item":"https:\/\/mineraleslunallena.com\/ca\/shop\/"},{"@type":"ListItem","position":3,"name":"Colgante Turmalina Negra | Protecci\u00f3n \u2013 Energ\u00eda Positiva"}]},{"@type":"WebSite","@id":"https:\/\/mineraleslunallena.com\/#website","url":"https:\/\/mineraleslunallena.com\/","name":"LLUNA PLENA MINERALS","description":"\u00c9s el moment de connectar-te amb el teu poder i confiar en les teves habilitats.","publisher":{"@id":"https:\/\/mineraleslunallena.com\/#organization"},"potentialAction":[{"@type":"SearchAction","target":{"@type":"EntryPoint","urlTemplate":"https:\/\/mineraleslunallena.com\/?s={search_term_string}"},"query-input":{"@type":"PropertyValueSpecification","valueRequired":true,"valueName":"search_term_string"}}],"inLanguage":"ca"},{"@type":"Organization","@id":"https:\/\/mineraleslunallena.com\/#organization","name":"LLUNA PLENA MINERALS","url":"https:\/\/mineraleslunallena.com\/","logo":{"@type":"ImageObject","inLanguage":"ca","@id":"https:\/\/mineraleslunallena.com\/#\/schema\/logo\/image\/","url":"https:\/\/mineraleslunallena.com\/wp-content\/uploads\/2023\/07\/LUNA-LLENA-LOGO-nuevo.png","contentUrl":"https:\/\/mineraleslunallena.com\/wp-content\/uploads\/2023\/07\/LUNA-LLENA-LOGO-nuevo.png","width":229,"height":167,"caption":"LUNA LLENA MINERALES"},"image":{"@id":"https:\/\/mineraleslunallena.com\/#\/schema\/logo\/image\/"}}]}},"jetpack_sharing_enabled":true,"_links":{"self":[{"href":"https:\/\/mineraleslunallena.com\/ca\/wp-json\/wp\/v2\/product\/9173","targetHints":{"allow":["GET"]}}],"collection":[{"href":"https:\/\/mineraleslunallena.com\/ca\/wp-json\/wp\/v2\/product"}],"about":[{"href":"https:\/\/mineraleslunallena.com\/ca\/wp-json\/wp\/v2\/types\/product"}],"version-history":[{"count":1,"href":"https:\/\/mineraleslunallena.com\/ca\/wp-json\/wp\/v2\/product\/9173\/revisions"}],"predecessor-version":[{"id":9176,"href":"https:\/\/mineraleslunallena.com\/ca\/wp-json\/wp\/v2\/product\/9173\/revisions\/9176"}],"wp:featuredmedia":[{"embeddable":true,"href":"https:\/\/mineraleslunallena.com\/ca\/wp-json\/wp\/v2\/media\/9174"}],"wp:attachment":[{"href":"https:\/\/mineraleslunallena.com\/ca\/wp-json\/wp\/v2\/media?parent=9173"}],"wp:term":[{"taxonomy":"product_cat","embeddable":true,"href":"https:\/\/mineraleslunallena.com\/ca\/wp-json\/wp\/v2\/product_cat?post=9173"},{"taxonomy":"product_tag","embeddable":true,"href":"https:\/\/mineraleslunallena.com\/ca\/wp-json\/wp\/v2\/product_tag?post=9173"}],"curies":[{"name":"wp","href":"https:\/\/api.w.org\/{rel}","templated":true}]}}