{"id":9184,"date":"2025-10-24T13:27:49","date_gmt":"2025-10-24T11:27:49","guid":{"rendered":"https:\/\/mineraleslunallena.com\/?post_type=product&#038;p=9184"},"modified":"2025-10-24T14:41:52","modified_gmt":"2025-10-24T12:41:52","slug":"colgante-pirita-plata-proteccion-abundancia-y-energia","status":"publish","type":"product","link":"https:\/\/mineraleslunallena.com\/ca\/producte\/colgante-pirita-plata-proteccion-abundancia-y-energia\/","title":{"rendered":"Colgante Pirita Plata | Protecci\u00f3n \u2013 Abundancia y Energ\u00eda"},"content":{"rendered":"<p data-start=\"232\" data-end=\"660\">La P<strong data-start=\"235\" data-end=\"252\">irita <\/strong>\u00a0es conocida como la piedra de la <strong data-start=\"286\" data-end=\"342\">abundancia, la motivaci\u00f3n y la protecci\u00f3n energ\u00e9tica<\/strong>. Este colgante ayuda a <strong data-start=\"366\" data-end=\"396\">canalizar energ\u00eda positiva<\/strong>, disipar la negatividad y potenciar la claridad mental, favoreciendo la confianza en uno mismo y la capacidad de tomar decisiones acertadas.<\/p>\n<p data-start=\"232\" data-end=\"660\">Es ideal para quienes buscan <strong data-start=\"567\" data-end=\"657\">equilibrio, impulso en proyectos personales y protecci\u00f3n frente a influencias externas<\/strong>.<\/p>\n<p data-start=\"662\" data-end=\"911\">El colgante est\u00e1 montado en <strong data-start=\"690\" data-end=\"710\">plata de ley 925<\/strong>, que sostiene la piedra de manera elegante, resaltando su brillo natural y manteniendo su energ\u00eda pura. Una joya perfecta para llevar cerca y aprovechar las propiedades de la pirita en el d\u00eda a d\u00eda.<\/p>\n<p data-start=\"913\" data-end=\"1090\">Material: Plata de Ley 925.<br data-start=\"940\" data-end=\"943\" \/>Cantidad: 1 unidad. El precio es por una unidad.<br data-start=\"991\" data-end=\"994\" \/>Tama\u00f1o:\u00a0 2,5 cm aproximadamente.<br data-start=\"1038\" data-end=\"1041\" \/>Forma: Colgante.<\/p>","protected":false},"excerpt":{"rendered":"<p data-start=\"232\" data-end=\"660\">La P<strong data-start=\"235\" data-end=\"252\">irita <\/strong>\u00a0es conocida como la piedra de la <strong data-start=\"286\" data-end=\"342\">abundancia, la motivaci\u00f3n y la protecci\u00f3n energ\u00e9tica<\/strong>. Este colgante ayuda a <strong data-start=\"366\" data-end=\"396\">canalizar energ\u00eda positiva<\/strong>, disipar la negatividad y potenciar la claridad mental, favoreciendo la confianza en uno mismo y la capacidad de tomar decisiones acertadas.<\/p>\n<p data-start=\"232\" data-end=\"660\">Es ideal para quienes buscan <strong data-start=\"567\" data-end=\"657\">equilibrio, impulso en proyectos personales y protecci\u00f3n frente a influencias externas<\/strong>.<\/p>\n<p data-start=\"662\" data-end=\"911\">El colgante est\u00e1 montado en <strong data-start=\"690\" data-end=\"710\">plata de ley 925<\/strong>, que sostiene la piedra de manera elegante, resaltando su brillo natural y manteniendo su energ\u00eda pura. Una joya perfecta para llevar cerca y aprovechar las propiedades de la pirita en el d\u00eda a d\u00eda.<\/p>\n<p data-start=\"913\" data-end=\"1090\">Material: Plata de Ley 925.<br data-start=\"940\" data-end=\"943\" \/>Cantidad: 1 unidad. El precio es por una unidad.<br data-start=\"991\" data-end=\"994\" \/>Tama\u00f1o:\u00a0 2,5 cm aproximadamente.<br data-start=\"1038\" data-end=\"1041\" \/>Forma: Colgante.<\/p>","protected":false},"featured_media":9185,"template":"","meta":[],"product_cat":[105,70],"product_tag":[],"class_list":{"0":"post-9184","1":"product","2":"type-product","3":"status-publish","4":"has-post-thumbnail","6":"product_cat-colgantes","7":"product_cat-joyas-y-accesorios","9":"first","10":"instock","11":"sale","12":"taxable","13":"shipping-taxable","14":"purchasable","15":"product-type-simple"},"yoast_head":"<!-- This site is optimized with the Yoast SEO plugin v27.3 - https:\/\/yoast.com\/product\/yoast-seo-wordpress\/ -->\n<title>Colgante Pirita Plata | Protecci\u00f3n \u2013 Abundancia y Energ\u00eda - MINERALES LUNA LLENA<\/title>\n<meta name=\"robots\" content=\"index, follow, max-snippet:-1, max-image-preview:large, max-video-preview:-1\" \/>\n<link rel=\"canonical\" href=\"https:\/\/mineraleslunallena.com\/ca\/producte\/colgante-pirita-plata-proteccion-abundancia-y-energia\/\" \/>\n<meta property=\"og:locale\" content=\"ca_ES\" \/>\n<meta property=\"og:type\" content=\"article\" \/>\n<meta property=\"og:title\" content=\"Colgante Pirita Plata | Protecci\u00f3n \u2013 Abundancia y Energ\u00eda - MINERALES LUNA LLENA\" \/>\n<meta property=\"og:description\" content=\"La Pirita \u00a0es conocida como la piedra de la abundancia, la motivaci\u00f3n y la protecci\u00f3n energ\u00e9tica. Este colgante ayuda a canalizar energ\u00eda positiva, disipar la negatividad y potenciar la claridad mental, favoreciendo la confianza en uno mismo y la capacidad de tomar decisiones acertadas. Es ideal para quienes buscan equilibrio, impulso en proyectos personales y protecci\u00f3n frente a influencias externas. El colgante est\u00e1 montado en plata de ley 925, que sostiene la piedra de manera elegante, resaltando su brillo natural y manteniendo su energ\u00eda pura. Una joya perfecta para llevar cerca y aprovechar las propiedades de la pirita en el d\u00eda a d\u00eda. Material: Plata de Ley 925.Cantidad: 1 unidad. El precio es por una unidad.Tama\u00f1o:\u00a0 2,5 cm aproximadamente.Forma: Colgante.\" \/>\n<meta property=\"og:url\" content=\"https:\/\/mineraleslunallena.com\/ca\/producte\/colgante-pirita-plata-proteccion-abundancia-y-energia\/\" \/>\n<meta property=\"og:site_name\" content=\"MINERALES LUNA LLENA\" \/>\n<meta property=\"article:modified_time\" content=\"2025-10-24T12:41:52+00:00\" \/>\n<meta property=\"og:image\" content=\"https:\/\/mineraleslunallena.com\/wp-content\/uploads\/2025\/10\/IMG_20251024_111937-scaled.jpg\" \/>\n\t<meta property=\"og:image:width\" content=\"1153\" \/>\n\t<meta property=\"og:image:height\" content=\"2560\" \/>\n\t<meta property=\"og:image:type\" content=\"image\/jpeg\" \/>\n<meta name=\"twitter:card\" content=\"summary_large_image\" \/>\n<meta name=\"twitter:label1\" content=\"Temps estimat de lectura\" \/>\n\t<meta name=\"twitter:data1\" content=\"1 minut\" \/>\n<script type=\"application\/ld+json\" class=\"yoast-schema-graph\">{\"@context\":\"https:\\\/\\\/schema.org\",\"@graph\":[{\"@type\":\"WebPage\",\"@id\":\"https:\\\/\\\/mineraleslunallena.com\\\/producto\\\/colgante-pirita-plata-proteccion-abundancia-y-energia\\\/\",\"url\":\"https:\\\/\\\/mineraleslunallena.com\\\/producto\\\/colgante-pirita-plata-proteccion-abundancia-y-energia\\\/\",\"name\":\"Colgante Pirita Plata | Protecci\u00f3n \u2013 Abundancia y Energ\u00eda - MINERALES LUNA LLENA\",\"isPartOf\":{\"@id\":\"https:\\\/\\\/mineraleslunallena.com\\\/#website\"},\"primaryImageOfPage\":{\"@id\":\"https:\\\/\\\/mineraleslunallena.com\\\/producto\\\/colgante-pirita-plata-proteccion-abundancia-y-energia\\\/#primaryimage\"},\"image\":{\"@id\":\"https:\\\/\\\/mineraleslunallena.com\\\/producto\\\/colgante-pirita-plata-proteccion-abundancia-y-energia\\\/#primaryimage\"},\"thumbnailUrl\":\"https:\\\/\\\/mineraleslunallena.com\\\/wp-content\\\/uploads\\\/2025\\\/10\\\/IMG_20251024_111937-scaled.jpg\",\"datePublished\":\"2025-10-24T11:27:49+00:00\",\"dateModified\":\"2025-10-24T12:41:52+00:00\",\"breadcrumb\":{\"@id\":\"https:\\\/\\\/mineraleslunallena.com\\\/producto\\\/colgante-pirita-plata-proteccion-abundancia-y-energia\\\/#breadcrumb\"},\"inLanguage\":\"ca\",\"potentialAction\":[{\"@type\":\"ReadAction\",\"target\":[\"https:\\\/\\\/mineraleslunallena.com\\\/producto\\\/colgante-pirita-plata-proteccion-abundancia-y-energia\\\/\"]}]},{\"@type\":\"ImageObject\",\"inLanguage\":\"ca\",\"@id\":\"https:\\\/\\\/mineraleslunallena.com\\\/producto\\\/colgante-pirita-plata-proteccion-abundancia-y-energia\\\/#primaryimage\",\"url\":\"https:\\\/\\\/mineraleslunallena.com\\\/wp-content\\\/uploads\\\/2025\\\/10\\\/IMG_20251024_111937-scaled.jpg\",\"contentUrl\":\"https:\\\/\\\/mineraleslunallena.com\\\/wp-content\\\/uploads\\\/2025\\\/10\\\/IMG_20251024_111937-scaled.jpg\",\"width\":1153,\"height\":2560},{\"@type\":\"BreadcrumbList\",\"@id\":\"https:\\\/\\\/mineraleslunallena.com\\\/producto\\\/colgante-pirita-plata-proteccion-abundancia-y-energia\\\/#breadcrumb\",\"itemListElement\":[{\"@type\":\"ListItem\",\"position\":1,\"name\":\"Portada\",\"item\":\"https:\\\/\\\/mineraleslunallena.com\\\/\"},{\"@type\":\"ListItem\",\"position\":2,\"name\":\"Shop\",\"item\":\"https:\\\/\\\/mineraleslunallena.com\\\/ca\\\/shop\\\/\"},{\"@type\":\"ListItem\",\"position\":3,\"name\":\"Colgante Pirita Plata | Protecci\u00f3n \u2013 Abundancia y Energ\u00eda\"}]},{\"@type\":\"WebSite\",\"@id\":\"https:\\\/\\\/mineraleslunallena.com\\\/#website\",\"url\":\"https:\\\/\\\/mineraleslunallena.com\\\/\",\"name\":\"LUNA LLENA MINERALES\",\"description\":\"Es el momento de conectarte con tu propio poder y confiar en tus habilidades.\",\"publisher\":{\"@id\":\"https:\\\/\\\/mineraleslunallena.com\\\/#organization\"},\"potentialAction\":[{\"@type\":\"SearchAction\",\"target\":{\"@type\":\"EntryPoint\",\"urlTemplate\":\"https:\\\/\\\/mineraleslunallena.com\\\/?s={search_term_string}\"},\"query-input\":{\"@type\":\"PropertyValueSpecification\",\"valueRequired\":true,\"valueName\":\"search_term_string\"}}],\"inLanguage\":\"ca\"},{\"@type\":\"Organization\",\"@id\":\"https:\\\/\\\/mineraleslunallena.com\\\/#organization\",\"name\":\"LUNA LLENA MINERALES\",\"url\":\"https:\\\/\\\/mineraleslunallena.com\\\/\",\"logo\":{\"@type\":\"ImageObject\",\"inLanguage\":\"ca\",\"@id\":\"https:\\\/\\\/mineraleslunallena.com\\\/#\\\/schema\\\/logo\\\/image\\\/\",\"url\":\"https:\\\/\\\/mineraleslunallena.com\\\/wp-content\\\/uploads\\\/2023\\\/07\\\/LUNA-LLENA-LOGO-nuevo.png\",\"contentUrl\":\"https:\\\/\\\/mineraleslunallena.com\\\/wp-content\\\/uploads\\\/2023\\\/07\\\/LUNA-LLENA-LOGO-nuevo.png\",\"width\":229,\"height\":167,\"caption\":\"LUNA LLENA MINERALES\"},\"image\":{\"@id\":\"https:\\\/\\\/mineraleslunallena.com\\\/#\\\/schema\\\/logo\\\/image\\\/\"}}]}<\/script>\n<!-- \/ Yoast SEO plugin. -->","yoast_head_json":{"title":"Colgante Pirita Plata | Protecci\u00f3n \u2013 Abundancia y Energ\u00eda - MINERALES LUNA LLENA","robots":{"index":"index","follow":"follow","max-snippet":"max-snippet:-1","max-image-preview":"max-image-preview:large","max-video-preview":"max-video-preview:-1"},"canonical":"https:\/\/mineraleslunallena.com\/ca\/producte\/colgante-pirita-plata-proteccion-abundancia-y-energia\/","og_locale":"ca_ES","og_type":"article","og_title":"Colgante Pirita Plata | Protecci\u00f3n \u2013 Abundancia y Energ\u00eda - MINERALES LUNA LLENA","og_description":"La Pirita \u00a0es conocida como la piedra de la abundancia, la motivaci\u00f3n y la protecci\u00f3n energ\u00e9tica. Este colgante ayuda a canalizar energ\u00eda positiva, disipar la negatividad y potenciar la claridad mental, favoreciendo la confianza en uno mismo y la capacidad de tomar decisiones acertadas. Es ideal para quienes buscan equilibrio, impulso en proyectos personales y protecci\u00f3n frente a influencias externas. El colgante est\u00e1 montado en plata de ley 925, que sostiene la piedra de manera elegante, resaltando su brillo natural y manteniendo su energ\u00eda pura. Una joya perfecta para llevar cerca y aprovechar las propiedades de la pirita en el d\u00eda a d\u00eda. Material: Plata de Ley 925.Cantidad: 1 unidad. El precio es por una unidad.Tama\u00f1o:\u00a0 2,5 cm aproximadamente.Forma: Colgante.","og_url":"https:\/\/mineraleslunallena.com\/ca\/producte\/colgante-pirita-plata-proteccion-abundancia-y-energia\/","og_site_name":"MINERALES LUNA LLENA","article_modified_time":"2025-10-24T12:41:52+00:00","og_image":[{"width":1153,"height":2560,"url":"https:\/\/mineraleslunallena.com\/wp-content\/uploads\/2025\/10\/IMG_20251024_111937-scaled.jpg","type":"image\/jpeg"}],"twitter_card":"summary_large_image","twitter_misc":{"Temps estimat de lectura":"1 minut"},"schema":{"@context":"https:\/\/schema.org","@graph":[{"@type":"WebPage","@id":"https:\/\/mineraleslunallena.com\/producto\/colgante-pirita-plata-proteccion-abundancia-y-energia\/","url":"https:\/\/mineraleslunallena.com\/producto\/colgante-pirita-plata-proteccion-abundancia-y-energia\/","name":"Colgante Pirita Plata | Protecci\u00f3n \u2013 Abundancia y Energ\u00eda - MINERALES LUNA LLENA","isPartOf":{"@id":"https:\/\/mineraleslunallena.com\/#website"},"primaryImageOfPage":{"@id":"https:\/\/mineraleslunallena.com\/producto\/colgante-pirita-plata-proteccion-abundancia-y-energia\/#primaryimage"},"image":{"@id":"https:\/\/mineraleslunallena.com\/producto\/colgante-pirita-plata-proteccion-abundancia-y-energia\/#primaryimage"},"thumbnailUrl":"https:\/\/mineraleslunallena.com\/wp-content\/uploads\/2025\/10\/IMG_20251024_111937-scaled.jpg","datePublished":"2025-10-24T11:27:49+00:00","dateModified":"2025-10-24T12:41:52+00:00","breadcrumb":{"@id":"https:\/\/mineraleslunallena.com\/producto\/colgante-pirita-plata-proteccion-abundancia-y-energia\/#breadcrumb"},"inLanguage":"ca","potentialAction":[{"@type":"ReadAction","target":["https:\/\/mineraleslunallena.com\/producto\/colgante-pirita-plata-proteccion-abundancia-y-energia\/"]}]},{"@type":"ImageObject","inLanguage":"ca","@id":"https:\/\/mineraleslunallena.com\/producto\/colgante-pirita-plata-proteccion-abundancia-y-energia\/#primaryimage","url":"https:\/\/mineraleslunallena.com\/wp-content\/uploads\/2025\/10\/IMG_20251024_111937-scaled.jpg","contentUrl":"https:\/\/mineraleslunallena.com\/wp-content\/uploads\/2025\/10\/IMG_20251024_111937-scaled.jpg","width":1153,"height":2560},{"@type":"BreadcrumbList","@id":"https:\/\/mineraleslunallena.com\/producto\/colgante-pirita-plata-proteccion-abundancia-y-energia\/#breadcrumb","itemListElement":[{"@type":"ListItem","position":1,"name":"Portada","item":"https:\/\/mineraleslunallena.com\/"},{"@type":"ListItem","position":2,"name":"Shop","item":"https:\/\/mineraleslunallena.com\/ca\/shop\/"},{"@type":"ListItem","position":3,"name":"Colgante Pirita Plata | Protecci\u00f3n \u2013 Abundancia y Energ\u00eda"}]},{"@type":"WebSite","@id":"https:\/\/mineraleslunallena.com\/#website","url":"https:\/\/mineraleslunallena.com\/","name":"LLUNA PLENA MINERALS","description":"\u00c9s el moment de connectar-te amb el teu poder i confiar en les teves habilitats.","publisher":{"@id":"https:\/\/mineraleslunallena.com\/#organization"},"potentialAction":[{"@type":"SearchAction","target":{"@type":"EntryPoint","urlTemplate":"https:\/\/mineraleslunallena.com\/?s={search_term_string}"},"query-input":{"@type":"PropertyValueSpecification","valueRequired":true,"valueName":"search_term_string"}}],"inLanguage":"ca"},{"@type":"Organization","@id":"https:\/\/mineraleslunallena.com\/#organization","name":"LLUNA PLENA MINERALS","url":"https:\/\/mineraleslunallena.com\/","logo":{"@type":"ImageObject","inLanguage":"ca","@id":"https:\/\/mineraleslunallena.com\/#\/schema\/logo\/image\/","url":"https:\/\/mineraleslunallena.com\/wp-content\/uploads\/2023\/07\/LUNA-LLENA-LOGO-nuevo.png","contentUrl":"https:\/\/mineraleslunallena.com\/wp-content\/uploads\/2023\/07\/LUNA-LLENA-LOGO-nuevo.png","width":229,"height":167,"caption":"LUNA LLENA MINERALES"},"image":{"@id":"https:\/\/mineraleslunallena.com\/#\/schema\/logo\/image\/"}}]}},"jetpack_sharing_enabled":true,"_links":{"self":[{"href":"https:\/\/mineraleslunallena.com\/ca\/wp-json\/wp\/v2\/product\/9184","targetHints":{"allow":["GET"]}}],"collection":[{"href":"https:\/\/mineraleslunallena.com\/ca\/wp-json\/wp\/v2\/product"}],"about":[{"href":"https:\/\/mineraleslunallena.com\/ca\/wp-json\/wp\/v2\/types\/product"}],"version-history":[{"count":1,"href":"https:\/\/mineraleslunallena.com\/ca\/wp-json\/wp\/v2\/product\/9184\/revisions"}],"predecessor-version":[{"id":9186,"href":"https:\/\/mineraleslunallena.com\/ca\/wp-json\/wp\/v2\/product\/9184\/revisions\/9186"}],"wp:featuredmedia":[{"embeddable":true,"href":"https:\/\/mineraleslunallena.com\/ca\/wp-json\/wp\/v2\/media\/9185"}],"wp:attachment":[{"href":"https:\/\/mineraleslunallena.com\/ca\/wp-json\/wp\/v2\/media?parent=9184"}],"wp:term":[{"taxonomy":"product_cat","embeddable":true,"href":"https:\/\/mineraleslunallena.com\/ca\/wp-json\/wp\/v2\/product_cat?post=9184"},{"taxonomy":"product_tag","embeddable":true,"href":"https:\/\/mineraleslunallena.com\/ca\/wp-json\/wp\/v2\/product_tag?post=9184"}],"curies":[{"name":"wp","href":"https:\/\/api.w.org\/{rel}","templated":true}]}}