{"id":9190,"date":"2025-10-24T14:14:18","date_gmt":"2025-10-24T12:14:18","guid":{"rendered":"https:\/\/mineraleslunallena.com\/?post_type=product&#038;p=9190"},"modified":"2025-10-24T14:41:44","modified_gmt":"2025-10-24T12:41:44","slug":"colgante-ojo-de-aguila-y-ojo-de-tigre-plata-claridad-proteccion-y-energia","status":"publish","type":"product","link":"https:\/\/mineraleslunallena.com\/ca\/producte\/colgante-ojo-de-aguila-y-ojo-de-tigre-plata-claridad-proteccion-y-energia\/","title":{"rendered":"Colgante Ojo de \u00c1guila y Ojo de Tigre Plata | Claridad \u2013 Protecci\u00f3n y Energ\u00eda"},"content":{"rendered":"<p data-start=\"321\" data-end=\"700\">Este colgante combina <strong data-start=\"343\" data-end=\"360\">Ojo de \u00c1guila<\/strong> y <strong data-start=\"363\" data-end=\"379\">Ojo de Tigre<\/strong>, dos piedras poderosas que trabajan juntas para <strong data-start=\"428\" data-end=\"494\">equilibrar la energ\u00eda, proteger y potenciar la claridad mental<\/strong>. El Ojo de \u00c1guila favorece la <strong data-start=\"525\" data-end=\"598\">visi\u00f3n interior, la intuici\u00f3n y la percepci\u00f3n de lo que est\u00e1 m\u00e1s all\u00e1<\/strong>, mientras que el Ojo de Tigre proporciona <strong data-start=\"641\" data-end=\"697\">fuerza, protecci\u00f3n, seguridad y equilibrio emocional<\/strong>.<\/p>\n<p data-start=\"702\" data-end=\"997\">Llevar este colgante ayuda a <strong data-start=\"731\" data-end=\"826\">mantener la concentraci\u00f3n, tomar decisiones acertadas y protegerse de influencias negativas<\/strong>, al mismo tiempo que aporta estabilidad y confianza personal. Es ideal para quienes buscan <strong data-start=\"918\" data-end=\"994\">claridad en sus metas, energ\u00eda positiva y un escudo de protecci\u00f3n diario<\/strong>.<\/p>\n<p data-start=\"999\" data-end=\"1237\">El colgante est\u00e1 montado en <strong data-start=\"1027\" data-end=\"1047\">plata de ley 925<\/strong>, que sostiene las piedras de manera elegante, resaltando su belleza natural y manteniendo su energ\u00eda pura. Una joya perfecta para llevar cerca y aprovechar la sinergia de ambos minerales.<\/p>\n<p data-start=\"1239\" data-end=\"1416\">\n<p data-start=\"1239\" data-end=\"1416\">Material: Plata de Ley 925.<br data-start=\"1266\" data-end=\"1269\" \/>Cantidad: 1 unidad. El precio es por una unidad.<br data-start=\"1317\" data-end=\"1320\" \/>Tama\u00f1o: 3 cm aproximadamente.<br data-start=\"1364\" data-end=\"1367\" \/>Forma: Colgante.<\/p>","protected":false},"excerpt":{"rendered":"<p data-start=\"321\" data-end=\"700\">Este colgante combina <strong data-start=\"343\" data-end=\"360\">Ojo de \u00c1guila<\/strong> y <strong data-start=\"363\" data-end=\"379\">Ojo de Tigre<\/strong>, dos piedras poderosas que trabajan juntas para <strong data-start=\"428\" data-end=\"494\">equilibrar la energ\u00eda, proteger y potenciar la claridad mental<\/strong>. El Ojo de \u00c1guila favorece la <strong data-start=\"525\" data-end=\"598\">visi\u00f3n interior, la intuici\u00f3n y la percepci\u00f3n de lo que est\u00e1 m\u00e1s all\u00e1<\/strong>, mientras que el Ojo de Tigre proporciona <strong data-start=\"641\" data-end=\"697\">fuerza, protecci\u00f3n, seguridad y equilibrio emocional<\/strong>.<\/p>\n<p data-start=\"702\" data-end=\"997\">Llevar este colgante ayuda a <strong data-start=\"731\" data-end=\"826\">mantener la concentraci\u00f3n, tomar decisiones acertadas y protegerse de influencias negativas<\/strong>, al mismo tiempo que aporta estabilidad y confianza personal. Es ideal para quienes buscan <strong data-start=\"918\" data-end=\"994\">claridad en sus metas, energ\u00eda positiva y un escudo de protecci\u00f3n diario<\/strong>.<\/p>\n<p data-start=\"999\" data-end=\"1237\">El colgante est\u00e1 montado en <strong data-start=\"1027\" data-end=\"1047\">plata de ley 925<\/strong>, que sostiene las piedras de manera elegante, resaltando su belleza natural y manteniendo su energ\u00eda pura. Una joya perfecta para llevar cerca y aprovechar la sinergia de ambos minerales.<\/p>\n<p data-start=\"1239\" data-end=\"1416\">\n<p data-start=\"1239\" data-end=\"1416\">Material: Plata de Ley 925.<br data-start=\"1266\" data-end=\"1269\" \/>Cantidad: 1 unidad. El precio es por una unidad.<br data-start=\"1317\" data-end=\"1320\" \/>Tama\u00f1o: 3 cm aproximadamente.<br data-start=\"1364\" data-end=\"1367\" \/>Forma: Colgante.<\/p>","protected":false},"featured_media":9191,"template":"","meta":[],"product_cat":[105,70],"product_tag":[],"class_list":{"0":"post-9190","1":"product","2":"type-product","3":"status-publish","4":"has-post-thumbnail","6":"product_cat-colgantes","7":"product_cat-joyas-y-accesorios","9":"first","10":"instock","11":"sale","12":"taxable","13":"shipping-taxable","14":"purchasable","15":"product-type-simple"},"yoast_head":"<!-- This site is optimized with the Yoast SEO plugin v27.3 - https:\/\/yoast.com\/product\/yoast-seo-wordpress\/ -->\n<title>Colgante Ojo de \u00c1guila y Ojo de Tigre Plata | Claridad \u2013 Protecci\u00f3n y Energ\u00eda - MINERALES LUNA LLENA<\/title>\n<meta name=\"robots\" content=\"index, follow, max-snippet:-1, max-image-preview:large, max-video-preview:-1\" \/>\n<link rel=\"canonical\" href=\"https:\/\/mineraleslunallena.com\/ca\/producte\/colgante-ojo-de-aguila-y-ojo-de-tigre-plata-claridad-proteccion-y-energia\/\" \/>\n<meta property=\"og:locale\" content=\"ca_ES\" \/>\n<meta property=\"og:type\" content=\"article\" \/>\n<meta property=\"og:title\" content=\"Colgante Ojo de \u00c1guila y Ojo de Tigre Plata | Claridad \u2013 Protecci\u00f3n y Energ\u00eda - MINERALES LUNA LLENA\" \/>\n<meta property=\"og:description\" content=\"Este colgante combina Ojo de \u00c1guila y Ojo de Tigre, dos piedras poderosas que trabajan juntas para equilibrar la energ\u00eda, proteger y potenciar la claridad mental. El Ojo de \u00c1guila favorece la visi\u00f3n interior, la intuici\u00f3n y la percepci\u00f3n de lo que est\u00e1 m\u00e1s all\u00e1, mientras que el Ojo de Tigre proporciona fuerza, protecci\u00f3n, seguridad y equilibrio emocional. Llevar este colgante ayuda a mantener la concentraci\u00f3n, tomar decisiones acertadas y protegerse de influencias negativas, al mismo tiempo que aporta estabilidad y confianza personal. Es ideal para quienes buscan claridad en sus metas, energ\u00eda positiva y un escudo de protecci\u00f3n diario. El colgante est\u00e1 montado en plata de ley 925, que sostiene las piedras de manera elegante, resaltando su belleza natural y manteniendo su energ\u00eda pura. Una joya perfecta para llevar cerca y aprovechar la sinergia de ambos minerales.  Material: Plata de Ley 925.Cantidad: 1 unidad. El precio es por una unidad.Tama\u00f1o: 3 cm aproximadamente.Forma: Colgante.\" \/>\n<meta property=\"og:url\" content=\"https:\/\/mineraleslunallena.com\/ca\/producte\/colgante-ojo-de-aguila-y-ojo-de-tigre-plata-claridad-proteccion-y-energia\/\" \/>\n<meta property=\"og:site_name\" content=\"MINERALES LUNA LLENA\" \/>\n<meta property=\"article:modified_time\" content=\"2025-10-24T12:41:44+00:00\" \/>\n<meta property=\"og:image\" content=\"https:\/\/mineraleslunallena.com\/wp-content\/uploads\/2025\/10\/IMG_20251024_134023-scaled.jpg\" \/>\n\t<meta property=\"og:image:width\" content=\"1153\" \/>\n\t<meta property=\"og:image:height\" content=\"2560\" \/>\n\t<meta property=\"og:image:type\" content=\"image\/jpeg\" \/>\n<meta name=\"twitter:card\" content=\"summary_large_image\" \/>\n<meta name=\"twitter:label1\" content=\"Temps estimat de lectura\" \/>\n\t<meta name=\"twitter:data1\" content=\"1 minut\" \/>\n<script type=\"application\/ld+json\" class=\"yoast-schema-graph\">{\"@context\":\"https:\\\/\\\/schema.org\",\"@graph\":[{\"@type\":\"WebPage\",\"@id\":\"https:\\\/\\\/mineraleslunallena.com\\\/producto\\\/colgante-ojo-de-aguila-y-ojo-de-tigre-plata-claridad-proteccion-y-energia\\\/\",\"url\":\"https:\\\/\\\/mineraleslunallena.com\\\/producto\\\/colgante-ojo-de-aguila-y-ojo-de-tigre-plata-claridad-proteccion-y-energia\\\/\",\"name\":\"Colgante Ojo de \u00c1guila y Ojo de Tigre Plata | Claridad \u2013 Protecci\u00f3n y Energ\u00eda - MINERALES LUNA LLENA\",\"isPartOf\":{\"@id\":\"https:\\\/\\\/mineraleslunallena.com\\\/#website\"},\"primaryImageOfPage\":{\"@id\":\"https:\\\/\\\/mineraleslunallena.com\\\/producto\\\/colgante-ojo-de-aguila-y-ojo-de-tigre-plata-claridad-proteccion-y-energia\\\/#primaryimage\"},\"image\":{\"@id\":\"https:\\\/\\\/mineraleslunallena.com\\\/producto\\\/colgante-ojo-de-aguila-y-ojo-de-tigre-plata-claridad-proteccion-y-energia\\\/#primaryimage\"},\"thumbnailUrl\":\"https:\\\/\\\/mineraleslunallena.com\\\/wp-content\\\/uploads\\\/2025\\\/10\\\/IMG_20251024_134023-scaled.jpg\",\"datePublished\":\"2025-10-24T12:14:18+00:00\",\"dateModified\":\"2025-10-24T12:41:44+00:00\",\"breadcrumb\":{\"@id\":\"https:\\\/\\\/mineraleslunallena.com\\\/producto\\\/colgante-ojo-de-aguila-y-ojo-de-tigre-plata-claridad-proteccion-y-energia\\\/#breadcrumb\"},\"inLanguage\":\"ca\",\"potentialAction\":[{\"@type\":\"ReadAction\",\"target\":[\"https:\\\/\\\/mineraleslunallena.com\\\/producto\\\/colgante-ojo-de-aguila-y-ojo-de-tigre-plata-claridad-proteccion-y-energia\\\/\"]}]},{\"@type\":\"ImageObject\",\"inLanguage\":\"ca\",\"@id\":\"https:\\\/\\\/mineraleslunallena.com\\\/producto\\\/colgante-ojo-de-aguila-y-ojo-de-tigre-plata-claridad-proteccion-y-energia\\\/#primaryimage\",\"url\":\"https:\\\/\\\/mineraleslunallena.com\\\/wp-content\\\/uploads\\\/2025\\\/10\\\/IMG_20251024_134023-scaled.jpg\",\"contentUrl\":\"https:\\\/\\\/mineraleslunallena.com\\\/wp-content\\\/uploads\\\/2025\\\/10\\\/IMG_20251024_134023-scaled.jpg\",\"width\":1153,\"height\":2560},{\"@type\":\"BreadcrumbList\",\"@id\":\"https:\\\/\\\/mineraleslunallena.com\\\/producto\\\/colgante-ojo-de-aguila-y-ojo-de-tigre-plata-claridad-proteccion-y-energia\\\/#breadcrumb\",\"itemListElement\":[{\"@type\":\"ListItem\",\"position\":1,\"name\":\"Portada\",\"item\":\"https:\\\/\\\/mineraleslunallena.com\\\/\"},{\"@type\":\"ListItem\",\"position\":2,\"name\":\"Shop\",\"item\":\"https:\\\/\\\/mineraleslunallena.com\\\/ca\\\/shop\\\/\"},{\"@type\":\"ListItem\",\"position\":3,\"name\":\"Colgante Ojo de \u00c1guila y Ojo de Tigre Plata | Claridad \u2013 Protecci\u00f3n y Energ\u00eda\"}]},{\"@type\":\"WebSite\",\"@id\":\"https:\\\/\\\/mineraleslunallena.com\\\/#website\",\"url\":\"https:\\\/\\\/mineraleslunallena.com\\\/\",\"name\":\"LUNA LLENA MINERALES\",\"description\":\"Es el momento de conectarte con tu propio poder y confiar en tus habilidades.\",\"publisher\":{\"@id\":\"https:\\\/\\\/mineraleslunallena.com\\\/#organization\"},\"potentialAction\":[{\"@type\":\"SearchAction\",\"target\":{\"@type\":\"EntryPoint\",\"urlTemplate\":\"https:\\\/\\\/mineraleslunallena.com\\\/?s={search_term_string}\"},\"query-input\":{\"@type\":\"PropertyValueSpecification\",\"valueRequired\":true,\"valueName\":\"search_term_string\"}}],\"inLanguage\":\"ca\"},{\"@type\":\"Organization\",\"@id\":\"https:\\\/\\\/mineraleslunallena.com\\\/#organization\",\"name\":\"LUNA LLENA MINERALES\",\"url\":\"https:\\\/\\\/mineraleslunallena.com\\\/\",\"logo\":{\"@type\":\"ImageObject\",\"inLanguage\":\"ca\",\"@id\":\"https:\\\/\\\/mineraleslunallena.com\\\/#\\\/schema\\\/logo\\\/image\\\/\",\"url\":\"https:\\\/\\\/mineraleslunallena.com\\\/wp-content\\\/uploads\\\/2023\\\/07\\\/LUNA-LLENA-LOGO-nuevo.png\",\"contentUrl\":\"https:\\\/\\\/mineraleslunallena.com\\\/wp-content\\\/uploads\\\/2023\\\/07\\\/LUNA-LLENA-LOGO-nuevo.png\",\"width\":229,\"height\":167,\"caption\":\"LUNA LLENA MINERALES\"},\"image\":{\"@id\":\"https:\\\/\\\/mineraleslunallena.com\\\/#\\\/schema\\\/logo\\\/image\\\/\"}}]}<\/script>\n<!-- \/ Yoast SEO plugin. -->","yoast_head_json":{"title":"Colgante Ojo de \u00c1guila y Ojo de Tigre Plata | Claridad \u2013 Protecci\u00f3n y Energ\u00eda - MINERALES LUNA LLENA","robots":{"index":"index","follow":"follow","max-snippet":"max-snippet:-1","max-image-preview":"max-image-preview:large","max-video-preview":"max-video-preview:-1"},"canonical":"https:\/\/mineraleslunallena.com\/ca\/producte\/colgante-ojo-de-aguila-y-ojo-de-tigre-plata-claridad-proteccion-y-energia\/","og_locale":"ca_ES","og_type":"article","og_title":"Colgante Ojo de \u00c1guila y Ojo de Tigre Plata | Claridad \u2013 Protecci\u00f3n y Energ\u00eda - MINERALES LUNA LLENA","og_description":"Este colgante combina Ojo de \u00c1guila y Ojo de Tigre, dos piedras poderosas que trabajan juntas para equilibrar la energ\u00eda, proteger y potenciar la claridad mental. El Ojo de \u00c1guila favorece la visi\u00f3n interior, la intuici\u00f3n y la percepci\u00f3n de lo que est\u00e1 m\u00e1s all\u00e1, mientras que el Ojo de Tigre proporciona fuerza, protecci\u00f3n, seguridad y equilibrio emocional. Llevar este colgante ayuda a mantener la concentraci\u00f3n, tomar decisiones acertadas y protegerse de influencias negativas, al mismo tiempo que aporta estabilidad y confianza personal. Es ideal para quienes buscan claridad en sus metas, energ\u00eda positiva y un escudo de protecci\u00f3n diario. El colgante est\u00e1 montado en plata de ley 925, que sostiene las piedras de manera elegante, resaltando su belleza natural y manteniendo su energ\u00eda pura. Una joya perfecta para llevar cerca y aprovechar la sinergia de ambos minerales.  Material: Plata de Ley 925.Cantidad: 1 unidad. El precio es por una unidad.Tama\u00f1o: 3 cm aproximadamente.Forma: Colgante.","og_url":"https:\/\/mineraleslunallena.com\/ca\/producte\/colgante-ojo-de-aguila-y-ojo-de-tigre-plata-claridad-proteccion-y-energia\/","og_site_name":"MINERALES LUNA LLENA","article_modified_time":"2025-10-24T12:41:44+00:00","og_image":[{"width":1153,"height":2560,"url":"https:\/\/mineraleslunallena.com\/wp-content\/uploads\/2025\/10\/IMG_20251024_134023-scaled.jpg","type":"image\/jpeg"}],"twitter_card":"summary_large_image","twitter_misc":{"Temps estimat de lectura":"1 minut"},"schema":{"@context":"https:\/\/schema.org","@graph":[{"@type":"WebPage","@id":"https:\/\/mineraleslunallena.com\/producto\/colgante-ojo-de-aguila-y-ojo-de-tigre-plata-claridad-proteccion-y-energia\/","url":"https:\/\/mineraleslunallena.com\/producto\/colgante-ojo-de-aguila-y-ojo-de-tigre-plata-claridad-proteccion-y-energia\/","name":"Colgante Ojo de \u00c1guila y Ojo de Tigre Plata | Claridad \u2013 Protecci\u00f3n y Energ\u00eda - MINERALES LUNA LLENA","isPartOf":{"@id":"https:\/\/mineraleslunallena.com\/#website"},"primaryImageOfPage":{"@id":"https:\/\/mineraleslunallena.com\/producto\/colgante-ojo-de-aguila-y-ojo-de-tigre-plata-claridad-proteccion-y-energia\/#primaryimage"},"image":{"@id":"https:\/\/mineraleslunallena.com\/producto\/colgante-ojo-de-aguila-y-ojo-de-tigre-plata-claridad-proteccion-y-energia\/#primaryimage"},"thumbnailUrl":"https:\/\/mineraleslunallena.com\/wp-content\/uploads\/2025\/10\/IMG_20251024_134023-scaled.jpg","datePublished":"2025-10-24T12:14:18+00:00","dateModified":"2025-10-24T12:41:44+00:00","breadcrumb":{"@id":"https:\/\/mineraleslunallena.com\/producto\/colgante-ojo-de-aguila-y-ojo-de-tigre-plata-claridad-proteccion-y-energia\/#breadcrumb"},"inLanguage":"ca","potentialAction":[{"@type":"ReadAction","target":["https:\/\/mineraleslunallena.com\/producto\/colgante-ojo-de-aguila-y-ojo-de-tigre-plata-claridad-proteccion-y-energia\/"]}]},{"@type":"ImageObject","inLanguage":"ca","@id":"https:\/\/mineraleslunallena.com\/producto\/colgante-ojo-de-aguila-y-ojo-de-tigre-plata-claridad-proteccion-y-energia\/#primaryimage","url":"https:\/\/mineraleslunallena.com\/wp-content\/uploads\/2025\/10\/IMG_20251024_134023-scaled.jpg","contentUrl":"https:\/\/mineraleslunallena.com\/wp-content\/uploads\/2025\/10\/IMG_20251024_134023-scaled.jpg","width":1153,"height":2560},{"@type":"BreadcrumbList","@id":"https:\/\/mineraleslunallena.com\/producto\/colgante-ojo-de-aguila-y-ojo-de-tigre-plata-claridad-proteccion-y-energia\/#breadcrumb","itemListElement":[{"@type":"ListItem","position":1,"name":"Portada","item":"https:\/\/mineraleslunallena.com\/"},{"@type":"ListItem","position":2,"name":"Shop","item":"https:\/\/mineraleslunallena.com\/ca\/shop\/"},{"@type":"ListItem","position":3,"name":"Colgante Ojo de \u00c1guila y Ojo de Tigre Plata | Claridad \u2013 Protecci\u00f3n y Energ\u00eda"}]},{"@type":"WebSite","@id":"https:\/\/mineraleslunallena.com\/#website","url":"https:\/\/mineraleslunallena.com\/","name":"LLUNA PLENA MINERALS","description":"\u00c9s el moment de connectar-te amb el teu poder i confiar en les teves habilitats.","publisher":{"@id":"https:\/\/mineraleslunallena.com\/#organization"},"potentialAction":[{"@type":"SearchAction","target":{"@type":"EntryPoint","urlTemplate":"https:\/\/mineraleslunallena.com\/?s={search_term_string}"},"query-input":{"@type":"PropertyValueSpecification","valueRequired":true,"valueName":"search_term_string"}}],"inLanguage":"ca"},{"@type":"Organization","@id":"https:\/\/mineraleslunallena.com\/#organization","name":"LLUNA PLENA MINERALS","url":"https:\/\/mineraleslunallena.com\/","logo":{"@type":"ImageObject","inLanguage":"ca","@id":"https:\/\/mineraleslunallena.com\/#\/schema\/logo\/image\/","url":"https:\/\/mineraleslunallena.com\/wp-content\/uploads\/2023\/07\/LUNA-LLENA-LOGO-nuevo.png","contentUrl":"https:\/\/mineraleslunallena.com\/wp-content\/uploads\/2023\/07\/LUNA-LLENA-LOGO-nuevo.png","width":229,"height":167,"caption":"LUNA LLENA MINERALES"},"image":{"@id":"https:\/\/mineraleslunallena.com\/#\/schema\/logo\/image\/"}}]}},"jetpack_sharing_enabled":true,"_links":{"self":[{"href":"https:\/\/mineraleslunallena.com\/ca\/wp-json\/wp\/v2\/product\/9190","targetHints":{"allow":["GET"]}}],"collection":[{"href":"https:\/\/mineraleslunallena.com\/ca\/wp-json\/wp\/v2\/product"}],"about":[{"href":"https:\/\/mineraleslunallena.com\/ca\/wp-json\/wp\/v2\/types\/product"}],"version-history":[{"count":1,"href":"https:\/\/mineraleslunallena.com\/ca\/wp-json\/wp\/v2\/product\/9190\/revisions"}],"predecessor-version":[{"id":9202,"href":"https:\/\/mineraleslunallena.com\/ca\/wp-json\/wp\/v2\/product\/9190\/revisions\/9202"}],"wp:featuredmedia":[{"embeddable":true,"href":"https:\/\/mineraleslunallena.com\/ca\/wp-json\/wp\/v2\/media\/9191"}],"wp:attachment":[{"href":"https:\/\/mineraleslunallena.com\/ca\/wp-json\/wp\/v2\/media?parent=9190"}],"wp:term":[{"taxonomy":"product_cat","embeddable":true,"href":"https:\/\/mineraleslunallena.com\/ca\/wp-json\/wp\/v2\/product_cat?post=9190"},{"taxonomy":"product_tag","embeddable":true,"href":"https:\/\/mineraleslunallena.com\/ca\/wp-json\/wp\/v2\/product_tag?post=9190"}],"curies":[{"name":"wp","href":"https:\/\/api.w.org\/{rel}","templated":true}]}}