{"id":9197,"date":"2025-10-24T14:13:57","date_gmt":"2025-10-24T12:13:57","guid":{"rendered":"https:\/\/mineraleslunallena.com\/?post_type=product&#038;p=9197"},"modified":"2025-10-29T10:05:59","modified_gmt":"2025-10-29T09:05:59","slug":"colgante-nacar-ying-yang-equilibrio-armonia","status":"publish","type":"product","link":"https:\/\/mineraleslunallena.com\/ca\/producte\/colgante-nacar-ying-yang-equilibrio-armonia\/","title":{"rendered":"Colgante N\u00e1car Ying Yang  | Equilibrio \u2013 Armon\u00eda"},"content":{"rendered":"<p data-start=\"253\" data-end=\"602\">Este elegante colgante redondo combina <strong>N\u00e1car natural<\/strong> con el <strong data-start=\"317\" data-end=\"338\">s\u00edmbolo Ying Yang<\/strong>, representando el equilibrio perfecto entre energ\u00edas opuestas y complementarias.<\/p>\n<p data-start=\"253\" data-end=\"602\">El <strong>N\u00e1car<\/strong>, con su brillo iridiscente y suave, es conocido por <strong data-start=\"481\" data-end=\"535\">proporcionar calma, armon\u00eda y protecci\u00f3n emocional<\/strong>, ayudando a suavizar tensiones y fomentar la serenidad interior.<\/p>\n<p data-start=\"604\" data-end=\"976\">El s\u00edmbolo <strong>Ying Yang<\/strong> potencia la sensaci\u00f3n de <strong data-start=\"650\" data-end=\"695\">equilibrio entre cuerpo, mente y esp\u00edritu<\/strong>, recordando la importancia de la armon\u00eda en la vida diaria y la conexi\u00f3n con el flujo natural de la energ\u00eda. Llevar este colgante ayuda a mantener <strong data-start=\"843\" data-end=\"893\">claridad, paz interior y estabilidad emocional<\/strong>, convirti\u00e9ndolo en un amuleto ideal para meditaci\u00f3n y momentos de introspecci\u00f3n.<\/p>\n<p data-start=\"978\" data-end=\"1174\">.<\/p>\n<p data-start=\"1176\" data-end=\"1361\"><br data-start=\"1203\" data-end=\"1206\" \/>Cantidad: 1 unidad. El precio es por una unidad.<br data-start=\"1254\" data-end=\"1257\" \/>Tama\u00f1o: 4.5 cm aproximadamente.<br data-start=\"1301\" data-end=\"1304\" \/>Forma: Colgante redondo.<\/p>","protected":false},"excerpt":{"rendered":"<p data-start=\"253\" data-end=\"602\">Este elegante colgante redondo combina <strong>N\u00e1car natural<\/strong> con el <strong data-start=\"317\" data-end=\"338\">s\u00edmbolo Ying Yang<\/strong>, representando el equilibrio perfecto entre energ\u00edas opuestas y complementarias.<\/p>\n<p data-start=\"253\" data-end=\"602\">El <strong>N\u00e1car<\/strong>, con su brillo iridiscente y suave, es conocido por <strong data-start=\"481\" data-end=\"535\">proporcionar calma, armon\u00eda y protecci\u00f3n emocional<\/strong>, ayudando a suavizar tensiones y fomentar la serenidad interior.<\/p>\n<p data-start=\"604\" data-end=\"976\">El s\u00edmbolo <strong>Ying Yang<\/strong> potencia la sensaci\u00f3n de <strong data-start=\"650\" data-end=\"695\">equilibrio entre cuerpo, mente y esp\u00edritu<\/strong>, recordando la importancia de la armon\u00eda en la vida diaria y la conexi\u00f3n con el flujo natural de la energ\u00eda. Llevar este colgante ayuda a mantener <strong data-start=\"843\" data-end=\"893\">claridad, paz interior y estabilidad emocional<\/strong>, convirti\u00e9ndolo en un amuleto ideal para meditaci\u00f3n y momentos de introspecci\u00f3n.<\/p>\n<p data-start=\"978\" data-end=\"1174\">.<\/p>\n<p data-start=\"1176\" data-end=\"1361\"><br data-start=\"1203\" data-end=\"1206\" \/>Cantidad: 1 unidad. El precio es por una unidad.<br data-start=\"1254\" data-end=\"1257\" \/>Tama\u00f1o: 4.5 cm aproximadamente.<br data-start=\"1301\" data-end=\"1304\" \/>Forma: Colgante redondo.<\/p>","protected":false},"featured_media":9224,"template":"","meta":[],"product_cat":[105,70],"product_tag":[],"class_list":{"0":"post-9197","1":"product","2":"type-product","3":"status-publish","4":"has-post-thumbnail","6":"product_cat-colgantes","7":"product_cat-joyas-y-accesorios","9":"first","10":"instock","11":"sale","12":"taxable","13":"shipping-taxable","14":"purchasable","15":"product-type-simple"},"yoast_head":"<!-- This site is optimized with the Yoast SEO plugin v27.3 - https:\/\/yoast.com\/product\/yoast-seo-wordpress\/ -->\n<title>Colgante N\u00e1car Ying Yang | Equilibrio \u2013 Armon\u00eda - MINERALES LUNA LLENA<\/title>\n<meta name=\"robots\" content=\"index, follow, max-snippet:-1, max-image-preview:large, max-video-preview:-1\" \/>\n<link rel=\"canonical\" href=\"https:\/\/mineraleslunallena.com\/ca\/producte\/colgante-nacar-ying-yang-equilibrio-armonia\/\" \/>\n<meta property=\"og:locale\" content=\"ca_ES\" \/>\n<meta property=\"og:type\" content=\"article\" \/>\n<meta property=\"og:title\" content=\"Colgante N\u00e1car Ying Yang | Equilibrio \u2013 Armon\u00eda - MINERALES LUNA LLENA\" \/>\n<meta property=\"og:description\" content=\"Este elegante colgante redondo combina N\u00e1car natural con el s\u00edmbolo Ying Yang, representando el equilibrio perfecto entre energ\u00edas opuestas y complementarias. El N\u00e1car, con su brillo iridiscente y suave, es conocido por proporcionar calma, armon\u00eda y protecci\u00f3n emocional, ayudando a suavizar tensiones y fomentar la serenidad interior. El s\u00edmbolo Ying Yang potencia la sensaci\u00f3n de equilibrio entre cuerpo, mente y esp\u00edritu, recordando la importancia de la armon\u00eda en la vida diaria y la conexi\u00f3n con el flujo natural de la energ\u00eda. Llevar este colgante ayuda a mantener claridad, paz interior y estabilidad emocional, convirti\u00e9ndolo en un amuleto ideal para meditaci\u00f3n y momentos de introspecci\u00f3n. . Cantidad: 1 unidad. El precio es por una unidad.Tama\u00f1o: 4.5 cm aproximadamente.Forma: Colgante redondo.\" \/>\n<meta property=\"og:url\" content=\"https:\/\/mineraleslunallena.com\/ca\/producte\/colgante-nacar-ying-yang-equilibrio-armonia\/\" \/>\n<meta property=\"og:site_name\" content=\"MINERALES LUNA LLENA\" \/>\n<meta property=\"article:modified_time\" content=\"2025-10-29T09:05:59+00:00\" \/>\n<meta property=\"og:image\" content=\"https:\/\/mineraleslunallena.com\/wp-content\/uploads\/2025\/10\/IMG_20251024_135608-scaled.jpg\" \/>\n\t<meta property=\"og:image:width\" content=\"1153\" \/>\n\t<meta property=\"og:image:height\" content=\"2560\" \/>\n\t<meta property=\"og:image:type\" content=\"image\/jpeg\" \/>\n<meta name=\"twitter:card\" content=\"summary_large_image\" \/>\n<meta name=\"twitter:label1\" content=\"Temps estimat de lectura\" \/>\n\t<meta name=\"twitter:data1\" content=\"1 minut\" \/>\n<script type=\"application\/ld+json\" class=\"yoast-schema-graph\">{\"@context\":\"https:\\\/\\\/schema.org\",\"@graph\":[{\"@type\":\"WebPage\",\"@id\":\"https:\\\/\\\/mineraleslunallena.com\\\/producto\\\/colgante-nacar-ying-yang-equilibrio-armonia\\\/\",\"url\":\"https:\\\/\\\/mineraleslunallena.com\\\/producto\\\/colgante-nacar-ying-yang-equilibrio-armonia\\\/\",\"name\":\"Colgante N\u00e1car Ying Yang | Equilibrio \u2013 Armon\u00eda - MINERALES LUNA LLENA\",\"isPartOf\":{\"@id\":\"https:\\\/\\\/mineraleslunallena.com\\\/#website\"},\"primaryImageOfPage\":{\"@id\":\"https:\\\/\\\/mineraleslunallena.com\\\/producto\\\/colgante-nacar-ying-yang-equilibrio-armonia\\\/#primaryimage\"},\"image\":{\"@id\":\"https:\\\/\\\/mineraleslunallena.com\\\/producto\\\/colgante-nacar-ying-yang-equilibrio-armonia\\\/#primaryimage\"},\"thumbnailUrl\":\"https:\\\/\\\/mineraleslunallena.com\\\/wp-content\\\/uploads\\\/2025\\\/10\\\/IMG_20251024_135608-scaled.jpg\",\"datePublished\":\"2025-10-24T12:13:57+00:00\",\"dateModified\":\"2025-10-29T09:05:59+00:00\",\"breadcrumb\":{\"@id\":\"https:\\\/\\\/mineraleslunallena.com\\\/producto\\\/colgante-nacar-ying-yang-equilibrio-armonia\\\/#breadcrumb\"},\"inLanguage\":\"ca\",\"potentialAction\":[{\"@type\":\"ReadAction\",\"target\":[\"https:\\\/\\\/mineraleslunallena.com\\\/producto\\\/colgante-nacar-ying-yang-equilibrio-armonia\\\/\"]}]},{\"@type\":\"ImageObject\",\"inLanguage\":\"ca\",\"@id\":\"https:\\\/\\\/mineraleslunallena.com\\\/producto\\\/colgante-nacar-ying-yang-equilibrio-armonia\\\/#primaryimage\",\"url\":\"https:\\\/\\\/mineraleslunallena.com\\\/wp-content\\\/uploads\\\/2025\\\/10\\\/IMG_20251024_135608-scaled.jpg\",\"contentUrl\":\"https:\\\/\\\/mineraleslunallena.com\\\/wp-content\\\/uploads\\\/2025\\\/10\\\/IMG_20251024_135608-scaled.jpg\",\"width\":1153,\"height\":2560},{\"@type\":\"BreadcrumbList\",\"@id\":\"https:\\\/\\\/mineraleslunallena.com\\\/producto\\\/colgante-nacar-ying-yang-equilibrio-armonia\\\/#breadcrumb\",\"itemListElement\":[{\"@type\":\"ListItem\",\"position\":1,\"name\":\"Portada\",\"item\":\"https:\\\/\\\/mineraleslunallena.com\\\/\"},{\"@type\":\"ListItem\",\"position\":2,\"name\":\"Shop\",\"item\":\"https:\\\/\\\/mineraleslunallena.com\\\/ca\\\/shop\\\/\"},{\"@type\":\"ListItem\",\"position\":3,\"name\":\"Colgante N\u00e1car Ying Yang | Equilibrio \u2013 Armon\u00eda\"}]},{\"@type\":\"WebSite\",\"@id\":\"https:\\\/\\\/mineraleslunallena.com\\\/#website\",\"url\":\"https:\\\/\\\/mineraleslunallena.com\\\/\",\"name\":\"LUNA LLENA MINERALES\",\"description\":\"Es el momento de conectarte con tu propio poder y confiar en tus habilidades.\",\"publisher\":{\"@id\":\"https:\\\/\\\/mineraleslunallena.com\\\/#organization\"},\"potentialAction\":[{\"@type\":\"SearchAction\",\"target\":{\"@type\":\"EntryPoint\",\"urlTemplate\":\"https:\\\/\\\/mineraleslunallena.com\\\/?s={search_term_string}\"},\"query-input\":{\"@type\":\"PropertyValueSpecification\",\"valueRequired\":true,\"valueName\":\"search_term_string\"}}],\"inLanguage\":\"ca\"},{\"@type\":\"Organization\",\"@id\":\"https:\\\/\\\/mineraleslunallena.com\\\/#organization\",\"name\":\"LUNA LLENA MINERALES\",\"url\":\"https:\\\/\\\/mineraleslunallena.com\\\/\",\"logo\":{\"@type\":\"ImageObject\",\"inLanguage\":\"ca\",\"@id\":\"https:\\\/\\\/mineraleslunallena.com\\\/#\\\/schema\\\/logo\\\/image\\\/\",\"url\":\"https:\\\/\\\/mineraleslunallena.com\\\/wp-content\\\/uploads\\\/2023\\\/07\\\/LUNA-LLENA-LOGO-nuevo.png\",\"contentUrl\":\"https:\\\/\\\/mineraleslunallena.com\\\/wp-content\\\/uploads\\\/2023\\\/07\\\/LUNA-LLENA-LOGO-nuevo.png\",\"width\":229,\"height\":167,\"caption\":\"LUNA LLENA MINERALES\"},\"image\":{\"@id\":\"https:\\\/\\\/mineraleslunallena.com\\\/#\\\/schema\\\/logo\\\/image\\\/\"}}]}<\/script>\n<!-- \/ Yoast SEO plugin. -->","yoast_head_json":{"title":"Colgante N\u00e1car Ying Yang | Equilibrio \u2013 Armon\u00eda - MINERALES LUNA LLENA","robots":{"index":"index","follow":"follow","max-snippet":"max-snippet:-1","max-image-preview":"max-image-preview:large","max-video-preview":"max-video-preview:-1"},"canonical":"https:\/\/mineraleslunallena.com\/ca\/producte\/colgante-nacar-ying-yang-equilibrio-armonia\/","og_locale":"ca_ES","og_type":"article","og_title":"Colgante N\u00e1car Ying Yang | Equilibrio \u2013 Armon\u00eda - MINERALES LUNA LLENA","og_description":"Este elegante colgante redondo combina N\u00e1car natural con el s\u00edmbolo Ying Yang, representando el equilibrio perfecto entre energ\u00edas opuestas y complementarias. El N\u00e1car, con su brillo iridiscente y suave, es conocido por proporcionar calma, armon\u00eda y protecci\u00f3n emocional, ayudando a suavizar tensiones y fomentar la serenidad interior. El s\u00edmbolo Ying Yang potencia la sensaci\u00f3n de equilibrio entre cuerpo, mente y esp\u00edritu, recordando la importancia de la armon\u00eda en la vida diaria y la conexi\u00f3n con el flujo natural de la energ\u00eda. Llevar este colgante ayuda a mantener claridad, paz interior y estabilidad emocional, convirti\u00e9ndolo en un amuleto ideal para meditaci\u00f3n y momentos de introspecci\u00f3n. . Cantidad: 1 unidad. El precio es por una unidad.Tama\u00f1o: 4.5 cm aproximadamente.Forma: Colgante redondo.","og_url":"https:\/\/mineraleslunallena.com\/ca\/producte\/colgante-nacar-ying-yang-equilibrio-armonia\/","og_site_name":"MINERALES LUNA LLENA","article_modified_time":"2025-10-29T09:05:59+00:00","og_image":[{"width":1153,"height":2560,"url":"https:\/\/mineraleslunallena.com\/wp-content\/uploads\/2025\/10\/IMG_20251024_135608-scaled.jpg","type":"image\/jpeg"}],"twitter_card":"summary_large_image","twitter_misc":{"Temps estimat de lectura":"1 minut"},"schema":{"@context":"https:\/\/schema.org","@graph":[{"@type":"WebPage","@id":"https:\/\/mineraleslunallena.com\/producto\/colgante-nacar-ying-yang-equilibrio-armonia\/","url":"https:\/\/mineraleslunallena.com\/producto\/colgante-nacar-ying-yang-equilibrio-armonia\/","name":"Colgante N\u00e1car Ying Yang | Equilibrio \u2013 Armon\u00eda - MINERALES LUNA LLENA","isPartOf":{"@id":"https:\/\/mineraleslunallena.com\/#website"},"primaryImageOfPage":{"@id":"https:\/\/mineraleslunallena.com\/producto\/colgante-nacar-ying-yang-equilibrio-armonia\/#primaryimage"},"image":{"@id":"https:\/\/mineraleslunallena.com\/producto\/colgante-nacar-ying-yang-equilibrio-armonia\/#primaryimage"},"thumbnailUrl":"https:\/\/mineraleslunallena.com\/wp-content\/uploads\/2025\/10\/IMG_20251024_135608-scaled.jpg","datePublished":"2025-10-24T12:13:57+00:00","dateModified":"2025-10-29T09:05:59+00:00","breadcrumb":{"@id":"https:\/\/mineraleslunallena.com\/producto\/colgante-nacar-ying-yang-equilibrio-armonia\/#breadcrumb"},"inLanguage":"ca","potentialAction":[{"@type":"ReadAction","target":["https:\/\/mineraleslunallena.com\/producto\/colgante-nacar-ying-yang-equilibrio-armonia\/"]}]},{"@type":"ImageObject","inLanguage":"ca","@id":"https:\/\/mineraleslunallena.com\/producto\/colgante-nacar-ying-yang-equilibrio-armonia\/#primaryimage","url":"https:\/\/mineraleslunallena.com\/wp-content\/uploads\/2025\/10\/IMG_20251024_135608-scaled.jpg","contentUrl":"https:\/\/mineraleslunallena.com\/wp-content\/uploads\/2025\/10\/IMG_20251024_135608-scaled.jpg","width":1153,"height":2560},{"@type":"BreadcrumbList","@id":"https:\/\/mineraleslunallena.com\/producto\/colgante-nacar-ying-yang-equilibrio-armonia\/#breadcrumb","itemListElement":[{"@type":"ListItem","position":1,"name":"Portada","item":"https:\/\/mineraleslunallena.com\/"},{"@type":"ListItem","position":2,"name":"Shop","item":"https:\/\/mineraleslunallena.com\/ca\/shop\/"},{"@type":"ListItem","position":3,"name":"Colgante N\u00e1car Ying Yang | Equilibrio \u2013 Armon\u00eda"}]},{"@type":"WebSite","@id":"https:\/\/mineraleslunallena.com\/#website","url":"https:\/\/mineraleslunallena.com\/","name":"LLUNA PLENA MINERALS","description":"\u00c9s el moment de connectar-te amb el teu poder i confiar en les teves habilitats.","publisher":{"@id":"https:\/\/mineraleslunallena.com\/#organization"},"potentialAction":[{"@type":"SearchAction","target":{"@type":"EntryPoint","urlTemplate":"https:\/\/mineraleslunallena.com\/?s={search_term_string}"},"query-input":{"@type":"PropertyValueSpecification","valueRequired":true,"valueName":"search_term_string"}}],"inLanguage":"ca"},{"@type":"Organization","@id":"https:\/\/mineraleslunallena.com\/#organization","name":"LLUNA PLENA MINERALS","url":"https:\/\/mineraleslunallena.com\/","logo":{"@type":"ImageObject","inLanguage":"ca","@id":"https:\/\/mineraleslunallena.com\/#\/schema\/logo\/image\/","url":"https:\/\/mineraleslunallena.com\/wp-content\/uploads\/2023\/07\/LUNA-LLENA-LOGO-nuevo.png","contentUrl":"https:\/\/mineraleslunallena.com\/wp-content\/uploads\/2023\/07\/LUNA-LLENA-LOGO-nuevo.png","width":229,"height":167,"caption":"LUNA LLENA MINERALES"},"image":{"@id":"https:\/\/mineraleslunallena.com\/#\/schema\/logo\/image\/"}}]}},"jetpack_sharing_enabled":true,"_links":{"self":[{"href":"https:\/\/mineraleslunallena.com\/ca\/wp-json\/wp\/v2\/product\/9197","targetHints":{"allow":["GET"]}}],"collection":[{"href":"https:\/\/mineraleslunallena.com\/ca\/wp-json\/wp\/v2\/product"}],"about":[{"href":"https:\/\/mineraleslunallena.com\/ca\/wp-json\/wp\/v2\/types\/product"}],"version-history":[{"count":1,"href":"https:\/\/mineraleslunallena.com\/ca\/wp-json\/wp\/v2\/product\/9197\/revisions"}],"predecessor-version":[{"id":9201,"href":"https:\/\/mineraleslunallena.com\/ca\/wp-json\/wp\/v2\/product\/9197\/revisions\/9201"}],"wp:featuredmedia":[{"embeddable":true,"href":"https:\/\/mineraleslunallena.com\/ca\/wp-json\/wp\/v2\/media\/9224"}],"wp:attachment":[{"href":"https:\/\/mineraleslunallena.com\/ca\/wp-json\/wp\/v2\/media?parent=9197"}],"wp:term":[{"taxonomy":"product_cat","embeddable":true,"href":"https:\/\/mineraleslunallena.com\/ca\/wp-json\/wp\/v2\/product_cat?post=9197"},{"taxonomy":"product_tag","embeddable":true,"href":"https:\/\/mineraleslunallena.com\/ca\/wp-json\/wp\/v2\/product_tag?post=9197"}],"curies":[{"name":"wp","href":"https:\/\/api.w.org\/{rel}","templated":true}]}}