{"id":9394,"date":"2025-12-22T13:11:02","date_gmt":"2025-12-22T12:11:02","guid":{"rendered":"https:\/\/mineraleslunallena.com\/?post_type=product&#038;p=9394"},"modified":"2025-12-22T23:46:43","modified_gmt":"2025-12-22T22:46:43","slug":"anillo-ajustable-de-labradorita-en-plata-proteccion-intuicion","status":"publish","type":"product","link":"https:\/\/mineraleslunallena.com\/ca\/producte\/anillo-ajustable-de-labradorita-en-plata-proteccion-intuicion\/","title":{"rendered":"Anillo Ajustable de Labradorita en Plata | Protecci\u00f3n \u2013 Intuici\u00f3n"},"content":{"rendered":"<p data-start=\"275\" data-end=\"490\">Este cautivador <strong data-start=\"291\" data-end=\"346\">anillo ajustable de Labradorita en plata de ley 925<\/strong> es una joya energ\u00e9tica de gran poder protector, ideal para quienes desean fortalecer su intuici\u00f3n y crear un escudo frente a energ\u00edas externas.<\/p>\n<p data-start=\"492\" data-end=\"850\">La L<strong data-start=\"495\" data-end=\"510\">abradorita<\/strong> es conocida como la piedra de la magia y la transformaci\u00f3n. Su iridiscencia natural simboliza la luz que emerge en los momentos de cambio, ayudando a proteger el campo energ\u00e9tico, potenciar la intuici\u00f3n y despertar habilidades interiores. Es una piedra muy utilizada por personas sensibles, emp\u00e1ticas o en procesos de crecimiento personal.<\/p>\n<p data-start=\"852\" data-end=\"1144\">La <strong data-start=\"855\" data-end=\"875\">plata de ley 925<\/strong>, metal vinculado a la energ\u00eda lunar, potencia las propiedades de la Labradorita, aportando equilibrio emocional, protecci\u00f3n y conexi\u00f3n con la sabidur\u00eda interior. La combinaci\u00f3n de ambos crea una joya armonizadora, perfecta para llevar a diario como amuleto energ\u00e9tico.<\/p>\n<p data-start=\"1146\" data-end=\"1277\">Un anillo elegante y lleno de magia, pensado para acompa\u00f1arte en etapas de transformaci\u00f3n, protecci\u00f3n y expansi\u00f3n de la conciencia.<\/p>\n<p data-start=\"1279\" data-end=\"1452\"><strong data-start=\"1279\" data-end=\"1292\">Material:<\/strong> Plata de Ley 925.<br data-start=\"1310\" data-end=\"1313\" \/><strong data-start=\"1313\" data-end=\"1324\">Piedra:<\/strong> Labradorita natural.<br data-start=\"1345\" data-end=\"1348\" \/><strong data-start=\"1348\" data-end=\"1361\">Quantitat:<\/strong> 1 unidad. El precio es por una unidad.<br data-start=\"1400\" data-end=\"1403\" \/><strong data-start=\"1403\" data-end=\"1413\">Talla:<\/strong> Anillo ajustable.<br data-start=\"1431\" data-end=\"1434\" \/><strong data-start=\"1434\" data-end=\"1444\">Forma:<\/strong> Anillo.<\/p>","protected":false},"excerpt":{"rendered":"<p data-start=\"275\" data-end=\"490\">Este cautivador <strong data-start=\"291\" data-end=\"346\">anillo ajustable de Labradorita en plata de ley 925<\/strong> es una joya energ\u00e9tica de gran poder protector, ideal para quienes desean fortalecer su intuici\u00f3n y crear un escudo frente a energ\u00edas externas.<\/p>\n<p data-start=\"492\" data-end=\"850\">La L<strong data-start=\"495\" data-end=\"510\">abradorita<\/strong> es conocida como la piedra de la magia y la transformaci\u00f3n. Su iridiscencia natural simboliza la luz que emerge en los momentos de cambio, ayudando a proteger el campo energ\u00e9tico, potenciar la intuici\u00f3n y despertar habilidades interiores. Es una piedra muy utilizada por personas sensibles, emp\u00e1ticas o en procesos de crecimiento personal.<\/p>\n<p data-start=\"852\" data-end=\"1144\">La <strong data-start=\"855\" data-end=\"875\">plata de ley 925<\/strong>, metal vinculado a la energ\u00eda lunar, potencia las propiedades de la Labradorita, aportando equilibrio emocional, protecci\u00f3n y conexi\u00f3n con la sabidur\u00eda interior. La combinaci\u00f3n de ambos crea una joya armonizadora, perfecta para llevar a diario como amuleto energ\u00e9tico.<\/p>\n<p data-start=\"1146\" data-end=\"1277\">Un anillo elegante y lleno de magia, pensado para acompa\u00f1arte en etapas de transformaci\u00f3n, protecci\u00f3n y expansi\u00f3n de la conciencia.<\/p>\n<p data-start=\"1279\" data-end=\"1452\"><strong data-start=\"1279\" data-end=\"1292\">Material:<\/strong> Plata de Ley 925.<br data-start=\"1310\" data-end=\"1313\" \/><strong data-start=\"1313\" data-end=\"1324\">Piedra:<\/strong> Labradorita natural.<br data-start=\"1345\" data-end=\"1348\" \/><strong data-start=\"1348\" data-end=\"1361\">Quantitat:<\/strong> 1 unidad. El precio es por una unidad.<br data-start=\"1400\" data-end=\"1403\" \/><strong data-start=\"1403\" data-end=\"1413\">Talla:<\/strong> Anillo ajustable.<br data-start=\"1431\" data-end=\"1434\" \/><strong data-start=\"1434\" data-end=\"1444\">Forma:<\/strong> Anillo.<\/p>","protected":false},"featured_media":9399,"template":"","meta":[],"product_cat":[139,105,70],"product_tag":[],"class_list":{"0":"post-9394","1":"product","2":"type-product","3":"status-publish","4":"has-post-thumbnail","6":"product_cat-anillos","7":"product_cat-colgantes","8":"product_cat-joyas-y-accesorios","10":"first","11":"instock","12":"taxable","13":"shipping-taxable","14":"purchasable","15":"product-type-simple"},"yoast_head":"<!-- This site is optimized with the Yoast SEO plugin v27.3 - https:\/\/yoast.com\/product\/yoast-seo-wordpress\/ -->\n<title>Anillo Ajustable de Labradorita en Plata | Protecci\u00f3n \u2013 Intuici\u00f3n - MINERALES LUNA LLENA<\/title>\n<meta name=\"robots\" content=\"index, follow, max-snippet:-1, max-image-preview:large, max-video-preview:-1\" \/>\n<link rel=\"canonical\" href=\"https:\/\/mineraleslunallena.com\/ca\/producte\/anillo-ajustable-de-labradorita-en-plata-proteccion-intuicion\/\" \/>\n<meta property=\"og:locale\" content=\"ca_ES\" \/>\n<meta property=\"og:type\" content=\"article\" \/>\n<meta property=\"og:title\" content=\"Anillo Ajustable de Labradorita en Plata | Protecci\u00f3n \u2013 Intuici\u00f3n - MINERALES LUNA LLENA\" \/>\n<meta property=\"og:description\" content=\"Este cautivador anillo ajustable de Labradorita en plata de ley 925 es una joya energ\u00e9tica de gran poder protector, ideal para quienes desean fortalecer su intuici\u00f3n y crear un escudo frente a energ\u00edas externas. La Labradorita es conocida como la piedra de la magia y la transformaci\u00f3n. Su iridiscencia natural simboliza la luz que emerge en los momentos de cambio, ayudando a proteger el campo energ\u00e9tico, potenciar la intuici\u00f3n y despertar habilidades interiores. Es una piedra muy utilizada por personas sensibles, emp\u00e1ticas o en procesos de crecimiento personal. La plata de ley 925, metal vinculado a la energ\u00eda lunar, potencia las propiedades de la Labradorita, aportando equilibrio emocional, protecci\u00f3n y conexi\u00f3n con la sabidur\u00eda interior. La combinaci\u00f3n de ambos crea una joya armonizadora, perfecta para llevar a diario como amuleto energ\u00e9tico. Un anillo elegante y lleno de magia, pensado para acompa\u00f1arte en etapas de transformaci\u00f3n, protecci\u00f3n y expansi\u00f3n de la conciencia. Material: Plata de Ley 925.Piedra: Labradorita natural.Cantidad: 1 unidad. El precio es por una unidad.Talla: Anillo ajustable.Forma: Anillo.\" \/>\n<meta property=\"og:url\" content=\"https:\/\/mineraleslunallena.com\/ca\/producte\/anillo-ajustable-de-labradorita-en-plata-proteccion-intuicion\/\" \/>\n<meta property=\"og:site_name\" content=\"MINERALES LUNA LLENA\" \/>\n<meta property=\"article:modified_time\" content=\"2025-12-22T22:46:43+00:00\" \/>\n<meta property=\"og:image\" content=\"https:\/\/mineraleslunallena.com\/wp-content\/uploads\/2025\/12\/IMG_20251222_151539-scaled.jpg\" \/>\n\t<meta property=\"og:image:width\" content=\"1153\" \/>\n\t<meta property=\"og:image:height\" content=\"2560\" \/>\n\t<meta property=\"og:image:type\" content=\"image\/jpeg\" \/>\n<meta name=\"twitter:card\" content=\"summary_large_image\" \/>\n<meta name=\"twitter:label1\" content=\"Temps estimat de lectura\" \/>\n\t<meta name=\"twitter:data1\" content=\"1 minut\" \/>\n<script type=\"application\/ld+json\" class=\"yoast-schema-graph\">{\"@context\":\"https:\\\/\\\/schema.org\",\"@graph\":[{\"@type\":\"WebPage\",\"@id\":\"https:\\\/\\\/mineraleslunallena.com\\\/producto\\\/anillo-ajustable-de-labradorita-en-plata-proteccion-intuicion\\\/\",\"url\":\"https:\\\/\\\/mineraleslunallena.com\\\/producto\\\/anillo-ajustable-de-labradorita-en-plata-proteccion-intuicion\\\/\",\"name\":\"Anillo Ajustable de Labradorita en Plata | Protecci\u00f3n \u2013 Intuici\u00f3n - MINERALES LUNA LLENA\",\"isPartOf\":{\"@id\":\"https:\\\/\\\/mineraleslunallena.com\\\/#website\"},\"primaryImageOfPage\":{\"@id\":\"https:\\\/\\\/mineraleslunallena.com\\\/producto\\\/anillo-ajustable-de-labradorita-en-plata-proteccion-intuicion\\\/#primaryimage\"},\"image\":{\"@id\":\"https:\\\/\\\/mineraleslunallena.com\\\/producto\\\/anillo-ajustable-de-labradorita-en-plata-proteccion-intuicion\\\/#primaryimage\"},\"thumbnailUrl\":\"https:\\\/\\\/mineraleslunallena.com\\\/wp-content\\\/uploads\\\/2025\\\/12\\\/IMG_20251222_151539-scaled.jpg\",\"datePublished\":\"2025-12-22T12:11:02+00:00\",\"dateModified\":\"2025-12-22T22:46:43+00:00\",\"breadcrumb\":{\"@id\":\"https:\\\/\\\/mineraleslunallena.com\\\/producto\\\/anillo-ajustable-de-labradorita-en-plata-proteccion-intuicion\\\/#breadcrumb\"},\"inLanguage\":\"ca\",\"potentialAction\":[{\"@type\":\"ReadAction\",\"target\":[\"https:\\\/\\\/mineraleslunallena.com\\\/producto\\\/anillo-ajustable-de-labradorita-en-plata-proteccion-intuicion\\\/\"]}]},{\"@type\":\"ImageObject\",\"inLanguage\":\"ca\",\"@id\":\"https:\\\/\\\/mineraleslunallena.com\\\/producto\\\/anillo-ajustable-de-labradorita-en-plata-proteccion-intuicion\\\/#primaryimage\",\"url\":\"https:\\\/\\\/mineraleslunallena.com\\\/wp-content\\\/uploads\\\/2025\\\/12\\\/IMG_20251222_151539-scaled.jpg\",\"contentUrl\":\"https:\\\/\\\/mineraleslunallena.com\\\/wp-content\\\/uploads\\\/2025\\\/12\\\/IMG_20251222_151539-scaled.jpg\",\"width\":1153,\"height\":2560},{\"@type\":\"BreadcrumbList\",\"@id\":\"https:\\\/\\\/mineraleslunallena.com\\\/producto\\\/anillo-ajustable-de-labradorita-en-plata-proteccion-intuicion\\\/#breadcrumb\",\"itemListElement\":[{\"@type\":\"ListItem\",\"position\":1,\"name\":\"Portada\",\"item\":\"https:\\\/\\\/mineraleslunallena.com\\\/\"},{\"@type\":\"ListItem\",\"position\":2,\"name\":\"Shop\",\"item\":\"https:\\\/\\\/mineraleslunallena.com\\\/ca\\\/shop\\\/\"},{\"@type\":\"ListItem\",\"position\":3,\"name\":\"Anillo Ajustable de Labradorita en Plata | Protecci\u00f3n \u2013 Intuici\u00f3n\"}]},{\"@type\":\"WebSite\",\"@id\":\"https:\\\/\\\/mineraleslunallena.com\\\/#website\",\"url\":\"https:\\\/\\\/mineraleslunallena.com\\\/\",\"name\":\"LUNA LLENA MINERALES\",\"description\":\"Es el momento de conectarte con tu propio poder y confiar en tus habilidades.\",\"publisher\":{\"@id\":\"https:\\\/\\\/mineraleslunallena.com\\\/#organization\"},\"potentialAction\":[{\"@type\":\"SearchAction\",\"target\":{\"@type\":\"EntryPoint\",\"urlTemplate\":\"https:\\\/\\\/mineraleslunallena.com\\\/?s={search_term_string}\"},\"query-input\":{\"@type\":\"PropertyValueSpecification\",\"valueRequired\":true,\"valueName\":\"search_term_string\"}}],\"inLanguage\":\"ca\"},{\"@type\":\"Organization\",\"@id\":\"https:\\\/\\\/mineraleslunallena.com\\\/#organization\",\"name\":\"LUNA LLENA MINERALES\",\"url\":\"https:\\\/\\\/mineraleslunallena.com\\\/\",\"logo\":{\"@type\":\"ImageObject\",\"inLanguage\":\"ca\",\"@id\":\"https:\\\/\\\/mineraleslunallena.com\\\/#\\\/schema\\\/logo\\\/image\\\/\",\"url\":\"https:\\\/\\\/mineraleslunallena.com\\\/wp-content\\\/uploads\\\/2023\\\/07\\\/LUNA-LLENA-LOGO-nuevo.png\",\"contentUrl\":\"https:\\\/\\\/mineraleslunallena.com\\\/wp-content\\\/uploads\\\/2023\\\/07\\\/LUNA-LLENA-LOGO-nuevo.png\",\"width\":229,\"height\":167,\"caption\":\"LUNA LLENA MINERALES\"},\"image\":{\"@id\":\"https:\\\/\\\/mineraleslunallena.com\\\/#\\\/schema\\\/logo\\\/image\\\/\"}}]}<\/script>\n<!-- \/ Yoast SEO plugin. -->","yoast_head_json":{"title":"Anillo Ajustable de Labradorita en Plata | Protecci\u00f3n \u2013 Intuici\u00f3n - MINERALES LUNA LLENA","robots":{"index":"index","follow":"follow","max-snippet":"max-snippet:-1","max-image-preview":"max-image-preview:large","max-video-preview":"max-video-preview:-1"},"canonical":"https:\/\/mineraleslunallena.com\/ca\/producte\/anillo-ajustable-de-labradorita-en-plata-proteccion-intuicion\/","og_locale":"ca_ES","og_type":"article","og_title":"Anillo Ajustable de Labradorita en Plata | Protecci\u00f3n \u2013 Intuici\u00f3n - MINERALES LUNA LLENA","og_description":"Este cautivador anillo ajustable de Labradorita en plata de ley 925 es una joya energ\u00e9tica de gran poder protector, ideal para quienes desean fortalecer su intuici\u00f3n y crear un escudo frente a energ\u00edas externas. La Labradorita es conocida como la piedra de la magia y la transformaci\u00f3n. Su iridiscencia natural simboliza la luz que emerge en los momentos de cambio, ayudando a proteger el campo energ\u00e9tico, potenciar la intuici\u00f3n y despertar habilidades interiores. Es una piedra muy utilizada por personas sensibles, emp\u00e1ticas o en procesos de crecimiento personal. La plata de ley 925, metal vinculado a la energ\u00eda lunar, potencia las propiedades de la Labradorita, aportando equilibrio emocional, protecci\u00f3n y conexi\u00f3n con la sabidur\u00eda interior. La combinaci\u00f3n de ambos crea una joya armonizadora, perfecta para llevar a diario como amuleto energ\u00e9tico. Un anillo elegante y lleno de magia, pensado para acompa\u00f1arte en etapas de transformaci\u00f3n, protecci\u00f3n y expansi\u00f3n de la conciencia. Material: Plata de Ley 925.Piedra: Labradorita natural.Cantidad: 1 unidad. El precio es por una unidad.Talla: Anillo ajustable.Forma: Anillo.","og_url":"https:\/\/mineraleslunallena.com\/ca\/producte\/anillo-ajustable-de-labradorita-en-plata-proteccion-intuicion\/","og_site_name":"MINERALES LUNA LLENA","article_modified_time":"2025-12-22T22:46:43+00:00","og_image":[{"width":1153,"height":2560,"url":"https:\/\/mineraleslunallena.com\/wp-content\/uploads\/2025\/12\/IMG_20251222_151539-scaled.jpg","type":"image\/jpeg"}],"twitter_card":"summary_large_image","twitter_misc":{"Temps estimat de lectura":"1 minut"},"schema":{"@context":"https:\/\/schema.org","@graph":[{"@type":"WebPage","@id":"https:\/\/mineraleslunallena.com\/producto\/anillo-ajustable-de-labradorita-en-plata-proteccion-intuicion\/","url":"https:\/\/mineraleslunallena.com\/producto\/anillo-ajustable-de-labradorita-en-plata-proteccion-intuicion\/","name":"Anillo Ajustable de Labradorita en Plata | Protecci\u00f3n \u2013 Intuici\u00f3n - MINERALES LUNA LLENA","isPartOf":{"@id":"https:\/\/mineraleslunallena.com\/#website"},"primaryImageOfPage":{"@id":"https:\/\/mineraleslunallena.com\/producto\/anillo-ajustable-de-labradorita-en-plata-proteccion-intuicion\/#primaryimage"},"image":{"@id":"https:\/\/mineraleslunallena.com\/producto\/anillo-ajustable-de-labradorita-en-plata-proteccion-intuicion\/#primaryimage"},"thumbnailUrl":"https:\/\/mineraleslunallena.com\/wp-content\/uploads\/2025\/12\/IMG_20251222_151539-scaled.jpg","datePublished":"2025-12-22T12:11:02+00:00","dateModified":"2025-12-22T22:46:43+00:00","breadcrumb":{"@id":"https:\/\/mineraleslunallena.com\/producto\/anillo-ajustable-de-labradorita-en-plata-proteccion-intuicion\/#breadcrumb"},"inLanguage":"ca","potentialAction":[{"@type":"ReadAction","target":["https:\/\/mineraleslunallena.com\/producto\/anillo-ajustable-de-labradorita-en-plata-proteccion-intuicion\/"]}]},{"@type":"ImageObject","inLanguage":"ca","@id":"https:\/\/mineraleslunallena.com\/producto\/anillo-ajustable-de-labradorita-en-plata-proteccion-intuicion\/#primaryimage","url":"https:\/\/mineraleslunallena.com\/wp-content\/uploads\/2025\/12\/IMG_20251222_151539-scaled.jpg","contentUrl":"https:\/\/mineraleslunallena.com\/wp-content\/uploads\/2025\/12\/IMG_20251222_151539-scaled.jpg","width":1153,"height":2560},{"@type":"BreadcrumbList","@id":"https:\/\/mineraleslunallena.com\/producto\/anillo-ajustable-de-labradorita-en-plata-proteccion-intuicion\/#breadcrumb","itemListElement":[{"@type":"ListItem","position":1,"name":"Portada","item":"https:\/\/mineraleslunallena.com\/"},{"@type":"ListItem","position":2,"name":"Shop","item":"https:\/\/mineraleslunallena.com\/ca\/shop\/"},{"@type":"ListItem","position":3,"name":"Anillo Ajustable de Labradorita en Plata | Protecci\u00f3n \u2013 Intuici\u00f3n"}]},{"@type":"WebSite","@id":"https:\/\/mineraleslunallena.com\/#website","url":"https:\/\/mineraleslunallena.com\/","name":"LLUNA PLENA MINERALS","description":"\u00c9s el moment de connectar-te amb el teu poder i confiar en les teves habilitats.","publisher":{"@id":"https:\/\/mineraleslunallena.com\/#organization"},"potentialAction":[{"@type":"SearchAction","target":{"@type":"EntryPoint","urlTemplate":"https:\/\/mineraleslunallena.com\/?s={search_term_string}"},"query-input":{"@type":"PropertyValueSpecification","valueRequired":true,"valueName":"search_term_string"}}],"inLanguage":"ca"},{"@type":"Organization","@id":"https:\/\/mineraleslunallena.com\/#organization","name":"LLUNA PLENA MINERALS","url":"https:\/\/mineraleslunallena.com\/","logo":{"@type":"ImageObject","inLanguage":"ca","@id":"https:\/\/mineraleslunallena.com\/#\/schema\/logo\/image\/","url":"https:\/\/mineraleslunallena.com\/wp-content\/uploads\/2023\/07\/LUNA-LLENA-LOGO-nuevo.png","contentUrl":"https:\/\/mineraleslunallena.com\/wp-content\/uploads\/2023\/07\/LUNA-LLENA-LOGO-nuevo.png","width":229,"height":167,"caption":"LUNA LLENA MINERALES"},"image":{"@id":"https:\/\/mineraleslunallena.com\/#\/schema\/logo\/image\/"}}]}},"jetpack_sharing_enabled":true,"_links":{"self":[{"href":"https:\/\/mineraleslunallena.com\/ca\/wp-json\/wp\/v2\/product\/9394","targetHints":{"allow":["GET"]}}],"collection":[{"href":"https:\/\/mineraleslunallena.com\/ca\/wp-json\/wp\/v2\/product"}],"about":[{"href":"https:\/\/mineraleslunallena.com\/ca\/wp-json\/wp\/v2\/types\/product"}],"version-history":[{"count":1,"href":"https:\/\/mineraleslunallena.com\/ca\/wp-json\/wp\/v2\/product\/9394\/revisions"}],"predecessor-version":[{"id":9397,"href":"https:\/\/mineraleslunallena.com\/ca\/wp-json\/wp\/v2\/product\/9394\/revisions\/9397"}],"wp:featuredmedia":[{"embeddable":true,"href":"https:\/\/mineraleslunallena.com\/ca\/wp-json\/wp\/v2\/media\/9399"}],"wp:attachment":[{"href":"https:\/\/mineraleslunallena.com\/ca\/wp-json\/wp\/v2\/media?parent=9394"}],"wp:term":[{"taxonomy":"product_cat","embeddable":true,"href":"https:\/\/mineraleslunallena.com\/ca\/wp-json\/wp\/v2\/product_cat?post=9394"},{"taxonomy":"product_tag","embeddable":true,"href":"https:\/\/mineraleslunallena.com\/ca\/wp-json\/wp\/v2\/product_tag?post=9394"}],"curies":[{"name":"wp","href":"https:\/\/api.w.org\/{rel}","templated":true}]}}