{"id":9702,"date":"2026-05-08T13:37:23","date_gmt":"2026-05-08T11:37:23","guid":{"rendered":"https:\/\/mineraleslunallena.com\/?post_type=product&#038;p=9702"},"modified":"2026-05-08T13:37:24","modified_gmt":"2026-05-08T11:37:24","slug":"incienso-palo-santo-salvia-y-ruda-limpieza-proteccion","status":"publish","type":"product","link":"https:\/\/mineraleslunallena.com\/ca\/producte\/incienso-palo-santo-salvia-y-ruda-limpieza-proteccion\/","title":{"rendered":"Incienso Palo Santo, Salvia y Ruda | Limpieza \u2013 Protecci\u00f3n"},"content":{"rendered":"<p class=\"isSelectedEnd\">El incienso de palo santo, salvia y ruda es ideal para quienes buscan una limpieza energ\u00e9tica profunda y protecci\u00f3n del ambiente. La combinaci\u00f3n de estas plantas sagradas ayuda a liberar energ\u00edas densas, armonizar espacios y aportar sensaci\u00f3n de calma, claridad y renovaci\u00f3n espiritual.<\/p>\n<p class=\"isSelectedEnd\">Perfecto para rituales de limpieza, protecci\u00f3n energ\u00e9tica, meditaci\u00f3n y para crear un ambiente de paz y equilibrio en el hogar.<\/p>\n<p class=\"isSelectedEnd\">Artesanal y natural<br \/>\nElaborado a mano con ingredientes naturales, aceites esenciales, resinas puras y una cuidada mezcla de palo santo, salvia y ruda. Cada varilla es vegana, sostenible y fabricada con respeto al medio ambiente y a las tradiciones ancestrales.<\/p>\n<p>\ud83c\udf3f Cada caja incluye elementos naturales relacionados con su energ\u00eda, potenciando la limpieza y la protecci\u00f3n en tu espacio.<\/p>","protected":false},"excerpt":{"rendered":"<p class=\"isSelectedEnd\">El incienso de palo santo, salvia y ruda es ideal para quienes buscan una limpieza energ\u00e9tica profunda y protecci\u00f3n del ambiente. La combinaci\u00f3n de estas plantas sagradas ayuda a liberar energ\u00edas densas, armonizar espacios y aportar sensaci\u00f3n de calma, claridad y renovaci\u00f3n espiritual.<\/p>\n<p class=\"isSelectedEnd\">Perfecto para rituales de limpieza, protecci\u00f3n energ\u00e9tica, meditaci\u00f3n y para crear un ambiente de paz y equilibrio en el hogar.<\/p>\n<p class=\"isSelectedEnd\">Artesanal y natural<br \/>\nElaborado a mano con ingredientes naturales, aceites esenciales, resinas puras y una cuidada mezcla de palo santo, salvia y ruda. Cada varilla es vegana, sostenible y fabricada con respeto al medio ambiente y a las tradiciones ancestrales.<\/p>\n<p>\ud83c\udf3f Cada caja incluye elementos naturales relacionados con su energ\u00eda, potenciando la limpieza y la protecci\u00f3n en tu espacio.<\/p>","protected":false},"featured_media":9703,"template":"","meta":[],"product_cat":[100,98],"product_tag":[],"class_list":{"0":"post-9702","1":"product","2":"type-product","3":"status-publish","4":"has-post-thumbnail","6":"product_cat-incienso-natural-en-varilla","7":"product_cat-incienso","9":"first","10":"instock","11":"sale","12":"taxable","13":"shipping-taxable","14":"purchasable","15":"product-type-simple"},"yoast_head":"<!-- This site is optimized with the Yoast SEO plugin v27.3 - https:\/\/yoast.com\/product\/yoast-seo-wordpress\/ -->\n<title>Incienso Palo Santo, Salvia y Ruda | Limpieza \u2013 Protecci\u00f3n - MINERALES LUNA LLENA<\/title>\n<meta name=\"robots\" content=\"index, follow, max-snippet:-1, max-image-preview:large, max-video-preview:-1\" \/>\n<link rel=\"canonical\" href=\"https:\/\/mineraleslunallena.com\/ca\/producte\/incienso-palo-santo-salvia-y-ruda-limpieza-proteccion\/\" \/>\n<meta property=\"og:locale\" content=\"ca_ES\" \/>\n<meta property=\"og:type\" content=\"article\" \/>\n<meta property=\"og:title\" content=\"Incienso Palo Santo, Salvia y Ruda | Limpieza \u2013 Protecci\u00f3n - MINERALES LUNA LLENA\" \/>\n<meta property=\"og:description\" content=\"El incienso de palo santo, salvia y ruda es ideal para quienes buscan una limpieza energ\u00e9tica profunda y protecci\u00f3n del ambiente. La combinaci\u00f3n de estas plantas sagradas ayuda a liberar energ\u00edas densas, armonizar espacios y aportar sensaci\u00f3n de calma, claridad y renovaci\u00f3n espiritual. Perfecto para rituales de limpieza, protecci\u00f3n energ\u00e9tica, meditaci\u00f3n y para crear un ambiente de paz y equilibrio en el hogar. Artesanal y natural Elaborado a mano con ingredientes naturales, aceites esenciales, resinas puras y una cuidada mezcla de palo santo, salvia y ruda. Cada varilla es vegana, sostenible y fabricada con respeto al medio ambiente y a las tradiciones ancestrales. \ud83c\udf3f Cada caja incluye elementos naturales relacionados con su energ\u00eda, potenciando la limpieza y la protecci\u00f3n en tu espacio.\" \/>\n<meta property=\"og:url\" content=\"https:\/\/mineraleslunallena.com\/ca\/producte\/incienso-palo-santo-salvia-y-ruda-limpieza-proteccion\/\" \/>\n<meta property=\"og:site_name\" content=\"MINERALES LUNA LLENA\" \/>\n<meta property=\"article:modified_time\" content=\"2026-05-08T11:37:24+00:00\" \/>\n<meta property=\"og:image\" content=\"https:\/\/mineraleslunallena.com\/wp-content\/uploads\/2026\/05\/incientso-trio-ruda-scaled.jpg\" \/>\n\t<meta property=\"og:image:width\" content=\"1153\" \/>\n\t<meta property=\"og:image:height\" content=\"2560\" \/>\n\t<meta property=\"og:image:type\" content=\"image\/jpeg\" \/>\n<meta name=\"twitter:card\" content=\"summary_large_image\" \/>\n<meta name=\"twitter:label1\" content=\"Temps estimat de lectura\" \/>\n\t<meta name=\"twitter:data1\" content=\"1 minut\" \/>\n<script type=\"application\/ld+json\" class=\"yoast-schema-graph\">{\"@context\":\"https:\\\/\\\/schema.org\",\"@graph\":[{\"@type\":\"WebPage\",\"@id\":\"https:\\\/\\\/mineraleslunallena.com\\\/producto\\\/incienso-palo-santo-salvia-y-ruda-limpieza-proteccion\\\/\",\"url\":\"https:\\\/\\\/mineraleslunallena.com\\\/producto\\\/incienso-palo-santo-salvia-y-ruda-limpieza-proteccion\\\/\",\"name\":\"Incienso Palo Santo, Salvia y Ruda | Limpieza \u2013 Protecci\u00f3n - MINERALES LUNA LLENA\",\"isPartOf\":{\"@id\":\"https:\\\/\\\/mineraleslunallena.com\\\/#website\"},\"primaryImageOfPage\":{\"@id\":\"https:\\\/\\\/mineraleslunallena.com\\\/producto\\\/incienso-palo-santo-salvia-y-ruda-limpieza-proteccion\\\/#primaryimage\"},\"image\":{\"@id\":\"https:\\\/\\\/mineraleslunallena.com\\\/producto\\\/incienso-palo-santo-salvia-y-ruda-limpieza-proteccion\\\/#primaryimage\"},\"thumbnailUrl\":\"https:\\\/\\\/mineraleslunallena.com\\\/wp-content\\\/uploads\\\/2026\\\/05\\\/incientso-trio-ruda-scaled.jpg\",\"datePublished\":\"2026-05-08T11:37:23+00:00\",\"dateModified\":\"2026-05-08T11:37:24+00:00\",\"breadcrumb\":{\"@id\":\"https:\\\/\\\/mineraleslunallena.com\\\/producto\\\/incienso-palo-santo-salvia-y-ruda-limpieza-proteccion\\\/#breadcrumb\"},\"inLanguage\":\"ca\",\"potentialAction\":[{\"@type\":\"ReadAction\",\"target\":[\"https:\\\/\\\/mineraleslunallena.com\\\/producto\\\/incienso-palo-santo-salvia-y-ruda-limpieza-proteccion\\\/\"]}]},{\"@type\":\"ImageObject\",\"inLanguage\":\"ca\",\"@id\":\"https:\\\/\\\/mineraleslunallena.com\\\/producto\\\/incienso-palo-santo-salvia-y-ruda-limpieza-proteccion\\\/#primaryimage\",\"url\":\"https:\\\/\\\/mineraleslunallena.com\\\/wp-content\\\/uploads\\\/2026\\\/05\\\/incientso-trio-ruda-scaled.jpg\",\"contentUrl\":\"https:\\\/\\\/mineraleslunallena.com\\\/wp-content\\\/uploads\\\/2026\\\/05\\\/incientso-trio-ruda-scaled.jpg\",\"width\":1153,\"height\":2560},{\"@type\":\"BreadcrumbList\",\"@id\":\"https:\\\/\\\/mineraleslunallena.com\\\/producto\\\/incienso-palo-santo-salvia-y-ruda-limpieza-proteccion\\\/#breadcrumb\",\"itemListElement\":[{\"@type\":\"ListItem\",\"position\":1,\"name\":\"Portada\",\"item\":\"https:\\\/\\\/mineraleslunallena.com\\\/\"},{\"@type\":\"ListItem\",\"position\":2,\"name\":\"Shop\",\"item\":\"https:\\\/\\\/mineraleslunallena.com\\\/ca\\\/shop\\\/\"},{\"@type\":\"ListItem\",\"position\":3,\"name\":\"Incienso Palo Santo, Salvia y Ruda | Limpieza \u2013 Protecci\u00f3n\"}]},{\"@type\":\"WebSite\",\"@id\":\"https:\\\/\\\/mineraleslunallena.com\\\/#website\",\"url\":\"https:\\\/\\\/mineraleslunallena.com\\\/\",\"name\":\"LUNA LLENA MINERALES\",\"description\":\"Es el momento de conectarte con tu propio poder y confiar en tus habilidades.\",\"publisher\":{\"@id\":\"https:\\\/\\\/mineraleslunallena.com\\\/#organization\"},\"potentialAction\":[{\"@type\":\"SearchAction\",\"target\":{\"@type\":\"EntryPoint\",\"urlTemplate\":\"https:\\\/\\\/mineraleslunallena.com\\\/?s={search_term_string}\"},\"query-input\":{\"@type\":\"PropertyValueSpecification\",\"valueRequired\":true,\"valueName\":\"search_term_string\"}}],\"inLanguage\":\"ca\"},{\"@type\":\"Organization\",\"@id\":\"https:\\\/\\\/mineraleslunallena.com\\\/#organization\",\"name\":\"LUNA LLENA MINERALES\",\"url\":\"https:\\\/\\\/mineraleslunallena.com\\\/\",\"logo\":{\"@type\":\"ImageObject\",\"inLanguage\":\"ca\",\"@id\":\"https:\\\/\\\/mineraleslunallena.com\\\/#\\\/schema\\\/logo\\\/image\\\/\",\"url\":\"https:\\\/\\\/mineraleslunallena.com\\\/wp-content\\\/uploads\\\/2023\\\/07\\\/LUNA-LLENA-LOGO-nuevo.png\",\"contentUrl\":\"https:\\\/\\\/mineraleslunallena.com\\\/wp-content\\\/uploads\\\/2023\\\/07\\\/LUNA-LLENA-LOGO-nuevo.png\",\"width\":229,\"height\":167,\"caption\":\"LUNA LLENA MINERALES\"},\"image\":{\"@id\":\"https:\\\/\\\/mineraleslunallena.com\\\/#\\\/schema\\\/logo\\\/image\\\/\"}}]}<\/script>\n<!-- \/ Yoast SEO plugin. -->","yoast_head_json":{"title":"Incienso Palo Santo, Salvia y Ruda | Limpieza \u2013 Protecci\u00f3n - MINERALES LUNA LLENA","robots":{"index":"index","follow":"follow","max-snippet":"max-snippet:-1","max-image-preview":"max-image-preview:large","max-video-preview":"max-video-preview:-1"},"canonical":"https:\/\/mineraleslunallena.com\/ca\/producte\/incienso-palo-santo-salvia-y-ruda-limpieza-proteccion\/","og_locale":"ca_ES","og_type":"article","og_title":"Incienso Palo Santo, Salvia y Ruda | Limpieza \u2013 Protecci\u00f3n - MINERALES LUNA LLENA","og_description":"El incienso de palo santo, salvia y ruda es ideal para quienes buscan una limpieza energ\u00e9tica profunda y protecci\u00f3n del ambiente. La combinaci\u00f3n de estas plantas sagradas ayuda a liberar energ\u00edas densas, armonizar espacios y aportar sensaci\u00f3n de calma, claridad y renovaci\u00f3n espiritual. Perfecto para rituales de limpieza, protecci\u00f3n energ\u00e9tica, meditaci\u00f3n y para crear un ambiente de paz y equilibrio en el hogar. Artesanal y natural Elaborado a mano con ingredientes naturales, aceites esenciales, resinas puras y una cuidada mezcla de palo santo, salvia y ruda. Cada varilla es vegana, sostenible y fabricada con respeto al medio ambiente y a las tradiciones ancestrales. \ud83c\udf3f Cada caja incluye elementos naturales relacionados con su energ\u00eda, potenciando la limpieza y la protecci\u00f3n en tu espacio.","og_url":"https:\/\/mineraleslunallena.com\/ca\/producte\/incienso-palo-santo-salvia-y-ruda-limpieza-proteccion\/","og_site_name":"MINERALES LUNA LLENA","article_modified_time":"2026-05-08T11:37:24+00:00","og_image":[{"width":1153,"height":2560,"url":"https:\/\/mineraleslunallena.com\/wp-content\/uploads\/2026\/05\/incientso-trio-ruda-scaled.jpg","type":"image\/jpeg"}],"twitter_card":"summary_large_image","twitter_misc":{"Temps estimat de lectura":"1 minut"},"schema":{"@context":"https:\/\/schema.org","@graph":[{"@type":"WebPage","@id":"https:\/\/mineraleslunallena.com\/producto\/incienso-palo-santo-salvia-y-ruda-limpieza-proteccion\/","url":"https:\/\/mineraleslunallena.com\/producto\/incienso-palo-santo-salvia-y-ruda-limpieza-proteccion\/","name":"Incienso Palo Santo, Salvia y Ruda | Limpieza \u2013 Protecci\u00f3n - MINERALES LUNA LLENA","isPartOf":{"@id":"https:\/\/mineraleslunallena.com\/#website"},"primaryImageOfPage":{"@id":"https:\/\/mineraleslunallena.com\/producto\/incienso-palo-santo-salvia-y-ruda-limpieza-proteccion\/#primaryimage"},"image":{"@id":"https:\/\/mineraleslunallena.com\/producto\/incienso-palo-santo-salvia-y-ruda-limpieza-proteccion\/#primaryimage"},"thumbnailUrl":"https:\/\/mineraleslunallena.com\/wp-content\/uploads\/2026\/05\/incientso-trio-ruda-scaled.jpg","datePublished":"2026-05-08T11:37:23+00:00","dateModified":"2026-05-08T11:37:24+00:00","breadcrumb":{"@id":"https:\/\/mineraleslunallena.com\/producto\/incienso-palo-santo-salvia-y-ruda-limpieza-proteccion\/#breadcrumb"},"inLanguage":"ca","potentialAction":[{"@type":"ReadAction","target":["https:\/\/mineraleslunallena.com\/producto\/incienso-palo-santo-salvia-y-ruda-limpieza-proteccion\/"]}]},{"@type":"ImageObject","inLanguage":"ca","@id":"https:\/\/mineraleslunallena.com\/producto\/incienso-palo-santo-salvia-y-ruda-limpieza-proteccion\/#primaryimage","url":"https:\/\/mineraleslunallena.com\/wp-content\/uploads\/2026\/05\/incientso-trio-ruda-scaled.jpg","contentUrl":"https:\/\/mineraleslunallena.com\/wp-content\/uploads\/2026\/05\/incientso-trio-ruda-scaled.jpg","width":1153,"height":2560},{"@type":"BreadcrumbList","@id":"https:\/\/mineraleslunallena.com\/producto\/incienso-palo-santo-salvia-y-ruda-limpieza-proteccion\/#breadcrumb","itemListElement":[{"@type":"ListItem","position":1,"name":"Portada","item":"https:\/\/mineraleslunallena.com\/"},{"@type":"ListItem","position":2,"name":"Shop","item":"https:\/\/mineraleslunallena.com\/ca\/shop\/"},{"@type":"ListItem","position":3,"name":"Incienso Palo Santo, Salvia y Ruda | Limpieza \u2013 Protecci\u00f3n"}]},{"@type":"WebSite","@id":"https:\/\/mineraleslunallena.com\/#website","url":"https:\/\/mineraleslunallena.com\/","name":"LLUNA PLENA MINERALS","description":"\u00c9s el moment de connectar-te amb el teu poder i confiar en les teves habilitats.","publisher":{"@id":"https:\/\/mineraleslunallena.com\/#organization"},"potentialAction":[{"@type":"SearchAction","target":{"@type":"EntryPoint","urlTemplate":"https:\/\/mineraleslunallena.com\/?s={search_term_string}"},"query-input":{"@type":"PropertyValueSpecification","valueRequired":true,"valueName":"search_term_string"}}],"inLanguage":"ca"},{"@type":"Organization","@id":"https:\/\/mineraleslunallena.com\/#organization","name":"LLUNA PLENA MINERALS","url":"https:\/\/mineraleslunallena.com\/","logo":{"@type":"ImageObject","inLanguage":"ca","@id":"https:\/\/mineraleslunallena.com\/#\/schema\/logo\/image\/","url":"https:\/\/mineraleslunallena.com\/wp-content\/uploads\/2023\/07\/LUNA-LLENA-LOGO-nuevo.png","contentUrl":"https:\/\/mineraleslunallena.com\/wp-content\/uploads\/2023\/07\/LUNA-LLENA-LOGO-nuevo.png","width":229,"height":167,"caption":"LUNA LLENA MINERALES"},"image":{"@id":"https:\/\/mineraleslunallena.com\/#\/schema\/logo\/image\/"}}]}},"jetpack_sharing_enabled":true,"_links":{"self":[{"href":"https:\/\/mineraleslunallena.com\/ca\/wp-json\/wp\/v2\/product\/9702","targetHints":{"allow":["GET"]}}],"collection":[{"href":"https:\/\/mineraleslunallena.com\/ca\/wp-json\/wp\/v2\/product"}],"about":[{"href":"https:\/\/mineraleslunallena.com\/ca\/wp-json\/wp\/v2\/types\/product"}],"version-history":[{"count":1,"href":"https:\/\/mineraleslunallena.com\/ca\/wp-json\/wp\/v2\/product\/9702\/revisions"}],"predecessor-version":[{"id":9704,"href":"https:\/\/mineraleslunallena.com\/ca\/wp-json\/wp\/v2\/product\/9702\/revisions\/9704"}],"wp:featuredmedia":[{"embeddable":true,"href":"https:\/\/mineraleslunallena.com\/ca\/wp-json\/wp\/v2\/media\/9703"}],"wp:attachment":[{"href":"https:\/\/mineraleslunallena.com\/ca\/wp-json\/wp\/v2\/media?parent=9702"}],"wp:term":[{"taxonomy":"product_cat","embeddable":true,"href":"https:\/\/mineraleslunallena.com\/ca\/wp-json\/wp\/v2\/product_cat?post=9702"},{"taxonomy":"product_tag","embeddable":true,"href":"https:\/\/mineraleslunallena.com\/ca\/wp-json\/wp\/v2\/product_tag?post=9702"}],"curies":[{"name":"wp","href":"https:\/\/api.w.org\/{rel}","templated":true}]}}