{"id":9705,"date":"2026-05-08T13:44:59","date_gmt":"2026-05-08T11:44:59","guid":{"rendered":"https:\/\/mineraleslunallena.com\/?post_type=product&#038;p=9705"},"modified":"2026-05-08T13:44:59","modified_gmt":"2026-05-08T11:44:59","slug":"incienso-palo-santo-salvia-y-canela-armonia-abundancia","status":"publish","type":"product","link":"https:\/\/mineraleslunallena.com\/ca\/producte\/incienso-palo-santo-salvia-y-canela-armonia-abundancia\/","title":{"rendered":"Incienso Palo Santo, Salvia y Canela | Armon\u00eda \u2013 Abundancia"},"content":{"rendered":"<p class=\"isSelectedEnd\">El incienso de palo santo, salvia y canela es ideal para quienes buscan limpiar energ\u00edas negativas y atraer armon\u00eda, bienestar y prosperidad. La uni\u00f3n de estas esencias ayuda a renovar el ambiente, elevar la energ\u00eda y aportar calidez emocional, creando una sensaci\u00f3n de paz y equilibrio.<\/p>\n<p class=\"isSelectedEnd\">Perfecto para rituales de abundancia, limpieza energ\u00e9tica, meditaci\u00f3n y momentos de conexi\u00f3n personal.<\/p>\n<p class=\"isSelectedEnd\">Artesanal y natural<br \/>\nElaborado a mano con ingredientes naturales, aceites esenciales, resinas puras y una cuidada mezcla de palo santo, salvia y canela. Cada varilla es vegana, sostenible y fabricada con respeto al medio ambiente y a las tradiciones ancestrales.<\/p>\n<p>\u2728 Cada caja incluye elementos naturales relacionados con su energ\u00eda, potenciando la armon\u00eda y las buenas vibraciones en tu espacio.<\/p>","protected":false},"excerpt":{"rendered":"<p class=\"isSelectedEnd\">El incienso de palo santo, salvia y canela es ideal para quienes buscan limpiar energ\u00edas negativas y atraer armon\u00eda, bienestar y prosperidad. La uni\u00f3n de estas esencias ayuda a renovar el ambiente, elevar la energ\u00eda y aportar calidez emocional, creando una sensaci\u00f3n de paz y equilibrio.<\/p>\n<p class=\"isSelectedEnd\">Perfecto para rituales de abundancia, limpieza energ\u00e9tica, meditaci\u00f3n y momentos de conexi\u00f3n personal.<\/p>\n<p class=\"isSelectedEnd\">Artesanal y natural<br \/>\nElaborado a mano con ingredientes naturales, aceites esenciales, resinas puras y una cuidada mezcla de palo santo, salvia y canela. Cada varilla es vegana, sostenible y fabricada con respeto al medio ambiente y a las tradiciones ancestrales.<\/p>\n<p>\u2728 Cada caja incluye elementos naturales relacionados con su energ\u00eda, potenciando la armon\u00eda y las buenas vibraciones en tu espacio.<\/p>","protected":false},"featured_media":9707,"template":"","meta":[],"product_cat":[100,98],"product_tag":[],"class_list":{"0":"post-9705","1":"product","2":"type-product","3":"status-publish","4":"has-post-thumbnail","6":"product_cat-incienso-natural-en-varilla","7":"product_cat-incienso","9":"first","10":"instock","11":"sale","12":"taxable","13":"shipping-taxable","14":"purchasable","15":"product-type-simple"},"yoast_head":"<!-- This site is optimized with the Yoast SEO plugin v27.3 - https:\/\/yoast.com\/product\/yoast-seo-wordpress\/ -->\n<title>Incienso Palo Santo, Salvia y Canela | Armon\u00eda \u2013 Abundancia - MINERALES LUNA LLENA<\/title>\n<meta name=\"robots\" content=\"index, follow, max-snippet:-1, max-image-preview:large, max-video-preview:-1\" \/>\n<link rel=\"canonical\" href=\"https:\/\/mineraleslunallena.com\/ca\/producte\/incienso-palo-santo-salvia-y-canela-armonia-abundancia\/\" \/>\n<meta property=\"og:locale\" content=\"ca_ES\" \/>\n<meta property=\"og:type\" content=\"article\" \/>\n<meta property=\"og:title\" content=\"Incienso Palo Santo, Salvia y Canela | Armon\u00eda \u2013 Abundancia - MINERALES LUNA LLENA\" \/>\n<meta property=\"og:description\" content=\"El incienso de palo santo, salvia y canela es ideal para quienes buscan limpiar energ\u00edas negativas y atraer armon\u00eda, bienestar y prosperidad. La uni\u00f3n de estas esencias ayuda a renovar el ambiente, elevar la energ\u00eda y aportar calidez emocional, creando una sensaci\u00f3n de paz y equilibrio. Perfecto para rituales de abundancia, limpieza energ\u00e9tica, meditaci\u00f3n y momentos de conexi\u00f3n personal. Artesanal y natural Elaborado a mano con ingredientes naturales, aceites esenciales, resinas puras y una cuidada mezcla de palo santo, salvia y canela. Cada varilla es vegana, sostenible y fabricada con respeto al medio ambiente y a las tradiciones ancestrales. \u2728 Cada caja incluye elementos naturales relacionados con su energ\u00eda, potenciando la armon\u00eda y las buenas vibraciones en tu espacio.\" \/>\n<meta property=\"og:url\" content=\"https:\/\/mineraleslunallena.com\/ca\/producte\/incienso-palo-santo-salvia-y-canela-armonia-abundancia\/\" \/>\n<meta property=\"og:site_name\" content=\"MINERALES LUNA LLENA\" \/>\n<meta property=\"og:image\" content=\"https:\/\/mineraleslunallena.com\/wp-content\/uploads\/2026\/05\/inciensotriocanela-scaled.jpg\" \/>\n\t<meta property=\"og:image:width\" content=\"1153\" \/>\n\t<meta property=\"og:image:height\" content=\"2560\" \/>\n\t<meta property=\"og:image:type\" content=\"image\/jpeg\" \/>\n<meta name=\"twitter:card\" content=\"summary_large_image\" \/>\n<meta name=\"twitter:label1\" content=\"Temps estimat de lectura\" \/>\n\t<meta name=\"twitter:data1\" content=\"1 minut\" \/>\n<script type=\"application\/ld+json\" class=\"yoast-schema-graph\">{\"@context\":\"https:\\\/\\\/schema.org\",\"@graph\":[{\"@type\":\"WebPage\",\"@id\":\"https:\\\/\\\/mineraleslunallena.com\\\/producto\\\/incienso-palo-santo-salvia-y-canela-armonia-abundancia\\\/\",\"url\":\"https:\\\/\\\/mineraleslunallena.com\\\/producto\\\/incienso-palo-santo-salvia-y-canela-armonia-abundancia\\\/\",\"name\":\"Incienso Palo Santo, Salvia y Canela | Armon\u00eda \u2013 Abundancia - MINERALES LUNA LLENA\",\"isPartOf\":{\"@id\":\"https:\\\/\\\/mineraleslunallena.com\\\/#website\"},\"primaryImageOfPage\":{\"@id\":\"https:\\\/\\\/mineraleslunallena.com\\\/producto\\\/incienso-palo-santo-salvia-y-canela-armonia-abundancia\\\/#primaryimage\"},\"image\":{\"@id\":\"https:\\\/\\\/mineraleslunallena.com\\\/producto\\\/incienso-palo-santo-salvia-y-canela-armonia-abundancia\\\/#primaryimage\"},\"thumbnailUrl\":\"https:\\\/\\\/mineraleslunallena.com\\\/wp-content\\\/uploads\\\/2026\\\/05\\\/inciensotriocanela-scaled.jpg\",\"datePublished\":\"2026-05-08T11:44:59+00:00\",\"breadcrumb\":{\"@id\":\"https:\\\/\\\/mineraleslunallena.com\\\/producto\\\/incienso-palo-santo-salvia-y-canela-armonia-abundancia\\\/#breadcrumb\"},\"inLanguage\":\"ca\",\"potentialAction\":[{\"@type\":\"ReadAction\",\"target\":[\"https:\\\/\\\/mineraleslunallena.com\\\/producto\\\/incienso-palo-santo-salvia-y-canela-armonia-abundancia\\\/\"]}]},{\"@type\":\"ImageObject\",\"inLanguage\":\"ca\",\"@id\":\"https:\\\/\\\/mineraleslunallena.com\\\/producto\\\/incienso-palo-santo-salvia-y-canela-armonia-abundancia\\\/#primaryimage\",\"url\":\"https:\\\/\\\/mineraleslunallena.com\\\/wp-content\\\/uploads\\\/2026\\\/05\\\/inciensotriocanela-scaled.jpg\",\"contentUrl\":\"https:\\\/\\\/mineraleslunallena.com\\\/wp-content\\\/uploads\\\/2026\\\/05\\\/inciensotriocanela-scaled.jpg\",\"width\":1153,\"height\":2560},{\"@type\":\"BreadcrumbList\",\"@id\":\"https:\\\/\\\/mineraleslunallena.com\\\/producto\\\/incienso-palo-santo-salvia-y-canela-armonia-abundancia\\\/#breadcrumb\",\"itemListElement\":[{\"@type\":\"ListItem\",\"position\":1,\"name\":\"Portada\",\"item\":\"https:\\\/\\\/mineraleslunallena.com\\\/\"},{\"@type\":\"ListItem\",\"position\":2,\"name\":\"Shop\",\"item\":\"https:\\\/\\\/mineraleslunallena.com\\\/ca\\\/shop\\\/\"},{\"@type\":\"ListItem\",\"position\":3,\"name\":\"Incienso Palo Santo, Salvia y Canela | Armon\u00eda \u2013 Abundancia\"}]},{\"@type\":\"WebSite\",\"@id\":\"https:\\\/\\\/mineraleslunallena.com\\\/#website\",\"url\":\"https:\\\/\\\/mineraleslunallena.com\\\/\",\"name\":\"LUNA LLENA MINERALES\",\"description\":\"Es el momento de conectarte con tu propio poder y confiar en tus habilidades.\",\"publisher\":{\"@id\":\"https:\\\/\\\/mineraleslunallena.com\\\/#organization\"},\"potentialAction\":[{\"@type\":\"SearchAction\",\"target\":{\"@type\":\"EntryPoint\",\"urlTemplate\":\"https:\\\/\\\/mineraleslunallena.com\\\/?s={search_term_string}\"},\"query-input\":{\"@type\":\"PropertyValueSpecification\",\"valueRequired\":true,\"valueName\":\"search_term_string\"}}],\"inLanguage\":\"ca\"},{\"@type\":\"Organization\",\"@id\":\"https:\\\/\\\/mineraleslunallena.com\\\/#organization\",\"name\":\"LUNA LLENA MINERALES\",\"url\":\"https:\\\/\\\/mineraleslunallena.com\\\/\",\"logo\":{\"@type\":\"ImageObject\",\"inLanguage\":\"ca\",\"@id\":\"https:\\\/\\\/mineraleslunallena.com\\\/#\\\/schema\\\/logo\\\/image\\\/\",\"url\":\"https:\\\/\\\/mineraleslunallena.com\\\/wp-content\\\/uploads\\\/2023\\\/07\\\/LUNA-LLENA-LOGO-nuevo.png\",\"contentUrl\":\"https:\\\/\\\/mineraleslunallena.com\\\/wp-content\\\/uploads\\\/2023\\\/07\\\/LUNA-LLENA-LOGO-nuevo.png\",\"width\":229,\"height\":167,\"caption\":\"LUNA LLENA MINERALES\"},\"image\":{\"@id\":\"https:\\\/\\\/mineraleslunallena.com\\\/#\\\/schema\\\/logo\\\/image\\\/\"}}]}<\/script>\n<!-- \/ Yoast SEO plugin. -->","yoast_head_json":{"title":"Incienso Palo Santo, Salvia y Canela | Armon\u00eda \u2013 Abundancia - MINERALES LUNA LLENA","robots":{"index":"index","follow":"follow","max-snippet":"max-snippet:-1","max-image-preview":"max-image-preview:large","max-video-preview":"max-video-preview:-1"},"canonical":"https:\/\/mineraleslunallena.com\/ca\/producte\/incienso-palo-santo-salvia-y-canela-armonia-abundancia\/","og_locale":"ca_ES","og_type":"article","og_title":"Incienso Palo Santo, Salvia y Canela | Armon\u00eda \u2013 Abundancia - MINERALES LUNA LLENA","og_description":"El incienso de palo santo, salvia y canela es ideal para quienes buscan limpiar energ\u00edas negativas y atraer armon\u00eda, bienestar y prosperidad. La uni\u00f3n de estas esencias ayuda a renovar el ambiente, elevar la energ\u00eda y aportar calidez emocional, creando una sensaci\u00f3n de paz y equilibrio. Perfecto para rituales de abundancia, limpieza energ\u00e9tica, meditaci\u00f3n y momentos de conexi\u00f3n personal. Artesanal y natural Elaborado a mano con ingredientes naturales, aceites esenciales, resinas puras y una cuidada mezcla de palo santo, salvia y canela. Cada varilla es vegana, sostenible y fabricada con respeto al medio ambiente y a las tradiciones ancestrales. \u2728 Cada caja incluye elementos naturales relacionados con su energ\u00eda, potenciando la armon\u00eda y las buenas vibraciones en tu espacio.","og_url":"https:\/\/mineraleslunallena.com\/ca\/producte\/incienso-palo-santo-salvia-y-canela-armonia-abundancia\/","og_site_name":"MINERALES LUNA LLENA","og_image":[{"width":1153,"height":2560,"url":"https:\/\/mineraleslunallena.com\/wp-content\/uploads\/2026\/05\/inciensotriocanela-scaled.jpg","type":"image\/jpeg"}],"twitter_card":"summary_large_image","twitter_misc":{"Temps estimat de lectura":"1 minut"},"schema":{"@context":"https:\/\/schema.org","@graph":[{"@type":"WebPage","@id":"https:\/\/mineraleslunallena.com\/producto\/incienso-palo-santo-salvia-y-canela-armonia-abundancia\/","url":"https:\/\/mineraleslunallena.com\/producto\/incienso-palo-santo-salvia-y-canela-armonia-abundancia\/","name":"Incienso Palo Santo, Salvia y Canela | Armon\u00eda \u2013 Abundancia - MINERALES LUNA LLENA","isPartOf":{"@id":"https:\/\/mineraleslunallena.com\/#website"},"primaryImageOfPage":{"@id":"https:\/\/mineraleslunallena.com\/producto\/incienso-palo-santo-salvia-y-canela-armonia-abundancia\/#primaryimage"},"image":{"@id":"https:\/\/mineraleslunallena.com\/producto\/incienso-palo-santo-salvia-y-canela-armonia-abundancia\/#primaryimage"},"thumbnailUrl":"https:\/\/mineraleslunallena.com\/wp-content\/uploads\/2026\/05\/inciensotriocanela-scaled.jpg","datePublished":"2026-05-08T11:44:59+00:00","breadcrumb":{"@id":"https:\/\/mineraleslunallena.com\/producto\/incienso-palo-santo-salvia-y-canela-armonia-abundancia\/#breadcrumb"},"inLanguage":"ca","potentialAction":[{"@type":"ReadAction","target":["https:\/\/mineraleslunallena.com\/producto\/incienso-palo-santo-salvia-y-canela-armonia-abundancia\/"]}]},{"@type":"ImageObject","inLanguage":"ca","@id":"https:\/\/mineraleslunallena.com\/producto\/incienso-palo-santo-salvia-y-canela-armonia-abundancia\/#primaryimage","url":"https:\/\/mineraleslunallena.com\/wp-content\/uploads\/2026\/05\/inciensotriocanela-scaled.jpg","contentUrl":"https:\/\/mineraleslunallena.com\/wp-content\/uploads\/2026\/05\/inciensotriocanela-scaled.jpg","width":1153,"height":2560},{"@type":"BreadcrumbList","@id":"https:\/\/mineraleslunallena.com\/producto\/incienso-palo-santo-salvia-y-canela-armonia-abundancia\/#breadcrumb","itemListElement":[{"@type":"ListItem","position":1,"name":"Portada","item":"https:\/\/mineraleslunallena.com\/"},{"@type":"ListItem","position":2,"name":"Shop","item":"https:\/\/mineraleslunallena.com\/ca\/shop\/"},{"@type":"ListItem","position":3,"name":"Incienso Palo Santo, Salvia y Canela | Armon\u00eda \u2013 Abundancia"}]},{"@type":"WebSite","@id":"https:\/\/mineraleslunallena.com\/#website","url":"https:\/\/mineraleslunallena.com\/","name":"LLUNA PLENA MINERALS","description":"\u00c9s el moment de connectar-te amb el teu poder i confiar en les teves habilitats.","publisher":{"@id":"https:\/\/mineraleslunallena.com\/#organization"},"potentialAction":[{"@type":"SearchAction","target":{"@type":"EntryPoint","urlTemplate":"https:\/\/mineraleslunallena.com\/?s={search_term_string}"},"query-input":{"@type":"PropertyValueSpecification","valueRequired":true,"valueName":"search_term_string"}}],"inLanguage":"ca"},{"@type":"Organization","@id":"https:\/\/mineraleslunallena.com\/#organization","name":"LLUNA PLENA MINERALS","url":"https:\/\/mineraleslunallena.com\/","logo":{"@type":"ImageObject","inLanguage":"ca","@id":"https:\/\/mineraleslunallena.com\/#\/schema\/logo\/image\/","url":"https:\/\/mineraleslunallena.com\/wp-content\/uploads\/2023\/07\/LUNA-LLENA-LOGO-nuevo.png","contentUrl":"https:\/\/mineraleslunallena.com\/wp-content\/uploads\/2023\/07\/LUNA-LLENA-LOGO-nuevo.png","width":229,"height":167,"caption":"LUNA LLENA MINERALES"},"image":{"@id":"https:\/\/mineraleslunallena.com\/#\/schema\/logo\/image\/"}}]}},"jetpack_sharing_enabled":true,"_links":{"self":[{"href":"https:\/\/mineraleslunallena.com\/ca\/wp-json\/wp\/v2\/product\/9705","targetHints":{"allow":["GET"]}}],"collection":[{"href":"https:\/\/mineraleslunallena.com\/ca\/wp-json\/wp\/v2\/product"}],"about":[{"href":"https:\/\/mineraleslunallena.com\/ca\/wp-json\/wp\/v2\/types\/product"}],"version-history":[{"count":1,"href":"https:\/\/mineraleslunallena.com\/ca\/wp-json\/wp\/v2\/product\/9705\/revisions"}],"predecessor-version":[{"id":9708,"href":"https:\/\/mineraleslunallena.com\/ca\/wp-json\/wp\/v2\/product\/9705\/revisions\/9708"}],"wp:featuredmedia":[{"embeddable":true,"href":"https:\/\/mineraleslunallena.com\/ca\/wp-json\/wp\/v2\/media\/9707"}],"wp:attachment":[{"href":"https:\/\/mineraleslunallena.com\/ca\/wp-json\/wp\/v2\/media?parent=9705"}],"wp:term":[{"taxonomy":"product_cat","embeddable":true,"href":"https:\/\/mineraleslunallena.com\/ca\/wp-json\/wp\/v2\/product_cat?post=9705"},{"taxonomy":"product_tag","embeddable":true,"href":"https:\/\/mineraleslunallena.com\/ca\/wp-json\/wp\/v2\/product_tag?post=9705"}],"curies":[{"name":"wp","href":"https:\/\/api.w.org\/{rel}","templated":true}]}}