{"id":9717,"date":"2026-05-08T14:05:13","date_gmt":"2026-05-08T12:05:13","guid":{"rendered":"https:\/\/mineraleslunallena.com\/?post_type=product&#038;p=9717"},"modified":"2026-05-08T14:05:13","modified_gmt":"2026-05-08T12:05:13","slug":"bombitas-de-defumacion-crystal-scents-limpieza-energia-mineral","status":"publish","type":"product","link":"https:\/\/mineraleslunallena.com\/ca\/producte\/bombitas-de-defumacion-crystal-scents-limpieza-energia-mineral\/","title":{"rendered":"Bombitas de Defumaci\u00f3n Crystal Scents | Limpieza \u2013 Energ\u00eda Mineral"},"content":{"rendered":"<p class=\"isSelectedEnd\">\n<p class=\"isSelectedEnd\">Las bombitas de defumaci\u00f3n Crystal Scents son ideales para quienes buscan limpiar energ\u00edas, armonizar espacios y elevar la vibraci\u00f3n del entorno. Su humo arom\u00e1tico ayuda a purificar el ambiente, liberar cargas energ\u00e9ticas y crear una sensaci\u00f3n de equilibrio, protecci\u00f3n y bienestar.<\/p>\n<p class=\"isSelectedEnd\">Cada bombita est\u00e1 inspirada en la energ\u00eda de los minerales, potenciando diferentes intenciones seg\u00fan su vibraci\u00f3n:<\/p>\n<p class=\"isSelectedEnd\">AMATISTA, PIRITA, OJO DE TIGRE, CUARZO ROSA, TURMALINA, \u00c1GATA y AVENTURINA.<\/p>\n<p class=\"isSelectedEnd\">Perfectas para rituales de limpieza energ\u00e9tica, meditaci\u00f3n, protecci\u00f3n del hogar y preparaci\u00f3n de espacios antes de trabajos espirituales o uso de minerales.<\/p>\n<p class=\"isSelectedEnd\">Artesanal y natural<br \/>\nElaboradas con ingredientes naturales, resinas, hierbas y esencias arom\u00e1ticas de alta calidad. Cada bombita est\u00e1 dise\u00f1ada para una defumaci\u00f3n intensa y efectiva, respetando procesos tradicionales de purificaci\u00f3n energ\u00e9tica.<\/p>\n<p>\u2728 Cada caja incluye bombitas con energ\u00edas minerales diferentes, pensadas para potenciar la limpieza, la protecci\u00f3n y la armon\u00eda en tu espacio.<\/p>","protected":false},"excerpt":{"rendered":"<p class=\"isSelectedEnd\">Las bombitas de defumaci\u00f3n Crystal Scents son ideales para quienes buscan limpiar energ\u00edas, armonizar espacios y elevar la vibraci\u00f3n del entorno. Su humo arom\u00e1tico ayuda a purificar el ambiente, liberar cargas energ\u00e9ticas y crear una sensaci\u00f3n de equilibrio, protecci\u00f3n y bienestar.<\/p>\n<p class=\"isSelectedEnd\">Cada bombita est\u00e1 inspirada en la energ\u00eda de los minerales, potenciando diferentes intenciones seg\u00fan su vibraci\u00f3n:<\/p>\n<p class=\"isSelectedEnd\">AMATISTA, PIRITA, OJO DE TIGRE, CUARZO ROSA, TURMALINA, \u00c1GATA y AVENTURINA.<\/p>\n<p class=\"isSelectedEnd\">Perfectas para rituales de limpieza energ\u00e9tica, meditaci\u00f3n, protecci\u00f3n del hogar y preparaci\u00f3n de espacios antes de trabajos espirituales o uso de minerales.<\/p>\n<p class=\"isSelectedEnd\">Artesanal y natural<br \/>\nElaboradas con ingredientes naturales, resinas, hierbas y esencias arom\u00e1ticas de alta calidad. Cada bombita est\u00e1 dise\u00f1ada para una defumaci\u00f3n intensa y efectiva, respetando procesos tradicionales de purificaci\u00f3n energ\u00e9tica.<\/p>\n<p>\u2728 Cada caja incluye bombitas con energ\u00edas minerales diferentes, pensadas para potenciar la limpieza, la protecci\u00f3n y la armon\u00eda en tu espacio.<\/p>","protected":false},"featured_media":9718,"template":"","meta":[],"product_cat":[98,99],"product_tag":[],"class_list":{"0":"post-9717","1":"product","2":"type-product","3":"status-publish","4":"has-post-thumbnail","6":"product_cat-incienso","7":"product_cat-sahumerios","9":"first","10":"instock","11":"sale","12":"taxable","13":"shipping-taxable","14":"purchasable","15":"product-type-simple"},"yoast_head":"<!-- This site is optimized with the Yoast SEO plugin v27.3 - https:\/\/yoast.com\/product\/yoast-seo-wordpress\/ -->\n<title>Bombitas de Defumaci\u00f3n Crystal Scents | Limpieza \u2013 Energ\u00eda Mineral - MINERALES LUNA LLENA<\/title>\n<meta name=\"robots\" content=\"index, follow, max-snippet:-1, max-image-preview:large, max-video-preview:-1\" \/>\n<link rel=\"canonical\" href=\"https:\/\/mineraleslunallena.com\/ca\/producte\/bombitas-de-defumacion-crystal-scents-limpieza-energia-mineral\/\" \/>\n<meta property=\"og:locale\" content=\"ca_ES\" \/>\n<meta property=\"og:type\" content=\"article\" \/>\n<meta property=\"og:title\" content=\"Bombitas de Defumaci\u00f3n Crystal Scents | Limpieza \u2013 Energ\u00eda Mineral - MINERALES LUNA LLENA\" \/>\n<meta property=\"og:description\" content=\"Las bombitas de defumaci\u00f3n Crystal Scents son ideales para quienes buscan limpiar energ\u00edas, armonizar espacios y elevar la vibraci\u00f3n del entorno. Su humo arom\u00e1tico ayuda a purificar el ambiente, liberar cargas energ\u00e9ticas y crear una sensaci\u00f3n de equilibrio, protecci\u00f3n y bienestar. Cada bombita est\u00e1 inspirada en la energ\u00eda de los minerales, potenciando diferentes intenciones seg\u00fan su vibraci\u00f3n: AMATISTA, PIRITA, OJO DE TIGRE, CUARZO ROSA, TURMALINA, \u00c1GATA y AVENTURINA. Perfectas para rituales de limpieza energ\u00e9tica, meditaci\u00f3n, protecci\u00f3n del hogar y preparaci\u00f3n de espacios antes de trabajos espirituales o uso de minerales. Artesanal y natural Elaboradas con ingredientes naturales, resinas, hierbas y esencias arom\u00e1ticas de alta calidad. Cada bombita est\u00e1 dise\u00f1ada para una defumaci\u00f3n intensa y efectiva, respetando procesos tradicionales de purificaci\u00f3n energ\u00e9tica. \u2728 Cada caja incluye bombitas con energ\u00edas minerales diferentes, pensadas para potenciar la limpieza, la protecci\u00f3n y la armon\u00eda en tu espacio.\" \/>\n<meta property=\"og:url\" content=\"https:\/\/mineraleslunallena.com\/ca\/producte\/bombitas-de-defumacion-crystal-scents-limpieza-energia-mineral\/\" \/>\n<meta property=\"og:site_name\" content=\"MINERALES LUNA LLENA\" \/>\n<meta property=\"og:image\" content=\"https:\/\/mineraleslunallena.com\/wp-content\/uploads\/2026\/05\/bombadefumacion-cristales-scaled.jpg\" \/>\n\t<meta property=\"og:image:width\" content=\"1153\" \/>\n\t<meta property=\"og:image:height\" content=\"2560\" \/>\n\t<meta property=\"og:image:type\" content=\"image\/jpeg\" \/>\n<meta name=\"twitter:card\" content=\"summary_large_image\" \/>\n<meta name=\"twitter:label1\" content=\"Temps estimat de lectura\" \/>\n\t<meta name=\"twitter:data1\" content=\"1 minut\" \/>\n<script type=\"application\/ld+json\" class=\"yoast-schema-graph\">{\"@context\":\"https:\\\/\\\/schema.org\",\"@graph\":[{\"@type\":\"WebPage\",\"@id\":\"https:\\\/\\\/mineraleslunallena.com\\\/producto\\\/bombitas-de-defumacion-crystal-scents-limpieza-energia-mineral\\\/\",\"url\":\"https:\\\/\\\/mineraleslunallena.com\\\/producto\\\/bombitas-de-defumacion-crystal-scents-limpieza-energia-mineral\\\/\",\"name\":\"Bombitas de Defumaci\u00f3n Crystal Scents | Limpieza \u2013 Energ\u00eda Mineral - MINERALES LUNA LLENA\",\"isPartOf\":{\"@id\":\"https:\\\/\\\/mineraleslunallena.com\\\/#website\"},\"primaryImageOfPage\":{\"@id\":\"https:\\\/\\\/mineraleslunallena.com\\\/producto\\\/bombitas-de-defumacion-crystal-scents-limpieza-energia-mineral\\\/#primaryimage\"},\"image\":{\"@id\":\"https:\\\/\\\/mineraleslunallena.com\\\/producto\\\/bombitas-de-defumacion-crystal-scents-limpieza-energia-mineral\\\/#primaryimage\"},\"thumbnailUrl\":\"https:\\\/\\\/mineraleslunallena.com\\\/wp-content\\\/uploads\\\/2026\\\/05\\\/bombadefumacion-cristales-scaled.jpg\",\"datePublished\":\"2026-05-08T12:05:13+00:00\",\"breadcrumb\":{\"@id\":\"https:\\\/\\\/mineraleslunallena.com\\\/producto\\\/bombitas-de-defumacion-crystal-scents-limpieza-energia-mineral\\\/#breadcrumb\"},\"inLanguage\":\"ca\",\"potentialAction\":[{\"@type\":\"ReadAction\",\"target\":[\"https:\\\/\\\/mineraleslunallena.com\\\/producto\\\/bombitas-de-defumacion-crystal-scents-limpieza-energia-mineral\\\/\"]}]},{\"@type\":\"ImageObject\",\"inLanguage\":\"ca\",\"@id\":\"https:\\\/\\\/mineraleslunallena.com\\\/producto\\\/bombitas-de-defumacion-crystal-scents-limpieza-energia-mineral\\\/#primaryimage\",\"url\":\"https:\\\/\\\/mineraleslunallena.com\\\/wp-content\\\/uploads\\\/2026\\\/05\\\/bombadefumacion-cristales-scaled.jpg\",\"contentUrl\":\"https:\\\/\\\/mineraleslunallena.com\\\/wp-content\\\/uploads\\\/2026\\\/05\\\/bombadefumacion-cristales-scaled.jpg\",\"width\":1153,\"height\":2560},{\"@type\":\"BreadcrumbList\",\"@id\":\"https:\\\/\\\/mineraleslunallena.com\\\/producto\\\/bombitas-de-defumacion-crystal-scents-limpieza-energia-mineral\\\/#breadcrumb\",\"itemListElement\":[{\"@type\":\"ListItem\",\"position\":1,\"name\":\"Portada\",\"item\":\"https:\\\/\\\/mineraleslunallena.com\\\/\"},{\"@type\":\"ListItem\",\"position\":2,\"name\":\"Shop\",\"item\":\"https:\\\/\\\/mineraleslunallena.com\\\/ca\\\/shop\\\/\"},{\"@type\":\"ListItem\",\"position\":3,\"name\":\"Bombitas de Defumaci\u00f3n Crystal Scents | Limpieza \u2013 Energ\u00eda Mineral\"}]},{\"@type\":\"WebSite\",\"@id\":\"https:\\\/\\\/mineraleslunallena.com\\\/#website\",\"url\":\"https:\\\/\\\/mineraleslunallena.com\\\/\",\"name\":\"LUNA LLENA MINERALES\",\"description\":\"Es el momento de conectarte con tu propio poder y confiar en tus habilidades.\",\"publisher\":{\"@id\":\"https:\\\/\\\/mineraleslunallena.com\\\/#organization\"},\"potentialAction\":[{\"@type\":\"SearchAction\",\"target\":{\"@type\":\"EntryPoint\",\"urlTemplate\":\"https:\\\/\\\/mineraleslunallena.com\\\/?s={search_term_string}\"},\"query-input\":{\"@type\":\"PropertyValueSpecification\",\"valueRequired\":true,\"valueName\":\"search_term_string\"}}],\"inLanguage\":\"ca\"},{\"@type\":\"Organization\",\"@id\":\"https:\\\/\\\/mineraleslunallena.com\\\/#organization\",\"name\":\"LUNA LLENA MINERALES\",\"url\":\"https:\\\/\\\/mineraleslunallena.com\\\/\",\"logo\":{\"@type\":\"ImageObject\",\"inLanguage\":\"ca\",\"@id\":\"https:\\\/\\\/mineraleslunallena.com\\\/#\\\/schema\\\/logo\\\/image\\\/\",\"url\":\"https:\\\/\\\/mineraleslunallena.com\\\/wp-content\\\/uploads\\\/2023\\\/07\\\/LUNA-LLENA-LOGO-nuevo.png\",\"contentUrl\":\"https:\\\/\\\/mineraleslunallena.com\\\/wp-content\\\/uploads\\\/2023\\\/07\\\/LUNA-LLENA-LOGO-nuevo.png\",\"width\":229,\"height\":167,\"caption\":\"LUNA LLENA MINERALES\"},\"image\":{\"@id\":\"https:\\\/\\\/mineraleslunallena.com\\\/#\\\/schema\\\/logo\\\/image\\\/\"}}]}<\/script>\n<!-- \/ Yoast SEO plugin. -->","yoast_head_json":{"title":"Bombitas de Defumaci\u00f3n Crystal Scents | Limpieza \u2013 Energ\u00eda Mineral - MINERALES LUNA LLENA","robots":{"index":"index","follow":"follow","max-snippet":"max-snippet:-1","max-image-preview":"max-image-preview:large","max-video-preview":"max-video-preview:-1"},"canonical":"https:\/\/mineraleslunallena.com\/ca\/producte\/bombitas-de-defumacion-crystal-scents-limpieza-energia-mineral\/","og_locale":"ca_ES","og_type":"article","og_title":"Bombitas de Defumaci\u00f3n Crystal Scents | Limpieza \u2013 Energ\u00eda Mineral - MINERALES LUNA LLENA","og_description":"Las bombitas de defumaci\u00f3n Crystal Scents son ideales para quienes buscan limpiar energ\u00edas, armonizar espacios y elevar la vibraci\u00f3n del entorno. Su humo arom\u00e1tico ayuda a purificar el ambiente, liberar cargas energ\u00e9ticas y crear una sensaci\u00f3n de equilibrio, protecci\u00f3n y bienestar. Cada bombita est\u00e1 inspirada en la energ\u00eda de los minerales, potenciando diferentes intenciones seg\u00fan su vibraci\u00f3n: AMATISTA, PIRITA, OJO DE TIGRE, CUARZO ROSA, TURMALINA, \u00c1GATA y AVENTURINA. Perfectas para rituales de limpieza energ\u00e9tica, meditaci\u00f3n, protecci\u00f3n del hogar y preparaci\u00f3n de espacios antes de trabajos espirituales o uso de minerales. Artesanal y natural Elaboradas con ingredientes naturales, resinas, hierbas y esencias arom\u00e1ticas de alta calidad. Cada bombita est\u00e1 dise\u00f1ada para una defumaci\u00f3n intensa y efectiva, respetando procesos tradicionales de purificaci\u00f3n energ\u00e9tica. \u2728 Cada caja incluye bombitas con energ\u00edas minerales diferentes, pensadas para potenciar la limpieza, la protecci\u00f3n y la armon\u00eda en tu espacio.","og_url":"https:\/\/mineraleslunallena.com\/ca\/producte\/bombitas-de-defumacion-crystal-scents-limpieza-energia-mineral\/","og_site_name":"MINERALES LUNA LLENA","og_image":[{"width":1153,"height":2560,"url":"https:\/\/mineraleslunallena.com\/wp-content\/uploads\/2026\/05\/bombadefumacion-cristales-scaled.jpg","type":"image\/jpeg"}],"twitter_card":"summary_large_image","twitter_misc":{"Temps estimat de lectura":"1 minut"},"schema":{"@context":"https:\/\/schema.org","@graph":[{"@type":"WebPage","@id":"https:\/\/mineraleslunallena.com\/producto\/bombitas-de-defumacion-crystal-scents-limpieza-energia-mineral\/","url":"https:\/\/mineraleslunallena.com\/producto\/bombitas-de-defumacion-crystal-scents-limpieza-energia-mineral\/","name":"Bombitas de Defumaci\u00f3n Crystal Scents | Limpieza \u2013 Energ\u00eda Mineral - MINERALES LUNA LLENA","isPartOf":{"@id":"https:\/\/mineraleslunallena.com\/#website"},"primaryImageOfPage":{"@id":"https:\/\/mineraleslunallena.com\/producto\/bombitas-de-defumacion-crystal-scents-limpieza-energia-mineral\/#primaryimage"},"image":{"@id":"https:\/\/mineraleslunallena.com\/producto\/bombitas-de-defumacion-crystal-scents-limpieza-energia-mineral\/#primaryimage"},"thumbnailUrl":"https:\/\/mineraleslunallena.com\/wp-content\/uploads\/2026\/05\/bombadefumacion-cristales-scaled.jpg","datePublished":"2026-05-08T12:05:13+00:00","breadcrumb":{"@id":"https:\/\/mineraleslunallena.com\/producto\/bombitas-de-defumacion-crystal-scents-limpieza-energia-mineral\/#breadcrumb"},"inLanguage":"ca","potentialAction":[{"@type":"ReadAction","target":["https:\/\/mineraleslunallena.com\/producto\/bombitas-de-defumacion-crystal-scents-limpieza-energia-mineral\/"]}]},{"@type":"ImageObject","inLanguage":"ca","@id":"https:\/\/mineraleslunallena.com\/producto\/bombitas-de-defumacion-crystal-scents-limpieza-energia-mineral\/#primaryimage","url":"https:\/\/mineraleslunallena.com\/wp-content\/uploads\/2026\/05\/bombadefumacion-cristales-scaled.jpg","contentUrl":"https:\/\/mineraleslunallena.com\/wp-content\/uploads\/2026\/05\/bombadefumacion-cristales-scaled.jpg","width":1153,"height":2560},{"@type":"BreadcrumbList","@id":"https:\/\/mineraleslunallena.com\/producto\/bombitas-de-defumacion-crystal-scents-limpieza-energia-mineral\/#breadcrumb","itemListElement":[{"@type":"ListItem","position":1,"name":"Portada","item":"https:\/\/mineraleslunallena.com\/"},{"@type":"ListItem","position":2,"name":"Shop","item":"https:\/\/mineraleslunallena.com\/ca\/shop\/"},{"@type":"ListItem","position":3,"name":"Bombitas de Defumaci\u00f3n Crystal Scents | Limpieza \u2013 Energ\u00eda Mineral"}]},{"@type":"WebSite","@id":"https:\/\/mineraleslunallena.com\/#website","url":"https:\/\/mineraleslunallena.com\/","name":"LLUNA PLENA MINERALS","description":"\u00c9s el moment de connectar-te amb el teu poder i confiar en les teves habilitats.","publisher":{"@id":"https:\/\/mineraleslunallena.com\/#organization"},"potentialAction":[{"@type":"SearchAction","target":{"@type":"EntryPoint","urlTemplate":"https:\/\/mineraleslunallena.com\/?s={search_term_string}"},"query-input":{"@type":"PropertyValueSpecification","valueRequired":true,"valueName":"search_term_string"}}],"inLanguage":"ca"},{"@type":"Organization","@id":"https:\/\/mineraleslunallena.com\/#organization","name":"LLUNA PLENA MINERALS","url":"https:\/\/mineraleslunallena.com\/","logo":{"@type":"ImageObject","inLanguage":"ca","@id":"https:\/\/mineraleslunallena.com\/#\/schema\/logo\/image\/","url":"https:\/\/mineraleslunallena.com\/wp-content\/uploads\/2023\/07\/LUNA-LLENA-LOGO-nuevo.png","contentUrl":"https:\/\/mineraleslunallena.com\/wp-content\/uploads\/2023\/07\/LUNA-LLENA-LOGO-nuevo.png","width":229,"height":167,"caption":"LUNA LLENA MINERALES"},"image":{"@id":"https:\/\/mineraleslunallena.com\/#\/schema\/logo\/image\/"}}]}},"jetpack_sharing_enabled":true,"_links":{"self":[{"href":"https:\/\/mineraleslunallena.com\/ca\/wp-json\/wp\/v2\/product\/9717","targetHints":{"allow":["GET"]}}],"collection":[{"href":"https:\/\/mineraleslunallena.com\/ca\/wp-json\/wp\/v2\/product"}],"about":[{"href":"https:\/\/mineraleslunallena.com\/ca\/wp-json\/wp\/v2\/types\/product"}],"version-history":[{"count":1,"href":"https:\/\/mineraleslunallena.com\/ca\/wp-json\/wp\/v2\/product\/9717\/revisions"}],"predecessor-version":[{"id":9719,"href":"https:\/\/mineraleslunallena.com\/ca\/wp-json\/wp\/v2\/product\/9717\/revisions\/9719"}],"wp:featuredmedia":[{"embeddable":true,"href":"https:\/\/mineraleslunallena.com\/ca\/wp-json\/wp\/v2\/media\/9718"}],"wp:attachment":[{"href":"https:\/\/mineraleslunallena.com\/ca\/wp-json\/wp\/v2\/media?parent=9717"}],"wp:term":[{"taxonomy":"product_cat","embeddable":true,"href":"https:\/\/mineraleslunallena.com\/ca\/wp-json\/wp\/v2\/product_cat?post=9717"},{"taxonomy":"product_tag","embeddable":true,"href":"https:\/\/mineraleslunallena.com\/ca\/wp-json\/wp\/v2\/product_tag?post=9717"}],"curies":[{"name":"wp","href":"https:\/\/api.w.org\/{rel}","templated":true}]}}