{"id":9724,"date":"2026-05-08T14:35:31","date_gmt":"2026-05-08T12:35:31","guid":{"rendered":"https:\/\/mineraleslunallena.com\/?post_type=product&#038;p=9724"},"modified":"2026-05-08T14:35:31","modified_gmt":"2026-05-08T12:35:31","slug":"arbol-de-turmalina-con-base-de-pirita-proteccion-abundancia-equilibrio","status":"publish","type":"product","link":"https:\/\/mineraleslunallena.com\/ca\/producte\/arbol-de-turmalina-con-base-de-pirita-proteccion-abundancia-equilibrio\/","title":{"rendered":"\u00c1rbol de Turmalina con Base de Pirita | Protecci\u00f3n \u2013 Abundancia \u2013 Equilibrio"},"content":{"rendered":"<p class=\"isSelectedEnd\">Este \u00e1rbol de Turmalina con base de Pirita es una pieza energ\u00e9tica ideal para quienes buscan protecci\u00f3n, estabilidad y atracci\u00f3n de abundancia. La combinaci\u00f3n de la energ\u00eda protectora de la Turmalina negra con la fuerza de la Pirita crea un amuleto muy completo para el equilibrio energ\u00e9tico del hogar.<\/p>\n<p class=\"isSelectedEnd\">La Turmalina es conocida por su capacidad de protecci\u00f3n frente a energ\u00edas negativas, ayudando a limpiar y bloquear influencias externas no deseadas. La Pirita, por su parte, se asocia con la prosperidad, la motivaci\u00f3n y la atracci\u00f3n de abundancia.<\/p>\n<p class=\"isSelectedEnd\">Juntas forman una pieza perfecta para mantener el equilibrio entre protecci\u00f3n y \u00e9xito, aportando seguridad y confianza en el d\u00eda a d\u00eda.<\/p>\n<p class=\"isSelectedEnd\">Ideal para colocar en el hogar, despacho o espacio de trabajo, ayudando a crear un ambiente estable, protegido y enfocado en la prosperidad.<\/p>\n<p class=\"isSelectedEnd\">Artesanal y natural<br \/>\nElaborado a mano con piedras naturales de turmalina cuidadosamente montadas en forma de \u00e1rbol mineral sobre una base s\u00f3lida de pirita, respetando la energ\u00eda y forma original de los minerales.<\/p>\n<p>\ud83d\udda4\u2728 Cada \u00e1rbol incluye minerales reales de Turmalina y Pirita, potenciando la protecci\u00f3n, la estabilidad y la abundancia en tu espacio.<\/p>\n<p>&nbsp;<\/p>\n<p>Cantidad: 1 Unidad. El precio es por unidad.<br \/>\nTama\u00f1o: 13 cent\u00edmetros alto, 11 cent\u00edmetros de ancho aproximadamente.<br \/>\nForma: \u00c1rbol Mineral .<\/p>","protected":false},"excerpt":{"rendered":"<p class=\"isSelectedEnd\">Este \u00e1rbol de Turmalina con base de Pirita es una pieza energ\u00e9tica ideal para quienes buscan protecci\u00f3n, estabilidad y atracci\u00f3n de abundancia. La combinaci\u00f3n de la energ\u00eda protectora de la Turmalina negra con la fuerza de la Pirita crea un amuleto muy completo para el equilibrio energ\u00e9tico del hogar.<\/p>\n<p class=\"isSelectedEnd\">La Turmalina es conocida por su capacidad de protecci\u00f3n frente a energ\u00edas negativas, ayudando a limpiar y bloquear influencias externas no deseadas. La Pirita, por su parte, se asocia con la prosperidad, la motivaci\u00f3n y la atracci\u00f3n de abundancia.<\/p>\n<p class=\"isSelectedEnd\">Juntas forman una pieza perfecta para mantener el equilibrio entre protecci\u00f3n y \u00e9xito, aportando seguridad y confianza en el d\u00eda a d\u00eda.<\/p>\n<p class=\"isSelectedEnd\">Ideal para colocar en el hogar, despacho o espacio de trabajo, ayudando a crear un ambiente estable, protegido y enfocado en la prosperidad.<\/p>\n<p class=\"isSelectedEnd\">Artesanal y natural<br \/>\nElaborado a mano con piedras naturales de turmalina cuidadosamente montadas en forma de \u00e1rbol mineral sobre una base s\u00f3lida de pirita, respetando la energ\u00eda y forma original de los minerales.<\/p>\n<p>\ud83d\udda4\u2728 Cada \u00e1rbol incluye minerales reales de Turmalina y Pirita, potenciando la protecci\u00f3n, la estabilidad y la abundancia en tu espacio.<\/p>\n<p>&nbsp;<\/p>\n<p>Cantidad: 1 Unidad. El precio es por unidad.<br \/>\nTama\u00f1o: 13 cent\u00edmetros alto, 11 cent\u00edmetros de ancho aproximadamente.<br \/>\nForma: \u00c1rbol Mineral .<\/p>","protected":false},"featured_media":9725,"template":"","meta":[],"product_cat":[76,69],"product_tag":[],"class_list":{"0":"post-9724","1":"product","2":"type-product","3":"status-publish","4":"has-post-thumbnail","6":"product_cat-arboles-minerales","7":"product_cat-minerales","9":"first","10":"instock","11":"sale","12":"taxable","13":"shipping-taxable","14":"purchasable","15":"product-type-simple"},"yoast_head":"<!-- This site is optimized with the Yoast SEO plugin v27.3 - https:\/\/yoast.com\/product\/yoast-seo-wordpress\/ -->\n<title>\u00c1rbol de Turmalina con Base de Pirita | Protecci\u00f3n \u2013 Abundancia \u2013 Equilibrio - MINERALES LUNA LLENA<\/title>\n<meta name=\"robots\" content=\"index, follow, max-snippet:-1, max-image-preview:large, max-video-preview:-1\" \/>\n<link rel=\"canonical\" href=\"https:\/\/mineraleslunallena.com\/ca\/producte\/arbol-de-turmalina-con-base-de-pirita-proteccion-abundancia-equilibrio\/\" \/>\n<meta property=\"og:locale\" content=\"ca_ES\" \/>\n<meta property=\"og:type\" content=\"article\" \/>\n<meta property=\"og:title\" content=\"\u00c1rbol de Turmalina con Base de Pirita | Protecci\u00f3n \u2013 Abundancia \u2013 Equilibrio - MINERALES LUNA LLENA\" \/>\n<meta property=\"og:description\" content=\"Este \u00e1rbol de Turmalina con base de Pirita es una pieza energ\u00e9tica ideal para quienes buscan protecci\u00f3n, estabilidad y atracci\u00f3n de abundancia. La combinaci\u00f3n de la energ\u00eda protectora de la Turmalina negra con la fuerza de la Pirita crea un amuleto muy completo para el equilibrio energ\u00e9tico del hogar. La Turmalina es conocida por su capacidad de protecci\u00f3n frente a energ\u00edas negativas, ayudando a limpiar y bloquear influencias externas no deseadas. La Pirita, por su parte, se asocia con la prosperidad, la motivaci\u00f3n y la atracci\u00f3n de abundancia. Juntas forman una pieza perfecta para mantener el equilibrio entre protecci\u00f3n y \u00e9xito, aportando seguridad y confianza en el d\u00eda a d\u00eda. Ideal para colocar en el hogar, despacho o espacio de trabajo, ayudando a crear un ambiente estable, protegido y enfocado en la prosperidad. Artesanal y natural Elaborado a mano con piedras naturales de turmalina cuidadosamente montadas en forma de \u00e1rbol mineral sobre una base s\u00f3lida de pirita, respetando la energ\u00eda y forma original de los minerales. \ud83d\udda4\u2728 Cada \u00e1rbol incluye minerales reales de Turmalina y Pirita, potenciando la protecci\u00f3n, la estabilidad y la abundancia en tu espacio.  &nbsp;  Cantidad: 1 Unidad. El precio es por unidad. Tama\u00f1o: 13 cent\u00edmetros alto, 11 cent\u00edmetros de ancho aproximadamente. Forma: \u00c1rbol Mineral .\" \/>\n<meta property=\"og:url\" content=\"https:\/\/mineraleslunallena.com\/ca\/producte\/arbol-de-turmalina-con-base-de-pirita-proteccion-abundancia-equilibrio\/\" \/>\n<meta property=\"og:site_name\" content=\"MINERALES LUNA LLENA\" \/>\n<meta property=\"og:image\" content=\"https:\/\/mineraleslunallena.com\/wp-content\/uploads\/2026\/05\/arbol-turmalinapirita-scaled.jpg\" \/>\n\t<meta property=\"og:image:width\" content=\"1153\" \/>\n\t<meta property=\"og:image:height\" content=\"2560\" \/>\n\t<meta property=\"og:image:type\" content=\"image\/jpeg\" \/>\n<meta name=\"twitter:card\" content=\"summary_large_image\" \/>\n<meta name=\"twitter:label1\" content=\"Temps estimat de lectura\" \/>\n\t<meta name=\"twitter:data1\" content=\"2 minuts\" \/>\n<script type=\"application\/ld+json\" class=\"yoast-schema-graph\">{\"@context\":\"https:\\\/\\\/schema.org\",\"@graph\":[{\"@type\":\"WebPage\",\"@id\":\"https:\\\/\\\/mineraleslunallena.com\\\/producto\\\/arbol-de-turmalina-con-base-de-pirita-proteccion-abundancia-equilibrio\\\/\",\"url\":\"https:\\\/\\\/mineraleslunallena.com\\\/producto\\\/arbol-de-turmalina-con-base-de-pirita-proteccion-abundancia-equilibrio\\\/\",\"name\":\"\u00c1rbol de Turmalina con Base de Pirita | Protecci\u00f3n \u2013 Abundancia \u2013 Equilibrio - MINERALES LUNA LLENA\",\"isPartOf\":{\"@id\":\"https:\\\/\\\/mineraleslunallena.com\\\/#website\"},\"primaryImageOfPage\":{\"@id\":\"https:\\\/\\\/mineraleslunallena.com\\\/producto\\\/arbol-de-turmalina-con-base-de-pirita-proteccion-abundancia-equilibrio\\\/#primaryimage\"},\"image\":{\"@id\":\"https:\\\/\\\/mineraleslunallena.com\\\/producto\\\/arbol-de-turmalina-con-base-de-pirita-proteccion-abundancia-equilibrio\\\/#primaryimage\"},\"thumbnailUrl\":\"https:\\\/\\\/mineraleslunallena.com\\\/wp-content\\\/uploads\\\/2026\\\/05\\\/arbol-turmalinapirita-scaled.jpg\",\"datePublished\":\"2026-05-08T12:35:31+00:00\",\"breadcrumb\":{\"@id\":\"https:\\\/\\\/mineraleslunallena.com\\\/producto\\\/arbol-de-turmalina-con-base-de-pirita-proteccion-abundancia-equilibrio\\\/#breadcrumb\"},\"inLanguage\":\"ca\",\"potentialAction\":[{\"@type\":\"ReadAction\",\"target\":[\"https:\\\/\\\/mineraleslunallena.com\\\/producto\\\/arbol-de-turmalina-con-base-de-pirita-proteccion-abundancia-equilibrio\\\/\"]}]},{\"@type\":\"ImageObject\",\"inLanguage\":\"ca\",\"@id\":\"https:\\\/\\\/mineraleslunallena.com\\\/producto\\\/arbol-de-turmalina-con-base-de-pirita-proteccion-abundancia-equilibrio\\\/#primaryimage\",\"url\":\"https:\\\/\\\/mineraleslunallena.com\\\/wp-content\\\/uploads\\\/2026\\\/05\\\/arbol-turmalinapirita-scaled.jpg\",\"contentUrl\":\"https:\\\/\\\/mineraleslunallena.com\\\/wp-content\\\/uploads\\\/2026\\\/05\\\/arbol-turmalinapirita-scaled.jpg\",\"width\":1153,\"height\":2560},{\"@type\":\"BreadcrumbList\",\"@id\":\"https:\\\/\\\/mineraleslunallena.com\\\/producto\\\/arbol-de-turmalina-con-base-de-pirita-proteccion-abundancia-equilibrio\\\/#breadcrumb\",\"itemListElement\":[{\"@type\":\"ListItem\",\"position\":1,\"name\":\"Portada\",\"item\":\"https:\\\/\\\/mineraleslunallena.com\\\/\"},{\"@type\":\"ListItem\",\"position\":2,\"name\":\"Shop\",\"item\":\"https:\\\/\\\/mineraleslunallena.com\\\/ca\\\/shop\\\/\"},{\"@type\":\"ListItem\",\"position\":3,\"name\":\"\u00c1rbol de Turmalina con Base de Pirita | Protecci\u00f3n \u2013 Abundancia \u2013 Equilibrio\"}]},{\"@type\":\"WebSite\",\"@id\":\"https:\\\/\\\/mineraleslunallena.com\\\/#website\",\"url\":\"https:\\\/\\\/mineraleslunallena.com\\\/\",\"name\":\"LUNA LLENA MINERALES\",\"description\":\"Es el momento de conectarte con tu propio poder y confiar en tus habilidades.\",\"publisher\":{\"@id\":\"https:\\\/\\\/mineraleslunallena.com\\\/#organization\"},\"potentialAction\":[{\"@type\":\"SearchAction\",\"target\":{\"@type\":\"EntryPoint\",\"urlTemplate\":\"https:\\\/\\\/mineraleslunallena.com\\\/?s={search_term_string}\"},\"query-input\":{\"@type\":\"PropertyValueSpecification\",\"valueRequired\":true,\"valueName\":\"search_term_string\"}}],\"inLanguage\":\"ca\"},{\"@type\":\"Organization\",\"@id\":\"https:\\\/\\\/mineraleslunallena.com\\\/#organization\",\"name\":\"LUNA LLENA MINERALES\",\"url\":\"https:\\\/\\\/mineraleslunallena.com\\\/\",\"logo\":{\"@type\":\"ImageObject\",\"inLanguage\":\"ca\",\"@id\":\"https:\\\/\\\/mineraleslunallena.com\\\/#\\\/schema\\\/logo\\\/image\\\/\",\"url\":\"https:\\\/\\\/mineraleslunallena.com\\\/wp-content\\\/uploads\\\/2023\\\/07\\\/LUNA-LLENA-LOGO-nuevo.png\",\"contentUrl\":\"https:\\\/\\\/mineraleslunallena.com\\\/wp-content\\\/uploads\\\/2023\\\/07\\\/LUNA-LLENA-LOGO-nuevo.png\",\"width\":229,\"height\":167,\"caption\":\"LUNA LLENA MINERALES\"},\"image\":{\"@id\":\"https:\\\/\\\/mineraleslunallena.com\\\/#\\\/schema\\\/logo\\\/image\\\/\"}}]}<\/script>\n<!-- \/ Yoast SEO plugin. -->","yoast_head_json":{"title":"\u00c1rbol de Turmalina con Base de Pirita | Protecci\u00f3n \u2013 Abundancia \u2013 Equilibrio - MINERALES LUNA LLENA","robots":{"index":"index","follow":"follow","max-snippet":"max-snippet:-1","max-image-preview":"max-image-preview:large","max-video-preview":"max-video-preview:-1"},"canonical":"https:\/\/mineraleslunallena.com\/ca\/producte\/arbol-de-turmalina-con-base-de-pirita-proteccion-abundancia-equilibrio\/","og_locale":"ca_ES","og_type":"article","og_title":"\u00c1rbol de Turmalina con Base de Pirita | Protecci\u00f3n \u2013 Abundancia \u2013 Equilibrio - MINERALES LUNA LLENA","og_description":"Este \u00e1rbol de Turmalina con base de Pirita es una pieza energ\u00e9tica ideal para quienes buscan protecci\u00f3n, estabilidad y atracci\u00f3n de abundancia. La combinaci\u00f3n de la energ\u00eda protectora de la Turmalina negra con la fuerza de la Pirita crea un amuleto muy completo para el equilibrio energ\u00e9tico del hogar. La Turmalina es conocida por su capacidad de protecci\u00f3n frente a energ\u00edas negativas, ayudando a limpiar y bloquear influencias externas no deseadas. La Pirita, por su parte, se asocia con la prosperidad, la motivaci\u00f3n y la atracci\u00f3n de abundancia. Juntas forman una pieza perfecta para mantener el equilibrio entre protecci\u00f3n y \u00e9xito, aportando seguridad y confianza en el d\u00eda a d\u00eda. Ideal para colocar en el hogar, despacho o espacio de trabajo, ayudando a crear un ambiente estable, protegido y enfocado en la prosperidad. Artesanal y natural Elaborado a mano con piedras naturales de turmalina cuidadosamente montadas en forma de \u00e1rbol mineral sobre una base s\u00f3lida de pirita, respetando la energ\u00eda y forma original de los minerales. \ud83d\udda4\u2728 Cada \u00e1rbol incluye minerales reales de Turmalina y Pirita, potenciando la protecci\u00f3n, la estabilidad y la abundancia en tu espacio.  &nbsp;  Cantidad: 1 Unidad. El precio es por unidad. Tama\u00f1o: 13 cent\u00edmetros alto, 11 cent\u00edmetros de ancho aproximadamente. Forma: \u00c1rbol Mineral .","og_url":"https:\/\/mineraleslunallena.com\/ca\/producte\/arbol-de-turmalina-con-base-de-pirita-proteccion-abundancia-equilibrio\/","og_site_name":"MINERALES LUNA LLENA","og_image":[{"width":1153,"height":2560,"url":"https:\/\/mineraleslunallena.com\/wp-content\/uploads\/2026\/05\/arbol-turmalinapirita-scaled.jpg","type":"image\/jpeg"}],"twitter_card":"summary_large_image","twitter_misc":{"Temps estimat de lectura":"2 minuts"},"schema":{"@context":"https:\/\/schema.org","@graph":[{"@type":"WebPage","@id":"https:\/\/mineraleslunallena.com\/producto\/arbol-de-turmalina-con-base-de-pirita-proteccion-abundancia-equilibrio\/","url":"https:\/\/mineraleslunallena.com\/producto\/arbol-de-turmalina-con-base-de-pirita-proteccion-abundancia-equilibrio\/","name":"\u00c1rbol de Turmalina con Base de Pirita | Protecci\u00f3n \u2013 Abundancia \u2013 Equilibrio - MINERALES LUNA LLENA","isPartOf":{"@id":"https:\/\/mineraleslunallena.com\/#website"},"primaryImageOfPage":{"@id":"https:\/\/mineraleslunallena.com\/producto\/arbol-de-turmalina-con-base-de-pirita-proteccion-abundancia-equilibrio\/#primaryimage"},"image":{"@id":"https:\/\/mineraleslunallena.com\/producto\/arbol-de-turmalina-con-base-de-pirita-proteccion-abundancia-equilibrio\/#primaryimage"},"thumbnailUrl":"https:\/\/mineraleslunallena.com\/wp-content\/uploads\/2026\/05\/arbol-turmalinapirita-scaled.jpg","datePublished":"2026-05-08T12:35:31+00:00","breadcrumb":{"@id":"https:\/\/mineraleslunallena.com\/producto\/arbol-de-turmalina-con-base-de-pirita-proteccion-abundancia-equilibrio\/#breadcrumb"},"inLanguage":"ca","potentialAction":[{"@type":"ReadAction","target":["https:\/\/mineraleslunallena.com\/producto\/arbol-de-turmalina-con-base-de-pirita-proteccion-abundancia-equilibrio\/"]}]},{"@type":"ImageObject","inLanguage":"ca","@id":"https:\/\/mineraleslunallena.com\/producto\/arbol-de-turmalina-con-base-de-pirita-proteccion-abundancia-equilibrio\/#primaryimage","url":"https:\/\/mineraleslunallena.com\/wp-content\/uploads\/2026\/05\/arbol-turmalinapirita-scaled.jpg","contentUrl":"https:\/\/mineraleslunallena.com\/wp-content\/uploads\/2026\/05\/arbol-turmalinapirita-scaled.jpg","width":1153,"height":2560},{"@type":"BreadcrumbList","@id":"https:\/\/mineraleslunallena.com\/producto\/arbol-de-turmalina-con-base-de-pirita-proteccion-abundancia-equilibrio\/#breadcrumb","itemListElement":[{"@type":"ListItem","position":1,"name":"Portada","item":"https:\/\/mineraleslunallena.com\/"},{"@type":"ListItem","position":2,"name":"Shop","item":"https:\/\/mineraleslunallena.com\/ca\/shop\/"},{"@type":"ListItem","position":3,"name":"\u00c1rbol de Turmalina con Base de Pirita | Protecci\u00f3n \u2013 Abundancia \u2013 Equilibrio"}]},{"@type":"WebSite","@id":"https:\/\/mineraleslunallena.com\/#website","url":"https:\/\/mineraleslunallena.com\/","name":"LLUNA PLENA MINERALS","description":"\u00c9s el moment de connectar-te amb el teu poder i confiar en les teves habilitats.","publisher":{"@id":"https:\/\/mineraleslunallena.com\/#organization"},"potentialAction":[{"@type":"SearchAction","target":{"@type":"EntryPoint","urlTemplate":"https:\/\/mineraleslunallena.com\/?s={search_term_string}"},"query-input":{"@type":"PropertyValueSpecification","valueRequired":true,"valueName":"search_term_string"}}],"inLanguage":"ca"},{"@type":"Organization","@id":"https:\/\/mineraleslunallena.com\/#organization","name":"LLUNA PLENA MINERALS","url":"https:\/\/mineraleslunallena.com\/","logo":{"@type":"ImageObject","inLanguage":"ca","@id":"https:\/\/mineraleslunallena.com\/#\/schema\/logo\/image\/","url":"https:\/\/mineraleslunallena.com\/wp-content\/uploads\/2023\/07\/LUNA-LLENA-LOGO-nuevo.png","contentUrl":"https:\/\/mineraleslunallena.com\/wp-content\/uploads\/2023\/07\/LUNA-LLENA-LOGO-nuevo.png","width":229,"height":167,"caption":"LUNA LLENA MINERALES"},"image":{"@id":"https:\/\/mineraleslunallena.com\/#\/schema\/logo\/image\/"}}]}},"jetpack_sharing_enabled":true,"_links":{"self":[{"href":"https:\/\/mineraleslunallena.com\/ca\/wp-json\/wp\/v2\/product\/9724","targetHints":{"allow":["GET"]}}],"collection":[{"href":"https:\/\/mineraleslunallena.com\/ca\/wp-json\/wp\/v2\/product"}],"about":[{"href":"https:\/\/mineraleslunallena.com\/ca\/wp-json\/wp\/v2\/types\/product"}],"version-history":[{"count":1,"href":"https:\/\/mineraleslunallena.com\/ca\/wp-json\/wp\/v2\/product\/9724\/revisions"}],"predecessor-version":[{"id":9727,"href":"https:\/\/mineraleslunallena.com\/ca\/wp-json\/wp\/v2\/product\/9724\/revisions\/9727"}],"wp:featuredmedia":[{"embeddable":true,"href":"https:\/\/mineraleslunallena.com\/ca\/wp-json\/wp\/v2\/media\/9725"}],"wp:attachment":[{"href":"https:\/\/mineraleslunallena.com\/ca\/wp-json\/wp\/v2\/media?parent=9724"}],"wp:term":[{"taxonomy":"product_cat","embeddable":true,"href":"https:\/\/mineraleslunallena.com\/ca\/wp-json\/wp\/v2\/product_cat?post=9724"},{"taxonomy":"product_tag","embeddable":true,"href":"https:\/\/mineraleslunallena.com\/ca\/wp-json\/wp\/v2\/product_tag?post=9724"}],"curies":[{"name":"wp","href":"https:\/\/api.w.org\/{rel}","templated":true}]}}